{"id":12711,"date":"2021-07-23T11:06:42","date_gmt":"2021-07-23T09:06:42","guid":{"rendered":"https:\/\/www.pharmathek.com\/home-2021\/"},"modified":"2021-10-18T11:15:44","modified_gmt":"2021-10-18T09:15:44","slug":"home-2021","status":"publish","type":"page","link":"https:\/\/www.pharmathek.com\/be\/","title":{"rendered":"Home 2021"},"content":{"rendered":"<div class=\"wpb-content-wrapper\"><p>[vc_row el_class=&#8221;intro-box&#8221;][vc_column][vc_column_text]<\/p>\n<h2 class=\"title-home\" style=\"text-align: center;\">PHARMATHEK PR\u00c9SENTE LE SINTESI 3<sup>e<\/sup> G\u00c9N\u00c9RATION,<br \/>\nL\u2019\u00c9VOLUTION DE LA ROBOTIQUE EN PHARMACIE.<\/h2>\n<p style=\"text-align: center;\">Pharmathek pr\u00e9sente le SINTESI 3<sup>e<\/sup> g\u00e9n\u00e9ration, l\u2019\u00e9volution de la robotique d\u2019entrep\u00f4t qui combine de meilleures performances avec une exp\u00e9rience utilisateur avanc\u00e9e.<br \/>\nLa nouvelle interface utilisateur comprend des modes tactiles sur un nouvel \u00e9cran de grande taille et un syst\u00e8me de connectivit\u00e9 pour smartphone permettant un acc\u00e8s \u00e0 distance. Sintesi s\u2019int\u00e8gre parfaitement au flux de travail et \u00e0 l\u2019agencement de toute pharmacie, qu\u2019elle soit neuve ou en cours de r\u00e9novation : ses diff\u00e9rentes<br \/>\noptions de personnalisation et son grand choix de mat\u00e9riaux et de finitions qui peuvent \u00eatre combin\u00e9s avec le mobilier contribuent \u00e0 communiquer l\u2019identit\u00e9 de la pharmacie.<\/p>\n<p>[\/vc_column_text][vc_empty_space height=&#8221;64px&#8221;][\/vc_column][\/vc_row][vc_row][vc_column][vc_column_text el_class=&#8221;box-automazione&#8221;]<\/p>\n<p style=\"text-align: center;\"><a href=\"https:\/\/www.pharmathek.com\/be\/contacts\/\">VOUS VOULEZ AUTOMATISER VOTRE PHARMACIE ?<img loading=\"lazy\" decoding=\"async\" class=\"alignright size-full wp-image-12102\" src=\"http:\/\/www.pharmathek.com\/wp-content\/uploads\/2021\/07\/trio-frecce.png\" alt=\"\" width=\"127\" height=\"66\" \/><br \/>\n<strong>Contactez-nous pour recevoir plus d\u2019informations<\/strong><\/a><\/p>\n<p>[\/vc_column_text][\/vc_column][\/vc_row][vc_row][vc_column][vc_empty_space height=&#8221;64px&#8221;][vc_column_text]<\/p>\n<h2 class=\"title-home\" style=\"text-align: center;\">FAITES PASSER VOTRE ROBOT DE SYNTH\u00c8SE \u00c0 LA PUISSANCE MAXIMALE GR\u00c2CE \u00c0 <span class=\"arancio\">EUCLID3D<\/span> ET <span class=\"arancio\">PHARMALOAD<\/span><\/h2>\n<p>[\/vc_column_text][vc_empty_space height=&#8221;12,5px&#8221;][\/vc_column][\/vc_row][vc_row gap=&#8221;35&#8243; equal_height=&#8221;yes&#8221;][vc_column width=&#8221;1\/2&#8243; css=&#8221;.vc_custom_1627571736862{background-image: url(http:\/\/www.pharmathek.com\/wp-content\/uploads\/2021\/07\/CARRELLO-EUCLIDE_01_-scaled.jpg?id=12112) !important;}&#8221; el_class=&#8221;home-product-box home-product-box-left&#8221;][vc_column_text]<\/p>\n<div class=\"logo-container\"><img loading=\"lazy\" decoding=\"async\" class=\"product-logo alignleft wp-image-12119 size-full\" src=\"http:\/\/www.pharmathek.com\/wp-content\/uploads\/2021\/07\/euclided-home.png\" alt=\"\" width=\"963\" height=\"192\" srcset=\"https:\/\/www.pharmathek.com\/wp-content\/uploads\/2021\/07\/euclided-home.png 963w, https:\/\/www.pharmathek.com\/wp-content\/uploads\/2021\/07\/euclided-home-300x60.png 300w, https:\/\/www.pharmathek.com\/wp-content\/uploads\/2021\/07\/euclided-home-768x153.png 768w\" sizes=\"auto, (max-width: 963px) 100vw, 963px\" \/><\/div>\n<div class=\"bottom\"><a href=\"https:\/\/www.pharmathek.com\/be\/euclid3d\/\">D\u00e9couvrez le manipulateur dot\u00e9 d\u2019un dispositif de stockage temporaire qui r\u00e9duit les d\u00e9lais de livraison.<\/a><\/div>\n<p>[\/vc_column_text][\/vc_column][vc_column width=&#8221;1\/2&#8243; el_class=&#8221;home-product-box home-product-box-right&#8221; css=&#8221;.vc_custom_1627571746283{background-image: url(http:\/\/www.pharmathek.com\/wp-content\/uploads\/2021\/07\/PHARMALOAD.jpg?id=12126) !important;}&#8221;][vc_column_text]<\/p>\n<div class=\"logo-container\"><img loading=\"lazy\" decoding=\"async\" class=\"product-logo alignleft wp-image-12148 size-full\" src=\"http:\/\/www.pharmathek.com\/wp-content\/uploads\/2021\/07\/pharmaload-home-1.png\" alt=\"\" width=\"1469\" height=\"192\" srcset=\"https:\/\/www.pharmathek.com\/wp-content\/uploads\/2021\/07\/pharmaload-home-1.png 1469w, https:\/\/www.pharmathek.com\/wp-content\/uploads\/2021\/07\/pharmaload-home-1-300x39.png 300w, https:\/\/www.pharmathek.com\/wp-content\/uploads\/2021\/07\/pharmaload-home-1-1024x134.png 1024w, https:\/\/www.pharmathek.com\/wp-content\/uploads\/2021\/07\/pharmaload-home-1-768x100.png 768w\" sizes=\"auto, (max-width: 1469px) 100vw, 1469px\" \/><\/div>\n<div class=\"bottom\"><a href=\"https:\/\/www.pharmathek.com\/be\/pharmaload\/\">D\u00e9couvrez le chargeur automatique qui lit les dates de p\u00e9remption et charge jusqu\u2019\u00e0 300 bo\u00eetes par heure.<\/a><\/div>\n<p>[\/vc_column_text][\/vc_column][\/vc_row][vc_row][vc_column][vc_empty_space][\/vc_column][\/vc_row][vc_row el_class=&#8221;box-futuro&#8221;][vc_column width=&#8221;1\/2&#8243;][vc_single_image image=&#8221;12419&#8243; img_size=&#8221;full&#8221;][\/vc_column][vc_column width=&#8221;1\/2&#8243;][vc_column_text]<\/p>\n<h2 class=\"title-home\">LE FUTUR DE LA ROBOTISATION EN PHARMACIE RESIDE DANS NOTRE PRESENT<\/h2>\n<p>Pharmathek d\u00e9veloppe, fabrique et installe des robots adapt\u00e9s \u00e0 toutes les pharmacies.<br \/>\nInt\u00e9gr\u00e9e au Groupe Th.Kohl, cette entreprise a vu le jour gr\u00e2ce \u00e0 l\u2019ing\u00e9nieur Alexander Von Liechtenstein, passionn\u00e9 d\u2019automatisation et de robotique, ainsi qu\u2019\u00e0 une tr\u00e8s grande exp\u00e9rience dans la gestion des pharmacies italiennes. Elle occupe aujourd\u2019hui une position de leadership en Europe. Th.Kohl et Pharmathek connaissent la pharmacie depuis pr\u00e8s d\u2019un si\u00e8cle et ont aid\u00e9 des g\u00e9n\u00e9rations de pharmaciens \u00e0 s\u2019adapter \u00e0 la transformation permanente de leur profession.<\/p>\n<p class=\"btn-container\" style=\"text-align: right;\"><a class=\"clab-btn\" href=\"https:\/\/www.pharmathek.com\/be\/entreprise\/\">EN SAVOIR PLUS<\/a><\/p>\n<p>[\/vc_column_text][\/vc_column][\/vc_row][vc_row][vc_column][vc_empty_space][vc_column_text]<\/p>\n<h2 class=\"title-home\" style=\"text-align: center;\">LES DERNI\u00c8RES R\u00c9ALISATIONS<\/h2>\n<p>[\/vc_column_text][vc_empty_space height=&#8221;30px&#8221;][\/vc_column][\/vc_row][vc_row gap=&#8221;4&#8243; disable_element=&#8221;yes&#8221;][vc_column width=&#8221;1\/3&#8243; el_class=&#8221;box-realizzazione&#8221;][vc_single_image image=&#8221;11652&#8243; img_size=&#8221;full&#8221; el_class=&#8221;foto-farmacia&#8221;][vc_row_inner][vc_column_inner][vc_column_text]<img loading=\"lazy\" decoding=\"async\" class=\"alignleft size-medium wp-image-5264 dottore\" src=\"http:\/\/www.pharmathek.com\/wp-content\/uploads\/2019\/01\/comgiottoarezzo-dottoressa-256x300.png\" alt=\"\" width=\"256\" height=\"300\" srcset=\"https:\/\/www.pharmathek.com\/wp-content\/uploads\/2019\/01\/comgiottoarezzo-dottoressa-256x300.png 256w, https:\/\/www.pharmathek.com\/wp-content\/uploads\/2019\/01\/comgiottoarezzo-dottoressa.png 529w\" sizes=\"auto, (max-width: 256px) 100vw, 256px\" \/><span class=\"caption\">\u201cIl robot \u00e8 utilissimo per il controllo delle scadenze, dei lotti ritirati e per la sicurezza del prodotto in farmacia.\u201d<\/span>[\/vc_column_text][vc_column_text]<\/p>\n<div class=\"bottom\"><a href=\"#\">Dott.ssa Gloria Fiorini<br \/>\n<span class=\"lower\">Farmacia comunale Giotto &#8211; Arezzo<\/span><\/a><\/div>\n<p>[\/vc_column_text][\/vc_column_inner][\/vc_row_inner][\/vc_column][vc_column width=&#8221;1\/3&#8243; el_class=&#8221;box-realizzazione&#8221;][vc_single_image image=&#8221;10089&#8243; img_size=&#8221;full&#8221; el_class=&#8221;foto-farmacia&#8221;][vc_row_inner][vc_column_inner][vc_column_text]<span class=\"caption\">\u201cIl robot \u00e8 utilissimo per il controllo delle scadenze, dei lotti ritirati e per la sicurezza del prodotto in farmacia.\u201d<\/span>[\/vc_column_text][vc_column_text]<\/p>\n<div class=\"bottom\"><a href=\"#\">Farmacia Comunale<br \/>\n<span class=\"lower\">San Miniato Basso (PI)<\/span><\/a><\/div>\n<p>[\/vc_column_text][\/vc_column_inner][\/vc_row_inner][\/vc_column][vc_column width=&#8221;1\/3&#8243; el_class=&#8221;box-realizzazione&#8221;][vc_single_image image=&#8221;11652&#8243; img_size=&#8221;full&#8221; el_class=&#8221;foto-farmacia&#8221;][vc_row_inner][vc_column_inner][vc_column_text]<img loading=\"lazy\" decoding=\"async\" class=\"alignleft size-medium wp-image-5376 foto-dottore\" src=\"http:\/\/www.pharmathek.com\/wp-content\/uploads\/2019\/01\/morandi-dott-256x300.png\" alt=\"\" width=\"256\" height=\"300\" srcset=\"https:\/\/www.pharmathek.com\/wp-content\/uploads\/2019\/01\/morandi-dott-256x300.png 256w, https:\/\/www.pharmathek.com\/wp-content\/uploads\/2019\/01\/morandi-dott.png 529w\" sizes=\"auto, (max-width: 256px) 100vw, 256px\" \/><span class=\"caption\">\u201cIl robot \u00e8 utilissimo per il controllo delle scadenze, dei lotti ritirati e per la sicurezza del prodotto in farmacia.\u201d<\/span>[\/vc_column_text][vc_column_text]<\/p>\n<div class=\"bottom\"><a href=\"#\">Dott.ssa Gloria Fiorini<br \/>\n<span class=\"lower\">Farmacia comunale Giotto &#8211; Arezzo<\/span><\/a><\/div>\n<p>[\/vc_column_text][\/vc_column_inner][\/vc_row_inner][\/vc_column][\/vc_row][vc_row][vc_column][vc_basic_grid post_type=&#8221;page&#8221; max_items=&#8221;3&#8243; gap=&#8221;10&#8243; item=&#8221;13123&#8243; initial_loading_animation=&#8221;fadeInLeft&#8221; grid_id=&#8221;vc_gid:1634548514877-dcea2f07-6d7d-1&#8243; taxonomies=&#8221;77&#8243;][vc_empty_space height=&#8221;50px&#8221;][\/vc_column][\/vc_row][vc_row disable_element=&#8221;yes&#8221;][vc_column][vc_empty_space height=&#8221;64px&#8221;][vc_column_text]<\/p>\n<h2 class=\"title-home\" style=\"text-align: center;\">NOTIZIE DAL MONDO PHARMATHEK<\/h2>\n<p>[\/vc_column_text][vc_empty_space height=&#8221;30px&#8221;][\/vc_column][\/vc_row][vc_row disable_element=&#8221;yes&#8221;][vc_column width=&#8221;1\/12&#8243;][\/vc_column][vc_column width=&#8221;10\/12&#8243;][vc_basic_grid post_type=&#8221;post&#8221; max_items=&#8221;3&#8243; gap=&#8221;20&#8243; item=&#8221;1053&#8243; initial_loading_animation=&#8221;fadeInLeft&#8221; grid_id=&#8221;vc_gid:1634548514881-375f2708-5167-3&#8243; taxonomies=&#8221;21&#8243;][\/vc_column][vc_column width=&#8221;1\/12&#8243;][\/vc_column][\/vc_row]<\/p>\n<\/div>","protected":false},"excerpt":{"rendered":"<p>[vc_row el_class=&#8221;intro-box&#8221;][vc_column][vc_column_text] PHARMATHEK PR\u00c9SENTE LE SINTESI 3e G\u00c9N\u00c9RATION, L\u2019\u00c9VOLUTION DE LA ROBOTIQUE EN PHARMACIE. Pharmathek pr\u00e9sente le SINTESI 3e g\u00e9n\u00e9ration, l\u2019\u00e9volution de la robotique d\u2019entrep\u00f4t&hellip;<\/p>\n","protected":false},"author":1,"featured_media":0,"parent":0,"menu_order":0,"comment_status":"closed","ping_status":"closed","template":"","meta":{"inline_featured_image":false,"footnotes":""},"categories":[],"tags":[],"class_list":["post-12711","page","type-page","status-publish","hentry","description-off"],"_links":{"self":[{"href":"https:\/\/www.pharmathek.com\/be\/wp-json\/wp\/v2\/pages\/12711","targetHints":{"allow":["GET"]}}],"collection":[{"href":"https:\/\/www.pharmathek.com\/be\/wp-json\/wp\/v2\/pages"}],"about":[{"href":"https:\/\/www.pharmathek.com\/be\/wp-json\/wp\/v2\/types\/page"}],"author":[{"embeddable":true,"href":"https:\/\/www.pharmathek.com\/be\/wp-json\/wp\/v2\/users\/1"}],"replies":[{"embeddable":true,"href":"https:\/\/www.pharmathek.com\/be\/wp-json\/wp\/v2\/comments?post=12711"}],"version-history":[{"count":6,"href":"https:\/\/www.pharmathek.com\/be\/wp-json\/wp\/v2\/pages\/12711\/revisions"}],"predecessor-version":[{"id":13499,"href":"https:\/\/www.pharmathek.com\/be\/wp-json\/wp\/v2\/pages\/12711\/revisions\/13499"}],"wp:attachment":[{"href":"https:\/\/www.pharmathek.com\/be\/wp-json\/wp\/v2\/media?parent=12711"}],"wp:term":[{"taxonomy":"category","embeddable":true,"href":"https:\/\/www.pharmathek.com\/be\/wp-json\/wp\/v2\/categories?post=12711"},{"taxonomy":"post_tag","embeddable":true,"href":"https:\/\/www.pharmathek.com\/be\/wp-json\/wp\/v2\/tags?post=12711"}],"curies":[{"name":"wp","href":"https:\/\/api.w.org\/{rel}","templated":true}]}}