{"id":7450,"date":"2019-09-24T13:48:39","date_gmt":"2019-09-24T11:48:39","guid":{"rendered":"http:\/\/www.pharmathek.com\/clinica-punta-carretas\/"},"modified":"2020-06-26T10:44:14","modified_gmt":"2020-06-26T08:44:14","slug":"la-clinique-de-punta-carretas","status":"publish","type":"page","link":"https:\/\/www.pharmathek.com\/be\/la-clinique-de-punta-carretas\/","title":{"rendered":"La Clinique de Punta Carretas"},"content":{"rendered":"<div class=\"wpb-content-wrapper\"><p>[vc_row full_width=&#8221;stretch_row_content&#8221; equal_height=&#8221;yes&#8221; content_placement=&#8221;middle&#8221; bg_type=&#8221;bg_color&#8221; bg_override=&#8221;full&#8221; bg_color_value=&#8221;#eeeeef&#8221;][vc_column width=&#8221;1\/2&#8243; css=&#8221;.vc_custom_1527495412907{padding-right: 0px !important;padding-left: 0px !important;}&#8221; offset=&#8221;vc_hidden-md vc_hidden-sm vc_hidden-xs&#8221;][vc_single_image image=&#8221;6485&#8243; img_size=&#8221;full&#8221;][\/vc_column][vc_column width=&#8221;1\/2&#8243; css=&#8221;.vc_custom_1527495434052{padding-right: 100px !important;padding-left: 100px !important;}&#8221; offset=&#8221;vc_hidden-md vc_hidden-sm vc_hidden-xs&#8221;][vc_empty_space]<div id=\"ultimate-heading-199769f5cb2c11a9e\" class=\"uvc-heading ult-adjust-bottom-margin ultimate-heading-199769f5cb2c11a9e uvc-95 head-section-title uvc-heading-default-font-sizes\" data-hspacer=\"no_spacer\"  data-halign=\"center\" style=\"text-align:center\"><div class=\"uvc-heading-spacer no_spacer\" style=\"top\"><\/div><div class=\"uvc-main-heading ult-responsive\"  data-ultimate-target='.uvc-heading.ultimate-heading-199769f5cb2c11a9e p'  data-responsive-json-new='{\"font-size\":\"\",\"line-height\":\"\"}' ><p style=\"--font-weight:theme;\">LA CLINIQUE DE PUNTA CARRETAS<\/p><\/div><\/div>[vc_empty_space][vc_column_text el_class=&#8221;text-justify&#8221;]La Clinique de Punta Carretas est une clinique dot\u00e9e d\u2019une pharmacie \u00e0 la disposition des patients mais aussi des visiteurs du centre commercial auquel elle est rattach\u00e9e.<\/p>\n<p>Situ\u00e9e \u00e0 Montevideo, capitale de l\u2019Uruguay, cette pharmacie est g\u00e9r\u00e9e par l\u2019association Espa\u00f1ol et elle est la toute premi\u00e8re du pays \u00e0 s\u2019\u00eatre dot\u00e9e d\u2019un robot.<\/p>\n<p>La robotisation de la r\u00e9serve permet aux employ\u00e9s d\u2019avoir plus de temps pour le conseil au patient, tout en am\u00e9liorant le service th\u00e9rapeutique.[\/vc_column_text][vc_empty_space][\/vc_column][\/vc_row][vc_row full_width=&#8221;stretch_row_content&#8221; equal_height=&#8221;yes&#8221; content_placement=&#8221;middle&#8221; bg_type=&#8221;bg_color&#8221; bg_override=&#8221;full&#8221; bg_color_value=&#8221;#eeeeef&#8221;][vc_column css=&#8221;.vc_custom_1527495377321{padding-right: 0px !important;padding-left: 0px !important;}&#8221; el_class=&#8221;full-width-no-padding&#8221; offset=&#8221;vc_hidden-lg&#8221;][vc_single_image image=&#8221;6485&#8243; img_size=&#8221;full&#8221;][vc_empty_space]<div id=\"ultimate-heading-177169f5cb2c11b52\" class=\"uvc-heading ult-adjust-bottom-margin ultimate-heading-177169f5cb2c11b52 uvc-3360 head-section-title uvc-heading-default-font-sizes\" data-hspacer=\"no_spacer\"  data-halign=\"center\" style=\"text-align:center\"><div class=\"uvc-heading-spacer no_spacer\" style=\"top\"><\/div><div class=\"uvc-main-heading ult-responsive\"  data-ultimate-target='.uvc-heading.ultimate-heading-177169f5cb2c11b52 p'  data-responsive-json-new='{\"font-size\":\"\",\"line-height\":\"\"}' ><p style=\"--font-weight:theme;\">LA CLINIQUE DE PUNTA CARRETAS<\/p><\/div><\/div>[vc_empty_space][vc_column_text el_class=&#8221;text-justify&#8221;]La Clinique de Punta Carretas est une clinique dot\u00e9e d\u2019une pharmacie \u00e0 la disposition des patients mais aussi des visiteurs du centre commercial auquel elle est rattach\u00e9e.<\/p>\n<p>Situ\u00e9e \u00e0 Montevideo, capitale de l\u2019Uruguay, cette pharmacie est g\u00e9r\u00e9e par l\u2019association Espa\u00f1ol et elle est la toute premi\u00e8re du pays \u00e0 s\u2019\u00eatre dot\u00e9e d\u2019un robot.<\/p>\n<p>La robotisation de la r\u00e9serve permet aux employ\u00e9s d\u2019avoir plus de temps pour le conseil au patient, tout en am\u00e9liorant le service th\u00e9rapeutique.[\/vc_column_text][vc_empty_space][\/vc_column][\/vc_row][vc_row full_width=&#8221;stretch_row&#8221; bg_type=&#8221;bg_color&#8221; bg_override=&#8221;full&#8221; bg_color_value=&#8221;#ff6b00&#8243;][vc_column offset=&#8221;vc_hidden-md vc_hidden-sm vc_hidden-xs&#8221;][vc_empty_space height=&#8221;100px&#8221;]<div id=\"ultimate-heading-671369f5cb2c11bd4\" class=\"uvc-heading ult-adjust-bottom-margin ultimate-heading-671369f5cb2c11bd4 uvc-9583 head-section-title text-white uvc-heading-default-font-sizes\" data-hspacer=\"no_spacer\"  data-halign=\"center\" style=\"text-align:center\"><div class=\"uvc-heading-spacer no_spacer\" style=\"top\"><\/div><div class=\"uvc-main-heading ult-responsive\"  data-ultimate-target='.uvc-heading.ultimate-heading-671369f5cb2c11bd4 h2'  data-responsive-json-new='{\"font-size\":\"\",\"line-height\":\"\"}' ><h2 style=\"--font-weight:theme;\">LA VIDEO DE LA PHARMACIE<\/h2><\/div><\/div>[vc_empty_space height=&#8221;50px&#8221;][vc_video link=&#8221;https:\/\/youtu.be\/tWJ9m0pukNA&#8221; align=&#8221;center&#8221;][vc_empty_space height=&#8221;100px&#8221;][\/vc_column][\/vc_row][vc_row full_width=&#8221;stretch_row&#8221; bg_type=&#8221;bg_color&#8221; bg_override=&#8221;full&#8221; bg_color_value=&#8221;#ff6b00&#8243;][vc_column offset=&#8221;vc_hidden-lg&#8221;][vc_empty_space height=&#8221;50px&#8221;]<div id=\"ultimate-heading-223669f5cb2c11c4e\" class=\"uvc-heading ult-adjust-bottom-margin ultimate-heading-223669f5cb2c11c4e uvc-6786 head-section-title text-white uvc-heading-default-font-sizes\" data-hspacer=\"no_spacer\"  data-halign=\"center\" style=\"text-align:center\"><div class=\"uvc-heading-spacer no_spacer\" style=\"top\"><\/div><div class=\"uvc-main-heading ult-responsive\"  data-ultimate-target='.uvc-heading.ultimate-heading-223669f5cb2c11c4e h2'  data-responsive-json-new='{\"font-size\":\"\",\"line-height\":\"\"}' ><h2 style=\"--font-weight:theme;\">LA VIDEO DE LA PHARMACIE<\/h2><\/div><\/div>[vc_empty_space height=&#8221;50px&#8221;][vc_video link=&#8221;https:\/\/youtu.be\/tWJ9m0pukNA&#8221; align=&#8221;center&#8221;][vc_empty_space height=&#8221;50px&#8221;][\/vc_column][\/vc_row][vc_row full_width=&#8221;stretch_row&#8221; bg_type=&#8221;bg_color&#8221; bg_override=&#8221;full&#8221; bg_color_value=&#8221;#eeeeef&#8221;][vc_column offset=&#8221;vc_hidden-md vc_hidden-sm vc_hidden-xs&#8221;][vc_empty_space height=&#8221;100px&#8221;]<div id=\"ultimate-heading-344169f5cb2c11cc3\" class=\"uvc-heading ult-adjust-bottom-margin ultimate-heading-344169f5cb2c11cc3 uvc-7479 head-section-title uvc-heading-default-font-sizes\" data-hspacer=\"no_spacer\"  data-halign=\"center\" style=\"text-align:center\"><div class=\"uvc-heading-spacer no_spacer\" style=\"top\"><\/div><div class=\"uvc-main-heading ult-responsive\"  data-ultimate-target='.uvc-heading.ultimate-heading-344169f5cb2c11cc3 h2'  data-responsive-json-new='{\"font-size\":\"\",\"line-height\":\"\"}' ><h2 style=\"--font-weight:theme;\">GALLERY<\/h2><\/div><\/div>[vc_empty_space height=&#8221;50px&#8221;][vc_masonry_media_grid element_width=&#8221;3&#8243; gap=&#8221;10&#8243; grid_id=&#8221;vc_gid:1592580850657-142ab76e-92ce-4&#8243; include=&#8221;6512,6502,6507,6497&#8243;][vc_empty_space height=&#8221;100px&#8221;][\/vc_column][\/vc_row][vc_row full_width=&#8221;stretch_row&#8221; bg_type=&#8221;bg_color&#8221; bg_override=&#8221;full&#8221; bg_color_value=&#8221;#eeeeef&#8221;][vc_column offset=&#8221;vc_hidden-lg&#8221;][vc_empty_space height=&#8221;50px&#8221;]<div id=\"ultimate-heading-33069f5cb2c11d39\" class=\"uvc-heading ult-adjust-bottom-margin ultimate-heading-33069f5cb2c11d39 uvc-8904 head-section-title uvc-heading-default-font-sizes\" data-hspacer=\"no_spacer\"  data-halign=\"center\" style=\"text-align:center\"><div class=\"uvc-heading-spacer no_spacer\" style=\"top\"><\/div><div class=\"uvc-main-heading ult-responsive\"  data-ultimate-target='.uvc-heading.ultimate-heading-33069f5cb2c11d39 h2'  data-responsive-json-new='{\"font-size\":\"\",\"line-height\":\"\"}' ><h2 style=\"--font-weight:theme;\">GALLERY<\/h2><\/div><\/div>[vc_empty_space height=&#8221;50px&#8221;][vc_masonry_media_grid element_width=&#8221;3&#8243; gap=&#8221;10&#8243; grid_id=&#8221;vc_gid:1592580850664-841e9756-7139-4&#8243; include=&#8221;6512,6502,6507,6497&#8243;][vc_empty_space height=&#8221;50px&#8221;][\/vc_column][\/vc_row][vc_row full_width=&#8221;stretch_row&#8221; bg_type=&#8221;image&#8221; parallax_style=&#8221;vcpb-default&#8221; bg_image_new=&#8221;id^1166|url^http:\/\/www.pharmathek.com\/wp-content\/uploads\/2018\/03\/farmacia-specifiche-background.jpg|caption^null|alt^null|title^farmacia-specifiche-background|description^null&#8221; bg_image_repeat=&#8221;no-repeat&#8221; bg_override=&#8221;full&#8221;][vc_column][vc_empty_space height=&#8221;100px&#8221;]<div id=\"ultimate-heading-992369f5cb2c11dd7\" class=\"uvc-heading ult-adjust-bottom-margin ultimate-heading-992369f5cb2c11dd7 uvc-336 head-section-title text-white uvc-heading-default-font-sizes\" data-hspacer=\"no_spacer\"  data-halign=\"center\" style=\"text-align:center\"><div class=\"uvc-heading-spacer no_spacer\" style=\"top\"><\/div><div class=\"uvc-main-heading ult-responsive\"  data-ultimate-target='.uvc-heading.ultimate-heading-992369f5cb2c11dd7 h2'  data-responsive-json-new='{\"font-size\":\"\",\"line-height\":\"\"}' ><h2 style=\"--font-weight:theme;\">LE PROJET<\/h2><\/div><\/div>[vc_empty_space height=&#8221;50px&#8221;][vc_separator color=&#8221;white&#8221;][vc_separator color=&#8221;white&#8221;][vc_row_inner][vc_column_inner width=&#8221;1\/2&#8243;][vc_column_text el_class=&#8221;progetto-voci&#8221;]<span lang=\"FR\">SOLUTIONS PHARMATHEK <\/span>[\/vc_column_text][\/vc_column_inner][vc_column_inner width=&#8221;1\/2&#8243;][vc_column_text el_class=&#8221;progetto-voci-valori&#8221;]SINTESI + PHARMALOAD + EUCLID3D[\/vc_column_text][\/vc_column_inner][\/vc_row_inner][vc_separator color=&#8221;white&#8221;][vc_row_inner][vc_column_inner width=&#8221;1\/2&#8243;][vc_column_text el_class=&#8221;progetto-voci&#8221;]<span lang=\"FR\">DIMENSIONS ROBOT\u00a0\u00a0<\/span>[\/vc_column_text][\/vc_column_inner][vc_column_inner width=&#8221;1\/2&#8243;][vc_column_text el_class=&#8221;progetto-voci-valori&#8221;]L 8000 x H 4000 mm[\/vc_column_text][\/vc_column_inner][\/vc_row_inner][vc_separator color=&#8221;white&#8221;][vc_row_inner][vc_column_inner width=&#8221;1\/2&#8243;][vc_column_text el_class=&#8221;progetto-voci&#8221;]<span lang=\"FR\">CAPACITE BOITES<\/span>[\/vc_column_text][\/vc_column_inner][vc_column_inner width=&#8221;1\/2&#8243;][vc_column_text el_class=&#8221;progetto-voci-valori&#8221;]31.200[\/vc_column_text][\/vc_column_inner][\/vc_row_inner][vc_separator color=&#8221;white&#8221;][vc_row_inner][vc_column_inner width=&#8221;1\/2&#8243;][vc_column_text el_class=&#8221;progetto-voci&#8221;]<span lang=\"FR\">POSITION\u00a0ROBOT PAR RAPPORT AU COMPTOIR <\/span>[\/vc_column_text][\/vc_column_inner][vc_column_inner width=&#8221;1\/2&#8243;][vc_column_text el_class=&#8221;progetto-voci-valori&#8221;]ARRIERE COMPTOIR[\/vc_column_text][\/vc_column_inner][\/vc_row_inner][vc_separator color=&#8221;white&#8221;][vc_row_inner][vc_column_inner width=&#8221;1\/2&#8243;][vc_column_text el_class=&#8221;progetto-voci&#8221;]<span lang=\"FR\">PRODUITS EN ROTATION <\/span>[\/vc_column_text][\/vc_column_inner][vc_column_inner width=&#8221;1\/2&#8243;][vc_column_text el_class=&#8221;progetto-voci-valori&#8221;]<span lang=\"FR\">ENTRE 500 ET 1000<\/span>[\/vc_column_text][\/vc_column_inner][\/vc_row_inner][vc_separator color=&#8221;white&#8221;][vc_empty_space height=&#8221;100px&#8221;][\/vc_column][\/vc_row][vc_row full_width=&#8221;stretch_row_content_no_spaces&#8221;][vc_column][vc_single_image image=&#8221;6480&#8243; img_size=&#8221;full&#8221; alignment=&#8221;center&#8221;]<style type=\"text\/css\" data-type=\"the7_shortcodes-inline-css\">#default-btn-d8e8c841505f8be76b999706a61712af.ico-right-side > i {\n  margin-right: 0px;\n  margin-left: 8px;\n}\n#default-btn-d8e8c841505f8be76b999706a61712af > i {\n  margin-right: 8px;\n}\n<\/style><div class=\"btn-align-center\"><a href=\"\/be\/installations\/\" class=\"default-btn-shortcode dt-btn dt-btn-l link-hover-off weight-300 full-width-btn \" id=\"default-btn-d8e8c841505f8be76b999706a61712af\"><span>Retour \u00e0 la liste des installations<\/span><\/a><\/div>[\/vc_column][\/vc_row]<\/p>\n<\/div>","protected":false},"excerpt":{"rendered":"<p>Montevideo (Uruguay)<\/p>\n","protected":false},"author":3,"featured_media":7451,"parent":0,"menu_order":0,"comment_status":"closed","ping_status":"closed","template":"","meta":{"inline_featured_image":false,"footnotes":""},"categories":[77],"tags":[],"class_list":["post-7450","page","type-page","status-publish","has-post-thumbnail","hentry","category-installations-be","description-off"],"_links":{"self":[{"href":"https:\/\/www.pharmathek.com\/be\/wp-json\/wp\/v2\/pages\/7450","targetHints":{"allow":["GET"]}}],"collection":[{"href":"https:\/\/www.pharmathek.com\/be\/wp-json\/wp\/v2\/pages"}],"about":[{"href":"https:\/\/www.pharmathek.com\/be\/wp-json\/wp\/v2\/types\/page"}],"author":[{"embeddable":true,"href":"https:\/\/www.pharmathek.com\/be\/wp-json\/wp\/v2\/users\/3"}],"replies":[{"embeddable":true,"href":"https:\/\/www.pharmathek.com\/be\/wp-json\/wp\/v2\/comments?post=7450"}],"version-history":[{"count":5,"href":"https:\/\/www.pharmathek.com\/be\/wp-json\/wp\/v2\/pages\/7450\/revisions"}],"predecessor-version":[{"id":8784,"href":"https:\/\/www.pharmathek.com\/be\/wp-json\/wp\/v2\/pages\/7450\/revisions\/8784"}],"wp:featuredmedia":[{"embeddable":true,"href":"https:\/\/www.pharmathek.com\/be\/wp-json\/wp\/v2\/media\/7451"}],"wp:attachment":[{"href":"https:\/\/www.pharmathek.com\/be\/wp-json\/wp\/v2\/media?parent=7450"}],"wp:term":[{"taxonomy":"category","embeddable":true,"href":"https:\/\/www.pharmathek.com\/be\/wp-json\/wp\/v2\/categories?post=7450"},{"taxonomy":"post_tag","embeddable":true,"href":"https:\/\/www.pharmathek.com\/be\/wp-json\/wp\/v2\/tags?post=7450"}],"curies":[{"name":"wp","href":"https:\/\/api.w.org\/{rel}","templated":true}]}}