{"id":7452,"date":"2018-04-18T09:49:41","date_gmt":"2018-04-18T07:49:41","guid":{"rendered":"http:\/\/www.pharmathek.com\/cookies-policy\/"},"modified":"2021-05-26T12:40:04","modified_gmt":"2021-05-26T10:40:04","slug":"cookies-policy","status":"publish","type":"page","link":"https:\/\/www.pharmathek.com\/be\/cookies-policy\/","title":{"rendered":"Cookies Policy"},"content":{"rendered":"<div class=\"wpb-content-wrapper\"><p>[vc_row][vc_column]<div id=\"ultimate-heading-209369d581fe80efc\" class=\"uvc-heading ult-adjust-bottom-margin ultimate-heading-209369d581fe80efc uvc-1173  uvc-heading-default-font-sizes\" data-hspacer=\"no_spacer\"  data-halign=\"left\" style=\"text-align:left\"><div class=\"uvc-heading-spacer no_spacer\" style=\"top\"><\/div><div class=\"uvc-main-heading ult-responsive\"  data-ultimate-target='.uvc-heading.ultimate-heading-209369d581fe80efc h1'  data-responsive-json-new='{\"font-size\":\"\",\"line-height\":\"\"}' ><h1 style=\"--font-weight:theme;\">Cookie Policy<\/h1><\/div><\/div>[vc_empty_space height=&#8221;50px&#8221;][vc_column_text]<\/p>\n<h2><strong>Qu\u2019est-ce qu\u2019un cookie, et \u00e0 quoi sert-il?<\/strong><\/h2>\n<p>Un cookie est un petit fichier qui est envoy\u00e9 \u00e0 votre browser et enregistr\u00e9 sur votre ordinateur lorsque vous acc\u00e9dez au et utilisez le site web www.pharmathek.com ci-dessous, ci-apr\u00e8s d\u00e9nomm\u00e9 \u00abSite\u00bb. Les cookies permettent le fonctionnement efficace du site et am\u00e9liorent ses performances, y compris par la collecte et l\u2019analyse d\u2019informations agr\u00e9g\u00e9es, qui permettent \u00e0 l\u2019op\u00e9rateur du site de comprendre comment am\u00e9liorer la structure du site et de ses sections. Les cookies permettent \u00e9galement de recueillir des informations \u00e0 des fins statistiques, principalement pour personnaliser l\u2019exp\u00e9rience de navigation de l\u2019utilisateur en m\u00e9morisant ses pr\u00e9f\u00e9rences (par exemple, la langue, la devise, etc.).<\/p>\n<p>&nbsp;<\/p>\n<h2><strong>Types de cookies utilis\u00e9s<\/strong><\/h2>\n<h3><strong>Cookies techniques<\/strong><\/h3>\n<p>Les cookies techniques comprennent les cookies de navigation ou de session, qui garantissent la navigation et l\u2019utilisation normales du site (permettant, par exemple, de coordonner les modules qui composent les pages du site ou de corr\u00e9ler les pages visit\u00e9es \u00e0 la m\u00eame session de travail) et les cookies analytiques, qui ne peuvent \u00eatre assimil\u00e9s \u00e0 des cookies techniques que s\u2019ils sont utilis\u00e9s aux fins d\u2019optimiser le Site directement par l\u2019op\u00e9rateur du Site lui-m\u00eame (cookies analytiques dits \u00ab\u2009directs\u2009\u00bb), qui pourra collecter des informations sous forme agr\u00e9g\u00e9e sur le nombre d\u2019utilisateurs et la mani\u00e8re dont ils visitent le Site (par exemple, pour produire des statistiques sur les pages les plus visit\u00e9es, pour collecter des donn\u00e9es agr\u00e9g\u00e9es sur les visites par syst\u00e8me d\u2019exploitation, par navigateur, etc.).<\/p>\n<p>L\u2019utilisation des cookies de session est strictement limit\u00e9e \u00e0 la transmission d\u2019identifiants de session (constitu\u00e9s de nombres al\u00e9atoires g\u00e9n\u00e9r\u00e9s par le serveur) et de donn\u00e9es relatives \u00e0 l\u2019utilisation du logiciel n\u00e9cessaires pour permettre une navigation s\u00fbre et efficace sur le site: les variables (c.-\u00e0-d. les cookies) de session permettent d\u2019\u00e9viter de recourir \u00e0 des techniques informatiques potentiellement pr\u00e9judiciables \u00e0 la confidentialit\u00e9 de la navigation de l\u2019utilisateur et rendent impossible l\u2019acquisition de donn\u00e9es d\u2019identification personnelle de l\u2019utilisateur. Les cookies de session ne sont pas stock\u00e9s de mani\u00e8re permanente sur l\u2019ordinateur de l\u2019utilisateur, mais sont stock\u00e9s localement pour des p\u00e9riodes d\u00e9termin\u00e9es en fonction des variables de session (dont les valeurs stock\u00e9es sur le disque dur de l\u2019ordinateur peuvent toutefois \u00eatre supprim\u00e9es; il est \u00e9galement possible de d\u00e9sactiver les cookies en suivant les instructions fournies par les principaux navigateurs).<\/p>\n<p>&nbsp;<\/p>\n<h3><strong>Cookies de profilage<\/strong><\/h3>\n<p>Il s\u2019agit de cookies permanents utilis\u00e9s pour identifier (de mani\u00e8re anonyme ou non) vos pr\u00e9f\u00e9rences et am\u00e9liorer votre exp\u00e9rience de navigation.<\/p>\n<p>&nbsp;<\/p>\n<h3><strong>Cookies de tierces parties<\/strong><\/h3>\n<p>Les cookies tiers sont install\u00e9s par un site web autre que celui que l\u2019utilisateur est en train d\u2019utiliser et r\u00e9sident sur des serveurs autres que celui du site que vous visitez. Par cons\u00e9quent, l\u2019utilisation des donn\u00e9es collect\u00e9es par ces op\u00e9rateurs externes via les cookies est soumise \u00e0 leurs politiques de confidentialit\u00e9 respectives. L\u2019utilisation de cookies de tiers est limit\u00e9e \u00e0 ce qui est n\u00e9cessaire pour une navigation s\u00fbre et efficace du Site et n\u2019implique pas l\u2019acquisition directe par le responsable du traitement de donn\u00e9es personnelles identifiant l\u2019utilisateur.<\/p>\n<p>Le site int\u00e8gre des boutons et des widgets Facebook, instagram, twitter et YouTube. Ces services vous permettent d\u2019interagir avec les r\u00e9seaux sociaux, ou d\u2019autres plateformes externes, directement \u00e0 partir des pages du site.<\/p>\n<p>Les interactions et les informations acquises par le biais de ces outils sont, en tout \u00e9tat de cause, soumises aux param\u00e8tres de confidentialit\u00e9 de l\u2019utilisateur relatifs \u00e0 chaque r\u00e9seau social, et accessibles uniquement aux gestionnaires des plateformes elles-m\u00eames. Pour plus d\u2019informations sur la mani\u00e8re dont les donn\u00e9es collect\u00e9es par les r\u00e9seaux sociaux sont trait\u00e9es, veuillez vous r\u00e9f\u00e9rer aux politiques de confidentialit\u00e9 des fournisseurs de ces services.<\/p>\n<p>Certaines pages du site contiennent des cartes Google Maps. Lorsque vous visitez une page contenant des cartes Google Maps ou que vous interagissez avec la carte (par le biais de la fonction de zoom ou en cliquant sur la carte pour l\u2019agrandir), des cookies en provenance de Google peuvent \u00eatre utilis\u00e9s.<\/p>\n<p>Pour plus d\u2019informations sur la collecte de donn\u00e9es par les services Google, veuillez consulter la politique de confidentialit\u00e9: <a href=\"https:\/\/policies.google.com\/privacy?hl=FR\">https:\/\/policies.google.com\/privacy?hl=FR<\/a>.<\/p>\n<p>L\u2019utilisation du service Google Maps est en outre soumise \u00e0 des conditions d\u2019utilisation suppl\u00e9mentaires: <a href=\"https:\/\/privacy.google.com\/businesses\/mapscontrollerterms\/\">https:\/\/privacy.google.com\/businesses\/mapscontrollerterms\/<\/a>.<\/p>\n<p><strong>\u00a0<\/strong><\/p>\n<h2><strong>Comment d\u00e9sactiver les cookies<\/strong><\/h2>\n<p>La plupart des navigateurs sont configur\u00e9s pour accepter, contr\u00f4ler ou \u00e9ventuellement d\u00e9sactiver les cookies par le biais de leur param\u00e9trage. Veuillez noter, toutefois, que la d\u00e9sactivation, m\u00eame partielle, des cookies techniques peut compromettre le fonctionnement du Site et\/ou limiter ses fonctionnalit\u00e9s.<\/p>\n<p>La d\u00e9sactivation des cookies tiers en revanche n\u2019affecte en rien la navigabilit\u00e9.<\/p>\n<p>Vous trouverez ci-dessous les liens vers les instructions fournies par les principaux navigateurs pour g\u00e9rer les param\u00e8tres d\u2019installation des cookies:<\/p>\n<p>Chrome: <a href=\"https:\/\/support.google.com\/chrome\/answer\/95647?hl=fr\">https:\/\/support.google.com\/chrome\/answer\/95647?hl=fr<\/a><\/p>\n<p>Firefox: <a href=\"https:\/\/support.mozilla.org\/it\/kb\/Gestione%20dei%20cookie\">https:\/\/support.mozilla.org\/it\/kb\/Gestione%20dei%20cookie<\/a><\/p>\n<p>Internet Explorer: <a href=\"https:\/\/support.microsoft.com\/en-us\/help\/17442\/windows-internet-explorer-delete-manage-cookies\">https:\/\/support.microsoft.com\/en-us\/help\/17442\/windows-internet-explorer-delete-manage-cookies<\/a><\/p>\n<p>Safari: <a href=\"https:\/\/support.apple.com\/fr-fr\/HT201265\">https:\/\/support.apple.com\/fr-fr\/HT201265<\/a><\/p>\n<p>[\/vc_column_text][\/vc_column][\/vc_row]<\/p>\n<\/div>","protected":false},"excerpt":{"rendered":"<p>[vc_row][vc_column][vc_empty_space height=&#8221;50px&#8221;][vc_column_text] Qu\u2019est-ce qu\u2019un cookie, et \u00e0 quoi sert-il? Un cookie est un petit fichier qui est envoy\u00e9 \u00e0 votre browser et enregistr\u00e9 sur votre&hellip;<\/p>\n","protected":false},"author":1,"featured_media":0,"parent":0,"menu_order":0,"comment_status":"closed","ping_status":"closed","template":"","meta":{"inline_featured_image":false,"footnotes":""},"categories":[],"tags":[],"class_list":["post-7452","page","type-page","status-publish","hentry","description-off"],"_links":{"self":[{"href":"https:\/\/www.pharmathek.com\/be\/wp-json\/wp\/v2\/pages\/7452","targetHints":{"allow":["GET"]}}],"collection":[{"href":"https:\/\/www.pharmathek.com\/be\/wp-json\/wp\/v2\/pages"}],"about":[{"href":"https:\/\/www.pharmathek.com\/be\/wp-json\/wp\/v2\/types\/page"}],"author":[{"embeddable":true,"href":"https:\/\/www.pharmathek.com\/be\/wp-json\/wp\/v2\/users\/1"}],"replies":[{"embeddable":true,"href":"https:\/\/www.pharmathek.com\/be\/wp-json\/wp\/v2\/comments?post=7452"}],"version-history":[{"count":5,"href":"https:\/\/www.pharmathek.com\/be\/wp-json\/wp\/v2\/pages\/7452\/revisions"}],"predecessor-version":[{"id":11676,"href":"https:\/\/www.pharmathek.com\/be\/wp-json\/wp\/v2\/pages\/7452\/revisions\/11676"}],"wp:attachment":[{"href":"https:\/\/www.pharmathek.com\/be\/wp-json\/wp\/v2\/media?parent=7452"}],"wp:term":[{"taxonomy":"category","embeddable":true,"href":"https:\/\/www.pharmathek.com\/be\/wp-json\/wp\/v2\/categories?post=7452"},{"taxonomy":"post_tag","embeddable":true,"href":"https:\/\/www.pharmathek.com\/be\/wp-json\/wp\/v2\/tags?post=7452"}],"curies":[{"name":"wp","href":"https:\/\/api.w.org\/{rel}","templated":true}]}}