{"id":7643,"date":"2018-07-18T16:12:38","date_gmt":"2018-07-18T14:12:38","guid":{"rendered":"http:\/\/www.pharmathek.com\/pharmacie-breckler\/"},"modified":"2020-06-19T17:36:05","modified_gmt":"2020-06-19T15:36:05","slug":"pharmacie-breckler","status":"publish","type":"page","link":"https:\/\/www.pharmathek.com\/be\/pharmacie-breckler\/","title":{"rendered":"Pharmacie Breckler"},"content":{"rendered":"<div class=\"wpb-content-wrapper\"><p>[vc_row full_width=&#8221;stretch_row_content&#8221; equal_height=&#8221;yes&#8221; content_placement=&#8221;middle&#8221; bg_type=&#8221;bg_color&#8221; bg_override=&#8221;full&#8221; bg_color_value=&#8221;#eeeeef&#8221;][vc_column width=&#8221;1\/2&#8243; css=&#8221;.vc_custom_1523960338488{padding-right: 0px !important;padding-left: 0px !important;}&#8221; offset=&#8221;vc_hidden-md vc_hidden-sm vc_hidden-xs&#8221;][vc_single_image image=&#8221;2826&#8243; img_size=&#8221;full&#8221;][\/vc_column][vc_column width=&#8221;1\/2&#8243; css=&#8221;.vc_custom_1523960343032{padding-right: 100px !important;padding-left: 100px !important;}&#8221; offset=&#8221;vc_hidden-md vc_hidden-sm vc_hidden-xs&#8221;][vc_empty_space]<div id=\"ultimate-heading-65969f48b132a228\" class=\"uvc-heading ult-adjust-bottom-margin ultimate-heading-65969f48b132a228 uvc-9598 head-section-title uvc-heading-default-font-sizes\" data-hspacer=\"no_spacer\"  data-halign=\"center\" style=\"text-align:center\"><div class=\"uvc-heading-spacer no_spacer\" style=\"top\"><\/div><div class=\"uvc-main-heading ult-responsive\"  data-ultimate-target='.uvc-heading.ultimate-heading-65969f48b132a228 p'  data-responsive-json-new='{\"font-size\":\"\",\"line-height\":\"\"}' ><p style=\"--font-weight:theme;\">PHARMACIE BRECKLER<\/p><\/div><\/div>[vc_empty_space][vc_column_text el_class=&#8221;text-justify&#8221;]Pour le transfert de M. Breckler, il n\u2019\u00e9tait pas question de faire une pharmacie standard.<\/p>\n<p>La pharmacie se devait bien s\u00fbr d\u2019\u00eatre fonctionnelle avec une circulation organis\u00e9e des personnes.[\/vc_column_text][vc_empty_space][\/vc_column][\/vc_row][vc_row full_width=&#8221;stretch_row_content&#8221; equal_height=&#8221;yes&#8221; content_placement=&#8221;middle&#8221; bg_type=&#8221;bg_color&#8221; bg_override=&#8221;full&#8221; bg_color_value=&#8221;#eeeeef&#8221;][vc_column css=&#8221;.vc_custom_1524126670718{padding-right: 0px !important;padding-left: 0px !important;}&#8221; offset=&#8221;vc_hidden-lg&#8221; el_class=&#8221;full-width-no-padding&#8221;][vc_single_image image=&#8221;2826&#8243; img_size=&#8221;full&#8221;][vc_empty_space]<div id=\"ultimate-heading-955169f48b132a2dc\" class=\"uvc-heading ult-adjust-bottom-margin ultimate-heading-955169f48b132a2dc uvc-3285 head-section-title uvc-heading-default-font-sizes\" data-hspacer=\"no_spacer\"  data-halign=\"center\" style=\"text-align:center\"><div class=\"uvc-heading-spacer no_spacer\" style=\"top\"><\/div><div class=\"uvc-main-heading ult-responsive\"  data-ultimate-target='.uvc-heading.ultimate-heading-955169f48b132a2dc p'  data-responsive-json-new='{\"font-size\":\"\",\"line-height\":\"\"}' ><p style=\"--font-weight:theme;\">PHARMACIE BRECKLER<\/p><\/div><\/div>[vc_empty_space][vc_column_text el_class=&#8221;text-justify&#8221;]Pour le transfert de M. Breckler, il n\u2019\u00e9tait pas question de faire une pharmacie standard.<\/p>\n<p>La pharmacie se devait bien s\u00fbr d\u2019\u00eatre fonctionnelle avec une circulation organis\u00e9e des personnes.[\/vc_column_text][vc_empty_space][\/vc_column][\/vc_row][vc_row][vc_column offset=&#8221;vc_hidden-md vc_hidden-sm vc_hidden-xs&#8221;][vc_empty_space height=&#8221;100px&#8221;][vc_single_image image=&#8221;2830&#8243; img_size=&#8221;full&#8221; alignment=&#8221;center&#8221;][vc_empty_space]<div id=\"ultimate-heading-559169f48b132a353\" class=\"uvc-heading ult-adjust-bottom-margin ultimate-heading-559169f48b132a353 uvc-483 head-section-title uvc-heading-default-font-sizes\" data-hspacer=\"no_spacer\"  data-halign=\"center\" style=\"text-align:center\"><div class=\"uvc-heading-spacer no_spacer\" style=\"top\"><\/div><div class=\"uvc-main-heading ult-responsive\"  data-ultimate-target='.uvc-heading.ultimate-heading-559169f48b132a353 p'  data-responsive-json-new='{\"font-size\":\"\",\"line-height\":\"\"}' ><p style=\"--font-weight:theme;\">LA PAROLE AU PHARMACIEN<\/p><\/div><\/div>[vc_empty_space][vc_column_text el_class=&#8221;text-justify&#8221;]<b><strong>Pourquoi avez-vous d\u00e9cid\u00e9 de vous robotiser<\/strong>?<\/b><\/p>\n<p>Si nous n\u2019avions pas pris de robot, nous aurions d\u00fb beaucoup nous d\u00e9placer dans les colonnes tiroirs. On ne pourrait pas faire la moiti\u00e9 du chiffre d\u2019affaires actuel sans le robot. Je le sais car nous \u00e9tions ouverts pendant les travaux et le robot n\u2019\u00e9tait pas encore install\u00e9. On courait dans tous les sens. On faisait 40 % de chiffre d\u2019affaires en moins que maintenant. \u00a0Le robot est un outil absolument indispensable qui devrait \u00eatre dans toutes les officines, qu\u2019elles soient petites ou grandes. \u00c7a devient \u00e9vident quand on l\u2019a mis en place. Comment a-t-on fait avant sans robot?!<\/p>\n<p><strong>Vous \u00eates donc satisfait de votre robot Pharmathek?<\/strong><\/p>\n<p>Oui, je suis tr\u00e8s satisfait du robot Pharmathek, qui nous fait gagner beaucoup de temps, du temps utile pour rester au contact du client, pour ne pas l\u2019abandonner, mais aussi pour contr\u00f4ler ce qui se passe dans la pharmacie. Le robot pla\u00eet beaucoup aux clients, qui demandent \u00e0 aller le voir dans les coulisses. Ils se rendent compte que c\u2019est magique et les enfants sont fiers d\u2019emmener leurs amis pour le voir.<\/p>\n<p><strong>A l\u2019origine, pourquoi avez-vous choisi Pharmathek?<\/strong><\/p>\n<p>J\u2019ai choisi Pharmathek car la soci\u00e9t\u00e9 est tr\u00e8s bien plac\u00e9e en termes de rapport qualit\u00e9\/prix. Et je connaissais leur s\u00e9rieux et leur fiabilit\u00e9. Je ne me suis pas tromp\u00e9![\/vc_column_text][vc_empty_space height=&#8221;100px&#8221;][\/vc_column][\/vc_row][vc_row][vc_column offset=&#8221;vc_hidden-lg&#8221;][vc_empty_space height=&#8221;50px&#8221;][vc_single_image image=&#8221;2830&#8243; img_size=&#8221;full&#8221; alignment=&#8221;center&#8221;][vc_empty_space]<div id=\"ultimate-heading-456969f48b132a3d4\" class=\"uvc-heading ult-adjust-bottom-margin ultimate-heading-456969f48b132a3d4 uvc-1921 head-section-title uvc-heading-default-font-sizes\" data-hspacer=\"no_spacer\"  data-halign=\"center\" style=\"text-align:center\"><div class=\"uvc-heading-spacer no_spacer\" style=\"top\"><\/div><div class=\"uvc-main-heading ult-responsive\"  data-ultimate-target='.uvc-heading.ultimate-heading-456969f48b132a3d4 p'  data-responsive-json-new='{\"font-size\":\"\",\"line-height\":\"\"}' ><p style=\"--font-weight:theme;\">LA PAROLE AU PHARMACIEN<\/p><\/div><\/div>[vc_empty_space][vc_column_text el_class=&#8221;text-justify&#8221;]<b><strong>Pourquoi avez-vous d\u00e9cid\u00e9 de vous robotiser<\/strong>?<\/b><\/p>\n<p>Si nous n\u2019avions pas pris de robot, nous aurions d\u00fb beaucoup nous d\u00e9placer dans les colonnes tiroirs. On ne pourrait pas faire la moiti\u00e9 du chiffre d\u2019affaires actuel sans le robot. Je le sais car nous \u00e9tions ouverts pendant les travaux et le robot n\u2019\u00e9tait pas encore install\u00e9. On courait dans tous les sens. On faisait 40 % de chiffre d\u2019affaires en moins que maintenant. \u00a0Le robot est un outil absolument indispensable qui devrait \u00eatre dans toutes les officines, qu\u2019elles soient petites ou grandes. \u00c7a devient \u00e9vident quand on l\u2019a mis en place. Comment a-t-on fait avant sans robot?!<\/p>\n<p><strong>Vous \u00eates donc satisfait de votre robot Pharmathek?<\/strong><\/p>\n<p>Oui, je suis tr\u00e8s satisfait du robot Pharmathek, qui nous fait gagner beaucoup de temps, du temps utile pour rester au contact du client, pour ne pas l\u2019abandonner, mais aussi pour contr\u00f4ler ce qui se passe dans la pharmacie. Le robot pla\u00eet beaucoup aux clients, qui demandent \u00e0 aller le voir dans les coulisses. Ils se rendent compte que c\u2019est magique et les enfants sont fiers d\u2019emmener leurs amis pour le voir.<\/p>\n<p><strong>A l\u2019origine, pourquoi avez-vous choisi Pharmathek?<\/strong><\/p>\n<p>J\u2019ai choisi Pharmathek car la soci\u00e9t\u00e9 est tr\u00e8s bien plac\u00e9e en termes de rapport qualit\u00e9\/prix. Et je connaissais leur s\u00e9rieux et leur fiabilit\u00e9. Je ne me suis pas tromp\u00e9![\/vc_column_text][vc_empty_space height=&#8221;50px&#8221;][\/vc_column][\/vc_row][vc_row full_width=&#8221;stretch_row&#8221; bg_type=&#8221;bg_color&#8221; bg_override=&#8221;full&#8221; bg_color_value=&#8221;#eeeeef&#8221;][vc_column offset=&#8221;vc_hidden-md vc_hidden-sm vc_hidden-xs&#8221;][vc_empty_space height=&#8221;100px&#8221;]<div id=\"ultimate-heading-78669f48b132a449\" class=\"uvc-heading ult-adjust-bottom-margin ultimate-heading-78669f48b132a449 uvc-9704 head-section-title uvc-heading-default-font-sizes\" data-hspacer=\"no_spacer\"  data-halign=\"center\" style=\"text-align:center\"><div class=\"uvc-heading-spacer no_spacer\" style=\"top\"><\/div><div class=\"uvc-main-heading ult-responsive\"  data-ultimate-target='.uvc-heading.ultimate-heading-78669f48b132a449 h2'  data-responsive-json-new='{\"font-size\":\"\",\"line-height\":\"\"}' ><h2 style=\"--font-weight:theme;\">GALERIE<\/h2><\/div><\/div>[vc_empty_space height=&#8221;50px&#8221;][vc_masonry_media_grid element_width=&#8221;3&#8243; gap=&#8221;10&#8243; grid_id=&#8221;vc_gid:1592580852544-c9f87449-fbcd-8&#8243; include=&#8221;2847,2835,2843,2855,2851,2839,2859&#8243;][vc_empty_space height=&#8221;100px&#8221;][\/vc_column][\/vc_row][vc_row full_width=&#8221;stretch_row&#8221; bg_type=&#8221;bg_color&#8221; bg_override=&#8221;full&#8221; bg_color_value=&#8221;#eeeeef&#8221;][vc_column offset=&#8221;vc_hidden-lg&#8221;][vc_empty_space height=&#8221;50px&#8221;]<div id=\"ultimate-heading-628969f48b132a4bb\" class=\"uvc-heading ult-adjust-bottom-margin ultimate-heading-628969f48b132a4bb uvc-7139 head-section-title uvc-heading-default-font-sizes\" data-hspacer=\"no_spacer\"  data-halign=\"center\" style=\"text-align:center\"><div class=\"uvc-heading-spacer no_spacer\" style=\"top\"><\/div><div class=\"uvc-main-heading ult-responsive\"  data-ultimate-target='.uvc-heading.ultimate-heading-628969f48b132a4bb h2'  data-responsive-json-new='{\"font-size\":\"\",\"line-height\":\"\"}' ><h2 style=\"--font-weight:theme;\">GALERIE<\/h2><\/div><\/div>[vc_empty_space height=&#8221;50px&#8221;][vc_masonry_media_grid element_width=&#8221;3&#8243; gap=&#8221;10&#8243; grid_id=&#8221;vc_gid:1592580852549-cc8ea32d-cdb6-2&#8243; include=&#8221;2847,2835,2843,2855,2851,2839,2859&#8243;][vc_empty_space height=&#8221;50px&#8221;][\/vc_column][\/vc_row][vc_row full_width=&#8221;stretch_row&#8221; bg_type=&#8221;image&#8221; parallax_style=&#8221;vcpb-default&#8221; bg_image_new=&#8221;id^1166|url^http:\/\/www.pharmathek.com\/wp-content\/uploads\/2018\/03\/farmacia-specifiche-background.jpg|caption^null|alt^null|title^farmacia-specifiche-background|description^null&#8221; bg_image_repeat=&#8221;no-repeat&#8221; bg_override=&#8221;full&#8221;][vc_column][vc_empty_space height=&#8221;100px&#8221;]<div id=\"ultimate-heading-282969f48b132a53f\" class=\"uvc-heading ult-adjust-bottom-margin ultimate-heading-282969f48b132a53f uvc-4724 head-section-title text-white uvc-heading-default-font-sizes\" data-hspacer=\"no_spacer\"  data-halign=\"center\" style=\"text-align:center\"><div class=\"uvc-heading-spacer no_spacer\" style=\"top\"><\/div><div class=\"uvc-main-heading ult-responsive\"  data-ultimate-target='.uvc-heading.ultimate-heading-282969f48b132a53f h2'  data-responsive-json-new='{\"font-size\":\"\",\"line-height\":\"\"}' ><h2 style=\"--font-weight:theme;\">LE PROJET<\/h2><\/div><\/div>[vc_empty_space height=&#8221;50px&#8221;][vc_separator color=&#8221;white&#8221;][vc_row_inner][vc_column_inner width=&#8221;1\/2&#8243;][vc_column_text el_class=&#8221;progetto-voci&#8221;]SUPERFICIES PHARMACIE[\/vc_column_text][\/vc_column_inner][vc_column_inner width=&#8221;1\/2&#8243;][vc_column_text el_class=&#8221;progetto-voci-valori&#8221;]280 m\u00b2[\/vc_column_text][\/vc_column_inner][\/vc_row_inner][vc_separator color=&#8221;white&#8221;][vc_row_inner][vc_column_inner width=&#8221;1\/2&#8243;][vc_column_text el_class=&#8221;progetto-voci&#8221;]SOLUTIONS PHARMATHEK[\/vc_column_text][\/vc_column_inner][vc_column_inner width=&#8221;1\/2&#8243;][vc_column_text el_class=&#8221;progetto-voci-valori&#8221;]SINTESI + PHARMALOAD[\/vc_column_text][\/vc_column_inner][\/vc_row_inner][vc_separator color=&#8221;white&#8221;][vc_row_inner][vc_column_inner width=&#8221;1\/2&#8243;][vc_column_text el_class=&#8221;progetto-voci&#8221;]DIMENSIONS ROBOT[\/vc_column_text][\/vc_column_inner][vc_column_inner width=&#8221;1\/2&#8243;][vc_column_text el_class=&#8221;progetto-voci-valori&#8221;]L 5550 x H 2500 mm[\/vc_column_text][\/vc_column_inner][\/vc_row_inner][vc_separator color=&#8221;white&#8221;][vc_row_inner][vc_column_inner width=&#8221;1\/2&#8243;][vc_column_text el_class=&#8221;progetto-voci&#8221;]CAPACIT\u00c9S EN BO\u00ceTES[\/vc_column_text][\/vc_column_inner][vc_column_inner width=&#8221;1\/2&#8243;][vc_column_text el_class=&#8221;progetto-voci-valori&#8221;]10500[\/vc_column_text][\/vc_column_inner][\/vc_row_inner][vc_separator color=&#8221;white&#8221;][vc_row_inner][vc_column_inner width=&#8221;1\/2&#8243;][vc_column_text el_class=&#8221;progetto-voci&#8221;]POSITION DU ROBOT EN FONCTION DU COMPTOIR[\/vc_column_text][\/vc_column_inner][vc_column_inner width=&#8221;1\/2&#8243;][vc_column_text el_class=&#8221;progetto-voci-valori&#8221;]DERRI\u00c8RE LE COMPTOIR[\/vc_column_text][\/vc_column_inner][\/vc_row_inner][vc_separator color=&#8221;white&#8221;][vc_row_inner][vc_column_inner width=&#8221;1\/2&#8243;][vc_column_text el_class=&#8221;progetto-voci&#8221;]PRODUITS EN MOUVEMENT[\/vc_column_text][\/vc_column_inner][vc_column_inner width=&#8221;1\/2&#8243;][vc_column_text el_class=&#8221;progetto-voci-valori&#8221;]moins de 500[\/vc_column_text][\/vc_column_inner][\/vc_row_inner][vc_separator color=&#8221;white&#8221;][vc_empty_space height=&#8221;100px&#8221;][\/vc_column][\/vc_row][vc_row full_width=&#8221;stretch_row_content_no_spaces&#8221;][vc_column el_class=&#8221;full-width-no-padding&#8221;][vc_single_image image=&#8221;2864&#8243; img_size=&#8221;full&#8221; alignment=&#8221;center&#8221;]<style type=\"text\/css\" data-type=\"the7_shortcodes-inline-css\">#default-btn-d8e8c841505f8be76b999706a61712af.ico-right-side > i {\n  margin-right: 0px;\n  margin-left: 8px;\n}\n#default-btn-d8e8c841505f8be76b999706a61712af > i {\n  margin-right: 8px;\n}\n<\/style><div class=\"btn-align-center\"><a href=\"\/be\/installations\/\" class=\"default-btn-shortcode dt-btn dt-btn-l link-hover-off weight-300 full-width-btn \" id=\"default-btn-d8e8c841505f8be76b999706a61712af\"><span>Retour \u00e0 la liste des installations<\/span><\/a><\/div>[\/vc_column][\/vc_row]<\/p>\n<\/div>","protected":false},"excerpt":{"rendered":"<p>Herblay (95)<\/p>\n","protected":false},"author":1,"featured_media":7644,"parent":0,"menu_order":0,"comment_status":"closed","ping_status":"closed","template":"","meta":{"inline_featured_image":false,"footnotes":""},"categories":[77],"tags":[],"class_list":["post-7643","page","type-page","status-publish","has-post-thumbnail","hentry","category-installations-be","description-off"],"_links":{"self":[{"href":"https:\/\/www.pharmathek.com\/be\/wp-json\/wp\/v2\/pages\/7643","targetHints":{"allow":["GET"]}}],"collection":[{"href":"https:\/\/www.pharmathek.com\/be\/wp-json\/wp\/v2\/pages"}],"about":[{"href":"https:\/\/www.pharmathek.com\/be\/wp-json\/wp\/v2\/types\/page"}],"author":[{"embeddable":true,"href":"https:\/\/www.pharmathek.com\/be\/wp-json\/wp\/v2\/users\/1"}],"replies":[{"embeddable":true,"href":"https:\/\/www.pharmathek.com\/be\/wp-json\/wp\/v2\/comments?post=7643"}],"version-history":[{"count":2,"href":"https:\/\/www.pharmathek.com\/be\/wp-json\/wp\/v2\/pages\/7643\/revisions"}],"predecessor-version":[{"id":8751,"href":"https:\/\/www.pharmathek.com\/be\/wp-json\/wp\/v2\/pages\/7643\/revisions\/8751"}],"wp:featuredmedia":[{"embeddable":true,"href":"https:\/\/www.pharmathek.com\/be\/wp-json\/wp\/v2\/media\/7644"}],"wp:attachment":[{"href":"https:\/\/www.pharmathek.com\/be\/wp-json\/wp\/v2\/media?parent=7643"}],"wp:term":[{"taxonomy":"category","embeddable":true,"href":"https:\/\/www.pharmathek.com\/be\/wp-json\/wp\/v2\/categories?post=7643"},{"taxonomy":"post_tag","embeddable":true,"href":"https:\/\/www.pharmathek.com\/be\/wp-json\/wp\/v2\/tags?post=7643"}],"curies":[{"name":"wp","href":"https:\/\/api.w.org\/{rel}","templated":true}]}}