{"id":7661,"date":"2018-07-18T16:43:28","date_gmt":"2018-07-18T14:43:28","guid":{"rendered":"http:\/\/www.pharmathek.com\/pharmacie-des-champs-philippes\/"},"modified":"2020-06-19T17:35:41","modified_gmt":"2020-06-19T15:35:41","slug":"pharmacie-des-champs-philippes","status":"publish","type":"page","link":"https:\/\/www.pharmathek.com\/be\/pharmacie-des-champs-philippes\/","title":{"rendered":"Pharmacie des Champs Philippes"},"content":{"rendered":"<div class=\"wpb-content-wrapper\"><p>[vc_row full_width=&#8221;stretch_row_content&#8221; equal_height=&#8221;yes&#8221; content_placement=&#8221;middle&#8221; bg_type=&#8221;bg_color&#8221; bg_override=&#8221;full&#8221; bg_color_value=&#8221;#eeeeef&#8221;][vc_column width=&#8221;1\/2&#8243; css=&#8221;.vc_custom_1523960338488{padding-right: 0px !important;padding-left: 0px !important;}&#8221; offset=&#8221;vc_hidden-md vc_hidden-sm vc_hidden-xs&#8221;][vc_single_image image=&#8221;2877&#8243; img_size=&#8221;full&#8221;][\/vc_column][vc_column width=&#8221;1\/2&#8243; css=&#8221;.vc_custom_1523960343032{padding-right: 100px !important;padding-left: 100px !important;}&#8221; offset=&#8221;vc_hidden-md vc_hidden-sm vc_hidden-xs&#8221;][vc_empty_space]<div id=\"ultimate-heading-340969f4716ee95c4\" class=\"uvc-heading ult-adjust-bottom-margin ultimate-heading-340969f4716ee95c4 uvc-9673 head-section-title uvc-heading-default-font-sizes\" data-hspacer=\"no_spacer\"  data-halign=\"center\" style=\"text-align:center\"><div class=\"uvc-heading-spacer no_spacer\" style=\"top\"><\/div><div class=\"uvc-main-heading ult-responsive\"  data-ultimate-target='.uvc-heading.ultimate-heading-340969f4716ee95c4 p'  data-responsive-json-new='{\"font-size\":\"\",\"line-height\":\"\"}' ><p style=\"--font-weight:theme;\">PHARMACIE DES CHAMPS PHILIPPES<\/p><\/div><\/div>[vc_empty_space][vc_column_text el_class=&#8221;text-justify&#8221;]L\u2019am\u00e9nagement de la pharmacie s\u2019est impos\u00e9 lors du transfert de celle-ci dans des locaux plus spacieux. Il s\u2019agissait non seulement de cr\u00e9er un espace fonctionnel, dynamique, mais aussi de valoriser le professionnalisme du pharmacien en d\u00e9veloppant un centre multifonctionnel et en modernisant la d\u00e9livrance.<\/p>\n<p>Aussi, la titulaire voulait transformer les t\u00e2ches quotidiennes de son \u00e9quipe en les rendant plus simples et plus performantes.[\/vc_column_text][vc_empty_space][\/vc_column][\/vc_row][vc_row full_width=&#8221;stretch_row_content&#8221; equal_height=&#8221;yes&#8221; content_placement=&#8221;middle&#8221; bg_type=&#8221;bg_color&#8221; bg_override=&#8221;full&#8221; bg_color_value=&#8221;#eeeeef&#8221;][vc_column css=&#8221;.vc_custom_1524126670718{padding-right: 0px !important;padding-left: 0px !important;}&#8221; offset=&#8221;vc_hidden-lg&#8221; el_class=&#8221;full-width-no-padding&#8221;][vc_single_image image=&#8221;2877&#8243; img_size=&#8221;full&#8221;][vc_empty_space]<div id=\"ultimate-heading-219169f4716ee966e\" class=\"uvc-heading ult-adjust-bottom-margin ultimate-heading-219169f4716ee966e uvc-485 head-section-title uvc-heading-default-font-sizes\" data-hspacer=\"no_spacer\"  data-halign=\"center\" style=\"text-align:center\"><div class=\"uvc-heading-spacer no_spacer\" style=\"top\"><\/div><div class=\"uvc-main-heading ult-responsive\"  data-ultimate-target='.uvc-heading.ultimate-heading-219169f4716ee966e p'  data-responsive-json-new='{\"font-size\":\"\",\"line-height\":\"\"}' ><p style=\"--font-weight:theme;\">PHARMACIE DES CHAMPS PHILIPPES<\/p><\/div><\/div>[vc_empty_space][vc_column_text el_class=&#8221;text-justify&#8221;]L\u2019am\u00e9nagement de la pharmacie s\u2019est impos\u00e9 lors du transfert de celle-ci dans des locaux plus spacieux. Il s\u2019agissait non seulement de cr\u00e9er un espace fonctionnel, dynamique, mais aussi de valoriser le professionnalisme du pharmacien en d\u00e9veloppant un centre multifonctionnel et en modernisant la d\u00e9livrance.<\/p>\n<p>Aussi, la titulaire voulait transformer les t\u00e2ches quotidiennes de son \u00e9quipe en les rendant plus simples et plus performantes.[\/vc_column_text][vc_empty_space][\/vc_column][\/vc_row][vc_row][vc_column offset=&#8221;vc_hidden-md vc_hidden-sm vc_hidden-xs&#8221;][vc_empty_space height=&#8221;100px&#8221;][vc_single_image image=&#8221;2881&#8243; img_size=&#8221;full&#8221; alignment=&#8221;center&#8221;][vc_empty_space]<div id=\"ultimate-heading-95669f4716ee96ef\" class=\"uvc-heading ult-adjust-bottom-margin ultimate-heading-95669f4716ee96ef uvc-6704 head-section-title uvc-heading-default-font-sizes\" data-hspacer=\"no_spacer\"  data-halign=\"center\" style=\"text-align:center\"><div class=\"uvc-heading-spacer no_spacer\" style=\"top\"><\/div><div class=\"uvc-main-heading ult-responsive\"  data-ultimate-target='.uvc-heading.ultimate-heading-95669f4716ee96ef p'  data-responsive-json-new='{\"font-size\":\"\",\"line-height\":\"\"}' ><p style=\"--font-weight:theme;\">LA PAROLE AU PHARMACIEN<\/p><\/div><\/div>[vc_empty_space][vc_column_text el_class=&#8221;text-justify&#8221;]<b><strong>Pourquoi avez-vous d\u00e9cid\u00e9 de vous robotiser<\/strong>?<\/b><\/p>\n<p>C\u2019\u00e9tait mon r\u00eave de robotiser dans l\u2019ancienne pharmacie, mais ce n\u2019\u00e9tait pas possible car elle \u00e9tait trop petite.<\/p>\n<p>Le robot Pharmathek conseill\u00e9 par Th.Kohl, quel bel outil de travail\u00a0! Il est adapt\u00e9 \u00e0 la pharmacie d\u2019aujourd\u2019hui, puisqu\u2019il permet de gagner beaucoup de temps, d\u2019avoir une attention envers le patient plus qualitative et d\u2019exercer ainsi avec plus de facilit\u00e9 nos nouvelles missions suite \u00e0 la loi HPST.<\/p>\n<p>Nous ne sommes plus des dispensateurs de bo\u00eetes, mais des vrais professionnels de sant\u00e9. L\u2019id\u00e9e que je me faisais d\u2019une pharmacie moderne en termes de fonctionnement passait forc\u00e9ment par l\u2019acquisition d\u2019un robot. Cela nous a permis de rester en conseil devant le client sans avoir \u00e0 aller chercher des bo\u00eetes au fin fond de la pharmacie. Le robot donne une image professionnelle de la pharmacie.<\/p>\n<p>Les clients appr\u00e9cient \u00e9norm\u00e9ment de voir les m\u00e9dicaments arriver automatiquement, comme par magie.<\/p>\n<p><b><strong>Etes-vous satisfaite de votre exp\u00e9rience avec Pharmathek<\/strong>?<\/b><\/p>\n<p>Je suis tr\u00e8s satisfaite de mon robot Pharmathek. Je l\u2019ai d\u2019ailleurs baptis\u00e9 Robert\u00a0! Il fait partie int\u00e9grante de l\u2019\u00e9quipe.<\/p>\n<p>C\u2019est un membre \u00e9minent, respect\u00e9 et estim\u00e9 par toute l\u2019\u00e9quipe. D\u2019ailleurs, mon \u00e9quipe me dit qu\u2019elle n\u2019accepterait plus de travailler dans une pharmacie non robotis\u00e9e.[\/vc_column_text][vc_empty_space height=&#8221;100px&#8221;][\/vc_column][\/vc_row][vc_row][vc_column offset=&#8221;vc_hidden-lg&#8221;][vc_empty_space height=&#8221;50px&#8221;][vc_single_image image=&#8221;2881&#8243; img_size=&#8221;full&#8221; alignment=&#8221;center&#8221;][vc_empty_space]<div id=\"ultimate-heading-355569f4716ee976b\" class=\"uvc-heading ult-adjust-bottom-margin ultimate-heading-355569f4716ee976b uvc-3830 head-section-title uvc-heading-default-font-sizes\" data-hspacer=\"no_spacer\"  data-halign=\"center\" style=\"text-align:center\"><div class=\"uvc-heading-spacer no_spacer\" style=\"top\"><\/div><div class=\"uvc-main-heading ult-responsive\"  data-ultimate-target='.uvc-heading.ultimate-heading-355569f4716ee976b p'  data-responsive-json-new='{\"font-size\":\"\",\"line-height\":\"\"}' ><p style=\"--font-weight:theme;\">LA PAROLE AU PHARMACIEN<\/p><\/div><\/div>[vc_empty_space][vc_column_text el_class=&#8221;text-justify&#8221;]<b><strong>Pourquoi avez-vous d\u00e9cid\u00e9 de vous robotiser<\/strong>?<\/b><\/p>\n<p>C\u2019\u00e9tait mon r\u00eave de robotiser dans l\u2019ancienne pharmacie, mais ce n\u2019\u00e9tait pas possible car elle \u00e9tait trop petite.<\/p>\n<p>Le robot Pharmathek conseill\u00e9 par Th.Kohl, quel bel outil de travail\u00a0! Il est adapt\u00e9 \u00e0 la pharmacie d\u2019aujourd\u2019hui, puisqu\u2019il permet de gagner beaucoup de temps, d\u2019avoir une attention envers le patient plus qualitative et d\u2019exercer ainsi avec plus de facilit\u00e9 nos nouvelles missions suite \u00e0 la loi HPST.<\/p>\n<p>Nous ne sommes plus des dispensateurs de bo\u00eetes, mais des vrais professionnels de sant\u00e9. L\u2019id\u00e9e que je me faisais d\u2019une pharmacie moderne en termes de fonctionnement passait forc\u00e9ment par l\u2019acquisition d\u2019un robot. Cela nous a permis de rester en conseil devant le client sans avoir \u00e0 aller chercher des bo\u00eetes au fin fond de la pharmacie. Le robot donne une image professionnelle de la pharmacie.<\/p>\n<p>Les clients appr\u00e9cient \u00e9norm\u00e9ment de voir les m\u00e9dicaments arriver automatiquement, comme par magie.<\/p>\n<p><b><strong>Etes-vous satisfaite de votre exp\u00e9rience avec Pharmathek<\/strong>?<\/b><\/p>\n<p>Je suis tr\u00e8s satisfaite de mon robot Pharmathek. Je l\u2019ai d\u2019ailleurs baptis\u00e9 Robert\u00a0! Il fait partie int\u00e9grante de l\u2019\u00e9quipe.<\/p>\n<p>C\u2019est un membre \u00e9minent, respect\u00e9 et estim\u00e9 par toute l\u2019\u00e9quipe. D\u2019ailleurs, mon \u00e9quipe me dit qu\u2019elle n\u2019accepterait plus de travailler dans une pharmacie non robotis\u00e9e.[\/vc_column_text][vc_empty_space height=&#8221;50px&#8221;][\/vc_column][\/vc_row][vc_row full_width=&#8221;stretch_row&#8221; bg_type=&#8221;bg_color&#8221; bg_override=&#8221;full&#8221; bg_color_value=&#8221;#eeeeef&#8221;][vc_column offset=&#8221;vc_hidden-md vc_hidden-sm vc_hidden-xs&#8221;][vc_empty_space height=&#8221;100px&#8221;]<div id=\"ultimate-heading-378469f4716ee97e5\" class=\"uvc-heading ult-adjust-bottom-margin ultimate-heading-378469f4716ee97e5 uvc-5577 head-section-title uvc-heading-default-font-sizes\" data-hspacer=\"no_spacer\"  data-halign=\"center\" style=\"text-align:center\"><div class=\"uvc-heading-spacer no_spacer\" style=\"top\"><\/div><div class=\"uvc-main-heading ult-responsive\"  data-ultimate-target='.uvc-heading.ultimate-heading-378469f4716ee97e5 h2'  data-responsive-json-new='{\"font-size\":\"\",\"line-height\":\"\"}' ><h2 style=\"--font-weight:theme;\">GALERIE<\/h2><\/div><\/div>[vc_empty_space height=&#8221;50px&#8221;][vc_masonry_media_grid element_width=&#8221;3&#8243; gap=&#8221;10&#8243; grid_id=&#8221;vc_gid:1592580824532-52f71324-133a-2&#8243; include=&#8221;2914,2890,2898,2894,2902,2906,2910,2886&#8243;][vc_empty_space height=&#8221;100px&#8221;][\/vc_column][\/vc_row][vc_row full_width=&#8221;stretch_row&#8221; bg_type=&#8221;bg_color&#8221; bg_override=&#8221;full&#8221; bg_color_value=&#8221;#eeeeef&#8221;][vc_column offset=&#8221;vc_hidden-lg&#8221;][vc_empty_space height=&#8221;50px&#8221;]<div id=\"ultimate-heading-752469f4716ee985b\" class=\"uvc-heading ult-adjust-bottom-margin ultimate-heading-752469f4716ee985b uvc-7800 head-section-title uvc-heading-default-font-sizes\" data-hspacer=\"no_spacer\"  data-halign=\"center\" style=\"text-align:center\"><div class=\"uvc-heading-spacer no_spacer\" style=\"top\"><\/div><div class=\"uvc-main-heading ult-responsive\"  data-ultimate-target='.uvc-heading.ultimate-heading-752469f4716ee985b h2'  data-responsive-json-new='{\"font-size\":\"\",\"line-height\":\"\"}' ><h2 style=\"--font-weight:theme;\">GALERIE<\/h2><\/div><\/div>[vc_empty_space height=&#8221;50px&#8221;][vc_masonry_media_grid element_width=&#8221;3&#8243; gap=&#8221;10&#8243; grid_id=&#8221;vc_gid:1592580824535-5923534d-9464-5&#8243; include=&#8221;2914,2890,2898,2894,2902,2906,2910,2886&#8243;][vc_empty_space height=&#8221;50px&#8221;][\/vc_column][\/vc_row][vc_row full_width=&#8221;stretch_row&#8221; bg_type=&#8221;image&#8221; parallax_style=&#8221;vcpb-default&#8221; bg_image_new=&#8221;id^1166|url^http:\/\/www.pharmathek.com\/wp-content\/uploads\/2018\/03\/farmacia-specifiche-background.jpg|caption^null|alt^null|title^farmacia-specifiche-background|description^null&#8221; bg_image_repeat=&#8221;no-repeat&#8221; bg_override=&#8221;full&#8221;][vc_column][vc_empty_space height=&#8221;100px&#8221;]<div id=\"ultimate-heading-986569f4716ee98d8\" class=\"uvc-heading ult-adjust-bottom-margin ultimate-heading-986569f4716ee98d8 uvc-1012 head-section-title text-white uvc-heading-default-font-sizes\" data-hspacer=\"no_spacer\"  data-halign=\"center\" style=\"text-align:center\"><div class=\"uvc-heading-spacer no_spacer\" style=\"top\"><\/div><div class=\"uvc-main-heading ult-responsive\"  data-ultimate-target='.uvc-heading.ultimate-heading-986569f4716ee98d8 h2'  data-responsive-json-new='{\"font-size\":\"\",\"line-height\":\"\"}' ><h2 style=\"--font-weight:theme;\">LE PROJET<\/h2><\/div><\/div>[vc_empty_space height=&#8221;50px&#8221;][vc_separator color=&#8221;white&#8221;][vc_row_inner][vc_column_inner width=&#8221;1\/2&#8243;][vc_column_text el_class=&#8221;progetto-voci&#8221;]SUPERFICIES PHARMACIE[\/vc_column_text][\/vc_column_inner][vc_column_inner width=&#8221;1\/2&#8243;][vc_column_text el_class=&#8221;progetto-voci-valori&#8221;]150 m\u00b2[\/vc_column_text][\/vc_column_inner][\/vc_row_inner][vc_separator color=&#8221;white&#8221;][vc_row_inner][vc_column_inner width=&#8221;1\/2&#8243;][vc_column_text el_class=&#8221;progetto-voci&#8221;]SOLUTIONS PHARMATHEK[\/vc_column_text][\/vc_column_inner][vc_column_inner width=&#8221;1\/2&#8243;][vc_column_text el_class=&#8221;progetto-voci-valori&#8221;]SINTESI[\/vc_column_text][\/vc_column_inner][\/vc_row_inner][vc_separator color=&#8221;white&#8221;][vc_row_inner][vc_column_inner width=&#8221;1\/2&#8243;][vc_column_text el_class=&#8221;progetto-voci&#8221;]DIMENSIONS ROBOT[\/vc_column_text][\/vc_column_inner][vc_column_inner width=&#8221;1\/2&#8243;][vc_column_text el_class=&#8221;progetto-voci-valori&#8221;]L 4547 x H 2500 mm[\/vc_column_text][\/vc_column_inner][\/vc_row_inner][vc_separator color=&#8221;white&#8221;][vc_row_inner][vc_column_inner width=&#8221;1\/2&#8243;][vc_column_text el_class=&#8221;progetto-voci&#8221;]CAPACIT\u00c9S EN BO\u00ceTES[\/vc_column_text][\/vc_column_inner][vc_column_inner width=&#8221;1\/2&#8243;][vc_column_text el_class=&#8221;progetto-voci-valori&#8221;]8500[\/vc_column_text][\/vc_column_inner][\/vc_row_inner][vc_separator color=&#8221;white&#8221;][vc_row_inner][vc_column_inner width=&#8221;1\/2&#8243;][vc_column_text el_class=&#8221;progetto-voci&#8221;]POSITION DU ROBOT EN FONCTION DU COMPTOIR[\/vc_column_text][\/vc_column_inner][vc_column_inner width=&#8221;1\/2&#8243;][vc_column_text el_class=&#8221;progetto-voci-valori&#8221;]DERRI\u00c8RE LE COMPTOIR[\/vc_column_text][\/vc_column_inner][\/vc_row_inner][vc_separator color=&#8221;white&#8221;][vc_row_inner][vc_column_inner width=&#8221;1\/2&#8243;][vc_column_text el_class=&#8221;progetto-voci&#8221;]PRODUITS EN MOUVEMENT[\/vc_column_text][\/vc_column_inner][vc_column_inner width=&#8221;1\/2&#8243;][vc_column_text el_class=&#8221;progetto-voci-valori&#8221;]moins de 500[\/vc_column_text][\/vc_column_inner][\/vc_row_inner][vc_separator color=&#8221;white&#8221;][vc_empty_space height=&#8221;100px&#8221;][\/vc_column][\/vc_row][vc_row full_width=&#8221;stretch_row_content_no_spaces&#8221;][vc_column el_class=&#8221;full-width-no-padding&#8221;][vc_single_image image=&#8221;2918&#8243; img_size=&#8221;full&#8221; alignment=&#8221;center&#8221;]<style type=\"text\/css\" data-type=\"the7_shortcodes-inline-css\">#default-btn-d8e8c841505f8be76b999706a61712af.ico-right-side > i {\n  margin-right: 0px;\n  margin-left: 8px;\n}\n#default-btn-d8e8c841505f8be76b999706a61712af > i {\n  margin-right: 8px;\n}\n<\/style><div class=\"btn-align-center\"><a href=\"\/be\/installations\/\" class=\"default-btn-shortcode dt-btn dt-btn-l link-hover-off weight-300 full-width-btn \" id=\"default-btn-d8e8c841505f8be76b999706a61712af\"><span>Retour \u00e0 la liste des installations<\/span><\/a><\/div>[\/vc_column][\/vc_row]<\/p>\n<\/div>","protected":false},"excerpt":{"rendered":"<p>La Garenne-Colombes (92)<\/p>\n","protected":false},"author":1,"featured_media":7662,"parent":0,"menu_order":0,"comment_status":"closed","ping_status":"closed","template":"","meta":{"inline_featured_image":false,"footnotes":""},"categories":[77,78],"tags":[],"class_list":["post-7661","page","type-page","status-publish","has-post-thumbnail","hentry","category-installations-be","category-pharmacie-be","description-off"],"_links":{"self":[{"href":"https:\/\/www.pharmathek.com\/be\/wp-json\/wp\/v2\/pages\/7661","targetHints":{"allow":["GET"]}}],"collection":[{"href":"https:\/\/www.pharmathek.com\/be\/wp-json\/wp\/v2\/pages"}],"about":[{"href":"https:\/\/www.pharmathek.com\/be\/wp-json\/wp\/v2\/types\/page"}],"author":[{"embeddable":true,"href":"https:\/\/www.pharmathek.com\/be\/wp-json\/wp\/v2\/users\/1"}],"replies":[{"embeddable":true,"href":"https:\/\/www.pharmathek.com\/be\/wp-json\/wp\/v2\/comments?post=7661"}],"version-history":[{"count":2,"href":"https:\/\/www.pharmathek.com\/be\/wp-json\/wp\/v2\/pages\/7661\/revisions"}],"predecessor-version":[{"id":8735,"href":"https:\/\/www.pharmathek.com\/be\/wp-json\/wp\/v2\/pages\/7661\/revisions\/8735"}],"wp:featuredmedia":[{"embeddable":true,"href":"https:\/\/www.pharmathek.com\/be\/wp-json\/wp\/v2\/media\/7662"}],"wp:attachment":[{"href":"https:\/\/www.pharmathek.com\/be\/wp-json\/wp\/v2\/media?parent=7661"}],"wp:term":[{"taxonomy":"category","embeddable":true,"href":"https:\/\/www.pharmathek.com\/be\/wp-json\/wp\/v2\/categories?post=7661"},{"taxonomy":"post_tag","embeddable":true,"href":"https:\/\/www.pharmathek.com\/be\/wp-json\/wp\/v2\/tags?post=7661"}],"curies":[{"name":"wp","href":"https:\/\/api.w.org\/{rel}","templated":true}]}}