{"id":10907,"date":"2018-04-12T10:23:47","date_gmt":"2018-04-12T08:23:47","guid":{"rendered":"http:\/\/www.pharmathek.com\/farmacia-comunale-di-ferrara-n-6\/"},"modified":"2021-09-29T13:59:56","modified_gmt":"2021-09-29T11:59:56","slug":"ferrara-stadtapotheke","status":"publish","type":"page","link":"https:\/\/www.pharmathek.com\/de\/ferrara-stadtapotheke\/","title":{"rendered":"Ferrara Stadtapotheke"},"content":{"rendered":"<div class=\"wpb-content-wrapper\"><p>[vc_row full_width=&#8220;stretch_row_content&#8220; equal_height=&#8220;yes&#8220; content_placement=&#8220;middle&#8220; bg_type=&#8220;bg_color&#8220; bg_override=&#8220;full&#8220; bg_color_value=&#8220;#eeeeef&#8220;][vc_column width=&#8220;1\/2&#8243; css=&#8220;.vc_custom_1523962112980{padding-right: 0px !important;padding-left: 0px !important;}&#8220; offset=&#8220;vc_hidden-md vc_hidden-sm vc_hidden-xs&#8220;][vc_single_image image=&#8220;1743&#8243; img_size=&#8220;full&#8220;][\/vc_column][vc_column width=&#8220;1\/2&#8243; css=&#8220;.vc_custom_1523962120550{padding-right: 100px !important;padding-left: 100px !important;}&#8220; offset=&#8220;vc_hidden-md vc_hidden-sm vc_hidden-xs&#8220;][vc_empty_space]<div id=\"ultimate-heading-7936a04c35d91bd9\" class=\"uvc-heading ult-adjust-bottom-margin ultimate-heading-7936a04c35d91bd9 uvc-1392 head-section-title uvc-heading-default-font-sizes\" data-hspacer=\"no_spacer\"  data-halign=\"center\" style=\"text-align:center\"><div class=\"uvc-heading-spacer no_spacer\" style=\"top\"><\/div><div class=\"uvc-main-heading ult-responsive\"  data-ultimate-target='.uvc-heading.ultimate-heading-7936a04c35d91bd9 p'  data-responsive-json-new='{\"font-size\":\"\",\"line-height\":\"\"}' ><p style=\"--font-weight:theme;\">FERRARA STADTAPOTHEKE<\/p><\/div><div class=\"uvc-sub-heading ult-responsive\"  data-ultimate-target='.uvc-heading.ultimate-heading-7936a04c35d91bd9 .uvc-sub-heading '  data-responsive-json-new='{\"font-size\":\"\",\"line-height\":\"\"}'  style=\"font-weight:normal;\"><\/p>\n<p>&nbsp;<\/p>\n<p>&nbsp;<\/p>\n<p><\/div><\/div>[vc_empty_space][vc_column_text el_class=&#8220;text-justify&#8220;]<\/p>\n<p>Besonderheiten dieser Installation:<\/p>\n<ul>\n<li>mittelgro\u00dfe Automat f\u00fcr Apotheken<\/li>\n<li>Sehr langer Automat<\/li>\n<li>Bedienterminal auf der kurzen Seite<\/li>\n<li>Aufstellung des Automaten: Obergeschoss<\/li>\n<\/ul>\n<p>[\/vc_column_text][vc_empty_space][\/vc_column][\/vc_row][vc_row full_width=&#8220;stretch_row_content&#8220; equal_height=&#8220;yes&#8220; content_placement=&#8220;middle&#8220; bg_type=&#8220;bg_color&#8220; bg_override=&#8220;full&#8220; bg_color_value=&#8220;#eeeeef&#8220;][vc_column css=&#8220;.vc_custom_1524126147614{padding-right: 0px !important;padding-left: 0px !important;}&#8220; offset=&#8220;vc_hidden-lg&#8220; el_class=&#8220;full-width-no-padding&#8220;][vc_single_image image=&#8220;1743&#8243; img_size=&#8220;full&#8220;][vc_empty_space]<div id=\"ultimate-heading-40346a04c35d91c7c\" class=\"uvc-heading ult-adjust-bottom-margin ultimate-heading-40346a04c35d91c7c uvc-6696 head-section-title uvc-heading-default-font-sizes\" data-hspacer=\"no_spacer\"  data-halign=\"center\" style=\"text-align:center\"><div class=\"uvc-heading-spacer no_spacer\" style=\"top\"><\/div><div class=\"uvc-main-heading ult-responsive\"  data-ultimate-target='.uvc-heading.ultimate-heading-40346a04c35d91c7c p'  data-responsive-json-new='{\"font-size\":\"\",\"line-height\":\"\"}' ><p style=\"--font-weight:theme;\">FERRARA STADTAPOTHEKE<\/p><\/div><div class=\"uvc-sub-heading ult-responsive\"  data-ultimate-target='.uvc-heading.ultimate-heading-40346a04c35d91c7c .uvc-sub-heading '  data-responsive-json-new='{\"font-size\":\"\",\"line-height\":\"\"}'  style=\"font-weight:normal;\"><\/p>\n<p>&nbsp;<\/p>\n<p>&nbsp;<\/p>\n<p><\/div><\/div>[vc_empty_space][vc_column_text el_class=&#8220;text-justify&#8220;]<\/p>\n<p>Besonderheiten dieser Installation:<\/p>\n<ul>\n<li>mittelgro\u00dfe Automat f\u00fcr Apotheken<\/li>\n<li>Sehr langer Automat<\/li>\n<li>Bedienterminal auf der kurzen Seite<\/li>\n<li>Aufstellung des Automaten: Obergeschoss<\/li>\n<\/ul>\n<p>[\/vc_column_text][vc_empty_space][\/vc_column][\/vc_row][vc_row][vc_column offset=&#8220;vc_hidden-md vc_hidden-sm vc_hidden-xs&#8220;][vc_empty_space height=&#8220;100px&#8220;][vc_single_image image=&#8220;1746&#8243; img_size=&#8220;full&#8220; alignment=&#8220;center&#8220;][vc_empty_space]<div id=\"ultimate-heading-496a04c35d91cfe\" class=\"uvc-heading ult-adjust-bottom-margin ultimate-heading-496a04c35d91cfe uvc-15 head-section-title uvc-heading-default-font-sizes\" data-hspacer=\"no_spacer\"  data-halign=\"center\" style=\"text-align:center\"><div class=\"uvc-heading-spacer no_spacer\" style=\"top\"><\/div><div class=\"uvc-main-heading ult-responsive\"  data-ultimate-target='.uvc-heading.ultimate-heading-496a04c35d91cfe p'  data-responsive-json-new='{\"font-size\":\"\",\"line-height\":\"\"}' ><p style=\"--font-weight:theme;\">ERFAHRUNGSBERICHTE VON APOTHEKERN<\/p><\/div><div class=\"uvc-sub-heading ult-responsive\"  data-ultimate-target='.uvc-heading.ultimate-heading-496a04c35d91cfe .uvc-sub-heading '  data-responsive-json-new='{\"font-size\":\"\",\"line-height\":\"\"}'  style=\"font-weight:normal;\"><\/p>\n<p>&nbsp;<\/p>\n<p>&nbsp;<\/p>\n<p><\/div><\/div>[vc_column_text el_class=&#8220;text-justify&#8220;]<\/p>\n<h4>Was waren die Gr\u00fcnde sich f\u00fcr Pharmathek zur Automatisierung von Ihrer Apotheke zu entschieden?<\/h4>\n<p>Wir haben uns dazu entschieden einen Pharmathek-Automaten zu installieren, weil wir ein automatisiertes Lager haben wollten, das den Anforderungen der einzelnen Apotheke am besten entspricht. Da wir vor der Installation viele Jahre lang einen anderen Automaten hatten, wussten wir genau, welche Faktoren bei der Auswahl zu ber\u00fccksichtigen waren.<\/p>\n<p>Nach der Analyse der technischen Eigenschaften, der Funktionalit\u00e4t und des Preis-Leistungs-Verh\u00e4ltnisses war Pharmathek der Gewinner des Vergleichs und wir \u00fcberaus gl\u00fccklich mit dieser Wahl.<\/p>\n<p>&nbsp;<\/p>\n<h4>Was hat sich in der Apotheke seit der Installation des Automaten ge\u00e4ndert?<\/h4>\n<p>Seit wir den Pharmathek-Automaten installiert haben, hat sich unsere Arbeit stark verbessert, die Apotheke ist viel ordentlicher und sauberer.<\/p>\n<p>Die absolute Pr\u00e4zision des Automaten hat es erm\u00f6glicht, Fehler bei der Zustellung und\/oder Entnahme des Medikaments vollst\u00e4ndig zu beseitigen, sodass das Medikament immer im richtigen Format und mit dem n\u00e4chstm\u00f6glichen Verfallsdatum an den Kunden geliefert werden kann.<\/p>\n<p>&nbsp;<\/p>\n<p>[\/vc_column_text][vc_empty_space height=&#8220;100px&#8220;][\/vc_column][\/vc_row][vc_row][vc_column offset=&#8220;vc_hidden-lg&#8220;][vc_empty_space height=&#8220;50px&#8220;][vc_single_image image=&#8220;1746&#8243; img_size=&#8220;full&#8220; alignment=&#8220;center&#8220;][vc_empty_space]<div id=\"ultimate-heading-23406a04c35d91d83\" class=\"uvc-heading ult-adjust-bottom-margin ultimate-heading-23406a04c35d91d83 uvc-9912 head-section-title uvc-heading-default-font-sizes\" data-hspacer=\"no_spacer\"  data-halign=\"center\" style=\"text-align:center\"><div class=\"uvc-heading-spacer no_spacer\" style=\"top\"><\/div><div class=\"uvc-main-heading ult-responsive\"  data-ultimate-target='.uvc-heading.ultimate-heading-23406a04c35d91d83 p'  data-responsive-json-new='{\"font-size\":\"\",\"line-height\":\"\"}' ><p style=\"--font-weight:theme;\">ERFAHRUNGSBERICHTE VON APOTHEKERN<\/p><\/div><div class=\"uvc-sub-heading ult-responsive\"  data-ultimate-target='.uvc-heading.ultimate-heading-23406a04c35d91d83 .uvc-sub-heading '  data-responsive-json-new='{\"font-size\":\"\",\"line-height\":\"\"}'  style=\"font-weight:normal;\"><\/p>\n<p>&nbsp;<\/p>\n<p>&nbsp;<\/p>\n<p><\/div><\/div>[vc_column_text el_class=&#8220;text-justify&#8220;]<\/p>\n<h4>Was waren die Gr\u00fcnde sich f\u00fcr Pharmathek zur Automatisierung von Ihrer Apotheke zu entschieden?<\/h4>\n<p>Wir haben uns dazu entschieden einen Pharmathek-Automaten zu installieren, weil wir ein automatisiertes Lager haben wollten, das den Anforderungen der einzelnen Apotheke am besten entspricht. Da wir vor der Installation viele Jahre lang einen anderen Automaten hatten, wussten wir genau, welche Faktoren bei der Auswahl zu ber\u00fccksichtigen waren.<\/p>\n<p>Nach der Analyse der technischen Eigenschaften, der Funktionalit\u00e4t und des Preis-Leistungs-Verh\u00e4ltnisses war Pharmathek der Gewinner des Vergleichs und wir \u00fcberaus gl\u00fccklich mit dieser Wahl.<\/p>\n<p>&nbsp;<\/p>\n<h4>Was hat sich in der Apotheke seit der Installation des Automaten ge\u00e4ndert?<\/h4>\n<p>Seit wir den Pharmathek-Automaten installiert haben, hat sich unsere Arbeit stark verbessert, die Apotheke ist viel ordentlicher und sauberer.<\/p>\n<p>Die absolute Pr\u00e4zision des Automaten hat es erm\u00f6glicht, Fehler bei der Zustellung und\/oder Entnahme des Medikaments vollst\u00e4ndig zu beseitigen, sodass das Medikament immer im richtigen Format und mit dem n\u00e4chstm\u00f6glichen Verfallsdatum an den Kunden geliefert werden kann.<\/p>\n<p>&nbsp;<\/p>\n<p>[\/vc_column_text][vc_empty_space height=&#8220;50px&#8220;][\/vc_column][\/vc_row][vc_row full_width=&#8220;stretch_row&#8220; bg_type=&#8220;bg_color&#8220; bg_override=&#8220;full&#8220; bg_color_value=&#8220;#eeeeef&#8220;][vc_column offset=&#8220;vc_hidden-md vc_hidden-sm vc_hidden-xs&#8220;][vc_empty_space height=&#8220;100px&#8220;]<div id=\"ultimate-heading-83876a04c35d91dff\" class=\"uvc-heading ult-adjust-bottom-margin ultimate-heading-83876a04c35d91dff uvc-1686 head-section-title uvc-heading-default-font-sizes\" data-hspacer=\"no_spacer\"  data-halign=\"center\" style=\"text-align:center\"><div class=\"uvc-heading-spacer no_spacer\" style=\"top\"><\/div><div class=\"uvc-main-heading ult-responsive\"  data-ultimate-target='.uvc-heading.ultimate-heading-83876a04c35d91dff h2'  data-responsive-json-new='{\"font-size\":\"\",\"line-height\":\"\"}' ><h2 style=\"--font-weight:theme;\">GALERIE<\/h2><\/div><div class=\"uvc-sub-heading ult-responsive\"  data-ultimate-target='.uvc-heading.ultimate-heading-83876a04c35d91dff .uvc-sub-heading '  data-responsive-json-new='{\"font-size\":\"\",\"line-height\":\"\"}'  style=\"font-weight:normal;\"><\/p>\n<p>&nbsp;<\/p>\n<p>&nbsp;<\/p>\n<p><\/div><\/div>[vc_empty_space height=&#8220;50px&#8220;][vc_masonry_media_grid element_width=&#8220;3&#8243; gap=&#8220;10&#8243; grid_id=&#8220;vc_gid:1609234636761-88a137cb-e8b6-2&#8243; include=&#8220;1755,1753,1748,1754,1749,1752,1750,1751&#8243;][vc_empty_space height=&#8220;100px&#8220;][\/vc_column][\/vc_row][vc_row full_width=&#8220;stretch_row&#8220; bg_type=&#8220;bg_color&#8220; bg_override=&#8220;full&#8220; bg_color_value=&#8220;#eeeeef&#8220;][vc_column offset=&#8220;vc_hidden-lg&#8220;][vc_empty_space height=&#8220;50px&#8220;]<div id=\"ultimate-heading-50866a04c35d91e76\" class=\"uvc-heading ult-adjust-bottom-margin ultimate-heading-50866a04c35d91e76 uvc-6219 head-section-title uvc-heading-default-font-sizes\" data-hspacer=\"no_spacer\"  data-halign=\"center\" style=\"text-align:center\"><div class=\"uvc-heading-spacer no_spacer\" style=\"top\"><\/div><div class=\"uvc-main-heading ult-responsive\"  data-ultimate-target='.uvc-heading.ultimate-heading-50866a04c35d91e76 h2'  data-responsive-json-new='{\"font-size\":\"\",\"line-height\":\"\"}' ><h2 style=\"--font-weight:theme;\">GALERIE<\/h2><\/div><div class=\"uvc-sub-heading ult-responsive\"  data-ultimate-target='.uvc-heading.ultimate-heading-50866a04c35d91e76 .uvc-sub-heading '  data-responsive-json-new='{\"font-size\":\"\",\"line-height\":\"\"}'  style=\"font-weight:normal;\"><\/p>\n<p>&nbsp;<\/p>\n<p>&nbsp;<\/p>\n<p><\/div><\/div>[vc_empty_space height=&#8220;50px&#8220;][vc_masonry_media_grid element_width=&#8220;3&#8243; gap=&#8220;10&#8243; grid_id=&#8220;vc_gid:1609234636815-c667b3fa-9bac-2&#8243; include=&#8220;1755,1753,1748,1754,1749,1752,1750,1751&#8243;][vc_empty_space height=&#8220;50px&#8220;][\/vc_column][\/vc_row][vc_row full_width=&#8220;stretch_row&#8220; bg_type=&#8220;image&#8220; parallax_style=&#8220;vcpb-default&#8220; bg_image_new=&#8220;id^1166|url^http:\/\/www.pharmathek.com\/wp-content\/uploads\/2018\/03\/farmacia-specifiche-background.jpg|caption^null|alt^null|title^farmacia-specifiche-background|description^null&#8220; bg_image_repeat=&#8220;no-repeat&#8220; bg_override=&#8220;full&#8220;][vc_column][vc_empty_space height=&#8220;100px&#8220;]<div id=\"ultimate-heading-97426a04c35d91eeb\" class=\"uvc-heading ult-adjust-bottom-margin ultimate-heading-97426a04c35d91eeb uvc-595 head-section-title text-white uvc-heading-default-font-sizes\" data-hspacer=\"no_spacer\"  data-halign=\"center\" style=\"text-align:center\"><div class=\"uvc-heading-spacer no_spacer\" style=\"top\"><\/div><div class=\"uvc-main-heading ult-responsive\"  data-ultimate-target='.uvc-heading.ultimate-heading-97426a04c35d91eeb h2'  data-responsive-json-new='{\"font-size\":\"\",\"line-height\":\"\"}' ><h2 style=\"--font-weight:theme;\">DAS PROJEKT<\/h2><\/div><div class=\"uvc-sub-heading ult-responsive\"  data-ultimate-target='.uvc-heading.ultimate-heading-97426a04c35d91eeb .uvc-sub-heading '  data-responsive-json-new='{\"font-size\":\"\",\"line-height\":\"\"}'  style=\"font-weight:normal;\"><\/p>\n<p>&nbsp;<\/p>\n<p>&nbsp;<\/p>\n<p><\/div><\/div>[vc_empty_space height=&#8220;50px&#8220;][vc_separator color=&#8220;white&#8220;][vc_row_inner][vc_column_inner width=&#8220;1\/2&#8243;][vc_column_text el_class=&#8220;progetto-voci&#8220;]<\/p>\n<p>VORHANDENE PHARMATHEK-L\u00d6SUNGEN<\/p>\n<p>[\/vc_column_text][\/vc_column_inner][vc_column_inner width=&#8220;1\/2&#8243;][vc_column_text el_class=&#8220;progetto-voci-valori&#8220;]SINTESI + PHARMALOAD + EUCLID3D[\/vc_column_text][\/vc_column_inner][\/vc_row_inner][vc_separator color=&#8220;white&#8220;][vc_row_inner][vc_column_inner width=&#8220;1\/2&#8243;][vc_column_text el_class=&#8220;progetto-voci&#8220;]<\/p>\n<p>AUTOMAT-ABMESSUNGEN<\/p>\n<p>[\/vc_column_text][\/vc_column_inner][vc_column_inner width=&#8220;1\/2&#8243;][vc_column_text el_class=&#8220;progetto-voci-valori&#8220;]<\/p>\n<p>L 8.047 x H 2.300 mm<\/p>\n<p>[\/vc_column_text][\/vc_column_inner][\/vc_row_inner][vc_separator color=&#8220;white&#8220;][vc_row_inner][vc_column_inner width=&#8220;1\/2&#8243;][vc_column_text el_class=&#8220;progetto-voci&#8220;]<\/p>\n<p>KAPAZIT\u00c4T IN VERPACKUNGEN<\/p>\n<p>[\/vc_column_text][\/vc_column_inner][vc_column_inner width=&#8220;1\/2&#8243;][vc_column_text el_class=&#8220;progetto-voci-valori&#8220;]<\/p>\n<p>14.100<\/p>\n<p>[\/vc_column_text][\/vc_column_inner][\/vc_row_inner][vc_separator color=&#8220;white&#8220;][vc_row_inner][vc_column_inner width=&#8220;1\/2&#8243;][vc_column_text el_class=&#8220;progetto-voci&#8220;]<\/p>\n<p>AUFSTELLUNG DES AUTOMATEN IN BEZUG AUF DEN HV-TISCH<\/p>\n<p>[\/vc_column_text][\/vc_column_inner][vc_column_inner width=&#8220;1\/2&#8243;][vc_column_text el_class=&#8220;progetto-voci-valori&#8220;]<\/p>\n<p>OBERGESCHOSS<\/p>\n<p>[\/vc_column_text][\/vc_column_inner][\/vc_row_inner][vc_separator color=&#8220;white&#8220;][vc_row_inner][vc_column_inner width=&#8220;1\/2&#8243;][vc_column_text el_class=&#8220;progetto-voci&#8220;]<\/p>\n<p>BEWEGTE PRODUKTE<\/p>\n<p>[\/vc_column_text][\/vc_column_inner][vc_column_inner width=&#8220;1\/2&#8243;][vc_column_text el_class=&#8220;progetto-voci-valori&#8220;]<\/p>\n<p>zwischen 500 und 1.000<\/p>\n<p>[\/vc_column_text][\/vc_column_inner][\/vc_row_inner][vc_separator color=&#8220;white&#8220;][vc_empty_space height=&#8220;100px&#8220;][\/vc_column][\/vc_row][vc_row full_width=&#8220;stretch_row_content_no_spaces&#8220;][vc_column el_class=&#8220;full-width-no-padding&#8220;][vc_single_image image=&#8220;1744&#8243; img_size=&#8220;full&#8220; alignment=&#8220;center&#8220;]<style type=\"text\/css\" data-type=\"the7_shortcodes-inline-css\">#default-btn-8e3854d9bc6e53e02b9ea4600cf28379.ico-right-side > i {\n  margin-right: 0px;\n  margin-left: 8px;\n}\n#default-btn-8e3854d9bc6e53e02b9ea4600cf28379 > i {\n  margin-right: 8px;\n}\n<\/style><div class=\"btn-align-center\"><a href=\"https:\/\/www.pharmathek.com\/de\/installationen\/\" class=\"default-btn-shortcode dt-btn dt-btn-l link-hover-off weight-300 full-width-btn \" id=\"default-btn-8e3854d9bc6e53e02b9ea4600cf28379\"><span>Zur\u00fcck zur Liste der Installationen<\/span><\/a><\/div>[\/vc_column][\/vc_row][vc_row full_width=&#8220;stretch_row&#8220; bg_type=&#8220;bg_color&#8220; bg_override=&#8220;full&#8220; bg_color_value=&#8220;#eeeeef&#8220;][vc_column offset=&#8220;vc_hidden-md vc_hidden-sm vc_hidden-xs&#8220;][vc_empty_space height=&#8220;100px&#8220;][\/vc_column][\/vc_row]<\/p>\n<\/div>","protected":false},"excerpt":{"rendered":"<p>Ferrara (Italien)<\/p>\n","protected":false},"author":1,"featured_media":10908,"parent":0,"menu_order":0,"comment_status":"closed","ping_status":"closed","template":"","meta":{"inline_featured_image":false,"footnotes":""},"categories":[67],"tags":[],"class_list":["post-10907","page","type-page","status-publish","has-post-thumbnail","hentry","category-apotheke","description-off"],"_links":{"self":[{"href":"https:\/\/www.pharmathek.com\/de\/wp-json\/wp\/v2\/pages\/10907","targetHints":{"allow":["GET"]}}],"collection":[{"href":"https:\/\/www.pharmathek.com\/de\/wp-json\/wp\/v2\/pages"}],"about":[{"href":"https:\/\/www.pharmathek.com\/de\/wp-json\/wp\/v2\/types\/page"}],"author":[{"embeddable":true,"href":"https:\/\/www.pharmathek.com\/de\/wp-json\/wp\/v2\/users\/1"}],"replies":[{"embeddable":true,"href":"https:\/\/www.pharmathek.com\/de\/wp-json\/wp\/v2\/comments?post=10907"}],"version-history":[{"count":3,"href":"https:\/\/www.pharmathek.com\/de\/wp-json\/wp\/v2\/pages\/10907\/revisions"}],"predecessor-version":[{"id":10946,"href":"https:\/\/www.pharmathek.com\/de\/wp-json\/wp\/v2\/pages\/10907\/revisions\/10946"}],"wp:featuredmedia":[{"embeddable":true,"href":"https:\/\/www.pharmathek.com\/de\/wp-json\/wp\/v2\/media\/10908"}],"wp:attachment":[{"href":"https:\/\/www.pharmathek.com\/de\/wp-json\/wp\/v2\/media?parent=10907"}],"wp:term":[{"taxonomy":"category","embeddable":true,"href":"https:\/\/www.pharmathek.com\/de\/wp-json\/wp\/v2\/categories?post=10907"},{"taxonomy":"post_tag","embeddable":true,"href":"https:\/\/www.pharmathek.com\/de\/wp-json\/wp\/v2\/tags?post=10907"}],"curies":[{"name":"wp","href":"https:\/\/api.w.org\/{rel}","templated":true}]}}