{"id":10921,"date":"2020-12-28T10:20:20","date_gmt":"2020-12-28T09:20:20","guid":{"rendered":"http:\/\/www.pharmathek.com\/farmacia-im-dez-mestan\/"},"modified":"2021-09-29T13:56:53","modified_gmt":"2021-09-29T11:56:53","slug":"apotheke-im-dez-mestan","status":"publish","type":"page","link":"https:\/\/www.pharmathek.com\/de\/apotheke-im-dez-mestan\/","title":{"rendered":"Apotheke im DEZ &#8211; Mestan"},"content":{"rendered":"<div class=\"wpb-content-wrapper\"><p>[vc_row full_width=&#8220;stretch_row_content&#8220; equal_height=&#8220;yes&#8220; content_placement=&#8220;middle&#8220; bg_type=&#8220;bg_color&#8220; bg_override=&#8220;full&#8220; bg_color_value=&#8220;#eeeeef&#8220;][vc_column width=&#8220;1\/2&#8243; css=&#8220;.vc_custom_1523960338488{padding-right: 0px !important;padding-left: 0px !important;}&#8220; offset=&#8220;vc_hidden-md vc_hidden-sm vc_hidden-xs&#8220;][vc_single_image image=&#8220;10674&#8243; img_size=&#8220;full&#8220;][\/vc_column][vc_column width=&#8220;1\/2&#8243; css=&#8220;.vc_custom_1523960343032{padding-right: 100px !important;padding-left: 100px !important;}&#8220; offset=&#8220;vc_hidden-md vc_hidden-sm vc_hidden-xs&#8220;][vc_empty_space]<div id=\"ultimate-heading-994869e05b3f957ca\" class=\"uvc-heading ult-adjust-bottom-margin ultimate-heading-994869e05b3f957ca uvc-4196 head-section-title uvc-heading-default-font-sizes\" data-hspacer=\"no_spacer\"  data-halign=\"center\" style=\"text-align:center\"><div class=\"uvc-heading-spacer no_spacer\" style=\"top\"><\/div><div class=\"uvc-main-heading ult-responsive\"  data-ultimate-target='.uvc-heading.ultimate-heading-994869e05b3f957ca p'  data-responsive-json-new='{\"font-size\":\"\",\"line-height\":\"\"}' ><p style=\"--font-weight:theme;\">APOTHEKE IM DEZ<\/p><\/div><div class=\"uvc-sub-heading ult-responsive\"  data-ultimate-target='.uvc-heading.ultimate-heading-994869e05b3f957ca .uvc-sub-heading '  data-responsive-json-new='{\"font-size\":\"\",\"line-height\":\"\"}'  style=\"font-weight:normal;\"><\/p>\n<p>&nbsp;<\/p>\n<p>&nbsp;<\/p>\n<p><\/div><\/div>[vc_empty_space][vc_column_text el_class=&#8220;text-justify&#8220;]<\/p>\n<p>Besonderheiten dieser Installation:<\/p>\n<ul>\n<li>mittelgro\u00dfe Automat f\u00fcr Apotheken<\/li>\n<li>Sehr hoher Automat<\/li>\n<li>Bedienterminal auf der langen Seite<\/li>\n<\/ul>\n<p>[\/vc_column_text][vc_empty_space][\/vc_column][\/vc_row][vc_row full_width=&#8220;stretch_row_content&#8220; equal_height=&#8220;yes&#8220; content_placement=&#8220;middle&#8220; bg_type=&#8220;bg_color&#8220; bg_override=&#8220;full&#8220; bg_color_value=&#8220;#eeeeef&#8220;][vc_column css=&#8220;.vc_custom_1524126670718{padding-right: 0px !important;padding-left: 0px !important;}&#8220; offset=&#8220;vc_hidden-lg&#8220; el_class=&#8220;full-width-no-padding&#8220;][vc_single_image image=&#8220;10674&#8243; img_size=&#8220;full&#8220;][vc_empty_space]<div id=\"ultimate-heading-85669e05b3f95872\" class=\"uvc-heading ult-adjust-bottom-margin ultimate-heading-85669e05b3f95872 uvc-7235 head-section-title uvc-heading-default-font-sizes\" data-hspacer=\"no_spacer\"  data-halign=\"center\" style=\"text-align:center\"><div class=\"uvc-heading-spacer no_spacer\" style=\"top\"><\/div><div class=\"uvc-main-heading ult-responsive\"  data-ultimate-target='.uvc-heading.ultimate-heading-85669e05b3f95872 p'  data-responsive-json-new='{\"font-size\":\"\",\"line-height\":\"\"}' ><p style=\"--font-weight:theme;\">APOTHEKE IM DEZ<\/p><\/div><div class=\"uvc-sub-heading ult-responsive\"  data-ultimate-target='.uvc-heading.ultimate-heading-85669e05b3f95872 .uvc-sub-heading '  data-responsive-json-new='{\"font-size\":\"\",\"line-height\":\"\"}'  style=\"font-weight:normal;\"><\/p>\n<p>&nbsp;<\/p>\n<p>&nbsp;<\/p>\n<p><\/div><\/div>[vc_empty_space][vc_column_text el_class=&#8220;text-justify&#8220;]<\/p>\n<p>Besonderheiten dieser Installation:<\/p>\n<ul>\n<li>mittelgro\u00dfe Automat f\u00fcr Apotheken<\/li>\n<li>Sehr hoher Automat<\/li>\n<li>Bedienterminal auf der langen Seite<\/li>\n<\/ul>\n<p>[\/vc_column_text][vc_empty_space][\/vc_column][\/vc_row][vc_row][vc_column offset=&#8220;vc_hidden-md vc_hidden-sm vc_hidden-xs&#8220;][vc_empty_space height=&#8220;100px&#8220;][vc_single_image image=&#8220;10667&#8243; img_size=&#8220;full&#8220; alignment=&#8220;center&#8220;][vc_empty_space]<div id=\"ultimate-heading-211969e05b3f95911\" class=\"uvc-heading ult-adjust-bottom-margin ultimate-heading-211969e05b3f95911 uvc-8547 head-section-title uvc-heading-default-font-sizes\" data-hspacer=\"no_spacer\"  data-halign=\"center\" style=\"text-align:center\"><div class=\"uvc-heading-spacer no_spacer\" style=\"top\"><\/div><div class=\"uvc-main-heading ult-responsive\"  data-ultimate-target='.uvc-heading.ultimate-heading-211969e05b3f95911 p'  data-responsive-json-new='{\"font-size\":\"\",\"line-height\":\"\"}' ><p style=\"--font-weight:theme;\">ERFAHRUNGSBERICHTE VON APOTHEKERN<\/p><\/div><div class=\"uvc-sub-heading ult-responsive\"  data-ultimate-target='.uvc-heading.ultimate-heading-211969e05b3f95911 .uvc-sub-heading '  data-responsive-json-new='{\"font-size\":\"\",\"line-height\":\"\"}'  style=\"font-weight:normal;\"><\/p>\n<p>&nbsp;<\/p>\n<p>&nbsp;<\/p>\n<p><\/div><\/div>[vc_column_text el_class=&#8220;text-justify&#8220;]<\/p>\n<h4>Was hat Sie dazu veranlasst, Ihre Apotheke zu automatisieren?<\/h4>\n<p>\u00dcbernahme der Apotheke 2012. 2015 gro\u00dfe Modernisierung, Vergr\u00f6\u00dferung des Verkaufsraumes. Hohe Kundenfrequenz im Einkaufszentrum, daher klarer Weg in Richtung automatisierte Warenwirtschaft.<\/p>\n<p>&nbsp;<\/p>\n<h4>Was waren die Gr\u00fcnde sich f\u00fcr Pharmathek zur Automatisierung von Ihrer Apotheke zu entschieden?<\/h4>\n<p>Vom ersten Kontakt an kompetente und aufmerksame Vorgangsweise.<\/p>\n<p>&nbsp;<\/p>\n<h4>Welche Vorteile sch\u00e4tzen Sie am meisten nach der Installation des Automaten?<\/h4>\n<p>Wir haben wesentlich mehr Zeit um uns um den Kunden zu k\u00fcmmern, vollautomatische Lagerhaltung, automatische Einlagerung, Fehlerfreiheit, automatische Inventur.<\/p>\n<p>&nbsp;<\/p>\n<h4>Was hat sich in der Apotheke seit der Installation des Automaten ge\u00e4ndert?<\/h4>\n<p>Viel mehr Kundenkontakt, wir bleiben bei den Kunden und rennen nicht weg, mehr Beratung, dadurch auch mehr Zusatzverkauf. Vereinfachter Arbeitsablauf im Back Office.<\/p>\n<p>&nbsp;<\/p>\n<h4>Wie haben Kunden auf die Automatisierung reagiert?<\/h4>\n<p>Kunden sind fasziniert von der Anlage, haben gro\u00dfes Interesse daran, nehmen sich immer gerne Zeit sich den Automaten aus der N\u00e4he anzuschauen.<\/p>\n<p>&nbsp;<\/p>\n<h4>W\u00fcrden Sie Pharmathek Ihren Kollegen empfehlen?<\/h4>\n<p>100%ig!<\/p>\n<p>&nbsp;<\/p>\n<p>Raimund Mestan<\/p>\n<p>[\/vc_column_text][vc_empty_space height=&#8220;100px&#8220;][\/vc_column][\/vc_row][vc_row][vc_column offset=&#8220;vc_hidden-lg&#8220;][vc_empty_space height=&#8220;50px&#8220;][vc_single_image image=&#8220;10667&#8243; img_size=&#8220;full&#8220; alignment=&#8220;center&#8220;][vc_empty_space]<div id=\"ultimate-heading-740569e05b3f9598a\" class=\"uvc-heading ult-adjust-bottom-margin ultimate-heading-740569e05b3f9598a uvc-4213 head-section-title uvc-heading-default-font-sizes\" data-hspacer=\"no_spacer\"  data-halign=\"center\" style=\"text-align:center\"><div class=\"uvc-heading-spacer no_spacer\" style=\"top\"><\/div><div class=\"uvc-main-heading ult-responsive\"  data-ultimate-target='.uvc-heading.ultimate-heading-740569e05b3f9598a p'  data-responsive-json-new='{\"font-size\":\"\",\"line-height\":\"\"}' ><p style=\"--font-weight:theme;\">ERFAHRUNGSBERICHTE VON APOTHEKERN<\/p><\/div><div class=\"uvc-sub-heading ult-responsive\"  data-ultimate-target='.uvc-heading.ultimate-heading-740569e05b3f9598a .uvc-sub-heading '  data-responsive-json-new='{\"font-size\":\"\",\"line-height\":\"\"}'  style=\"font-weight:normal;\"><\/p>\n<p>&nbsp;<\/p>\n<p>&nbsp;<\/p>\n<p><\/div><\/div>[vc_column_text el_class=&#8220;text-justify&#8220;]<\/p>\n<h4>Was hat Sie dazu veranlasst, Ihre Apotheke zu automatisieren?<\/h4>\n<p>\u00dcbernahme der Apotheke 2012. 2015 gro\u00dfe Modernisierung, Vergr\u00f6\u00dferung des Verkaufsraumes. Hohe Kundenfrequenz im Einkaufszentrum, daher klarer Weg in Richtung automatisierte Warenwirtschaft.<\/p>\n<p>&nbsp;<\/p>\n<h4>Was waren die Gr\u00fcnde sich f\u00fcr Pharmathek zur Automatisierung von Ihrer Apotheke zu entschieden?<\/h4>\n<p>Vom ersten Kontakt an kompetente und aufmerksame Vorgangsweise.<\/p>\n<p>&nbsp;<\/p>\n<h4>Welche Vorteile sch\u00e4tzen Sie am meisten nach der Installation des Automaten?<\/h4>\n<p>Wir haben wesentlich mehr Zeit um uns um den Kunden zu k\u00fcmmern, vollautomatische Lagerhaltung, automatische Einlagerung, Fehlerfreiheit, automatische Inventur.<\/p>\n<p>&nbsp;<\/p>\n<h4>Was hat sich in der Apotheke seit der Installation des Automaten ge\u00e4ndert?<\/h4>\n<p>Viel mehr Kundenkontakt, wir bleiben bei den Kunden und rennen nicht weg, mehr Beratung, dadurch auch mehr Zusatzverkauf. Vereinfachter Arbeitsablauf im Back Office.<\/p>\n<p>&nbsp;<\/p>\n<h4>Wie haben Kunden auf die Automatisierung reagiert?<\/h4>\n<p>Kunden sind fasziniert von der Anlage, haben gro\u00dfes Interesse daran, nehmen sich immer gerne Zeit sich den Automaten aus der N\u00e4he anzuschauen.<\/p>\n<p>&nbsp;<\/p>\n<h4>W\u00fcrden Sie Pharmathek Ihren Kollegen empfehlen?<\/h4>\n<p>100%ig!<\/p>\n<p>&nbsp;<\/p>\n<p>Raimund Mestan<\/p>\n<p>[\/vc_column_text][vc_empty_space height=&#8220;50px&#8220;][\/vc_column][\/vc_row][vc_row full_width=&#8220;stretch_row&#8220; bg_type=&#8220;bg_color&#8220; bg_override=&#8220;full&#8220; bg_color_value=&#8220;#eeeeef&#8220;][vc_column offset=&#8220;vc_hidden-md vc_hidden-sm vc_hidden-xs&#8220;][vc_empty_space height=&#8220;100px&#8220;]<div id=\"ultimate-heading-286469e05b3f95a0e\" class=\"uvc-heading ult-adjust-bottom-margin ultimate-heading-286469e05b3f95a0e uvc-6234 head-section-title uvc-heading-default-font-sizes\" data-hspacer=\"no_spacer\"  data-halign=\"center\" style=\"text-align:center\"><div class=\"uvc-heading-spacer no_spacer\" style=\"top\"><\/div><div class=\"uvc-main-heading ult-responsive\"  data-ultimate-target='.uvc-heading.ultimate-heading-286469e05b3f95a0e h2'  data-responsive-json-new='{\"font-size\":\"\",\"line-height\":\"\"}' ><h2 style=\"--font-weight:theme;\">GALERIE<\/h2><\/div><div class=\"uvc-sub-heading ult-responsive\"  data-ultimate-target='.uvc-heading.ultimate-heading-286469e05b3f95a0e .uvc-sub-heading '  data-responsive-json-new='{\"font-size\":\"\",\"line-height\":\"\"}'  style=\"font-weight:normal;\"><\/p>\n<p>&nbsp;<\/p>\n<p>&nbsp;<\/p>\n<p><\/div><\/div>[vc_empty_space height=&#8220;50px&#8220;][vc_masonry_media_grid element_width=&#8220;3&#8243; gap=&#8220;10&#8243; grid_id=&#8220;vc_gid:1609234594944-fe07d222-0b2f-6&#8243; include=&#8220;10653,10646,10639,10660&#8243;][vc_empty_space height=&#8220;100px&#8220;][\/vc_column][\/vc_row][vc_row full_width=&#8220;stretch_row&#8220; bg_type=&#8220;bg_color&#8220; bg_override=&#8220;full&#8220; bg_color_value=&#8220;#eeeeef&#8220;][vc_column offset=&#8220;vc_hidden-lg&#8220;][vc_empty_space height=&#8220;50px&#8220;]<div id=\"ultimate-heading-949569e05b3f95a8c\" class=\"uvc-heading ult-adjust-bottom-margin ultimate-heading-949569e05b3f95a8c uvc-3779 head-section-title uvc-heading-default-font-sizes\" data-hspacer=\"no_spacer\"  data-halign=\"center\" style=\"text-align:center\"><div class=\"uvc-heading-spacer no_spacer\" style=\"top\"><\/div><div class=\"uvc-main-heading ult-responsive\"  data-ultimate-target='.uvc-heading.ultimate-heading-949569e05b3f95a8c h2'  data-responsive-json-new='{\"font-size\":\"\",\"line-height\":\"\"}' ><h2 style=\"--font-weight:theme;\">GALERIE<\/h2><\/div><div class=\"uvc-sub-heading ult-responsive\"  data-ultimate-target='.uvc-heading.ultimate-heading-949569e05b3f95a8c .uvc-sub-heading '  data-responsive-json-new='{\"font-size\":\"\",\"line-height\":\"\"}'  style=\"font-weight:normal;\"><\/p>\n<p>&nbsp;<\/p>\n<p>&nbsp;<\/p>\n<p><\/div><\/div>[vc_empty_space height=&#8220;50px&#8220;][vc_masonry_media_grid element_width=&#8220;3&#8243; gap=&#8220;10&#8243; grid_id=&#8220;vc_gid:1609234595024-b1640074-ba0a-8&#8243; include=&#8220;10653,10646,10639,10660&#8243;][vc_empty_space height=&#8220;50px&#8220;][\/vc_column][\/vc_row][vc_row full_width=&#8220;stretch_row&#8220; bg_type=&#8220;image&#8220; parallax_style=&#8220;vcpb-default&#8220; bg_image_new=&#8220;id^1166|url^http:\/\/www.pharmathek.com\/wp-content\/uploads\/2018\/03\/farmacia-specifiche-background.jpg|caption^null|alt^null|title^farmacia-specifiche-background|description^null&#8220; bg_image_repeat=&#8220;no-repeat&#8220; bg_override=&#8220;full&#8220;][vc_column][vc_empty_space height=&#8220;100px&#8220;]<div id=\"ultimate-heading-916069e05b3f95af9\" class=\"uvc-heading ult-adjust-bottom-margin ultimate-heading-916069e05b3f95af9 uvc-4519 head-section-title text-white uvc-heading-default-font-sizes\" data-hspacer=\"no_spacer\"  data-halign=\"center\" style=\"text-align:center\"><div class=\"uvc-heading-spacer no_spacer\" style=\"top\"><\/div><div class=\"uvc-main-heading ult-responsive\"  data-ultimate-target='.uvc-heading.ultimate-heading-916069e05b3f95af9 h2'  data-responsive-json-new='{\"font-size\":\"\",\"line-height\":\"\"}' ><h2 style=\"--font-weight:theme;\">DAS PROJEKT<\/h2><\/div><div class=\"uvc-sub-heading ult-responsive\"  data-ultimate-target='.uvc-heading.ultimate-heading-916069e05b3f95af9 .uvc-sub-heading '  data-responsive-json-new='{\"font-size\":\"\",\"line-height\":\"\"}'  style=\"font-weight:normal;\"><\/p>\n<p>&nbsp;<\/p>\n<p>&nbsp;<\/p>\n<p><\/div><\/div>[vc_empty_space height=&#8220;50px&#8220;][vc_separator color=&#8220;white&#8220;][vc_separator color=&#8220;white&#8220;][vc_row_inner][vc_column_inner width=&#8220;1\/2&#8243;][vc_column_text el_class=&#8220;progetto-voci&#8220;]<\/p>\n<p>VORHANDENE PHARMATHEK-L\u00d6SUNGEN<\/p>\n<p>[\/vc_column_text][\/vc_column_inner][vc_column_inner width=&#8220;1\/2&#8243;][vc_column_text el_class=&#8220;progetto-voci-valori&#8220;]<\/p>\n<p>SINTESI + PHARMALOAD<\/p>\n<p>[\/vc_column_text][\/vc_column_inner][\/vc_row_inner][vc_separator color=&#8220;white&#8220;][vc_row_inner][vc_column_inner width=&#8220;1\/2&#8243;][vc_column_text el_class=&#8220;progetto-voci&#8220;]<\/p>\n<p>AUTOMAT-ABMESSUNGEN<\/p>\n<p>[\/vc_column_text][\/vc_column_inner][vc_column_inner width=&#8220;1\/2&#8243;][vc_column_text el_class=&#8220;progetto-voci-valori&#8220;]<\/p>\n<p>L 8.547 x H 3.500 mm<\/p>\n<p>[\/vc_column_text][\/vc_column_inner][\/vc_row_inner][vc_separator color=&#8220;white&#8220;][vc_row_inner][vc_column_inner width=&#8220;1\/2&#8243;][vc_column_text el_class=&#8220;progetto-voci&#8220;]<\/p>\n<p>KAPAZIT\u00c4T IN VERPACKUNGEN<\/p>\n<p>[\/vc_column_text][\/vc_column_inner][vc_column_inner width=&#8220;1\/2&#8243;][vc_column_text el_class=&#8220;progetto-voci-valori&#8220;]<\/p>\n<p>26.100<\/p>\n<p>[\/vc_column_text][\/vc_column_inner][\/vc_row_inner][vc_separator color=&#8220;white&#8220;][vc_row_inner][vc_column_inner width=&#8220;1\/2&#8243;][vc_column_text el_class=&#8220;progetto-voci&#8220;]<\/p>\n<p>AUFSTELLUNG DES AUTOMATEN IN BEZUG AUF DEN HV-TISCH<\/p>\n<p>[\/vc_column_text][\/vc_column_inner][vc_column_inner width=&#8220;1\/2&#8243;][vc_column_text el_class=&#8220;progetto-voci-valori&#8220;]<\/p>\n<p>HINTER DEM HV-TISCH<\/p>\n<p>[\/vc_column_text][\/vc_column_inner][\/vc_row_inner][vc_separator color=&#8220;white&#8220;][vc_row_inner][vc_column_inner width=&#8220;1\/2&#8243;][vc_column_text el_class=&#8220;progetto-voci&#8220;]<\/p>\n<p>BEWEGTE PRODUKTE<\/p>\n<p>[\/vc_column_text][\/vc_column_inner][vc_column_inner width=&#8220;1\/2&#8243;][vc_column_text el_class=&#8220;progetto-voci-valori&#8220;]<\/p>\n<p>zwischen 500 und 1000<\/p>\n<p>[\/vc_column_text][\/vc_column_inner][\/vc_row_inner][vc_separator color=&#8220;white&#8220;][vc_empty_space height=&#8220;100px&#8220;][\/vc_column][\/vc_row][vc_row full_width=&#8220;stretch_row_content_no_spaces&#8220;][vc_column el_class=&#8220;full-width-no-padding&#8220;][vc_single_image image=&#8220;10632&#8243; img_size=&#8220;full&#8220; alignment=&#8220;center&#8220;]<style type=\"text\/css\" data-type=\"the7_shortcodes-inline-css\">#default-btn-8e3854d9bc6e53e02b9ea4600cf28379.ico-right-side > i {\n  margin-right: 0px;\n  margin-left: 8px;\n}\n#default-btn-8e3854d9bc6e53e02b9ea4600cf28379 > i {\n  margin-right: 8px;\n}\n<\/style><div class=\"btn-align-center\"><a href=\"https:\/\/www.pharmathek.com\/de\/installationen\/\" class=\"default-btn-shortcode dt-btn dt-btn-l link-hover-off weight-300 full-width-btn \" id=\"default-btn-8e3854d9bc6e53e02b9ea4600cf28379\"><span>Zur\u00fcck zur Liste der Installationen<\/span><\/a><\/div>[\/vc_column][\/vc_row]<\/p>\n<\/div>","protected":false},"excerpt":{"rendered":"<p>Innsbruck<\/p>\n","protected":false},"author":3,"featured_media":10623,"parent":0,"menu_order":0,"comment_status":"closed","ping_status":"closed","template":"","meta":{"inline_featured_image":false,"footnotes":""},"categories":[67],"tags":[],"class_list":["post-10921","page","type-page","status-publish","has-post-thumbnail","hentry","category-apotheke","description-off"],"_links":{"self":[{"href":"https:\/\/www.pharmathek.com\/de\/wp-json\/wp\/v2\/pages\/10921","targetHints":{"allow":["GET"]}}],"collection":[{"href":"https:\/\/www.pharmathek.com\/de\/wp-json\/wp\/v2\/pages"}],"about":[{"href":"https:\/\/www.pharmathek.com\/de\/wp-json\/wp\/v2\/types\/page"}],"author":[{"embeddable":true,"href":"https:\/\/www.pharmathek.com\/de\/wp-json\/wp\/v2\/users\/3"}],"replies":[{"embeddable":true,"href":"https:\/\/www.pharmathek.com\/de\/wp-json\/wp\/v2\/comments?post=10921"}],"version-history":[{"count":4,"href":"https:\/\/www.pharmathek.com\/de\/wp-json\/wp\/v2\/pages\/10921\/revisions"}],"predecessor-version":[{"id":10952,"href":"https:\/\/www.pharmathek.com\/de\/wp-json\/wp\/v2\/pages\/10921\/revisions\/10952"}],"wp:featuredmedia":[{"embeddable":true,"href":"https:\/\/www.pharmathek.com\/de\/wp-json\/wp\/v2\/media\/10623"}],"wp:attachment":[{"href":"https:\/\/www.pharmathek.com\/de\/wp-json\/wp\/v2\/media?parent=10921"}],"wp:term":[{"taxonomy":"category","embeddable":true,"href":"https:\/\/www.pharmathek.com\/de\/wp-json\/wp\/v2\/categories?post=10921"},{"taxonomy":"post_tag","embeddable":true,"href":"https:\/\/www.pharmathek.com\/de\/wp-json\/wp\/v2\/tags?post=10921"}],"curies":[{"name":"wp","href":"https:\/\/api.w.org\/{rel}","templated":true}]}}