{"id":10926,"date":"2020-12-28T11:50:20","date_gmt":"2020-12-28T10:50:20","guid":{"rendered":"http:\/\/www.pharmathek.com\/farmacia-stern-meierhofer\/"},"modified":"2021-09-29T14:04:50","modified_gmt":"2021-09-29T12:04:50","slug":"stern-apotheke-meierhofer","status":"publish","type":"page","link":"https:\/\/www.pharmathek.com\/de\/stern-apotheke-meierhofer\/","title":{"rendered":"Stern Apotheke"},"content":{"rendered":"<div class=\"wpb-content-wrapper\"><p>[vc_row full_width=&#8220;stretch_row_content&#8220; equal_height=&#8220;yes&#8220; content_placement=&#8220;middle&#8220; bg_type=&#8220;bg_color&#8220; bg_override=&#8220;full&#8220; bg_color_value=&#8220;#eeeeef&#8220;][vc_column width=&#8220;1\/2&#8243; css=&#8220;.vc_custom_1523960338488{padding-right: 0px !important;padding-left: 0px !important;}&#8220; offset=&#8220;vc_hidden-md vc_hidden-sm vc_hidden-xs&#8220;][vc_single_image image=&#8220;10740&#8243; img_size=&#8220;full&#8220;][\/vc_column][vc_column width=&#8220;1\/2&#8243; css=&#8220;.vc_custom_1523960343032{padding-right: 100px !important;padding-left: 100px !important;}&#8220; offset=&#8220;vc_hidden-md vc_hidden-sm vc_hidden-xs&#8220;][vc_empty_space]<div id=\"ultimate-heading-656069e73bb0690cf\" class=\"uvc-heading ult-adjust-bottom-margin ultimate-heading-656069e73bb0690cf uvc-8838 head-section-title uvc-heading-default-font-sizes\" data-hspacer=\"no_spacer\"  data-halign=\"center\" style=\"text-align:center\"><div class=\"uvc-heading-spacer no_spacer\" style=\"top\"><\/div><div class=\"uvc-main-heading ult-responsive\"  data-ultimate-target='.uvc-heading.ultimate-heading-656069e73bb0690cf p'  data-responsive-json-new='{\"font-size\":\"\",\"line-height\":\"\"}' ><p style=\"--font-weight:theme;\">STERN APOTHEKE<\/p><\/div><div class=\"uvc-sub-heading ult-responsive\"  data-ultimate-target='.uvc-heading.ultimate-heading-656069e73bb0690cf .uvc-sub-heading '  data-responsive-json-new='{\"font-size\":\"\",\"line-height\":\"\"}'  style=\"font-weight:normal;\"><\/p>\n<p>&nbsp;<\/p>\n<p>&nbsp;<\/p>\n<p><\/div><\/div>[vc_empty_space][vc_column_text el_class=&#8220;text-justify&#8220;]<\/p>\n<p>Besonderheiten dieser Installation:<\/p>\n<ul>\n<li>mittelgro\u00dfe Automat f\u00fcr Apotheken<\/li>\n<li>Bedienterminal auf der kurzen Seite<\/li>\n<li>Mit individualisierter Gestaltung: Individualisierte Farbgebung<\/li>\n<\/ul>\n<p>[\/vc_column_text][vc_empty_space][\/vc_column][\/vc_row][vc_row full_width=&#8220;stretch_row_content&#8220; equal_height=&#8220;yes&#8220; content_placement=&#8220;middle&#8220; bg_type=&#8220;bg_color&#8220; bg_override=&#8220;full&#8220; bg_color_value=&#8220;#eeeeef&#8220;][vc_column css=&#8220;.vc_custom_1524126670718{padding-right: 0px !important;padding-left: 0px !important;}&#8220; offset=&#8220;vc_hidden-lg&#8220; el_class=&#8220;full-width-no-padding&#8220;][vc_single_image image=&#8220;10740&#8243; img_size=&#8220;full&#8220;][vc_empty_space]<div id=\"ultimate-heading-475069e73bb069178\" class=\"uvc-heading ult-adjust-bottom-margin ultimate-heading-475069e73bb069178 uvc-1733 head-section-title uvc-heading-default-font-sizes\" data-hspacer=\"no_spacer\"  data-halign=\"center\" style=\"text-align:center\"><div class=\"uvc-heading-spacer no_spacer\" style=\"top\"><\/div><div class=\"uvc-main-heading ult-responsive\"  data-ultimate-target='.uvc-heading.ultimate-heading-475069e73bb069178 p'  data-responsive-json-new='{\"font-size\":\"\",\"line-height\":\"\"}' ><p style=\"--font-weight:theme;\">STERN APOTHEKE<\/p><\/div><div class=\"uvc-sub-heading ult-responsive\"  data-ultimate-target='.uvc-heading.ultimate-heading-475069e73bb069178 .uvc-sub-heading '  data-responsive-json-new='{\"font-size\":\"\",\"line-height\":\"\"}'  style=\"font-weight:normal;\"><\/p>\n<p>&nbsp;<\/p>\n<p>&nbsp;<\/p>\n<p><\/div><\/div>[vc_empty_space][vc_column_text el_class=&#8220;text-justify&#8220;]<\/p>\n<p>Besonderheiten dieser Installation:<\/p>\n<ul>\n<li>mittelgro\u00dfe Automat f\u00fcr Apotheken<\/li>\n<li>Bedienterminal auf der kurzen Seite<\/li>\n<li>Mit individualisierter Gestaltung: Individualisierte Farbgebung<\/li>\n<\/ul>\n<p>[\/vc_column_text][vc_empty_space][\/vc_column][\/vc_row][vc_row][vc_column offset=&#8220;vc_hidden-md vc_hidden-sm vc_hidden-xs&#8220;][vc_empty_space height=&#8220;100px&#8220;][vc_single_image image=&#8220;10733&#8243; img_size=&#8220;full&#8220; alignment=&#8220;center&#8220;][vc_empty_space]<div id=\"ultimate-heading-619869e73bb0691fd\" class=\"uvc-heading ult-adjust-bottom-margin ultimate-heading-619869e73bb0691fd uvc-5449 head-section-title uvc-heading-default-font-sizes\" data-hspacer=\"no_spacer\"  data-halign=\"center\" style=\"text-align:center\"><div class=\"uvc-heading-spacer no_spacer\" style=\"top\"><\/div><div class=\"uvc-main-heading ult-responsive\"  data-ultimate-target='.uvc-heading.ultimate-heading-619869e73bb0691fd p'  data-responsive-json-new='{\"font-size\":\"\",\"line-height\":\"\"}' ><p style=\"--font-weight:theme;\">ERFAHRUNGSBERICHTE VON APOTHEKERN<\/p><\/div><div class=\"uvc-sub-heading ult-responsive\"  data-ultimate-target='.uvc-heading.ultimate-heading-619869e73bb0691fd .uvc-sub-heading '  data-responsive-json-new='{\"font-size\":\"\",\"line-height\":\"\"}'  style=\"font-weight:normal;\"><\/p>\n<p>&nbsp;<\/p>\n<p>&nbsp;<\/p>\n<p><\/div><\/div>[vc_column_text el_class=&#8220;text-justify&#8220;]<\/p>\n<h4><strong>Was hat Sie dazu veranlasst, Ihre Apotheke zu automatisieren?<\/strong><\/h4>\n<p>F\u00fcr den Kommissionier-Automaten habe ich mich entschieden, weil ich der Meinung bin, dass alles, was eine Maschine heutzutage erledigen kann, auch eine Maschine erledigen soll. So k\u00f6nnen wir wieder mehr f\u00fcreinander da sein, von Mensch zu Mensch.<\/p>\n<p>&nbsp;<\/p>\n<h4><strong>Was waren die Gr\u00fcnde sich f\u00fcr Pharmathek zur Automatisierung von Ihrer Apotheke zu entschieden?<\/strong><\/h4>\n<p>F\u00fcr den Pharmathek Automaten habe ich mich aufgrund des innovativen Greifarms, des tollen italienischen Designs und des zeitnahen Vor-Ort-Services entschieden.<\/p>\n<p>&nbsp;<\/p>\n<h4><strong>Was hat sich in der Apotheke seit der Installation des Automaten ge\u00e4ndert?<\/strong><\/h4>\n<p>Seit der Installation des Automaten ist mehr Ruhe ins Backoffice und in die gesamte Apotheke eingekehrt. Au\u00dferdem habe ich im Backoffice mehr Platz gewonnen.<\/p>\n<p>&nbsp;<\/p>\n<h4><strong>Wie haben Kunden auf die Automatisierung reagiert?<\/strong><\/h4>\n<p>Die Kunden sch\u00e4tzen, dass wir noch mehr Zeit f\u00fcr sie und die Beratung haben. Wir bleiben bei ihnen und laufen nicht weg, um Ware zu holen.<\/p>\n<p>&nbsp;<\/p>\n<h4><strong>W\u00fcrden Sie Pharmathek Ihren Kollegen empfehlen?<\/strong><\/h4>\n<p>Den Pharmathek Automaten habe ich in der Vergangenheit einigen Kollegen empfohlen und ich werde dies auch weiterhin tun. Die Kollegen sind \u2013 ebenso wie ich \u2013 \u00fcberaus zufrieden mit dem Kommissionier-Automaten.<\/p>\n<p>&nbsp;<\/p>\n<h4><strong>Welche Vorteile sch\u00e4tzen Sie am meisten nach der Installation des Automaten?<\/strong><\/h4>\n<p>Wir haben so gut wie keine Lagerstandfehler mehr, die Verfalldatenkontrolle l\u00e4uft automatisiert und ich bringe auf gleicher Fl\u00e4che ein Vielfaches an Ware unter. Das zeitaufw\u00e4ndige \u201eAlphabetr\u00fccken\u201c in der Schubschrankanlage bei neuen Rabattvertr\u00e4gen entf\u00e4llt.<\/p>\n<p>&nbsp;<\/p>\n<h4><strong>Ihr Automat ist innerhalb Ihrer Apotheke gut sichtbar. Was hat diese Entscheidung beeinflusst?<\/strong><\/h4>\n<p>Die Automatisierung ist eine Innovation. Sie soll f\u00fcr den Kunden sichtbar und erlebbar sein. So werde ich als innovative Apothekerin und Unternehmerin wahrgenommen.<\/p>\n<p>&nbsp;<\/p>\n<p>Elisabeth Meierhofer<\/p>\n<p>[\/vc_column_text][vc_empty_space height=&#8220;100px&#8220;][\/vc_column][\/vc_row][vc_row][vc_column offset=&#8220;vc_hidden-lg&#8220;][vc_empty_space height=&#8220;50px&#8220;][vc_single_image image=&#8220;10733&#8243; img_size=&#8220;full&#8220; alignment=&#8220;center&#8220;][vc_empty_space]<div id=\"ultimate-heading-420569e73bb069288\" class=\"uvc-heading ult-adjust-bottom-margin ultimate-heading-420569e73bb069288 uvc-5734 head-section-title uvc-heading-default-font-sizes\" data-hspacer=\"no_spacer\"  data-halign=\"center\" style=\"text-align:center\"><div class=\"uvc-heading-spacer no_spacer\" style=\"top\"><\/div><div class=\"uvc-main-heading ult-responsive\"  data-ultimate-target='.uvc-heading.ultimate-heading-420569e73bb069288 p'  data-responsive-json-new='{\"font-size\":\"\",\"line-height\":\"\"}' ><p style=\"--font-weight:theme;\">ERFAHRUNGSBERICHTE VON APOTHEKERN<\/p><\/div><div class=\"uvc-sub-heading ult-responsive\"  data-ultimate-target='.uvc-heading.ultimate-heading-420569e73bb069288 .uvc-sub-heading '  data-responsive-json-new='{\"font-size\":\"\",\"line-height\":\"\"}'  style=\"font-weight:normal;\"><\/p>\n<p>&nbsp;<\/p>\n<p>&nbsp;<\/p>\n<p><\/div><\/div>[vc_column_text el_class=&#8220;text-justify&#8220;]<\/p>\n<h4><strong>Was hat Sie dazu veranlasst, Ihre Apotheke zu automatisieren?<\/strong><\/h4>\n<p>F\u00fcr den Kommissionier-Automaten habe ich mich entschieden, weil ich der Meinung bin, dass alles, was eine Maschine heutzutage erledigen kann, auch eine Maschine erledigen soll. So k\u00f6nnen wir wieder mehr f\u00fcreinander da sein, von Mensch zu Mensch.<\/p>\n<p>&nbsp;<\/p>\n<h4><strong>Was waren die Gr\u00fcnde sich f\u00fcr Pharmathek zur Automatisierung von Ihrer Apotheke zu entschieden?<\/strong><\/h4>\n<p>F\u00fcr den Pharmathek Automaten habe ich mich aufgrund des innovativen Greifarms, des tollen italienischen Designs und des zeitnahen Vor-Ort-Services entschieden.<\/p>\n<p>&nbsp;<\/p>\n<h4><strong>Was hat sich in der Apotheke seit der Installation des Automaten ge\u00e4ndert?<\/strong><\/h4>\n<p>Seit der Installation des Automaten ist mehr Ruhe ins Backoffice und in die gesamte Apotheke eingekehrt. Au\u00dferdem habe ich im Backoffice mehr Platz gewonnen.<\/p>\n<p>&nbsp;<\/p>\n<h4><strong>Wie haben Kunden auf die Automatisierung reagiert?<\/strong><\/h4>\n<p>Die Kunden sch\u00e4tzen, dass wir noch mehr Zeit f\u00fcr sie und die Beratung haben. Wir bleiben bei ihnen und laufen nicht weg, um Ware zu holen.<\/p>\n<p>&nbsp;<\/p>\n<h4><strong>W\u00fcrden Sie Pharmathek Ihren Kollegen empfehlen?<\/strong><\/h4>\n<p>Den Pharmathek Automaten habe ich in der Vergangenheit einigen Kollegen empfohlen und ich werde dies auch weiterhin tun. Die Kollegen sind \u2013 ebenso wie ich \u2013 \u00fcberaus zufrieden mit dem Kommissionier-Automaten.<\/p>\n<p>&nbsp;<\/p>\n<h4><strong>Welche Vorteile sch\u00e4tzen Sie am meisten nach der Installation des Automaten?<\/strong><\/h4>\n<p>Wir haben so gut wie keine Lagerstandfehler mehr, die Verfalldatenkontrolle l\u00e4uft automatisiert und ich bringe auf gleicher Fl\u00e4che ein Vielfaches an Ware unter. Das zeitaufw\u00e4ndige \u201eAlphabetr\u00fccken\u201c in der Schubschrankanlage bei neuen Rabattvertr\u00e4gen entf\u00e4llt.<\/p>\n<p>&nbsp;<\/p>\n<h4><strong>Ihr Automat ist innerhalb Ihrer Apotheke gut sichtbar. Was hat diese Entscheidung beeinflusst?<\/strong><\/h4>\n<p>Die Automatisierung ist eine Innovation. Sie soll f\u00fcr den Kunden sichtbar und erlebbar sein. So werde ich als innovative Apothekerin und Unternehmerin wahrgenommen.<\/p>\n<p>&nbsp;<\/p>\n<p>Elisabeth Meierhofer<\/p>\n<p>[\/vc_column_text][vc_empty_space height=&#8220;50px&#8220;][\/vc_column][\/vc_row][vc_row full_width=&#8220;stretch_row&#8220; bg_type=&#8220;bg_color&#8220; bg_override=&#8220;full&#8220; bg_color_value=&#8220;#eeeeef&#8220;][vc_column offset=&#8220;vc_hidden-md vc_hidden-sm vc_hidden-xs&#8220;][vc_empty_space height=&#8220;100px&#8220;]<div id=\"ultimate-heading-416169e73bb069306\" class=\"uvc-heading ult-adjust-bottom-margin ultimate-heading-416169e73bb069306 uvc-4504 head-section-title uvc-heading-default-font-sizes\" data-hspacer=\"no_spacer\"  data-halign=\"center\" style=\"text-align:center\"><div class=\"uvc-heading-spacer no_spacer\" style=\"top\"><\/div><div class=\"uvc-main-heading ult-responsive\"  data-ultimate-target='.uvc-heading.ultimate-heading-416169e73bb069306 h2'  data-responsive-json-new='{\"font-size\":\"\",\"line-height\":\"\"}' ><h2 style=\"--font-weight:theme;\">GALERIE<\/h2><\/div><div class=\"uvc-sub-heading ult-responsive\"  data-ultimate-target='.uvc-heading.ultimate-heading-416169e73bb069306 .uvc-sub-heading '  data-responsive-json-new='{\"font-size\":\"\",\"line-height\":\"\"}'  style=\"font-weight:normal;\"><\/p>\n<p>&nbsp;<\/p>\n<p>&nbsp;<\/p>\n<p><\/div><\/div>[vc_empty_space height=&#8220;50px&#8220;][vc_masonry_media_grid element_width=&#8220;3&#8243; gap=&#8220;10&#8243; grid_id=&#8220;vc_gid:1609234587695-e48ea861-284a-5&#8243; include=&#8220;10726,10719,10712,10705&#8243;][vc_empty_space height=&#8220;100px&#8220;][\/vc_column][\/vc_row][vc_row full_width=&#8220;stretch_row&#8220; bg_type=&#8220;bg_color&#8220; bg_override=&#8220;full&#8220; bg_color_value=&#8220;#eeeeef&#8220;][vc_column offset=&#8220;vc_hidden-lg&#8220;][vc_empty_space height=&#8220;50px&#8220;]<div id=\"ultimate-heading-821769e73bb069395\" class=\"uvc-heading ult-adjust-bottom-margin ultimate-heading-821769e73bb069395 uvc-6930 head-section-title uvc-heading-default-font-sizes\" data-hspacer=\"no_spacer\"  data-halign=\"center\" style=\"text-align:center\"><div class=\"uvc-heading-spacer no_spacer\" style=\"top\"><\/div><div class=\"uvc-main-heading ult-responsive\"  data-ultimate-target='.uvc-heading.ultimate-heading-821769e73bb069395 h2'  data-responsive-json-new='{\"font-size\":\"\",\"line-height\":\"\"}' ><h2 style=\"--font-weight:theme;\">GALERIE<\/h2><\/div><div class=\"uvc-sub-heading ult-responsive\"  data-ultimate-target='.uvc-heading.ultimate-heading-821769e73bb069395 .uvc-sub-heading '  data-responsive-json-new='{\"font-size\":\"\",\"line-height\":\"\"}'  style=\"font-weight:normal;\"><\/p>\n<p>&nbsp;<\/p>\n<p>&nbsp;<\/p>\n<p><\/div><\/div>[vc_empty_space height=&#8220;50px&#8220;][vc_masonry_media_grid element_width=&#8220;3&#8243; gap=&#8220;10&#8243; grid_id=&#8220;vc_gid:1609234587711-50eba592-22a2-1&#8243; include=&#8220;10726,10719,10712,10705&#8243;][vc_empty_space height=&#8220;50px&#8220;][\/vc_column][\/vc_row][vc_row full_width=&#8220;stretch_row&#8220; bg_type=&#8220;image&#8220; parallax_style=&#8220;vcpb-default&#8220; bg_image_new=&#8220;id^1166|url^http:\/\/www.pharmathek.com\/wp-content\/uploads\/2018\/03\/farmacia-specifiche-background.jpg|caption^null|alt^null|title^farmacia-specifiche-background|description^null&#8220; bg_image_repeat=&#8220;no-repeat&#8220; bg_override=&#8220;full&#8220;][vc_column][vc_empty_space height=&#8220;100px&#8220;]<div id=\"ultimate-heading-214469e73bb069414\" class=\"uvc-heading ult-adjust-bottom-margin ultimate-heading-214469e73bb069414 uvc-2829 head-section-title text-white uvc-heading-default-font-sizes\" data-hspacer=\"no_spacer\"  data-halign=\"center\" style=\"text-align:center\"><div class=\"uvc-heading-spacer no_spacer\" style=\"top\"><\/div><div class=\"uvc-main-heading ult-responsive\"  data-ultimate-target='.uvc-heading.ultimate-heading-214469e73bb069414 h2'  data-responsive-json-new='{\"font-size\":\"\",\"line-height\":\"\"}' ><h2 style=\"--font-weight:theme;\">DAS PROJEKT<\/h2><\/div><div class=\"uvc-sub-heading ult-responsive\"  data-ultimate-target='.uvc-heading.ultimate-heading-214469e73bb069414 .uvc-sub-heading '  data-responsive-json-new='{\"font-size\":\"\",\"line-height\":\"\"}'  style=\"font-weight:normal;\"><\/p>\n<p>&nbsp;<\/p>\n<p>&nbsp;<\/p>\n<p><\/div><\/div>[vc_empty_space height=&#8220;50px&#8220;][vc_separator color=&#8220;white&#8220;][vc_separator color=&#8220;white&#8220;][vc_row_inner][vc_column_inner width=&#8220;1\/2&#8243;][vc_column_text el_class=&#8220;progetto-voci&#8220;]<\/p>\n<p>VORHANDENE PHARMATHEK-L\u00d6SUNGEN<\/p>\n<p>[\/vc_column_text][\/vc_column_inner][vc_column_inner width=&#8220;1\/2&#8243;][vc_column_text el_class=&#8220;progetto-voci-valori&#8220;]<\/p>\n<p>SINTESI + PHARMALOAD<\/p>\n<p>[\/vc_column_text][\/vc_column_inner][\/vc_row_inner][vc_separator color=&#8220;white&#8220;][vc_row_inner][vc_column_inner width=&#8220;1\/2&#8243;][vc_column_text el_class=&#8220;progetto-voci&#8220;]<\/p>\n<p>AUTOMAT-ABMESSUNGEN<\/p>\n<p>[\/vc_column_text][\/vc_column_inner][vc_column_inner width=&#8220;1\/2&#8243;][vc_column_text el_class=&#8220;progetto-voci-valori&#8220;]<\/p>\n<p>L 8.547 x H 2.900 mm<\/p>\n<p>[\/vc_column_text][\/vc_column_inner][\/vc_row_inner][vc_separator color=&#8220;white&#8220;][vc_row_inner][vc_column_inner width=&#8220;1\/2&#8243;][vc_column_text el_class=&#8220;progetto-voci&#8220;]<\/p>\n<p>KAPAZIT\u00c4T IN VERPACKUNGEN<\/p>\n<p>[\/vc_column_text][\/vc_column_inner][vc_column_inner width=&#8220;1\/2&#8243;][vc_column_text el_class=&#8220;progetto-voci-valori&#8220;]<\/p>\n<p>20.600<\/p>\n<p>[\/vc_column_text][\/vc_column_inner][\/vc_row_inner][vc_separator color=&#8220;white&#8220;][vc_row_inner][vc_column_inner width=&#8220;1\/2&#8243;][vc_column_text el_class=&#8220;progetto-voci&#8220;]<\/p>\n<p>AUFSTELLUNG DES AUTOMATEN IN BEZUG AUF DEN HV-TISCH<\/p>\n<p>[\/vc_column_text][\/vc_column_inner][vc_column_inner width=&#8220;1\/2&#8243;][vc_column_text el_class=&#8220;progetto-voci-valori&#8220;]<\/p>\n<p>HINTER DEM HV-TISCH<\/p>\n<p>[\/vc_column_text][\/vc_column_inner][\/vc_row_inner][vc_separator color=&#8220;white&#8220;][vc_row_inner][vc_column_inner width=&#8220;1\/2&#8243;][vc_column_text el_class=&#8220;progetto-voci&#8220;]<\/p>\n<p>BEWEGTE PRODUKTE<\/p>\n<p>[\/vc_column_text][\/vc_column_inner][vc_column_inner width=&#8220;1\/2&#8243;][vc_column_text el_class=&#8220;progetto-voci-valori&#8220;]<\/p>\n<p>zwischen 500 und 1000<\/p>\n<p>[\/vc_column_text][\/vc_column_inner][\/vc_row_inner][vc_separator color=&#8220;white&#8220;][vc_empty_space height=&#8220;100px&#8220;][\/vc_column][\/vc_row][vc_row full_width=&#8220;stretch_row_content_no_spaces&#8220;][vc_column el_class=&#8220;full-width-no-padding&#8220;][vc_single_image image=&#8220;10698&#8243; img_size=&#8220;full&#8220; alignment=&#8220;center&#8220;]<style type=\"text\/css\" data-type=\"the7_shortcodes-inline-css\">#default-btn-8e3854d9bc6e53e02b9ea4600cf28379.ico-right-side > i {\n  margin-right: 0px;\n  margin-left: 8px;\n}\n#default-btn-8e3854d9bc6e53e02b9ea4600cf28379 > i {\n  margin-right: 8px;\n}\n<\/style><div class=\"btn-align-center\"><a href=\"https:\/\/www.pharmathek.com\/de\/installationen\/\" class=\"default-btn-shortcode dt-btn dt-btn-l link-hover-off weight-300 full-width-btn \" id=\"default-btn-8e3854d9bc6e53e02b9ea4600cf28379\"><span>Zur\u00fcck zur Liste der Installationen<\/span><\/a><\/div>[\/vc_column][\/vc_row]<\/p>\n<\/div>","protected":false},"excerpt":{"rendered":"<p>Regenstauf<\/p>\n","protected":false},"author":3,"featured_media":10696,"parent":0,"menu_order":0,"comment_status":"closed","ping_status":"closed","template":"","meta":{"inline_featured_image":false,"footnotes":""},"categories":[67],"tags":[],"class_list":["post-10926","page","type-page","status-publish","has-post-thumbnail","hentry","category-apotheke","description-off"],"_links":{"self":[{"href":"https:\/\/www.pharmathek.com\/de\/wp-json\/wp\/v2\/pages\/10926","targetHints":{"allow":["GET"]}}],"collection":[{"href":"https:\/\/www.pharmathek.com\/de\/wp-json\/wp\/v2\/pages"}],"about":[{"href":"https:\/\/www.pharmathek.com\/de\/wp-json\/wp\/v2\/types\/page"}],"author":[{"embeddable":true,"href":"https:\/\/www.pharmathek.com\/de\/wp-json\/wp\/v2\/users\/3"}],"replies":[{"embeddable":true,"href":"https:\/\/www.pharmathek.com\/de\/wp-json\/wp\/v2\/comments?post=10926"}],"version-history":[{"count":3,"href":"https:\/\/www.pharmathek.com\/de\/wp-json\/wp\/v2\/pages\/10926\/revisions"}],"predecessor-version":[{"id":10949,"href":"https:\/\/www.pharmathek.com\/de\/wp-json\/wp\/v2\/pages\/10926\/revisions\/10949"}],"wp:featuredmedia":[{"embeddable":true,"href":"https:\/\/www.pharmathek.com\/de\/wp-json\/wp\/v2\/media\/10696"}],"wp:attachment":[{"href":"https:\/\/www.pharmathek.com\/de\/wp-json\/wp\/v2\/media?parent=10926"}],"wp:term":[{"taxonomy":"category","embeddable":true,"href":"https:\/\/www.pharmathek.com\/de\/wp-json\/wp\/v2\/categories?post=10926"},{"taxonomy":"post_tag","embeddable":true,"href":"https:\/\/www.pharmathek.com\/de\/wp-json\/wp\/v2\/tags?post=10926"}],"curies":[{"name":"wp","href":"https:\/\/api.w.org\/{rel}","templated":true}]}}