{"id":10931,"date":"2020-12-28T09:55:20","date_gmt":"2020-12-28T08:55:20","guid":{"rendered":"http:\/\/www.pharmathek.com\/farmacia-schloss-dr-lickleder\/"},"modified":"2021-09-29T14:03:40","modified_gmt":"2021-09-29T12:03:40","slug":"schloss-apotheke-dr-lickleder","status":"publish","type":"page","link":"https:\/\/www.pharmathek.com\/de\/schloss-apotheke-dr-lickleder\/","title":{"rendered":"Schlo\u00df-Apotheke"},"content":{"rendered":"<div class=\"wpb-content-wrapper\"><p>[vc_row full_width=&#8220;stretch_row_content&#8220; equal_height=&#8220;yes&#8220; content_placement=&#8220;middle&#8220; bg_type=&#8220;bg_color&#8220; bg_override=&#8220;full&#8220; bg_color_value=&#8220;#eeeeef&#8220;][vc_column width=&#8220;1\/2&#8243; css=&#8220;.vc_custom_1523960338488{padding-right: 0px !important;padding-left: 0px !important;}&#8220; offset=&#8220;vc_hidden-md vc_hidden-sm vc_hidden-xs&#8220;][vc_single_image image=&#8220;10603&#8243; img_size=&#8220;full&#8220;][\/vc_column][vc_column width=&#8220;1\/2&#8243; css=&#8220;.vc_custom_1523960343032{padding-right: 100px !important;padding-left: 100px !important;}&#8220; offset=&#8220;vc_hidden-md vc_hidden-sm vc_hidden-xs&#8220;][vc_empty_space]<div id=\"ultimate-heading-740969d62c21c09ec\" class=\"uvc-heading ult-adjust-bottom-margin ultimate-heading-740969d62c21c09ec uvc-3684 head-section-title uvc-heading-default-font-sizes\" data-hspacer=\"no_spacer\"  data-halign=\"center\" style=\"text-align:center\"><div class=\"uvc-heading-spacer no_spacer\" style=\"top\"><\/div><div class=\"uvc-main-heading ult-responsive\"  data-ultimate-target='.uvc-heading.ultimate-heading-740969d62c21c09ec p'  data-responsive-json-new='{\"font-size\":\"\",\"line-height\":\"\"}' ><p style=\"--font-weight:theme;\">SCHLOSS-APOTHEKE<\/p><\/div><div class=\"uvc-sub-heading ult-responsive\"  data-ultimate-target='.uvc-heading.ultimate-heading-740969d62c21c09ec .uvc-sub-heading '  data-responsive-json-new='{\"font-size\":\"\",\"line-height\":\"\"}'  style=\"font-weight:normal;\"><\/p>\n<p>&nbsp;<\/p>\n<p>&nbsp;<\/p>\n<p><\/div><\/div>[vc_empty_space][vc_column_text el_class=&#8220;text-justify&#8220;]<\/p>\n<p>Besonderheiten dieser Installation:<\/p>\n<ul>\n<li>mittelgro\u00dfe Automat f\u00fcr Apotheken<\/li>\n<li>Bedienterminal auf der langen Seite<\/li>\n<li>Mit individualisierter Gestaltung: Individualisierte Farbgebung<\/li>\n<\/ul>\n<p>[\/vc_column_text][vc_empty_space][\/vc_column][\/vc_row][vc_row full_width=&#8220;stretch_row_content&#8220; equal_height=&#8220;yes&#8220; content_placement=&#8220;middle&#8220; bg_type=&#8220;bg_color&#8220; bg_override=&#8220;full&#8220; bg_color_value=&#8220;#eeeeef&#8220;][vc_column css=&#8220;.vc_custom_1524126670718{padding-right: 0px !important;padding-left: 0px !important;}&#8220; offset=&#8220;vc_hidden-lg&#8220; el_class=&#8220;full-width-no-padding&#8220;][vc_single_image image=&#8220;10603&#8243; img_size=&#8220;full&#8220;][vc_empty_space]<div id=\"ultimate-heading-413669d62c21c0a9d\" class=\"uvc-heading ult-adjust-bottom-margin ultimate-heading-413669d62c21c0a9d uvc-8321 head-section-title uvc-heading-default-font-sizes\" data-hspacer=\"no_spacer\"  data-halign=\"center\" style=\"text-align:center\"><div class=\"uvc-heading-spacer no_spacer\" style=\"top\"><\/div><div class=\"uvc-main-heading ult-responsive\"  data-ultimate-target='.uvc-heading.ultimate-heading-413669d62c21c0a9d p'  data-responsive-json-new='{\"font-size\":\"\",\"line-height\":\"\"}' ><p style=\"--font-weight:theme;\">SCHLOSS-APOTHEKE<\/p><\/div><div class=\"uvc-sub-heading ult-responsive\"  data-ultimate-target='.uvc-heading.ultimate-heading-413669d62c21c0a9d .uvc-sub-heading '  data-responsive-json-new='{\"font-size\":\"\",\"line-height\":\"\"}'  style=\"font-weight:normal;\"><\/p>\n<p>&nbsp;<\/p>\n<p>&nbsp;<\/p>\n<p><\/div><\/div>[vc_empty_space][vc_column_text el_class=&#8220;text-justify&#8220;]<\/p>\n<p>Besonderheiten dieser Installation:<\/p>\n<ul>\n<li>mittelgro\u00dfe Automat f\u00fcr Apotheken<\/li>\n<li>Bedienterminal auf der langen Seite<\/li>\n<li>Mit individualisierter Gestaltung: Individualisierte Farbgebung<\/li>\n<\/ul>\n<p>[\/vc_column_text][vc_empty_space][\/vc_column][\/vc_row][vc_row][vc_column offset=&#8220;vc_hidden-md vc_hidden-sm vc_hidden-xs&#8220;][vc_empty_space height=&#8220;100px&#8220;][vc_single_image image=&#8220;10596&#8243; img_size=&#8220;full&#8220; alignment=&#8220;center&#8220;][vc_empty_space]<div id=\"ultimate-heading-253369d62c21c0b22\" class=\"uvc-heading ult-adjust-bottom-margin ultimate-heading-253369d62c21c0b22 uvc-1349 head-section-title uvc-heading-default-font-sizes\" data-hspacer=\"no_spacer\"  data-halign=\"center\" style=\"text-align:center\"><div class=\"uvc-heading-spacer no_spacer\" style=\"top\"><\/div><div class=\"uvc-main-heading ult-responsive\"  data-ultimate-target='.uvc-heading.ultimate-heading-253369d62c21c0b22 p'  data-responsive-json-new='{\"font-size\":\"\",\"line-height\":\"\"}' ><p style=\"--font-weight:theme;\">ERFAHRUNGSBERICHTE VON APOTHEKERN<\/p><\/div><div class=\"uvc-sub-heading ult-responsive\"  data-ultimate-target='.uvc-heading.ultimate-heading-253369d62c21c0b22 .uvc-sub-heading '  data-responsive-json-new='{\"font-size\":\"\",\"line-height\":\"\"}'  style=\"font-weight:normal;\"><\/p>\n<p>&nbsp;<\/p>\n<p>&nbsp;<\/p>\n<p><\/div><\/div>[vc_column_text el_class=&#8220;text-justify&#8220;]<\/p>\n<h4>Was waren die Gr\u00fcnde sich f\u00fcr Pharmathek zur Automatisierung von Ihrer Apotheke zu entschieden?<\/h4>\n<p>Im Zuge des kompletten Umbaus unserer Apotheke interessierte ich mich auch f\u00fcr einen Kommissionierautomaten, der in einer modernen Apotheke heute nicht mehr fehlen sollte.<\/p>\n<p>Bei Kollegen konnte ich mir die verschiedensten Hersteller und Systeme genauer ansehen, unter anderem auch einen Automaten von Pharmathek.<\/p>\n<p>Die Firma erm\u00f6glichte mir, das Werk in Verona und die Entstehung und Verarbeitung eines Kommisionierers pers\u00f6nlich in Augenschein zu nehmen.<\/p>\n<p>&nbsp;<\/p>\n<p>Die saubere und solide Verarbeitung und das gute Preis-Leistungsverh\u00e4ltnis haben mich dazu bewogen, die in Deutschland noch junge Firma Pharmathek zu w\u00e4hlen und ich wurde nicht entt\u00e4uscht:<\/p>\n<p>Anlieferung und Montage aus Italien waren einwandfrei, schnell und sauber.<\/p>\n<p>Der neue Mitarbeiter namens &#8222;Luigi&#8220; arbeitet sehr zuverl\u00e4ssig und wartungsarm, und ist mittlerweile nicht mehr wegzudenken.<\/p>\n<p>Einer der wichtigsten Punkte bleibt nat\u00fcrlich die gute Serviceunterst\u00fctzung &#8211; und hier setzt Pharmathek wirklich Ma\u00dfst\u00e4be.<\/p>\n<p>&nbsp;<\/p>\n<p>Michaela Lickleder<\/p>\n<p>[\/vc_column_text][vc_empty_space height=&#8220;100px&#8220;][\/vc_column][\/vc_row][vc_row][vc_column offset=&#8220;vc_hidden-lg&#8220;][vc_empty_space height=&#8220;50px&#8220;][vc_single_image image=&#8220;10596&#8243; img_size=&#8220;full&#8220; alignment=&#8220;center&#8220;][vc_empty_space]<div id=\"ultimate-heading-828769d62c21c0ba3\" class=\"uvc-heading ult-adjust-bottom-margin ultimate-heading-828769d62c21c0ba3 uvc-5233 head-section-title uvc-heading-default-font-sizes\" data-hspacer=\"no_spacer\"  data-halign=\"center\" style=\"text-align:center\"><div class=\"uvc-heading-spacer no_spacer\" style=\"top\"><\/div><div class=\"uvc-main-heading ult-responsive\"  data-ultimate-target='.uvc-heading.ultimate-heading-828769d62c21c0ba3 p'  data-responsive-json-new='{\"font-size\":\"\",\"line-height\":\"\"}' ><p style=\"--font-weight:theme;\">ERFAHRUNGSBERICHTE VON APOTHEKERN<\/p><\/div><div class=\"uvc-sub-heading ult-responsive\"  data-ultimate-target='.uvc-heading.ultimate-heading-828769d62c21c0ba3 .uvc-sub-heading '  data-responsive-json-new='{\"font-size\":\"\",\"line-height\":\"\"}'  style=\"font-weight:normal;\"><\/p>\n<p>&nbsp;<\/p>\n<p>&nbsp;<\/p>\n<p><\/div><\/div>[vc_column_text el_class=&#8220;text-justify&#8220;]<\/p>\n<h4>Was waren die Gr\u00fcnde sich f\u00fcr Pharmathek zur Automatisierung von Ihrer Apotheke zu entschieden?<\/h4>\n<p>Im Zuge des kompletten Umbaus unserer Apotheke interessierte ich mich auch f\u00fcr einen Kommissionierautomaten, der in einer modernen Apotheke heute nicht mehr fehlen sollte.<\/p>\n<p>Bei Kollegen konnte ich mir die verschiedensten Hersteller und Systeme genauer ansehen, unter anderem auch einen Automaten von Pharmathek.<\/p>\n<p>Die Firma erm\u00f6glichte mir, das Werk in Verona und die Entstehung und Verarbeitung eines Kommisionierers pers\u00f6nlich in Augenschein zu nehmen.<\/p>\n<p>&nbsp;<\/p>\n<p>Die saubere und solide Verarbeitung und das gute Preis-Leistungsverh\u00e4ltnis haben mich dazu bewogen, die in Deutschland noch junge Firma Pharmathek zu w\u00e4hlen und ich wurde nicht entt\u00e4uscht:<\/p>\n<p>Anlieferung und Montage aus Italien waren einwandfrei, schnell und sauber.<\/p>\n<p>Der neue Mitarbeiter namens &#8222;Luigi&#8220; arbeitet sehr zuverl\u00e4ssig und wartungsarm, und ist mittlerweile nicht mehr wegzudenken.<\/p>\n<p>Einer der wichtigsten Punkte bleibt nat\u00fcrlich die gute Serviceunterst\u00fctzung &#8211; und hier setzt Pharmathek wirklich Ma\u00dfst\u00e4be.<\/p>\n<p>&nbsp;<\/p>\n<p>Michaela Lickleder<\/p>\n<p>[\/vc_column_text][vc_empty_space height=&#8220;50px&#8220;][\/vc_column][\/vc_row][vc_row full_width=&#8220;stretch_row&#8220; bg_type=&#8220;bg_color&#8220; bg_override=&#8220;full&#8220; bg_color_value=&#8220;#eeeeef&#8220;][vc_column offset=&#8220;vc_hidden-md vc_hidden-sm vc_hidden-xs&#8220;][vc_empty_space height=&#8220;100px&#8220;]<div id=\"ultimate-heading-740469d62c21c0c21\" class=\"uvc-heading ult-adjust-bottom-margin ultimate-heading-740469d62c21c0c21 uvc-934 head-section-title uvc-heading-default-font-sizes\" data-hspacer=\"no_spacer\"  data-halign=\"center\" style=\"text-align:center\"><div class=\"uvc-heading-spacer no_spacer\" style=\"top\"><\/div><div class=\"uvc-main-heading ult-responsive\"  data-ultimate-target='.uvc-heading.ultimate-heading-740469d62c21c0c21 h2'  data-responsive-json-new='{\"font-size\":\"\",\"line-height\":\"\"}' ><h2 style=\"--font-weight:theme;\">GALERIE<\/h2><\/div><div class=\"uvc-sub-heading ult-responsive\"  data-ultimate-target='.uvc-heading.ultimate-heading-740469d62c21c0c21 .uvc-sub-heading '  data-responsive-json-new='{\"font-size\":\"\",\"line-height\":\"\"}'  style=\"font-weight:normal;\"><\/p>\n<p>&nbsp;<\/p>\n<p>&nbsp;<\/p>\n<p><\/div><\/div>[vc_empty_space height=&#8220;50px&#8220;][vc_masonry_media_grid element_width=&#8220;3&#8243; gap=&#8220;10&#8243; grid_id=&#8220;vc_gid:1609234599932-9e880e9f-9167-2&#8243; include=&#8220;10589,10582,10568,10575&#8243;][vc_empty_space height=&#8220;100px&#8220;][\/vc_column][\/vc_row][vc_row full_width=&#8220;stretch_row&#8220; bg_type=&#8220;bg_color&#8220; bg_override=&#8220;full&#8220; bg_color_value=&#8220;#eeeeef&#8220;][vc_column offset=&#8220;vc_hidden-lg&#8220;][vc_empty_space height=&#8220;50px&#8220;]<div id=\"ultimate-heading-581669d62c21c0c9d\" class=\"uvc-heading ult-adjust-bottom-margin ultimate-heading-581669d62c21c0c9d uvc-342 head-section-title uvc-heading-default-font-sizes\" data-hspacer=\"no_spacer\"  data-halign=\"center\" style=\"text-align:center\"><div class=\"uvc-heading-spacer no_spacer\" style=\"top\"><\/div><div class=\"uvc-main-heading ult-responsive\"  data-ultimate-target='.uvc-heading.ultimate-heading-581669d62c21c0c9d h2'  data-responsive-json-new='{\"font-size\":\"\",\"line-height\":\"\"}' ><h2 style=\"--font-weight:theme;\">GALERIE<\/h2><\/div><div class=\"uvc-sub-heading ult-responsive\"  data-ultimate-target='.uvc-heading.ultimate-heading-581669d62c21c0c9d .uvc-sub-heading '  data-responsive-json-new='{\"font-size\":\"\",\"line-height\":\"\"}'  style=\"font-weight:normal;\"><\/p>\n<p>&nbsp;<\/p>\n<p>&nbsp;<\/p>\n<p><\/div><\/div>[vc_empty_space height=&#8220;50px&#8220;][vc_masonry_media_grid element_width=&#8220;3&#8243; gap=&#8220;10&#8243; grid_id=&#8220;vc_gid:1609234599952-b9295e6f-9295-9&#8243; include=&#8220;10589,10582,10568,10575&#8243;][vc_empty_space height=&#8220;50px&#8220;][\/vc_column][\/vc_row][vc_row full_width=&#8220;stretch_row&#8220; bg_type=&#8220;image&#8220; parallax_style=&#8220;vcpb-default&#8220; bg_image_new=&#8220;id^1166|url^http:\/\/www.pharmathek.com\/wp-content\/uploads\/2018\/03\/farmacia-specifiche-background.jpg|caption^null|alt^null|title^farmacia-specifiche-background|description^null&#8220; bg_image_repeat=&#8220;no-repeat&#8220; bg_override=&#8220;full&#8220;][vc_column][vc_empty_space height=&#8220;100px&#8220;]<div id=\"ultimate-heading-908669d62c21c0d16\" class=\"uvc-heading ult-adjust-bottom-margin ultimate-heading-908669d62c21c0d16 uvc-4797 head-section-title text-white uvc-heading-default-font-sizes\" data-hspacer=\"no_spacer\"  data-halign=\"center\" style=\"text-align:center\"><div class=\"uvc-heading-spacer no_spacer\" style=\"top\"><\/div><div class=\"uvc-main-heading ult-responsive\"  data-ultimate-target='.uvc-heading.ultimate-heading-908669d62c21c0d16 h2'  data-responsive-json-new='{\"font-size\":\"\",\"line-height\":\"\"}' ><h2 style=\"--font-weight:theme;\">DAS PROJEKT<\/h2><\/div><div class=\"uvc-sub-heading ult-responsive\"  data-ultimate-target='.uvc-heading.ultimate-heading-908669d62c21c0d16 .uvc-sub-heading '  data-responsive-json-new='{\"font-size\":\"\",\"line-height\":\"\"}'  style=\"font-weight:normal;\"><\/p>\n<p>&nbsp;<\/p>\n<p>&nbsp;<\/p>\n<p><\/div><\/div>[vc_empty_space height=&#8220;50px&#8220;][vc_separator color=&#8220;white&#8220;][vc_separator color=&#8220;white&#8220;][vc_row_inner][vc_column_inner width=&#8220;1\/2&#8243;][vc_column_text el_class=&#8220;progetto-voci&#8220;]<\/p>\n<p>VORHANDENE PHARMATHEK-L\u00d6SUNGEN<\/p>\n<p>[\/vc_column_text][\/vc_column_inner][vc_column_inner width=&#8220;1\/2&#8243;][vc_column_text el_class=&#8220;progetto-voci-valori&#8220;]<\/p>\n<p>SINTESI<\/p>\n<p>[\/vc_column_text][\/vc_column_inner][\/vc_row_inner][vc_separator color=&#8220;white&#8220;][vc_row_inner][vc_column_inner width=&#8220;1\/2&#8243;][vc_column_text el_class=&#8220;progetto-voci&#8220;]<\/p>\n<p>AUTOMAT-ABMESSUNGEN<\/p>\n<p>[\/vc_column_text][\/vc_column_inner][vc_column_inner width=&#8220;1\/2&#8243;][vc_column_text el_class=&#8220;progetto-voci-valori&#8220;]<\/p>\n<p>L 6.547 x H 2.200 mm<\/p>\n<p>[\/vc_column_text][\/vc_column_inner][\/vc_row_inner][vc_separator color=&#8220;white&#8220;][vc_row_inner][vc_column_inner width=&#8220;1\/2&#8243;][vc_column_text el_class=&#8220;progetto-voci&#8220;]<\/p>\n<p>KAPAZIT\u00c4T IN VERPACKUNGEN<\/p>\n<p>[\/vc_column_text][\/vc_column_inner][vc_column_inner width=&#8220;1\/2&#8243;][vc_column_text el_class=&#8220;progetto-voci-valori&#8220;]<\/p>\n<p>10.900<\/p>\n<p>[\/vc_column_text][\/vc_column_inner][\/vc_row_inner][vc_separator color=&#8220;white&#8220;][vc_row_inner][vc_column_inner width=&#8220;1\/2&#8243;][vc_column_text el_class=&#8220;progetto-voci&#8220;]<\/p>\n<p>AUFSTELLUNG DES AUTOMATEN IN BEZUG AUF DEN HV-TISCH<\/p>\n<p>[\/vc_column_text][\/vc_column_inner][vc_column_inner width=&#8220;1\/2&#8243;][vc_column_text el_class=&#8220;progetto-voci-valori&#8220;]<\/p>\n<p>HINTER DEM HV-TISCH<\/p>\n<p>[\/vc_column_text][\/vc_column_inner][\/vc_row_inner][vc_separator color=&#8220;white&#8220;][vc_row_inner][vc_column_inner width=&#8220;1\/2&#8243;][vc_column_text el_class=&#8220;progetto-voci&#8220;]<\/p>\n<p>BEWEGTE PRODUKTE<\/p>\n<p>[\/vc_column_text][\/vc_column_inner][vc_column_inner width=&#8220;1\/2&#8243;][vc_column_text el_class=&#8220;progetto-voci-valori&#8220;]<\/p>\n<p>zwischen 500 und 1000<\/p>\n<p>[\/vc_column_text][\/vc_column_inner][\/vc_row_inner][vc_separator color=&#8220;white&#8220;][vc_empty_space height=&#8220;100px&#8220;][\/vc_column][\/vc_row][vc_row full_width=&#8220;stretch_row_content_no_spaces&#8220;][vc_column el_class=&#8220;full-width-no-padding&#8220;][vc_single_image image=&#8220;10561&#8243; img_size=&#8220;full&#8220; alignment=&#8220;center&#8220;]<style type=\"text\/css\" data-type=\"the7_shortcodes-inline-css\">#default-btn-8e3854d9bc6e53e02b9ea4600cf28379.ico-right-side > i {\n  margin-right: 0px;\n  margin-left: 8px;\n}\n#default-btn-8e3854d9bc6e53e02b9ea4600cf28379 > i {\n  margin-right: 8px;\n}\n<\/style><div class=\"btn-align-center\"><a href=\"https:\/\/www.pharmathek.com\/de\/installationen\/\" class=\"default-btn-shortcode dt-btn dt-btn-l link-hover-off weight-300 full-width-btn \" id=\"default-btn-8e3854d9bc6e53e02b9ea4600cf28379\"><span>Zur\u00fcck zur Liste der Installationen<\/span><\/a><\/div>[\/vc_column][\/vc_row]<\/p>\n<\/div>","protected":false},"excerpt":{"rendered":"<p>Roth <\/p>\n","protected":false},"author":3,"featured_media":10559,"parent":0,"menu_order":0,"comment_status":"closed","ping_status":"closed","template":"","meta":{"inline_featured_image":false,"footnotes":""},"categories":[67],"tags":[],"class_list":["post-10931","page","type-page","status-publish","has-post-thumbnail","hentry","category-apotheke","description-off"],"_links":{"self":[{"href":"https:\/\/www.pharmathek.com\/de\/wp-json\/wp\/v2\/pages\/10931","targetHints":{"allow":["GET"]}}],"collection":[{"href":"https:\/\/www.pharmathek.com\/de\/wp-json\/wp\/v2\/pages"}],"about":[{"href":"https:\/\/www.pharmathek.com\/de\/wp-json\/wp\/v2\/types\/page"}],"author":[{"embeddable":true,"href":"https:\/\/www.pharmathek.com\/de\/wp-json\/wp\/v2\/users\/3"}],"replies":[{"embeddable":true,"href":"https:\/\/www.pharmathek.com\/de\/wp-json\/wp\/v2\/comments?post=10931"}],"version-history":[{"count":3,"href":"https:\/\/www.pharmathek.com\/de\/wp-json\/wp\/v2\/pages\/10931\/revisions"}],"predecessor-version":[{"id":10951,"href":"https:\/\/www.pharmathek.com\/de\/wp-json\/wp\/v2\/pages\/10931\/revisions\/10951"}],"wp:featuredmedia":[{"embeddable":true,"href":"https:\/\/www.pharmathek.com\/de\/wp-json\/wp\/v2\/media\/10559"}],"wp:attachment":[{"href":"https:\/\/www.pharmathek.com\/de\/wp-json\/wp\/v2\/media?parent=10931"}],"wp:term":[{"taxonomy":"category","embeddable":true,"href":"https:\/\/www.pharmathek.com\/de\/wp-json\/wp\/v2\/categories?post=10931"},{"taxonomy":"post_tag","embeddable":true,"href":"https:\/\/www.pharmathek.com\/de\/wp-json\/wp\/v2\/tags?post=10931"}],"curies":[{"name":"wp","href":"https:\/\/api.w.org\/{rel}","templated":true}]}}