{"id":10939,"date":"2020-12-28T14:39:20","date_gmt":"2020-12-28T13:39:20","guid":{"rendered":"http:\/\/www.pharmathek.com\/farmacia-draxlmaier-im-westpark\/"},"modified":"2021-09-29T13:59:19","modified_gmt":"2021-09-29T11:59:19","slug":"draxlmaier-apotheke-im-westpark","status":"publish","type":"page","link":"https:\/\/www.pharmathek.com\/de\/draxlmaier-apotheke-im-westpark\/","title":{"rendered":"Dr\u00e4xlmaier Apotheke im Westpark"},"content":{"rendered":"<div class=\"wpb-content-wrapper\"><p>[vc_row full_width=&#8220;stretch_row_content&#8220; equal_height=&#8220;yes&#8220; content_placement=&#8220;middle&#8220; bg_type=&#8220;bg_color&#8220; bg_override=&#8220;full&#8220; bg_color_value=&#8220;#eeeeef&#8220;][vc_column width=&#8220;1\/2&#8243; css=&#8220;.vc_custom_1523960338488{padding-right: 0px !important;padding-left: 0px !important;}&#8220; offset=&#8220;vc_hidden-md vc_hidden-sm vc_hidden-xs&#8220;][vc_single_image image=&#8220;10848&#8243; img_size=&#8220;full&#8220;][\/vc_column][vc_column width=&#8220;1\/2&#8243; css=&#8220;.vc_custom_1523960343032{padding-right: 100px !important;padding-left: 100px !important;}&#8220; offset=&#8220;vc_hidden-md vc_hidden-sm vc_hidden-xs&#8220;][vc_empty_space]<div id=\"ultimate-heading-242669ea41c153129\" class=\"uvc-heading ult-adjust-bottom-margin ultimate-heading-242669ea41c153129 uvc-923 head-section-title uvc-heading-default-font-sizes\" data-hspacer=\"no_spacer\"  data-halign=\"center\" style=\"text-align:center\"><div class=\"uvc-heading-spacer no_spacer\" style=\"top\"><\/div><div class=\"uvc-main-heading ult-responsive\"  data-ultimate-target='.uvc-heading.ultimate-heading-242669ea41c153129 p'  data-responsive-json-new='{\"font-size\":\"\",\"line-height\":\"\"}' ><p style=\"--font-weight:theme;\">DR\u00c4XLMAIER APOTHEKE IM WESTPARK<\/p><\/div><div class=\"uvc-sub-heading ult-responsive\"  data-ultimate-target='.uvc-heading.ultimate-heading-242669ea41c153129 .uvc-sub-heading '  data-responsive-json-new='{\"font-size\":\"\",\"line-height\":\"\"}'  style=\"font-weight:normal;\"><\/p>\n<p>&nbsp;<\/p>\n<p>&nbsp;<\/p>\n<p><\/div><\/div>[vc_empty_space][vc_column_text el_class=&#8220;text-justify&#8220;]<\/p>\n<p>Besonderheiten dieser Installation:<\/p>\n<ul>\n<li>gro\u00dfe Automat f\u00fcr Apotheken<\/li>\n<li>Sehr langer Automat<\/li>\n<li>Bedienterminal auf der kurzen Seite<\/li>\n<li>Mit individualisierter Gestaltung: Individualisierte Farbgebung + Glasscheiben<\/li>\n<\/ul>\n<p>[\/vc_column_text][vc_empty_space][\/vc_column][\/vc_row][vc_row full_width=&#8220;stretch_row_content&#8220; equal_height=&#8220;yes&#8220; content_placement=&#8220;middle&#8220; bg_type=&#8220;bg_color&#8220; bg_override=&#8220;full&#8220; bg_color_value=&#8220;#eeeeef&#8220;][vc_column css=&#8220;.vc_custom_1524126670718{padding-right: 0px !important;padding-left: 0px !important;}&#8220; offset=&#8220;vc_hidden-lg&#8220; el_class=&#8220;full-width-no-padding&#8220;][vc_single_image image=&#8220;10848&#8243; img_size=&#8220;full&#8220;][vc_empty_space]<div id=\"ultimate-heading-623869ea41c1531d7\" class=\"uvc-heading ult-adjust-bottom-margin ultimate-heading-623869ea41c1531d7 uvc-5571 head-section-title uvc-heading-default-font-sizes\" data-hspacer=\"no_spacer\"  data-halign=\"center\" style=\"text-align:center\"><div class=\"uvc-heading-spacer no_spacer\" style=\"top\"><\/div><div class=\"uvc-main-heading ult-responsive\"  data-ultimate-target='.uvc-heading.ultimate-heading-623869ea41c1531d7 p'  data-responsive-json-new='{\"font-size\":\"\",\"line-height\":\"\"}' ><p style=\"--font-weight:theme;\">DR\u00c4XLMAIER APOTHEKE IM WESTPARK<\/p><\/div><div class=\"uvc-sub-heading ult-responsive\"  data-ultimate-target='.uvc-heading.ultimate-heading-623869ea41c1531d7 .uvc-sub-heading '  data-responsive-json-new='{\"font-size\":\"\",\"line-height\":\"\"}'  style=\"font-weight:normal;\"><\/p>\n<p>&nbsp;<\/p>\n<p>&nbsp;<\/p>\n<p><\/div><\/div>[vc_empty_space][vc_column_text el_class=&#8220;text-justify&#8220;]<\/p>\n<p>Besonderheiten dieser Installation:<\/p>\n<ul>\n<li>gro\u00dfe Automat f\u00fcr Apotheken<\/li>\n<li>Sehr langer Automat<\/li>\n<li>Bedienterminal auf der kurzen Seite<\/li>\n<li>Mit individualisierter Gestaltung: Individualisierte Farbgebung + Glasscheiben<\/li>\n<\/ul>\n<p>[\/vc_column_text][vc_empty_space][\/vc_column][\/vc_row][vc_row][vc_column offset=&#8220;vc_hidden-md vc_hidden-sm vc_hidden-xs&#8220;][vc_empty_space height=&#8220;100px&#8220;][vc_single_image image=&#8220;6938&#8243; img_size=&#8220;full&#8220; alignment=&#8220;center&#8220;][vc_empty_space]<div id=\"ultimate-heading-357269ea41c15325b\" class=\"uvc-heading ult-adjust-bottom-margin ultimate-heading-357269ea41c15325b uvc-8713 head-section-title uvc-heading-default-font-sizes\" data-hspacer=\"no_spacer\"  data-halign=\"center\" style=\"text-align:center\"><div class=\"uvc-heading-spacer no_spacer\" style=\"top\"><\/div><div class=\"uvc-main-heading ult-responsive\"  data-ultimate-target='.uvc-heading.ultimate-heading-357269ea41c15325b p'  data-responsive-json-new='{\"font-size\":\"\",\"line-height\":\"\"}' ><p style=\"--font-weight:theme;\">ERFAHRUNGSBERICHTE VON APOTHEKERN<\/p><\/div><div class=\"uvc-sub-heading ult-responsive\"  data-ultimate-target='.uvc-heading.ultimate-heading-357269ea41c15325b .uvc-sub-heading '  data-responsive-json-new='{\"font-size\":\"\",\"line-height\":\"\"}'  style=\"font-weight:normal;\"><\/p>\n<p>&nbsp;<\/p>\n<p>&nbsp;<\/p>\n<p><\/div><\/div>[vc_column_text el_class=&#8220;text-justify&#8220;]<\/p>\n<h4>Was hat Sie dazu veranlasst, Ihre Apotheke zu automatisieren?<\/h4>\n<p>F\u00fcr uns geh\u00f6rt zu einer modernen Apotheke &#8211; mit hoher Kundenfrequenz- die Automatisierung dazu.<\/p>\n<p>Zudem ist damit eine zeitgem\u00e4\u00dfe Warenlagerpflege m\u00f6glich.<\/p>\n<p>&nbsp;<\/p>\n<h4>Was waren die Gr\u00fcnde sich f\u00fcr Pharmathek zur Automatisierung von Ihrer Apotheke zu entschieden?<\/h4>\n<p>Wir haben schon einen Pharmathek Automaten an unserem Standort in Regensburg im Donau-Einkaufszentrum. Wir sind sehr zufrieden und freuen uns \u00fcber den exzellenten Service. Pharmathek hat gerade an unserem neuen Standort alle r\u00e4umlichen\/optischen Anspr\u00fcche seitens unseres Architekten m\u00f6glich gemacht.<\/p>\n<h4>Wie haben Kunden auf die Automatisierung reagiert?<\/h4>\n<p>Unsere Kunden sind begeistert. Der Automat ist das optische Highlight der Apotheke, das zentrale Element. Ab einer H\u00f6he von 2,20. ist er gl\u00e4sern und gibt damit dem Kunden die unmittelbare Transparenz. <u><\/u><\/p>\n<p>&nbsp;<\/p>\n<h4>Welche Vorteile sch\u00e4tzen Sie am meisten nach der Installation des Automaten?<\/h4>\n<p>Am meisten sch\u00e4tzen wir den exzellenten Service. An dieser Stelle m\u00f6chten wir ausdr\u00fccklich Herrn Gerrit Krausser nennen, der zu jeder Tages- und Nachtzeit erreichbar ist und sich zuverl\u00e4ssig k\u00fcmmert.<\/p>\n<h4>Ihr Automat ist innerhalb \/ au\u00dferhalb Ihrer Apotheke gut sichtbar. Was hat diese Entscheidung beeinflusst?<\/h4>\n<p>Wir wollten ein optisches Highlight setzen und dem Kunden die maximal m\u00f6gliche Transparenz geben.<\/p>\n<p>&nbsp;<\/p>\n<h4>W\u00fcrden Sie Pharmathek Ihren Kollegen empfehlen?<\/h4>\n<p>Aus den o.g. Gr\u00fcnden auf jeden Fall.<\/p>\n<p>&nbsp;<\/p>\n<p>Anabelle Dr\u00e4xlmaier<\/p>\n<p>[\/vc_column_text][vc_empty_space height=&#8220;100px&#8220;][\/vc_column][\/vc_row][vc_row][vc_column offset=&#8220;vc_hidden-lg&#8220;][vc_empty_space height=&#8220;50px&#8220;][vc_single_image image=&#8220;6938&#8243; img_size=&#8220;full&#8220; alignment=&#8220;center&#8220;][vc_empty_space]<div id=\"ultimate-heading-17469ea41c1532e6\" class=\"uvc-heading ult-adjust-bottom-margin ultimate-heading-17469ea41c1532e6 uvc-8177 head-section-title uvc-heading-default-font-sizes\" data-hspacer=\"no_spacer\"  data-halign=\"center\" style=\"text-align:center\"><div class=\"uvc-heading-spacer no_spacer\" style=\"top\"><\/div><div class=\"uvc-main-heading ult-responsive\"  data-ultimate-target='.uvc-heading.ultimate-heading-17469ea41c1532e6 p'  data-responsive-json-new='{\"font-size\":\"\",\"line-height\":\"\"}' ><p style=\"--font-weight:theme;\">ERFAHRUNGSBERICHTE VON APOTHEKERN<\/p><\/div><div class=\"uvc-sub-heading ult-responsive\"  data-ultimate-target='.uvc-heading.ultimate-heading-17469ea41c1532e6 .uvc-sub-heading '  data-responsive-json-new='{\"font-size\":\"\",\"line-height\":\"\"}'  style=\"font-weight:normal;\"><\/p>\n<p>&nbsp;<\/p>\n<p>&nbsp;<\/p>\n<p><\/div><\/div>[vc_empty_space][vc_column_text el_class=&#8220;text-justify&#8220;]<\/p>\n<h4>Was hat Sie dazu veranlasst, Ihre Apotheke zu automatisieren?<\/h4>\n<p>F\u00fcr uns geh\u00f6rt zu einer modernen Apotheke &#8211; mit hoher Kundenfrequenz- die Automatisierung dazu.<\/p>\n<p>Zudem ist damit eine zeitgem\u00e4\u00dfe Warenlagerpflege m\u00f6glich.<\/p>\n<p>&nbsp;<\/p>\n<h4>Was waren die Gr\u00fcnde sich f\u00fcr Pharmathek zur Automatisierung von Ihrer Apotheke zu entschieden?<\/h4>\n<p>Wir haben schon einen Pharmathek Automaten an unserem Standort in Regensburg im Donau-Einkaufszentrum. Wir sind sehr zufrieden und freuen uns \u00fcber den exzellenten Service. Pharmathek hat gerade an unserem neuen Standort alle r\u00e4umlichen\/optischen Anspr\u00fcche seitens unseres Architekten m\u00f6glich gemacht.<\/p>\n<h4>Wie haben Kunden auf die Automatisierung reagiert?<\/h4>\n<p>Unsere Kunden sind begeistert. Der Automat ist das optische Highlight der Apotheke, das zentrale Element. Ab einer H\u00f6he von 2,20. ist er gl\u00e4sern und gibt damit dem Kunden die unmittelbare Transparenz. <u><\/u><\/p>\n<p>&nbsp;<\/p>\n<h4>Welche Vorteile sch\u00e4tzen Sie am meisten nach der Installation des Automaten?<\/h4>\n<p>Am meisten sch\u00e4tzen wir den exzellenten Service. An dieser Stelle m\u00f6chten wir ausdr\u00fccklich Herrn Gerrit Krausser nennen, der zu jeder Tages- und Nachtzeit erreichbar ist und sich zuverl\u00e4ssig k\u00fcmmert.<\/p>\n<h4>Ihr Automat ist innerhalb \/ au\u00dferhalb Ihrer Apotheke gut sichtbar. Was hat diese Entscheidung beeinflusst?<\/h4>\n<p>Wir wollten ein optisches Highlight setzen und dem Kunden die maximal m\u00f6gliche Transparenz geben.<\/p>\n<p>&nbsp;<\/p>\n<h4>W\u00fcrden Sie Pharmathek Ihren Kollegen empfehlen?<\/h4>\n<p>Aus den o.g. Gr\u00fcnden auf jeden Fall.<\/p>\n<p>&nbsp;<\/p>\n<p>Anabelle Dr\u00e4xlmaier<\/p>\n<p>[\/vc_column_text][vc_empty_space height=&#8220;50px&#8220;][\/vc_column][\/vc_row][vc_row full_width=&#8220;stretch_row&#8220; bg_type=&#8220;bg_color&#8220; bg_override=&#8220;full&#8220; bg_color_value=&#8220;#eeeeef&#8220;][vc_column offset=&#8220;vc_hidden-md vc_hidden-sm vc_hidden-xs&#8220;][vc_empty_space height=&#8220;100px&#8220;]<div id=\"ultimate-heading-833169ea41c153370\" class=\"uvc-heading ult-adjust-bottom-margin ultimate-heading-833169ea41c153370 uvc-4593 head-section-title uvc-heading-default-font-sizes\" data-hspacer=\"no_spacer\"  data-halign=\"center\" style=\"text-align:center\"><div class=\"uvc-heading-spacer no_spacer\" style=\"top\"><\/div><div class=\"uvc-main-heading ult-responsive\"  data-ultimate-target='.uvc-heading.ultimate-heading-833169ea41c153370 h2'  data-responsive-json-new='{\"font-size\":\"\",\"line-height\":\"\"}' ><h2 style=\"--font-weight:theme;\">GALERIE<\/h2><\/div><div class=\"uvc-sub-heading ult-responsive\"  data-ultimate-target='.uvc-heading.ultimate-heading-833169ea41c153370 .uvc-sub-heading '  data-responsive-json-new='{\"font-size\":\"\",\"line-height\":\"\"}'  style=\"font-weight:normal;\"><\/p>\n<p>&nbsp;<\/p>\n<p>&nbsp;<\/p>\n<p><\/div><\/div>[vc_empty_space height=&#8220;50px&#8220;][vc_masonry_media_grid element_width=&#8220;3&#8243; gap=&#8220;10&#8243; grid_id=&#8220;vc_gid:1609235900773-6a838131-efde-6&#8243; include=&#8220;6918,6923,6928,6933&#8243;][vc_empty_space height=&#8220;100px&#8220;][\/vc_column][\/vc_row][vc_row full_width=&#8220;stretch_row&#8220; bg_type=&#8220;bg_color&#8220; bg_override=&#8220;full&#8220; bg_color_value=&#8220;#eeeeef&#8220;][vc_column offset=&#8220;vc_hidden-lg&#8220;][vc_empty_space height=&#8220;50px&#8220;]<div id=\"ultimate-heading-204569ea41c1533ec\" class=\"uvc-heading ult-adjust-bottom-margin ultimate-heading-204569ea41c1533ec uvc-17 head-section-title uvc-heading-default-font-sizes\" data-hspacer=\"no_spacer\"  data-halign=\"center\" style=\"text-align:center\"><div class=\"uvc-heading-spacer no_spacer\" style=\"top\"><\/div><div class=\"uvc-main-heading ult-responsive\"  data-ultimate-target='.uvc-heading.ultimate-heading-204569ea41c1533ec h2'  data-responsive-json-new='{\"font-size\":\"\",\"line-height\":\"\"}' ><h2 style=\"--font-weight:theme;\">GALERIE<\/h2><\/div><div class=\"uvc-sub-heading ult-responsive\"  data-ultimate-target='.uvc-heading.ultimate-heading-204569ea41c1533ec .uvc-sub-heading '  data-responsive-json-new='{\"font-size\":\"\",\"line-height\":\"\"}'  style=\"font-weight:normal;\"><\/p>\n<p>&nbsp;<\/p>\n<p>&nbsp;<\/p>\n<p><\/div><\/div>[vc_empty_space height=&#8220;50px&#8220;][vc_masonry_media_grid element_width=&#8220;3&#8243; gap=&#8220;10&#8243; grid_id=&#8220;vc_gid:1609235900782-07e6e337-0334-7&#8243; include=&#8220;6918,6923,6928,6933&#8243;][vc_empty_space height=&#8220;50px&#8220;][\/vc_column][\/vc_row][vc_row full_width=&#8220;stretch_row&#8220; bg_type=&#8220;image&#8220; parallax_style=&#8220;vcpb-default&#8220; bg_image_new=&#8220;id^1166|url^http:\/\/www.pharmathek.com\/wp-content\/uploads\/2018\/03\/farmacia-specifiche-background.jpg|caption^null|alt^null|title^farmacia-specifiche-background|description^null&#8220; bg_image_repeat=&#8220;no-repeat&#8220; bg_override=&#8220;full&#8220;][vc_column][vc_empty_space height=&#8220;100px&#8220;]<div id=\"ultimate-heading-361269ea41c15346e\" class=\"uvc-heading ult-adjust-bottom-margin ultimate-heading-361269ea41c15346e uvc-1913 head-section-title text-white uvc-heading-default-font-sizes\" data-hspacer=\"no_spacer\"  data-halign=\"center\" style=\"text-align:center\"><div class=\"uvc-heading-spacer no_spacer\" style=\"top\"><\/div><div class=\"uvc-main-heading ult-responsive\"  data-ultimate-target='.uvc-heading.ultimate-heading-361269ea41c15346e h2'  data-responsive-json-new='{\"font-size\":\"\",\"line-height\":\"\"}' ><h2 style=\"--font-weight:theme;\">DAS PROJEKT<\/h2><\/div><div class=\"uvc-sub-heading ult-responsive\"  data-ultimate-target='.uvc-heading.ultimate-heading-361269ea41c15346e .uvc-sub-heading '  data-responsive-json-new='{\"font-size\":\"\",\"line-height\":\"\"}'  style=\"font-weight:normal;\"><\/p>\n<p>&nbsp;<\/p>\n<p>&nbsp;<\/p>\n<p><\/div><\/div>[vc_empty_space height=&#8220;50px&#8220;][vc_separator color=&#8220;white&#8220;][vc_separator color=&#8220;white&#8220;][vc_row_inner][vc_column_inner width=&#8220;1\/2&#8243;][vc_column_text el_class=&#8220;progetto-voci&#8220;]<\/p>\n<p>VORHANDENE PHARMATHEK-L\u00d6SUNGEN<\/p>\n<p>[\/vc_column_text][\/vc_column_inner][vc_column_inner width=&#8220;1\/2&#8243;][vc_column_text el_class=&#8220;progetto-voci-valori&#8220;]<\/p>\n<p>SINTESI + PHARMALOAD<\/p>\n<p>[\/vc_column_text][\/vc_column_inner][\/vc_row_inner][vc_separator color=&#8220;white&#8220;][vc_row_inner][vc_column_inner width=&#8220;1\/2&#8243;][vc_column_text el_class=&#8220;progetto-voci&#8220;]<\/p>\n<p>AUTOMAT-ABMESSUNGEN<\/p>\n<p>[\/vc_column_text][\/vc_column_inner][vc_column_inner width=&#8220;1\/2&#8243;][vc_column_text el_class=&#8220;progetto-voci-valori&#8220;]<\/p>\n<p>L 10.028 x H 3.300 mm<\/p>\n<p>[\/vc_column_text][\/vc_column_inner][\/vc_row_inner][vc_separator color=&#8220;white&#8220;][vc_row_inner][vc_column_inner width=&#8220;1\/2&#8243;][vc_column_text el_class=&#8220;progetto-voci&#8220;]<\/p>\n<p>KAPAZIT\u00c4T IN VERPACKUNGEN<\/p>\n<p>[\/vc_column_text][\/vc_column_inner][vc_column_inner width=&#8220;1\/2&#8243;][vc_column_text el_class=&#8220;progetto-voci-valori&#8220;]<\/p>\n<p>11.000<\/p>\n<p>[\/vc_column_text][\/vc_column_inner][\/vc_row_inner][vc_separator color=&#8220;white&#8220;][vc_row_inner][vc_column_inner width=&#8220;1\/2&#8243;][vc_column_text el_class=&#8220;progetto-voci&#8220;]<\/p>\n<p>AUFSTELLUNG DES AUTOMATEN IN BEZUG AUF DEN HV-TISCH<\/p>\n<p>[\/vc_column_text][\/vc_column_inner][vc_column_inner width=&#8220;1\/2&#8243;][vc_column_text el_class=&#8220;progetto-voci-valori&#8220;]<\/p>\n<p>HINTER DEM HV-TISCH<\/p>\n<p>[\/vc_column_text][\/vc_column_inner][\/vc_row_inner][vc_separator color=&#8220;white&#8220;][vc_row_inner][vc_column_inner width=&#8220;1\/2&#8243;][vc_column_text el_class=&#8220;progetto-voci&#8220;]<\/p>\n<p>BEWEGTE PRODUKTE<\/p>\n<p>[\/vc_column_text][\/vc_column_inner][vc_column_inner width=&#8220;1\/2&#8243;][vc_column_text el_class=&#8220;progetto-voci-valori&#8220;]<\/p>\n<p>&gt; 1.000<\/p>\n<p>[\/vc_column_text][\/vc_column_inner][\/vc_row_inner][vc_separator color=&#8220;white&#8220;][vc_empty_space height=&#8220;100px&#8220;][\/vc_column][\/vc_row][vc_row full_width=&#8220;stretch_row_content_no_spaces&#8220;][vc_column el_class=&#8220;full-width-no-padding&#8220;][vc_single_image image=&#8220;6913&#8243; img_size=&#8220;full&#8220; alignment=&#8220;center&#8220;]<style type=\"text\/css\" data-type=\"the7_shortcodes-inline-css\">#default-btn-8e3854d9bc6e53e02b9ea4600cf28379.ico-right-side > i {\n  margin-right: 0px;\n  margin-left: 8px;\n}\n#default-btn-8e3854d9bc6e53e02b9ea4600cf28379 > i {\n  margin-right: 8px;\n}\n<\/style><div class=\"btn-align-center\"><a href=\"https:\/\/www.pharmathek.com\/de\/installationen\/\" class=\"default-btn-shortcode dt-btn dt-btn-l link-hover-off weight-300 full-width-btn \" id=\"default-btn-8e3854d9bc6e53e02b9ea4600cf28379\"><span>Zur\u00fcck zur Liste der Installationen<\/span><\/a><\/div>[\/vc_column][\/vc_row]<\/p>\n<\/div>","protected":false},"excerpt":{"rendered":"<p>Straubing <\/p>\n","protected":false},"author":3,"featured_media":6911,"parent":0,"menu_order":0,"comment_status":"closed","ping_status":"closed","template":"","meta":{"inline_featured_image":false,"footnotes":""},"categories":[67],"tags":[],"class_list":["post-10939","page","type-page","status-publish","has-post-thumbnail","hentry","category-apotheke","description-off"],"_links":{"self":[{"href":"https:\/\/www.pharmathek.com\/de\/wp-json\/wp\/v2\/pages\/10939","targetHints":{"allow":["GET"]}}],"collection":[{"href":"https:\/\/www.pharmathek.com\/de\/wp-json\/wp\/v2\/pages"}],"about":[{"href":"https:\/\/www.pharmathek.com\/de\/wp-json\/wp\/v2\/types\/page"}],"author":[{"embeddable":true,"href":"https:\/\/www.pharmathek.com\/de\/wp-json\/wp\/v2\/users\/3"}],"replies":[{"embeddable":true,"href":"https:\/\/www.pharmathek.com\/de\/wp-json\/wp\/v2\/comments?post=10939"}],"version-history":[{"count":4,"href":"https:\/\/www.pharmathek.com\/de\/wp-json\/wp\/v2\/pages\/10939\/revisions"}],"predecessor-version":[{"id":10954,"href":"https:\/\/www.pharmathek.com\/de\/wp-json\/wp\/v2\/pages\/10939\/revisions\/10954"}],"wp:featuredmedia":[{"embeddable":true,"href":"https:\/\/www.pharmathek.com\/de\/wp-json\/wp\/v2\/media\/6911"}],"wp:attachment":[{"href":"https:\/\/www.pharmathek.com\/de\/wp-json\/wp\/v2\/media?parent=10939"}],"wp:term":[{"taxonomy":"category","embeddable":true,"href":"https:\/\/www.pharmathek.com\/de\/wp-json\/wp\/v2\/categories?post=10939"},{"taxonomy":"post_tag","embeddable":true,"href":"https:\/\/www.pharmathek.com\/de\/wp-json\/wp\/v2\/tags?post=10939"}],"curies":[{"name":"wp","href":"https:\/\/api.w.org\/{rel}","templated":true}]}}