{"id":12742,"date":"2019-05-23T09:46:02","date_gmt":"2019-05-23T07:46:02","guid":{"rendered":"https:\/\/www.pharmathek.com\/grazie-per-aver-richiesto-info-pharmaload\/"},"modified":"2022-02-25T08:49:08","modified_gmt":"2022-02-25T07:49:08","slug":"vielen-dank-pharmaload","status":"publish","type":"page","link":"https:\/\/www.pharmathek.com\/de\/vielen-dank-pharmaload\/","title":{"rendered":"Grazie &#8211; info Pharmaload"},"content":{"rendered":"<div class=\"wpb-content-wrapper\"><p>[vc_row full_width=&#8220;stretch_row_content&#8220; full_height=&#8220;yes&#8220; bg_type=&#8220;image&#8220; parallax_style=&#8220;vcpb-default&#8220; bg_image_new=&#8220;id^12126|url^http:\/\/www.pharmathek.com\/wp-content\/uploads\/2021\/07\/PHARMALOAD.jpg|caption^null|alt^null|title^PHARMALOAD|description^null&#8220; bg_image_repeat=&#8220;no-repeat&#8220; bg_image_size=&#8220;initial&#8220; enable_overlay=&#8220;enable_overlay_value&#8220; overlay_color=&#8220;rgba(0,0,0,0.1)&#8220; css=&#8220;.vc_custom_1630405976820{border-top-width: 0px !important;border-bottom-width: 0px !important;padding-right: 70px !important;padding-bottom: 25px !important;padding-left: 70px !important;background-color: #ededed !important;}&#8220;][vc_column width=&#8220;1\/2&#8243; css=&#8220;.vc_custom_1526549588456{padding-top: 30px !important;padding-right: 30px !important;padding-bottom: 30px !important;padding-left: 30px !important;background-color: rgba(255,255,255,0.85) !important;*background-color: rgb(255,255,255) !important;}&#8220; offset=&#8220;vc_hidden-sm vc_hidden-xs&#8220;][vc_single_image image=&#8220;12327&#8243; img_size=&#8220;medium&#8220; alignment=&#8220;center&#8220;][vc_empty_space][vc_column_text css_animation=&#8220;fadeInLeft&#8220; el_class=&#8220;testo-landing-header&#8220;]<\/p>\n<p style=\"text-align: center;\"><span style=\"color: #ff6600;\"><strong>Vielen Dank, dass Sie uns kontaktiert haben!<\/strong><\/span><\/p>\n<p style=\"text-align: center;\">Wir haben Ihre Anfrage erhalten und werden sie so schnell wie m\u00f6glich beantworten<\/p>\n<p>[\/vc_column_text][vc_empty_space height=&#8220;45px&#8220;][vc_separator css=&#8220;.vc_custom_1628839172967{background-color: #000000 !important;}&#8220;][vc_empty_space height=&#8220;45px&#8220;][vc_column_text el_class=&#8220;testo-landing-header-bottom&#8220;]<\/p>\n<p style=\"text-align: center;\">M\u00f6chten Sie mehr \u00fcber unsere L\u00f6sungen erfahren?<\/p>\n<p style=\"text-align: center;\"><a href=\"https:\/\/www.pharmathek.com\/de\/loesungen\/\">Klicken Sie hier, um zur Produktseite zu gelangen<\/a><\/p>\n<p>[\/vc_column_text][vc_empty_space height=&#8220;45px&#8220;][vc_column_text el_class=&#8220;testo-landing-header-bottom&#8220;]<\/p>\n<p style=\"text-align: center;\">M\u00f6chten Sie die Meinung Ihrer Kollegen zur Automatisierung lesen?<\/p>\n<p style=\"text-align: center;\"><a href=\"https:\/\/www.pharmathek.com\/de\/installationen\/\">Entdecken Sie deren Geschichte und Bed\u00fcrfnisse<\/a><\/p>\n<p>[\/vc_column_text][vc_empty_space height=&#8220;45px&#8220;][\/vc_column][vc_column width=&#8220;1\/2&#8243;][\/vc_column][vc_column width=&#8220;3\/4&#8243; offset=&#8220;vc_hidden-lg vc_hidden-md vc_hidden-xs&#8220; css=&#8220;.vc_custom_1526551067134{padding-top: 30px !important;padding-right: 30px !important;padding-bottom: 30px !important;padding-left: 30px !important;background-color: rgba(255,255,255,0.85) !important;*background-color: rgb(255,255,255) !important;}&#8220;][vc_single_image image=&#8220;12327&#8243; img_size=&#8220;medium&#8220; alignment=&#8220;center&#8220;][vc_empty_space][vc_column_text css_animation=&#8220;fadeInLeft&#8220; el_class=&#8220;testo-landing-header&#8220;]<\/p>\n<p style=\"text-align: center;\"><span style=\"color: #ff6600;\"><strong>Vielen Dank, dass Sie uns kontaktiert haben!<\/strong><\/span><\/p>\n<p style=\"text-align: center;\">Wir haben Ihre Anfrage erhalten und werden sie so schnell wie m\u00f6glich beantworten<\/p>\n<p>[\/vc_column_text][vc_empty_space][vc_separator css=&#8220;.vc_custom_1628839172967{background-color: #000000 !important;}&#8220;][vc_empty_space][vc_column_text el_class=&#8220;testo-landing-header-bottom&#8220;]<\/p>\n<p style=\"text-align: center;\">M\u00f6chten Sie mehr \u00fcber unsere L\u00f6sungen erfahren?<\/p>\n<p style=\"text-align: center;\"><a href=\"https:\/\/www.pharmathek.com\/de\/loesungen\/\">Klicken Sie hier, um zur Produktseite zu gelangen<\/a><\/p>\n<p>[\/vc_column_text][vc_empty_space][vc_column_text el_class=&#8220;testo-landing-header-bottom&#8220;]<\/p>\n<p style=\"text-align: center;\">M\u00f6chten Sie die Meinung Ihrer Kollegen zur Automatisierung lesen?<\/p>\n<p style=\"text-align: center;\"><a href=\"https:\/\/www.pharmathek.com\/de\/installationen\/\">Entdecken Sie deren Geschichte und Bed\u00fcrfnisse<\/a><\/p>\n<p>[\/vc_column_text][vc_empty_space][\/vc_column][vc_column css=&#8220;.vc_custom_1526552109916{padding-top: 20px !important;padding-right: 20px !important;padding-bottom: 20px !important;padding-left: 20px !important;background-color: rgba(255,255,255,0.85) !important;*background-color: rgb(255,255,255) !important;}&#8220; offset=&#8220;vc_hidden-lg vc_hidden-md vc_hidden-sm&#8220; el_class=&#8220;box-header-landing&#8220;][vc_single_image image=&#8220;12327&#8243; img_size=&#8220;medium&#8220; alignment=&#8220;center&#8220;][vc_empty_space height=&#8220;20px&#8220;][vc_column_text css_animation=&#8220;fadeInLeft&#8220; el_class=&#8220;testo-landing-header&#8220;]<\/p>\n<p style=\"text-align: center;\"><span style=\"color: #ff6600;\"><strong>Vielen Dank, dass Sie uns kontaktiert haben!<\/strong><\/span><\/p>\n<p style=\"text-align: center;\">Wir haben Ihre Anfrage erhalten und werden sie so schnell wie m\u00f6glich beantworten<\/p>\n<p>[\/vc_column_text][vc_empty_space height=&#8220;20px&#8220;][vc_separator css=&#8220;.vc_custom_1628839172967{background-color: #000000 !important;}&#8220;][vc_empty_space height=&#8220;20px&#8220;][vc_column_text el_class=&#8220;testo-landing-header-bottom&#8220;]<\/p>\n<p style=\"text-align: center;\">M\u00f6chten Sie mehr \u00fcber unsere L\u00f6sungen erfahren?<\/p>\n<p style=\"text-align: center;\"><a href=\"https:\/\/www.pharmathek.com\/de\/loesungen\/\">Klicken Sie hier, um zur Produktseite zu gelangen<\/a><\/p>\n<p>[\/vc_column_text][vc_empty_space height=&#8220;20px&#8220;][vc_column_text el_class=&#8220;testo-landing-header-bottom&#8220;]<\/p>\n<p style=\"text-align: center;\">M\u00f6chten Sie die Meinung Ihrer Kollegen zur Automatisierung lesen?<\/p>\n<p style=\"text-align: center;\"><a href=\"https:\/\/www.pharmathek.com\/de\/installationen\/\">Entdecken Sie deren Geschichte und Bed\u00fcrfnisse<\/a><\/p>\n<p>[\/vc_column_text][vc_empty_space height=&#8220;20px&#8220;][\/vc_column][\/vc_row]<\/p>\n<\/div>","protected":false},"excerpt":{"rendered":"<p>[vc_row full_width=&#8220;stretch_row_content&#8220; full_height=&#8220;yes&#8220; bg_type=&#8220;image&#8220; parallax_style=&#8220;vcpb-default&#8220; bg_image_new=&#8220;id^12126|url^http:\/\/www.pharmathek.com\/wp-content\/uploads\/2021\/07\/PHARMALOAD.jpg|caption^null|alt^null|title^PHARMALOAD|description^null&#8220; bg_image_repeat=&#8220;no-repeat&#8220; bg_image_size=&#8220;initial&#8220; enable_overlay=&#8220;enable_overlay_value&#8220; overlay_color=&#8220;rgba(0,0,0,0.1)&#8220; css=&#8220;.vc_custom_1630405976820{border-top-width: 0px !important;border-bottom-width: 0px !important;padding-right: 70px !important;padding-bottom: 25px !important;padding-left: 70px !important;background-color: #ededed !important;}&#8220;][vc_column width=&#8220;1\/2&#8243; css=&#8220;.vc_custom_1526549588456{padding-top:&hellip;<\/p>\n","protected":false},"author":3,"featured_media":0,"parent":0,"menu_order":0,"comment_status":"closed","ping_status":"closed","template":"template-microsite.php","meta":{"inline_featured_image":false,"footnotes":""},"categories":[],"tags":[],"class_list":["post-12742","page","type-page","status-publish","hentry","description-off"],"_links":{"self":[{"href":"https:\/\/www.pharmathek.com\/de\/wp-json\/wp\/v2\/pages\/12742","targetHints":{"allow":["GET"]}}],"collection":[{"href":"https:\/\/www.pharmathek.com\/de\/wp-json\/wp\/v2\/pages"}],"about":[{"href":"https:\/\/www.pharmathek.com\/de\/wp-json\/wp\/v2\/types\/page"}],"author":[{"embeddable":true,"href":"https:\/\/www.pharmathek.com\/de\/wp-json\/wp\/v2\/users\/3"}],"replies":[{"embeddable":true,"href":"https:\/\/www.pharmathek.com\/de\/wp-json\/wp\/v2\/comments?post=12742"}],"version-history":[{"count":4,"href":"https:\/\/www.pharmathek.com\/de\/wp-json\/wp\/v2\/pages\/12742\/revisions"}],"predecessor-version":[{"id":13038,"href":"https:\/\/www.pharmathek.com\/de\/wp-json\/wp\/v2\/pages\/12742\/revisions\/13038"}],"wp:attachment":[{"href":"https:\/\/www.pharmathek.com\/de\/wp-json\/wp\/v2\/media?parent=12742"}],"wp:term":[{"taxonomy":"category","embeddable":true,"href":"https:\/\/www.pharmathek.com\/de\/wp-json\/wp\/v2\/categories?post=12742"},{"taxonomy":"post_tag","embeddable":true,"href":"https:\/\/www.pharmathek.com\/de\/wp-json\/wp\/v2\/tags?post=12742"}],"curies":[{"name":"wp","href":"https:\/\/api.w.org\/{rel}","templated":true}]}}