{"id":6252,"date":"2019-08-19T18:01:37","date_gmt":"2019-08-19T16:01:37","guid":{"rendered":"http:\/\/www.pharmathek.com\/?page_id=6252"},"modified":"2019-08-21T12:07:16","modified_gmt":"2019-08-21T10:07:16","slug":"support","status":"publish","type":"page","link":"https:\/\/www.pharmathek.com\/de\/support\/","title":{"rendered":"SUPPORT"},"content":{"rendered":"<div class=\"wpb-content-wrapper\"><p>[vc_row full_width=&#8220;stretch_row_content&#8220; full_height=&#8220;yes&#8220; columns_placement=&#8220;bottom&#8220; bg_type=&#8220;image&#8220; parallax_style=&#8220;vcpb-default&#8220; bg_image_new=&#8220;id^6255|url^http:\/\/www.pharmathek.com\/wp-content\/uploads\/2018\/07\/assistenza-clienti-neutro-1.jpg|caption^null|alt^null|title^assistenza-clienti-neutro|description^null&#8220; bg_image_repeat=&#8220;no-repeat&#8220; bg_override=&#8220;ex-full&#8220; enable_overlay=&#8220;enable_overlay_value&#8220; css=&#8220;.vc_custom_1566382034785{border-top-width: 0px !important;border-bottom-width: 0px !important;padding-top: 200px !important;padding-right: 70px !important;padding-bottom: 25px !important;padding-left: 70px !important;}&#8220;][vc_column][vc_column_text css_animation=&#8220;fadeInRight&#8220; el_class=&#8220;font-soluzioni text-white&#8220;]<\/p>\n<p style=\"text-align: right;\">EIN<br \/>\nERFAHRENES<br \/>\nTEAM AN<br \/>\n<strong>IHRER SEITE<\/strong><\/p>\n<p>[\/vc_column_text][vc_empty_space][vc_btn title=&#8220;&#8220; style=&#8220;flat&#8220; shape=&#8220;square&#8220; color=&#8220;default&#8220; align=&#8220;right&#8220; i_icon_fontawesome=&#8220;fa fa-angle-double-down&#8220; add_icon=&#8220;true&#8220; smooth_scroll=&#8220;true&#8220; link=&#8220;url:%23!%2Ftop-a|||&#8220;][\/vc_column][\/vc_row][vc_row el_id=&#8220;top-a&#8220;][vc_column offset=&#8220;vc_hidden-xs&#8220;][vc_empty_space height=&#8220;100px&#8220;]<div id=\"ultimate-heading-248069dbd4a31a9b3\" class=\"uvc-heading ult-adjust-bottom-margin ultimate-heading-248069dbd4a31a9b3 uvc-4 head-section-title-h1-testo uvc-heading-default-font-sizes\" data-hspacer=\"no_spacer\"  data-halign=\"center\" style=\"text-align:center\"><div class=\"uvc-heading-spacer no_spacer\" style=\"top\"><\/div><div class=\"uvc-main-heading ult-responsive\"  data-ultimate-target='.uvc-heading.ultimate-heading-248069dbd4a31a9b3 h1'  data-responsive-json-new='{\"font-size\":\"\",\"line-height\":\"\"}' ><h1 style=\"font-weight:bold;\">PHARMATHEK SERVICE<\/h1><\/div><\/div>[vc_empty_space][vc_column_text el_class=&#8220;text-justify&#8220;]Sich f\u00fcr Pharmathek zu entscheiden bedeutet nicht nur sich f\u00fcr erstklassige Technik zu entscheiden, sondern auch f\u00fcr einen erstklassigen Service, der jederzeit bereit ist Sie zu unterst\u00fctzen.<\/p>\n<p><strong>EIN SPEZIALISIERTES TEAM<\/strong><\/p>\n<p>Die Mitarbeiter werden in allen spezifischen Disziplinen der Automatisierung kontinuierlich geschult, um immer auf dem neuesten Stand zu sein.<br \/>\nServiceeffektivit\u00e4t und Kundezufriedenheit werden stets kontrolliert, um ein erstklassiges Niveau sicherzustellen.<\/p>\n<p><strong>SERVICE RUND UM DIE UHR<\/strong><\/p>\n<p>Unsere Techniker und Servicemitarbeiter bem\u00fchen sich um h\u00f6chste Zufriedenheit unserer Kunden &#8211; letztendlich um Ihre Zufriedenheit. Eine zeitnahe Reaktion auf jegliches Ereignis ist eine zentrale S\u00e4ule unserer Firmenphilosophie. Dies wird dadurch umgesetzt, dass der Service an jedem Tag der Woche \u00fcber 24h erreichbar ist.<\/p>\n<p><strong>VIDEO\u00dcBERWACHUNG<\/strong><\/p>\n<p>Eingreifen bevor das Problem selbst auftritt. F\u00fcr diesen Ansatz setzen wir ein sehr effektives \u00dcberwachungssystem ein, das durch Videounterst\u00fctzung uns in die Lage versetzt, die Automaten im Betrieb zu \u00fcberwachen und bei Unregelm\u00e4\u00dfigkeiten einzugreifen, bevor es zu einem Problem wird.[\/vc_column_text][vc_empty_space height=&#8220;100px&#8220;][vc_single_image image=&#8220;1479&#8243; img_size=&#8220;full&#8220; alignment=&#8220;center&#8220;][vc_empty_space height=&#8220;100px&#8220;][\/vc_column][\/vc_row][vc_row][vc_column offset=&#8220;vc_hidden-lg vc_hidden-md vc_hidden-sm&#8220;][vc_empty_space height=&#8220;100px&#8220;]<div id=\"ultimate-heading-322269dbd4a31aa65\" class=\"uvc-heading ult-adjust-bottom-margin ultimate-heading-322269dbd4a31aa65 uvc-5385 head-section-title uvc-heading-default-font-sizes\" data-hspacer=\"no_spacer\"  data-halign=\"center\" style=\"text-align:center\"><div class=\"uvc-heading-spacer no_spacer\" style=\"top\"><\/div><div class=\"uvc-main-heading ult-responsive\"  data-ultimate-target='.uvc-heading.ultimate-heading-322269dbd4a31aa65 h3'  data-responsive-json-new='{\"font-size\":\"\",\"line-height\":\"\"}' ><h3 style=\"--font-weight:theme;\">PHARMATHEK SERVICE<\/h3><\/div><\/div>[vc_empty_space][vc_column_text el_class=&#8220;text-justify&#8220;]Sich f\u00fcr Pharmathek zu entscheiden bedeutet nicht nur sich f\u00fcr erstklassige Technik zu entscheiden, sondern auch f\u00fcr einen erstklassigen Service, der jederzeit bereit ist Sie zu unterst\u00fctzen.<\/p>\n<p><strong>EIN SPEZIALISIERTES TEAM<\/strong><\/p>\n<p>Die Mitarbeiter werden in allen spezifischen Disziplinen der Automatisierung kontinuierlich geschult, um immer auf dem neuesten Stand zu sein.<br \/>\nServiceeffektivit\u00e4t und Kundezufriedenheit werden stets kontrolliert, um ein erstklassiges Niveau sicherzustellen.<\/p>\n<p><strong>SERVICE RUND UM DIE UHR<\/strong><\/p>\n<p>Unsere Techniker und Servicemitarbeiter bem\u00fchen sich um h\u00f6chste Zufriedenheit unserer Kunden &#8211; letztendlich um Ihre Zufriedenheit. Eine zeitnahe Reaktion auf jegliches Ereignis ist eine zentrale S\u00e4ule unserer Firmenphilosophie. Dies wird dadurch umgesetzt, dass der Service an jedem Tag der Woche \u00fcber 24h erreichbar ist.<\/p>\n<p><strong>VIDEO\u00dcBERWACHUNG<\/strong><\/p>\n<p>Eingreifen bevor das Problem selbst auftritt. F\u00fcr diesen Ansatz setzen wir ein sehr effektives \u00dcberwachungssystem ein, das durch Videounterst\u00fctzung uns in die Lage versetzt, die Automaten im Betrieb zu \u00fcberwachen und bei Unregelm\u00e4\u00dfigkeiten einzugreifen, bevor es zu einem Problem wird.[\/vc_column_text][vc_empty_space height=&#8220;50px&#8220;][vc_single_image image=&#8220;1479&#8243; img_size=&#8220;full&#8220; alignment=&#8220;center&#8220;][vc_empty_space height=&#8220;50px&#8220;][\/vc_column][\/vc_row][vc_row][vc_column offset=&#8220;vc_hidden-xs&#8220;][vc_cta h2=&#8220;Rufen Sie uns an, wenn Sie Unterst\u00fctzung brauchen.&#8220; txt_align=&#8220;center&#8220; shape=&#8220;square&#8220; style=&#8220;flat&#8220; css_animation=&#8220;fadeInDown&#8220; el_class=&#8220;cta-numero-verde&#8220;]<strong><a href=\"tel:+4972196145830\">Telefon an die Nummer +49 721 96145830<\/a><\/strong>[\/vc_cta][vc_empty_space height=&#8220;100px&#8220;][\/vc_column][\/vc_row][vc_row full_width=&#8220;stretch_row_content_no_spaces&#8220;][vc_column offset=&#8220;vc_hidden-lg vc_hidden-md vc_hidden-sm&#8220; el_class=&#8220;full-width-no-padding&#8220;][vc_cta h2=&#8220;Rufen Sie uns an, wenn Sie Unterst\u00fctzung brauchen.&#8220; txt_align=&#8220;center&#8220; shape=&#8220;square&#8220; style=&#8220;flat&#8220; css_animation=&#8220;none&#8220; el_class=&#8220;cta-numero-verde&#8220;]<strong><a href=\"tel:+4972196145830\">Telefon an die Nummer +49 721 96145830<\/a><\/strong>[\/vc_cta][vc_empty_space height=&#8220;50px&#8220;][\/vc_column][\/vc_row]<\/p>\n<\/div>","protected":false},"excerpt":{"rendered":"<p>[vc_row full_width=&#8220;stretch_row_content&#8220; full_height=&#8220;yes&#8220; columns_placement=&#8220;bottom&#8220; bg_type=&#8220;image&#8220; parallax_style=&#8220;vcpb-default&#8220; bg_image_new=&#8220;id^6255|url^http:\/\/www.pharmathek.com\/wp-content\/uploads\/2018\/07\/assistenza-clienti-neutro-1.jpg|caption^null|alt^null|title^assistenza-clienti-neutro|description^null&#8220; bg_image_repeat=&#8220;no-repeat&#8220; bg_override=&#8220;ex-full&#8220; enable_overlay=&#8220;enable_overlay_value&#8220; css=&#8220;.vc_custom_1566382034785{border-top-width: 0px !important;border-bottom-width: 0px !important;padding-top: 200px !important;padding-right: 70px !important;padding-bottom: 25px !important;padding-left: 70px !important;}&#8220;][vc_column][vc_column_text css_animation=&#8220;fadeInRight&#8220; el_class=&#8220;font-soluzioni&hellip;<\/p>\n","protected":false},"author":1,"featured_media":0,"parent":0,"menu_order":0,"comment_status":"closed","ping_status":"closed","template":"","meta":{"inline_featured_image":false,"footnotes":""},"categories":[],"tags":[],"class_list":["post-6252","page","type-page","status-publish","hentry","description-off"],"_links":{"self":[{"href":"https:\/\/www.pharmathek.com\/de\/wp-json\/wp\/v2\/pages\/6252","targetHints":{"allow":["GET"]}}],"collection":[{"href":"https:\/\/www.pharmathek.com\/de\/wp-json\/wp\/v2\/pages"}],"about":[{"href":"https:\/\/www.pharmathek.com\/de\/wp-json\/wp\/v2\/types\/page"}],"author":[{"embeddable":true,"href":"https:\/\/www.pharmathek.com\/de\/wp-json\/wp\/v2\/users\/1"}],"replies":[{"embeddable":true,"href":"https:\/\/www.pharmathek.com\/de\/wp-json\/wp\/v2\/comments?post=6252"}],"version-history":[{"count":5,"href":"https:\/\/www.pharmathek.com\/de\/wp-json\/wp\/v2\/pages\/6252\/revisions"}],"predecessor-version":[{"id":6323,"href":"https:\/\/www.pharmathek.com\/de\/wp-json\/wp\/v2\/pages\/6252\/revisions\/6323"}],"wp:attachment":[{"href":"https:\/\/www.pharmathek.com\/de\/wp-json\/wp\/v2\/media?parent=6252"}],"wp:term":[{"taxonomy":"category","embeddable":true,"href":"https:\/\/www.pharmathek.com\/de\/wp-json\/wp\/v2\/categories?post=6252"},{"taxonomy":"post_tag","embeddable":true,"href":"https:\/\/www.pharmathek.com\/de\/wp-json\/wp\/v2\/tags?post=6252"}],"curies":[{"name":"wp","href":"https:\/\/api.w.org\/{rel}","templated":true}]}}