{"id":6568,"date":"2018-07-13T15:30:00","date_gmt":"2018-07-13T13:30:00","guid":{"rendered":"http:\/\/www.pharmathek.com\/informacion-cookies\/"},"modified":"2021-09-29T13:58:19","modified_gmt":"2021-09-29T11:58:19","slug":"cookies-policy","status":"publish","type":"page","link":"https:\/\/www.pharmathek.com\/de\/cookies-policy\/","title":{"rendered":"Cookies policy"},"content":{"rendered":"<div class=\"wpb-content-wrapper\"><p>[vc_row][vc_column]<div id=\"ultimate-heading-755969fbf34b8f835\" class=\"uvc-heading ult-adjust-bottom-margin ultimate-heading-755969fbf34b8f835 uvc-2416  uvc-heading-default-font-sizes\" data-hspacer=\"no_spacer\"  data-halign=\"left\" style=\"text-align:left\"><div class=\"uvc-heading-spacer no_spacer\" style=\"top\"><\/div><div class=\"uvc-main-heading ult-responsive\"  data-ultimate-target='.uvc-heading.ultimate-heading-755969fbf34b8f835 h1'  data-responsive-json-new='{\"font-size\":\"\",\"line-height\":\"\"}' ><h1 style=\"--font-weight:theme;\">Cookie Policy<\/h1><\/div><\/div>[vc_empty_space height=&#8220;50px&#8220;][vc_column_text]<\/p>\n<h2><strong>Was ist ein Cookie und wof\u00fcr wird es verwendet?<\/strong><\/h2>\n<p>Ein Cookie ist eine kleine Datei, die an Ihren Browser gesendet und auf Ihrem Ger\u00e4t gespeichert wird, wenn Sie auf die unten stehende Website <a href=\"http:\/\/www.pharmathek.com\">www.pharmathek.com<\/a> , auch einfach &#8222;Site&#8220; genannt, zugreifen und diese nutzen. Cookies erm\u00f6glichen ein effizientes Funktionieren und eine Leistungsverbesserung der Website, unter anderem durch die Sammlung und Analyse von aggregierten Informationen, die es dem Betreiber der Website erm\u00f6glichen, zu verstehen, wie die Struktur der Website und ihrer Abschnitte verbessert werden kann. Cookies k\u00f6nnen auch verwendet werden, um Informationen f\u00fcr statistische Zwecke zu sammeln, vor allem um das Surf-Erlebnis des Benutzers zu personalisieren, indem seine Pr\u00e4ferenzen (z. B. Sprache, W\u00e4hrung usw.) gespeichert werden.<\/p>\n<p>&nbsp;<\/p>\n<h2><strong>Verwendete Arten von Cookies<\/strong><\/h2>\n<h3><strong>Technische Cookies<\/strong><\/h3>\n<p>Technische Cookies k\u00f6nnen in <strong>Navigations- oder Sitzungscookies<\/strong>unterteilt werden, die die normale Navigation und Nutzung der Website gew\u00e4hrleisten (sie erm\u00f6glichen z. B. die Koordinierung der Module, aus denen die Seiten der Website bestehen, oder die Zuordnung der besuchten Seiten zu derselben Arbeitssitzung), und in <strong>Analyse-Cookies<\/strong>, die nur dann den technischen Cookies gleichgestellt werden k\u00f6nnen, wenn sie direkt vom Betreiber der Website selbst zur Optimierung der Website verwendet werden (d.h. analytische Cookies des Erstanbieters), die Informationen in aggregierter Form \u00fcber die Anzahl der Nutzer und deren Besuch auf der Website sammeln k\u00f6nnen (z. B. zur Erstellung von Statistiken \u00fcber die am h\u00e4ufigsten besuchten Seiten, zur Sammlung von aggregierten Daten \u00fcber den Besuch der Website).<\/p>\n<p>Die Verwendung von <strong>Sitzungscookies<\/strong> ist streng auf die \u00dcbertragung von Sitzungs-Identifikatoren (bestehend aus Zufallszahlen, die vom Server generiert werden) und Software-Nutzungsdaten beschr\u00e4nkt, die notwendig sind, um die sichere und effiziente Erkundung der Website zu erm\u00f6glichen: die Sitzungsvariablen (so genannte Cookies) k\u00f6nnen die Verwendung von f\u00fcr die Privatsph\u00e4re der Nutzer potenziell sch\u00e4dlichen Computertechniken vermeiden und erm\u00f6glichen keinen Zugriff auf pers\u00f6nliche Nutzerdaten. Sitzungscookies werden nicht dauerhaft auf dem Ger\u00e4t des Benutzers gespeichert, sondern lokal f\u00fcr Zeitr\u00e4ume aufgezeichnet, die gem\u00e4\u00df den Sitzungsvariablen festgelegt werden (deren Werte auf der Festplatte des Ger\u00e4ts gespeichert werden und in jedem Fall gel\u00f6scht werden k\u00f6nnen; es ist auch m\u00f6glich, Cookies zu deaktivieren, indem man die Anweisungen der bedeutesten Browser befolgt).<\/p>\n<p>&nbsp;<\/p>\n<h3><strong>Profilierungs-Cookies<\/strong><\/h3>\n<p>Dies sind dauerhafte Cookies, die dazu dienen, Ihre Pr\u00e4ferenzen (auch anonym) zu erkennen und Ihr Surf-Erlebnis zu verbessern.<\/p>\n<p>&nbsp;<\/p>\n<h3><strong>Cookies von Drittanbietern<\/strong><\/h3>\n<p>Cookies von Drittanbietern werden von einer anderen Website als derjenigen, die Sie besuchen, gesetzt und befinden sich auf anderen Servern als derjenigen, die Sie besucht haben. Daher unterliegt die Nutzung der von diesen externen Betreibern \u00fcber Cookies gesammelten Daten deren jeweiligen Datenschutzrichtlinien. Die Verwendung von Cookies von Drittanbietern beschr\u00e4nkt sich auf das, was f\u00fcr die sichere und effiziente Navigation auf der Website erforderlich ist, und beinhaltet nicht die direkte Erfassung personenbezogener Daten zur Identifizierung des Benutzers durch den Datenverantwortlichen.<\/p>\n<p>Die Website enth\u00e4lt Schaltfl\u00e4chen und Widgets f\u00fcr Facebook, Instagram, Twitter und YouTube. Diese Dienste erm\u00f6glichen es Ihnen, direkt von den Seiten der Website aus mit sozialen Netzwerken oder anderen externen Plattformen zu interagieren.<\/p>\n<p>Interaktionen und Informationen, die \u00fcber diese Tools erworben werden, unterliegen in jedem Fall den Datenschutzeinstellungen des Benutzers in Bezug auf jedes soziale Netzwerk und sind nur f\u00fcr die Verwalter der Plattformen selbst zug\u00e4nglich.<\/p>\n<p>Weitere Informationen \u00fcber die Verarbeitung der von sozialen Netzwerken erhobenen Daten finden Sie in den Datenschutzrichtlinien dieser Dienstanbieter.<\/p>\n<p>Auf einigen Seiten der Website ist Google Maps integriert. Wenn Sie eine Seite besuchen, die Google Maps enth\u00e4lt, oder mit der Karte interagieren (\u00fcber die Zoomfunktion oder durch Anklicken der Karte, um sie zu vergr\u00f6\u00dfern), k\u00f6nnen Cookies von Google aufgerufen werden.<\/p>\n<p>Weitere Informationen zur Erfassung von Daten durch die Dienste von Google finden Sie in der Datenschutzerkl\u00e4rung <a href=\"https:\/\/policies.google.com\/privacy?hl=de\">https:\/\/policies.google.com\/privacy?hl=de<\/a>.<\/p>\n<p>Ihre Nutzung des Google Maps-Dienstes unterliegt au\u00dferdem den zus\u00e4tzlichen Nutzungsbedingungen <a href=\"https:\/\/privacy.google.com\/businesses\/mapscontrollerterms\/\">https:\/\/privacy.google.com\/businesses\/mapscontrollerterms\/<\/a>.<\/p>\n<p><strong>\u00a0<\/strong><\/p>\n<h2><strong>Cookies deaktivieren<\/strong><\/h2>\n<p>Die meisten Browser sind so konfiguriert, dass sie Cookies \u00fcber ihre Einstellungen akzeptieren, kontrollieren oder m\u00f6glicherweise deaktivieren. Bitte beachten Sie jedoch, dass die &#8211; auch teilweise &#8211; Deaktivierung von technischen Cookies den Betrieb der Website beeintr\u00e4chtigen und\/oder ihre Funktionalit\u00e4t einschr\u00e4nken kann.<\/p>\n<p>Die Deaktivierung von Cookies von Drittanbietern beeintr\u00e4chtigt jedoch in keiner Weise die Navigierbarkeit.<\/p>\n<p>Im Folgenden finden Sie Links zu den Anleitungen der wichtigsten Browser f\u00fcr die Verwaltung der Cookie-Installationseinstellungen:<\/p>\n<p>Chrome: <a href=\"https:\/\/support.google.com\/chrome\/answer\/95647?hl=de\">https:\/\/support.google.com\/chrome\/answer\/95647?hl=de<\/a><\/p>\n<p>Firefox: <a href=\"https:\/\/support.mozilla.org\/de\/kb\/cookies-informationen-websites-auf-ihrem-computer\">https:\/\/support.mozilla.org\/de\/kb\/cookies-informationen-websites-auf-ihrem-computer<\/a><\/p>\n<p>Internet Explorer: <a href=\"https:\/\/support.microsoft.com\/de-de\/windows\/l%C3%B6schen-und-verwalten-von-cookies\">https:\/\/support.microsoft.com\/de-de\/windows\/l%C3%B6schen-und-verwalten-von-cookies<\/a><\/p>\n<p>Safari: <a href=\"https:\/\/support.apple.com\/de-de\/HT201265\">https:\/\/support.apple.com\/de-de\/HT201265<\/a><\/p>\n<p>[\/vc_column_text][\/vc_column][\/vc_row]<\/p>\n<\/div>","protected":false},"excerpt":{"rendered":"<p>[vc_row][vc_column][vc_empty_space height=&#8220;50px&#8220;][vc_column_text] Was ist ein Cookie und wof\u00fcr wird es verwendet? Ein Cookie ist eine kleine Datei, die an Ihren Browser gesendet und auf Ihrem&hellip;<\/p>\n","protected":false},"author":1,"featured_media":0,"parent":0,"menu_order":0,"comment_status":"closed","ping_status":"closed","template":"","meta":{"inline_featured_image":false,"footnotes":""},"categories":[],"tags":[],"class_list":["post-6568","page","type-page","status-publish","hentry","description-off"],"_links":{"self":[{"href":"https:\/\/www.pharmathek.com\/de\/wp-json\/wp\/v2\/pages\/6568","targetHints":{"allow":["GET"]}}],"collection":[{"href":"https:\/\/www.pharmathek.com\/de\/wp-json\/wp\/v2\/pages"}],"about":[{"href":"https:\/\/www.pharmathek.com\/de\/wp-json\/wp\/v2\/types\/page"}],"author":[{"embeddable":true,"href":"https:\/\/www.pharmathek.com\/de\/wp-json\/wp\/v2\/users\/1"}],"replies":[{"embeddable":true,"href":"https:\/\/www.pharmathek.com\/de\/wp-json\/wp\/v2\/comments?post=6568"}],"version-history":[{"count":7,"href":"https:\/\/www.pharmathek.com\/de\/wp-json\/wp\/v2\/pages\/6568\/revisions"}],"predecessor-version":[{"id":11675,"href":"https:\/\/www.pharmathek.com\/de\/wp-json\/wp\/v2\/pages\/6568\/revisions\/11675"}],"wp:attachment":[{"href":"https:\/\/www.pharmathek.com\/de\/wp-json\/wp\/v2\/media?parent=6568"}],"wp:term":[{"taxonomy":"category","embeddable":true,"href":"https:\/\/www.pharmathek.com\/de\/wp-json\/wp\/v2\/categories?post=6568"},{"taxonomy":"post_tag","embeddable":true,"href":"https:\/\/www.pharmathek.com\/de\/wp-json\/wp\/v2\/tags?post=6568"}],"curies":[{"name":"wp","href":"https:\/\/api.w.org\/{rel}","templated":true}]}}