{"id":6581,"date":"2018-07-27T08:50:01","date_gmt":"2018-07-27T06:50:01","guid":{"rendered":"http:\/\/www.pharmathek.com\/privacy-policy\/"},"modified":"2022-07-14T09:45:56","modified_gmt":"2022-07-14T07:45:56","slug":"privacy-policy","status":"publish","type":"page","link":"https:\/\/www.pharmathek.com\/de\/privacy-policy\/","title":{"rendered":"Privacy Policy"},"content":{"rendered":"<div class=\"wpb-content-wrapper\"><p>[vc_row][vc_column]<div id=\"ultimate-heading-951269f3e0707c6ab\" class=\"uvc-heading ult-adjust-bottom-margin ultimate-heading-951269f3e0707c6ab uvc-7535  uvc-heading-default-font-sizes\" data-hspacer=\"no_spacer\"  data-halign=\"left\" style=\"text-align:left\"><div class=\"uvc-heading-spacer no_spacer\" style=\"top\"><\/div><div class=\"uvc-main-heading ult-responsive\"  data-ultimate-target='.uvc-heading.ultimate-heading-951269f3e0707c6ab h1'  data-responsive-json-new='{\"font-size\":\"\",\"line-height\":\"\"}' ><h1 style=\"--font-weight:theme;\">Informationen \u00fcber die verarbeitung von personenbezogenen daten<\/h1><\/div><div class=\"uvc-sub-heading ult-responsive\"  data-ultimate-target='.uvc-heading.ultimate-heading-951269f3e0707c6ab .uvc-sub-heading '  data-responsive-json-new='{\"font-size\":\"\",\"line-height\":\"\"}'  style=\"font-weight:normal;\"><\/p>\n<p>GEM\u00c4SS ART.13 DER EU-VERORDNUNG 2016\/679<\/p>\n<p><\/div><\/div>[vc_empty_space height=&#8220;50px&#8220;][vc_column_text]Mit diesem Informationsschreiben gem\u00e4\u00df Artikel 13 der Verordnung (EU) Nr. 2016\/679 \u00fcber den Schutz personenbezogener Daten (im Folgenden &#8222;DSGVO&#8220; oder &#8222;Verordnung&#8220;) beschreibt Pharmathek S.r.l (im Folgenden &#8222;Pharmathek&#8220; oder &#8222;Inhaber &#8222;) die Methoden der Verarbeitung personenbezogener Daten von Nutzern (im Folgenden &#8222;Interessenten&#8220;), die auf die Website zugreifen und diese besuchen <a href=\"http:\/\/www.pharmathek.com\">www.pharmathek.com<\/a> und garantiert, dass ihre pers\u00f6nlichen Daten unter Einhaltung der Grunds\u00e4tze der Rechtm\u00e4\u00dfigkeit, Korrektheit und Transparenz gem\u00e4\u00df den Bestimmungen der DSGVO und gem\u00e4\u00df dem vorliegenden Informationsschreiben verarbeitet werden.<\/p>\n<p>Das Informationsschreiben gilt nur f\u00fcr die oben genannte Website und nicht f\u00fcr andere Links\/Websites, die auf der Website vorhanden sein k\u00f6nnen, wie z.B. die Verweisung auf Facebook-, Twitter-, LinkedIn-, Youtube-Seiten, f\u00fcr die die Benutzer aufgefordert werden, die jeweiligen Informationsschreiben zu lesen, die von den Datenverantwortlichen bereitgestellt werden.<\/p>\n<p>&nbsp;<\/p>\n<h2>1. Datenverantwortlicher<\/h2>\n<p>Der Inhaber der Datenverarbeitung ist Pharmathek S.r.l. mit Sitz in Via E. Fermi, 43 37136 Verona (VR) E-Mail <a href=\"mailto:info@pharmathek.com\">info@pharmathek.com<\/a><\/p>\n<p>&nbsp;<\/p>\n<h2>2. Arten von verarbeiteten daten<\/h2>\n<ul>\n<li>Navigationsdaten: W\u00e4hrend des normalen Betriebs erfassen die Computersysteme und Softwareverfahren, die f\u00fcr den Betrieb der Website verwendet werden, einige personenbezogene Daten, deren \u00dcbertragung durch die Verwendung von Internet-Kommunikationsprotokollen implizit ist. Diese Informationen werden nicht gesammelt, um sie mit identifizierten Interessenten in Verbindung zu bringen, sondern k\u00f6nnten aufgrund ihrer Beschaffenheit durch die Verarbeitung und Verkn\u00fcpfung mit Daten im Besitz von Dritten eine Identifizierung der Benutzer erm\u00f6glichen. Zu dieser Datenkategorie geh\u00f6ren IP-Adressen oder Domain-Namen von Computern, die von Benutzern verwendet werden, die sich mit der Website verbinden, URI (Uniform Resource Identifier) der angeforderten Ressourcen, die Zeit der Anfrage, die Methode, die verwendet wurde, um die Anfrage an den Server zu \u00fcbermitteln, die Gr\u00f6\u00dfe der als Antwort erhaltenen Datei, der numerische Code, der den Status der Antwort vom Server angibt (erfolgreich, Fehler, etc..) und andere Parameter bez\u00fcglich des Betriebssystems und der Computerumgebung. Diese Daten werden nur verwendet, um anonyme statistische Informationen \u00fcber die Nutzung der Website zu erhalten und ihr korrektes Funktionieren zu \u00fcberpr\u00fcfen, um Anomalien und\/oder Missbrauch zu erkennen, und werden nach der Verarbeitung sofort gel\u00f6scht. Die Daten k\u00f6nnten zur Feststellung der Verantwortlichkeit im Falle von hypothetischen Computerverbrechen gegen die Website oder gegen Dritte verwendet werden: abgesehen von dieser M\u00f6glichkeit bleiben die Daten \u00fcber Webkontakte nicht l\u00e4nger als sieben Tage erhalten;<\/li>\n<li>Daten, die der Benutzer freiwillig durch Ausf\u00fcllen des Formulars <em>&#8222;Informationsanfrage&#8220; <\/em>angibt (Name, Vorname, Adresse, Ort, E-Mail und Telefonnummer);<\/li>\n<li>E-Mail-Adresse und andere personenbezogene Daten, die in E-Mail-Nachrichten und\/oder deren Anh\u00e4ngen enthalten sind, die an die auf der Website angegebenen Adressen gesendet werden, um die f\u00fcr die Beantwortung von Benutzeranfragen erforderlichen Verarbeitungsvorg\u00e4nge durchzuf\u00fchren;<\/li>\n<\/ul>\n<p>&nbsp;<\/p>\n<h2>3. Zweck und rechtsgrundlage der verarbeitung<\/h2>\n<p>Pharmathek verwendet Ihre Daten ausschlie\u00dflich zum folgenden Zweck:<\/p>\n<ul>\n<li>zur Ausf\u00fchrung einer konkreten Anfrage des Nutzers oder zur Erbringung der angeforderten Dienstleistung (&#8222;Service&#8220;) durch Ausf\u00fcllen des Formulars <em>&#8222;Informationsanfrage&#8220;<\/em>;<\/li>\n<li>um ein Feedback auf eine bestimmte Benutzeranfrage zu geben, die an die auf der Website angegebenen E-Mail-Adressen und Kontakte gesendet wurde;<\/li>\n<li>zum Versenden von Newsletters und Updates in Bezug auf Vertiefungen und Neuheiten des Sektors;<\/li>\n<li>zum Durchf\u00fchren von Umfragen zur Kundenzufriedenheit (&#8222;Kundenzufriedenheit&#8220;) in Bezug auf die Qualit\u00e4t der Waren und Dienstleistungen des Unternehmens in \u00dcbereinstimmung mit einem berechtigten Interesse des Unternehmens;<\/li>\n<li>um kommerzielle Mitteilungen und Werbung \u00fcber die Produkte und Dienstleistungen des Unternehmens zu versenden oder Marktforschung zu betreiben (&#8222;Marketing&#8220;);<\/li>\n<li>zum Durchf\u00fchren von Profiling-Aktivit\u00e4ten, um Ihr Verhalten, Ihre Gewohnheiten und Ihre Konsumneigung zu analysieren, um die vom Unternehmen angebotenen Produkte und Dienstleistungen zu verbessern und Ihre Erwartungen zu erf\u00fcllen;<\/li>\n<li>zur Verbesserung des Benutzererlebnis auf den Websites des Unternehmens;<\/li>\n<\/ul>\n<p>Die Verarbeitung der Daten f\u00fcr Marketing- und Profilingzwecke (und ggf. f\u00fcr die \u00dcbermittlung von Daten an Dritte) erfolgt auf der Grundlage Ihrer Einwilligung, wie in Art. 6 c.1 Buchst. a) der DSGVO vorgesehen.<\/p>\n<p>Die Freigabe der Daten ist freiwillig, die Verweigerung der Datenfreigabe macht jedoch den Bezug des Newsletter-Dienstes unm\u00f6glich.<\/p>\n<p>Wir werden Ihre personenbezogenen Daten nicht f\u00fcr andere als die in dieser Richtlinie beschriebenen Zwecke verwenden, es sei denn, wir informieren Sie im Voraus und holen, falls erforderlich, Ihre Zustimmung ein.<\/p>\n<p>&nbsp;<\/p>\n<h2>4. Methoden der datenverarbeitung<\/h2>\n<p>Die personenbezogenen Daten der Mitarbeiter werden mit Hilfe von Archiven und Papiertr\u00e4gern oder mit Hilfe von Computer- und Telematik-Tr\u00e4gern unter Wahrung der Vertraulichkeit verarbeitet.<\/p>\n<p>&nbsp;<\/p>\n<h2>5. Datenspeicherzeit<\/h2>\n<p>In \u00dcbereinstimmung mit den Grunds\u00e4tzen der DSGVO werden Ihre personenbezogenen Daten ab dem Zeitpunkt des Erhalts\/Aktualisierung bis zum Widerruf Ihrer Zustimmung gespeichert.<\/p>\n<p>&nbsp;<\/p>\n<h2>6. Kommunikation und weitergabe von daten<\/h2>\n<p>Die Personen, die von Ihren pers\u00f6nlichen Daten Kenntnis erlangen k\u00f6nnen, sind innerhalb der Einschr\u00e4nkungen, die zur Erf\u00fcllung der oben genannten Zwecke unbedingt erforderlich sind, folgende:<\/p>\n<ul>\n<li>Personen, die zur Verarbeitung personenbezogener Daten durch Pharmathek berechtigt sind;<\/li>\n<li>die Anbieter der Anwendungen, die f\u00fcr den Versand der Newsletter verwendet werden;<\/li>\n<li>mit der Pharmathek S.r.l. in Verbindung stehende Unternehmen<\/li>\n<\/ul>\n<p>Wenn sich der Benutzer \u00fcber ein aktives Google-Konto mit der Website verbindet, kann Google LCC zus\u00e4tzliche Informationen \u00fcber den Benutzer erhalten, die nicht vom Datenverantwortlichen kontrolliert werden k\u00f6nnen.<\/p>\n<p>In keinem Fall werden Ihre personenbezogenen Daten zu unrechtm\u00e4\u00dfigen Zwecken und in keinem Fall ohne angemessene Information der Betroffenen und ohne Einholung ihrer Zustimmung, soweit dies gesetzlich vorgeschrieben ist, an Dritte weitergegeben, verbreitet, \u00fcbertragen oder anderweitig \u00fcbermittelt.<\/p>\n<p>Eine \u00dcbermittlung personenbezogener Daten ins Ausland in Nicht-EU-L\u00e4nder oder internationale Organisationen, die kein angemessenes Schutzniveau gew\u00e4hrleisten, das gem\u00e4\u00df Artikel 45 der DSGVO auf der Grundlage eines Angemessenheitsbeschlusses der EU-Kommission anerkannt ist, erfolgt nicht.<\/p>\n<p>Falls es f\u00fcr die Erbringung von Dienstleistungen erforderlich ist, erfolgt die \u00dcbermittlung personenbezogener Daten an Nicht-EU-L\u00e4nder oder internationale Organisationen, f\u00fcr die die Kommission keinen Angemessenheitsbeschluss gem\u00e4\u00df Artikel 45 der DSGVO gefasst hat, nur bei Vorliegen angemessener Garantien durch das Empf\u00e4ngerland oder die Organisation gem\u00e4\u00df Artikel 46 der DSGVO und unter der Bedingung, dass die betroffenen Personen \u00fcber durchsetzbare Rechte und wirksame Rechtsbehelfe verf\u00fcgen.\u00a0 Bei Nichtvorhandensein eines Angemessenheitsbeschlusses der Kommission gem\u00e4\u00df Artikel 45 der DSGVO oder angemessener Garantien gem\u00e4\u00df Artikel 46 der DSGVO, einschlie\u00dflich verbindlicher unternehmensinterner Vorschriften, findet die grenz\u00fcberschreitende \u00dcbermittlung nur statt, wenn eine der in Artikel 49 der DSGVO genannten Bedingungen erf\u00fcllt ist.<\/p>\n<p><strong>\u00a0<\/strong><\/p>\n<h2>7. Rechte der interessierten<\/h2>\n<p>Der Interessent verf\u00fcgt \u00fcber die in den F\u00e4llen und Einschr\u00e4nkungen der Verordnungen gem\u00e4\u00df Artikel 15 bis 22 vorgesehenen Rechte. Als Beispiel kann jeder Interessent:<\/p>\n<ul>\n<li>Eine Best\u00e4tigung \u00fcber das Vorhandensein oder Nichtvorhandensein seiner pers\u00f6nlichen Daten verlangen (Art. 15 Abs. 1);<\/li>\n<li>Verlangen Auskunft zu erhalten \u00fcber die Zwecke der Verarbeitung, die Kategorien personenbezogener Daten, die Empf\u00e4nger oder Kategorien von Empf\u00e4ngern, denen die personenbezogenen Daten mitgeteilt wurden oder werden, sowie, falls m\u00f6glich, \u00fcber die Dauer der Speicherung (Art. 15 Abs. 1 Buchs. a, c);<\/li>\n<li>Verlangen die Berichtigung und L\u00f6schung von Daten zu erhalten (Artikel 16 und 17);<\/li>\n<li>Begrenzung der Datenverarbeitung zu erreichen (Art.18);<\/li>\n<li>von der verantwortlichen Stelle Auskunft \u00fcber die Empf\u00e4nger zu erhalten, an die die personenbezogenen Daten \u00fcbermittelt wurden, sowie \u00fcber deren Berichtigung oder L\u00f6schung oder Einschr\u00e4nkung der Verarbeitung; (Art. 19)<\/li>\n<li>eine \u00dcbertragbarkeit seiner Daten zu erhalten, d.h. sie von einem f\u00fcr die Datenverarbeitung Verantwortlichen in einem strukturierten, allgemein gebr\u00e4uchlichen und maschinenlesbaren Format zu erhalten und sie einem anderen f\u00fcr die Datenverarbeitung Verantwortlichen ungehindert zu \u00fcbermitteln (Art.20)<\/li>\n<li>Er kann Widerspruch gegen eine automatisierte Entscheidungsfindung in Bezug auf nat\u00fcrliche Personen, einschlie\u00dflich Profiling (Artikel 21 und 22) erheben;<\/li>\n<li>Hat das Recht, wenn die Verarbeitung auf einer Einwilligung beruht, diese jederzeit widerrufen zu k\u00f6nnen (Art. 7 Abs. 3);<\/li>\n<li>Stellt eine Verletzung des Schutzes personenbezogener Daten wahrscheinlich ein hohes Risiko f\u00fcr die Rechte und Freiheiten nat\u00fcrlicher Personen dar, hat der f\u00fcr die Verarbeitung Verantwortliche die betroffene Person unverz\u00fcglich von der Verletzung zu benachrichtigen (Art. 34);<\/li>\n<\/ul>\n<p>Um sicherzustellen, dass die vorgenannten Rechte durch den Interessenten und nicht durch unbefugte Dritte ausge\u00fcbt werden, kann der Eigent\u00fcmer von diesem alle hierf\u00fcr erforderlichen zus\u00e4tzlichen Informationen verlangen.<\/p>\n<p><strong>\u00a0<\/strong><\/p>\n<h2>8. Aus\u00fcbung der Rechte der interessenten<\/h2>\n<p>Die oben genannten Rechte k\u00f6nnen ausge\u00fcbt werden, indem Sie direkt oder \u00fcber eine bevollm\u00e4chtigte Person einen Antrag an den Datenverwalter stellen, m\u00fcndlich oder per E-Mail an die folgende Adresse <a href=\"mailto:privacy@pharmathek.it\">privacy@pharmathek.it<\/a> Die Anfrage wird frei und ohne Formalit\u00e4ten vom Interessenten formuliert, der das Recht hat, innerhalb einer angemessenen Frist, je nach den Umst\u00e4nden des Falles, eine angemessene Antwort zu erhalten.<\/p>\n<p>Zur Aus\u00fcbung seiner Rechte kann der Interessent die Hilfe von gemeinn\u00fctzigen Einrichtungen, Organisationen oder Verb\u00e4nden in Anspruch nehmen, deren satzungsgem\u00e4\u00dfe Ziele im \u00f6ffentlichen Interesse liegen und die im Bereich des Schutzes der Rechte und Freiheiten der betroffenen Personen im Hinblick auf den Schutz personenbezogener Daten t\u00e4tig sind und zu diesem Zweck ein entsprechendes Mandat erteilen. Der Interessent kann sich auch von einer Vertrauensperson unterst\u00fctzen lassen.<\/p>\n<p>Um seine Rechte zu kennen, eine Beschwerde einzureichen und \u00fcber die Gesetzgebung zum Schutz von Personen in Bezug auf die Verarbeitung personenbezogener Daten auf dem Laufenden gehalten zu werden, kann sich der Interessent an die Garantiebeh\u00f6rde f\u00fcr den Schutz personenbezogener Daten wenden, indem er die Website unter <a href=\"http:\/\/www.garanteprivacy.it\/\">http:\/\/www.garanteprivacy.it\/<\/a> besucht.[\/vc_column_text][\/vc_column][\/vc_row]<\/p>\n<\/div>","protected":false},"excerpt":{"rendered":"<p>[vc_row][vc_column][vc_empty_space height=&#8220;50px&#8220;][vc_column_text]Mit diesem Informationsschreiben gem\u00e4\u00df Artikel 13 der Verordnung (EU) Nr. 2016\/679 \u00fcber den Schutz personenbezogener Daten (im Folgenden &#8222;DSGVO&#8220; oder &#8222;Verordnung&#8220;) beschreibt Pharmathek S.r.l&hellip;<\/p>\n","protected":false},"author":1,"featured_media":0,"parent":0,"menu_order":0,"comment_status":"closed","ping_status":"closed","template":"","meta":{"inline_featured_image":false,"footnotes":""},"categories":[],"tags":[],"class_list":["post-6581","page","type-page","status-publish","hentry","description-off"],"_links":{"self":[{"href":"https:\/\/www.pharmathek.com\/de\/wp-json\/wp\/v2\/pages\/6581","targetHints":{"allow":["GET"]}}],"collection":[{"href":"https:\/\/www.pharmathek.com\/de\/wp-json\/wp\/v2\/pages"}],"about":[{"href":"https:\/\/www.pharmathek.com\/de\/wp-json\/wp\/v2\/types\/page"}],"author":[{"embeddable":true,"href":"https:\/\/www.pharmathek.com\/de\/wp-json\/wp\/v2\/users\/1"}],"replies":[{"embeddable":true,"href":"https:\/\/www.pharmathek.com\/de\/wp-json\/wp\/v2\/comments?post=6581"}],"version-history":[{"count":4,"href":"https:\/\/www.pharmathek.com\/de\/wp-json\/wp\/v2\/pages\/6581\/revisions"}],"predecessor-version":[{"id":21371,"href":"https:\/\/www.pharmathek.com\/de\/wp-json\/wp\/v2\/pages\/6581\/revisions\/21371"}],"wp:attachment":[{"href":"https:\/\/www.pharmathek.com\/de\/wp-json\/wp\/v2\/media?parent=6581"}],"wp:term":[{"taxonomy":"category","embeddable":true,"href":"https:\/\/www.pharmathek.com\/de\/wp-json\/wp\/v2\/categories?post=6581"},{"taxonomy":"post_tag","embeddable":true,"href":"https:\/\/www.pharmathek.com\/de\/wp-json\/wp\/v2\/tags?post=6581"}],"curies":[{"name":"wp","href":"https:\/\/api.w.org\/{rel}","templated":true}]}}