{"id":7403,"date":"2020-12-01T10:39:34","date_gmt":"2020-12-01T09:39:34","guid":{"rendered":"http:\/\/www.pharmathek.com\/farmacia-morandi-lonato-del-garda\/"},"modified":"2021-09-29T14:02:30","modified_gmt":"2021-09-29T12:02:30","slug":"morandi-apotheke","status":"publish","type":"page","link":"https:\/\/www.pharmathek.com\/de\/morandi-apotheke\/","title":{"rendered":"Morandi Apotheke"},"content":{"rendered":"<div class=\"wpb-content-wrapper\"><p>[vc_row full_width=&#8220;stretch_row_content&#8220; equal_height=&#8220;yes&#8220; content_placement=&#8220;middle&#8220; bg_type=&#8220;bg_color&#8220; bg_override=&#8220;full&#8220; bg_color_value=&#8220;#eeeeef&#8220;][vc_column width=&#8220;1\/2&#8243; css=&#8220;.vc_custom_1523960338488{padding-right: 0px !important;padding-left: 0px !important;}&#8220; offset=&#8220;vc_hidden-md vc_hidden-sm vc_hidden-xs&#8220;][vc_single_image image=&#8220;5365&#8243; img_size=&#8220;full&#8220;][\/vc_column][vc_column width=&#8220;1\/2&#8243; css=&#8220;.vc_custom_1523960343032{padding-right: 100px !important;padding-left: 100px !important;}&#8220; offset=&#8220;vc_hidden-md vc_hidden-sm vc_hidden-xs&#8220;][vc_empty_space]<div id=\"ultimate-heading-809969f45182763d3\" class=\"uvc-heading ult-adjust-bottom-margin ultimate-heading-809969f45182763d3 uvc-8515 head-section-title uvc-heading-default-font-sizes\" data-hspacer=\"no_spacer\"  data-halign=\"center\" style=\"text-align:center\"><div class=\"uvc-heading-spacer no_spacer\" style=\"top\"><\/div><div class=\"uvc-main-heading ult-responsive\"  data-ultimate-target='.uvc-heading.ultimate-heading-809969f45182763d3 p'  data-responsive-json-new='{\"font-size\":\"\",\"line-height\":\"\"}' ><p style=\"--font-weight:theme;\">MORANDI APOTHEKE<\/p><\/div><div class=\"uvc-sub-heading ult-responsive\"  data-ultimate-target='.uvc-heading.ultimate-heading-809969f45182763d3 .uvc-sub-heading '  data-responsive-json-new='{\"font-size\":\"\",\"line-height\":\"\"}'  style=\"font-weight:normal;\"><\/p>\n<p>&nbsp;<\/p>\n<p>&nbsp;<\/p>\n<p><\/div><\/div>[vc_empty_space][vc_column_text el_class=&#8220;text-justify&#8220;]<\/p>\n<p>Besonderheiten dieser Installation:<\/p>\n<ul>\n<li>gro\u00dfe Automat f\u00fcr Apotheken<\/li>\n<li>Bedienterminal auf der langen Seite<\/li>\n<li>Mit individualisierter Gestaltung: Glasscheiben<\/li>\n<li>\n<div><span lang=\"DE\">Die Arzneimittelausgaben befinden sich weit entfernt vom Automaten und der Transport erfolgt \u00fcber F\u00f6rderb\u00e4nder <\/span><\/div>\n<\/li>\n<\/ul>\n<p>[\/vc_column_text][vc_empty_space][\/vc_column][\/vc_row][vc_row full_width=&#8220;stretch_row_content&#8220; equal_height=&#8220;yes&#8220; content_placement=&#8220;middle&#8220; bg_type=&#8220;bg_color&#8220; bg_override=&#8220;full&#8220; bg_color_value=&#8220;#eeeeef&#8220;][vc_column css=&#8220;.vc_custom_1524126670718{padding-right: 0px !important;padding-left: 0px !important;}&#8220; offset=&#8220;vc_hidden-lg&#8220; el_class=&#8220;full-width-no-padding&#8220;][vc_single_image image=&#8220;5365&#8243; img_size=&#8220;full&#8220;][vc_empty_space]<div id=\"ultimate-heading-69769f451827648d\" class=\"uvc-heading ult-adjust-bottom-margin ultimate-heading-69769f451827648d uvc-2835 head-section-title uvc-heading-default-font-sizes\" data-hspacer=\"no_spacer\"  data-halign=\"center\" style=\"text-align:center\"><div class=\"uvc-heading-spacer no_spacer\" style=\"top\"><\/div><div class=\"uvc-main-heading ult-responsive\"  data-ultimate-target='.uvc-heading.ultimate-heading-69769f451827648d p'  data-responsive-json-new='{\"font-size\":\"\",\"line-height\":\"\"}' ><p style=\"--font-weight:theme;\">MORANDI APOTHEKE<\/p><\/div><div class=\"uvc-sub-heading ult-responsive\"  data-ultimate-target='.uvc-heading.ultimate-heading-69769f451827648d .uvc-sub-heading '  data-responsive-json-new='{\"font-size\":\"\",\"line-height\":\"\"}'  style=\"font-weight:normal;\"><\/p>\n<p>&nbsp;<\/p>\n<p>&nbsp;<\/p>\n<p><\/div><\/div>[vc_empty_space][vc_column_text el_class=&#8220;text-justify&#8220;]<\/p>\n<p>Besonderheiten dieser Installation:<\/p>\n<ul>\n<li>gro\u00dfe Automat f\u00fcr Apotheken<\/li>\n<li>Bedienterminal auf der langen Seite<\/li>\n<li>Mit individualisierter Gestaltung: Glasscheiben<\/li>\n<li><span lang=\"DE\">Die Arzneimittelausgaben befinden sich weit entfernt vom Automaten und der Transport erfolgt \u00fcber F\u00f6rderb\u00e4nder<\/span><\/li>\n<\/ul>\n<p>[\/vc_column_text][vc_empty_space][\/vc_column][\/vc_row][vc_row][vc_column offset=&#8220;vc_hidden-md vc_hidden-sm vc_hidden-xs&#8220;][vc_empty_space height=&#8220;100px&#8220;][vc_single_image image=&#8220;5361&#8243; img_size=&#8220;full&#8220; alignment=&#8220;center&#8220;][vc_empty_space]<div id=\"ultimate-heading-757069f4518276527\" class=\"uvc-heading ult-adjust-bottom-margin ultimate-heading-757069f4518276527 uvc-4784 head-section-title uvc-heading-default-font-sizes\" data-hspacer=\"no_spacer\"  data-halign=\"center\" style=\"text-align:center\"><div class=\"uvc-heading-spacer no_spacer\" style=\"top\"><\/div><div class=\"uvc-main-heading ult-responsive\"  data-ultimate-target='.uvc-heading.ultimate-heading-757069f4518276527 p'  data-responsive-json-new='{\"font-size\":\"\",\"line-height\":\"\"}' ><p style=\"--font-weight:theme;\">ERFAHRUNGSBERICHTE VON APOTHEKERN<\/p><\/div><div class=\"uvc-sub-heading ult-responsive\"  data-ultimate-target='.uvc-heading.ultimate-heading-757069f4518276527 .uvc-sub-heading '  data-responsive-json-new='{\"font-size\":\"\",\"line-height\":\"\"}'  style=\"font-weight:normal;\"><\/p>\n<p>&nbsp;<\/p>\n<p>&nbsp;<\/p>\n<p><\/div><\/div>[vc_column_text el_class=&#8220;text-justify&#8220;]<\/p>\n<h4>Was hat Sie dazu veranlasst, Ihre Apotheke zu automatisieren?<\/h4>\n<p>Wir haben uns dazuentschieden, ein automatisiertes Lagersystem aufgrund seiner zahlreichen Vorteile sowohl in Bezug auf die Lagerverwaltung, als auch die neue und verbesserte Art der Interaktion mit dem Kunden, zu installieren. Ein weiterer Vorteil ist die positive Auswirkung auf das Erscheinungsbild der Apotheke: Sie wird nun als moderner und zeitgem\u00e4\u00dfer wahrgenommen.<\/p>\n<p>&nbsp;<\/p>\n<h4>Was waren die Gr\u00fcnde sich f\u00fcr Pharmathek zur Automatisierung von Ihrer Apotheke zu entschieden?<\/h4>\n<p>Ich habe mich f\u00fcr Pharmathek entschieden, weil ich nach dem Vergleich der Eigenschaften der verschiedenen verf\u00fcgbaren L\u00f6sungen festgestellt habe, dass es sich um das beste System auf dem Markt handelt.<\/p>\n<p>Zudem kann durch Pharmathek der Automat auch unter \u00e4sthetischen Gesichtspunkten angepasst werden, was dazu gef\u00fchrt hat, dass ich den Automaten wieder sichtbar aufgestellt habe und die Apotheke in den Augen des Kunden aufgewertet wird.<\/p>\n<p>Eine weitere Besonderheit meines Automaten ist, dass er zus\u00e4tzlich zu den seitlichen Ausg\u00e4ngen auch \u00fcber zwei Ausg\u00e4nge auf der gegen\u00fcberliegenden Seite des Raums verf\u00fcgt, wo die Medikamente \u00fcber ein System aus B\u00e4ndern und Wendelrutschen transportiert werden.<\/p>\n<p>Dr. Andrea Swierczynski<\/p>\n<p>[\/vc_column_text][vc_empty_space height=&#8220;100px&#8220;][\/vc_column][\/vc_row][vc_row][vc_column offset=&#8220;vc_hidden-lg&#8220;][vc_empty_space height=&#8220;50px&#8220;][vc_single_image image=&#8220;5361&#8243; img_size=&#8220;full&#8220; alignment=&#8220;center&#8220;][vc_empty_space]<div id=\"ultimate-heading-878069f45182765b8\" class=\"uvc-heading ult-adjust-bottom-margin ultimate-heading-878069f45182765b8 uvc-1936 head-section-title uvc-heading-default-font-sizes\" data-hspacer=\"no_spacer\"  data-halign=\"center\" style=\"text-align:center\"><div class=\"uvc-heading-spacer no_spacer\" style=\"top\"><\/div><div class=\"uvc-main-heading ult-responsive\"  data-ultimate-target='.uvc-heading.ultimate-heading-878069f45182765b8 p'  data-responsive-json-new='{\"font-size\":\"\",\"line-height\":\"\"}' ><p style=\"--font-weight:theme;\">ERFAHRUNGSBERICHTE VON APOTHEKERN<\/p><\/div><div class=\"uvc-sub-heading ult-responsive\"  data-ultimate-target='.uvc-heading.ultimate-heading-878069f45182765b8 .uvc-sub-heading '  data-responsive-json-new='{\"font-size\":\"\",\"line-height\":\"\"}'  style=\"font-weight:normal;\"><\/p>\n<p>&nbsp;<\/p>\n<p>&nbsp;<\/p>\n<p><\/div><\/div>[vc_column_text el_class=&#8220;text-justify&#8220;]<\/p>\n<h4>Was hat Sie dazu veranlasst, Ihre Apotheke zu automatisieren?<\/h4>\n<p>Wir haben uns dazuentschieden, ein automatisiertes Lagersystem aufgrund seiner zahlreichen Vorteile sowohl in Bezug auf die Lagerverwaltung, als auch die neue und verbesserte Art der Interaktion mit dem Kunden, zu installieren. Ein weiterer Vorteil ist die positive Auswirkung auf das Erscheinungsbild der Apotheke: Sie wird nun als moderner und zeitgem\u00e4\u00dfer wahrgenommen.<\/p>\n<p>&nbsp;<\/p>\n<h4>Was waren die Gr\u00fcnde sich f\u00fcr Pharmathek zur Automatisierung von Ihrer Apotheke zu entschieden?<\/h4>\n<p>Ich habe mich f\u00fcr Pharmathek entschieden, weil ich nach dem Vergleich der Eigenschaften der verschiedenen verf\u00fcgbaren L\u00f6sungen festgestellt habe, dass es sich um das beste System auf dem Markt handelt.<\/p>\n<p>Zudem kann durch Pharmathek der Automat auch unter \u00e4sthetischen Gesichtspunkten angepasst werden, was dazu gef\u00fchrt hat, dass ich den Automaten wieder sichtbar aufgestellt habe und die Apotheke in den Augen des Kunden aufgewertet wird.<\/p>\n<p>Eine weitere Besonderheit meines Automaten ist, dass er zus\u00e4tzlich zu den seitlichen Ausg\u00e4ngen auch \u00fcber zwei Ausg\u00e4nge auf der gegen\u00fcberliegenden Seite des Raums verf\u00fcgt, wo die Medikamente \u00fcber ein System aus B\u00e4ndern und Wendelrutschen transportiert werden.<\/p>\n<p>Dr. Andrea Swierczynski<\/p>\n<p>[\/vc_column_text][vc_empty_space height=&#8220;50px&#8220;][\/vc_column][\/vc_row][vc_row full_width=&#8220;stretch_row&#8220; bg_type=&#8220;bg_color&#8220; bg_override=&#8220;full&#8220; bg_color_value=&#8220;#eeeeef&#8220;][vc_column offset=&#8220;vc_hidden-md vc_hidden-sm vc_hidden-xs&#8220;][vc_empty_space height=&#8220;100px&#8220;]<div id=\"ultimate-heading-688469f4518276638\" class=\"uvc-heading ult-adjust-bottom-margin ultimate-heading-688469f4518276638 uvc-2921 head-section-title uvc-heading-default-font-sizes\" data-hspacer=\"no_spacer\"  data-halign=\"center\" style=\"text-align:center\"><div class=\"uvc-heading-spacer no_spacer\" style=\"top\"><\/div><div class=\"uvc-main-heading ult-responsive\"  data-ultimate-target='.uvc-heading.ultimate-heading-688469f4518276638 h2'  data-responsive-json-new='{\"font-size\":\"\",\"line-height\":\"\"}' ><h2 style=\"--font-weight:theme;\">GALERIE<\/h2><\/div><\/div>[vc_empty_space height=&#8220;50px&#8220;][vc_masonry_media_grid element_width=&#8220;3&#8243; gap=&#8220;10&#8243; grid_id=&#8220;vc_gid:1609234604430-c30bce43-f355-3&#8243; include=&#8220;5357,5341,5337,5353,5345,5349,5333,5329&#8243;][vc_empty_space height=&#8220;100px&#8220;][\/vc_column][\/vc_row][vc_row full_width=&#8220;stretch_row&#8220; bg_type=&#8220;bg_color&#8220; bg_override=&#8220;full&#8220; bg_color_value=&#8220;#eeeeef&#8220;][vc_column offset=&#8220;vc_hidden-lg&#8220;][vc_empty_space height=&#8220;50px&#8220;]<div id=\"ultimate-heading-203869f45182766a5\" class=\"uvc-heading ult-adjust-bottom-margin ultimate-heading-203869f45182766a5 uvc-3684 head-section-title uvc-heading-default-font-sizes\" data-hspacer=\"no_spacer\"  data-halign=\"center\" style=\"text-align:center\"><div class=\"uvc-heading-spacer no_spacer\" style=\"top\"><\/div><div class=\"uvc-main-heading ult-responsive\"  data-ultimate-target='.uvc-heading.ultimate-heading-203869f45182766a5 h2'  data-responsive-json-new='{\"font-size\":\"\",\"line-height\":\"\"}' ><h2 style=\"--font-weight:theme;\">GALERIE<\/h2><\/div><\/div>[vc_empty_space height=&#8220;50px&#8220;][vc_masonry_media_grid element_width=&#8220;3&#8243; gap=&#8220;10&#8243; grid_id=&#8220;vc_gid:1609234604450-ec054ae6-eaf1-0&#8243; include=&#8220;5357,5341,5353,5337,5349,5345,5333,5329&#8243;][vc_empty_space height=&#8220;50px&#8220;][\/vc_column][\/vc_row][vc_row full_width=&#8220;stretch_row&#8220; bg_type=&#8220;image&#8220; parallax_style=&#8220;vcpb-default&#8220; bg_image_new=&#8220;id^1166|url^http:\/\/www.pharmathek.com\/wp-content\/uploads\/2018\/03\/farmacia-specifiche-background.jpg|caption^null|alt^null|title^farmacia-specifiche-background|description^null&#8220; bg_image_repeat=&#8220;no-repeat&#8220; bg_override=&#8220;full&#8220;][vc_column][vc_empty_space height=&#8220;100px&#8220;]<div id=\"ultimate-heading-519969f451827671a\" class=\"uvc-heading ult-adjust-bottom-margin ultimate-heading-519969f451827671a uvc-3314 head-section-title text-white uvc-heading-default-font-sizes\" data-hspacer=\"no_spacer\"  data-halign=\"center\" style=\"text-align:center\"><div class=\"uvc-heading-spacer no_spacer\" style=\"top\"><\/div><div class=\"uvc-main-heading ult-responsive\"  data-ultimate-target='.uvc-heading.ultimate-heading-519969f451827671a h2'  data-responsive-json-new='{\"font-size\":\"\",\"line-height\":\"\"}' ><h2 style=\"--font-weight:theme;\">DAS PROJEKT<\/h2><\/div><\/div>[vc_empty_space height=&#8220;50px&#8220;][vc_separator color=&#8220;white&#8220;][vc_separator color=&#8220;white&#8220;][vc_row_inner][vc_column_inner width=&#8220;1\/2&#8243;][vc_column_text el_class=&#8220;progetto-voci&#8220;]VORHANDENE PHARMATHEK-L\u00d6SUNGEN[\/vc_column_text][\/vc_column_inner][vc_column_inner width=&#8220;1\/2&#8243;][vc_column_text el_class=&#8220;progetto-voci-valori&#8220;]SINTESI + PHARMALOAD + EUCLID3D[\/vc_column_text][\/vc_column_inner][\/vc_row_inner][vc_separator color=&#8220;white&#8220;][vc_row_inner][vc_column_inner width=&#8220;1\/2&#8243;][vc_column_text el_class=&#8220;progetto-voci&#8220;]AUTOMAT-ABMESSUNGEN[\/vc_column_text][\/vc_column_inner][vc_column_inner width=&#8220;1\/2&#8243;][vc_column_text el_class=&#8220;progetto-voci-valori&#8220;]L 5500 x H 3600 mm[\/vc_column_text][\/vc_column_inner][\/vc_row_inner][vc_separator color=&#8220;white&#8220;][vc_row_inner][vc_column_inner width=&#8220;1\/2&#8243;][vc_column_text el_class=&#8220;progetto-voci&#8220;]KAPAZIT\u00c4T IN VERPACKUNGEN[\/vc_column_text][\/vc_column_inner][vc_column_inner width=&#8220;1\/2&#8243;][vc_column_text el_class=&#8220;progetto-voci-valori&#8220;]16000[\/vc_column_text][\/vc_column_inner][\/vc_row_inner][vc_separator color=&#8220;white&#8220;][vc_row_inner][vc_column_inner width=&#8220;1\/2&#8243;][vc_column_text el_class=&#8220;progetto-voci&#8220;]AUFSTELLUNG DES AUTOMATEN IN BEZUG AUF DEN HV-TISCH[\/vc_column_text][\/vc_column_inner][vc_column_inner width=&#8220;1\/2&#8243;][vc_column_text el_class=&#8220;progetto-voci-valori&#8220;]HINTER DEM HV-TISCH[\/vc_column_text][\/vc_column_inner][\/vc_row_inner][vc_separator color=&#8220;white&#8220;][vc_row_inner][vc_column_inner width=&#8220;1\/2&#8243;][vc_column_text el_class=&#8220;progetto-voci&#8220;]<span lang=\"DE\">BEWEGTE PRODUKTE<\/span>[\/vc_column_text][\/vc_column_inner][vc_column_inner width=&#8220;1\/2&#8243;][vc_column_text el_class=&#8220;progetto-voci-valori&#8220;]zwischen 500 und 1000[\/vc_column_text][\/vc_column_inner][\/vc_row_inner][vc_separator color=&#8220;white&#8220;][vc_empty_space height=&#8220;100px&#8220;][\/vc_column][\/vc_row][vc_row full_width=&#8220;stretch_row_content_no_spaces&#8220;][vc_column el_class=&#8220;full-width-no-padding&#8220;][vc_single_image image=&#8220;5321&#8243; img_size=&#8220;full&#8220; alignment=&#8220;center&#8220;]<style type=\"text\/css\" data-type=\"the7_shortcodes-inline-css\">#default-btn-c190919ff9420d450fe5906f40b3fbb2.ico-right-side > i {\n  margin-right: 0px;\n  margin-left: 8px;\n}\n#default-btn-c190919ff9420d450fe5906f40b3fbb2 > i {\n  margin-right: 8px;\n}\n<\/style><div class=\"btn-align-center\"><a href=\"http:\/\/www.pharmathek.com\/de\/installationen\/\" class=\"default-btn-shortcode dt-btn dt-btn-l link-hover-off weight-300 full-width-btn \" id=\"default-btn-c190919ff9420d450fe5906f40b3fbb2\" title=\"INSTALLATIONEN\"><span>Zur\u00fcck zur Liste der Installationen<\/span><\/a><\/div>[\/vc_column][\/vc_row]<\/p>\n<\/div>","protected":false},"excerpt":{"rendered":"<p>Lonato del Garda (Italien)<\/p>\n","protected":false},"author":3,"featured_media":7405,"parent":0,"menu_order":0,"comment_status":"closed","ping_status":"closed","template":"","meta":{"inline_featured_image":false,"footnotes":""},"categories":[67],"tags":[],"class_list":["post-7403","page","type-page","status-publish","has-post-thumbnail","hentry","category-apotheke","description-off"],"_links":{"self":[{"href":"https:\/\/www.pharmathek.com\/de\/wp-json\/wp\/v2\/pages\/7403","targetHints":{"allow":["GET"]}}],"collection":[{"href":"https:\/\/www.pharmathek.com\/de\/wp-json\/wp\/v2\/pages"}],"about":[{"href":"https:\/\/www.pharmathek.com\/de\/wp-json\/wp\/v2\/types\/page"}],"author":[{"embeddable":true,"href":"https:\/\/www.pharmathek.com\/de\/wp-json\/wp\/v2\/users\/3"}],"replies":[{"embeddable":true,"href":"https:\/\/www.pharmathek.com\/de\/wp-json\/wp\/v2\/comments?post=7403"}],"version-history":[{"count":8,"href":"https:\/\/www.pharmathek.com\/de\/wp-json\/wp\/v2\/pages\/7403\/revisions"}],"predecessor-version":[{"id":10945,"href":"https:\/\/www.pharmathek.com\/de\/wp-json\/wp\/v2\/pages\/7403\/revisions\/10945"}],"wp:featuredmedia":[{"embeddable":true,"href":"https:\/\/www.pharmathek.com\/de\/wp-json\/wp\/v2\/media\/7405"}],"wp:attachment":[{"href":"https:\/\/www.pharmathek.com\/de\/wp-json\/wp\/v2\/media?parent=7403"}],"wp:term":[{"taxonomy":"category","embeddable":true,"href":"https:\/\/www.pharmathek.com\/de\/wp-json\/wp\/v2\/categories?post=7403"},{"taxonomy":"post_tag","embeddable":true,"href":"https:\/\/www.pharmathek.com\/de\/wp-json\/wp\/v2\/tags?post=7403"}],"curies":[{"name":"wp","href":"https:\/\/api.w.org\/{rel}","templated":true}]}}