{"id":109508,"date":"2025-10-06T09:12:20","date_gmt":"2025-10-06T07:12:20","guid":{"rendered":"https:\/\/www.pharmathek.com\/checklist-pressione-farmacia\/"},"modified":"2025-11-28T11:11:10","modified_gmt":"2025-11-28T10:11:10","slug":"checklist-presion-farmacia","status":"publish","type":"page","link":"https:\/\/www.pharmathek.com\/es\/checklist-presion-farmacia\/","title":{"rendered":"Landing Page &#8211; Checklist pressione farmacia ESP"},"content":{"rendered":"<div class=\"wpb-content-wrapper\"><p>[vc_row bg_type=\u00bbvideo\u00bb video_url=\u00bbhttps:\/\/www.pharmathek.com\/wp-content\/uploads\/2025\/01\/Automazione-Pharmathek-arancione.mp4&#8243; video_opts=\u00bbloop,muted\u00bb video_poster=\u00bbid^67940|url^https:\/\/www.pharmathek.com\/wp-content\/uploads\/2025\/01\/header-interno-robot-farmacia-pharmathek-scaled.jpg|caption^null|alt^null|title^header-interno-robot-farmacia-pharmathek|description^null\u00bb viewport_vdo=\u00bbviewport_play\u00bb bg_override=\u00bbfull\u00bb css=\u00bb.vc_custom_1737033220921{padding-top: 50px !important;padding-right: 10px !important;padding-bottom: 50px !important;padding-left: 10px !important;}\u00bb][vc_column width=\u00bb3\/5&#8243; css=\u00bb.vc_custom_1753689243897{padding-right: 40px !important;padding-left: 40px !important;background-color: rgba(255,107,0,0.35) !important;*background-color: rgb(255,107,0) !important;}\u00bb][vc_empty_space height=\u00bb40px\u00bb][vc_single_image image=\u00bb81453&#8243; css=\u00bb\u00bb][vc_empty_space height=\u00bb40px\u00bb][vc_column_text css=\u00bb\u00bb]<\/p>\n<h4>\u00bfTU FARMACIA EST\u00c1 BAJO PRESI\u00d3N?<\/h4>\n<p>[\/vc_column_text][vc_empty_space height=\u00bb15px\u00bb][vc_column_text css=\u00bb\u00bb]<\/p>\n<h1><span style=\"color: #ffffff;\">Descarga la checklist que te ayuda a entender si es la hora de automatizar tu farmacia. <\/span><\/h1>\n<p>[\/vc_column_text][vc_empty_space][vc_column_text css=\u00bb\u00bb]<\/p>\n<h5><strong>Un documento f\u00e1cil de comprender, pensado para darte una imagen inmediata del nivel de eficiencia de tu farmacia.<\/strong><\/h5>\n<p><em>Sin tecnicismos, sin asesoramiento, sin perder tiempo.<\/em>[\/vc_column_text][vc_empty_space height=\u00bb22px\u00bb][vc_column_text css=\u00bb\u00bb]Cada punto est\u00e1 explicado de manera clara, con ejemplos pr\u00e1cticos y una indicaci\u00f3n del nivel de urgencia en base a las se\u00f1ales que reconoces.<\/p>\n<p><strong>Rellena el documento y descubre ahora:<\/strong><\/p>\n<ul>\n<li>si est\u00e1s trabajando con un nivel de estr\u00e9s evitable;<\/li>\n<li>si el almac\u00e9n est\u00e1 ralentizando tu venta;<\/li>\n<li>si tu equipo est\u00e1 soportando presi\u00f3n\u2026 o est\u00e1 al l\u00edmite;<\/li>\n<li>si es verdaderamente el momento de automatizar (o renovar el sistema ya existente).<\/li>\n<\/ul>\n<p>[\/vc_column_text][vc_empty_space][\/vc_column][vc_column width=\u00bb2\/5&#8243; css=\u00bb.vc_custom_1763713179693{padding-right: 50px !important;padding-left: 50px !important;background-color: #ffffff !important;border-radius: 15px !important;}\u00bb][vc_column_text css=\u00bb\u00bb]<a name=\"contact\"><\/a>[\/vc_column_text][vc_empty_space height=\u00bb52px\u00bb][vc_single_image image=\u00bb109513&#8243; alignment=\u00bbcenter\u00bb css=\u00bb\u00bb][vc_column_text css=\u00bb\u00bb]<\/p>\n<h5 style=\"text-align: center;\"><span style=\"color: #ff6b00;\">Mide la presi\u00f3n de tu farmacia. Rellena el formulario y recibe ahora la checklist a tu email.<\/span><\/h5>\n<p>[\/vc_column_text][vc_empty_space]\n<div class=\"wpcf7 no-js\" id=\"wpcf7-f109530-o1\" lang=\"\" dir=\"ltr\" data-wpcf7-id=\"109530\">\n<div class=\"screen-reader-response\"><p role=\"status\" aria-live=\"polite\" aria-atomic=\"true\"><\/p> <ul><\/ul><\/div>\n<form action=\"\/es\/wp-json\/wp\/v2\/pages\/109508#wpcf7-f109530-o1\" method=\"post\" class=\"wpcf7-form init\" aria-label=\"Formulario de contacto\" novalidate=\"novalidate\" data-status=\"init\">\n<fieldset class=\"hidden-fields-container\"><input type=\"hidden\" name=\"_wpcf7\" value=\"109530\" \/><input type=\"hidden\" name=\"_wpcf7_version\" value=\"6.1.5\" \/><input type=\"hidden\" name=\"_wpcf7_locale\" value=\"\" \/><input type=\"hidden\" name=\"_wpcf7_unit_tag\" value=\"wpcf7-f109530-o1\" \/><input type=\"hidden\" name=\"_wpcf7_container_post\" value=\"0\" \/><input type=\"hidden\" name=\"_wpcf7_posted_data_hash\" value=\"\" \/><input type=\"hidden\" name=\"_wpcf7_recaptcha_response\" value=\"\" \/>\n<\/fieldset>\n<div class=\"content-column one_half first\">\n\t<p><label><span class=\"wpcf7-form-control-wrap\" data-name=\"nome\"><input size=\"40\" maxlength=\"400\" class=\"wpcf7-form-control wpcf7-text wpcf7-validates-as-required\" aria-required=\"true\" aria-invalid=\"false\" placeholder=\"Nombre y Apellidos *\" value=\"\" type=\"text\" name=\"nome\" \/><\/span><\/label>\n\t<\/p>\n<\/div>\n<div class=\"content-column one_half second\">\n\t<p><label><span class=\"wpcf7-form-control-wrap\" data-name=\"azienda\"><input size=\"40\" maxlength=\"400\" class=\"wpcf7-form-control wpcf7-text wpcf7-validates-as-required\" aria-required=\"true\" aria-invalid=\"false\" placeholder=\"Nombre Empresa\/Farmacia *\" value=\"\" type=\"text\" name=\"azienda\" \/><\/span><\/label>\n\t<\/p>\n<\/div>\n<div class=\"content-column one_half first\">\n\t<p><label><span class=\"wpcf7-form-control-wrap\" data-name=\"indirizzo\"><input size=\"40\" maxlength=\"400\" class=\"wpcf7-form-control wpcf7-text wpcf7-validates-as-required\" aria-required=\"true\" aria-invalid=\"false\" placeholder=\"Direcci\u00f3n *\" value=\"\" type=\"text\" name=\"indirizzo\" \/><\/span><\/label>\n\t<\/p>\n<\/div>\n<div class=\"content-column one_half second\">\n\t<p><label><span class=\"wpcf7-form-control-wrap\" data-name=\"citta\"><input size=\"40\" maxlength=\"400\" class=\"wpcf7-form-control wpcf7-text wpcf7-validates-as-required\" aria-required=\"true\" aria-invalid=\"false\" placeholder=\"Poblaci\u00f3n *\" value=\"\" type=\"text\" name=\"citta\" \/><\/span><\/label>\n\t<\/p>\n<\/div>\n<div class=\"content-column one_half first\">\n\t<p><label><span class=\"wpcf7-form-control-wrap\" data-name=\"email\"><input size=\"40\" maxlength=\"400\" class=\"wpcf7-form-control wpcf7-email wpcf7-validates-as-required wpcf7-text wpcf7-validates-as-email\" aria-required=\"true\" aria-invalid=\"false\" placeholder=\"Correo electr\u00f3nico *\" value=\"\" type=\"email\" name=\"email\" \/><\/span><\/label>\n\t<\/p>\n<\/div>\n<div class=\"content-column one_half second\">\n\t<p><label><span class=\"wpcf7-form-control-wrap\" data-name=\"telefono\"><input size=\"40\" maxlength=\"400\" class=\"wpcf7-form-control wpcf7-tel wpcf7-text wpcf7-validates-as-tel\" aria-invalid=\"false\" placeholder=\"Tel\u00e9fono\" value=\"\" type=\"tel\" name=\"telefono\" \/><\/span><\/label>\n\t<\/p>\n<\/div>\n<div class=\"form-group group1\">\n\t<div class=\"col-sm-12\">\n\t\t<p><span class=\"wpcf7-form-control-wrap\" data-name=\"acceptance-57\"><span class=\"wpcf7-form-control wpcf7-acceptance\"><span class=\"wpcf7-list-item\"><input type=\"checkbox\" name=\"acceptance-57\" value=\"1\" aria-invalid=\"false\" \/><\/span><\/span><\/span>&nbsp;&nbsp;Declaro que soy mayor de edad y que consiento el tratamiento de mis datos personales seg\u00fan se indica en la <a href='\/es\/tratamiento-de-datos\/' target='_blank'>pol\u00edtica de Privacidad<\/a>.\n\t\t<\/p>\n\t<\/div>\n\t<div class=\"col-sm-12\">\n\t\t<p><span class=\"wpcf7-form-control-wrap\" data-name=\"acceptance-58\"><span class=\"wpcf7-form-control wpcf7-acceptance optional\"><span class=\"wpcf7-list-item\"><input type=\"checkbox\" name=\"acceptance-58\" value=\"1\" aria-invalid=\"false\" \/><\/span><\/span><\/span>&nbsp;&nbsp;Consiento el tratamiento de mis datos personales para finalidades de marketing directo.\n\t\t<\/p>\n\t<\/div>\n\t<div class=\"col-sm-12\" style=\"text-align:right;\">\n\t\t<p><input class=\"wpcf7-form-control wpcf7-submit has-spinner my_btn\" id=\"submit-lp-scarica-guida\" type=\"submit\" value=\"DESCARGA LA CHECKLIST\" \/>\n\t\t<\/p>\n\t<\/div>\n<\/div><input type='hidden' class='wpcf7-pum' value='{\"closepopup\":false,\"closedelay\":0,\"openpopup\":false,\"openpopup_id\":0}' \/><div class=\"wpcf7-response-output\" aria-hidden=\"true\"><\/div>\n<\/form>\n<\/div>\n[vc_empty_space height=\u00bb22px\u00bb][\/vc_column][\/vc_row][vc_row bg_type=\u00bbbg_color\u00bb bg_override=\u00bbfull\u00bb bg_color_value=\u00bb#000000&#8243;][vc_column][vc_empty_space height=\u00bb20px\u00bb][vc_column_text css=\u00bb.vc_custom_1764320441487{background-position: center !important;background-repeat: no-repeat !important;background-size: contain !important;}\u00bb el_class=\u00bbhead-section-title-landing\u00bb]<\/p>\n<p style=\"text-align: center;\"><span style=\"color: #ffffff;\"><strong>\u00bfC\u00f3mo funciona la checklist?<\/strong><\/span><\/p>\n<p>[\/vc_column_text][vc_empty_space height=\u00bb20px\u00bb][\/vc_column][\/vc_row][vc_row bg_type=\u00bbbg_color\u00bb bg_override=\u00bbfull\u00bb][vc_column][vc_empty_space height=\u00bb30px\u00bb][\/vc_column][\/vc_row][vc_row bg_type=\u00bbbg_color\u00bb bg_override=\u00bbfull\u00bb][vc_column width=\u00bb1\/2&#8243;][vc_empty_space][vc_single_image image=\u00bb109513&#8243; img_size=\u00bblarge\u00bb alignment=\u00bbcenter\u00bb css=\u00bb\u00bb][vc_empty_space height=\u00bb15px\u00bb][\/vc_column][vc_column width=\u00bb1\/2&#8243;][vc_empty_space height=\u00bb52px\u00bb][vc_column_text css=\u00bb\u00bb]<\/p>\n<ol>\n<li><strong>Descarga el documento<\/strong>;<\/li>\n<li>Apunta y se\u00f1ala qu\u00e9 reconoces en tu gesti\u00f3n diaria;<\/li>\n<li>Descubre si est\u00e1s en una situaci\u00f3n de baja, media o alta urgencia;<\/li>\n<li>Si quieres profundizar, podr\u00e1s solicitar un <strong>an\u00e1lisis gratuito y personalizado<\/strong> de tu farmacia.<\/li>\n<\/ol>\n<p>&nbsp;<\/p>\n<h5><strong>Comienza aqu\u00ed <\/strong><\/h5>\n<p><strong>Descarga ahora la checklist<\/strong> y da el primer paso para saber si la automatizaci\u00f3n puede devolver el orden, el tiempo y la tranquilidad a tu equipo.[\/vc_column_text][vc_empty_space height=\u00bb52px\u00bb]<div class=\" ubtn-ctn-left \"><a class=\"ubtn-link ult-adjust-bottom-margin ubtn-left ubtn-normal \" href=\"#contact\" ><button type=\"button\" id=\"ubtn-3451\" onclick=\"scroll-behavior: smooth;\" class=\"ubtn ult-adjust-bottom-margin ult-responsive ubtn-normal ubtn-fade-bg  none  ubtn-left   tooltip-69f3f1a1d1977\"  data-hover=\"#ffffff\" data-border-color=\"\" data-bg=\"#725ad8\" data-hover-bg=\"#ff6b00\" data-border-hover=\"\" data-shadow-hover=\"\" data-shadow-click=\"none\" data-shadow=\"\" data-shd-shadow=\"\"  data-ultimate-target='#ubtn-3451'  data-responsive-json-new='{\"font-size\":\"desktop:18px;\",\"line-height\":\"\"}'  style=\"font-weight:bold;border:none;background: #725ad8;color: #ffffff;\"><span class=\"ubtn-hover\" style=\"background-color:#ff6b00\"><\/span><span class=\"ubtn-data ubtn-text \" >DESCARGA LA CHECKLIST<\/span><\/button><\/a><\/div>[\/vc_column][\/vc_row][vc_row full_width=\u00bbstretch_row\u00bb bg_type=\u00bbbg_color\u00bb bg_override=\u00bbfull\u00bb bg_color_value=\u00bb#ff6b00&#8243;][vc_column][vc_empty_space height=\u00bb40px\u00bb][vc_single_image image=\u00bb89889&#8243; alignment=\u00bbcenter\u00bb css=\u00bb\u00bb][vc_empty_space height=\u00bb30px\u00bb][\/vc_column][\/vc_row]<\/p>\n<\/div>","protected":false},"excerpt":{"rendered":"<p>[vc_row bg_type=\u00bbvideo\u00bb video_url=\u00bbhttps:\/\/www.pharmathek.com\/wp-content\/uploads\/2025\/01\/Automazione-Pharmathek-arancione.mp4&#8243; video_opts=\u00bbloop,muted\u00bb video_poster=\u00bbid^67940|url^https:\/\/www.pharmathek.com\/wp-content\/uploads\/2025\/01\/header-interno-robot-farmacia-pharmathek-scaled.jpg|caption^null|alt^null|title^header-interno-robot-farmacia-pharmathek|description^null\u00bb viewport_vdo=\u00bbviewport_play\u00bb bg_override=\u00bbfull\u00bb css=\u00bb.vc_custom_1737033220921{padding-top: 50px !important;padding-right: 10px !important;padding-bottom: 50px !important;padding-left: 10px !important;}\u00bb][vc_column width=\u00bb3\/5&#8243; css=\u00bb.vc_custom_1753689243897{padding-right: 40px !important;padding-left: 40px !important;background-color: rgba(255,107,0,0.35) !important;*background-color: rgb(255,107,0)&hellip;<\/p>\n","protected":false},"author":3,"featured_media":109521,"parent":0,"menu_order":0,"comment_status":"closed","ping_status":"closed","template":"template-microsite.php","meta":{"inline_featured_image":false,"footnotes":""},"categories":[],"tags":[],"class_list":["post-109508","page","type-page","status-publish","has-post-thumbnail","hentry","description-off"],"_links":{"self":[{"href":"https:\/\/www.pharmathek.com\/es\/wp-json\/wp\/v2\/pages\/109508","targetHints":{"allow":["GET"]}}],"collection":[{"href":"https:\/\/www.pharmathek.com\/es\/wp-json\/wp\/v2\/pages"}],"about":[{"href":"https:\/\/www.pharmathek.com\/es\/wp-json\/wp\/v2\/types\/page"}],"author":[{"embeddable":true,"href":"https:\/\/www.pharmathek.com\/es\/wp-json\/wp\/v2\/users\/3"}],"replies":[{"embeddable":true,"href":"https:\/\/www.pharmathek.com\/es\/wp-json\/wp\/v2\/comments?post=109508"}],"version-history":[{"count":4,"href":"https:\/\/www.pharmathek.com\/es\/wp-json\/wp\/v2\/pages\/109508\/revisions"}],"predecessor-version":[{"id":109540,"href":"https:\/\/www.pharmathek.com\/es\/wp-json\/wp\/v2\/pages\/109508\/revisions\/109540"}],"wp:featuredmedia":[{"embeddable":true,"href":"https:\/\/www.pharmathek.com\/es\/wp-json\/wp\/v2\/media\/109521"}],"wp:attachment":[{"href":"https:\/\/www.pharmathek.com\/es\/wp-json\/wp\/v2\/media?parent=109508"}],"wp:term":[{"taxonomy":"category","embeddable":true,"href":"https:\/\/www.pharmathek.com\/es\/wp-json\/wp\/v2\/categories?post=109508"},{"taxonomy":"post_tag","embeddable":true,"href":"https:\/\/www.pharmathek.com\/es\/wp-json\/wp\/v2\/tags?post=109508"}],"curies":[{"name":"wp","href":"https:\/\/api.w.org\/{rel}","templated":true}]}}