{"id":11035,"date":"2020-10-08T11:23:37","date_gmt":"2020-10-08T09:23:37","guid":{"rendered":"http:\/\/www.pharmathek.com\/farmacia-mainardi-capurso\/"},"modified":"2021-01-04T11:22:11","modified_gmt":"2021-01-04T10:22:11","slug":"farmacia-mainardi-capurso","status":"publish","type":"page","link":"https:\/\/www.pharmathek.com\/es\/farmacia-mainardi-capurso\/","title":{"rendered":"Farmacia Mainardi"},"content":{"rendered":"<div class=\"wpb-content-wrapper\"><p>[vc_row full_width=\u00bbstretch_row_content\u00bb equal_height=\u00bbyes\u00bb content_placement=\u00bbmiddle\u00bb bg_type=\u00bbbg_color\u00bb bg_override=\u00bbfull\u00bb bg_color_value=\u00bb#eeeeef\u00bb][vc_column width=\u00bb1\/2&#8243; css=\u00bb.vc_custom_1523960820222{padding-right: 0px !important;padding-left: 0px !important;}\u00bb offset=\u00bbvc_hidden-md vc_hidden-sm vc_hidden-xs\u00bb][vc_single_image image=\u00bb9790&#8243; img_size=\u00bbfull\u00bb][\/vc_column][vc_column width=\u00bb1\/2&#8243; css=\u00bb.vc_custom_1523961149466{padding-right: 100px !important;padding-left: 100px !important;}\u00bb offset=\u00bbvc_hidden-md vc_hidden-sm vc_hidden-xs\u00bb][vc_empty_space]<div id=\"ultimate-heading-4869e06dd899e1c\" class=\"uvc-heading ult-adjust-bottom-margin ultimate-heading-4869e06dd899e1c uvc-9560 head-section-title uvc-heading-default-font-sizes\" data-hspacer=\"no_spacer\"  data-halign=\"center\" style=\"text-align:center\"><div class=\"uvc-heading-spacer no_spacer\" style=\"top\"><\/div><div class=\"uvc-main-heading ult-responsive\"  data-ultimate-target='.uvc-heading.ultimate-heading-4869e06dd899e1c p'  data-responsive-json-new='{\"font-size\":\"\",\"line-height\":\"\"}' ><p style=\"--font-weight:theme;\">FARMACIA MAINARDI<\/p><\/div><div class=\"uvc-sub-heading ult-responsive\"  data-ultimate-target='.uvc-heading.ultimate-heading-4869e06dd899e1c .uvc-sub-heading '  data-responsive-json-new='{\"font-size\":\"\",\"line-height\":\"\"}'  style=\"font-weight:normal;\"><\/p>\n<p>&nbsp;<\/p>\n<p>&nbsp;<\/p>\n<p><\/div><\/div>[vc_empty_space][vc_column_text el_class=\u00bbtext-justify\u00bb]<\/p>\n<p>La Farmacia Mainardi de Capurso ha decidido robotizar su almac\u00e9n tanto por las numerosas ventajas log\u00edsticas que ello conlleva como por disponer de m\u00e1s tiempo y espacio para dedicar a la atenci\u00f3n al cliente.<\/p>\n<p>El robot Pharmathek instalado es un modelo Sintesi blanco colocado detr\u00e1s del mostrador de recetas y enriquecido con estantes de vidrio para ser utilizado para exponer productos.<\/p>\n<p>En el otro lado del robot se encuentra el cargador autom\u00e1tico Pharmaload destinado a agilizar a\u00fan m\u00e1s las actividades de carga del almac\u00e9n.<\/p>\n<p>[\/vc_column_text][vc_empty_space][\/vc_column][\/vc_row][vc_row full_width=\u00bbstretch_row_content\u00bb equal_height=\u00bbyes\u00bb content_placement=\u00bbmiddle\u00bb bg_type=\u00bbbg_color\u00bb bg_override=\u00bbfull\u00bb bg_color_value=\u00bb#eeeeef\u00bb][vc_column css=\u00bb.vc_custom_1524126751494{padding-right: 0px !important;padding-left: 0px !important;}\u00bb offset=\u00bbvc_hidden-lg\u00bb el_class=\u00bbfull-width-no-padding\u00bb][vc_single_image image=\u00bb9790&#8243; img_size=\u00bbfull\u00bb][vc_empty_space]<div id=\"ultimate-heading-998569e06dd899ed4\" class=\"uvc-heading ult-adjust-bottom-margin ultimate-heading-998569e06dd899ed4 uvc-9913 head-section-title uvc-heading-default-font-sizes\" data-hspacer=\"no_spacer\"  data-halign=\"center\" style=\"text-align:center\"><div class=\"uvc-heading-spacer no_spacer\" style=\"top\"><\/div><div class=\"uvc-main-heading ult-responsive\"  data-ultimate-target='.uvc-heading.ultimate-heading-998569e06dd899ed4 p'  data-responsive-json-new='{\"font-size\":\"\",\"line-height\":\"\"}' ><p style=\"--font-weight:theme;\">FARMACIA MAINARDI<\/p><\/div><div class=\"uvc-sub-heading ult-responsive\"  data-ultimate-target='.uvc-heading.ultimate-heading-998569e06dd899ed4 .uvc-sub-heading '  data-responsive-json-new='{\"font-size\":\"\",\"line-height\":\"\"}'  style=\"font-weight:normal;\"><\/p>\n<p>&nbsp;<\/p>\n<p>&nbsp;<\/p>\n<p><\/div><\/div>[vc_empty_space][vc_column_text el_class=\u00bbtext-justify\u00bb]<\/p>\n<p>La Farmacia Mainardi de Capurso ha decidido robotizar su almac\u00e9n tanto por las numerosas ventajas log\u00edsticas que ello conlleva como por disponer de m\u00e1s tiempo y espacio para dedicar a la atenci\u00f3n al cliente.<\/p>\n<p>El robot Pharmathek instalado es un modelo Sintesi blanco colocado detr\u00e1s del mostrador de recetas y enriquecido con estantes de vidrio para ser utilizado para exponer productos.<\/p>\n<p>En el otro lado del robot se encuentra el cargador autom\u00e1tico Pharmaload destinado a agilizar a\u00fan m\u00e1s las actividades de carga del almac\u00e9n.<\/p>\n<p>[\/vc_column_text][vc_empty_space][\/vc_column][\/vc_row][vc_row][vc_column offset=\u00bbvc_hidden-md vc_hidden-sm vc_hidden-xs\u00bb][vc_empty_space height=\u00bb100px\u00bb][vc_single_image image=\u00bb9798&#8243; img_size=\u00bbfull\u00bb alignment=\u00bbcenter\u00bb][vc_empty_space]<div id=\"ultimate-heading-145369e06dd899f50\" class=\"uvc-heading ult-adjust-bottom-margin ultimate-heading-145369e06dd899f50 uvc-7600 head-section-title uvc-heading-default-font-sizes\" data-hspacer=\"no_spacer\"  data-halign=\"center\" style=\"text-align:center\"><div class=\"uvc-heading-spacer no_spacer\" style=\"top\"><\/div><div class=\"uvc-main-heading ult-responsive\"  data-ultimate-target='.uvc-heading.ultimate-heading-145369e06dd899f50 p'  data-responsive-json-new='{\"font-size\":\"\",\"line-height\":\"\"}' ><p style=\"--font-weight:theme;\">LA PALABRA AL FARMAC\u00c9UTICO<\/p><\/div><div class=\"uvc-sub-heading ult-responsive\"  data-ultimate-target='.uvc-heading.ultimate-heading-145369e06dd899f50 .uvc-sub-heading '  data-responsive-json-new='{\"font-size\":\"\",\"line-height\":\"\"}'  style=\"font-weight:normal;\"><\/p>\n<p>&nbsp;<\/p>\n<p>&nbsp;<\/p>\n<p><\/div><\/div>[vc_empty_space][vc_column_text el_class=\u00bbtext-justify\u00bb]<\/p>\n<h4>Doctor Mainardi, \u00bfqu\u00e9 le llev\u00f3 a decidirse por automatizar el almac\u00e9n de su farmacia?<\/h4>\n<p>Empezamos a valorar la idea de robotizar nuestra farmacia durante la reforma del local ya que sab\u00edamos que la instalaci\u00f3n de un almac\u00e9n automatizado nos permitir\u00eda recuperar espacio \u00fatil para dedicarlo a la zona de ventas.<\/p>\n<p>Adem\u00e1s de esto, est\u00e1bamos interesados \u200b\u200ben los muchos beneficios que aportar\u00eda a la gesti\u00f3n de la farmacia.<\/p>\n<p>No debe subestimarse las exenciones fiscales disponibles que hicieron que la inversi\u00f3n fuera muy conveniente.<\/p>\n<p>&nbsp;<\/p>\n<h4>\u00bfQu\u00e9 le llev\u00f3 a decidirse a confiar en Pharmathek para la automatizaci\u00f3n de su farmacia?<\/h4>\n<p>Contactamos con dos proveedores diferentes y Pharmathek fue el ganador de la comparaci\u00f3n. No solo por las caracter\u00edsticas tecnol\u00f3gicas del robot, sino tambi\u00e9n por la fiabilidad de la empresa desde el punto de vista de la asistencia.<\/p>\n<p>No subestime el hecho de que son muchas las farmacias de la regi\u00f3n que han confiado en Pharmathek y esto representa una excelente garant\u00eda de la calidad de la soluci\u00f3n y la seriedad de la empresa.<\/p>\n<p>&nbsp;<\/p>\n<h4>\u00bfCu\u00e1les son las ventajas m\u00e1s apreciadas que ha encontrado al instalar el robot?<\/h4>\n<p>Sin duda, una de las ventajas m\u00e1s apreciadas est\u00e1 ligada al almacenamiento de productos. Gracias al cargador autom\u00e1tico, colocar los f\u00e1rmacos en el almac\u00e9n ahora es mucho m\u00e1s sencillo y r\u00e1pido. Por no hablar de la gesti\u00f3n de productos y datos relacionados: ahora tenemos un alto nivel de control sobre las fechas de caducidad y estamos seguros de la presencia o ausencia de un producto en stock.<\/p>\n<p>&nbsp;<\/p>\n<h4>\u00bfC\u00f3mo reaccionaron los clientes ante la inserci\u00f3n del almac\u00e9n robotizado?<\/h4>\n<p>Los clientes mostraron una gran curiosidad al principio, tanto que muchos nos solicitaron visualizar c\u00f3mo se mov\u00eda el brazo mec\u00e1nico dentro del robot.<\/p>\n<p>Sin duda, su instalaci\u00f3n ha permitido dar una imagen a\u00fan m\u00e1s positiva a la farmacia.<\/p>\n<p>&nbsp;<\/p>\n<h4>\u00bfRecomendar\u00edas Pharmathek?<\/h4>\n<p>Definitivamente s\u00ed.<\/p>\n<p>El robot cumpli\u00f3 con nuestras expectativas y nos llevamos bien con la empresa tambi\u00e9n desde el punto de vista de las relaciones, tanto en lo que respecta a los t\u00e9cnicos que llevaron a cabo la instalaci\u00f3n y realizaron la formaci\u00f3n, como en lo que respecta al \u00c1rea Manager que ha cuidado todo el proceso.<\/p>\n<p>[\/vc_column_text][vc_empty_space height=\u00bb100px\u00bb][\/vc_column][\/vc_row][vc_row][vc_column offset=\u00bbvc_hidden-lg\u00bb][vc_empty_space height=\u00bb50px\u00bb][vc_single_image image=\u00bb9798&#8243; img_size=\u00bbfull\u00bb alignment=\u00bbcenter\u00bb][vc_empty_space]<div id=\"ultimate-heading-775869e06dd899fca\" class=\"uvc-heading ult-adjust-bottom-margin ultimate-heading-775869e06dd899fca uvc-2087 head-section-title uvc-heading-default-font-sizes\" data-hspacer=\"no_spacer\"  data-halign=\"center\" style=\"text-align:center\"><div class=\"uvc-heading-spacer no_spacer\" style=\"top\"><\/div><div class=\"uvc-main-heading ult-responsive\"  data-ultimate-target='.uvc-heading.ultimate-heading-775869e06dd899fca p'  data-responsive-json-new='{\"font-size\":\"\",\"line-height\":\"\"}' ><p style=\"--font-weight:theme;\">LA PALABRA AL FARMAC\u00c9UTICO<\/p><\/div><div class=\"uvc-sub-heading ult-responsive\"  data-ultimate-target='.uvc-heading.ultimate-heading-775869e06dd899fca .uvc-sub-heading '  data-responsive-json-new='{\"font-size\":\"\",\"line-height\":\"\"}'  style=\"font-weight:normal;\"><\/p>\n<p>&nbsp;<\/p>\n<p>&nbsp;<\/p>\n<p><\/div><\/div>[vc_empty_space][vc_column_text el_class=\u00bbtext-justify\u00bb]<\/p>\n<h4>Doctor Mainardi, \u00bfqu\u00e9 le llev\u00f3 a decidirse por automatizar el almac\u00e9n de su farmacia?<\/h4>\n<p>Empezamos a valorar la idea de robotizar nuestra farmacia durante la reforma del local ya que sab\u00edamos que la instalaci\u00f3n de un almac\u00e9n automatizado nos permitir\u00eda recuperar espacio \u00fatil para dedicarlo a la zona de ventas.<\/p>\n<p>Adem\u00e1s de esto, est\u00e1bamos interesados \u200b\u200ben los muchos beneficios que aportar\u00eda a la gesti\u00f3n de la farmacia.<\/p>\n<p>No debe subestimarse las exenciones fiscales disponibles que hicieron que la inversi\u00f3n fuera muy conveniente.<\/p>\n<p>&nbsp;<\/p>\n<h4>\u00bfQu\u00e9 le llev\u00f3 a decidirse a confiar en Pharmathek para la automatizaci\u00f3n de su farmacia?<\/h4>\n<p>Contactamos con dos proveedores diferentes y Pharmathek fue el ganador de la comparaci\u00f3n. No solo por las caracter\u00edsticas tecnol\u00f3gicas del robot, sino tambi\u00e9n por la fiabilidad de la empresa desde el punto de vista de la asistencia.<\/p>\n<p>No subestime el hecho de que son muchas las farmacias de la regi\u00f3n que han confiado en Pharmathek y esto representa una excelente garant\u00eda de la calidad de la soluci\u00f3n y la seriedad de la empresa.<\/p>\n<p>&nbsp;<\/p>\n<h4>\u00bfCu\u00e1les son las ventajas m\u00e1s apreciadas que ha encontrado al instalar el robot?<\/h4>\n<p>Sin duda, una de las ventajas m\u00e1s apreciadas est\u00e1 ligada al almacenamiento de productos. Gracias al cargador autom\u00e1tico, colocar los f\u00e1rmacos en el almac\u00e9n ahora es mucho m\u00e1s sencillo y r\u00e1pido. Por no hablar de la gesti\u00f3n de productos y datos relacionados: ahora tenemos un alto nivel de control sobre las fechas de caducidad y estamos seguros de la presencia o ausencia de un producto en stock.<\/p>\n<p>&nbsp;<\/p>\n<h4>\u00bfC\u00f3mo reaccionaron los clientes ante la inserci\u00f3n del almac\u00e9n robotizado?<\/h4>\n<p>Los clientes mostraron una gran curiosidad al principio, tanto que muchos nos solicitaron visualizar c\u00f3mo se mov\u00eda el brazo mec\u00e1nico dentro del robot.<\/p>\n<p>Sin duda, su instalaci\u00f3n ha permitido dar una imagen a\u00fan m\u00e1s positiva a la farmacia.<\/p>\n<p>&nbsp;<\/p>\n<h4>\u00bfRecomendar\u00edas Pharmathek?<\/h4>\n<p>Definitivamente s\u00ed.<\/p>\n<p>El robot cumpli\u00f3 con nuestras expectativas y nos llevamos bien con la empresa tambi\u00e9n desde el punto de vista de las relaciones, tanto en lo que respecta a los t\u00e9cnicos que llevaron a cabo la instalaci\u00f3n y realizaron la formaci\u00f3n, como en lo que respecta al \u00c1rea Manager que ha cuidado todo el proceso.<\/p>\n<p>[\/vc_column_text][vc_empty_space height=\u00bb50px\u00bb][\/vc_column][\/vc_row][vc_row full_width=\u00bbstretch_row\u00bb bg_type=\u00bbbg_color\u00bb bg_override=\u00bbfull\u00bb bg_color_value=\u00bb#eeeeef\u00bb][vc_column offset=\u00bbvc_hidden-md vc_hidden-sm vc_hidden-xs\u00bb][vc_empty_space height=\u00bb100px\u00bb]<div id=\"ultimate-heading-476869e06dd89a04f\" class=\"uvc-heading ult-adjust-bottom-margin ultimate-heading-476869e06dd89a04f uvc-9412 head-section-title uvc-heading-default-font-sizes\" data-hspacer=\"no_spacer\"  data-halign=\"center\" style=\"text-align:center\"><div class=\"uvc-heading-spacer no_spacer\" style=\"top\"><\/div><div class=\"uvc-main-heading ult-responsive\"  data-ultimate-target='.uvc-heading.ultimate-heading-476869e06dd89a04f h2'  data-responsive-json-new='{\"font-size\":\"\",\"line-height\":\"\"}' ><h2 style=\"--font-weight:theme;\">GALER\u00cdA<\/h2><\/div><div class=\"uvc-sub-heading ult-responsive\"  data-ultimate-target='.uvc-heading.ultimate-heading-476869e06dd89a04f .uvc-sub-heading '  data-responsive-json-new='{\"font-size\":\"\",\"line-height\":\"\"}'  style=\"font-weight:normal;\"><\/p>\n<p>&nbsp;<\/p>\n<p>&nbsp;<\/p>\n<p><\/div><\/div>[vc_empty_space height=\u00bb50px\u00bb][vc_masonry_media_grid element_width=\u00bb3&#8243; gap=\u00bb10&#8243; grid_id=\u00bbvc_gid:1609420031046-dd839975-351b-5&#8243; include=\u00bb9805,4804,8177,9812&#8243;][vc_empty_space height=\u00bb100px\u00bb][\/vc_column][\/vc_row][vc_row full_width=\u00bbstretch_row\u00bb bg_type=\u00bbbg_color\u00bb bg_override=\u00bbfull\u00bb bg_color_value=\u00bb#eeeeef\u00bb][vc_column offset=\u00bbvc_hidden-lg\u00bb][vc_empty_space height=\u00bb50px\u00bb]<div id=\"ultimate-heading-188569e06dd89a0d7\" class=\"uvc-heading ult-adjust-bottom-margin ultimate-heading-188569e06dd89a0d7 uvc-3813 head-section-title uvc-heading-default-font-sizes\" data-hspacer=\"no_spacer\"  data-halign=\"center\" style=\"text-align:center\"><div class=\"uvc-heading-spacer no_spacer\" style=\"top\"><\/div><div class=\"uvc-main-heading ult-responsive\"  data-ultimate-target='.uvc-heading.ultimate-heading-188569e06dd89a0d7 h2'  data-responsive-json-new='{\"font-size\":\"\",\"line-height\":\"\"}' ><h2 style=\"--font-weight:theme;\">GALER\u00cdA<\/h2><\/div><div class=\"uvc-sub-heading ult-responsive\"  data-ultimate-target='.uvc-heading.ultimate-heading-188569e06dd89a0d7 .uvc-sub-heading '  data-responsive-json-new='{\"font-size\":\"\",\"line-height\":\"\"}'  style=\"font-weight:normal;\"><\/p>\n<p>&nbsp;<\/p>\n<p>&nbsp;<\/p>\n<p><\/div><\/div>[vc_empty_space height=\u00bb50px\u00bb][vc_masonry_media_grid element_width=\u00bb3&#8243; gap=\u00bb10&#8243; grid_id=\u00bbvc_gid:1609420031086-457cf6a2-7ed7-7&#8243; include=\u00bb9805,4804,8177,9812&#8243;][vc_empty_space height=\u00bb50px\u00bb][\/vc_column][\/vc_row][vc_row full_width=\u00bbstretch_row\u00bb bg_type=\u00bbimage\u00bb parallax_style=\u00bbvcpb-default\u00bb bg_image_new=\u00bbid^1166|url^http:\/\/www.pharmathek.com\/wp-content\/uploads\/2018\/03\/farmacia-specifiche-background.jpg|caption^null|alt^null|title^farmacia-specifiche-background|description^null\u00bb bg_image_repeat=\u00bbno-repeat\u00bb bg_override=\u00bbfull\u00bb][vc_column][vc_empty_space height=\u00bb100px\u00bb]<div id=\"ultimate-heading-140269e06dd89a154\" class=\"uvc-heading ult-adjust-bottom-margin ultimate-heading-140269e06dd89a154 uvc-7246 head-section-title text-white uvc-heading-default-font-sizes\" data-hspacer=\"no_spacer\"  data-halign=\"center\" style=\"text-align:center\"><div class=\"uvc-heading-spacer no_spacer\" style=\"top\"><\/div><div class=\"uvc-main-heading ult-responsive\"  data-ultimate-target='.uvc-heading.ultimate-heading-140269e06dd89a154 h2'  data-responsive-json-new='{\"font-size\":\"\",\"line-height\":\"\"}' ><h2 style=\"--font-weight:theme;\">EL PROYECTO<\/h2><\/div><div class=\"uvc-sub-heading ult-responsive\"  data-ultimate-target='.uvc-heading.ultimate-heading-140269e06dd89a154 .uvc-sub-heading '  data-responsive-json-new='{\"font-size\":\"\",\"line-height\":\"\"}'  style=\"font-weight:normal;\"><\/p>\n<p>&nbsp;<\/p>\n<p>&nbsp;<\/p>\n<p><\/div><\/div>[vc_empty_space height=\u00bb50px\u00bb][vc_separator color=\u00bbwhite\u00bb][vc_separator color=\u00bbwhite\u00bb][vc_row_inner][vc_column_inner width=\u00bb1\/2&#8243;][vc_column_text el_class=\u00bbprogetto-voci\u00bb]<\/p>\n<p>SOLUCIONES PHARMATHEK<\/p>\n<p>[\/vc_column_text][\/vc_column_inner][vc_column_inner width=\u00bb1\/2&#8243;][vc_column_text el_class=\u00bbprogetto-voci-valori\u00bb]<\/p>\n<p>SINTESI + PHARMALOAD<\/p>\n<p>[\/vc_column_text][\/vc_column_inner][\/vc_row_inner][vc_separator color=\u00bbwhite\u00bb][vc_row_inner][vc_column_inner width=\u00bb1\/2&#8243;][vc_column_text el_class=\u00bbprogetto-voci\u00bb]<\/p>\n<p>DIMENSIONES ROBOT<\/p>\n<p>[\/vc_column_text][\/vc_column_inner][vc_column_inner width=\u00bb1\/2&#8243;][vc_column_text el_class=\u00bbprogetto-voci-valori\u00bb]<\/p>\n<p>L 5.547 x H 2.900 mm<\/p>\n<p>[\/vc_column_text][\/vc_column_inner][\/vc_row_inner][vc_separator color=\u00bbwhite\u00bb][vc_row_inner][vc_column_inner width=\u00bb1\/2&#8243;][vc_column_text el_class=\u00bbprogetto-voci\u00bb]<\/p>\n<p>CAPACIDAD EN CAJAS<\/p>\n<p>[\/vc_column_text][\/vc_column_inner][vc_column_inner width=\u00bb1\/2&#8243;][vc_column_text el_class=\u00bbprogetto-voci-valori\u00bb]<\/p>\n<p>13.700<\/p>\n<p>[\/vc_column_text][\/vc_column_inner][\/vc_row_inner][vc_separator color=\u00bbwhite\u00bb][vc_row_inner][vc_column_inner width=\u00bb1\/2&#8243;][vc_column_text el_class=\u00bbprogetto-voci\u00bb]<\/p>\n<p>UBICACI\u00d3N ROBOT CON RESPECTO AL MOSTRADOR<\/p>\n<p>[\/vc_column_text][\/vc_column_inner][vc_column_inner width=\u00bb1\/2&#8243;][vc_column_text el_class=\u00bbprogetto-voci-valori\u00bb]<\/p>\n<div><span lang=\"ES\">DETR\u00c1S DEL MOSTRADOR <\/span><\/div>\n<p>[\/vc_column_text][\/vc_column_inner][\/vc_row_inner][vc_separator color=\u00bbwhite\u00bb][vc_row_inner][vc_column_inner width=\u00bb1\/2&#8243;][vc_column_text el_class=\u00bbprogetto-voci\u00bb]<\/p>\n<p>ROTACI\u00d3N DE PRODUCTO<\/p>\n<p>[\/vc_column_text][\/vc_column_inner][vc_column_inner width=\u00bb1\/2&#8243;][vc_column_text el_class=\u00bbprogetto-voci-valori\u00bb]<\/p>\n<p>Entre 500 y 1.000<\/p>\n<p>[\/vc_column_text][\/vc_column_inner][\/vc_row_inner][vc_separator color=\u00bbwhite\u00bb][vc_empty_space height=\u00bb100px\u00bb][\/vc_column][\/vc_row][vc_row full_width=\u00bbstretch_row_content_no_spaces\u00bb][vc_column el_class=\u00bbfull-width-no-padding\u00bb][vc_single_image image=\u00bb9776&#8243; img_size=\u00bbfull\u00bb alignment=\u00bbcenter\u00bb]<style type=\"text\/css\" data-type=\"the7_shortcodes-inline-css\">#default-btn-5faae7e989bdcceeefc0a1c33d45665f.ico-right-side > i {\n  margin-right: 0px;\n  margin-left: 8px;\n}\n#default-btn-5faae7e989bdcceeefc0a1c33d45665f > i {\n  margin-right: 8px;\n}\n<\/style><div class=\"btn-align-center\"><a href=\"https:\/\/www.pharmathek.com\/es\/instalaciones\/\" class=\"default-btn-shortcode dt-btn dt-btn-l link-hover-off weight-300 full-width-btn \" id=\"default-btn-5faae7e989bdcceeefc0a1c33d45665f\"><span>Vuelve al listado de instalaciones<\/span><\/a><\/div>[\/vc_column][\/vc_row]<\/p>\n<\/div>","protected":false},"excerpt":{"rendered":"<p>Capurso<\/p>\n","protected":false},"author":3,"featured_media":9775,"parent":0,"menu_order":0,"comment_status":"closed","ping_status":"closed","template":"","meta":{"inline_featured_image":false,"footnotes":""},"categories":[27],"tags":[],"class_list":["post-11035","page","type-page","status-publish","has-post-thumbnail","hentry","category-farmacia","description-off"],"_links":{"self":[{"href":"https:\/\/www.pharmathek.com\/es\/wp-json\/wp\/v2\/pages\/11035","targetHints":{"allow":["GET"]}}],"collection":[{"href":"https:\/\/www.pharmathek.com\/es\/wp-json\/wp\/v2\/pages"}],"about":[{"href":"https:\/\/www.pharmathek.com\/es\/wp-json\/wp\/v2\/types\/page"}],"author":[{"embeddable":true,"href":"https:\/\/www.pharmathek.com\/es\/wp-json\/wp\/v2\/users\/3"}],"replies":[{"embeddable":true,"href":"https:\/\/www.pharmathek.com\/es\/wp-json\/wp\/v2\/comments?post=11035"}],"version-history":[{"count":3,"href":"https:\/\/www.pharmathek.com\/es\/wp-json\/wp\/v2\/pages\/11035\/revisions"}],"predecessor-version":[{"id":11058,"href":"https:\/\/www.pharmathek.com\/es\/wp-json\/wp\/v2\/pages\/11035\/revisions\/11058"}],"wp:featuredmedia":[{"embeddable":true,"href":"https:\/\/www.pharmathek.com\/es\/wp-json\/wp\/v2\/media\/9775"}],"wp:attachment":[{"href":"https:\/\/www.pharmathek.com\/es\/wp-json\/wp\/v2\/media?parent=11035"}],"wp:term":[{"taxonomy":"category","embeddable":true,"href":"https:\/\/www.pharmathek.com\/es\/wp-json\/wp\/v2\/categories?post=11035"},{"taxonomy":"post_tag","embeddable":true,"href":"https:\/\/www.pharmathek.com\/es\/wp-json\/wp\/v2\/tags?post=11035"}],"curies":[{"name":"wp","href":"https:\/\/api.w.org\/{rel}","templated":true}]}}