{"id":11037,"date":"2020-09-28T16:11:45","date_gmt":"2020-09-28T14:11:45","guid":{"rendered":"http:\/\/www.pharmathek.com\/farmacia-de-marco-bari\/"},"modified":"2021-01-04T11:20:51","modified_gmt":"2021-01-04T10:20:51","slug":"farmacia-de-marco-bari","status":"publish","type":"page","link":"https:\/\/www.pharmathek.com\/es\/farmacia-de-marco-bari\/","title":{"rendered":"Farmacia De Marco"},"content":{"rendered":"<div class=\"wpb-content-wrapper\"><p>[vc_row full_width=\u00bbstretch_row_content\u00bb equal_height=\u00bbyes\u00bb content_placement=\u00bbmiddle\u00bb bg_type=\u00bbbg_color\u00bb bg_override=\u00bbfull\u00bb bg_color_value=\u00bb#eeeeef\u00bb][vc_column width=\u00bb1\/2&#8243; css=\u00bb.vc_custom_1523960820222{padding-right: 0px !important;padding-left: 0px !important;}\u00bb offset=\u00bbvc_hidden-md vc_hidden-sm vc_hidden-xs\u00bb][vc_single_image image=\u00bb9609&#8243; img_size=\u00bbfull\u00bb][\/vc_column][vc_column width=\u00bb1\/2&#8243; css=\u00bb.vc_custom_1523961149466{padding-right: 100px !important;padding-left: 100px !important;}\u00bb offset=\u00bbvc_hidden-md vc_hidden-sm vc_hidden-xs\u00bb][vc_empty_space]<div id=\"ultimate-heading-168069e02ae32637f\" class=\"uvc-heading ult-adjust-bottom-margin ultimate-heading-168069e02ae32637f uvc-4407 head-section-title uvc-heading-default-font-sizes\" data-hspacer=\"no_spacer\"  data-halign=\"center\" style=\"text-align:center\"><div class=\"uvc-heading-spacer no_spacer\" style=\"top\"><\/div><div class=\"uvc-main-heading ult-responsive\"  data-ultimate-target='.uvc-heading.ultimate-heading-168069e02ae32637f p'  data-responsive-json-new='{\"font-size\":\"\",\"line-height\":\"\"}' ><p style=\"--font-weight:theme;\">FARMACIA DE MARCO<\/p><\/div><div class=\"uvc-sub-heading ult-responsive\"  data-ultimate-target='.uvc-heading.ultimate-heading-168069e02ae32637f .uvc-sub-heading '  data-responsive-json-new='{\"font-size\":\"\",\"line-height\":\"\"}'  style=\"font-weight:normal;\"><\/p>\n<p>&nbsp;<\/p>\n<p>&nbsp;<\/p>\n<p><\/div><\/div>[vc_empty_space][vc_column_text el_class=\u00bbtext-justify\u00bb]<\/p>\n<p>Se instal\u00f3 un almac\u00e9n automatizado negro Sintesi para la farmacia De Marco en Bari. Ubicado detr\u00e1s del mostrador, el robot fue dise\u00f1ado con el objetivo de involucrar visualmente a los clientes-pacientes en las actividades log\u00edsticas de la farmacia.<\/p>\n<p>Por un lado, los paneles de vidrio, colocados en la parte superior del robot, permiten a los usuarios admirar el brazo mec\u00e1nico de Euclid3D mientras recoge y entrega los paquetes.<\/p>\n<p>Por otro lado, el cargador autom\u00e1tico Pharmaload, tambi\u00e9n posicionado hacia la zona de ventas, permite a los clientes ver la facilidad con la que se vierten en ella las cestas de medicamentos.<\/p>\n<p>[\/vc_column_text][vc_empty_space][\/vc_column][\/vc_row][vc_row full_width=\u00bbstretch_row_content\u00bb equal_height=\u00bbyes\u00bb content_placement=\u00bbmiddle\u00bb bg_type=\u00bbbg_color\u00bb bg_override=\u00bbfull\u00bb bg_color_value=\u00bb#eeeeef\u00bb][vc_column css=\u00bb.vc_custom_1524126751494{padding-right: 0px !important;padding-left: 0px !important;}\u00bb offset=\u00bbvc_hidden-lg\u00bb el_class=\u00bbfull-width-no-padding\u00bb][vc_single_image image=\u00bb9609&#8243; img_size=\u00bbfull\u00bb][vc_empty_space]<div id=\"ultimate-heading-435169e02ae32642f\" class=\"uvc-heading ult-adjust-bottom-margin ultimate-heading-435169e02ae32642f uvc-6361 head-section-title uvc-heading-default-font-sizes\" data-hspacer=\"no_spacer\"  data-halign=\"center\" style=\"text-align:center\"><div class=\"uvc-heading-spacer no_spacer\" style=\"top\"><\/div><div class=\"uvc-main-heading ult-responsive\"  data-ultimate-target='.uvc-heading.ultimate-heading-435169e02ae32642f p'  data-responsive-json-new='{\"font-size\":\"\",\"line-height\":\"\"}' ><p style=\"--font-weight:theme;\">FARMACIA DE MARCO<\/p><\/div><div class=\"uvc-sub-heading ult-responsive\"  data-ultimate-target='.uvc-heading.ultimate-heading-435169e02ae32642f .uvc-sub-heading '  data-responsive-json-new='{\"font-size\":\"\",\"line-height\":\"\"}'  style=\"font-weight:normal;\"><\/p>\n<p>&nbsp;<\/p>\n<p>&nbsp;<\/p>\n<p><\/div><\/div>[vc_empty_space][vc_column_text el_class=\u00bbtext-justify\u00bb]<\/p>\n<p>Se instal\u00f3 un almac\u00e9n automatizado negro Sintesi para la farmacia De Marco en Bari. Ubicado detr\u00e1s del mostrador, el robot fue dise\u00f1ado con el objetivo de involucrar visualmente a los clientes-pacientes en las actividades log\u00edsticas de la farmacia.<\/p>\n<p>Por un lado, los paneles de vidrio, colocados en la parte superior del robot, permiten a los usuarios admirar el brazo mec\u00e1nico de Euclid3D mientras recoge y entrega los paquetes.<\/p>\n<p>Por otro lado, el cargador autom\u00e1tico Pharmaload, tambi\u00e9n posicionado hacia la zona de ventas, permite a los clientes ver la facilidad con la que se vierten en ella las cestas de medicamentos.<\/p>\n<p>[\/vc_column_text][vc_empty_space][\/vc_column][\/vc_row][vc_row][vc_column offset=\u00bbvc_hidden-md vc_hidden-sm vc_hidden-xs\u00bb][vc_empty_space height=\u00bb100px\u00bb][vc_single_image image=\u00bb9617&#8243; img_size=\u00bbfull\u00bb alignment=\u00bbcenter\u00bb][vc_empty_space]<div id=\"ultimate-heading-532769e02ae3264b2\" class=\"uvc-heading ult-adjust-bottom-margin ultimate-heading-532769e02ae3264b2 uvc-5236 head-section-title uvc-heading-default-font-sizes\" data-hspacer=\"no_spacer\"  data-halign=\"center\" style=\"text-align:center\"><div class=\"uvc-heading-spacer no_spacer\" style=\"top\"><\/div><div class=\"uvc-main-heading ult-responsive\"  data-ultimate-target='.uvc-heading.ultimate-heading-532769e02ae3264b2 p'  data-responsive-json-new='{\"font-size\":\"\",\"line-height\":\"\"}' ><p style=\"--font-weight:theme;\">LA PALABRA AL FARMAC\u00c9UTICO<\/p><\/div><div class=\"uvc-sub-heading ult-responsive\"  data-ultimate-target='.uvc-heading.ultimate-heading-532769e02ae3264b2 .uvc-sub-heading '  data-responsive-json-new='{\"font-size\":\"\",\"line-height\":\"\"}'  style=\"font-weight:normal;\"><\/p>\n<p>&nbsp;<\/p>\n<p>&nbsp;<\/p>\n<p><\/div><\/div>[vc_empty_space][vc_column_text el_class=\u00bbtext-justify\u00bb]<\/p>\n<h4>Doctor De Marco, \u00bfqu\u00e9 le llev\u00f3 a querer automatizar su farmacia?<\/h4>\n<p>Necesit\u00e1bamos recuperar espacio. Antes de la robotizaci\u00f3n, us\u00e1bamos cajones que, sin embargo, ocupaban demasiada superficie de la farmacia. La automatizaci\u00f3n representaba una excelente soluci\u00f3n al problema y tambi\u00e9n sab\u00edamos que nos permitir\u00eda disfrutar de muchas otras ventajas.<\/p>\n<p>La instalaci\u00f3n del robot nos permiti\u00f3 alcanzar plenamente el objetivo: los m\u00e1s de 15.000 productos que se guardaban dentro de las cajoneras ahora est\u00e1n en nuestro robot mediano-grande, ocupando quiz\u00e1s 1\/4 de lo que los estantes ocupaban anteriormente.<\/p>\n<p>&nbsp;<\/p>\n<h4>\u00bfQu\u00e9 le llev\u00f3 a decidir confiar en Pharmathek para la automatizaci\u00f3n de farmacias?<\/h4>\n<p>Estaba indeciso entre dos proveedores, pero luego un colega que hab\u00eda experimentado con ambas tecnolog\u00edas disip\u00f3 mis dudas. De hecho, este colega, que hab\u00eda tenido un robot del otro proveedor durante a\u00f1os, en un momento decidi\u00f3 cambiar e instalar un robot Pharmathek y todav\u00eda est\u00e1 muy satisfecho con esta elecci\u00f3n.<\/p>\n<p>Otro punto a favor de Pharmathek es su pertenencia al grupo Th.Kohl, la empresa a la que hab\u00eda decidido encomendar la renovaci\u00f3n de la farmacia. De hecho, quer\u00edamos que el robot fuera parte integral del mobiliario y contar con un \u00fanico interlocutor que facilitara todo esto.<\/p>\n<p>Otros aspectos que apreci\u00e9 sobre la tecnolog\u00eda Pharmathek son el brazo mec\u00e1nico exclusivo Euclid3D y el hecho de que el robot interact\u00faa perfectamente con el sistema de gesti\u00f3n de la farmacia.<\/p>\n<p>Adem\u00e1s de ahorrar espacio, \u00bfcu\u00e1les son las ventajas que m\u00e1s aprecia del robot Pharmathek?<\/p>\n<p>Seguramente el enorme ahorro de tiempo en la gesti\u00f3n del producto: gracias al cargador autom\u00e1tico Pharmaload, el tiempo de almacenamiento del f\u00e1rmaco se ha reducido a m\u00e1s de la mitad.<\/p>\n<p>Igualmente, destacable es la posibilidad de poder conocer en tiempo real toda la informaci\u00f3n relativa al almac\u00e9n robotizado, desde el n\u00famero de productos en stock hasta las fechas de caducidad relativas.<\/p>\n<p>Tambi\u00e9n aprecio mucho que sea tan f\u00e1cil de usar.<\/p>\n<p>&nbsp;<\/p>\n<h4>\u00bfC\u00f3mo reaccionaron los clientes ante la robotizaci\u00f3n de la farmacia?<\/h4>\n<p>Lo disfrutaron much\u00edsimo.<\/p>\n<p>Ciertamente, mi solicitud de hacer que el robot sea inmediatamente visible para los clientes, convirti\u00e9ndolo en una parte integral del mobiliario, result\u00f3 ser una elecci\u00f3n ganadora.<\/p>\n<p>Esto se debe a que no solo quer\u00eda que los clientes supieran sobre la existencia del robot: quer\u00eda involucrarlos visualmente mostr\u00e1ndoles c\u00f3mo funciona una farmacia robotizada.<\/p>\n<p>Este objetivo se logr\u00f3 mediante dos opciones: la primera es equipar el robot con paneles de vidrio a trav\u00e9s de los cuales los clientes pudieran ver el robot en acci\u00f3n. La segunda es haber instalado el cargador autom\u00e1tico en el lado que da a la zona de ventas, permitiendo a los clientes ver c\u00f3mo se vierten los productos en el cargador.<\/p>\n<p>\u00a1Los clientes est\u00e1n tan interesados \u200b\u200bque a veces organizo sus propias visitas guiadas para los curiosos!<\/p>\n<p>&nbsp;<\/p>\n<h4>\u00bfRecomendar\u00eda Pharmathek a sus colegas?<\/h4>\n<p>Absolutamente s\u00ed: en lo que a m\u00ed respecta, es el mejor.<\/p>\n<p>Funciona perfectamente y por mi experiencia puedo decir que una farmacia moderna no puede ignorar la presencia de un robot de almac\u00e9n.<\/p>\n<p>[\/vc_column_text][vc_empty_space height=\u00bb100px\u00bb][\/vc_column][\/vc_row][vc_row][vc_column offset=\u00bbvc_hidden-lg\u00bb][vc_empty_space height=\u00bb50px\u00bb][vc_single_image image=\u00bb9617&#8243; img_size=\u00bbfull\u00bb alignment=\u00bbcenter\u00bb][vc_empty_space]<div id=\"ultimate-heading-926269e02ae326531\" class=\"uvc-heading ult-adjust-bottom-margin ultimate-heading-926269e02ae326531 uvc-616 head-section-title uvc-heading-default-font-sizes\" data-hspacer=\"no_spacer\"  data-halign=\"center\" style=\"text-align:center\"><div class=\"uvc-heading-spacer no_spacer\" style=\"top\"><\/div><div class=\"uvc-main-heading ult-responsive\"  data-ultimate-target='.uvc-heading.ultimate-heading-926269e02ae326531 p'  data-responsive-json-new='{\"font-size\":\"\",\"line-height\":\"\"}' ><p style=\"--font-weight:theme;\">LA PALABRA AL FARMAC\u00c9UTICO<\/p><\/div><div class=\"uvc-sub-heading ult-responsive\"  data-ultimate-target='.uvc-heading.ultimate-heading-926269e02ae326531 .uvc-sub-heading '  data-responsive-json-new='{\"font-size\":\"\",\"line-height\":\"\"}'  style=\"font-weight:normal;\"><\/p>\n<p>&nbsp;<\/p>\n<p>&nbsp;<\/p>\n<p><\/div><\/div>[vc_empty_space][vc_column_text el_class=\u00bbtext-justify\u00bb]<\/p>\n<h4>Doctor De Marco, \u00bfqu\u00e9 le llev\u00f3 a querer automatizar su farmacia?<\/h4>\n<p>Necesit\u00e1bamos recuperar espacio. Antes de la robotizaci\u00f3n, us\u00e1bamos cajones que, sin embargo, ocupaban demasiada superficie de la farmacia. La automatizaci\u00f3n representaba una excelente soluci\u00f3n al problema y tambi\u00e9n sab\u00edamos que nos permitir\u00eda disfrutar de muchas otras ventajas.<\/p>\n<p>La instalaci\u00f3n del robot nos permiti\u00f3 alcanzar plenamente el objetivo: los m\u00e1s de 15.000 productos que se guardaban dentro de las cajoneras ahora est\u00e1n en nuestro robot mediano-grande, ocupando quiz\u00e1s 1\/4 de lo que los estantes ocupaban anteriormente.<\/p>\n<p>&nbsp;<\/p>\n<h4>\u00bfQu\u00e9 le llev\u00f3 a decidir confiar en Pharmathek para la automatizaci\u00f3n de farmacias?<\/h4>\n<p>Estaba indeciso entre dos proveedores, pero luego un colega que hab\u00eda experimentado con ambas tecnolog\u00edas disip\u00f3 mis dudas. De hecho, este colega, que hab\u00eda tenido un robot del otro proveedor durante a\u00f1os, en un momento decidi\u00f3 cambiar e instalar un robot Pharmathek y todav\u00eda est\u00e1 muy satisfecho con esta elecci\u00f3n.<\/p>\n<p>Otro punto a favor de Pharmathek es su pertenencia al grupo Th.Kohl, la empresa a la que hab\u00eda decidido encomendar la renovaci\u00f3n de la farmacia. De hecho, quer\u00edamos que el robot fuera parte integral del mobiliario y contar con un \u00fanico interlocutor que facilitara todo esto.<\/p>\n<p>Otros aspectos que apreci\u00e9 sobre la tecnolog\u00eda Pharmathek son el brazo mec\u00e1nico exclusivo Euclid3D y el hecho de que el robot interact\u00faa perfectamente con el sistema de gesti\u00f3n de la farmacia.<\/p>\n<p>Adem\u00e1s de ahorrar espacio, \u00bfcu\u00e1les son las ventajas que m\u00e1s aprecia del robot Pharmathek?<\/p>\n<p>Seguramente el enorme ahorro de tiempo en la gesti\u00f3n del producto: gracias al cargador autom\u00e1tico Pharmaload, el tiempo de almacenamiento del f\u00e1rmaco se ha reducido a m\u00e1s de la mitad.<\/p>\n<p>Igualmente, destacable es la posibilidad de poder conocer en tiempo real toda la informaci\u00f3n relativa al almac\u00e9n robotizado, desde el n\u00famero de productos en stock hasta las fechas de caducidad relativas.<\/p>\n<p>Tambi\u00e9n aprecio mucho que sea tan f\u00e1cil de usar.<\/p>\n<p>&nbsp;<\/p>\n<h4>\u00bfC\u00f3mo reaccionaron los clientes ante la robotizaci\u00f3n de la farmacia?<\/h4>\n<p>Lo disfrutaron much\u00edsimo.<\/p>\n<p>Ciertamente, mi solicitud de hacer que el robot sea inmediatamente visible para los clientes, convirti\u00e9ndolo en una parte integral del mobiliario, result\u00f3 ser una elecci\u00f3n ganadora.<\/p>\n<p>Esto se debe a que no solo quer\u00eda que los clientes supieran sobre la existencia del robot: quer\u00eda involucrarlos visualmente mostr\u00e1ndoles c\u00f3mo funciona una farmacia robotizada.<\/p>\n<p>Este objetivo se logr\u00f3 mediante dos opciones: la primera es equipar el robot con paneles de vidrio a trav\u00e9s de los cuales los clientes pudieran ver el robot en acci\u00f3n. La segunda es haber instalado el cargador autom\u00e1tico en el lado que da a la zona de ventas, permitiendo a los clientes ver c\u00f3mo se vierten los productos en el cargador.<\/p>\n<p>\u00a1Los clientes est\u00e1n tan interesados \u200b\u200bque a veces organizo sus propias visitas guiadas para los curiosos!<\/p>\n<p>&nbsp;<\/p>\n<h4>\u00bfRecomendar\u00eda Pharmathek a sus colegas?<\/h4>\n<p>Absolutamente s\u00ed: en lo que a m\u00ed respecta, es el mejor.<\/p>\n<p>Funciona perfectamente y por mi experiencia puedo decir que una farmacia moderna no puede ignorar la presencia de un robot de almac\u00e9n.<\/p>\n<p>[\/vc_column_text][vc_empty_space height=\u00bb50px\u00bb][\/vc_column][\/vc_row][vc_row full_width=\u00bbstretch_row\u00bb bg_type=\u00bbbg_color\u00bb bg_override=\u00bbfull\u00bb bg_color_value=\u00bb#eeeeef\u00bb][vc_column offset=\u00bbvc_hidden-md vc_hidden-sm vc_hidden-xs\u00bb][vc_empty_space height=\u00bb100px\u00bb]<div id=\"ultimate-heading-460669e02ae3265ae\" class=\"uvc-heading ult-adjust-bottom-margin ultimate-heading-460669e02ae3265ae uvc-6902 head-section-title uvc-heading-default-font-sizes\" data-hspacer=\"no_spacer\"  data-halign=\"center\" style=\"text-align:center\"><div class=\"uvc-heading-spacer no_spacer\" style=\"top\"><\/div><div class=\"uvc-main-heading ult-responsive\"  data-ultimate-target='.uvc-heading.ultimate-heading-460669e02ae3265ae h2'  data-responsive-json-new='{\"font-size\":\"\",\"line-height\":\"\"}' ><h2 style=\"--font-weight:theme;\">GALER\u00cdA<\/h2><\/div><div class=\"uvc-sub-heading ult-responsive\"  data-ultimate-target='.uvc-heading.ultimate-heading-460669e02ae3265ae .uvc-sub-heading '  data-responsive-json-new='{\"font-size\":\"\",\"line-height\":\"\"}'  style=\"font-weight:normal;\"><\/p>\n<p>&nbsp;<\/p>\n<p>&nbsp;<\/p>\n<p><\/div><\/div>[vc_empty_space height=\u00bb50px\u00bb][vc_masonry_media_grid element_width=\u00bb3&#8243; gap=\u00bb10&#8243; grid_id=\u00bbvc_gid:1609420076719-7aa20b86-58c7-7&#8243; include=\u00bb9660,9646,9667,9653&#8243;][vc_empty_space height=\u00bb100px\u00bb][\/vc_column][\/vc_row][vc_row full_width=\u00bbstretch_row\u00bb bg_type=\u00bbbg_color\u00bb bg_override=\u00bbfull\u00bb bg_color_value=\u00bb#eeeeef\u00bb][vc_column offset=\u00bbvc_hidden-lg\u00bb][vc_empty_space height=\u00bb50px\u00bb]<div id=\"ultimate-heading-317369e02ae326627\" class=\"uvc-heading ult-adjust-bottom-margin ultimate-heading-317369e02ae326627 uvc-480 head-section-title uvc-heading-default-font-sizes\" data-hspacer=\"no_spacer\"  data-halign=\"center\" style=\"text-align:center\"><div class=\"uvc-heading-spacer no_spacer\" style=\"top\"><\/div><div class=\"uvc-main-heading ult-responsive\"  data-ultimate-target='.uvc-heading.ultimate-heading-317369e02ae326627 h2'  data-responsive-json-new='{\"font-size\":\"\",\"line-height\":\"\"}' ><h2 style=\"--font-weight:theme;\">GALER\u00cdA<\/h2><\/div><div class=\"uvc-sub-heading ult-responsive\"  data-ultimate-target='.uvc-heading.ultimate-heading-317369e02ae326627 .uvc-sub-heading '  data-responsive-json-new='{\"font-size\":\"\",\"line-height\":\"\"}'  style=\"font-weight:normal;\"><\/p>\n<p>&nbsp;<\/p>\n<p>&nbsp;<\/p>\n<p><\/div><\/div>[vc_empty_space height=\u00bb50px\u00bb][vc_masonry_media_grid element_width=\u00bb3&#8243; gap=\u00bb10&#8243; grid_id=\u00bbvc_gid:1609420076736-2b69ba05-1f76-1&#8243; include=\u00bb9660,9646,9667,9653&#8243;][vc_empty_space height=\u00bb50px\u00bb][\/vc_column][\/vc_row][vc_row full_width=\u00bbstretch_row\u00bb bg_type=\u00bbimage\u00bb parallax_style=\u00bbvcpb-default\u00bb bg_image_new=\u00bbid^1166|url^http:\/\/www.pharmathek.com\/wp-content\/uploads\/2018\/03\/farmacia-specifiche-background.jpg|caption^null|alt^null|title^farmacia-specifiche-background|description^null\u00bb bg_image_repeat=\u00bbno-repeat\u00bb bg_override=\u00bbfull\u00bb][vc_column][vc_empty_space height=\u00bb100px\u00bb]<div id=\"ultimate-heading-477969e02ae3266a8\" class=\"uvc-heading ult-adjust-bottom-margin ultimate-heading-477969e02ae3266a8 uvc-7155 head-section-title text-white uvc-heading-default-font-sizes\" data-hspacer=\"no_spacer\"  data-halign=\"center\" style=\"text-align:center\"><div class=\"uvc-heading-spacer no_spacer\" style=\"top\"><\/div><div class=\"uvc-main-heading ult-responsive\"  data-ultimate-target='.uvc-heading.ultimate-heading-477969e02ae3266a8 h2'  data-responsive-json-new='{\"font-size\":\"\",\"line-height\":\"\"}' ><h2 style=\"--font-weight:theme;\">EL PROYECTO<\/h2><\/div><div class=\"uvc-sub-heading ult-responsive\"  data-ultimate-target='.uvc-heading.ultimate-heading-477969e02ae3266a8 .uvc-sub-heading '  data-responsive-json-new='{\"font-size\":\"\",\"line-height\":\"\"}'  style=\"font-weight:normal;\"><\/p>\n<p>&nbsp;<\/p>\n<p>&nbsp;<\/p>\n<p><\/div><\/div>[vc_empty_space height=\u00bb50px\u00bb][vc_separator color=\u00bbwhite\u00bb][vc_separator color=\u00bbwhite\u00bb][vc_row_inner][vc_column_inner width=\u00bb1\/2&#8243;][vc_column_text el_class=\u00bbprogetto-voci\u00bb]<\/p>\n<p>SOLUCIONES PHARMATHEK<\/p>\n<p>[\/vc_column_text][\/vc_column_inner][vc_column_inner width=\u00bb1\/2&#8243;][vc_column_text el_class=\u00bbprogetto-voci-valori\u00bb]SINTESI + PHARMALOAD + EUCLID3D[\/vc_column_text][\/vc_column_inner][\/vc_row_inner][vc_separator color=\u00bbwhite\u00bb][vc_row_inner][vc_column_inner width=\u00bb1\/2&#8243;][vc_column_text el_class=\u00bbprogetto-voci\u00bb]<\/p>\n<p>DIMENSIONES ROBOT<\/p>\n<p>[\/vc_column_text][\/vc_column_inner][vc_column_inner width=\u00bb1\/2&#8243;][vc_column_text el_class=\u00bbprogetto-voci-valori\u00bb]<\/p>\n<p>L 6.000 x H 2.900 mm<\/p>\n<p>[\/vc_column_text][\/vc_column_inner][\/vc_row_inner][vc_separator color=\u00bbwhite\u00bb][vc_row_inner][vc_column_inner width=\u00bb1\/2&#8243;][vc_column_text el_class=\u00bbprogetto-voci\u00bb]<\/p>\n<p>CAPACIDAD EN CAJAS<\/p>\n<p>[\/vc_column_text][\/vc_column_inner][vc_column_inner width=\u00bb1\/2&#8243;][vc_column_text el_class=\u00bbprogetto-voci-valori\u00bb]<\/p>\n<p>13.800<\/p>\n<p>[\/vc_column_text][\/vc_column_inner][\/vc_row_inner][vc_separator color=\u00bbwhite\u00bb][vc_row_inner][vc_column_inner width=\u00bb1\/2&#8243;][vc_column_text el_class=\u00bbprogetto-voci\u00bb]<\/p>\n<p>UBICACI\u00d3N ROBOT CON RESPECTO AL MOSTRADOR<\/p>\n<p>[\/vc_column_text][\/vc_column_inner][vc_column_inner width=\u00bb1\/2&#8243;][vc_column_text el_class=\u00bbprogetto-voci-valori\u00bb]<\/p>\n<div><span lang=\"ES\">DETR\u00c1S DEL MOSTRADOR <\/span><\/div>\n<p>[\/vc_column_text][\/vc_column_inner][\/vc_row_inner][vc_separator color=\u00bbwhite\u00bb][vc_row_inner][vc_column_inner width=\u00bb1\/2&#8243;][vc_column_text el_class=\u00bbprogetto-voci\u00bb]<\/p>\n<p>ROTACI\u00d3N DE PRODUCTO<\/p>\n<p>[\/vc_column_text][\/vc_column_inner][vc_column_inner width=\u00bb1\/2&#8243;][vc_column_text el_class=\u00bbprogetto-voci-valori\u00bb]<\/p>\n<p>Entre 500 y 1.000<\/p>\n<p>[\/vc_column_text][\/vc_column_inner][\/vc_row_inner][vc_separator color=\u00bbwhite\u00bb][vc_empty_space height=\u00bb100px\u00bb][\/vc_column][\/vc_row][vc_row full_width=\u00bbstretch_row_content_no_spaces\u00bb][vc_column el_class=\u00bbfull-width-no-padding\u00bb][vc_single_image image=\u00bb9639&#8243; img_size=\u00bbfull\u00bb alignment=\u00bbcenter\u00bb]<style type=\"text\/css\" data-type=\"the7_shortcodes-inline-css\">#default-btn-5faae7e989bdcceeefc0a1c33d45665f.ico-right-side > i {\n  margin-right: 0px;\n  margin-left: 8px;\n}\n#default-btn-5faae7e989bdcceeefc0a1c33d45665f > i {\n  margin-right: 8px;\n}\n<\/style><div class=\"btn-align-center\"><a href=\"https:\/\/www.pharmathek.com\/es\/instalaciones\/\" class=\"default-btn-shortcode dt-btn dt-btn-l link-hover-off weight-300 full-width-btn \" id=\"default-btn-5faae7e989bdcceeefc0a1c33d45665f\"><span>Vuelve al listado de instalaciones<\/span><\/a><\/div>[\/vc_column][\/vc_row]<\/p>\n<\/div>","protected":false},"excerpt":{"rendered":"<p>Bari<\/p>\n","protected":false},"author":3,"featured_media":9681,"parent":0,"menu_order":0,"comment_status":"closed","ping_status":"closed","template":"","meta":{"inline_featured_image":false,"footnotes":""},"categories":[27],"tags":[],"class_list":["post-11037","page","type-page","status-publish","has-post-thumbnail","hentry","category-farmacia","description-off"],"_links":{"self":[{"href":"https:\/\/www.pharmathek.com\/es\/wp-json\/wp\/v2\/pages\/11037","targetHints":{"allow":["GET"]}}],"collection":[{"href":"https:\/\/www.pharmathek.com\/es\/wp-json\/wp\/v2\/pages"}],"about":[{"href":"https:\/\/www.pharmathek.com\/es\/wp-json\/wp\/v2\/types\/page"}],"author":[{"embeddable":true,"href":"https:\/\/www.pharmathek.com\/es\/wp-json\/wp\/v2\/users\/3"}],"replies":[{"embeddable":true,"href":"https:\/\/www.pharmathek.com\/es\/wp-json\/wp\/v2\/comments?post=11037"}],"version-history":[{"count":2,"href":"https:\/\/www.pharmathek.com\/es\/wp-json\/wp\/v2\/pages\/11037\/revisions"}],"predecessor-version":[{"id":11062,"href":"https:\/\/www.pharmathek.com\/es\/wp-json\/wp\/v2\/pages\/11037\/revisions\/11062"}],"wp:featuredmedia":[{"embeddable":true,"href":"https:\/\/www.pharmathek.com\/es\/wp-json\/wp\/v2\/media\/9681"}],"wp:attachment":[{"href":"https:\/\/www.pharmathek.com\/es\/wp-json\/wp\/v2\/media?parent=11037"}],"wp:term":[{"taxonomy":"category","embeddable":true,"href":"https:\/\/www.pharmathek.com\/es\/wp-json\/wp\/v2\/categories?post=11037"},{"taxonomy":"post_tag","embeddable":true,"href":"https:\/\/www.pharmathek.com\/es\/wp-json\/wp\/v2\/tags?post=11037"}],"curies":[{"name":"wp","href":"https:\/\/api.w.org\/{rel}","templated":true}]}}