{"id":11039,"date":"2020-03-17T11:44:14","date_gmt":"2020-03-17T10:44:14","guid":{"rendered":"http:\/\/www.pharmathek.com\/farmacia-ns-montallegro\/"},"modified":"2021-01-04T11:24:42","modified_gmt":"2021-01-04T10:24:42","slug":"farmacia-ns-montallegro","status":"publish","type":"page","link":"https:\/\/www.pharmathek.com\/es\/farmacia-ns-montallegro\/","title":{"rendered":"Farmacia N.S. Montallegro"},"content":{"rendered":"<div class=\"wpb-content-wrapper\"><p>[vc_row full_width=\u00bbstretch_row_content\u00bb equal_height=\u00bbyes\u00bb content_placement=\u00bbmiddle\u00bb bg_type=\u00bbbg_color\u00bb bg_override=\u00bbfull\u00bb bg_color_value=\u00bb#eeeeef\u00bb][vc_column width=\u00bb1\/2&#8243; css=\u00bb.vc_custom_1523960820222{padding-right: 0px !important;padding-left: 0px !important;}\u00bb offset=\u00bbvc_hidden-md vc_hidden-sm vc_hidden-xs\u00bb][vc_single_image image=\u00bb7179&#8243; img_size=\u00bbfull\u00bb][\/vc_column][vc_column width=\u00bb1\/2&#8243; css=\u00bb.vc_custom_1523961149466{padding-right: 100px !important;padding-left: 100px !important;}\u00bb offset=\u00bbvc_hidden-md vc_hidden-sm vc_hidden-xs\u00bb][vc_empty_space]<div id=\"ultimate-heading-6436a09ed86b408d\" class=\"uvc-heading ult-adjust-bottom-margin ultimate-heading-6436a09ed86b408d uvc-4846 head-section-title uvc-heading-default-font-sizes\" data-hspacer=\"no_spacer\"  data-halign=\"center\" style=\"text-align:center\"><div class=\"uvc-heading-spacer no_spacer\" style=\"top\"><\/div><div class=\"uvc-main-heading ult-responsive\"  data-ultimate-target='.uvc-heading.ultimate-heading-6436a09ed86b408d p'  data-responsive-json-new='{\"font-size\":\"\",\"line-height\":\"\"}' ><p style=\"--font-weight:theme;\">FARMACIA N.S. MONTALLEGRO Dott. GIOVANELLI<\/p><\/div><\/div>[vc_empty_space][vc_column_text el_class=\u00bbtext-justify\u00bb]<\/p>\n<p>En la Farmacia Nostra Signora di Montallegro del dr. Giovanelli ha instalado un robot Pharmathek detr\u00e1s del mostrador con uno de los dos laterales cortos en cristal, para permitir que incluso quienes observan la farmacia desde la ventana puedan ver al robot en acci\u00f3n.<\/p>\n<p>Para hacer su presencia a\u00fan m\u00e1s visible, el interior del robot se ha enriquecido con un sistema de iluminaci\u00f3n LED que cambia continuamente de color.<\/p>\n<p>Adem\u00e1s de la de servicio, el robot dispone de tres salidas, dos de ellas detr\u00e1s del mostrador principal y una cercana a la zona dedicada a la dermocosm\u00e9tica.<\/p>\n<p>[\/vc_column_text][vc_empty_space][\/vc_column][\/vc_row][vc_row full_width=\u00bbstretch_row_content\u00bb equal_height=\u00bbyes\u00bb content_placement=\u00bbmiddle\u00bb bg_type=\u00bbbg_color\u00bb bg_override=\u00bbfull\u00bb bg_color_value=\u00bb#eeeeef\u00bb][vc_column css=\u00bb.vc_custom_1524126751494{padding-right: 0px !important;padding-left: 0px !important;}\u00bb offset=\u00bbvc_hidden-lg\u00bb el_class=\u00bbfull-width-no-padding\u00bb][vc_single_image image=\u00bb7179&#8243; img_size=\u00bbfull\u00bb][vc_empty_space]<div id=\"ultimate-heading-67926a09ed86b4136\" class=\"uvc-heading ult-adjust-bottom-margin ultimate-heading-67926a09ed86b4136 uvc-7427 head-section-title uvc-heading-default-font-sizes\" data-hspacer=\"no_spacer\"  data-halign=\"center\" style=\"text-align:center\"><div class=\"uvc-heading-spacer no_spacer\" style=\"top\"><\/div><div class=\"uvc-main-heading ult-responsive\"  data-ultimate-target='.uvc-heading.ultimate-heading-67926a09ed86b4136 p'  data-responsive-json-new='{\"font-size\":\"\",\"line-height\":\"\"}' ><p style=\"--font-weight:theme;\">FARMACIA N.S. MONTALLEGRO Dott. GIOVANELLI<\/p><\/div><\/div>[vc_empty_space][vc_column_text el_class=\u00bbtext-justify\u00bb]<\/p>\n<p>En la Farmacia Nostra Signora di Montallegro del dr. Giovanelli ha instalado un robot Pharmathek detr\u00e1s del mostrador con uno de los dos laterales cortos en cristal, para permitir que incluso quienes observan la farmacia desde la ventana puedan ver al robot en acci\u00f3n.<\/p>\n<p>Para hacer su presencia a\u00fan m\u00e1s visible, el interior del robot se ha enriquecido con un sistema de iluminaci\u00f3n LED que cambia continuamente de color.<\/p>\n<p>Adem\u00e1s de la de servicio, el robot dispone de tres salidas, dos de ellas detr\u00e1s del mostrador principal y una cercana a la zona dedicada a la dermocosm\u00e9tica.<\/p>\n<p>[\/vc_column_text][vc_empty_space][\/vc_column][\/vc_row][vc_row][vc_column offset=\u00bbvc_hidden-md vc_hidden-sm vc_hidden-xs\u00bb][vc_empty_space height=\u00bb100px\u00bb][vc_single_image image=\u00bb7174&#8243; img_size=\u00bbfull\u00bb alignment=\u00bbcenter\u00bb][vc_empty_space]<div id=\"ultimate-heading-59316a09ed86b41ba\" class=\"uvc-heading ult-adjust-bottom-margin ultimate-heading-59316a09ed86b41ba uvc-7942 head-section-title uvc-heading-default-font-sizes\" data-hspacer=\"no_spacer\"  data-halign=\"center\" style=\"text-align:center\"><div class=\"uvc-heading-spacer no_spacer\" style=\"top\"><\/div><div class=\"uvc-main-heading ult-responsive\"  data-ultimate-target='.uvc-heading.ultimate-heading-59316a09ed86b41ba p'  data-responsive-json-new='{\"font-size\":\"\",\"line-height\":\"\"}' ><p style=\"--font-weight:theme;\">LA PALABRA AL FARMAC\u00c9UTICO<\/p><\/div><div class=\"uvc-sub-heading ult-responsive\"  data-ultimate-target='.uvc-heading.ultimate-heading-59316a09ed86b41ba .uvc-sub-heading '  data-responsive-json-new='{\"font-size\":\"\",\"line-height\":\"\"}'  style=\"font-weight:normal;\"><\/p>\n<p>&nbsp;<\/p>\n<p>&nbsp;<\/p>\n<p><\/div><\/div>[vc_empty_space][vc_column_text el_class=\u00bbtext-justify\u00bb]<\/p>\n<h4>\u00bfQu\u00e9 te llev\u00f3 a decidirte por automatizar tu farmacia?<\/h4>\n<p>Llev\u00e1bamos tiempo interesados \u200b\u200ben la automatizaci\u00f3n pero lo que nos impuls\u00f3 a tomar la iniciativa fue la presencia de exenciones fiscales que nos permitieron instalar nuestro robot con una inversi\u00f3n rentable.<\/p>\n<p>Adem\u00e1s de esto, sab\u00edamos que la instalaci\u00f3n de un robot para farmacias nos permitir\u00eda trabajar de una forma m\u00e1s r\u00e1pida y moderna, tanto desde el punto de vista de la gesti\u00f3n del almac\u00e9n como desde el punto de vista de contar con m\u00e1s tiempo de contacto con los clientes.<\/p>\n<p>&nbsp;<\/p>\n<h4>\u00bfPor qu\u00e9 decidi\u00f3 confiar en Pharmathek para la automatizaci\u00f3n de farmacias?<\/h4>\n<p>Despu\u00e9s de comparar varios robots de farmacia en el mercado, identificamos a Pharmathek como la empresa que ofrec\u00eda la soluci\u00f3n de automatizaci\u00f3n de mejor rendimiento. En particular, apreciamos el brazo mec\u00e1nico Euclid3D, una patente que tiene caracter\u00edsticas y funcionalidad superiores en comparaci\u00f3n con los sistemas de agarre de otras firmas.<\/p>\n<p>&nbsp;<\/p>\n<h4>\u00bfC\u00f3mo recibieron los clientes la novedad de la automatizaci\u00f3n?<\/h4>\n<p>\u00a1Muy bien! La instalaci\u00f3n de un robot permite a los clientes mejorar significativamente la imagen percibida de la farmacia. Por un lado, valoran la elecci\u00f3n, el hecho de ser una farmacia dispuesta a renovarse para ofrecer un servicio cada vez m\u00e1s moderno. Por otro lado, aprecian los resultados, es decir, el hecho de que ahora nuestros servicios sean m\u00e1s r\u00e1pidos y con m\u00e1s tiempo dedicado a asesorar a los clientes.<\/p>\n<p>Por eso, a la hora de automatizar la farmacia, optamos por visibilizar el interior del robot desde la calle a trav\u00e9s de la vitrina, as\u00ed como enriquecer la pared del robot que da al interior de la farmacia con paneles de vidrio.<\/p>\n<p>Los clientes inmediatamente mostraron curiosidad y esto pronto se convirti\u00f3 en agradecimiento por el hecho de que tienen una farmacia de confianza a la vanguardia tambi\u00e9n desde el punto de vista tecnol\u00f3gico.<\/p>\n<p>&nbsp;<\/p>\n<h4>\u00bfRecomendar\u00eda Pharmathek a sus colegas?<\/h4>\n<p>\u00a1S\u00ed! Estamos muy satisfechos con nuestro robot, tanto desde el punto de vista de una mejor gesti\u00f3n del inventario como del impacto que nos ha permitido tener en nuestra comunidad.<\/p>\n<p>[\/vc_column_text][vc_empty_space height=\u00bb100px\u00bb][\/vc_column][\/vc_row][vc_row][vc_column offset=\u00bbvc_hidden-lg\u00bb][vc_empty_space height=\u00bb50px\u00bb][vc_single_image image=\u00bb7174&#8243; img_size=\u00bbfull\u00bb alignment=\u00bbcenter\u00bb][vc_empty_space]<div id=\"ultimate-heading-11046a09ed86b4245\" class=\"uvc-heading ult-adjust-bottom-margin ultimate-heading-11046a09ed86b4245 uvc-9524 head-section-title uvc-heading-default-font-sizes\" data-hspacer=\"no_spacer\"  data-halign=\"center\" style=\"text-align:center\"><div class=\"uvc-heading-spacer no_spacer\" style=\"top\"><\/div><div class=\"uvc-main-heading ult-responsive\"  data-ultimate-target='.uvc-heading.ultimate-heading-11046a09ed86b4245 p'  data-responsive-json-new='{\"font-size\":\"\",\"line-height\":\"\"}' ><p style=\"--font-weight:theme;\">LA PALABRA AL FARMAC\u00c9UTICO<\/p><\/div><div class=\"uvc-sub-heading ult-responsive\"  data-ultimate-target='.uvc-heading.ultimate-heading-11046a09ed86b4245 .uvc-sub-heading '  data-responsive-json-new='{\"font-size\":\"\",\"line-height\":\"\"}'  style=\"font-weight:normal;\"><\/p>\n<p>&nbsp;<\/p>\n<p>&nbsp;<\/p>\n<p><\/div><\/div>[vc_empty_space][vc_column_text el_class=\u00bbtext-justify\u00bb]<\/p>\n<h4>\u00bfQu\u00e9 te llev\u00f3 a decidirte por automatizar tu farmacia?<\/h4>\n<p>Llev\u00e1bamos tiempo interesados \u200b\u200ben la automatizaci\u00f3n pero lo que nos impuls\u00f3 a tomar la iniciativa fue la presencia de exenciones fiscales que nos permitieron instalar nuestro robot con una inversi\u00f3n rentable.<\/p>\n<p>Adem\u00e1s de esto, sab\u00edamos que la instalaci\u00f3n de un robot para farmacias nos permitir\u00eda trabajar de una forma m\u00e1s r\u00e1pida y moderna, tanto desde el punto de vista de la gesti\u00f3n del almac\u00e9n como desde el punto de vista de contar con m\u00e1s tiempo de contacto con los clientes.<\/p>\n<p>&nbsp;<\/p>\n<h4>\u00bfPor qu\u00e9 decidi\u00f3 confiar en Pharmathek para la automatizaci\u00f3n de farmacias?<\/h4>\n<p>Despu\u00e9s de comparar varios robots de farmacia en el mercado, identificamos a Pharmathek como la empresa que ofrec\u00eda la soluci\u00f3n de automatizaci\u00f3n de mejor rendimiento. En particular, apreciamos el brazo mec\u00e1nico Euclid3D, una patente que tiene caracter\u00edsticas y funcionalidad superiores en comparaci\u00f3n con los sistemas de agarre de otras firmas.<\/p>\n<p>&nbsp;<\/p>\n<h4>\u00bfC\u00f3mo recibieron los clientes la novedad de la automatizaci\u00f3n?<\/h4>\n<p>\u00a1Muy bien! La instalaci\u00f3n de un robot permite a los clientes mejorar significativamente la imagen percibida de la farmacia. Por un lado, valoran la elecci\u00f3n, el hecho de ser una farmacia dispuesta a renovarse para ofrecer un servicio cada vez m\u00e1s moderno. Por otro lado, aprecian los resultados, es decir, el hecho de que ahora nuestros servicios sean m\u00e1s r\u00e1pidos y con m\u00e1s tiempo dedicado a asesorar a los clientes.<\/p>\n<p>Por eso, a la hora de automatizar la farmacia, optamos por visibilizar el interior del robot desde la calle a trav\u00e9s de la vitrina, as\u00ed como enriquecer la pared del robot que da al interior de la farmacia con paneles de vidrio.<\/p>\n<p>Los clientes inmediatamente mostraron curiosidad y esto pronto se convirti\u00f3 en agradecimiento por el hecho de que tienen una farmacia de confianza a la vanguardia tambi\u00e9n desde el punto de vista tecnol\u00f3gico.<\/p>\n<p>&nbsp;<\/p>\n<h4>\u00bfRecomendar\u00eda Pharmathek a sus colegas?<\/h4>\n<p>\u00a1S\u00ed! Estamos muy satisfechos con nuestro robot, tanto desde el punto de vista de una mejor gesti\u00f3n del inventario como del impacto que nos ha permitido tener en nuestra comunidad.<\/p>\n<p>[\/vc_column_text][vc_empty_space height=\u00bb50px\u00bb][\/vc_column][\/vc_row][vc_row full_width=\u00bbstretch_row\u00bb bg_type=\u00bbbg_color\u00bb bg_override=\u00bbfull\u00bb bg_color_value=\u00bb#eeeeef\u00bb][vc_column offset=\u00bbvc_hidden-md vc_hidden-sm vc_hidden-xs\u00bb][vc_empty_space height=\u00bb100px\u00bb]<div id=\"ultimate-heading-71856a09ed86b42be\" class=\"uvc-heading ult-adjust-bottom-margin ultimate-heading-71856a09ed86b42be uvc-698 head-section-title uvc-heading-default-font-sizes\" data-hspacer=\"no_spacer\"  data-halign=\"center\" style=\"text-align:center\"><div class=\"uvc-heading-spacer no_spacer\" style=\"top\"><\/div><div class=\"uvc-main-heading ult-responsive\"  data-ultimate-target='.uvc-heading.ultimate-heading-71856a09ed86b42be h2'  data-responsive-json-new='{\"font-size\":\"\",\"line-height\":\"\"}' ><h2 style=\"--font-weight:theme;\">GALER\u00cdA<\/h2><\/div><div class=\"uvc-sub-heading ult-responsive\"  data-ultimate-target='.uvc-heading.ultimate-heading-71856a09ed86b42be .uvc-sub-heading '  data-responsive-json-new='{\"font-size\":\"\",\"line-height\":\"\"}'  style=\"font-weight:normal;\"><\/p>\n<p>&nbsp;<\/p>\n<p>&nbsp;<\/p>\n<p><\/div><\/div>[vc_empty_space height=\u00bb50px\u00bb][vc_masonry_media_grid element_width=\u00bb3&#8243; gap=\u00bb10&#8243; grid_id=\u00bbvc_gid:1609420073647-17d3fb30-ef74-3&#8243; include=\u00bb7164,7169,7154,7139,7149,7174,7144,7159&#8243;][vc_empty_space height=\u00bb100px\u00bb][\/vc_column][\/vc_row][vc_row full_width=\u00bbstretch_row\u00bb bg_type=\u00bbbg_color\u00bb bg_override=\u00bbfull\u00bb bg_color_value=\u00bb#eeeeef\u00bb][vc_column offset=\u00bbvc_hidden-lg\u00bb][vc_empty_space height=\u00bb50px\u00bb]<div id=\"ultimate-heading-11306a09ed86b4342\" class=\"uvc-heading ult-adjust-bottom-margin ultimate-heading-11306a09ed86b4342 uvc-3908 head-section-title uvc-heading-default-font-sizes\" data-hspacer=\"no_spacer\"  data-halign=\"center\" style=\"text-align:center\"><div class=\"uvc-heading-spacer no_spacer\" style=\"top\"><\/div><div class=\"uvc-main-heading ult-responsive\"  data-ultimate-target='.uvc-heading.ultimate-heading-11306a09ed86b4342 h2'  data-responsive-json-new='{\"font-size\":\"\",\"line-height\":\"\"}' ><h2 style=\"--font-weight:theme;\">GALER\u00cdA<\/h2><\/div><div class=\"uvc-sub-heading ult-responsive\"  data-ultimate-target='.uvc-heading.ultimate-heading-11306a09ed86b4342 .uvc-sub-heading '  data-responsive-json-new='{\"font-size\":\"\",\"line-height\":\"\"}'  style=\"font-weight:normal;\"><\/p>\n<p>&nbsp;<\/p>\n<p>&nbsp;<\/p>\n<p><\/div><\/div>[vc_empty_space height=\u00bb50px\u00bb][vc_masonry_media_grid element_width=\u00bb3&#8243; gap=\u00bb10&#8243; grid_id=\u00bbvc_gid:1609420073664-db031fc1-ee7e-3&#8243; include=\u00bb7164,7169,7154,7139,7149,7174,7144,7159&#8243;][vc_empty_space height=\u00bb50px\u00bb][\/vc_column][\/vc_row][vc_row full_width=\u00bbstretch_row\u00bb bg_type=\u00bbimage\u00bb parallax_style=\u00bbvcpb-default\u00bb bg_image_new=\u00bbid^1166|url^http:\/\/www.pharmathek.com\/wp-content\/uploads\/2018\/03\/farmacia-specifiche-background.jpg|caption^null|alt^null|title^farmacia-specifiche-background|description^null\u00bb bg_image_repeat=\u00bbno-repeat\u00bb bg_override=\u00bbfull\u00bb][vc_column][vc_empty_space height=\u00bb100px\u00bb]<div id=\"ultimate-heading-89046a09ed86b43b9\" class=\"uvc-heading ult-adjust-bottom-margin ultimate-heading-89046a09ed86b43b9 uvc-472 head-section-title text-white uvc-heading-default-font-sizes\" data-hspacer=\"no_spacer\"  data-halign=\"center\" style=\"text-align:center\"><div class=\"uvc-heading-spacer no_spacer\" style=\"top\"><\/div><div class=\"uvc-main-heading ult-responsive\"  data-ultimate-target='.uvc-heading.ultimate-heading-89046a09ed86b43b9 h2'  data-responsive-json-new='{\"font-size\":\"\",\"line-height\":\"\"}' ><h2 style=\"--font-weight:theme;\">EL PROYECTO<\/h2><\/div><div class=\"uvc-sub-heading ult-responsive\"  data-ultimate-target='.uvc-heading.ultimate-heading-89046a09ed86b43b9 .uvc-sub-heading '  data-responsive-json-new='{\"font-size\":\"\",\"line-height\":\"\"}'  style=\"font-weight:normal;\"><\/p>\n<p>&nbsp;<\/p>\n<p>&nbsp;<\/p>\n<p><\/div><\/div>[vc_empty_space height=\u00bb50px\u00bb][vc_separator color=\u00bbwhite\u00bb][vc_separator color=\u00bbwhite\u00bb][vc_row_inner][vc_column_inner width=\u00bb1\/2&#8243;][vc_column_text el_class=\u00bbprogetto-voci\u00bb]<\/p>\n<p>SOLUCIONES PHARMATHEK<\/p>\n<p>[\/vc_column_text][\/vc_column_inner][vc_column_inner width=\u00bb1\/2&#8243;][vc_column_text el_class=\u00bbprogetto-voci-valori\u00bb]SINTESI + PHARMALOAD + EUCLID3D[\/vc_column_text][\/vc_column_inner][\/vc_row_inner][vc_separator color=\u00bbwhite\u00bb][vc_row_inner][vc_column_inner width=\u00bb1\/2&#8243;][vc_column_text el_class=\u00bbprogetto-voci\u00bb]<\/p>\n<p>DIMENSIONES ROBOT<\/p>\n<p>[\/vc_column_text][\/vc_column_inner][vc_column_inner width=\u00bb1\/2&#8243;][vc_column_text el_class=\u00bbprogetto-voci-valori\u00bb]<\/p>\n<p>L 7.547 x H 2.900 mm<\/p>\n<p>[\/vc_column_text][\/vc_column_inner][\/vc_row_inner][vc_separator color=\u00bbwhite\u00bb][vc_row_inner][vc_column_inner width=\u00bb1\/2&#8243;][vc_column_text el_class=\u00bbprogetto-voci\u00bb]<\/p>\n<p>CAPACIDAD EN CAJAS<\/p>\n<p>[\/vc_column_text][\/vc_column_inner][vc_column_inner width=\u00bb1\/2&#8243;][vc_column_text el_class=\u00bbprogetto-voci-valori\u00bb]19.000[\/vc_column_text][\/vc_column_inner][\/vc_row_inner][vc_separator color=\u00bbwhite\u00bb][vc_row_inner][vc_column_inner width=\u00bb1\/2&#8243;][vc_column_text el_class=\u00bbprogetto-voci\u00bb]<\/p>\n<p>UBICACI\u00d3N ROBOT CON RESPECTO AL MOSTRADOR<\/p>\n<p>[\/vc_column_text][\/vc_column_inner][vc_column_inner width=\u00bb1\/2&#8243;][vc_column_text el_class=\u00bbprogetto-voci-valori\u00bb]<\/p>\n<div><span lang=\"ES\">DETR\u00c1S DEL MOSTRADOR <\/span><\/div>\n<p>[\/vc_column_text][\/vc_column_inner][\/vc_row_inner][vc_separator color=\u00bbwhite\u00bb][vc_row_inner][vc_column_inner width=\u00bb1\/2&#8243;][vc_column_text el_class=\u00bbprogetto-voci\u00bb]<\/p>\n<p>ROTACI\u00d3N DE PRODUCTO<\/p>\n<p>[\/vc_column_text][\/vc_column_inner][vc_column_inner width=\u00bb1\/2&#8243;][vc_column_text el_class=\u00bbprogetto-voci-valori\u00bb]<\/p>\n<p>Entre 500 y 1.000<\/p>\n<p>[\/vc_column_text][\/vc_column_inner][\/vc_row_inner][vc_separator color=\u00bbwhite\u00bb][vc_empty_space height=\u00bb100px\u00bb][\/vc_column][\/vc_row][vc_row full_width=\u00bbstretch_row_content_no_spaces\u00bb][vc_column el_class=\u00bbfull-width-no-padding\u00bb][vc_single_image image=\u00bb7134&#8243; img_size=\u00bbfull\u00bb alignment=\u00bbcenter\u00bb]<style type=\"text\/css\" data-type=\"the7_shortcodes-inline-css\">#default-btn-5faae7e989bdcceeefc0a1c33d45665f.ico-right-side > i {\n  margin-right: 0px;\n  margin-left: 8px;\n}\n#default-btn-5faae7e989bdcceeefc0a1c33d45665f > i {\n  margin-right: 8px;\n}\n<\/style><div class=\"btn-align-center\"><a href=\"https:\/\/www.pharmathek.com\/es\/instalaciones\/\" class=\"default-btn-shortcode dt-btn dt-btn-l link-hover-off weight-300 full-width-btn \" id=\"default-btn-5faae7e989bdcceeefc0a1c33d45665f\"><span>Vuelve al listado de instalaciones<\/span><\/a><\/div>[\/vc_column][\/vc_row]<\/p>\n<\/div>","protected":false},"excerpt":{"rendered":"<p>Rapallo <\/p>\n","protected":false},"author":3,"featured_media":7193,"parent":0,"menu_order":0,"comment_status":"closed","ping_status":"closed","template":"","meta":{"inline_featured_image":false,"footnotes":""},"categories":[27],"tags":[],"class_list":["post-11039","page","type-page","status-publish","has-post-thumbnail","hentry","category-farmacia","description-off"],"_links":{"self":[{"href":"https:\/\/www.pharmathek.com\/es\/wp-json\/wp\/v2\/pages\/11039","targetHints":{"allow":["GET"]}}],"collection":[{"href":"https:\/\/www.pharmathek.com\/es\/wp-json\/wp\/v2\/pages"}],"about":[{"href":"https:\/\/www.pharmathek.com\/es\/wp-json\/wp\/v2\/types\/page"}],"author":[{"embeddable":true,"href":"https:\/\/www.pharmathek.com\/es\/wp-json\/wp\/v2\/users\/3"}],"replies":[{"embeddable":true,"href":"https:\/\/www.pharmathek.com\/es\/wp-json\/wp\/v2\/comments?post=11039"}],"version-history":[{"count":2,"href":"https:\/\/www.pharmathek.com\/es\/wp-json\/wp\/v2\/pages\/11039\/revisions"}],"predecessor-version":[{"id":11066,"href":"https:\/\/www.pharmathek.com\/es\/wp-json\/wp\/v2\/pages\/11039\/revisions\/11066"}],"wp:featuredmedia":[{"embeddable":true,"href":"https:\/\/www.pharmathek.com\/es\/wp-json\/wp\/v2\/media\/7193"}],"wp:attachment":[{"href":"https:\/\/www.pharmathek.com\/es\/wp-json\/wp\/v2\/media?parent=11039"}],"wp:term":[{"taxonomy":"category","embeddable":true,"href":"https:\/\/www.pharmathek.com\/es\/wp-json\/wp\/v2\/categories?post=11039"},{"taxonomy":"post_tag","embeddable":true,"href":"https:\/\/www.pharmathek.com\/es\/wp-json\/wp\/v2\/tags?post=11039"}],"curies":[{"name":"wp","href":"https:\/\/api.w.org\/{rel}","templated":true}]}}