{"id":11040,"date":"2020-03-10T09:30:34","date_gmt":"2020-03-10T08:30:34","guid":{"rendered":"http:\/\/www.pharmathek.com\/farmacia-comunale-travagliato\/"},"modified":"2021-01-04T11:22:50","modified_gmt":"2021-01-04T10:22:50","slug":"farmacia-municipal-de-travagliato","status":"publish","type":"page","link":"https:\/\/www.pharmathek.com\/es\/farmacia-municipal-de-travagliato\/","title":{"rendered":"Farmacia Municipal de Travagliato"},"content":{"rendered":"<div class=\"wpb-content-wrapper\"><p>[vc_row full_width=\u00bbstretch_row_content\u00bb equal_height=\u00bbyes\u00bb content_placement=\u00bbmiddle\u00bb bg_type=\u00bbbg_color\u00bb bg_override=\u00bbfull\u00bb bg_color_value=\u00bb#eeeeef\u00bb][vc_column width=\u00bb1\/2&#8243; css=\u00bb.vc_custom_1523960820222{padding-right: 0px !important;padding-left: 0px !important;}\u00bb offset=\u00bbvc_hidden-md vc_hidden-sm vc_hidden-xs\u00bb][vc_single_image image=\u00bb7242&#8243; img_size=\u00bbfull\u00bb][\/vc_column][vc_column width=\u00bb1\/2&#8243; css=\u00bb.vc_custom_1523961149466{padding-right: 100px !important;padding-left: 100px !important;}\u00bb offset=\u00bbvc_hidden-md vc_hidden-sm vc_hidden-xs\u00bb][vc_empty_space]<div id=\"ultimate-heading-22636a07f971ae517\" class=\"uvc-heading ult-adjust-bottom-margin ultimate-heading-22636a07f971ae517 uvc-8017 head-section-title uvc-heading-default-font-sizes\" data-hspacer=\"no_spacer\"  data-halign=\"center\" style=\"text-align:center\"><div class=\"uvc-heading-spacer no_spacer\" style=\"top\"><\/div><div class=\"uvc-main-heading ult-responsive\"  data-ultimate-target='.uvc-heading.ultimate-heading-22636a07f971ae517 p'  data-responsive-json-new='{\"font-size\":\"\",\"line-height\":\"\"}' ><p style=\"--font-weight:theme;\">FARMACIA MUNICIPAL DE TRAVAGLIATO<\/p><\/div><div class=\"uvc-sub-heading ult-responsive\"  data-ultimate-target='.uvc-heading.ultimate-heading-22636a07f971ae517 .uvc-sub-heading '  data-responsive-json-new='{\"font-size\":\"\",\"line-height\":\"\"}'  style=\"font-weight:normal;\"><\/p>\n<p>&nbsp;<\/p>\n<p>&nbsp;<\/p>\n<p><\/div><\/div>[vc_empty_space][vc_column_text el_class=\u00bbtext-justify\u00bb]<\/p>\n<p>La Farmacia Municipal de Travagliato se interes\u00f3 por la automatizaci\u00f3n cuando, durante la reforma de la farmacia, descubrieron cu\u00e1nto m\u00e1s espacio podr\u00edan haber dedicado a la zona de ventas y casetas de servicio con la instalaci\u00f3n de un almac\u00e9n robotizado.<\/p>\n<p>El robot se ha instalado en el s\u00f3tano de la farmacia y los medicamentos se llevan al mostrador mediante microascensores.<\/p>\n<p>[\/vc_column_text][vc_empty_space][\/vc_column][\/vc_row][vc_row full_width=\u00bbstretch_row_content\u00bb equal_height=\u00bbyes\u00bb content_placement=\u00bbmiddle\u00bb bg_type=\u00bbbg_color\u00bb bg_override=\u00bbfull\u00bb bg_color_value=\u00bb#eeeeef\u00bb][vc_column css=\u00bb.vc_custom_1524126751494{padding-right: 0px !important;padding-left: 0px !important;}\u00bb offset=\u00bbvc_hidden-lg\u00bb el_class=\u00bbfull-width-no-padding\u00bb][vc_single_image image=\u00bb7242&#8243; img_size=\u00bbfull\u00bb][vc_empty_space]<div id=\"ultimate-heading-44806a07f971ae5da\" class=\"uvc-heading ult-adjust-bottom-margin ultimate-heading-44806a07f971ae5da uvc-9352 head-section-title uvc-heading-default-font-sizes\" data-hspacer=\"no_spacer\"  data-halign=\"center\" style=\"text-align:center\"><div class=\"uvc-heading-spacer no_spacer\" style=\"top\"><\/div><div class=\"uvc-main-heading ult-responsive\"  data-ultimate-target='.uvc-heading.ultimate-heading-44806a07f971ae5da p'  data-responsive-json-new='{\"font-size\":\"\",\"line-height\":\"\"}' ><p style=\"--font-weight:theme;\">FARMACIA MUNICIPAL DE TRAVAGLIATO<\/p><\/div><div class=\"uvc-sub-heading ult-responsive\"  data-ultimate-target='.uvc-heading.ultimate-heading-44806a07f971ae5da .uvc-sub-heading '  data-responsive-json-new='{\"font-size\":\"\",\"line-height\":\"\"}'  style=\"font-weight:normal;\"><\/p>\n<p>&nbsp;<\/p>\n<p>&nbsp;<\/p>\n<p><\/div><\/div>[vc_empty_space][vc_column_text el_class=\u00bbtext-justify\u00bb]<\/p>\n<p>La Farmacia Municipal de Travagliato se interes\u00f3 por la automatizaci\u00f3n cuando, durante la reforma de la farmacia, descubrieron cu\u00e1nto m\u00e1s espacio podr\u00edan haber dedicado a la zona de ventas y casetas de servicio con la instalaci\u00f3n de un almac\u00e9n robotizado.<\/p>\n<p>El robot se ha instalado en el s\u00f3tano de la farmacia y los medicamentos se llevan al mostrador mediante microascensores.<\/p>\n<p>[\/vc_column_text][vc_empty_space][\/vc_column][\/vc_row][vc_row][vc_column offset=\u00bbvc_hidden-md vc_hidden-sm vc_hidden-xs\u00bb][vc_empty_space height=\u00bb100px\u00bb][vc_single_image image=\u00bb7237&#8243; img_size=\u00bbfull\u00bb alignment=\u00bbcenter\u00bb][vc_empty_space]<div id=\"ultimate-heading-16806a07f971ae65c\" class=\"uvc-heading ult-adjust-bottom-margin ultimate-heading-16806a07f971ae65c uvc-7397 head-section-title uvc-heading-default-font-sizes\" data-hspacer=\"no_spacer\"  data-halign=\"center\" style=\"text-align:center\"><div class=\"uvc-heading-spacer no_spacer\" style=\"top\"><\/div><div class=\"uvc-main-heading ult-responsive\"  data-ultimate-target='.uvc-heading.ultimate-heading-16806a07f971ae65c p'  data-responsive-json-new='{\"font-size\":\"\",\"line-height\":\"\"}' ><p style=\"--font-weight:theme;\">LA PALABRA AL FARMAC\u00c9UTICO<\/p><\/div><div class=\"uvc-sub-heading ult-responsive\"  data-ultimate-target='.uvc-heading.ultimate-heading-16806a07f971ae65c .uvc-sub-heading '  data-responsive-json-new='{\"font-size\":\"\",\"line-height\":\"\"}'  style=\"font-weight:normal;\"><\/p>\n<p>&nbsp;<\/p>\n<p>&nbsp;<\/p>\n<p><\/div><\/div>[vc_empty_space][vc_column_text el_class=\u00bbtext-justify\u00bb]<\/p>\n<h4>Dra. Boldini, \u00bfqu\u00e9 le llev\u00f3 a interesarse por la automatizaci\u00f3n?<\/h4>\n<p>Inicialmente, pura curiosidad: hab\u00edamos decidido renovar y, durante la fase de dise\u00f1o, el proveedor nos hab\u00eda mostrado la enorme cantidad de espacio que podr\u00edamos haber recuperado si hubi\u00e9ramos instalado un almac\u00e9n robotizado en el nivel inferior de la farmacia. La automatizaci\u00f3n nos abri\u00f3 a las posibilidades de una organizaci\u00f3n de espacios completamente diferente, con muchos m\u00e1s servicios.<\/p>\n<p>Por tanto, podr\u00edamos decir que el primer factor que nos llev\u00f3 a interesarnos por la automatizaci\u00f3n fue la posibilidad de recuperar espacios para dedicarlos al cliente. Luego siguieron las diversas ventajas log\u00edsticas.<\/p>\n<p>&nbsp;<\/p>\n<h4>\u00bfQu\u00e9 le llev\u00f3 a decidir confiar en Pharmathek para la automatizaci\u00f3n de farmacias?<\/h4>\n<p>Despu\u00e9s de evaluar a varios proveedores, decidimos que Pharmathek era la empresa que ofrec\u00eda la mejor soluci\u00f3n de automatizaci\u00f3n. Adem\u00e1s de tener un producto con excelentes caracter\u00edsticas, en cuanto a tecnolog\u00eda, estructura del robot y velocidad, tambi\u00e9n apreciamos el factor de proximidad de la empresa y la asistencia.<\/p>\n<p>&nbsp;<\/p>\n<h4>Adem\u00e1s de la ganancia en cuanto a espacio, \u00bfcu\u00e1les fueron las ventajas m\u00e1s apreciadas de instalar el robot?<\/h4>\n<p>Desde el punto de vista log\u00edstico, las ventajas son realmente muchas. En particular, apreciamos el hecho de que, gracias al cargador autom\u00e1tico, los productos se insertan con total autonom\u00eda dentro del robot, sin ninguna intervenci\u00f3n humana.<\/p>\n<p>Tambi\u00e9n apreciamos la velocidad del robot y su extrema precisi\u00f3n, tanto en la entrega del producto como en el seguimiento de las fechas de caducidad.<\/p>\n<p>Por \u00faltimo, pero no menos importante: ahora dedicamos mucho menos tiempo a gestionar el stock y mucho m\u00e1s a los clientes-pacientes, ofreci\u00e9ndoles consejos y servicios.<\/p>\n<p>&nbsp;<\/p>\n<h4>\u00bfC\u00f3mo ha cambiado el trabajo en la farmacia desde la instalaci\u00f3n del robot?<\/h4>\n<p>El enfoque de trabajo ha cambiado, ahora nunca salimos del mostrador, siempre permanecemos en contacto con el cliente mientras el robot lleva c\u00f3modamente el producto al mostrador. Inicialmente mis colaboradores y yo est\u00e1bamos un poco preocupados por c\u00f3mo llenar el tiempo extra disponible, temiendo que no tuvi\u00e9ramos nada que decir, pero en realidad fue muy natural aprender a gestionar estos segundos adicionales: ofrecemos m\u00e1s consejos al cliente, indicaciones de terapia, proponemos nuevos servicios, etc.<\/p>\n<p>El robot es f\u00e1cil de usar y el servicio de asistencia t\u00e9cnica de Pharmathek es realmente excepcional: siempre son muy \u00fatiles y amables.<\/p>\n<p>[\/vc_column_text][vc_empty_space height=\u00bb100px\u00bb][\/vc_column][\/vc_row][vc_row][vc_column offset=\u00bbvc_hidden-lg\u00bb][vc_empty_space height=\u00bb50px\u00bb][vc_single_image image=\u00bb7237&#8243; img_size=\u00bbfull\u00bb alignment=\u00bbcenter\u00bb][vc_empty_space]<div id=\"ultimate-heading-65046a07f971ae6da\" class=\"uvc-heading ult-adjust-bottom-margin ultimate-heading-65046a07f971ae6da uvc-5173 head-section-title uvc-heading-default-font-sizes\" data-hspacer=\"no_spacer\"  data-halign=\"center\" style=\"text-align:center\"><div class=\"uvc-heading-spacer no_spacer\" style=\"top\"><\/div><div class=\"uvc-main-heading ult-responsive\"  data-ultimate-target='.uvc-heading.ultimate-heading-65046a07f971ae6da p'  data-responsive-json-new='{\"font-size\":\"\",\"line-height\":\"\"}' ><p style=\"--font-weight:theme;\">LA PALABRA AL FARMAC\u00c9UTICO<\/p><\/div><div class=\"uvc-sub-heading ult-responsive\"  data-ultimate-target='.uvc-heading.ultimate-heading-65046a07f971ae6da .uvc-sub-heading '  data-responsive-json-new='{\"font-size\":\"\",\"line-height\":\"\"}'  style=\"font-weight:normal;\"><\/p>\n<p>&nbsp;<\/p>\n<p>&nbsp;<\/p>\n<p><\/div><\/div>[vc_empty_space][vc_column_text el_class=\u00bbtext-justify\u00bb]<\/p>\n<h4>Dra. Boldini, \u00bfqu\u00e9 le llev\u00f3 a interesarse por la automatizaci\u00f3n?<\/h4>\n<p>Inicialmente, pura curiosidad: hab\u00edamos decidido renovar y, durante la fase de dise\u00f1o, el proveedor nos hab\u00eda mostrado la enorme cantidad de espacio que podr\u00edamos haber recuperado si hubi\u00e9ramos instalado un almac\u00e9n robotizado en el nivel inferior de la farmacia. La automatizaci\u00f3n nos abri\u00f3 a las posibilidades de una organizaci\u00f3n de espacios completamente diferente, con muchos m\u00e1s servicios.<\/p>\n<p>Por tanto, podr\u00edamos decir que el primer factor que nos llev\u00f3 a interesarnos por la automatizaci\u00f3n fue la posibilidad de recuperar espacios para dedicarlos al cliente. Luego siguieron las diversas ventajas log\u00edsticas.<\/p>\n<p>&nbsp;<\/p>\n<h4>\u00bfQu\u00e9 le llev\u00f3 a decidir confiar en Pharmathek para la automatizaci\u00f3n de farmacias?<\/h4>\n<p>Despu\u00e9s de evaluar a varios proveedores, decidimos que Pharmathek era la empresa que ofrec\u00eda la mejor soluci\u00f3n de automatizaci\u00f3n. Adem\u00e1s de tener un producto con excelentes caracter\u00edsticas, en cuanto a tecnolog\u00eda, estructura del robot y velocidad, tambi\u00e9n apreciamos el factor de proximidad de la empresa y la asistencia.<\/p>\n<p>&nbsp;<\/p>\n<h4>Adem\u00e1s de la ganancia en cuanto a espacio, \u00bfcu\u00e1les fueron las ventajas m\u00e1s apreciadas de instalar el robot?<\/h4>\n<p>Desde el punto de vista log\u00edstico, las ventajas son realmente muchas. En particular, apreciamos el hecho de que, gracias al cargador autom\u00e1tico, los productos se insertan con total autonom\u00eda dentro del robot, sin ninguna intervenci\u00f3n humana.<\/p>\n<p>Tambi\u00e9n apreciamos la velocidad del robot y su extrema precisi\u00f3n, tanto en la entrega del producto como en el seguimiento de las fechas de caducidad.<\/p>\n<p>Por \u00faltimo, pero no menos importante: ahora dedicamos mucho menos tiempo a gestionar el stock y mucho m\u00e1s a los clientes-pacientes, ofreci\u00e9ndoles consejos y servicios.<\/p>\n<p>&nbsp;<\/p>\n<h4>\u00bfC\u00f3mo ha cambiado el trabajo en la farmacia desde la instalaci\u00f3n del robot?<\/h4>\n<p>El enfoque de trabajo ha cambiado, ahora nunca salimos del mostrador, siempre permanecemos en contacto con el cliente mientras el robot lleva c\u00f3modamente el producto al mostrador. Inicialmente mis colaboradores y yo est\u00e1bamos un poco preocupados por c\u00f3mo llenar el tiempo extra disponible, temiendo que no tuvi\u00e9ramos nada que decir, pero en realidad fue muy natural aprender a gestionar estos segundos adicionales: ofrecemos m\u00e1s consejos al cliente, indicaciones de terapia, proponemos nuevos servicios, etc.<\/p>\n<p>El robot es f\u00e1cil de usar y el servicio de asistencia t\u00e9cnica de Pharmathek es realmente excepcional: siempre son muy \u00fatiles y amables.<\/p>\n<p><strong>\u00a0<\/strong><\/p>\n<p>[\/vc_column_text][vc_empty_space height=\u00bb50px\u00bb][\/vc_column][\/vc_row][vc_row full_width=\u00bbstretch_row\u00bb bg_type=\u00bbbg_color\u00bb bg_override=\u00bbfull\u00bb bg_color_value=\u00bb#eeeeef\u00bb][vc_column offset=\u00bbvc_hidden-md vc_hidden-sm vc_hidden-xs\u00bb][vc_empty_space height=\u00bb100px\u00bb]<div id=\"ultimate-heading-96746a07f971ae756\" class=\"uvc-heading ult-adjust-bottom-margin ultimate-heading-96746a07f971ae756 uvc-5934 head-section-title uvc-heading-default-font-sizes\" data-hspacer=\"no_spacer\"  data-halign=\"center\" style=\"text-align:center\"><div class=\"uvc-heading-spacer no_spacer\" style=\"top\"><\/div><div class=\"uvc-main-heading ult-responsive\"  data-ultimate-target='.uvc-heading.ultimate-heading-96746a07f971ae756 h2'  data-responsive-json-new='{\"font-size\":\"\",\"line-height\":\"\"}' ><h2 style=\"--font-weight:theme;\">GALER\u00cdA<\/h2><\/div><div class=\"uvc-sub-heading ult-responsive\"  data-ultimate-target='.uvc-heading.ultimate-heading-96746a07f971ae756 .uvc-sub-heading '  data-responsive-json-new='{\"font-size\":\"\",\"line-height\":\"\"}'  style=\"font-weight:normal;\"><\/p>\n<p>&nbsp;<\/p>\n<p>&nbsp;<\/p>\n<p><\/div><\/div>[vc_empty_space height=\u00bb50px\u00bb][vc_masonry_media_grid element_width=\u00bb3&#8243; gap=\u00bb10&#8243; grid_id=\u00bbvc_gid:1609748887141-1a55fbce-8663-4&#8243; include=\u00bb7217,7222,7227,7232&#8243;][vc_empty_space height=\u00bb100px\u00bb][\/vc_column][\/vc_row][vc_row full_width=\u00bbstretch_row\u00bb bg_type=\u00bbbg_color\u00bb bg_override=\u00bbfull\u00bb bg_color_value=\u00bb#eeeeef\u00bb][vc_column offset=\u00bbvc_hidden-lg\u00bb][vc_empty_space height=\u00bb50px\u00bb]<div id=\"ultimate-heading-90406a07f971ae7ce\" class=\"uvc-heading ult-adjust-bottom-margin ultimate-heading-90406a07f971ae7ce uvc-6008 head-section-title uvc-heading-default-font-sizes\" data-hspacer=\"no_spacer\"  data-halign=\"center\" style=\"text-align:center\"><div class=\"uvc-heading-spacer no_spacer\" style=\"top\"><\/div><div class=\"uvc-main-heading ult-responsive\"  data-ultimate-target='.uvc-heading.ultimate-heading-90406a07f971ae7ce h2'  data-responsive-json-new='{\"font-size\":\"\",\"line-height\":\"\"}' ><h2 style=\"--font-weight:theme;\">GALER\u00cdA<\/h2><\/div><div class=\"uvc-sub-heading ult-responsive\"  data-ultimate-target='.uvc-heading.ultimate-heading-90406a07f971ae7ce .uvc-sub-heading '  data-responsive-json-new='{\"font-size\":\"\",\"line-height\":\"\"}'  style=\"font-weight:normal;\"><\/p>\n<p>&nbsp;<\/p>\n<p>&nbsp;<\/p>\n<p><\/div><\/div>[vc_empty_space height=\u00bb50px\u00bb][vc_masonry_media_grid element_width=\u00bb3&#8243; gap=\u00bb10&#8243; grid_id=\u00bbvc_gid:1609748887149-ccb820c5-742c-6&#8243; include=\u00bb7217,7222,7227,7232&#8243;][vc_empty_space height=\u00bb50px\u00bb][\/vc_column][\/vc_row][vc_row full_width=\u00bbstretch_row\u00bb bg_type=\u00bbimage\u00bb parallax_style=\u00bbvcpb-default\u00bb bg_image_new=\u00bbid^1166|url^http:\/\/www.pharmathek.com\/wp-content\/uploads\/2018\/03\/farmacia-specifiche-background.jpg|caption^null|alt^null|title^farmacia-specifiche-background|description^null\u00bb bg_image_repeat=\u00bbno-repeat\u00bb bg_override=\u00bbfull\u00bb][vc_column][vc_empty_space height=\u00bb100px\u00bb]<div id=\"ultimate-heading-93196a07f971ae843\" class=\"uvc-heading ult-adjust-bottom-margin ultimate-heading-93196a07f971ae843 uvc-9040 head-section-title text-white uvc-heading-default-font-sizes\" data-hspacer=\"no_spacer\"  data-halign=\"center\" style=\"text-align:center\"><div class=\"uvc-heading-spacer no_spacer\" style=\"top\"><\/div><div class=\"uvc-main-heading ult-responsive\"  data-ultimate-target='.uvc-heading.ultimate-heading-93196a07f971ae843 h2'  data-responsive-json-new='{\"font-size\":\"\",\"line-height\":\"\"}' ><h2 style=\"--font-weight:theme;\">EL PROYECTO<\/h2><\/div><div class=\"uvc-sub-heading ult-responsive\"  data-ultimate-target='.uvc-heading.ultimate-heading-93196a07f971ae843 .uvc-sub-heading '  data-responsive-json-new='{\"font-size\":\"\",\"line-height\":\"\"}'  style=\"font-weight:normal;\"><\/p>\n<p>&nbsp;<\/p>\n<p>&nbsp;<\/p>\n<p><\/div><\/div>[vc_empty_space height=\u00bb50px\u00bb][vc_separator color=\u00bbwhite\u00bb][vc_separator color=\u00bbwhite\u00bb][vc_row_inner][vc_column_inner width=\u00bb1\/2&#8243;][vc_column_text el_class=\u00bbprogetto-voci\u00bb]<\/p>\n<p>SOLUCIONES PHARMATHEK<\/p>\n<p>[\/vc_column_text][\/vc_column_inner][vc_column_inner width=\u00bb1\/2&#8243;][vc_column_text el_class=\u00bbprogetto-voci-valori\u00bb]SINTESI + PHARMALOAD + EUCLID3D[\/vc_column_text][\/vc_column_inner][\/vc_row_inner][vc_separator color=\u00bbwhite\u00bb][vc_row_inner][vc_column_inner width=\u00bb1\/2&#8243;][vc_column_text el_class=\u00bbprogetto-voci\u00bb]<\/p>\n<p>DIMENSIONES ROBOT<\/p>\n<p>[\/vc_column_text][\/vc_column_inner][vc_column_inner width=\u00bb1\/2&#8243;][vc_column_text el_class=\u00bbprogetto-voci-valori\u00bb]<\/p>\n<p>L\u00a07.047 x H 2.400 mm<\/p>\n<p>[\/vc_column_text][\/vc_column_inner][\/vc_row_inner][vc_separator color=\u00bbwhite\u00bb][vc_row_inner][vc_column_inner width=\u00bb1\/2&#8243;][vc_column_text el_class=\u00bbprogetto-voci\u00bb]<\/p>\n<p>CAPACIDAD EN CAJAS<\/p>\n<p>[\/vc_column_text][\/vc_column_inner][vc_column_inner width=\u00bb1\/2&#8243;][vc_column_text el_class=\u00bbprogetto-voci-valori\u00bb]13.500[\/vc_column_text][\/vc_column_inner][\/vc_row_inner][vc_separator color=\u00bbwhite\u00bb][vc_row_inner][vc_column_inner width=\u00bb1\/2&#8243;][vc_column_text el_class=\u00bbprogetto-voci\u00bb]<\/p>\n<p>UBICACI\u00d3N ROBOT CON RESPECTO AL MOSTRADOR<\/p>\n<p>[\/vc_column_text][\/vc_column_inner][vc_column_inner width=\u00bb1\/2&#8243;][vc_column_text el_class=\u00bbprogetto-voci-valori\u00bb]<\/p>\n<p>S\u00d3TANO<\/p>\n<p>[\/vc_column_text][\/vc_column_inner][\/vc_row_inner][vc_separator color=\u00bbwhite\u00bb][vc_row_inner][vc_column_inner width=\u00bb1\/2&#8243;][vc_column_text el_class=\u00bbprogetto-voci\u00bb]<\/p>\n<p>ROTACI\u00d3N DE PRODUCTO<\/p>\n<p>[\/vc_column_text][\/vc_column_inner][vc_column_inner width=\u00bb1\/2&#8243;][vc_column_text el_class=\u00bbprogetto-voci-valori\u00bb]<\/p>\n<p>Entre 500 y 1.000<\/p>\n<p>[\/vc_column_text][\/vc_column_inner][\/vc_row_inner][vc_separator color=\u00bbwhite\u00bb][vc_empty_space height=\u00bb100px\u00bb][\/vc_column][\/vc_row][vc_row full_width=\u00bbstretch_row_content_no_spaces\u00bb][vc_column el_class=\u00bbfull-width-no-padding\u00bb][vc_single_image image=\u00bb7212&#8243; img_size=\u00bbfull\u00bb alignment=\u00bbcenter\u00bb]<style type=\"text\/css\" data-type=\"the7_shortcodes-inline-css\">#default-btn-5faae7e989bdcceeefc0a1c33d45665f.ico-right-side > i {\n  margin-right: 0px;\n  margin-left: 8px;\n}\n#default-btn-5faae7e989bdcceeefc0a1c33d45665f > i {\n  margin-right: 8px;\n}\n<\/style><div class=\"btn-align-center\"><a href=\"https:\/\/www.pharmathek.com\/es\/instalaciones\/\" class=\"default-btn-shortcode dt-btn dt-btn-l link-hover-off weight-300 full-width-btn \" id=\"default-btn-5faae7e989bdcceeefc0a1c33d45665f\"><span>Vuelve al listado de instalaciones<\/span><\/a><\/div>[\/vc_column][\/vc_row]<\/p>\n<\/div>","protected":false},"excerpt":{"rendered":"<p>Travagliato<\/p>\n","protected":false},"author":3,"featured_media":7206,"parent":0,"menu_order":0,"comment_status":"closed","ping_status":"closed","template":"","meta":{"inline_featured_image":false,"footnotes":""},"categories":[27],"tags":[],"class_list":["post-11040","page","type-page","status-publish","has-post-thumbnail","hentry","category-farmacia","description-off"],"_links":{"self":[{"href":"https:\/\/www.pharmathek.com\/es\/wp-json\/wp\/v2\/pages\/11040","targetHints":{"allow":["GET"]}}],"collection":[{"href":"https:\/\/www.pharmathek.com\/es\/wp-json\/wp\/v2\/pages"}],"about":[{"href":"https:\/\/www.pharmathek.com\/es\/wp-json\/wp\/v2\/types\/page"}],"author":[{"embeddable":true,"href":"https:\/\/www.pharmathek.com\/es\/wp-json\/wp\/v2\/users\/3"}],"replies":[{"embeddable":true,"href":"https:\/\/www.pharmathek.com\/es\/wp-json\/wp\/v2\/comments?post=11040"}],"version-history":[{"count":3,"href":"https:\/\/www.pharmathek.com\/es\/wp-json\/wp\/v2\/pages\/11040\/revisions"}],"predecessor-version":[{"id":11201,"href":"https:\/\/www.pharmathek.com\/es\/wp-json\/wp\/v2\/pages\/11040\/revisions\/11201"}],"wp:featuredmedia":[{"embeddable":true,"href":"https:\/\/www.pharmathek.com\/es\/wp-json\/wp\/v2\/media\/7206"}],"wp:attachment":[{"href":"https:\/\/www.pharmathek.com\/es\/wp-json\/wp\/v2\/media?parent=11040"}],"wp:term":[{"taxonomy":"category","embeddable":true,"href":"https:\/\/www.pharmathek.com\/es\/wp-json\/wp\/v2\/categories?post=11040"},{"taxonomy":"post_tag","embeddable":true,"href":"https:\/\/www.pharmathek.com\/es\/wp-json\/wp\/v2\/tags?post=11040"}],"curies":[{"name":"wp","href":"https:\/\/api.w.org\/{rel}","templated":true}]}}