{"id":11044,"date":"2019-12-16T15:34:59","date_gmt":"2019-12-16T14:34:59","guid":{"rendered":"http:\/\/www.pharmathek.com\/farmacia-san-martino-forli\/"},"modified":"2021-01-04T11:25:49","modified_gmt":"2021-01-04T10:25:49","slug":"farmacia-san-martino-forli","status":"publish","type":"page","link":"https:\/\/www.pharmathek.com\/es\/farmacia-san-martino-forli\/","title":{"rendered":"Farmacia San Martino"},"content":{"rendered":"<div class=\"wpb-content-wrapper\"><p>[vc_row full_width=\u00bbstretch_row_content\u00bb equal_height=\u00bbyes\u00bb content_placement=\u00bbmiddle\u00bb bg_type=\u00bbbg_color\u00bb bg_override=\u00bbfull\u00bb bg_color_value=\u00bb#eeeeef\u00bb][vc_column width=\u00bb1\/2&#8243; css=\u00bb.vc_custom_1523960820222{padding-right: 0px !important;padding-left: 0px !important;}\u00bb offset=\u00bbvc_hidden-md vc_hidden-sm vc_hidden-xs\u00bb][vc_single_image image=\u00bb6716&#8243; img_size=\u00bbfull\u00bb][\/vc_column][vc_column width=\u00bb1\/2&#8243; css=\u00bb.vc_custom_1523961149466{padding-right: 100px !important;padding-left: 100px !important;}\u00bb offset=\u00bbvc_hidden-md vc_hidden-sm vc_hidden-xs\u00bb][vc_empty_space]<div id=\"ultimate-heading-974469f61fb955c4f\" class=\"uvc-heading ult-adjust-bottom-margin ultimate-heading-974469f61fb955c4f uvc-1523 head-section-title uvc-heading-default-font-sizes\" data-hspacer=\"no_spacer\"  data-halign=\"center\" style=\"text-align:center\"><div class=\"uvc-heading-spacer no_spacer\" style=\"top\"><\/div><div class=\"uvc-main-heading ult-responsive\"  data-ultimate-target='.uvc-heading.ultimate-heading-974469f61fb955c4f p'  data-responsive-json-new='{\"font-size\":\"\",\"line-height\":\"\"}' ><p style=\"--font-weight:theme;\">FARMACIA SAN MARTINO<\/p><\/div><\/div>[vc_empty_space][vc_column_text el_class=\u00bbtext-justify\u00bb]<\/p>\n<p>En la Farmacia San Martino di Forl\u00ec del Dr. Se instal\u00f3 Genesi, un almac\u00e9n automatizado Sintesi, con patente exclusiva Euclid3D, el \u00fanico brazo mec\u00e1nico del mercado con almacenamiento temporal de Pharmathek.<\/p>\n<p>El almac\u00e9n automatizado, junto con el cargador autom\u00e1tico Pharmaload, se colocan detr\u00e1s del mostrador de recetas. Desde el mostrador, de hecho, es posible ver las salidas de los productos.<\/p>\n<p>[\/vc_column_text][vc_empty_space][\/vc_column][\/vc_row][vc_row full_width=\u00bbstretch_row_content\u00bb equal_height=\u00bbyes\u00bb content_placement=\u00bbmiddle\u00bb bg_type=\u00bbbg_color\u00bb bg_override=\u00bbfull\u00bb bg_color_value=\u00bb#eeeeef\u00bb][vc_column css=\u00bb.vc_custom_1524126751494{padding-right: 0px !important;padding-left: 0px !important;}\u00bb offset=\u00bbvc_hidden-lg\u00bb el_class=\u00bbfull-width-no-padding\u00bb][vc_single_image image=\u00bb6716&#8243; img_size=\u00bbfull\u00bb][vc_empty_space]<div id=\"ultimate-heading-5769f61fb955cf8\" class=\"uvc-heading ult-adjust-bottom-margin ultimate-heading-5769f61fb955cf8 uvc-3974 head-section-title uvc-heading-default-font-sizes\" data-hspacer=\"no_spacer\"  data-halign=\"center\" style=\"text-align:center\"><div class=\"uvc-heading-spacer no_spacer\" style=\"top\"><\/div><div class=\"uvc-main-heading ult-responsive\"  data-ultimate-target='.uvc-heading.ultimate-heading-5769f61fb955cf8 p'  data-responsive-json-new='{\"font-size\":\"\",\"line-height\":\"\"}' ><p style=\"--font-weight:theme;\">FARMACIA SAN MARTINO<\/p><\/div><\/div>[vc_empty_space][vc_column_text el_class=\u00bbtext-justify\u00bb]<\/p>\n<p>En la Farmacia San Martino di Forl\u00ec del Dr. Se instal\u00f3 Genesi, un almac\u00e9n automatizado Sintesi, con patente exclusiva Euclid3D, el \u00fanico brazo mec\u00e1nico del mercado con almacenamiento temporal de Pharmathek.<\/p>\n<p>El almac\u00e9n automatizado, junto con el cargador autom\u00e1tico Pharmaload, se colocan detr\u00e1s del mostrador de recetas. Desde el mostrador, de hecho, es posible ver las salidas de los productos.<\/p>\n<p>[\/vc_column_text][vc_empty_space][\/vc_column][\/vc_row][vc_row][vc_column offset=\u00bbvc_hidden-md vc_hidden-sm vc_hidden-xs\u00bb][vc_empty_space height=\u00bb100px\u00bb][vc_single_image image=\u00bb6695&#8243; img_size=\u00bbfull\u00bb alignment=\u00bbcenter\u00bb][vc_empty_space]<div id=\"ultimate-heading-454469f61fb955d87\" class=\"uvc-heading ult-adjust-bottom-margin ultimate-heading-454469f61fb955d87 uvc-5173 head-section-title uvc-heading-default-font-sizes\" data-hspacer=\"no_spacer\"  data-halign=\"center\" style=\"text-align:center\"><div class=\"uvc-heading-spacer no_spacer\" style=\"top\"><\/div><div class=\"uvc-main-heading ult-responsive\"  data-ultimate-target='.uvc-heading.ultimate-heading-454469f61fb955d87 p'  data-responsive-json-new='{\"font-size\":\"\",\"line-height\":\"\"}' ><p style=\"--font-weight:theme;\">LA PALABRA AL FARMAC\u00c9UTICO<\/p><\/div><div class=\"uvc-sub-heading ult-responsive\"  data-ultimate-target='.uvc-heading.ultimate-heading-454469f61fb955d87 .uvc-sub-heading '  data-responsive-json-new='{\"font-size\":\"\",\"line-height\":\"\"}'  style=\"font-weight:normal;\"><\/p>\n<p>&nbsp;<\/p>\n<p>&nbsp;<\/p>\n<p><\/div><\/div>[vc_empty_space][vc_column_text el_class=\u00bbtext-justify\u00bb]<\/p>\n<h4>Dr. Genesi, \u00bfqu\u00e9 le llev\u00f3 a querer automatizar su farmacia?<\/h4>\n<p>Hemos decidido automatizar la farmacia para estar al d\u00eda, con miras al futuro. Esto se debe a que contamos con una plantilla compuesta \u00edntegramente por farmac\u00e9uticos y, como no existe por tanto una figura dedicada a la gesti\u00f3n del almac\u00e9n, con la instalaci\u00f3n de un almac\u00e9n robotizado hemos podido reducir significativamente el tiempo dedicado a la gesti\u00f3n del stock. Puedo decir que fue una muy buena elecci\u00f3n.<\/p>\n<p>&nbsp;<\/p>\n<h4>\u00bfPor qu\u00e9 decidi\u00f3 confiar en Pharmathek para la automatizaci\u00f3n de su farmacia?<\/h4>\n<p>Decidimos confiar en Pharmathek porque el robot es extremadamente r\u00e1pido y de rendimiento, y tiene un software de administraci\u00f3n que es realmente simple de usar.<\/p>\n<p>Pero lo que m\u00e1s me llam\u00f3 la atenci\u00f3n fue sin duda la patente exclusiva \u00abEuclid3D\u00bb, el \u00fanico brazo mec\u00e1nico del mercado que, incluso en la configuraci\u00f3n de un solo manipulador, tiene un rendimiento notable ya que permite entregar numerosos productos en un solo viaje.<\/p>\n<p>&nbsp;<\/p>\n<h4>\u00bfCu\u00e1les son las principales ventajas que ha encontrado desde el punto de vista log\u00edstico? \u00bfY desde el punto de vista del trabajo?<\/h4>\n<p>A nivel log\u00edstico, encontramos un aumento en el control y la eficiencia tanto en stocks como en las fechas de caducidad. Al mismo tiempo, hemos reducido significativamente el tiempo dedicado a la gesti\u00f3n del almac\u00e9n.<\/p>\n<p>La automatizaci\u00f3n me ha permitido a m\u00ed y a mis colaboradores tener m\u00e1s tiempo para dedicarlo al mostrador para asesorar al cliente. Esto obviamente tuvo implicaciones excelentes para el trabajo en farmacia, tanto desde el punto de vista profesional, ya que podemos dedicarnos por completo a escuchar y asesorar al cliente, como comercial, ya que tenemos m\u00e1s tiempo para proponer servicios adicionales y dar a conocer las iniciativas de la farmacia.<\/p>\n<p>&nbsp;<\/p>\n<h4>\u00bfC\u00f3mo recibieron los clientes la novedad de la automatizaci\u00f3n?<\/h4>\n<p>Los clientes han reaccionado de forma muy positiva, demostrando que valoran mucho el tiempo extra que pasamos con ellos en el mostrador, aconsej\u00e1ndoles sobre productos y tratamientos.<\/p>\n<p>&nbsp;<\/p>\n<h4>\u00bfRecomendar\u00eda Pharmathek a sus colegas? Si es as\u00ed, \u00bfpor qu\u00e9?<\/h4>\n<p>Definitivamente recomiendo la automatizaci\u00f3n de Pharmathek: hablando con algunos colegas farmac\u00e9uticos, a veces no est\u00e1n seguros de las ventajas que ofrece la robotizaci\u00f3n porque estos sistemas sofisticados dan miedo, se perciben como demasiado complicados. En cambio, una vez que los pruebas, inmediatamente comprendes lo simples que son de administrar.<\/p>\n<p>[\/vc_column_text][vc_empty_space height=\u00bb100px\u00bb][\/vc_column][\/vc_row][vc_row][vc_column offset=\u00bbvc_hidden-lg\u00bb][vc_empty_space height=\u00bb50px\u00bb][vc_single_image image=\u00bb6695&#8243; img_size=\u00bbfull\u00bb alignment=\u00bbcenter\u00bb][vc_empty_space]<div id=\"ultimate-heading-928369f61fb955e07\" class=\"uvc-heading ult-adjust-bottom-margin ultimate-heading-928369f61fb955e07 uvc-9978 head-section-title uvc-heading-default-font-sizes\" data-hspacer=\"no_spacer\"  data-halign=\"center\" style=\"text-align:center\"><div class=\"uvc-heading-spacer no_spacer\" style=\"top\"><\/div><div class=\"uvc-main-heading ult-responsive\"  data-ultimate-target='.uvc-heading.ultimate-heading-928369f61fb955e07 p'  data-responsive-json-new='{\"font-size\":\"\",\"line-height\":\"\"}' ><p style=\"--font-weight:theme;\">LA PALABRA AL FARMAC\u00c9UTICO<\/p><\/div><div class=\"uvc-sub-heading ult-responsive\"  data-ultimate-target='.uvc-heading.ultimate-heading-928369f61fb955e07 .uvc-sub-heading '  data-responsive-json-new='{\"font-size\":\"\",\"line-height\":\"\"}'  style=\"font-weight:normal;\"><\/p>\n<p>&nbsp;<\/p>\n<p>&nbsp;<\/p>\n<p><\/div><\/div>[vc_empty_space][vc_column_text el_class=\u00bbtext-justify\u00bb]<\/p>\n<h4>Dr. Genesi, \u00bfqu\u00e9 le llev\u00f3 a querer automatizar su farmacia?<\/h4>\n<p>Hemos decidido automatizar la farmacia para estar al d\u00eda, con miras al futuro. Esto se debe a que contamos con una plantilla compuesta \u00edntegramente por farmac\u00e9uticos y, como no existe por tanto una figura dedicada a la gesti\u00f3n del almac\u00e9n, con la instalaci\u00f3n de un almac\u00e9n robotizado hemos podido reducir significativamente el tiempo dedicado a la gesti\u00f3n del stock. Puedo decir que fue una muy buena elecci\u00f3n.<\/p>\n<p>&nbsp;<\/p>\n<h4>\u00bfPor qu\u00e9 decidi\u00f3 confiar en Pharmathek para la automatizaci\u00f3n de su farmacia?<\/h4>\n<p>Decidimos confiar en Pharmathek porque el robot es extremadamente r\u00e1pido y de rendimiento, y tiene un software de administraci\u00f3n que es realmente simple de usar.<\/p>\n<p>Pero lo que m\u00e1s me llam\u00f3 la atenci\u00f3n fue sin duda la patente exclusiva \u00abEuclid3D\u00bb, el \u00fanico brazo mec\u00e1nico del mercado que, incluso en la configuraci\u00f3n de un solo manipulador, tiene un rendimiento notable ya que permite entregar numerosos productos en un solo viaje.<\/p>\n<p>&nbsp;<\/p>\n<h4>\u00bfCu\u00e1les son las principales ventajas que ha encontrado desde el punto de vista log\u00edstico? \u00bfY desde el punto de vista del trabajo?<\/h4>\n<p>A nivel log\u00edstico, encontramos un aumento en el control y la eficiencia tanto en stocks como en las fechas de caducidad. Al mismo tiempo, hemos reducido significativamente el tiempo dedicado a la gesti\u00f3n del almac\u00e9n.<\/p>\n<p>La automatizaci\u00f3n me ha permitido a m\u00ed y a mis colaboradores tener m\u00e1s tiempo para dedicarlo al mostrador para asesorar al cliente. Esto obviamente tuvo implicaciones excelentes para el trabajo en farmacia, tanto desde el punto de vista profesional, ya que podemos dedicarnos por completo a escuchar y asesorar al cliente, como comercial, ya que tenemos m\u00e1s tiempo para proponer servicios adicionales y dar a conocer las iniciativas de la farmacia.<\/p>\n<p>&nbsp;<\/p>\n<h4>\u00bfC\u00f3mo recibieron los clientes la novedad de la automatizaci\u00f3n?<\/h4>\n<p>Los clientes han reaccionado de forma muy positiva, demostrando que valoran mucho el tiempo extra que pasamos con ellos en el mostrador, aconsej\u00e1ndoles sobre productos y tratamientos.<\/p>\n<p>&nbsp;<\/p>\n<h4>\u00bfRecomendar\u00eda Pharmathek a sus colegas? Si es as\u00ed, \u00bfpor qu\u00e9?<\/h4>\n<p>Definitivamente recomiendo la automatizaci\u00f3n de Pharmathek: hablando con algunos colegas farmac\u00e9uticos, a veces no est\u00e1n seguros de las ventajas que ofrece la robotizaci\u00f3n porque estos sistemas sofisticados dan miedo, se perciben como demasiado complicados. En cambio, una vez que los pruebas, inmediatamente comprendes lo simples que son de administrar.<\/p>\n<p>[\/vc_column_text][vc_empty_space height=\u00bb50px\u00bb][\/vc_column][\/vc_row][vc_row full_width=\u00bbstretch_row\u00bb bg_type=\u00bbbg_color\u00bb bg_override=\u00bbfull\u00bb bg_color_value=\u00bb#eeeeef\u00bb][vc_column offset=\u00bbvc_hidden-md vc_hidden-sm vc_hidden-xs\u00bb][vc_empty_space height=\u00bb100px\u00bb]<div id=\"ultimate-heading-920469f61fb955e95\" class=\"uvc-heading ult-adjust-bottom-margin ultimate-heading-920469f61fb955e95 uvc-1371 head-section-title uvc-heading-default-font-sizes\" data-hspacer=\"no_spacer\"  data-halign=\"center\" style=\"text-align:center\"><div class=\"uvc-heading-spacer no_spacer\" style=\"top\"><\/div><div class=\"uvc-main-heading ult-responsive\"  data-ultimate-target='.uvc-heading.ultimate-heading-920469f61fb955e95 h2'  data-responsive-json-new='{\"font-size\":\"\",\"line-height\":\"\"}' ><h2 style=\"--font-weight:theme;\">GALER\u00cdA<\/h2><\/div><div class=\"uvc-sub-heading ult-responsive\"  data-ultimate-target='.uvc-heading.ultimate-heading-920469f61fb955e95 .uvc-sub-heading '  data-responsive-json-new='{\"font-size\":\"\",\"line-height\":\"\"}'  style=\"font-weight:normal;\"><\/p>\n<p>&nbsp;<\/p>\n<p>&nbsp;<\/p>\n<p><\/div><\/div>[vc_empty_space height=\u00bb50px\u00bb][vc_masonry_media_grid element_width=\u00bb3&#8243; gap=\u00bb10&#8243; grid_id=\u00bbvc_gid:1609420135341-210cafdd-3975-4&#8243; include=\u00bb6690,6680,6685,6675&#8243;][vc_empty_space height=\u00bb100px\u00bb][\/vc_column][\/vc_row][vc_row full_width=\u00bbstretch_row\u00bb bg_type=\u00bbbg_color\u00bb bg_override=\u00bbfull\u00bb bg_color_value=\u00bb#eeeeef\u00bb][vc_column offset=\u00bbvc_hidden-lg\u00bb][vc_empty_space height=\u00bb50px\u00bb]<div id=\"ultimate-heading-666269f61fb955f20\" class=\"uvc-heading ult-adjust-bottom-margin ultimate-heading-666269f61fb955f20 uvc-3481 head-section-title uvc-heading-default-font-sizes\" data-hspacer=\"no_spacer\"  data-halign=\"center\" style=\"text-align:center\"><div class=\"uvc-heading-spacer no_spacer\" style=\"top\"><\/div><div class=\"uvc-main-heading ult-responsive\"  data-ultimate-target='.uvc-heading.ultimate-heading-666269f61fb955f20 h2'  data-responsive-json-new='{\"font-size\":\"\",\"line-height\":\"\"}' ><h2 style=\"--font-weight:theme;\">GALER\u00cdA<\/h2><\/div><div class=\"uvc-sub-heading ult-responsive\"  data-ultimate-target='.uvc-heading.ultimate-heading-666269f61fb955f20 .uvc-sub-heading '  data-responsive-json-new='{\"font-size\":\"\",\"line-height\":\"\"}'  style=\"font-weight:normal;\"><\/p>\n<p>&nbsp;<\/p>\n<p>&nbsp;<\/p>\n<p><\/div><\/div>[vc_empty_space height=\u00bb50px\u00bb][vc_masonry_media_grid element_width=\u00bb3&#8243; gap=\u00bb10&#8243; grid_id=\u00bbvc_gid:1609420135351-d9c2e041-e1ad-1&#8243; include=\u00bb6690,6680,6675,6685&#8243;][vc_empty_space height=\u00bb50px\u00bb][\/vc_column][\/vc_row][vc_row full_width=\u00bbstretch_row\u00bb bg_type=\u00bbimage\u00bb parallax_style=\u00bbvcpb-default\u00bb bg_image_new=\u00bbid^1166|url^http:\/\/www.pharmathek.com\/wp-content\/uploads\/2018\/03\/farmacia-specifiche-background.jpg|caption^null|alt^null|title^farmacia-specifiche-background|description^null\u00bb bg_image_repeat=\u00bbno-repeat\u00bb bg_override=\u00bbfull\u00bb][vc_column][vc_empty_space height=\u00bb100px\u00bb]<div id=\"ultimate-heading-618069f61fb955f96\" class=\"uvc-heading ult-adjust-bottom-margin ultimate-heading-618069f61fb955f96 uvc-486 head-section-title text-white uvc-heading-default-font-sizes\" data-hspacer=\"no_spacer\"  data-halign=\"center\" style=\"text-align:center\"><div class=\"uvc-heading-spacer no_spacer\" style=\"top\"><\/div><div class=\"uvc-main-heading ult-responsive\"  data-ultimate-target='.uvc-heading.ultimate-heading-618069f61fb955f96 h2'  data-responsive-json-new='{\"font-size\":\"\",\"line-height\":\"\"}' ><h2 style=\"--font-weight:theme;\">EL PROYECTO<\/h2><\/div><div class=\"uvc-sub-heading ult-responsive\"  data-ultimate-target='.uvc-heading.ultimate-heading-618069f61fb955f96 .uvc-sub-heading '  data-responsive-json-new='{\"font-size\":\"\",\"line-height\":\"\"}'  style=\"font-weight:normal;\"><\/p>\n<p>&nbsp;<\/p>\n<p>&nbsp;<\/p>\n<p><\/div><\/div>[vc_empty_space height=\u00bb50px\u00bb][vc_separator color=\u00bbwhite\u00bb][vc_separator color=\u00bbwhite\u00bb][vc_row_inner][vc_column_inner width=\u00bb1\/2&#8243;][vc_column_text el_class=\u00bbprogetto-voci\u00bb]<\/p>\n<p>SOLUCIONES PHARMATHEK<\/p>\n<p>[\/vc_column_text][\/vc_column_inner][vc_column_inner width=\u00bb1\/2&#8243;][vc_column_text el_class=\u00bbprogetto-voci-valori\u00bb]SINTESI + PHARMALOAD + EUCLID3D[\/vc_column_text][\/vc_column_inner][\/vc_row_inner][vc_separator color=\u00bbwhite\u00bb][vc_row_inner][vc_column_inner width=\u00bb1\/2&#8243;][vc_column_text el_class=\u00bbprogetto-voci\u00bb]<\/p>\n<p>DIMENSIONES ROBOT<\/p>\n<p>[\/vc_column_text][\/vc_column_inner][vc_column_inner width=\u00bb1\/2&#8243;][vc_column_text el_class=\u00bbprogetto-voci-valori\u00bb]<\/p>\n<p>L 6.047 x H 3.100 mm<\/p>\n<p>[\/vc_column_text][\/vc_column_inner][\/vc_row_inner][vc_separator color=\u00bbwhite\u00bb][vc_row_inner][vc_column_inner width=\u00bb1\/2&#8243;][vc_column_text el_class=\u00bbprogetto-voci\u00bb]<\/p>\n<p>CAPACIDAD EN CAJAS<\/p>\n<p>[\/vc_column_text][\/vc_column_inner][vc_column_inner width=\u00bb1\/2&#8243;][vc_column_text el_class=\u00bbprogetto-voci-valori\u00bb]<\/p>\n<p>15.500<\/p>\n<p>[\/vc_column_text][\/vc_column_inner][\/vc_row_inner][vc_separator color=\u00bbwhite\u00bb][vc_row_inner][vc_column_inner width=\u00bb1\/2&#8243;][vc_column_text el_class=\u00bbprogetto-voci\u00bb]<\/p>\n<p>UBICACI\u00d3N ROBOT CON RESPECTO AL MOSTRADOR<\/p>\n<p>[\/vc_column_text][\/vc_column_inner][vc_column_inner width=\u00bb1\/2&#8243;][vc_column_text el_class=\u00bbprogetto-voci-valori\u00bb]<\/p>\n<div><span lang=\"ES\">DETR\u00c1S DEL MOSTRADOR <\/span><\/div>\n<p>[\/vc_column_text][\/vc_column_inner][\/vc_row_inner][vc_separator color=\u00bbwhite\u00bb][vc_row_inner][vc_column_inner width=\u00bb1\/2&#8243;][vc_column_text el_class=\u00bbprogetto-voci\u00bb]<\/p>\n<p>ROTACI\u00d3N DE PRODUCTO<\/p>\n<p>[\/vc_column_text][\/vc_column_inner][vc_column_inner width=\u00bb1\/2&#8243;][vc_column_text el_class=\u00bbprogetto-voci-valori\u00bb]<\/p>\n<p>Entre 500 y 1.000<\/p>\n<p>[\/vc_column_text][\/vc_column_inner][\/vc_row_inner][vc_separator color=\u00bbwhite\u00bb][vc_empty_space height=\u00bb100px\u00bb][\/vc_column][\/vc_row][vc_row full_width=\u00bbstretch_row_content_no_spaces\u00bb][vc_column el_class=\u00bbfull-width-no-padding\u00bb][vc_single_image image=\u00bb6670&#8243; img_size=\u00bbfull\u00bb alignment=\u00bbcenter\u00bb]<style type=\"text\/css\" data-type=\"the7_shortcodes-inline-css\">#default-btn-5faae7e989bdcceeefc0a1c33d45665f.ico-right-side > i {\n  margin-right: 0px;\n  margin-left: 8px;\n}\n#default-btn-5faae7e989bdcceeefc0a1c33d45665f > i {\n  margin-right: 8px;\n}\n<\/style><div class=\"btn-align-center\"><a href=\"https:\/\/www.pharmathek.com\/es\/instalaciones\/\" class=\"default-btn-shortcode dt-btn dt-btn-l link-hover-off weight-300 full-width-btn \" id=\"default-btn-5faae7e989bdcceeefc0a1c33d45665f\"><span>Vuelve al listado de instalaciones<\/span><\/a><\/div>[\/vc_column][\/vc_row]<\/p>\n<\/div>","protected":false},"excerpt":{"rendered":"<p>Forl\u00ec <\/p>\n","protected":false},"author":3,"featured_media":6669,"parent":0,"menu_order":0,"comment_status":"closed","ping_status":"closed","template":"","meta":{"inline_featured_image":false,"footnotes":""},"categories":[27],"tags":[],"class_list":["post-11044","page","type-page","status-publish","has-post-thumbnail","hentry","category-farmacia","description-off"],"_links":{"self":[{"href":"https:\/\/www.pharmathek.com\/es\/wp-json\/wp\/v2\/pages\/11044","targetHints":{"allow":["GET"]}}],"collection":[{"href":"https:\/\/www.pharmathek.com\/es\/wp-json\/wp\/v2\/pages"}],"about":[{"href":"https:\/\/www.pharmathek.com\/es\/wp-json\/wp\/v2\/types\/page"}],"author":[{"embeddable":true,"href":"https:\/\/www.pharmathek.com\/es\/wp-json\/wp\/v2\/users\/3"}],"replies":[{"embeddable":true,"href":"https:\/\/www.pharmathek.com\/es\/wp-json\/wp\/v2\/comments?post=11044"}],"version-history":[{"count":2,"href":"https:\/\/www.pharmathek.com\/es\/wp-json\/wp\/v2\/pages\/11044\/revisions"}],"predecessor-version":[{"id":11079,"href":"https:\/\/www.pharmathek.com\/es\/wp-json\/wp\/v2\/pages\/11044\/revisions\/11079"}],"wp:featuredmedia":[{"embeddable":true,"href":"https:\/\/www.pharmathek.com\/es\/wp-json\/wp\/v2\/media\/6669"}],"wp:attachment":[{"href":"https:\/\/www.pharmathek.com\/es\/wp-json\/wp\/v2\/media?parent=11044"}],"wp:term":[{"taxonomy":"category","embeddable":true,"href":"https:\/\/www.pharmathek.com\/es\/wp-json\/wp\/v2\/categories?post=11044"},{"taxonomy":"post_tag","embeddable":true,"href":"https:\/\/www.pharmathek.com\/es\/wp-json\/wp\/v2\/tags?post=11044"}],"curies":[{"name":"wp","href":"https:\/\/api.w.org\/{rel}","templated":true}]}}