{"id":11074,"date":"2019-09-24T13:48:39","date_gmt":"2019-09-24T11:48:39","guid":{"rendered":"http:\/\/www.pharmathek.com\/clinica-punta-carretas\/"},"modified":"2021-01-04T11:16:22","modified_gmt":"2021-01-04T10:16:22","slug":"clinica-punta-carretas","status":"publish","type":"page","link":"https:\/\/www.pharmathek.com\/es\/clinica-punta-carretas\/","title":{"rendered":"Clinica Punta Carretas"},"content":{"rendered":"<div class=\"wpb-content-wrapper\"><p>[vc_row full_width=\u00bbstretch_row_content\u00bb equal_height=\u00bbyes\u00bb content_placement=\u00bbmiddle\u00bb bg_type=\u00bbbg_color\u00bb bg_override=\u00bbfull\u00bb bg_color_value=\u00bb#eeeeef\u00bb][vc_column width=\u00bb1\/2&#8243; css=\u00bb.vc_custom_1527495412907{padding-right: 0px !important;padding-left: 0px !important;}\u00bb offset=\u00bbvc_hidden-md vc_hidden-sm vc_hidden-xs\u00bb][vc_single_image image=\u00bb6485&#8243; img_size=\u00bbfull\u00bb][\/vc_column][vc_column width=\u00bb1\/2&#8243; css=\u00bb.vc_custom_1527495434052{padding-right: 100px !important;padding-left: 100px !important;}\u00bb offset=\u00bbvc_hidden-md vc_hidden-sm vc_hidden-xs\u00bb][vc_empty_space]<div id=\"ultimate-heading-680469e33e2b33502\" class=\"uvc-heading ult-adjust-bottom-margin ultimate-heading-680469e33e2b33502 uvc-5942 head-section-title uvc-heading-default-font-sizes\" data-hspacer=\"no_spacer\"  data-halign=\"center\" style=\"text-align:center\"><div class=\"uvc-heading-spacer no_spacer\" style=\"top\"><\/div><div class=\"uvc-main-heading ult-responsive\"  data-ultimate-target='.uvc-heading.ultimate-heading-680469e33e2b33502 p'  data-responsive-json-new='{\"font-size\":\"\",\"line-height\":\"\"}' ><p style=\"--font-weight:theme;\">CLINICA PUNTA CARRETAS<\/p><\/div><div class=\"uvc-sub-heading ult-responsive\"  data-ultimate-target='.uvc-heading.ultimate-heading-680469e33e2b33502 .uvc-sub-heading '  data-responsive-json-new='{\"font-size\":\"\",\"line-height\":\"\"}'  style=\"font-weight:normal;\"><\/p>\n<p>&nbsp;<\/p>\n<p>&nbsp;<\/p>\n<p><\/div><\/div>[vc_empty_space][vc_column_text el_class=\u00bbtext-justify\u00bb]<\/p>\n<p>La Cl\u00ednica Punta Carretas es una cl\u00ednica con farmacia disponible tanto para los pacientes reci\u00e9n dados de alta como para los usuarios del centro comercial donde se ubica.<\/p>\n<p>Ubicada en Montevideo, la capital de Uruguay, esta farmacia es administrada por la Asociaci\u00f3n Espa\u00f1ol y es la primera en el pa\u00eds en equiparse con un almac\u00e9n robotizado.<\/p>\n<p>La robotizaci\u00f3n del stock permite a los operadores disponer de m\u00e1s tiempo para dedicar al asesoramiento del paciente, lo que conduce a una mejora en la adherencia terap\u00e9utica.<\/p>\n<p>[\/vc_column_text][vc_empty_space][\/vc_column][\/vc_row][vc_row full_width=\u00bbstretch_row_content\u00bb equal_height=\u00bbyes\u00bb content_placement=\u00bbmiddle\u00bb bg_type=\u00bbbg_color\u00bb bg_override=\u00bbfull\u00bb bg_color_value=\u00bb#eeeeef\u00bb][vc_column css=\u00bb.vc_custom_1527495377321{padding-right: 0px !important;padding-left: 0px !important;}\u00bb el_class=\u00bbfull-width-no-padding\u00bb offset=\u00bbvc_hidden-lg\u00bb][vc_single_image image=\u00bb6485&#8243; img_size=\u00bbfull\u00bb][vc_empty_space]<div id=\"ultimate-heading-860869e33e2b335b4\" class=\"uvc-heading ult-adjust-bottom-margin ultimate-heading-860869e33e2b335b4 uvc-1767 head-section-title uvc-heading-default-font-sizes\" data-hspacer=\"no_spacer\"  data-halign=\"center\" style=\"text-align:center\"><div class=\"uvc-heading-spacer no_spacer\" style=\"top\"><\/div><div class=\"uvc-main-heading ult-responsive\"  data-ultimate-target='.uvc-heading.ultimate-heading-860869e33e2b335b4 p'  data-responsive-json-new='{\"font-size\":\"\",\"line-height\":\"\"}' ><p style=\"--font-weight:theme;\">CLINICA PUNTA CARRETAS<\/p><\/div><\/div>[vc_empty_space][vc_column_text el_class=\u00bbtext-justify\u00bb]<\/p>\n<p>La Cl\u00ednica Punta Carretas es una cl\u00ednica con farmacia disponible tanto para los pacientes reci\u00e9n dados de alta como para los usuarios del centro comercial donde se ubica.<\/p>\n<p>Ubicada en Montevideo, la capital de Uruguay, esta farmacia es administrada por la Asociaci\u00f3n Espa\u00f1ol y es la primera en el pa\u00eds en equiparse con un almac\u00e9n robotizado.<\/p>\n<p>La robotizaci\u00f3n del stock permite a los operadores disponer de m\u00e1s tiempo para dedicar al asesoramiento del paciente, lo que conduce a una mejora en la adherencia terap\u00e9utica.<\/p>\n<p>[\/vc_column_text][vc_empty_space][\/vc_column][\/vc_row][vc_row full_width=\u00bbstretch_row\u00bb bg_type=\u00bbbg_color\u00bb bg_override=\u00bbfull\u00bb bg_color_value=\u00bb#ff6b00&#8243;][vc_column offset=\u00bbvc_hidden-md vc_hidden-sm vc_hidden-xs\u00bb][vc_empty_space height=\u00bb100px\u00bb]<div id=\"ultimate-heading-109969e33e2b33646\" class=\"uvc-heading ult-adjust-bottom-margin ultimate-heading-109969e33e2b33646 uvc-6558 head-section-title text-white uvc-heading-default-font-sizes\" data-hspacer=\"no_spacer\"  data-halign=\"center\" style=\"text-align:center\"><div class=\"uvc-heading-spacer no_spacer\" style=\"top\"><\/div><div class=\"uvc-main-heading ult-responsive\"  data-ultimate-target='.uvc-heading.ultimate-heading-109969e33e2b33646 h2'  data-responsive-json-new='{\"font-size\":\"\",\"line-height\":\"\"}' ><h2 style=\"--font-weight:theme;\">VIDEO<\/h2><\/div><div class=\"uvc-sub-heading ult-responsive\"  data-ultimate-target='.uvc-heading.ultimate-heading-109969e33e2b33646 .uvc-sub-heading '  data-responsive-json-new='{\"font-size\":\"\",\"line-height\":\"\"}'  style=\"font-weight:normal;\"><\/p>\n<p>&nbsp;<\/p>\n<p>&nbsp;<\/p>\n<p><\/div><\/div>[vc_empty_space height=\u00bb50px\u00bb][vc_video link=\u00bbhttps:\/\/youtu.be\/tWJ9m0pukNA\u00bb align=\u00bbcenter\u00bb][vc_empty_space height=\u00bb50px\u00bb][vc_empty_space height=\u00bb100px\u00bb][\/vc_column][\/vc_row][vc_row full_width=\u00bbstretch_row\u00bb bg_type=\u00bbbg_color\u00bb bg_override=\u00bbfull\u00bb bg_color_value=\u00bb#ff6b00&#8243;][vc_column offset=\u00bbvc_hidden-lg\u00bb][vc_empty_space height=\u00bb50px\u00bb]<div id=\"ultimate-heading-580369e33e2b336bc\" class=\"uvc-heading ult-adjust-bottom-margin ultimate-heading-580369e33e2b336bc uvc-6597 head-section-title text-white uvc-heading-default-font-sizes\" data-hspacer=\"no_spacer\"  data-halign=\"center\" style=\"text-align:center\"><div class=\"uvc-heading-spacer no_spacer\" style=\"top\"><\/div><div class=\"uvc-main-heading ult-responsive\"  data-ultimate-target='.uvc-heading.ultimate-heading-580369e33e2b336bc h2'  data-responsive-json-new='{\"font-size\":\"\",\"line-height\":\"\"}' ><h2 style=\"--font-weight:theme;\">VIDEO<\/h2><\/div><div class=\"uvc-sub-heading ult-responsive\"  data-ultimate-target='.uvc-heading.ultimate-heading-580369e33e2b336bc .uvc-sub-heading '  data-responsive-json-new='{\"font-size\":\"\",\"line-height\":\"\"}'  style=\"font-weight:normal;\"><\/p>\n<p>&nbsp;<\/p>\n<p>&nbsp;<\/p>\n<p><\/div><\/div>[vc_empty_space height=\u00bb50px\u00bb][vc_video link=\u00bbhttps:\/\/youtu.be\/tWJ9m0pukNA\u00bb align=\u00bbcenter\u00bb][vc_empty_space height=\u00bb30px\u00bb][vc_empty_space height=\u00bb50px\u00bb][\/vc_column][\/vc_row][vc_row full_width=\u00bbstretch_row\u00bb bg_type=\u00bbbg_color\u00bb bg_override=\u00bbfull\u00bb bg_color_value=\u00bb#eeeeef\u00bb][vc_column offset=\u00bbvc_hidden-md vc_hidden-sm vc_hidden-xs\u00bb][vc_empty_space height=\u00bb100px\u00bb]<div id=\"ultimate-heading-173469e33e2b3372d\" class=\"uvc-heading ult-adjust-bottom-margin ultimate-heading-173469e33e2b3372d uvc-7307 head-section-title uvc-heading-default-font-sizes\" data-hspacer=\"no_spacer\"  data-halign=\"center\" style=\"text-align:center\"><div class=\"uvc-heading-spacer no_spacer\" style=\"top\"><\/div><div class=\"uvc-main-heading ult-responsive\"  data-ultimate-target='.uvc-heading.ultimate-heading-173469e33e2b3372d h2'  data-responsive-json-new='{\"font-size\":\"\",\"line-height\":\"\"}' ><h2 style=\"--font-weight:theme;\">GALER\u00cdA<\/h2><\/div><div class=\"uvc-sub-heading ult-responsive\"  data-ultimate-target='.uvc-heading.ultimate-heading-173469e33e2b3372d .uvc-sub-heading '  data-responsive-json-new='{\"font-size\":\"\",\"line-height\":\"\"}'  style=\"font-weight:normal;\"><\/p>\n<p>&nbsp;<\/p>\n<p>&nbsp;<\/p>\n<p><\/div><\/div>[vc_empty_space height=\u00bb50px\u00bb][vc_masonry_media_grid element_width=\u00bb3&#8243; gap=\u00bb10&#8243; grid_id=\u00bbvc_gid:1609424539565-0809aaaa-7c88-0&#8243; include=\u00bb6512,6502,6507,6497&#8243;][vc_empty_space height=\u00bb100px\u00bb][\/vc_column][\/vc_row][vc_row full_width=\u00bbstretch_row\u00bb bg_type=\u00bbbg_color\u00bb bg_override=\u00bbfull\u00bb bg_color_value=\u00bb#eeeeef\u00bb][vc_column offset=\u00bbvc_hidden-lg\u00bb][vc_empty_space height=\u00bb50px\u00bb]<div id=\"ultimate-heading-420169e33e2b337aa\" class=\"uvc-heading ult-adjust-bottom-margin ultimate-heading-420169e33e2b337aa uvc-5562 head-section-title uvc-heading-default-font-sizes\" data-hspacer=\"no_spacer\"  data-halign=\"center\" style=\"text-align:center\"><div class=\"uvc-heading-spacer no_spacer\" style=\"top\"><\/div><div class=\"uvc-main-heading ult-responsive\"  data-ultimate-target='.uvc-heading.ultimate-heading-420169e33e2b337aa h2'  data-responsive-json-new='{\"font-size\":\"\",\"line-height\":\"\"}' ><h2 style=\"--font-weight:theme;\">GALER\u00cdA<\/h2><\/div><div class=\"uvc-sub-heading ult-responsive\"  data-ultimate-target='.uvc-heading.ultimate-heading-420169e33e2b337aa .uvc-sub-heading '  data-responsive-json-new='{\"font-size\":\"\",\"line-height\":\"\"}'  style=\"font-weight:normal;\"><\/p>\n<p>&nbsp;<\/p>\n<p>&nbsp;<\/p>\n<p><\/div><\/div>[vc_empty_space height=\u00bb50px\u00bb][vc_masonry_media_grid element_width=\u00bb3&#8243; gap=\u00bb10&#8243; grid_id=\u00bbvc_gid:1609424674956-09471ca8-48bc-0&#8243; include=\u00bb6512,6502,6507,6497&#8243;][vc_empty_space height=\u00bb50px\u00bb][\/vc_column][\/vc_row][vc_row full_width=\u00bbstretch_row\u00bb bg_type=\u00bbimage\u00bb parallax_style=\u00bbvcpb-default\u00bb bg_image_new=\u00bbid^1166|url^http:\/\/www.pharmathek.com\/wp-content\/uploads\/2018\/03\/farmacia-specifiche-background.jpg|caption^null|alt^null|title^farmacia-specifiche-background|description^null\u00bb bg_image_repeat=\u00bbno-repeat\u00bb bg_override=\u00bbfull\u00bb][vc_column][vc_empty_space height=\u00bb100px\u00bb]<div id=\"ultimate-heading-797569e33e2b3381d\" class=\"uvc-heading ult-adjust-bottom-margin ultimate-heading-797569e33e2b3381d uvc-8195 head-section-title text-white uvc-heading-default-font-sizes\" data-hspacer=\"no_spacer\"  data-halign=\"center\" style=\"text-align:center\"><div class=\"uvc-heading-spacer no_spacer\" style=\"top\"><\/div><div class=\"uvc-main-heading ult-responsive\"  data-ultimate-target='.uvc-heading.ultimate-heading-797569e33e2b3381d h2'  data-responsive-json-new='{\"font-size\":\"\",\"line-height\":\"\"}' ><h2 style=\"--font-weight:theme;\">EL PROYECTO<\/h2><\/div><div class=\"uvc-sub-heading ult-responsive\"  data-ultimate-target='.uvc-heading.ultimate-heading-797569e33e2b3381d .uvc-sub-heading '  data-responsive-json-new='{\"font-size\":\"\",\"line-height\":\"\"}'  style=\"font-weight:normal;\"><\/p>\n<p>&nbsp;<\/p>\n<p>&nbsp;<\/p>\n<p><\/div><\/div>[vc_empty_space height=\u00bb50px\u00bb][vc_separator color=\u00bbwhite\u00bb][vc_separator color=\u00bbwhite\u00bb][vc_row_inner][vc_column_inner width=\u00bb1\/2&#8243;][vc_column_text el_class=\u00bbprogetto-voci\u00bb]<\/p>\n<p>SOLUCIONES PHARMATHEK<\/p>\n<p>[\/vc_column_text][\/vc_column_inner][vc_column_inner width=\u00bb1\/2&#8243;][vc_column_text el_class=\u00bbprogetto-voci-valori\u00bb]SINTESI + PHARMALOAD + EUCLID3D[\/vc_column_text][\/vc_column_inner][\/vc_row_inner][vc_separator color=\u00bbwhite\u00bb][vc_row_inner][vc_column_inner width=\u00bb1\/2&#8243;][vc_column_text el_class=\u00bbprogetto-voci\u00bb]<\/p>\n<p>DIMENSIONES ROBOT<\/p>\n<p>[\/vc_column_text][\/vc_column_inner][vc_column_inner width=\u00bb1\/2&#8243;][vc_column_text el_class=\u00bbprogetto-voci-valori\u00bb]<\/p>\n<p>L 8.000 x H 4.000 mm<\/p>\n<p>[\/vc_column_text][\/vc_column_inner][\/vc_row_inner][vc_separator color=\u00bbwhite\u00bb][vc_row_inner][vc_column_inner width=\u00bb1\/2&#8243;][vc_column_text el_class=\u00bbprogetto-voci\u00bb]<\/p>\n<p>CAPACIDAD EN CAJAS<\/p>\n<p>[\/vc_column_text][\/vc_column_inner][vc_column_inner width=\u00bb1\/2&#8243;][vc_column_text el_class=\u00bbprogetto-voci-valori\u00bb]<\/p>\n<p>31.200<\/p>\n<p>[\/vc_column_text][\/vc_column_inner][\/vc_row_inner][vc_separator color=\u00bbwhite\u00bb][vc_row_inner][vc_column_inner width=\u00bb1\/2&#8243;][vc_column_text el_class=\u00bbprogetto-voci\u00bb]<\/p>\n<p>UBICACI\u00d3N ROBOT CON RESPECTO AL MOSTRADOR<\/p>\n<p>[\/vc_column_text][\/vc_column_inner][vc_column_inner width=\u00bb1\/2&#8243;][vc_column_text el_class=\u00bbprogetto-voci-valori\u00bb]<\/p>\n<div><span lang=\"ES\">DETR\u00c1S DEL MOSTRADOR <\/span><\/div>\n<p>[\/vc_column_text][\/vc_column_inner][\/vc_row_inner][vc_separator color=\u00bbwhite\u00bb][vc_row_inner][vc_column_inner width=\u00bb1\/2&#8243;][vc_column_text el_class=\u00bbprogetto-voci\u00bb]<\/p>\n<p>ROTACI\u00d3N DE PRODUCTO<\/p>\n<p>[\/vc_column_text][\/vc_column_inner][vc_column_inner width=\u00bb1\/2&#8243;][vc_column_text el_class=\u00bbprogetto-voci-valori\u00bb]<\/p>\n<p>Entre 500 y 1.000<\/p>\n<p>[\/vc_column_text][\/vc_column_inner][\/vc_row_inner][vc_separator color=\u00bbwhite\u00bb][vc_empty_space height=\u00bb100px\u00bb][\/vc_column][\/vc_row][vc_row full_width=\u00bbstretch_row_content_no_spaces\u00bb][vc_column][vc_single_image image=\u00bb9439&#8243; img_size=\u00bbfull\u00bb alignment=\u00bbcenter\u00bb]<style type=\"text\/css\" data-type=\"the7_shortcodes-inline-css\">#default-btn-5faae7e989bdcceeefc0a1c33d45665f.ico-right-side > i {\n  margin-right: 0px;\n  margin-left: 8px;\n}\n#default-btn-5faae7e989bdcceeefc0a1c33d45665f > i {\n  margin-right: 8px;\n}\n<\/style><div class=\"btn-align-center\"><a href=\"https:\/\/www.pharmathek.com\/es\/instalaciones\/\" class=\"default-btn-shortcode dt-btn dt-btn-l link-hover-off weight-300 full-width-btn \" id=\"default-btn-5faae7e989bdcceeefc0a1c33d45665f\"><span>Vuelve al listado de instalaciones<\/span><\/a><\/div>[\/vc_column][\/vc_row]<\/p>\n<\/div>","protected":false},"excerpt":{"rendered":"<p>Montevideo (Uruguay)<\/p>\n","protected":false},"author":3,"featured_media":6479,"parent":0,"menu_order":0,"comment_status":"closed","ping_status":"closed","template":"","meta":{"inline_featured_image":false,"footnotes":""},"categories":[28],"tags":[],"class_list":["post-11074","page","type-page","status-publish","has-post-thumbnail","hentry","category-hospital","description-off"],"_links":{"self":[{"href":"https:\/\/www.pharmathek.com\/es\/wp-json\/wp\/v2\/pages\/11074","targetHints":{"allow":["GET"]}}],"collection":[{"href":"https:\/\/www.pharmathek.com\/es\/wp-json\/wp\/v2\/pages"}],"about":[{"href":"https:\/\/www.pharmathek.com\/es\/wp-json\/wp\/v2\/types\/page"}],"author":[{"embeddable":true,"href":"https:\/\/www.pharmathek.com\/es\/wp-json\/wp\/v2\/users\/3"}],"replies":[{"embeddable":true,"href":"https:\/\/www.pharmathek.com\/es\/wp-json\/wp\/v2\/comments?post=11074"}],"version-history":[{"count":2,"href":"https:\/\/www.pharmathek.com\/es\/wp-json\/wp\/v2\/pages\/11074\/revisions"}],"predecessor-version":[{"id":11075,"href":"https:\/\/www.pharmathek.com\/es\/wp-json\/wp\/v2\/pages\/11074\/revisions\/11075"}],"wp:featuredmedia":[{"embeddable":true,"href":"https:\/\/www.pharmathek.com\/es\/wp-json\/wp\/v2\/media\/6479"}],"wp:attachment":[{"href":"https:\/\/www.pharmathek.com\/es\/wp-json\/wp\/v2\/media?parent=11074"}],"wp:term":[{"taxonomy":"category","embeddable":true,"href":"https:\/\/www.pharmathek.com\/es\/wp-json\/wp\/v2\/categories?post=11074"},{"taxonomy":"post_tag","embeddable":true,"href":"https:\/\/www.pharmathek.com\/es\/wp-json\/wp\/v2\/tags?post=11074"}],"curies":[{"name":"wp","href":"https:\/\/api.w.org\/{rel}","templated":true}]}}