{"id":11137,"date":"2019-03-01T16:21:17","date_gmt":"2019-03-01T15:21:17","guid":{"rendered":"http:\/\/www.pharmathek.com\/farmacia-donadio\/"},"modified":"2021-01-04T11:21:16","modified_gmt":"2021-01-04T10:21:16","slug":"farmacia-donadio","status":"publish","type":"page","link":"https:\/\/www.pharmathek.com\/es\/farmacia-donadio\/","title":{"rendered":"Farmacia Donadio"},"content":{"rendered":"<div class=\"wpb-content-wrapper\"><p>[vc_row full_width=\u00bbstretch_row_content\u00bb equal_height=\u00bbyes\u00bb content_placement=\u00bbmiddle\u00bb bg_type=\u00bbbg_color\u00bb bg_override=\u00bbfull\u00bb bg_color_value=\u00bb#eeeeef\u00bb][vc_column width=\u00bb1\/2&#8243; css=\u00bb.vc_custom_1527495412907{padding-right: 0px !important;padding-left: 0px !important;}\u00bb offset=\u00bbvc_hidden-md vc_hidden-sm vc_hidden-xs\u00bb][vc_single_image image=\u00bb5459&#8243; img_size=\u00bbfull\u00bb][\/vc_column][vc_column width=\u00bb1\/2&#8243; css=\u00bb.vc_custom_1527495434052{padding-right: 100px !important;padding-left: 100px !important;}\u00bb offset=\u00bbvc_hidden-md vc_hidden-sm vc_hidden-xs\u00bb][vc_empty_space]<div id=\"ultimate-heading-81069e48a63202fd\" class=\"uvc-heading ult-adjust-bottom-margin ultimate-heading-81069e48a63202fd uvc-9300 head-section-title uvc-heading-default-font-sizes\" data-hspacer=\"no_spacer\"  data-halign=\"center\" style=\"text-align:center\"><div class=\"uvc-heading-spacer no_spacer\" style=\"top\"><\/div><div class=\"uvc-main-heading ult-responsive\"  data-ultimate-target='.uvc-heading.ultimate-heading-81069e48a63202fd p'  data-responsive-json-new='{\"font-size\":\"\",\"line-height\":\"\"}' ><p style=\"--font-weight:theme;\">FARMACIA DONADIO<\/p><\/div><div class=\"uvc-sub-heading ult-responsive\"  data-ultimate-target='.uvc-heading.ultimate-heading-81069e48a63202fd .uvc-sub-heading '  data-responsive-json-new='{\"font-size\":\"\",\"line-height\":\"\"}'  style=\"font-weight:normal;\"><\/p>\n<p>&nbsp;<\/p>\n<p>&nbsp;<\/p>\n<p><\/div><\/div>[vc_empty_space][vc_column_text el_class=\u00bbtext-justify\u00bb]<\/p>\n<p>La Farmacia del Dr. Donadio es una farmacia muy particular, ya que est\u00e1 amueblada con mobiliario hist\u00f3rico, con espacios dedicados a la zona de ventas bastante reducidos (30 mq) y ubicados en un pueblo de poco m\u00e1s de 4.000 habitantes en las monta\u00f1as del norte de Calabria.<\/p>\n<p>Estas particularidades han hecho a\u00fan m\u00e1s fuerte la necesidad de automatizar la farmacia. El robot, colocado en el back-office, tiene dos salidas, una de las cuales se obtiene tallando los muebles antiguos.<\/p>\n<p>[\/vc_column_text][vc_empty_space][\/vc_column][\/vc_row][vc_row full_width=\u00bbstretch_row_content\u00bb equal_height=\u00bbyes\u00bb content_placement=\u00bbmiddle\u00bb bg_type=\u00bbbg_color\u00bb bg_override=\u00bbfull\u00bb bg_color_value=\u00bb#eeeeef\u00bb][vc_column css=\u00bb.vc_custom_1527495377321{padding-right: 0px !important;padding-left: 0px !important;}\u00bb el_class=\u00bbfull-width-no-padding\u00bb offset=\u00bbvc_hidden-lg\u00bb][vc_single_image image=\u00bb5459&#8243; img_size=\u00bbfull\u00bb][vc_empty_space]<div id=\"ultimate-heading-746569e48a63203b4\" class=\"uvc-heading ult-adjust-bottom-margin ultimate-heading-746569e48a63203b4 uvc-1360 head-section-title uvc-heading-default-font-sizes\" data-hspacer=\"no_spacer\"  data-halign=\"center\" style=\"text-align:center\"><div class=\"uvc-heading-spacer no_spacer\" style=\"top\"><\/div><div class=\"uvc-main-heading ult-responsive\"  data-ultimate-target='.uvc-heading.ultimate-heading-746569e48a63203b4 p'  data-responsive-json-new='{\"font-size\":\"\",\"line-height\":\"\"}' ><p style=\"--font-weight:theme;\">FARMACIA DONADIO<\/p><\/div><div class=\"uvc-sub-heading ult-responsive\"  data-ultimate-target='.uvc-heading.ultimate-heading-746569e48a63203b4 .uvc-sub-heading '  data-responsive-json-new='{\"font-size\":\"\",\"line-height\":\"\"}'  style=\"font-weight:normal;\"><\/p>\n<p>&nbsp;<\/p>\n<p>&nbsp;<\/p>\n<p><\/div><\/div>[vc_empty_space][vc_column_text el_class=\u00bbtext-justify\u00bb]<\/p>\n<p>La Farmacia del Dr. Donadio es una farmacia muy particular, ya que est\u00e1 amueblada con mobiliario hist\u00f3rico, con espacios dedicados a la zona de ventas bastante reducidos (30 mq) y ubicados en un pueblo de poco m\u00e1s de 4.000 habitantes en las monta\u00f1as del norte de Calabria.<\/p>\n<p>Estas particularidades han hecho a\u00fan m\u00e1s fuerte la necesidad de automatizar la farmacia. El robot, colocado en el back-office, tiene dos salidas, una de las cuales se obtiene tallando los muebles antiguos.<\/p>\n<p>[\/vc_column_text][vc_empty_space][\/vc_column][\/vc_row][vc_row][vc_column offset=\u00bbvc_hidden-md vc_hidden-sm vc_hidden-xs\u00bb][vc_empty_space height=\u00bb100px\u00bb][vc_single_image image=\u00bb5455&#8243; img_size=\u00bbfull\u00bb alignment=\u00bbcenter\u00bb][vc_empty_space]<div id=\"ultimate-heading-424069e48a6320446\" class=\"uvc-heading ult-adjust-bottom-margin ultimate-heading-424069e48a6320446 uvc-7976 head-section-title uvc-heading-default-font-sizes\" data-hspacer=\"no_spacer\"  data-halign=\"center\" style=\"text-align:center\"><div class=\"uvc-heading-spacer no_spacer\" style=\"top\"><\/div><div class=\"uvc-main-heading ult-responsive\"  data-ultimate-target='.uvc-heading.ultimate-heading-424069e48a6320446 p'  data-responsive-json-new='{\"font-size\":\"\",\"line-height\":\"\"}' ><p style=\"--font-weight:theme;\">LA PALABRA AL FARMAC\u00c9UTICO<\/p><\/div><\/div>[vc_empty_space][vc_column_text el_class=\u00bbtext-justify\u00bb]<\/p>\n<h4>Dr. Donadio, \u00bfqu\u00e9 le llev\u00f3 a decidir automatizar su farmacia?<\/h4>\n<p>La idea de automatizar la farmacia se me ocurri\u00f3 a m\u00ed y a mis hijos, ambos involucrados en la gesti\u00f3n del negocio, yo dir\u00eda por nuestra predisposici\u00f3n natural hacia la alta tecnolog\u00eda y las nuevas tecnolog\u00edas. Siempre hemos estado muy atentos a este tema, convencidos de que para una farmacia es muy importante estar al d\u00eda, tambi\u00e9n por motivos organizativos y de gesti\u00f3n empresarial.<\/p>\n<p>Y la idea fue seguida por la acci\u00f3n cuando mi hijo fue a Cosmofarma y all\u00ed entr\u00f3 en contacto con Pharmathek.<\/p>\n<p>&nbsp;<\/p>\n<h4>\u00bfQu\u00e9 le llev\u00f3 a elegir Pharmathek para automatizar su farmacia?<\/h4>\n<p>Podr\u00eda decir que fue la voluntad del azar lo que llev\u00f3 a mi hijo a visitar el stand de Pharmathek en Cosmofarma. Luego a partir de ah\u00ed, tras una comparaci\u00f3n con el producto de otra empresa, decidimos confiar en Pharmathek no solo porque ten\u00eda una relaci\u00f3n calidad \/ precio m\u00e1s ventajosa, sino tambi\u00e9n porque nos convenci\u00f3 m\u00e1s como tecnolog\u00eda y como *eficiencia energ\u00e9tica y consumo<\/p>\n<p>Y, adem\u00e1s, nos atendi\u00f3 muy bien el asesor de \u00e1rea.<\/p>\n<p>&nbsp;<\/p>\n<h4>\u00bfRecomendar\u00eda Pharmathek a sus colegas?<\/h4>\n<p>S\u00ed, aconsejo a Pharmathek a mis colegas y, de hecho, ya lo he hecho en varias ocasiones. Lo recomiendo porque es una empresa que ha demostrado una gran seriedad y los consultores han demostrado competencia, precisi\u00f3n y equidad.<\/p>\n<p>Puedo decir que estoy satisfecho con el trabajo que se ha realizado, con el producto y sobre todo con la asistencia: disponible las 24 horas, da respuestas inmediatas y los consultores t\u00e9cnicos son muy competentes.<\/p>\n<p>&nbsp;<\/p>\n<h4>\u00bfCu\u00e1les son las ventajas que m\u00e1s apreci\u00f3 al instalar el robot?<\/h4>\n<p>Hay varias ventajas que he encontrado en la automatizaci\u00f3n de almacenes. Lo m\u00e1s visible es la mejor gesti\u00f3n de los espacios que, en una farmacia no muy grande, marca una gran diferencia.<\/p>\n<p>Pero quiz\u00e1s lo m\u00e1s importante es el control que te permite tener sobre el stock: ahora podemos estar 100% seguros de los stocks reales en el almac\u00e9n y esto permite reducir p\u00e9rdidas y gestionar mejor los pedidos. Otro aspecto muy apreciado es el de la verificaci\u00f3n de vencimientos: recuperar productos vencidos es muy f\u00e1cil y puedes tener una visi\u00f3n completa de los productos vencidos incluso pasados \u200b\u200bunos meses, evitando que un producto vencido se entregue por error al cliente.<\/p>\n<p>Adem\u00e1s, la instalaci\u00f3n del robot ha acelerado toda la gesti\u00f3n del almac\u00e9n, haciendo que los productos est\u00e9n disponibles m\u00e1s r\u00e1pidamente.<\/p>\n<p>En resumen, dir\u00eda que el robot nos permiti\u00f3 tener una recuperaci\u00f3n de efectivo y una ganancia de eficiencia.<\/p>\n<p>&nbsp;<\/p>\n<h4>Doctor, dado que tiene una farmacia que no es muy espaciosa y tiene muebles antiguos, \u00bfcree que tener una farmacia de estas caracter\u00edsticas puede ser un freno a la automatizaci\u00f3n?<\/h4>\n<p>A primera vista, esto puede parecer un impedimento, pero como ha demostrado mi experiencia, en realidad es una raz\u00f3n m\u00e1s para automatizar.<\/p>\n<p>Por supuesto, esto hace que el proceso de automatizaci\u00f3n sea un poco m\u00e1s exigente desde un punto de vista t\u00e9cnico y pr\u00e1ctico, pero luego se muestran los resultados.<\/p>\n<p>En el caso de mi farmacia, por ejemplo, quer\u00edamos que la alta tecnolog\u00eda del robot no chocara a nivel visual con el alma hist\u00f3rica de la farmacia. Por tanto, la bandeja de salida del producto ha quedado bien escondida en los muebles antiguos, tanto que es posible que los clientes ni siquiera noten la presencia del robot.<\/p>\n<p>La comunidad se dio cuenta de que nuestra farmacia solo estaba automatizada por nuestra forma diferente de manejar al cliente sin receta y de recoger los medicamentos. Una vez que se revel\u00f3 la presencia de la automatizaci\u00f3n, los clientes sintieron mucha curiosidad, pidieron verla y quedaron fascinados de verla funcionar.<\/p>\n<p>Puedo decir que acogieron muy positivamente la noticia, trayendo tambi\u00e9n gente de otros pa\u00edses a querer venir a verla.<\/p>\n<p>[\/vc_column_text][vc_empty_space height=\u00bb100px\u00bb][\/vc_column][\/vc_row][vc_row][vc_column offset=\u00bbvc_hidden-lg\u00bb][vc_empty_space height=\u00bb50px\u00bb][vc_single_image image=\u00bb5455&#8243; img_size=\u00bbfull\u00bb alignment=\u00bbcenter\u00bb][vc_empty_space]<div id=\"ultimate-heading-794969e48a63204dd\" class=\"uvc-heading ult-adjust-bottom-margin ultimate-heading-794969e48a63204dd uvc-1466 head-section-title uvc-heading-default-font-sizes\" data-hspacer=\"no_spacer\"  data-halign=\"center\" style=\"text-align:center\"><div class=\"uvc-heading-spacer no_spacer\" style=\"top\"><\/div><div class=\"uvc-main-heading ult-responsive\"  data-ultimate-target='.uvc-heading.ultimate-heading-794969e48a63204dd p'  data-responsive-json-new='{\"font-size\":\"\",\"line-height\":\"\"}' ><p style=\"--font-weight:theme;\">LA PALABRA AL FARMAC\u00c9UTICO<\/p><\/div><\/div>[vc_empty_space][vc_column_text el_class=\u00bbtext-justify\u00bb]<\/p>\n<h4>Dr. Donadio, \u00bfqu\u00e9 le llev\u00f3 a decidir automatizar su farmacia?<\/h4>\n<p>La idea de automatizar la farmacia se me ocurri\u00f3 a m\u00ed y a mis hijos, ambos involucrados en la gesti\u00f3n del negocio, yo dir\u00eda por nuestra predisposici\u00f3n natural hacia la alta tecnolog\u00eda y las nuevas tecnolog\u00edas. Siempre hemos estado muy atentos a este tema, convencidos de que para una farmacia es muy importante estar al d\u00eda, tambi\u00e9n por motivos organizativos y de gesti\u00f3n empresarial.<\/p>\n<p>Y la idea fue seguida por la acci\u00f3n cuando mi hijo fue a Cosmofarma y all\u00ed entr\u00f3 en contacto con Pharmathek.<\/p>\n<p>&nbsp;<\/p>\n<h4>\u00bfQu\u00e9 le llev\u00f3 a elegir Pharmathek para automatizar su farmacia?<\/h4>\n<p>Podr\u00eda decir que fue la voluntad del azar lo que llev\u00f3 a mi hijo a visitar el stand de Pharmathek en Cosmofarma. Luego a partir de ah\u00ed, tras una comparaci\u00f3n con el producto de otra empresa, decidimos confiar en Pharmathek no solo porque ten\u00eda una relaci\u00f3n calidad \/ precio m\u00e1s ventajosa, sino tambi\u00e9n porque nos convenci\u00f3 m\u00e1s como tecnolog\u00eda y como *eficiencia energ\u00e9tica y consumo<\/p>\n<p>Y, adem\u00e1s, nos atendi\u00f3 muy bien el asesor de \u00e1rea.<\/p>\n<p>&nbsp;<\/p>\n<h4>\u00bfRecomendar\u00eda Pharmathek a sus colegas?<\/h4>\n<p>S\u00ed, aconsejo a Pharmathek a mis colegas y, de hecho, ya lo he hecho en varias ocasiones. Lo recomiendo porque es una empresa que ha demostrado una gran seriedad y los consultores han demostrado competencia, precisi\u00f3n y equidad.<\/p>\n<p>Puedo decir que estoy satisfecho con el trabajo que se ha realizado, con el producto y sobre todo con la asistencia: disponible las 24 horas, da respuestas inmediatas y los consultores t\u00e9cnicos son muy competentes.<\/p>\n<p>&nbsp;<\/p>\n<h4>\u00bfCu\u00e1les son las ventajas que m\u00e1s apreci\u00f3 al instalar el robot?<\/h4>\n<p>Hay varias ventajas que he encontrado en la automatizaci\u00f3n de almacenes. Lo m\u00e1s visible es la mejor gesti\u00f3n de los espacios que, en una farmacia no muy grande, marca una gran diferencia.<\/p>\n<p>Pero quiz\u00e1s lo m\u00e1s importante es el control que te permite tener sobre el stock: ahora podemos estar 100% seguros de los stocks reales en el almac\u00e9n y esto permite reducir p\u00e9rdidas y gestionar mejor los pedidos. Otro aspecto muy apreciado es el de la verificaci\u00f3n de vencimientos: recuperar productos vencidos es muy f\u00e1cil y puedes tener una visi\u00f3n completa de los productos vencidos incluso pasados \u200b\u200bunos meses, evitando que un producto vencido se entregue por error al cliente.<\/p>\n<p>Adem\u00e1s, la instalaci\u00f3n del robot ha acelerado toda la gesti\u00f3n del almac\u00e9n, haciendo que los productos est\u00e9n disponibles m\u00e1s r\u00e1pidamente.<\/p>\n<p>En resumen, dir\u00eda que el robot nos permiti\u00f3 tener una recuperaci\u00f3n de efectivo y una ganancia de eficiencia.<\/p>\n<p>&nbsp;<\/p>\n<h4>Doctor, dado que tiene una farmacia que no es muy espaciosa y tiene muebles antiguos, \u00bfcree que tener una farmacia de estas caracter\u00edsticas puede ser un freno a la automatizaci\u00f3n?<\/h4>\n<p>A primera vista, esto puede parecer un impedimento, pero como ha demostrado mi experiencia, en realidad es una raz\u00f3n m\u00e1s para automatizar.<\/p>\n<p>Por supuesto, esto hace que el proceso de automatizaci\u00f3n sea un poco m\u00e1s exigente desde un punto de vista t\u00e9cnico y pr\u00e1ctico, pero luego se muestran los resultados.<\/p>\n<p>En el caso de mi farmacia, por ejemplo, quer\u00edamos que la alta tecnolog\u00eda del robot no chocara a nivel visual con el alma hist\u00f3rica de la farmacia. Por tanto, la bandeja de salida del producto ha quedado bien escondida en los muebles antiguos, tanto que es posible que los clientes ni siquiera noten la presencia del robot.<\/p>\n<p>La comunidad se dio cuenta de que nuestra farmacia solo estaba automatizada por nuestra forma diferente de manejar al cliente sin receta y de recoger los medicamentos. Una vez que se revel\u00f3 la presencia de la automatizaci\u00f3n, los clientes sintieron mucha curiosidad, pidieron verla y quedaron fascinados de verla funcionar.<\/p>\n<p>Puedo decir que acogieron muy positivamente la noticia, trayendo tambi\u00e9n gente de otros pa\u00edses a querer venir a verla.<\/p>\n<p>[\/vc_column_text][vc_empty_space height=\u00bb50px\u00bb][\/vc_column][\/vc_row][vc_row full_width=\u00bbstretch_row\u00bb bg_type=\u00bbbg_color\u00bb bg_override=\u00bbfull\u00bb bg_color_value=\u00bb#eeeeef\u00bb][vc_column offset=\u00bbvc_hidden-md vc_hidden-sm vc_hidden-xs\u00bb][vc_empty_space height=\u00bb100px\u00bb]<div id=\"ultimate-heading-846169e48a6320561\" class=\"uvc-heading ult-adjust-bottom-margin ultimate-heading-846169e48a6320561 uvc-9644 head-section-title uvc-heading-default-font-sizes\" data-hspacer=\"no_spacer\"  data-halign=\"center\" style=\"text-align:center\"><div class=\"uvc-heading-spacer no_spacer\" style=\"top\"><\/div><div class=\"uvc-main-heading ult-responsive\"  data-ultimate-target='.uvc-heading.ultimate-heading-846169e48a6320561 h2'  data-responsive-json-new='{\"font-size\":\"\",\"line-height\":\"\"}' ><h2 style=\"--font-weight:theme;\">GALER\u00cdA<\/h2><\/div><div class=\"uvc-sub-heading ult-responsive\"  data-ultimate-target='.uvc-heading.ultimate-heading-846169e48a6320561 .uvc-sub-heading '  data-responsive-json-new='{\"font-size\":\"\",\"line-height\":\"\"}'  style=\"font-weight:normal;\"><\/p>\n<p>&nbsp;<\/p>\n<p>&nbsp;<\/p>\n<p><\/div><\/div>[vc_empty_space height=\u00bb50px\u00bb][vc_masonry_media_grid element_width=\u00bb3&#8243; gap=\u00bb10&#8243; grid_id=\u00bbvc_gid:1609428782467-e1ae6cfc-501b-10&#8243; include=\u00bb5423,5427,5431,5435,5439,5443,5447,5451&#8243;][vc_empty_space height=\u00bb100px\u00bb][\/vc_column][\/vc_row][vc_row full_width=\u00bbstretch_row\u00bb bg_type=\u00bbbg_color\u00bb bg_override=\u00bbfull\u00bb bg_color_value=\u00bb#eeeeef\u00bb][vc_column offset=\u00bbvc_hidden-lg\u00bb][vc_empty_space height=\u00bb50px\u00bb]<div id=\"ultimate-heading-150869e48a63205dd\" class=\"uvc-heading ult-adjust-bottom-margin ultimate-heading-150869e48a63205dd uvc-3254 head-section-title uvc-heading-default-font-sizes\" data-hspacer=\"no_spacer\"  data-halign=\"center\" style=\"text-align:center\"><div class=\"uvc-heading-spacer no_spacer\" style=\"top\"><\/div><div class=\"uvc-main-heading ult-responsive\"  data-ultimate-target='.uvc-heading.ultimate-heading-150869e48a63205dd h2'  data-responsive-json-new='{\"font-size\":\"\",\"line-height\":\"\"}' ><h2 style=\"--font-weight:theme;\">GALER\u00cdA<\/h2><\/div><div class=\"uvc-sub-heading ult-responsive\"  data-ultimate-target='.uvc-heading.ultimate-heading-150869e48a63205dd .uvc-sub-heading '  data-responsive-json-new='{\"font-size\":\"\",\"line-height\":\"\"}'  style=\"font-weight:normal;\"><\/p>\n<p>&nbsp;<\/p>\n<p>&nbsp;<\/p>\n<p><\/div><\/div>[vc_empty_space height=\u00bb50px\u00bb][vc_masonry_media_grid element_width=\u00bb3&#8243; gap=\u00bb10&#8243; grid_id=\u00bbvc_gid:1609428782494-6423da44-7567-5&#8243; include=\u00bb5423,5427,5431,5435,5439,5443,5447,5451&#8243;][vc_empty_space height=\u00bb50px\u00bb][\/vc_column][\/vc_row][vc_row full_width=\u00bbstretch_row\u00bb bg_type=\u00bbimage\u00bb parallax_style=\u00bbvcpb-default\u00bb bg_image_new=\u00bbid^1166|url^http:\/\/www.pharmathek.com\/wp-content\/uploads\/2018\/03\/farmacia-specifiche-background.jpg|caption^null|alt^null|title^farmacia-specifiche-background|description^null\u00bb bg_image_repeat=\u00bbno-repeat\u00bb bg_override=\u00bbfull\u00bb][vc_column][vc_empty_space height=\u00bb100px\u00bb]<div id=\"ultimate-heading-924969e48a6320655\" class=\"uvc-heading ult-adjust-bottom-margin ultimate-heading-924969e48a6320655 uvc-5205 head-section-title text-white uvc-heading-default-font-sizes\" data-hspacer=\"no_spacer\"  data-halign=\"center\" style=\"text-align:center\"><div class=\"uvc-heading-spacer no_spacer\" style=\"top\"><\/div><div class=\"uvc-main-heading ult-responsive\"  data-ultimate-target='.uvc-heading.ultimate-heading-924969e48a6320655 h2'  data-responsive-json-new='{\"font-size\":\"\",\"line-height\":\"\"}' ><h2 style=\"--font-weight:theme;\">EL PROYECTO<\/h2><\/div><div class=\"uvc-sub-heading ult-responsive\"  data-ultimate-target='.uvc-heading.ultimate-heading-924969e48a6320655 .uvc-sub-heading '  data-responsive-json-new='{\"font-size\":\"\",\"line-height\":\"\"}'  style=\"font-weight:normal;\"><\/p>\n<p>&nbsp;<\/p>\n<p>&nbsp;<\/p>\n<p><\/div><\/div>[vc_empty_space height=\u00bb50px\u00bb][vc_separator color=\u00bbwhite\u00bb][vc_row_inner][vc_column_inner width=\u00bb1\/2&#8243;][vc_column_text el_class=\u00bbprogetto-voci\u00bb]<\/p>\n<p>SOLUCIONES PHARMATHEK<\/p>\n<p>[\/vc_column_text][\/vc_column_inner][vc_column_inner width=\u00bb1\/2&#8243;][vc_column_text el_class=\u00bbprogetto-voci-valori\u00bb]<\/p>\n<p>SINTESI<\/p>\n<p>[\/vc_column_text][\/vc_column_inner][\/vc_row_inner][vc_separator color=\u00bbwhite\u00bb][vc_row_inner][vc_column_inner width=\u00bb1\/2&#8243;][vc_column_text el_class=\u00bbprogetto-voci\u00bb]<\/p>\n<p>DIMENSIONES ROBOT<\/p>\n<p>[\/vc_column_text][\/vc_column_inner][vc_column_inner width=\u00bb1\/2&#8243;][vc_column_text el_class=\u00bbprogetto-voci-valori\u00bb]<\/p>\n<p>L 4.500 x H 2.900 mm<\/p>\n<p>[\/vc_column_text][\/vc_column_inner][\/vc_row_inner][vc_separator color=\u00bbwhite\u00bb][vc_row_inner][vc_column_inner width=\u00bb1\/2&#8243;][vc_column_text el_class=\u00bbprogetto-voci\u00bb]<\/p>\n<p>CAPACIDAD EN CAJAS<\/p>\n<p>[\/vc_column_text][\/vc_column_inner][vc_column_inner width=\u00bb1\/2&#8243;][vc_column_text el_class=\u00bbprogetto-voci-valori\u00bb]<\/p>\n<p>10.000<\/p>\n<p>[\/vc_column_text][\/vc_column_inner][\/vc_row_inner][vc_separator color=\u00bbwhite\u00bb][vc_row_inner][vc_column_inner width=\u00bb1\/2&#8243;][vc_column_text el_class=\u00bbprogetto-voci\u00bb]<\/p>\n<p>UBICACI\u00d3N ROBOT CON RESPECTO AL MOSTRADOR<\/p>\n<p>[\/vc_column_text][\/vc_column_inner][vc_column_inner width=\u00bb1\/2&#8243;][vc_column_text el_class=\u00bbprogetto-voci-valori\u00bb]<\/p>\n<p>PLAN DE FARMACIA<\/p>\n<p>[\/vc_column_text][\/vc_column_inner][\/vc_row_inner][vc_separator color=\u00bbwhite\u00bb][vc_row_inner][vc_column_inner width=\u00bb1\/2&#8243;][vc_column_text el_class=\u00bbprogetto-voci\u00bb]<\/p>\n<p>ROTACI\u00d3N DE PRODUCTO<\/p>\n<p>[\/vc_column_text][\/vc_column_inner][vc_column_inner width=\u00bb1\/2&#8243;][vc_column_text el_class=\u00bbprogetto-voci-valori\u00bb]<\/p>\n<p>Entre 500 y 1.000<\/p>\n<p>[\/vc_column_text][\/vc_column_inner][\/vc_row_inner][vc_separator color=\u00bbwhite\u00bb][vc_empty_space height=\u00bb100px\u00bb][\/vc_column][\/vc_row][vc_row full_width=\u00bbstretch_row_content_no_spaces\u00bb][vc_column][vc_single_image image=\u00bb5419&#8243; img_size=\u00bbfull\u00bb alignment=\u00bbcenter\u00bb]<style type=\"text\/css\" data-type=\"the7_shortcodes-inline-css\">#default-btn-5faae7e989bdcceeefc0a1c33d45665f.ico-right-side > i {\n  margin-right: 0px;\n  margin-left: 8px;\n}\n#default-btn-5faae7e989bdcceeefc0a1c33d45665f > i {\n  margin-right: 8px;\n}\n<\/style><div class=\"btn-align-center\"><a href=\"https:\/\/www.pharmathek.com\/es\/instalaciones\/\" class=\"default-btn-shortcode dt-btn dt-btn-l link-hover-off weight-300 full-width-btn \" id=\"default-btn-5faae7e989bdcceeefc0a1c33d45665f\"><span>Vuelve al listado de instalaciones<\/span><\/a><\/div>[\/vc_column][\/vc_row]<\/p>\n<\/div>","protected":false},"excerpt":{"rendered":"<p>Morano Calabro<\/p>\n","protected":false},"author":3,"featured_media":5418,"parent":0,"menu_order":0,"comment_status":"closed","ping_status":"closed","template":"","meta":{"inline_featured_image":false,"footnotes":""},"categories":[27],"tags":[],"class_list":["post-11137","page","type-page","status-publish","has-post-thumbnail","hentry","category-farmacia","description-off"],"_links":{"self":[{"href":"https:\/\/www.pharmathek.com\/es\/wp-json\/wp\/v2\/pages\/11137","targetHints":{"allow":["GET"]}}],"collection":[{"href":"https:\/\/www.pharmathek.com\/es\/wp-json\/wp\/v2\/pages"}],"about":[{"href":"https:\/\/www.pharmathek.com\/es\/wp-json\/wp\/v2\/types\/page"}],"author":[{"embeddable":true,"href":"https:\/\/www.pharmathek.com\/es\/wp-json\/wp\/v2\/users\/3"}],"replies":[{"embeddable":true,"href":"https:\/\/www.pharmathek.com\/es\/wp-json\/wp\/v2\/comments?post=11137"}],"version-history":[{"count":3,"href":"https:\/\/www.pharmathek.com\/es\/wp-json\/wp\/v2\/pages\/11137\/revisions"}],"predecessor-version":[{"id":11150,"href":"https:\/\/www.pharmathek.com\/es\/wp-json\/wp\/v2\/pages\/11137\/revisions\/11150"}],"wp:featuredmedia":[{"embeddable":true,"href":"https:\/\/www.pharmathek.com\/es\/wp-json\/wp\/v2\/media\/5418"}],"wp:attachment":[{"href":"https:\/\/www.pharmathek.com\/es\/wp-json\/wp\/v2\/media?parent=11137"}],"wp:term":[{"taxonomy":"category","embeddable":true,"href":"https:\/\/www.pharmathek.com\/es\/wp-json\/wp\/v2\/categories?post=11137"},{"taxonomy":"post_tag","embeddable":true,"href":"https:\/\/www.pharmathek.com\/es\/wp-json\/wp\/v2\/tags?post=11137"}],"curies":[{"name":"wp","href":"https:\/\/api.w.org\/{rel}","templated":true}]}}