{"id":11138,"date":"2019-02-01T10:39:34","date_gmt":"2019-02-01T09:39:34","guid":{"rendered":"http:\/\/www.pharmathek.com\/farmacia-morandi-lonato-del-garda\/"},"modified":"2021-01-04T11:22:30","modified_gmt":"2021-01-04T10:22:30","slug":"farmacia-morandi-lonato-del-garda","status":"publish","type":"page","link":"https:\/\/www.pharmathek.com\/es\/farmacia-morandi-lonato-del-garda\/","title":{"rendered":"Farmacia Morandi"},"content":{"rendered":"<div class=\"wpb-content-wrapper\"><p>[vc_row full_width=\u00bbstretch_row_content\u00bb equal_height=\u00bbyes\u00bb content_placement=\u00bbmiddle\u00bb bg_type=\u00bbbg_color\u00bb bg_override=\u00bbfull\u00bb bg_color_value=\u00bb#eeeeef\u00bb][vc_column width=\u00bb1\/2&#8243; css=\u00bb.vc_custom_1527495412907{padding-right: 0px !important;padding-left: 0px !important;}\u00bb offset=\u00bbvc_hidden-md vc_hidden-sm vc_hidden-xs\u00bb][vc_single_image image=\u00bb5365&#8243; img_size=\u00bbfull\u00bb][\/vc_column][vc_column width=\u00bb1\/2&#8243; css=\u00bb.vc_custom_1527495434052{padding-right: 100px !important;padding-left: 100px !important;}\u00bb offset=\u00bbvc_hidden-md vc_hidden-sm vc_hidden-xs\u00bb][vc_empty_space]<div id=\"ultimate-heading-596769f9e485abbe0\" class=\"uvc-heading ult-adjust-bottom-margin ultimate-heading-596769f9e485abbe0 uvc-8590 head-section-title uvc-heading-default-font-sizes\" data-hspacer=\"no_spacer\"  data-halign=\"center\" style=\"text-align:center\"><div class=\"uvc-heading-spacer no_spacer\" style=\"top\"><\/div><div class=\"uvc-main-heading ult-responsive\"  data-ultimate-target='.uvc-heading.ultimate-heading-596769f9e485abbe0 p'  data-responsive-json-new='{\"font-size\":\"\",\"line-height\":\"\"}' ><p style=\"--font-weight:theme;\">FARMACIA MORANDI<\/p><\/div><div class=\"uvc-sub-heading ult-responsive\"  data-ultimate-target='.uvc-heading.ultimate-heading-596769f9e485abbe0 .uvc-sub-heading '  data-responsive-json-new='{\"font-size\":\"\",\"line-height\":\"\"}'  style=\"font-weight:normal;\"><\/p>\n<p>&nbsp;<\/p>\n<p>&nbsp;<\/p>\n<p><\/div><\/div>[vc_empty_space][vc_column_text el_class=\u00bbtext-justify\u00bb]<\/p>\n<p>El robot Pharmathek se instal\u00f3 durante una renovaci\u00f3n total de la Farmacia Morandi. El robot, colocado detr\u00e1s de las estaciones del operador, ha sido personalizado desde el punto de vista est\u00e9tico para hacer a\u00fan m\u00e1s evidente su presencia. En particular, la pared del lado largo se ha enriquecido con varios paneles de vidrio, a trav\u00e9s de los cuales los clientes pueden admirar los numerosos estantes de medicamentos.<\/p>\n<p>El robot tiene 3 salidas laterales (dos en el lateral m\u00e1s extenso, una en el lateral m\u00e1s corto) y dos salidas ubicadas en el lateral opuesto de la habitaci\u00f3n, donde se hace llegar el medicamento a trav\u00e9s de un sistema de cintas transportadoras y rampas.<\/p>\n<p>[\/vc_column_text][vc_empty_space][\/vc_column][\/vc_row][vc_row full_width=\u00bbstretch_row_content\u00bb equal_height=\u00bbyes\u00bb content_placement=\u00bbmiddle\u00bb bg_type=\u00bbbg_color\u00bb bg_override=\u00bbfull\u00bb bg_color_value=\u00bb#eeeeef\u00bb][vc_column css=\u00bb.vc_custom_1527495377321{padding-right: 0px !important;padding-left: 0px !important;}\u00bb el_class=\u00bbfull-width-no-padding\u00bb offset=\u00bbvc_hidden-lg\u00bb][vc_single_image image=\u00bb5365&#8243; img_size=\u00bbfull\u00bb][vc_empty_space]<div id=\"ultimate-heading-71269f9e485abc91\" class=\"uvc-heading ult-adjust-bottom-margin ultimate-heading-71269f9e485abc91 uvc-805 head-section-title uvc-heading-default-font-sizes\" data-hspacer=\"no_spacer\"  data-halign=\"center\" style=\"text-align:center\"><div class=\"uvc-heading-spacer no_spacer\" style=\"top\"><\/div><div class=\"uvc-main-heading ult-responsive\"  data-ultimate-target='.uvc-heading.ultimate-heading-71269f9e485abc91 p'  data-responsive-json-new='{\"font-size\":\"\",\"line-height\":\"\"}' ><p style=\"--font-weight:theme;\">FARMACIA MORANDI<\/p><\/div><div class=\"uvc-sub-heading ult-responsive\"  data-ultimate-target='.uvc-heading.ultimate-heading-71269f9e485abc91 .uvc-sub-heading '  data-responsive-json-new='{\"font-size\":\"\",\"line-height\":\"\"}'  style=\"font-weight:normal;\"><\/p>\n<p>&nbsp;<\/p>\n<p>&nbsp;<\/p>\n<p><\/div><\/div>[vc_empty_space][vc_column_text el_class=\u00bbtext-justify\u00bb]<\/p>\n<p>El robot Pharmathek se instal\u00f3 durante una renovaci\u00f3n total de la Farmacia Morandi. El robot, colocado detr\u00e1s de las estaciones del operador, ha sido personalizado desde el punto de vista est\u00e9tico para hacer a\u00fan m\u00e1s evidente su presencia. En particular, la pared del lado largo se ha enriquecido con varios paneles de vidrio, a trav\u00e9s de los cuales los clientes pueden admirar los numerosos estantes de medicamentos.<\/p>\n<p>El robot tiene 3 salidas laterales (dos en el lateral m\u00e1s extenso, una en el lateral m\u00e1s corto) y dos salidas ubicadas en el lateral opuesto de la habitaci\u00f3n, donde se hace llegar el medicamento a trav\u00e9s de un sistema de cintas transportadoras y rampas.<\/p>\n<p>[\/vc_column_text][vc_empty_space][\/vc_column][\/vc_row][vc_row][vc_column offset=\u00bbvc_hidden-md vc_hidden-sm vc_hidden-xs\u00bb][vc_empty_space height=\u00bb100px\u00bb][vc_single_image image=\u00bb5361&#8243; img_size=\u00bbfull\u00bb alignment=\u00bbcenter\u00bb][vc_empty_space]<div id=\"ultimate-heading-958769f9e485abd19\" class=\"uvc-heading ult-adjust-bottom-margin ultimate-heading-958769f9e485abd19 uvc-6334 head-section-title uvc-heading-default-font-sizes\" data-hspacer=\"no_spacer\"  data-halign=\"center\" style=\"text-align:center\"><div class=\"uvc-heading-spacer no_spacer\" style=\"top\"><\/div><div class=\"uvc-main-heading ult-responsive\"  data-ultimate-target='.uvc-heading.ultimate-heading-958769f9e485abd19 p'  data-responsive-json-new='{\"font-size\":\"\",\"line-height\":\"\"}' ><p style=\"--font-weight:theme;\">LA PALABRA AL FARMAC\u00c9UTICO<\/p><\/div><\/div>[vc_empty_space][vc_column_text el_class=\u00bbtext-justify\u00bb]<\/p>\n<h4>Dr. Swierczynski, \u00bfqu\u00e9 le llev\u00f3 a decidir automatizar su farmacia?<\/h4>\n<p>La chispa que nos llev\u00f3 a evaluar la inclusi\u00f3n de un almac\u00e9n automatizado fue la presencia de exenciones fiscales, pero decidimos instalar un almac\u00e9n automatizado por sus numerosas ventajas, vinculadas tanto a la gesti\u00f3n del almac\u00e9n como a la nueva y mejor forma de interactuar con el cliente. Otra ventaja es el efecto de su presencia en la imagen de la farmacia: ahora se percibe como m\u00e1s moderna y acorde con los tiempos.<\/p>\n<p>&nbsp;<\/p>\n<h4>\u00bfQu\u00e9 te llev\u00f3 a elegir Pharmathek?<\/h4>\n<p>Conoc\u00eda la empresa desde hac\u00eda varios a\u00f1os gracias al consultor del \u00e1rea. Y eleg\u00ed Pharmathek porque, despu\u00e9s de comparar las caracter\u00edsticas de las diferentes soluciones disponibles, descubr\u00ed que era el mejor sistema del mercado y el m\u00e1s adecuado a mis necesidades.<\/p>\n<p>&nbsp;<\/p>\n<h4>\u00bfQu\u00e9 ha cambiado en la farmacia desde que se instal\u00f3 el robot?<\/h4>\n<p>Al principio, mi equipo y yo est\u00e1bamos un poco sesgados porque tem\u00edamos que su instalaci\u00f3n cambiara la forma en que trabajamos. Pero fue un miedo f\u00e1cilmente superable: en poco tiempo, tanto mis colaboradores como yo nos familiarizamos con el robot y ahora forma parte al 100% de nuestro sistema de trabajo.<\/p>\n<p>Adem\u00e1s, hemos tenido constancia de lo r\u00e1pido que es el servicio de asistencia, lo que nos permite estar a\u00fan m\u00e1s relajados.<\/p>\n<p>&nbsp;<\/p>\n<h4>Doctor, su robot es claramente visible dentro de su farmacia. \u00bfCu\u00e1l es el motivo de esta decisi\u00f3n?<\/h4>\n<p>El hecho de colocar el robot en un lugar claramente identificable fue mi elecci\u00f3n. Muchos de mis compa\u00f1eros prefieren dejar el robot en el back office, pero yo lo quer\u00eda en el centro de mi farmacia, claramente visible y est\u00e9ticamente agradable. De hecho, hemos decidido personalizarlo desde el punto de vista est\u00e9tico con paneles blancos brillantes y con paredes de cristal desde las que el cliente puede mirar el brazo mec\u00e1nico en movimiento.<\/p>\n<p>Por lo tanto, el cliente queda fascinado con la presencia del robot, y el hecho de ver el recorrido que toma el medicamento desde el almac\u00e9n hasta el mostrador ayuda a crear inter\u00e9s y suspenso.<\/p>\n<p>Por eso estoy convencido de que la idea de poner el robot en primer plano fue una idea ganadora, tanto por la imagen que se le da a la farmacia como por el asombro que genera su presencia en el cliente.<\/p>\n<p>[\/vc_column_text][vc_empty_space height=\u00bb100px\u00bb][\/vc_column][\/vc_row][vc_row][vc_column offset=\u00bbvc_hidden-lg\u00bb][vc_empty_space height=\u00bb50px\u00bb][vc_single_image image=\u00bb5361&#8243; img_size=\u00bbfull\u00bb alignment=\u00bbcenter\u00bb][vc_empty_space]<div id=\"ultimate-heading-565969f9e485abd98\" class=\"uvc-heading ult-adjust-bottom-margin ultimate-heading-565969f9e485abd98 uvc-8162 head-section-title uvc-heading-default-font-sizes\" data-hspacer=\"no_spacer\"  data-halign=\"center\" style=\"text-align:center\"><div class=\"uvc-heading-spacer no_spacer\" style=\"top\"><\/div><div class=\"uvc-main-heading ult-responsive\"  data-ultimate-target='.uvc-heading.ultimate-heading-565969f9e485abd98 p'  data-responsive-json-new='{\"font-size\":\"\",\"line-height\":\"\"}' ><p style=\"--font-weight:theme;\">LA PALABRA AL FARMAC\u00c9UTICO<\/p><\/div><\/div>[vc_empty_space][vc_column_text el_class=\u00bbtext-justify\u00bb]<\/p>\n<h4>Dr. Swierczynski, \u00bfqu\u00e9 le llev\u00f3 a decidir automatizar su farmacia?<\/h4>\n<p>La chispa que nos llev\u00f3 a evaluar la inclusi\u00f3n de un almac\u00e9n automatizado fue la presencia de exenciones fiscales, pero decidimos instalar un almac\u00e9n automatizado por sus numerosas ventajas, vinculadas tanto a la gesti\u00f3n del almac\u00e9n como a la nueva y mejor forma de interactuar con el cliente. Otra ventaja es el efecto de su presencia en la imagen de la farmacia: ahora se percibe como m\u00e1s moderna y acorde con los tiempos.<\/p>\n<p>&nbsp;<\/p>\n<h4>\u00bfQu\u00e9 te llev\u00f3 a elegir Pharmathek?<\/h4>\n<p>Conoc\u00eda la empresa desde hac\u00eda varios a\u00f1os gracias al consultor del \u00e1rea. Y eleg\u00ed Pharmathek porque, despu\u00e9s de comparar las caracter\u00edsticas de las diferentes soluciones disponibles, descubr\u00ed que era el mejor sistema del mercado y el m\u00e1s adecuado a mis necesidades.<\/p>\n<p>&nbsp;<\/p>\n<h4>\u00bfQu\u00e9 ha cambiado en la farmacia desde que se instal\u00f3 el robot?<\/h4>\n<p>Al principio, mi equipo y yo est\u00e1bamos un poco sesgados porque tem\u00edamos que su instalaci\u00f3n cambiara la forma en que trabajamos. Pero fue un miedo f\u00e1cilmente superable: en poco tiempo, tanto mis colaboradores como yo nos familiarizamos con el robot y ahora forma parte al 100% de nuestro sistema de trabajo.<\/p>\n<p>Adem\u00e1s, hemos tenido constancia de lo r\u00e1pido que es el servicio de asistencia, lo que nos permite estar a\u00fan m\u00e1s relajados.<\/p>\n<p>&nbsp;<\/p>\n<h4>Doctor, su robot es claramente visible dentro de su farmacia. \u00bfCu\u00e1l es el motivo de esta decisi\u00f3n?<\/h4>\n<p>El hecho de colocar el robot en un lugar claramente identificable fue mi elecci\u00f3n. Muchos de mis compa\u00f1eros prefieren dejar el robot en el back office, pero yo lo quer\u00eda en el centro de mi farmacia, claramente visible y est\u00e9ticamente agradable. De hecho, hemos decidido personalizarlo desde el punto de vista est\u00e9tico con paneles blancos brillantes y con paredes de cristal desde las que el cliente puede mirar el brazo mec\u00e1nico en movimiento.<\/p>\n<p>Por lo tanto, el cliente queda fascinado con la presencia del robot, y el hecho de ver el recorrido que toma el medicamento desde el almac\u00e9n hasta el mostrador ayuda a crear inter\u00e9s y suspenso.<\/p>\n<p>Por eso estoy convencido de que la idea de poner el robot en primer plano fue una idea ganadora, tanto por la imagen que se le da a la farmacia como por el asombro que genera su presencia en el cliente.<\/p>\n<p>[\/vc_column_text][vc_empty_space height=\u00bb50px\u00bb][\/vc_column][\/vc_row][vc_row full_width=\u00bbstretch_row\u00bb bg_type=\u00bbbg_color\u00bb bg_override=\u00bbfull\u00bb bg_color_value=\u00bb#eeeeef\u00bb][vc_column offset=\u00bbvc_hidden-md vc_hidden-sm vc_hidden-xs\u00bb][vc_empty_space height=\u00bb100px\u00bb]<div id=\"ultimate-heading-500669f9e485abe19\" class=\"uvc-heading ult-adjust-bottom-margin ultimate-heading-500669f9e485abe19 uvc-2825 head-section-title uvc-heading-default-font-sizes\" data-hspacer=\"no_spacer\"  data-halign=\"center\" style=\"text-align:center\"><div class=\"uvc-heading-spacer no_spacer\" style=\"top\"><\/div><div class=\"uvc-main-heading ult-responsive\"  data-ultimate-target='.uvc-heading.ultimate-heading-500669f9e485abe19 h2'  data-responsive-json-new='{\"font-size\":\"\",\"line-height\":\"\"}' ><h2 style=\"--font-weight:theme;\">GALER\u00cdA<\/h2><\/div><div class=\"uvc-sub-heading ult-responsive\"  data-ultimate-target='.uvc-heading.ultimate-heading-500669f9e485abe19 .uvc-sub-heading '  data-responsive-json-new='{\"font-size\":\"\",\"line-height\":\"\"}'  style=\"font-weight:normal;\"><\/p>\n<p>&nbsp;<\/p>\n<p>&nbsp;<\/p>\n<p><\/div><\/div>[vc_empty_space height=\u00bb50px\u00bb][vc_masonry_media_grid element_width=\u00bb3&#8243; gap=\u00bb10&#8243; grid_id=\u00bbvc_gid:1609428007738-f9e53a0a-da78-8&#8243; include=\u00bb5357,5341,5353,5337,5349,5345,5333,5329&#8243;][vc_empty_space height=\u00bb100px\u00bb][\/vc_column][\/vc_row][vc_row full_width=\u00bbstretch_row\u00bb bg_type=\u00bbbg_color\u00bb bg_override=\u00bbfull\u00bb bg_color_value=\u00bb#eeeeef\u00bb][vc_column offset=\u00bbvc_hidden-lg\u00bb][vc_empty_space height=\u00bb50px\u00bb]<div id=\"ultimate-heading-58669f9e485abeaf\" class=\"uvc-heading ult-adjust-bottom-margin ultimate-heading-58669f9e485abeaf uvc-502 head-section-title uvc-heading-default-font-sizes\" data-hspacer=\"no_spacer\"  data-halign=\"center\" style=\"text-align:center\"><div class=\"uvc-heading-spacer no_spacer\" style=\"top\"><\/div><div class=\"uvc-main-heading ult-responsive\"  data-ultimate-target='.uvc-heading.ultimate-heading-58669f9e485abeaf h2'  data-responsive-json-new='{\"font-size\":\"\",\"line-height\":\"\"}' ><h2 style=\"--font-weight:theme;\">GALER\u00cdA<\/h2><\/div><div class=\"uvc-sub-heading ult-responsive\"  data-ultimate-target='.uvc-heading.ultimate-heading-58669f9e485abeaf .uvc-sub-heading '  data-responsive-json-new='{\"font-size\":\"\",\"line-height\":\"\"}'  style=\"font-weight:normal;\"><\/p>\n<p>&nbsp;<\/p>\n<p>&nbsp;<\/p>\n<p><\/div><\/div>[vc_empty_space height=\u00bb50px\u00bb][vc_masonry_media_grid element_width=\u00bb3&#8243; gap=\u00bb10&#8243; grid_id=\u00bbvc_gid:1609429170609-f5a9632e-c384-5&#8243; include=\u00bb5357,5341,5353,5337,5349,5345,5333,5329&#8243;][vc_empty_space height=\u00bb50px\u00bb][\/vc_column][\/vc_row][vc_row full_width=\u00bbstretch_row\u00bb bg_type=\u00bbimage\u00bb parallax_style=\u00bbvcpb-default\u00bb bg_image_new=\u00bbid^1166|url^http:\/\/www.pharmathek.com\/wp-content\/uploads\/2018\/03\/farmacia-specifiche-background.jpg|caption^null|alt^null|title^farmacia-specifiche-background|description^null\u00bb bg_image_repeat=\u00bbno-repeat\u00bb bg_override=\u00bbfull\u00bb][vc_column][vc_empty_space height=\u00bb100px\u00bb]<div id=\"ultimate-heading-243669f9e485abf4f\" class=\"uvc-heading ult-adjust-bottom-margin ultimate-heading-243669f9e485abf4f uvc-853 head-section-title text-white uvc-heading-default-font-sizes\" data-hspacer=\"no_spacer\"  data-halign=\"center\" style=\"text-align:center\"><div class=\"uvc-heading-spacer no_spacer\" style=\"top\"><\/div><div class=\"uvc-main-heading ult-responsive\"  data-ultimate-target='.uvc-heading.ultimate-heading-243669f9e485abf4f h2'  data-responsive-json-new='{\"font-size\":\"\",\"line-height\":\"\"}' ><h2 style=\"--font-weight:theme;\">EL PROYECTO<\/h2><\/div><div class=\"uvc-sub-heading ult-responsive\"  data-ultimate-target='.uvc-heading.ultimate-heading-243669f9e485abf4f .uvc-sub-heading '  data-responsive-json-new='{\"font-size\":\"\",\"line-height\":\"\"}'  style=\"font-weight:normal;\"><\/p>\n<p>&nbsp;<\/p>\n<p>&nbsp;<\/p>\n<p><\/div><\/div>[vc_empty_space height=\u00bb50px\u00bb][vc_separator color=\u00bbwhite\u00bb][vc_row_inner][vc_column_inner width=\u00bb1\/2&#8243;][vc_column_text el_class=\u00bbprogetto-voci\u00bb]<\/p>\n<p>SOLUCIONES PHARMATHEK<\/p>\n<p>[\/vc_column_text][\/vc_column_inner][vc_column_inner width=\u00bb1\/2&#8243;][vc_column_text el_class=\u00bbprogetto-voci-valori\u00bb]SINTESI + PHARMALOAD + EUCLID3D[\/vc_column_text][\/vc_column_inner][\/vc_row_inner][vc_separator color=\u00bbwhite\u00bb][vc_row_inner][vc_column_inner width=\u00bb1\/2&#8243;][vc_column_text el_class=\u00bbprogetto-voci\u00bb]<\/p>\n<p>DIMENSIONES ROBOT<\/p>\n<p>[\/vc_column_text][\/vc_column_inner][vc_column_inner width=\u00bb1\/2&#8243;][vc_column_text el_class=\u00bbprogetto-voci-valori\u00bb]<\/p>\n<p>L 5.500 x H 3.600 mm<\/p>\n<p>[\/vc_column_text][\/vc_column_inner][\/vc_row_inner][vc_separator color=\u00bbwhite\u00bb][vc_row_inner][vc_column_inner width=\u00bb1\/2&#8243;][vc_column_text el_class=\u00bbprogetto-voci\u00bb]<\/p>\n<p>CAPACIDAD EN CAJAS<\/p>\n<p>[\/vc_column_text][\/vc_column_inner][vc_column_inner width=\u00bb1\/2&#8243;][vc_column_text el_class=\u00bbprogetto-voci-valori\u00bb]<\/p>\n<p>16.000<\/p>\n<p>[\/vc_column_text][\/vc_column_inner][\/vc_row_inner][vc_separator color=\u00bbwhite\u00bb][vc_row_inner][vc_column_inner width=\u00bb1\/2&#8243;][vc_column_text el_class=\u00bbprogetto-voci\u00bb]<\/p>\n<p>UBICACI\u00d3N ROBOT CON RESPECTO AL MOSTRADOR<\/p>\n<p>[\/vc_column_text][\/vc_column_inner][vc_column_inner width=\u00bb1\/2&#8243;][vc_column_text el_class=\u00bbprogetto-voci-valori\u00bb]<\/p>\n<div><span lang=\"ES\">DETR\u00c1S DEL MOSTRADOR <\/span><\/div>\n<p>[\/vc_column_text][\/vc_column_inner][\/vc_row_inner][vc_separator color=\u00bbwhite\u00bb][vc_row_inner][vc_column_inner width=\u00bb1\/2&#8243;][vc_column_text el_class=\u00bbprogetto-voci\u00bb]<\/p>\n<p>ROTACI\u00d3N DE PRODUCTO<\/p>\n<p>[\/vc_column_text][\/vc_column_inner][vc_column_inner width=\u00bb1\/2&#8243;][vc_column_text el_class=\u00bbprogetto-voci-valori\u00bb]<\/p>\n<p>Entre 500 y 1.000<\/p>\n<p>[\/vc_column_text][\/vc_column_inner][\/vc_row_inner][vc_separator color=\u00bbwhite\u00bb][vc_empty_space height=\u00bb100px\u00bb][\/vc_column][\/vc_row][vc_row full_width=\u00bbstretch_row_content_no_spaces\u00bb][vc_column][vc_single_image image=\u00bb5321&#8243; img_size=\u00bbfull\u00bb alignment=\u00bbcenter\u00bb]<style type=\"text\/css\" data-type=\"the7_shortcodes-inline-css\">#default-btn-5faae7e989bdcceeefc0a1c33d45665f.ico-right-side > i {\n  margin-right: 0px;\n  margin-left: 8px;\n}\n#default-btn-5faae7e989bdcceeefc0a1c33d45665f > i {\n  margin-right: 8px;\n}\n<\/style><div class=\"btn-align-center\"><a href=\"https:\/\/www.pharmathek.com\/es\/instalaciones\/\" class=\"default-btn-shortcode dt-btn dt-btn-l link-hover-off weight-300 full-width-btn \" id=\"default-btn-5faae7e989bdcceeefc0a1c33d45665f\"><span>Vuelve al listado de instalaciones<\/span><\/a><\/div>[\/vc_column][\/vc_row]<\/p>\n<\/div>","protected":false},"excerpt":{"rendered":"<p>Lonato del Garda<\/p>\n","protected":false},"author":3,"featured_media":5328,"parent":0,"menu_order":0,"comment_status":"closed","ping_status":"closed","template":"","meta":{"inline_featured_image":false,"footnotes":""},"categories":[27],"tags":[],"class_list":["post-11138","page","type-page","status-publish","has-post-thumbnail","hentry","category-farmacia","description-off"],"_links":{"self":[{"href":"https:\/\/www.pharmathek.com\/es\/wp-json\/wp\/v2\/pages\/11138","targetHints":{"allow":["GET"]}}],"collection":[{"href":"https:\/\/www.pharmathek.com\/es\/wp-json\/wp\/v2\/pages"}],"about":[{"href":"https:\/\/www.pharmathek.com\/es\/wp-json\/wp\/v2\/types\/page"}],"author":[{"embeddable":true,"href":"https:\/\/www.pharmathek.com\/es\/wp-json\/wp\/v2\/users\/3"}],"replies":[{"embeddable":true,"href":"https:\/\/www.pharmathek.com\/es\/wp-json\/wp\/v2\/comments?post=11138"}],"version-history":[{"count":2,"href":"https:\/\/www.pharmathek.com\/es\/wp-json\/wp\/v2\/pages\/11138\/revisions"}],"predecessor-version":[{"id":11151,"href":"https:\/\/www.pharmathek.com\/es\/wp-json\/wp\/v2\/pages\/11138\/revisions\/11151"}],"wp:featuredmedia":[{"embeddable":true,"href":"https:\/\/www.pharmathek.com\/es\/wp-json\/wp\/v2\/media\/5328"}],"wp:attachment":[{"href":"https:\/\/www.pharmathek.com\/es\/wp-json\/wp\/v2\/media?parent=11138"}],"wp:term":[{"taxonomy":"category","embeddable":true,"href":"https:\/\/www.pharmathek.com\/es\/wp-json\/wp\/v2\/categories?post=11138"},{"taxonomy":"post_tag","embeddable":true,"href":"https:\/\/www.pharmathek.com\/es\/wp-json\/wp\/v2\/tags?post=11138"}],"curies":[{"name":"wp","href":"https:\/\/api.w.org\/{rel}","templated":true}]}}