{"id":11198,"date":"2018-09-06T15:50:14","date_gmt":"2018-09-06T13:50:14","guid":{"rendered":"http:\/\/www.pharmathek.com\/farmacia-cali-vittoria\/"},"modified":"2021-01-04T11:51:38","modified_gmt":"2021-01-04T10:51:38","slug":"farmacia-cali-vittoria","status":"publish","type":"page","link":"https:\/\/www.pharmathek.com\/es\/farmacia-cali-vittoria\/","title":{"rendered":"Farmacia Cal\u00ec"},"content":{"rendered":"<div class=\"wpb-content-wrapper\"><p>[vc_row full_width=\u00bbstretch_row_content\u00bb equal_height=\u00bbyes\u00bb content_placement=\u00bbmiddle\u00bb bg_type=\u00bbbg_color\u00bb bg_override=\u00bbfull\u00bb bg_color_value=\u00bb#eeeeef\u00bb][vc_column width=\u00bb1\/2&#8243; css=\u00bb.vc_custom_1527495412907{padding-right: 0px !important;padding-left: 0px !important;}\u00bb offset=\u00bbvc_hidden-md vc_hidden-sm vc_hidden-xs\u00bb][vc_single_image image=\u00bb4660&#8243; img_size=\u00bbfull\u00bb][\/vc_column][vc_column width=\u00bb1\/2&#8243; css=\u00bb.vc_custom_1527495434052{padding-right: 100px !important;padding-left: 100px !important;}\u00bb offset=\u00bbvc_hidden-md vc_hidden-sm vc_hidden-xs\u00bb][vc_empty_space]<div id=\"ultimate-heading-269769f9e90de88e9\" class=\"uvc-heading ult-adjust-bottom-margin ultimate-heading-269769f9e90de88e9 uvc-1723 head-section-title uvc-heading-default-font-sizes\" data-hspacer=\"no_spacer\"  data-halign=\"center\" style=\"text-align:center\"><div class=\"uvc-heading-spacer no_spacer\" style=\"top\"><\/div><div class=\"uvc-main-heading ult-responsive\"  data-ultimate-target='.uvc-heading.ultimate-heading-269769f9e90de88e9 p'  data-responsive-json-new='{\"font-size\":\"\",\"line-height\":\"\"}' ><p style=\"--font-weight:theme;\">FARMACIA CAL\u00cc<\/p><\/div><div class=\"uvc-sub-heading ult-responsive\"  data-ultimate-target='.uvc-heading.ultimate-heading-269769f9e90de88e9 .uvc-sub-heading '  data-responsive-json-new='{\"font-size\":\"\",\"line-height\":\"\"}'  style=\"font-weight:normal;\"><\/p>\n<p>&nbsp;<\/p>\n<p>&nbsp;<\/p>\n<p><\/div><\/div>[vc_empty_space][vc_column_text el_class=\u00bbtext-justify\u00bb]<\/p>\n<p>La Farmacia Cal\u00ec de la Dra. Mancuso consta de tres plantas, dos de las cuales est\u00e1n dedicadas al p\u00fablico, para la exposici\u00f3n de productos y prestaci\u00f3n de servicios, y una dedicada a las actividades de back-office. Es en este nivel, ubicado en el s\u00f3tano de la farmacia, donde se ha colocado el robot Pharmathek, equipado con un cargador autom\u00e1tico y el exclusivo brazo mec\u00e1nico Euclid3D.<\/p>\n<p>El sistema, gestionado por el trabajador del almac\u00e9n, permite simplificar sus actividades diarias, as\u00ed como disponer de m\u00e1s tiempo para trabajos que no se pueden delegar en sistemas automatizados.<\/p>\n<p>[\/vc_column_text][vc_empty_space][\/vc_column][\/vc_row][vc_row full_width=\u00bbstretch_row_content\u00bb equal_height=\u00bbyes\u00bb content_placement=\u00bbmiddle\u00bb bg_type=\u00bbbg_color\u00bb bg_override=\u00bbfull\u00bb bg_color_value=\u00bb#eeeeef\u00bb][vc_column css=\u00bb.vc_custom_1527495377321{padding-right: 0px !important;padding-left: 0px !important;}\u00bb el_class=\u00bbfull-width-no-padding\u00bb offset=\u00bbvc_hidden-lg\u00bb][vc_single_image image=\u00bb4660&#8243; img_size=\u00bbfull\u00bb][vc_empty_space]<div id=\"ultimate-heading-557269f9e90de898e\" class=\"uvc-heading ult-adjust-bottom-margin ultimate-heading-557269f9e90de898e uvc-210 head-section-title uvc-heading-default-font-sizes\" data-hspacer=\"no_spacer\"  data-halign=\"center\" style=\"text-align:center\"><div class=\"uvc-heading-spacer no_spacer\" style=\"top\"><\/div><div class=\"uvc-main-heading ult-responsive\"  data-ultimate-target='.uvc-heading.ultimate-heading-557269f9e90de898e p'  data-responsive-json-new='{\"font-size\":\"\",\"line-height\":\"\"}' ><p style=\"--font-weight:theme;\">FARMACIA CAL\u00cc<\/p><\/div><div class=\"uvc-sub-heading ult-responsive\"  data-ultimate-target='.uvc-heading.ultimate-heading-557269f9e90de898e .uvc-sub-heading '  data-responsive-json-new='{\"font-size\":\"\",\"line-height\":\"\"}'  style=\"font-weight:normal;\"><\/p>\n<p>&nbsp;<\/p>\n<p>&nbsp;<\/p>\n<p><\/div><\/div>[vc_empty_space][vc_column_text el_class=\u00bbtext-justify\u00bb]<\/p>\n<p>La Farmacia Cal\u00ec de la Dra. Mancuso consta de tres plantas, dos de las cuales est\u00e1n dedicadas al p\u00fablico, para la exposici\u00f3n de productos y prestaci\u00f3n de servicios, y una dedicada a las actividades de back-office. Es en este nivel, ubicado en el s\u00f3tano de la farmacia, donde se ha colocado el robot Pharmathek, equipado con un cargador autom\u00e1tico y el exclusivo brazo mec\u00e1nico Euclid3D.<\/p>\n<p>El sistema, gestionado por el trabajador del almac\u00e9n, permite simplificar sus actividades diarias, as\u00ed como disponer de m\u00e1s tiempo para trabajos que no se pueden delegar en sistemas automatizados.<\/p>\n<p>[\/vc_column_text][vc_empty_space][\/vc_column][\/vc_row][vc_row][vc_column offset=\u00bbvc_hidden-md vc_hidden-sm vc_hidden-xs\u00bb][vc_empty_space height=\u00bb100px\u00bb][vc_single_image image=\u00bb4664&#8243; img_size=\u00bbfull\u00bb alignment=\u00bbcenter\u00bb][vc_empty_space]<div id=\"ultimate-heading-998669f9e90de8a10\" class=\"uvc-heading ult-adjust-bottom-margin ultimate-heading-998669f9e90de8a10 uvc-2133 head-section-title uvc-heading-default-font-sizes\" data-hspacer=\"no_spacer\"  data-halign=\"center\" style=\"text-align:center\"><div class=\"uvc-heading-spacer no_spacer\" style=\"top\"><\/div><div class=\"uvc-main-heading ult-responsive\"  data-ultimate-target='.uvc-heading.ultimate-heading-998669f9e90de8a10 p'  data-responsive-json-new='{\"font-size\":\"\",\"line-height\":\"\"}' ><p style=\"--font-weight:theme;\">LA PALABRA AL FARMAC\u00c9UTICO<\/p><\/div><\/div>[vc_empty_space][vc_column_text el_class=\u00bbtext-justify\u00bb]<\/p>\n<p>\u00bfGesti\u00f3n de existencias en almac\u00e9n? Con los cajones era una pesadilla: debido al creciente n\u00famero de referencias se hab\u00eda vuelto imposible encontrar un f\u00e1rmaco de baja rotaci\u00f3n en el primer intento, entre otras cosas sin estar seguro de tenerlo en stock o no. Por no hablar del inmenso trabajo manual que hubo que realizar para gestionar el inventario diario, la lista de reorden, almacenar y recoger los numerosos medicamentos e identificar y retirar los caducados.<\/p>\n<p>Realmente, cuando pienso en todo el tiempo perdido en estas aburridas tareas, \u00a1me enferma! Pero afortunadamente es cosa del pasado.<\/p>\n<p>Hoy tengo un almac\u00e9n automatizado de Pharmathek que realiza todas estas tareas por m\u00ed, con una velocidad y precisi\u00f3n inigualables.<\/p>\n<p>Adem\u00e1s, la computadora realiza un seguimiento de todo lo que entra y sale del almac\u00e9n, asegurando un inventario actualizado en tiempo real. Esto le permite mantener monitoreados datos importantes como la tasa de rotaci\u00f3n, lo que lo lleva a optimizar los pedidos y las existencias.<\/p>\n<p>El robot Pharmathek realiza todas estas tareas de manera tan eficiente que hoy parece impensable trabajar sin \u00e9l.<\/p>\n<p>[\/vc_column_text][vc_empty_space height=\u00bb100px\u00bb][\/vc_column][\/vc_row][vc_row][vc_column offset=\u00bbvc_hidden-lg\u00bb][vc_empty_space height=\u00bb50px\u00bb][vc_single_image image=\u00bb4664&#8243; img_size=\u00bbfull\u00bb alignment=\u00bbcenter\u00bb][vc_empty_space]<div id=\"ultimate-heading-106869f9e90de8a9b\" class=\"uvc-heading ult-adjust-bottom-margin ultimate-heading-106869f9e90de8a9b uvc-520 head-section-title uvc-heading-default-font-sizes\" data-hspacer=\"no_spacer\"  data-halign=\"center\" style=\"text-align:center\"><div class=\"uvc-heading-spacer no_spacer\" style=\"top\"><\/div><div class=\"uvc-main-heading ult-responsive\"  data-ultimate-target='.uvc-heading.ultimate-heading-106869f9e90de8a9b p'  data-responsive-json-new='{\"font-size\":\"\",\"line-height\":\"\"}' ><p style=\"--font-weight:theme;\">LA PALABRA AL FARMAC\u00c9UTICO<\/p><\/div><\/div>[vc_empty_space][vc_column_text el_class=\u00bbtext-justify\u00bb]<\/p>\n<p>\u00bfGesti\u00f3n de existencias en almac\u00e9n? Con los cajones era una pesadilla: debido al creciente n\u00famero de referencias se hab\u00eda vuelto imposible encontrar un f\u00e1rmaco de baja rotaci\u00f3n en el primer intento, entre otras cosas sin estar seguro de tenerlo en stock o no. Por no hablar del inmenso trabajo manual que hubo que realizar para gestionar el inventario diario, la lista de reorden, almacenar y recoger los numerosos medicamentos e identificar y retirar los caducados.<\/p>\n<p>Realmente, cuando pienso en todo el tiempo perdido en estas aburridas tareas, \u00a1me enferma! Pero afortunadamente es cosa del pasado.<\/p>\n<p>Hoy tengo un almac\u00e9n automatizado de Pharmathek que realiza todas estas tareas por m\u00ed, con una velocidad y precisi\u00f3n inigualables.<\/p>\n<p>Adem\u00e1s, la computadora realiza un seguimiento de todo lo que entra y sale del almac\u00e9n, asegurando un inventario actualizado en tiempo real. Esto le permite mantener monitoreados datos importantes como la tasa de rotaci\u00f3n, lo que lo lleva a optimizar los pedidos y las existencias.<\/p>\n<p>El robot Pharmathek realiza todas estas tareas de manera tan eficiente que hoy parece impensable trabajar sin \u00e9l.<\/p>\n<p>[\/vc_column_text][vc_empty_space height=\u00bb50px\u00bb][\/vc_column][\/vc_row][vc_row full_width=\u00bbstretch_row\u00bb bg_type=\u00bbbg_color\u00bb bg_override=\u00bbfull\u00bb bg_color_value=\u00bb#eeeeef\u00bb][vc_column offset=\u00bbvc_hidden-md vc_hidden-sm vc_hidden-xs\u00bb][vc_empty_space height=\u00bb100px\u00bb]<div id=\"ultimate-heading-58769f9e90de8b0f\" class=\"uvc-heading ult-adjust-bottom-margin ultimate-heading-58769f9e90de8b0f uvc-7484 head-section-title uvc-heading-default-font-sizes\" data-hspacer=\"no_spacer\"  data-halign=\"center\" style=\"text-align:center\"><div class=\"uvc-heading-spacer no_spacer\" style=\"top\"><\/div><div class=\"uvc-main-heading ult-responsive\"  data-ultimate-target='.uvc-heading.ultimate-heading-58769f9e90de8b0f h2'  data-responsive-json-new='{\"font-size\":\"\",\"line-height\":\"\"}' ><h2 style=\"--font-weight:theme;\">GALER\u00cdA<\/h2><\/div><div class=\"uvc-sub-heading ult-responsive\"  data-ultimate-target='.uvc-heading.ultimate-heading-58769f9e90de8b0f .uvc-sub-heading '  data-responsive-json-new='{\"font-size\":\"\",\"line-height\":\"\"}'  style=\"font-weight:normal;\"><\/p>\n<p>&nbsp;<\/p>\n<p>&nbsp;<\/p>\n<p><\/div><\/div>[vc_empty_space height=\u00bb50px\u00bb][vc_masonry_media_grid element_width=\u00bb3&#8243; gap=\u00bb10&#8243; grid_id=\u00bbvc_gid:1609750089905-c5b8c498-6878-8&#8243; include=\u00bb4688,4684,4680,4676,4672,4668,4698,4702&#8243;][vc_empty_space height=\u00bb100px\u00bb][\/vc_column][\/vc_row][vc_row full_width=\u00bbstretch_row\u00bb bg_type=\u00bbbg_color\u00bb bg_override=\u00bbfull\u00bb bg_color_value=\u00bb#eeeeef\u00bb][vc_column offset=\u00bbvc_hidden-lg\u00bb][vc_empty_space height=\u00bb50px\u00bb]<div id=\"ultimate-heading-810869f9e90de8ba3\" class=\"uvc-heading ult-adjust-bottom-margin ultimate-heading-810869f9e90de8ba3 uvc-3485 head-section-title uvc-heading-default-font-sizes\" data-hspacer=\"no_spacer\"  data-halign=\"center\" style=\"text-align:center\"><div class=\"uvc-heading-spacer no_spacer\" style=\"top\"><\/div><div class=\"uvc-main-heading ult-responsive\"  data-ultimate-target='.uvc-heading.ultimate-heading-810869f9e90de8ba3 h2'  data-responsive-json-new='{\"font-size\":\"\",\"line-height\":\"\"}' ><h2 style=\"--font-weight:theme;\">GALER\u00cdA<\/h2><\/div><div class=\"uvc-sub-heading ult-responsive\"  data-ultimate-target='.uvc-heading.ultimate-heading-810869f9e90de8ba3 .uvc-sub-heading '  data-responsive-json-new='{\"font-size\":\"\",\"line-height\":\"\"}'  style=\"font-weight:normal;\"><\/p>\n<p>&nbsp;<\/p>\n<p>&nbsp;<\/p>\n<p><\/div><\/div>[vc_empty_space height=\u00bb50px\u00bb][vc_masonry_media_grid element_width=\u00bb3&#8243; gap=\u00bb10&#8243; grid_id=\u00bbvc_gid:1609750089969-3828a032-4fae-10&#8243; include=\u00bb4688,4684,4680,4676,4672,4668,4698,4702&#8243;][vc_empty_space height=\u00bb50px\u00bb][\/vc_column][\/vc_row][vc_row full_width=\u00bbstretch_row\u00bb bg_type=\u00bbimage\u00bb parallax_style=\u00bbvcpb-default\u00bb bg_image_new=\u00bbid^1166|url^http:\/\/www.pharmathek.com\/wp-content\/uploads\/2018\/03\/farmacia-specifiche-background.jpg|caption^null|alt^null|title^farmacia-specifiche-background|description^null\u00bb bg_image_repeat=\u00bbno-repeat\u00bb bg_override=\u00bbfull\u00bb][vc_column][vc_empty_space height=\u00bb100px\u00bb]<div id=\"ultimate-heading-535969f9e90de8c1b\" class=\"uvc-heading ult-adjust-bottom-margin ultimate-heading-535969f9e90de8c1b uvc-7325 head-section-title text-white uvc-heading-default-font-sizes\" data-hspacer=\"no_spacer\"  data-halign=\"center\" style=\"text-align:center\"><div class=\"uvc-heading-spacer no_spacer\" style=\"top\"><\/div><div class=\"uvc-main-heading ult-responsive\"  data-ultimate-target='.uvc-heading.ultimate-heading-535969f9e90de8c1b h2'  data-responsive-json-new='{\"font-size\":\"\",\"line-height\":\"\"}' ><h2 style=\"--font-weight:theme;\">EL PROYECTO<\/h2><\/div><div class=\"uvc-sub-heading ult-responsive\"  data-ultimate-target='.uvc-heading.ultimate-heading-535969f9e90de8c1b .uvc-sub-heading '  data-responsive-json-new='{\"font-size\":\"\",\"line-height\":\"\"}'  style=\"font-weight:normal;\"><\/p>\n<p>&nbsp;<\/p>\n<p>&nbsp;<\/p>\n<p><\/div><\/div>[vc_empty_space height=\u00bb50px\u00bb][vc_separator color=\u00bbwhite\u00bb][vc_separator color=\u00bbwhite\u00bb][vc_row_inner][vc_column_inner width=\u00bb1\/2&#8243;][vc_column_text el_class=\u00bbprogetto-voci\u00bb]<\/p>\n<p>SOLUCIONES PHARMATHEK<\/p>\n<p>[\/vc_column_text][\/vc_column_inner][vc_column_inner width=\u00bb1\/2&#8243;][vc_column_text el_class=\u00bbprogetto-voci-valori\u00bb]SINTESI + PHARMALOAD + EUCLID3D[\/vc_column_text][\/vc_column_inner][\/vc_row_inner][vc_separator color=\u00bbwhite\u00bb][vc_row_inner][vc_column_inner width=\u00bb1\/2&#8243;][vc_column_text el_class=\u00bbprogetto-voci\u00bb]<\/p>\n<p>DIMENSIONES ROBOT<\/p>\n<p>[\/vc_column_text][\/vc_column_inner][vc_column_inner width=\u00bb1\/2&#8243;][vc_column_text el_class=\u00bbprogetto-voci-valori\u00bb]<\/p>\n<p>L 6.547 x H 2.500 mm<\/p>\n<p>[\/vc_column_text][\/vc_column_inner][\/vc_row_inner][vc_separator color=\u00bbwhite\u00bb][vc_row_inner][vc_column_inner width=\u00bb1\/2&#8243;][vc_column_text el_class=\u00bbprogetto-voci\u00bb]<\/p>\n<p>CAPACIDAD EN CAJAS<\/p>\n<p>[\/vc_column_text][\/vc_column_inner][vc_column_inner width=\u00bb1\/2&#8243;][vc_column_text el_class=\u00bbprogetto-voci-valori\u00bb]<\/p>\n<p>13.000<\/p>\n<p>[\/vc_column_text][\/vc_column_inner][\/vc_row_inner][vc_separator color=\u00bbwhite\u00bb][vc_row_inner][vc_column_inner width=\u00bb1\/2&#8243;][vc_column_text el_class=\u00bbprogetto-voci\u00bb]<\/p>\n<p>UBICACI\u00d3N ROBOT CON RESPECTO AL MOSTRADOR<\/p>\n<p>[\/vc_column_text][\/vc_column_inner][vc_column_inner width=\u00bb1\/2&#8243;][vc_column_text el_class=\u00bbprogetto-voci-valori\u00bb]<\/p>\n<p>S\u00d3TANO<\/p>\n<p>[\/vc_column_text][\/vc_column_inner][\/vc_row_inner][vc_separator color=\u00bbwhite\u00bb][vc_row_inner][vc_column_inner width=\u00bb1\/2&#8243;][vc_column_text el_class=\u00bbprogetto-voci\u00bb]<\/p>\n<p>ROTACI\u00d3N DE PRODUCTO<\/p>\n<p>[\/vc_column_text][\/vc_column_inner][vc_column_inner width=\u00bb1\/2&#8243;][vc_column_text el_class=\u00bbprogetto-voci-valori\u00bb]<\/p>\n<p>Entre 500 y 1.000<\/p>\n<p>[\/vc_column_text][\/vc_column_inner][\/vc_row_inner][vc_separator color=\u00bbwhite\u00bb][vc_empty_space height=\u00bb100px\u00bb][\/vc_column][\/vc_row][vc_row full_width=\u00bbstretch_row_content_no_spaces\u00bb][vc_column][vc_single_image image=\u00bb4692&#8243; img_size=\u00bbfull\u00bb alignment=\u00bbcenter\u00bb]<style type=\"text\/css\" data-type=\"the7_shortcodes-inline-css\">#default-btn-5faae7e989bdcceeefc0a1c33d45665f.ico-right-side > i {\n  margin-right: 0px;\n  margin-left: 8px;\n}\n#default-btn-5faae7e989bdcceeefc0a1c33d45665f > i {\n  margin-right: 8px;\n}\n<\/style><div class=\"btn-align-center\"><a href=\"https:\/\/www.pharmathek.com\/es\/instalaciones\/\" class=\"default-btn-shortcode dt-btn dt-btn-l link-hover-off weight-300 full-width-btn \" id=\"default-btn-5faae7e989bdcceeefc0a1c33d45665f\"><span>Vuelve al listado de instalaciones<\/span><\/a><\/div>[\/vc_column][\/vc_row]<\/p>\n<\/div>","protected":false},"excerpt":{"rendered":"<p>Vittoria<\/p>\n","protected":false},"author":3,"featured_media":4710,"parent":0,"menu_order":0,"comment_status":"closed","ping_status":"closed","template":"","meta":{"inline_featured_image":false,"footnotes":""},"categories":[27],"tags":[],"class_list":["post-11198","page","type-page","status-publish","has-post-thumbnail","hentry","category-farmacia","description-off"],"_links":{"self":[{"href":"https:\/\/www.pharmathek.com\/es\/wp-json\/wp\/v2\/pages\/11198","targetHints":{"allow":["GET"]}}],"collection":[{"href":"https:\/\/www.pharmathek.com\/es\/wp-json\/wp\/v2\/pages"}],"about":[{"href":"https:\/\/www.pharmathek.com\/es\/wp-json\/wp\/v2\/types\/page"}],"author":[{"embeddable":true,"href":"https:\/\/www.pharmathek.com\/es\/wp-json\/wp\/v2\/users\/3"}],"replies":[{"embeddable":true,"href":"https:\/\/www.pharmathek.com\/es\/wp-json\/wp\/v2\/comments?post=11198"}],"version-history":[{"count":3,"href":"https:\/\/www.pharmathek.com\/es\/wp-json\/wp\/v2\/pages\/11198\/revisions"}],"predecessor-version":[{"id":11235,"href":"https:\/\/www.pharmathek.com\/es\/wp-json\/wp\/v2\/pages\/11198\/revisions\/11235"}],"wp:featuredmedia":[{"embeddable":true,"href":"https:\/\/www.pharmathek.com\/es\/wp-json\/wp\/v2\/media\/4710"}],"wp:attachment":[{"href":"https:\/\/www.pharmathek.com\/es\/wp-json\/wp\/v2\/media?parent=11198"}],"wp:term":[{"taxonomy":"category","embeddable":true,"href":"https:\/\/www.pharmathek.com\/es\/wp-json\/wp\/v2\/categories?post=11198"},{"taxonomy":"post_tag","embeddable":true,"href":"https:\/\/www.pharmathek.com\/es\/wp-json\/wp\/v2\/tags?post=11198"}],"curies":[{"name":"wp","href":"https:\/\/api.w.org\/{rel}","templated":true}]}}