{"id":11451,"date":"2020-10-09T14:39:20","date_gmt":"2020-10-09T12:39:20","guid":{"rendered":"http:\/\/www.pharmathek.com\/farmacia-draxlmaier-im-westpark\/"},"modified":"2021-01-26T10:22:09","modified_gmt":"2021-01-26T09:22:09","slug":"farmacia-draxlmaier-im-westpark","status":"publish","type":"page","link":"https:\/\/www.pharmathek.com\/es\/farmacia-draxlmaier-im-westpark\/","title":{"rendered":"Farmacia Dr\u00e4xlmaier im Westpark"},"content":{"rendered":"<div class=\"wpb-content-wrapper\"><p>[vc_row full_width=\u00bbstretch_row_content\u00bb equal_height=\u00bbyes\u00bb content_placement=\u00bbmiddle\u00bb bg_type=\u00bbbg_color\u00bb bg_override=\u00bbfull\u00bb bg_color_value=\u00bb#eeeeef\u00bb][vc_column width=\u00bb1\/2&#8243; css=\u00bb.vc_custom_1523960338488{padding-right: 0px !important;padding-left: 0px !important;}\u00bb offset=\u00bbvc_hidden-md vc_hidden-sm vc_hidden-xs\u00bb][vc_single_image image=\u00bb10848&#8243; img_size=\u00bbfull\u00bb][\/vc_column][vc_column width=\u00bb1\/2&#8243; css=\u00bb.vc_custom_1523960343032{padding-right: 100px !important;padding-left: 100px !important;}\u00bb offset=\u00bbvc_hidden-md vc_hidden-sm vc_hidden-xs\u00bb][vc_empty_space]<div id=\"ultimate-heading-73369f9e7bfe0582\" class=\"uvc-heading ult-adjust-bottom-margin ultimate-heading-73369f9e7bfe0582 uvc-1938 head-section-title uvc-heading-default-font-sizes\" data-hspacer=\"no_spacer\"  data-halign=\"center\" style=\"text-align:center\"><div class=\"uvc-heading-spacer no_spacer\" style=\"top\"><\/div><div class=\"uvc-main-heading ult-responsive\"  data-ultimate-target='.uvc-heading.ultimate-heading-73369f9e7bfe0582 p'  data-responsive-json-new='{\"font-size\":\"\",\"line-height\":\"\"}' ><p style=\"--font-weight:theme;\">FARMACIA DR\u00c4XLMAIER IM WESTPARK<\/p><\/div><div class=\"uvc-sub-heading ult-responsive\"  data-ultimate-target='.uvc-heading.ultimate-heading-73369f9e7bfe0582 .uvc-sub-heading '  data-responsive-json-new='{\"font-size\":\"\",\"line-height\":\"\"}'  style=\"font-weight:normal;\"><\/p>\n<p>&nbsp;<\/p>\n<p>&nbsp;<\/p>\n<p><\/div><\/div>[vc_empty_space][vc_column_text el_class=\u00bbtext-justify\u00bb]<\/p>\n<p>La farmacia Dr\u00e4xlmaier Im Westpark (en alem\u00e1n, Im Westpark Dr\u00e4xlmaier Apotheken) est\u00e1 equipada con un robot Pharmathek.<\/p>\n<p>La elecci\u00f3n de Dr\u00e4xlmaier de automatizar su farmacia est\u00e1 vinculada a su deseo de ofrecer un servicio moderno a sus clientes y al mismo tiempo obtener una gesti\u00f3n \u00f3ptima de la farmacia.<\/p>\n<p>El robot, de tama\u00f1o bastante considerable, se caracteriza por una est\u00e9tica muy elegante, mitad blanca y mitad negra y con paneles de vidrio desde los que los clientes pueden ver al manipulador mec\u00e1nico moverse de una estanter\u00eda a otra.<\/p>\n<p>Dr\u00e4xlmaier Apotheken Im Westpark Pharmacy, ubicada en Straubing, Alemania, es la segunda de las farmacias de la familia Dr\u00e4xlmaier que ha sido equipada con un robot Pharmathek. La primera en tener un almac\u00e9n de Pharmathek es la \u00a0<a href=\"https:\/\/www.pharmathek.com\/es\/farmacia-draxlmaier-im-dez\/\" target=\"_blank\" rel=\"noopener noreferrer\">Dr\u00e4xlmaier Apotheken im Dez\u00a0(Regensburg)<\/a>.<\/p>\n<p>[\/vc_column_text][vc_empty_space][\/vc_column][\/vc_row][vc_row full_width=\u00bbstretch_row_content\u00bb equal_height=\u00bbyes\u00bb content_placement=\u00bbmiddle\u00bb bg_type=\u00bbbg_color\u00bb bg_override=\u00bbfull\u00bb bg_color_value=\u00bb#eeeeef\u00bb][vc_column css=\u00bb.vc_custom_1524126670718{padding-right: 0px !important;padding-left: 0px !important;}\u00bb offset=\u00bbvc_hidden-lg\u00bb el_class=\u00bbfull-width-no-padding\u00bb][vc_single_image image=\u00bb10848&#8243; img_size=\u00bbfull\u00bb][vc_empty_space]<div id=\"ultimate-heading-993869f9e7bfe0644\" class=\"uvc-heading ult-adjust-bottom-margin ultimate-heading-993869f9e7bfe0644 uvc-5424 head-section-title uvc-heading-default-font-sizes\" data-hspacer=\"no_spacer\"  data-halign=\"center\" style=\"text-align:center\"><div class=\"uvc-heading-spacer no_spacer\" style=\"top\"><\/div><div class=\"uvc-main-heading ult-responsive\"  data-ultimate-target='.uvc-heading.ultimate-heading-993869f9e7bfe0644 p'  data-responsive-json-new='{\"font-size\":\"\",\"line-height\":\"\"}' ><p style=\"--font-weight:theme;\">LA FARMACIA DR\u00c4XLMAIER IM WESTPARK<\/p><\/div><div class=\"uvc-sub-heading ult-responsive\"  data-ultimate-target='.uvc-heading.ultimate-heading-993869f9e7bfe0644 .uvc-sub-heading '  data-responsive-json-new='{\"font-size\":\"\",\"line-height\":\"\"}'  style=\"font-weight:normal;\"><\/p>\n<p>&nbsp;<\/p>\n<p>&nbsp;<\/p>\n<p><\/div><\/div>[vc_empty_space][vc_column_text el_class=\u00bbtext-justify\u00bb]<\/p>\n<p>La farmacia Dr\u00e4xlmaier Im Westpark (en alem\u00e1n, Im Westpark Dr\u00e4xlmaier Apotheken) est\u00e1 equipada con un robot Pharmathek.<\/p>\n<p>La elecci\u00f3n de Dr\u00e4xlmaier de automatizar su farmacia est\u00e1 vinculada a su deseo de ofrecer un servicio moderno a sus clientes y al mismo tiempo obtener una gesti\u00f3n \u00f3ptima de la farmacia.<\/p>\n<p>El robot, de tama\u00f1o bastante considerable, se caracteriza por una est\u00e9tica muy elegante, mitad blanca y mitad negra y con paneles de vidrio desde los que los clientes pueden ver al manipulador mec\u00e1nico moverse de una estanter\u00eda a otra.<\/p>\n<p>Dr\u00e4xlmaier Apotheken Im Westpark Pharmacy, ubicada en Straubing, Alemania, es la segunda de las farmacias de la familia Dr\u00e4xlmaier que ha sido equipada con un robot Pharmathek. La primera en tener un almac\u00e9n de Pharmathek es la \u00a0<a href=\"https:\/\/www.pharmathek.com\/es\/farmacia-draxlmaier-im-dez\/\" target=\"_blank\" rel=\"noopener noreferrer\">Dr\u00e4xlmaier Apotheken im Dez\u00a0(Regensburg)<\/a>.<\/p>\n<p>[\/vc_column_text][vc_empty_space][\/vc_column][\/vc_row][vc_row][vc_column offset=\u00bbvc_hidden-md vc_hidden-sm vc_hidden-xs\u00bb][vc_empty_space height=\u00bb100px\u00bb][vc_single_image image=\u00bb6938&#8243; img_size=\u00bbfull\u00bb alignment=\u00bbcenter\u00bb][vc_empty_space]<div id=\"ultimate-heading-333569f9e7bfe06cb\" class=\"uvc-heading ult-adjust-bottom-margin ultimate-heading-333569f9e7bfe06cb uvc-679 head-section-title uvc-heading-default-font-sizes\" data-hspacer=\"no_spacer\"  data-halign=\"center\" style=\"text-align:center\"><div class=\"uvc-heading-spacer no_spacer\" style=\"top\"><\/div><div class=\"uvc-main-heading ult-responsive\"  data-ultimate-target='.uvc-heading.ultimate-heading-333569f9e7bfe06cb p'  data-responsive-json-new='{\"font-size\":\"\",\"line-height\":\"\"}' ><p style=\"--font-weight:theme;\">LA PALABRA AL FARMAC\u00c9UTICO<\/p><\/div><\/div>[vc_empty_space][vc_column_text el_class=\u00bbtext-justify\u00bb]<\/p>\n<h4>Dr\u00e4xlmaier, \u00bfqu\u00e9 le llev\u00f3 a decidirse por automatizar su farmacia?<\/h4>\n<p>Decidimos instalar un almac\u00e9n robotizado porque pensamos que es un elemento imprescindible en una farmacia moderna, sobre todo si se caracteriza por un elevado flujo de clientes.<\/p>\n<p>Tener un robot de almac\u00e9n es importante no solo para ofrecer un servicio de vanguardia a los clientes, sino tambi\u00e9n para poder gestionar de forma \u00f3ptima los numerosos productos.<\/p>\n<p>&nbsp;<\/p>\n<h4>\u00bfQu\u00e9 le llev\u00f3 a decidirse a confiar en Pharmathek para la automatizaci\u00f3n de su farmacia?<\/h4>\n<p>La experiencia positiva previa. Ya tenemos un robot Pharmathek en nuestra farmacia en Regensburg, en el Centro Comercial Danubio y est\u00e1bamos tan satisfechos que no ten\u00edamos dudas sobre confiar en Pharmathek tambi\u00e9n para esta segunda farmacia.<\/p>\n<p>&nbsp;<\/p>\n<h4>\u00bfEst\u00e1 satisfecha con su robot Pharmathek?<\/h4>\n<p>Absolutamente s\u00ed.<\/p>\n<p>Adem\u00e1s de estar satisfechos desde el punto de vista del rendimiento, tambi\u00e9n estamos contentos con las caracter\u00edsticas est\u00e9ticas del robot instalado: gracias al alto grado de personalizaci\u00f3n est\u00e9tica que pone a disposici\u00f3n Pharmathek, pudimos instalar un robot perfectamente integrado con la arquitectura del entorno.<\/p>\n<p>&nbsp;<\/p>\n<h4>\u00bfQu\u00e9 opinan los clientes de que haya instalado un robot?<\/h4>\n<p>\u00a1A nuestros clientes les encanta! Despu\u00e9s de todo, nuestro robot es el punto culminante visual de la farmacia, el elemento central.<\/p>\n<p>&nbsp;<\/p>\n<h4>\u00bfRecomendar\u00eda Pharmathek a sus colegas?<\/h4>\n<p>\u00a1Por supuesto!<\/p>\n<p>&nbsp;<\/p>\n<p>Doctora Anabelle Dr\u00e4xlmaier<\/p>\n<p>[\/vc_column_text][vc_empty_space height=\u00bb100px\u00bb][\/vc_column][\/vc_row][vc_row][vc_column offset=\u00bbvc_hidden-lg\u00bb][vc_empty_space height=\u00bb50px\u00bb][vc_single_image image=\u00bb6938&#8243; img_size=\u00bbfull\u00bb alignment=\u00bbcenter\u00bb][vc_empty_space]<div id=\"ultimate-heading-25769f9e7bfe076f\" class=\"uvc-heading ult-adjust-bottom-margin ultimate-heading-25769f9e7bfe076f uvc-1709 head-section-title uvc-heading-default-font-sizes\" data-hspacer=\"no_spacer\"  data-halign=\"center\" style=\"text-align:center\"><div class=\"uvc-heading-spacer no_spacer\" style=\"top\"><\/div><div class=\"uvc-main-heading ult-responsive\"  data-ultimate-target='.uvc-heading.ultimate-heading-25769f9e7bfe076f p'  data-responsive-json-new='{\"font-size\":\"\",\"line-height\":\"\"}' ><p style=\"--font-weight:theme;\">LA PALABRA AL FARMAC\u00c9UTICO<\/p><\/div><\/div>[vc_empty_space][vc_column_text el_class=\u00bbtext-justify\u00bb]<\/p>\n<h4>Dr\u00e4xlmaier, \u00bfqu\u00e9 le llev\u00f3 a decidirse por automatizar su farmacia?<\/h4>\n<p>Decidimos instalar un almac\u00e9n robotizado porque pensamos que es un elemento imprescindible en una farmacia moderna, sobre todo si se caracteriza por un elevado flujo de clientes.<\/p>\n<p>Tener un robot de almac\u00e9n es importante no solo para ofrecer un servicio de vanguardia a los clientes, sino tambi\u00e9n para poder gestionar de forma \u00f3ptima los numerosos productos.<\/p>\n<p>&nbsp;<\/p>\n<h4>\u00bfQu\u00e9 le llev\u00f3 a decidirse a confiar en Pharmathek para la automatizaci\u00f3n de su farmacia?<\/h4>\n<p>La experiencia positiva previa. Ya tenemos un robot Pharmathek en nuestra farmacia en Regensburg, en el Centro Comercial Danubio y est\u00e1bamos tan satisfechos que no ten\u00edamos dudas sobre confiar en Pharmathek tambi\u00e9n para esta segunda farmacia.<\/p>\n<p>&nbsp;<\/p>\n<h4>\u00bfEst\u00e1 satisfecha con su robot Pharmathek?<\/h4>\n<p>Absolutamente s\u00ed.<\/p>\n<p>Adem\u00e1s de estar satisfechos desde el punto de vista del rendimiento, tambi\u00e9n estamos contentos con las caracter\u00edsticas est\u00e9ticas del robot instalado: gracias al alto grado de personalizaci\u00f3n est\u00e9tica que pone a disposici\u00f3n Pharmathek, pudimos instalar un robot perfectamente integrado con la arquitectura del entorno.<\/p>\n<p>&nbsp;<\/p>\n<h4>\u00bfQu\u00e9 opinan los clientes de que haya instalado un robot?<\/h4>\n<p>\u00a1A nuestros clientes les encanta! Despu\u00e9s de todo, nuestro robot es el punto culminante visual de la farmacia, el elemento central.<\/p>\n<p>&nbsp;<\/p>\n<h4>\u00bfRecomendar\u00eda Pharmathek a sus colegas?<\/h4>\n<p>\u00a1Por supuesto!<\/p>\n<p>&nbsp;<\/p>\n<p>Doctora Anabelle Dr\u00e4xlmaier<\/p>\n<p>[\/vc_column_text][vc_empty_space height=\u00bb50px\u00bb][\/vc_column][\/vc_row][vc_row full_width=\u00bbstretch_row\u00bb bg_type=\u00bbbg_color\u00bb bg_override=\u00bbfull\u00bb bg_color_value=\u00bb#eeeeef\u00bb][vc_column offset=\u00bbvc_hidden-md vc_hidden-sm vc_hidden-xs\u00bb][vc_empty_space height=\u00bb100px\u00bb]<div id=\"ultimate-heading-992169f9e7bfe07ed\" class=\"uvc-heading ult-adjust-bottom-margin ultimate-heading-992169f9e7bfe07ed uvc-433 head-section-title uvc-heading-default-font-sizes\" data-hspacer=\"no_spacer\"  data-halign=\"center\" style=\"text-align:center\"><div class=\"uvc-heading-spacer no_spacer\" style=\"top\"><\/div><div class=\"uvc-main-heading ult-responsive\"  data-ultimate-target='.uvc-heading.ultimate-heading-992169f9e7bfe07ed h2'  data-responsive-json-new='{\"font-size\":\"\",\"line-height\":\"\"}' ><h2 style=\"--font-weight:theme;\">GALER\u00cdA<\/h2><\/div><div class=\"uvc-sub-heading ult-responsive\"  data-ultimate-target='.uvc-heading.ultimate-heading-992169f9e7bfe07ed .uvc-sub-heading '  data-responsive-json-new='{\"font-size\":\"\",\"line-height\":\"\"}'  style=\"font-weight:normal;\"><\/p>\n<p>&nbsp;<\/p>\n<p>&nbsp;<\/p>\n<p><\/div><\/div>[vc_empty_space height=\u00bb50px\u00bb][vc_masonry_media_grid element_width=\u00bb3&#8243; gap=\u00bb10&#8243; grid_id=\u00bbvc_gid:1611651836847-55699840-b479-2&#8243; include=\u00bb6918,6923,6928,6933&#8243;][vc_empty_space height=\u00bb100px\u00bb][\/vc_column][\/vc_row][vc_row full_width=\u00bbstretch_row\u00bb bg_type=\u00bbbg_color\u00bb bg_override=\u00bbfull\u00bb bg_color_value=\u00bb#eeeeef\u00bb][vc_column offset=\u00bbvc_hidden-lg\u00bb][vc_empty_space height=\u00bb50px\u00bb]<div id=\"ultimate-heading-862669f9e7bfe0867\" class=\"uvc-heading ult-adjust-bottom-margin ultimate-heading-862669f9e7bfe0867 uvc-3470 head-section-title uvc-heading-default-font-sizes\" data-hspacer=\"no_spacer\"  data-halign=\"center\" style=\"text-align:center\"><div class=\"uvc-heading-spacer no_spacer\" style=\"top\"><\/div><div class=\"uvc-main-heading ult-responsive\"  data-ultimate-target='.uvc-heading.ultimate-heading-862669f9e7bfe0867 h2'  data-responsive-json-new='{\"font-size\":\"\",\"line-height\":\"\"}' ><h2 style=\"--font-weight:theme;\">GALER\u00cdA<\/h2><\/div><div class=\"uvc-sub-heading ult-responsive\"  data-ultimate-target='.uvc-heading.ultimate-heading-862669f9e7bfe0867 .uvc-sub-heading '  data-responsive-json-new='{\"font-size\":\"\",\"line-height\":\"\"}'  style=\"font-weight:normal;\"><\/p>\n<p>&nbsp;<\/p>\n<p>&nbsp;<\/p>\n<p><\/div><\/div>[vc_empty_space height=\u00bb50px\u00bb][vc_masonry_media_grid element_width=\u00bb3&#8243; gap=\u00bb10&#8243; grid_id=\u00bbvc_gid:1611651836854-73b21a17-aea6-1&#8243; include=\u00bb6918,6923,6928,6933&#8243;][vc_empty_space height=\u00bb50px\u00bb][\/vc_column][\/vc_row][vc_row full_width=\u00bbstretch_row\u00bb bg_type=\u00bbimage\u00bb parallax_style=\u00bbvcpb-default\u00bb bg_image_new=\u00bbid^1166|url^http:\/\/www.pharmathek.com\/wp-content\/uploads\/2018\/03\/farmacia-specifiche-background.jpg|caption^null|alt^null|title^farmacia-specifiche-background|description^null\u00bb bg_image_repeat=\u00bbno-repeat\u00bb bg_override=\u00bbfull\u00bb][vc_column][vc_empty_space height=\u00bb100px\u00bb]<div id=\"ultimate-heading-339069f9e7bfe08dd\" class=\"uvc-heading ult-adjust-bottom-margin ultimate-heading-339069f9e7bfe08dd uvc-3153 head-section-title text-white uvc-heading-default-font-sizes\" data-hspacer=\"no_spacer\"  data-halign=\"center\" style=\"text-align:center\"><div class=\"uvc-heading-spacer no_spacer\" style=\"top\"><\/div><div class=\"uvc-main-heading ult-responsive\"  data-ultimate-target='.uvc-heading.ultimate-heading-339069f9e7bfe08dd h2'  data-responsive-json-new='{\"font-size\":\"\",\"line-height\":\"\"}' ><h2 style=\"--font-weight:theme;\">EL PROYECTO<\/h2><\/div><div class=\"uvc-sub-heading ult-responsive\"  data-ultimate-target='.uvc-heading.ultimate-heading-339069f9e7bfe08dd .uvc-sub-heading '  data-responsive-json-new='{\"font-size\":\"\",\"line-height\":\"\"}'  style=\"font-weight:normal;\"><\/p>\n<p>&nbsp;<\/p>\n<p>&nbsp;<\/p>\n<p><\/div><\/div>[vc_empty_space height=\u00bb50px\u00bb][vc_separator color=\u00bbwhite\u00bb][vc_separator color=\u00bbwhite\u00bb][vc_row_inner][vc_column_inner width=\u00bb1\/2&#8243;][vc_column_text el_class=\u00bbprogetto-voci\u00bb]<\/p>\n<p>SOLUCIONES PHARMATHEK<\/p>\n<p>[\/vc_column_text][\/vc_column_inner][vc_column_inner width=\u00bb1\/2&#8243;][vc_column_text el_class=\u00bbprogetto-voci-valori\u00bb]SINTESI + PHARMALOAD + EUCLID3D[\/vc_column_text][\/vc_column_inner][\/vc_row_inner][vc_separator color=\u00bbwhite\u00bb][vc_row_inner][vc_column_inner width=\u00bb1\/2&#8243;][vc_column_text el_class=\u00bbprogetto-voci\u00bb]<\/p>\n<p>DIMENSIONES ROBOT<\/p>\n<p>[\/vc_column_text][\/vc_column_inner][vc_column_inner width=\u00bb1\/2&#8243;][vc_column_text el_class=\u00bbprogetto-voci-valori\u00bb]<\/p>\n<p>L 10.028 x H 3.300 mm<\/p>\n<p>[\/vc_column_text][\/vc_column_inner][\/vc_row_inner][vc_separator color=\u00bbwhite\u00bb][vc_row_inner][vc_column_inner width=\u00bb1\/2&#8243;][vc_column_text el_class=\u00bbprogetto-voci\u00bb]<\/p>\n<p>CAPACIDAD EN CAJAS<\/p>\n<p>[\/vc_column_text][\/vc_column_inner][vc_column_inner width=\u00bb1\/2&#8243;][vc_column_text el_class=\u00bbprogetto-voci-valori\u00bb]<\/p>\n<p>26.100<\/p>\n<p>[\/vc_column_text][\/vc_column_inner][\/vc_row_inner][vc_separator color=\u00bbwhite\u00bb][vc_row_inner][vc_column_inner width=\u00bb1\/2&#8243;][vc_column_text el_class=\u00bbprogetto-voci\u00bb]<\/p>\n<p>UBICACI\u00d3N ROBOT CON RESPECTO AL MOSTRADOR<\/p>\n<p>[\/vc_column_text][\/vc_column_inner][vc_column_inner width=\u00bb1\/2&#8243;][vc_column_text el_class=\u00bbprogetto-voci-valori\u00bb]<\/p>\n<div><span lang=\"ES\">DETR\u00c1S DEL MOSTRADOR <\/span><\/div>\n<p>[\/vc_column_text][\/vc_column_inner][\/vc_row_inner][vc_separator color=\u00bbwhite\u00bb][vc_row_inner][vc_column_inner width=\u00bb1\/2&#8243;][vc_column_text el_class=\u00bbprogetto-voci\u00bb]<\/p>\n<p>ROTACI\u00d3N DE PRODUCTO<\/p>\n<p>[\/vc_column_text][\/vc_column_inner][vc_column_inner width=\u00bb1\/2&#8243;][vc_column_text el_class=\u00bbprogetto-voci-valori\u00bb]<\/p>\n<p>&gt; 1.000<\/p>\n<p>[\/vc_column_text][\/vc_column_inner][\/vc_row_inner][vc_separator color=\u00bbwhite\u00bb][vc_empty_space height=\u00bb100px\u00bb][\/vc_column][\/vc_row][vc_row full_width=\u00bbstretch_row_content_no_spaces\u00bb][vc_column el_class=\u00bbfull-width-no-padding\u00bb][vc_single_image image=\u00bb6913&#8243; img_size=\u00bbfull\u00bb alignment=\u00bbcenter\u00bb]<style type=\"text\/css\" data-type=\"the7_shortcodes-inline-css\">#default-btn-5faae7e989bdcceeefc0a1c33d45665f.ico-right-side > i {\n  margin-right: 0px;\n  margin-left: 8px;\n}\n#default-btn-5faae7e989bdcceeefc0a1c33d45665f > i {\n  margin-right: 8px;\n}\n<\/style><div class=\"btn-align-center\"><a href=\"https:\/\/www.pharmathek.com\/es\/instalaciones\/\" class=\"default-btn-shortcode dt-btn dt-btn-l link-hover-off weight-300 full-width-btn \" id=\"default-btn-5faae7e989bdcceeefc0a1c33d45665f\"><span>Vuelve al listado de instalaciones<\/span><\/a><\/div>[\/vc_column][\/vc_row]<\/p>\n<\/div>","protected":false},"excerpt":{"rendered":"<p>Straubing (Alemania)<\/p>\n","protected":false},"author":3,"featured_media":6912,"parent":0,"menu_order":0,"comment_status":"closed","ping_status":"closed","template":"","meta":{"inline_featured_image":false,"footnotes":""},"categories":[27],"tags":[],"class_list":["post-11451","page","type-page","status-publish","has-post-thumbnail","hentry","category-farmacia","description-off"],"_links":{"self":[{"href":"https:\/\/www.pharmathek.com\/es\/wp-json\/wp\/v2\/pages\/11451","targetHints":{"allow":["GET"]}}],"collection":[{"href":"https:\/\/www.pharmathek.com\/es\/wp-json\/wp\/v2\/pages"}],"about":[{"href":"https:\/\/www.pharmathek.com\/es\/wp-json\/wp\/v2\/types\/page"}],"author":[{"embeddable":true,"href":"https:\/\/www.pharmathek.com\/es\/wp-json\/wp\/v2\/users\/3"}],"replies":[{"embeddable":true,"href":"https:\/\/www.pharmathek.com\/es\/wp-json\/wp\/v2\/comments?post=11451"}],"version-history":[{"count":5,"href":"https:\/\/www.pharmathek.com\/es\/wp-json\/wp\/v2\/pages\/11451\/revisions"}],"predecessor-version":[{"id":11516,"href":"https:\/\/www.pharmathek.com\/es\/wp-json\/wp\/v2\/pages\/11451\/revisions\/11516"}],"wp:featuredmedia":[{"embeddable":true,"href":"https:\/\/www.pharmathek.com\/es\/wp-json\/wp\/v2\/media\/6912"}],"wp:attachment":[{"href":"https:\/\/www.pharmathek.com\/es\/wp-json\/wp\/v2\/media?parent=11451"}],"wp:term":[{"taxonomy":"category","embeddable":true,"href":"https:\/\/www.pharmathek.com\/es\/wp-json\/wp\/v2\/categories?post=11451"},{"taxonomy":"post_tag","embeddable":true,"href":"https:\/\/www.pharmathek.com\/es\/wp-json\/wp\/v2\/tags?post=11451"}],"curies":[{"name":"wp","href":"https:\/\/api.w.org\/{rel}","templated":true}]}}