{"id":11452,"date":"2020-10-09T13:50:20","date_gmt":"2020-10-09T11:50:20","guid":{"rendered":"http:\/\/www.pharmathek.com\/farmacia-draxlmaier-im-dez\/"},"modified":"2021-01-26T10:22:12","modified_gmt":"2021-01-26T09:22:12","slug":"farmacia-draxlmaier-im-dez","status":"publish","type":"page","link":"https:\/\/www.pharmathek.com\/es\/farmacia-draxlmaier-im-dez\/","title":{"rendered":"Farmacia Dr\u00e4xlmaier Im Dez"},"content":{"rendered":"<div class=\"wpb-content-wrapper\"><p>[vc_row full_width=\u00bbstretch_row_content\u00bb equal_height=\u00bbyes\u00bb content_placement=\u00bbmiddle\u00bb bg_type=\u00bbbg_color\u00bb bg_override=\u00bbfull\u00bb bg_color_value=\u00bb#eeeeef\u00bb][vc_column width=\u00bb1\/2&#8243; css=\u00bb.vc_custom_1523960338488{padding-right: 0px !important;padding-left: 0px !important;}\u00bb offset=\u00bbvc_hidden-md vc_hidden-sm vc_hidden-xs\u00bb][vc_single_image image=\u00bb10820&#8243; img_size=\u00bbfull\u00bb][\/vc_column][vc_column width=\u00bb1\/2&#8243; css=\u00bb.vc_custom_1523960343032{padding-right: 100px !important;padding-left: 100px !important;}\u00bb offset=\u00bbvc_hidden-md vc_hidden-sm vc_hidden-xs\u00bb][vc_empty_space]<div id=\"ultimate-heading-64569f9f76db4528\" class=\"uvc-heading ult-adjust-bottom-margin ultimate-heading-64569f9f76db4528 uvc-1397 head-section-title uvc-heading-default-font-sizes\" data-hspacer=\"no_spacer\"  data-halign=\"center\" style=\"text-align:center\"><div class=\"uvc-heading-spacer no_spacer\" style=\"top\"><\/div><div class=\"uvc-main-heading ult-responsive\"  data-ultimate-target='.uvc-heading.ultimate-heading-64569f9f76db4528 p'  data-responsive-json-new='{\"font-size\":\"\",\"line-height\":\"\"}' ><p style=\"--font-weight:theme;\">FARMACIA DR\u00c4XLMAIER IM DEZ<\/p><\/div><div class=\"uvc-sub-heading ult-responsive\"  data-ultimate-target='.uvc-heading.ultimate-heading-64569f9f76db4528 .uvc-sub-heading '  data-responsive-json-new='{\"font-size\":\"\",\"line-height\":\"\"}'  style=\"font-weight:normal;\"><\/p>\n<p>&nbsp;<\/p>\n<p>&nbsp;<\/p>\n<p><\/div><\/div>[vc_empty_space][vc_column_text el_class=\u00bbtext-justify\u00bb]<\/p>\n<p>La farmacia Dr\u00e4xlmaier Im Dez (en alem\u00e1n, Im Dez Dr\u00e4xlmaier Apotheken) est\u00e1 equipada con un robot Pharmathek.<\/p>\n<p>&nbsp;<\/p>\n<p>La elecci\u00f3n de Dr\u00e4xlmaier de automatizar su farmacia est\u00e1 vinculada a su deseo de ofrecer un servicio moderno a sus clientes y al mismo tiempo obtener una gesti\u00f3n \u00f3ptima de la farmacia.<\/p>\n<p>El robot, instalado detr\u00e1s del mostrador de recetas, pero separado de la zona de venta por una pared, dispone de numerosas salidas en el lateral del robot, un cargador autom\u00e1tico Pharmaload y un brazo mec\u00e1nico del modelo Euclid3D.<\/p>\n<p>La farmacia Dr\u00e4xlmaier Apotheken Im Dez, ubicada en Regenburg, Alemania, es la primera de las farmacias de la familia Dr\u00e4xlmaier en estar equipada con un robot Pharmathek. El segundo en tener un almac\u00e9n de Pharmathek es <a href=\"https:\/\/www.pharmathek.com\/es\/farmacia-draxlmaier-im-westpark\/\">Dr\u00e4xlmaier Apotheken im Westpark (Straubing).<\/a><\/p>\n<p>[\/vc_column_text][vc_empty_space][\/vc_column][\/vc_row][vc_row full_width=\u00bbstretch_row_content\u00bb equal_height=\u00bbyes\u00bb content_placement=\u00bbmiddle\u00bb bg_type=\u00bbbg_color\u00bb bg_override=\u00bbfull\u00bb bg_color_value=\u00bb#eeeeef\u00bb][vc_column css=\u00bb.vc_custom_1524126670718{padding-right: 0px !important;padding-left: 0px !important;}\u00bb offset=\u00bbvc_hidden-lg\u00bb el_class=\u00bbfull-width-no-padding\u00bb][vc_single_image image=\u00bb10820&#8243; img_size=\u00bbfull\u00bb][vc_empty_space]<div id=\"ultimate-heading-274869f9f76db45ce\" class=\"uvc-heading ult-adjust-bottom-margin ultimate-heading-274869f9f76db45ce uvc-5710 head-section-title uvc-heading-default-font-sizes\" data-hspacer=\"no_spacer\"  data-halign=\"center\" style=\"text-align:center\"><div class=\"uvc-heading-spacer no_spacer\" style=\"top\"><\/div><div class=\"uvc-main-heading ult-responsive\"  data-ultimate-target='.uvc-heading.ultimate-heading-274869f9f76db45ce p'  data-responsive-json-new='{\"font-size\":\"\",\"line-height\":\"\"}' ><p style=\"--font-weight:theme;\">LA FARMACIA DR\u00c4XLMAIER IM DEZ<\/p><\/div><div class=\"uvc-sub-heading ult-responsive\"  data-ultimate-target='.uvc-heading.ultimate-heading-274869f9f76db45ce .uvc-sub-heading '  data-responsive-json-new='{\"font-size\":\"\",\"line-height\":\"\"}'  style=\"font-weight:normal;\"><\/p>\n<p>&nbsp;<\/p>\n<p>&nbsp;<\/p>\n<p><\/div><\/div>[vc_empty_space][vc_column_text el_class=\u00bbtext-justify\u00bb]<\/p>\n<p>La farmacia Dr\u00e4xlmaier Im Dez (en alem\u00e1n, Im Dez Dr\u00e4xlmaier Apotheken) est\u00e1 equipada con un robot Pharmathek.<\/p>\n<p>&nbsp;<\/p>\n<p>La elecci\u00f3n de Dr\u00e4xlmaier de automatizar su farmacia est\u00e1 vinculada a su deseo de ofrecer un servicio moderno a sus clientes y al mismo tiempo obtener una gesti\u00f3n \u00f3ptima de la farmacia.<\/p>\n<p>El robot, instalado detr\u00e1s del mostrador de recetas, pero separado de la zona de venta por una pared, dispone de numerosas salidas en el lateral del robot, un cargador autom\u00e1tico Pharmaload y un brazo mec\u00e1nico del modelo Euclid3D.<\/p>\n<p>La farmacia Dr\u00e4xlmaier Apotheken Im Dez, ubicada en Regenburg, Alemania, es la primera de las farmacias de la familia Dr\u00e4xlmaier en estar equipada con un robot Pharmathek. El segundo en tener un almac\u00e9n de Pharmathek es <a href=\"https:\/\/www.pharmathek.com\/es\/farmacia-draxlmaier-im-westpark\/\">Dr\u00e4xlmaier Apotheken im Westpark (Straubing).<\/a><\/p>\n<p>[\/vc_column_text][vc_empty_space][\/vc_column][\/vc_row][vc_row][vc_column offset=\u00bbvc_hidden-md vc_hidden-sm vc_hidden-xs\u00bb][vc_empty_space height=\u00bb100px\u00bb][vc_single_image image=\u00bb10771&#8243; img_size=\u00bbfull\u00bb alignment=\u00bbcenter\u00bb][vc_empty_space]<div id=\"ultimate-heading-163069f9f76db4652\" class=\"uvc-heading ult-adjust-bottom-margin ultimate-heading-163069f9f76db4652 uvc-6763 head-section-title uvc-heading-default-font-sizes\" data-hspacer=\"no_spacer\"  data-halign=\"center\" style=\"text-align:center\"><div class=\"uvc-heading-spacer no_spacer\" style=\"top\"><\/div><div class=\"uvc-main-heading ult-responsive\"  data-ultimate-target='.uvc-heading.ultimate-heading-163069f9f76db4652 p'  data-responsive-json-new='{\"font-size\":\"\",\"line-height\":\"\"}' ><p style=\"--font-weight:theme;\">LA PALABRA AL FARMAC\u00c9UTICO<\/p><\/div><\/div>[vc_empty_space][vc_column_text el_class=\u00bbtext-justify\u00bb]<\/p>\n<h4>Dr\u00e4xlmaier, \u00bfqu\u00e9 le llev\u00f3 a decidirse por automatizar su farmacia?<\/h4>\n<p>Decidimos instalar un almac\u00e9n robotizado porque pensamos que es un elemento imprescindible en una farmacia moderna, sobre todo si se caracteriza por un elevado flujo de clientes.<\/p>\n<p>Tener un robot de almac\u00e9n es importante no solo para ofrecer un servicio de vanguardia a los clientes, sino tambi\u00e9n para poder gestionar de forma \u00f3ptima los numerosos productos.<\/p>\n<p>&nbsp;<\/p>\n<h4>\u00bfEst\u00e1 satisfecha con su robot Pharmathek?<\/h4>\n<p>Absolutamente s\u00ed.<\/p>\n<p>Adem\u00e1s de estar satisfechos desde el punto de vista del rendimiento, tambi\u00e9n estamos contentos con las caracter\u00edsticas est\u00e9ticas del robot instalado: pudimos instalar un robot perfectamente integrado con la arquitectura del entorno.<\/p>\n<p>&nbsp;<\/p>\n<h4>\u00bfRecomendar\u00eda Pharmathek a sus colegas?<\/h4>\n<p>\u00a1Por supuesto!<\/p>\n<p>&nbsp;<\/p>\n<p>Doctora Anabelle Dr\u00e4xlmaier<\/p>\n<p>[\/vc_column_text][vc_empty_space height=\u00bb100px\u00bb][\/vc_column][\/vc_row][vc_row][vc_column offset=\u00bbvc_hidden-lg\u00bb][vc_empty_space height=\u00bb50px\u00bb][vc_single_image image=\u00bb10771&#8243; img_size=\u00bbfull\u00bb alignment=\u00bbcenter\u00bb][vc_empty_space]<div id=\"ultimate-heading-226869f9f76db46d0\" class=\"uvc-heading ult-adjust-bottom-margin ultimate-heading-226869f9f76db46d0 uvc-1594 head-section-title uvc-heading-default-font-sizes\" data-hspacer=\"no_spacer\"  data-halign=\"center\" style=\"text-align:center\"><div class=\"uvc-heading-spacer no_spacer\" style=\"top\"><\/div><div class=\"uvc-main-heading ult-responsive\"  data-ultimate-target='.uvc-heading.ultimate-heading-226869f9f76db46d0 p'  data-responsive-json-new='{\"font-size\":\"\",\"line-height\":\"\"}' ><p style=\"--font-weight:theme;\">LA PALABRA AL FARMAC\u00c9UTICO<\/p><\/div><\/div>[vc_empty_space][vc_column_text el_class=\u00bbtext-justify\u00bb]<\/p>\n<h4>Dr\u00e4xlmaier, \u00bfqu\u00e9 le llev\u00f3 a decidirse por automatizar su farmacia?<\/h4>\n<p>Decidimos instalar un almac\u00e9n robotizado porque pensamos que es un elemento imprescindible en una farmacia moderna, sobre todo si se caracteriza por un elevado flujo de clientes.<\/p>\n<p>Tener un robot de almac\u00e9n es importante no solo para ofrecer un servicio de vanguardia a los clientes, sino tambi\u00e9n para poder gestionar de forma \u00f3ptima los numerosos productos.<\/p>\n<p>&nbsp;<\/p>\n<h4>\u00bfEst\u00e1 satisfecha con su robot Pharmathek?<\/h4>\n<p>Absolutamente s\u00ed.<\/p>\n<p>Adem\u00e1s de estar satisfechos desde el punto de vista del rendimiento, tambi\u00e9n estamos contentos con las caracter\u00edsticas est\u00e9ticas del robot instalado: pudimos instalar un robot perfectamente integrado con la arquitectura del entorno.<\/p>\n<p>&nbsp;<\/p>\n<h4>\u00bfRecomendar\u00eda Pharmathek a sus colegas?<\/h4>\n<p>\u00a1Por supuesto!<\/p>\n<p>&nbsp;<\/p>\n<p>Doctora Anabelle Dr\u00e4xlmaier<\/p>\n<p>[\/vc_column_text][vc_empty_space height=\u00bb50px\u00bb][\/vc_column][\/vc_row][vc_row full_width=\u00bbstretch_row\u00bb bg_type=\u00bbbg_color\u00bb bg_override=\u00bbfull\u00bb bg_color_value=\u00bb#eeeeef\u00bb][vc_column offset=\u00bbvc_hidden-md vc_hidden-sm vc_hidden-xs\u00bb][vc_empty_space height=\u00bb100px\u00bb]<div id=\"ultimate-heading-552869f9f76db474b\" class=\"uvc-heading ult-adjust-bottom-margin ultimate-heading-552869f9f76db474b uvc-9262 head-section-title uvc-heading-default-font-sizes\" data-hspacer=\"no_spacer\"  data-halign=\"center\" style=\"text-align:center\"><div class=\"uvc-heading-spacer no_spacer\" style=\"top\"><\/div><div class=\"uvc-main-heading ult-responsive\"  data-ultimate-target='.uvc-heading.ultimate-heading-552869f9f76db474b h2'  data-responsive-json-new='{\"font-size\":\"\",\"line-height\":\"\"}' ><h2 style=\"--font-weight:theme;\">GALER\u00cdA<\/h2><\/div><div class=\"uvc-sub-heading ult-responsive\"  data-ultimate-target='.uvc-heading.ultimate-heading-552869f9f76db474b .uvc-sub-heading '  data-responsive-json-new='{\"font-size\":\"\",\"line-height\":\"\"}'  style=\"font-weight:normal;\"><\/p>\n<p>&nbsp;<\/p>\n<p>&nbsp;<\/p>\n<p><\/div><\/div>[vc_empty_space height=\u00bb50px\u00bb][vc_masonry_media_grid element_width=\u00bb3&#8243; gap=\u00bb10&#8243; grid_id=\u00bbvc_gid:1611651770540-3ad17814-f8db-2&#8243; include=\u00bb10792,10799,10806,10813&#8243;][vc_empty_space height=\u00bb100px\u00bb][\/vc_column][\/vc_row][vc_row full_width=\u00bbstretch_row\u00bb bg_type=\u00bbbg_color\u00bb bg_override=\u00bbfull\u00bb bg_color_value=\u00bb#eeeeef\u00bb][vc_column offset=\u00bbvc_hidden-lg\u00bb][vc_empty_space height=\u00bb50px\u00bb]<div id=\"ultimate-heading-747269f9f76db47c5\" class=\"uvc-heading ult-adjust-bottom-margin ultimate-heading-747269f9f76db47c5 uvc-3628 head-section-title uvc-heading-default-font-sizes\" data-hspacer=\"no_spacer\"  data-halign=\"center\" style=\"text-align:center\"><div class=\"uvc-heading-spacer no_spacer\" style=\"top\"><\/div><div class=\"uvc-main-heading ult-responsive\"  data-ultimate-target='.uvc-heading.ultimate-heading-747269f9f76db47c5 h2'  data-responsive-json-new='{\"font-size\":\"\",\"line-height\":\"\"}' ><h2 style=\"--font-weight:theme;\">GALER\u00cdA<\/h2><\/div><div class=\"uvc-sub-heading ult-responsive\"  data-ultimate-target='.uvc-heading.ultimate-heading-747269f9f76db47c5 .uvc-sub-heading '  data-responsive-json-new='{\"font-size\":\"\",\"line-height\":\"\"}'  style=\"font-weight:normal;\"><\/p>\n<p>&nbsp;<\/p>\n<p>&nbsp;<\/p>\n<p><\/div><\/div>[vc_empty_space height=\u00bb50px\u00bb][vc_masonry_media_grid element_width=\u00bb3&#8243; gap=\u00bb10&#8243; grid_id=\u00bbvc_gid:1611651770551-528e5bf2-94ee-9&#8243; include=\u00bb10792,10799,10806,10813&#8243;][vc_empty_space height=\u00bb50px\u00bb][\/vc_column][\/vc_row][vc_row full_width=\u00bbstretch_row\u00bb bg_type=\u00bbimage\u00bb parallax_style=\u00bbvcpb-default\u00bb bg_image_new=\u00bbid^1166|url^http:\/\/www.pharmathek.com\/wp-content\/uploads\/2018\/03\/farmacia-specifiche-background.jpg|caption^null|alt^null|title^farmacia-specifiche-background|description^null\u00bb bg_image_repeat=\u00bbno-repeat\u00bb bg_override=\u00bbfull\u00bb][vc_column][vc_empty_space height=\u00bb100px\u00bb]<div id=\"ultimate-heading-135569f9f76db484e\" class=\"uvc-heading ult-adjust-bottom-margin ultimate-heading-135569f9f76db484e uvc-6531 head-section-title text-white uvc-heading-default-font-sizes\" data-hspacer=\"no_spacer\"  data-halign=\"center\" style=\"text-align:center\"><div class=\"uvc-heading-spacer no_spacer\" style=\"top\"><\/div><div class=\"uvc-main-heading ult-responsive\"  data-ultimate-target='.uvc-heading.ultimate-heading-135569f9f76db484e h2'  data-responsive-json-new='{\"font-size\":\"\",\"line-height\":\"\"}' ><h2 style=\"--font-weight:theme;\">EL PROYECTO<\/h2><\/div><div class=\"uvc-sub-heading ult-responsive\"  data-ultimate-target='.uvc-heading.ultimate-heading-135569f9f76db484e .uvc-sub-heading '  data-responsive-json-new='{\"font-size\":\"\",\"line-height\":\"\"}'  style=\"font-weight:normal;\"><\/p>\n<p>&nbsp;<\/p>\n<p>&nbsp;<\/p>\n<p><\/div><\/div>[vc_empty_space height=\u00bb50px\u00bb][vc_separator color=\u00bbwhite\u00bb][vc_separator color=\u00bbwhite\u00bb][vc_row_inner][vc_column_inner width=\u00bb1\/2&#8243;][vc_column_text el_class=\u00bbprogetto-voci\u00bb]<\/p>\n<p>SOLUCIONES PHARMATHEK<\/p>\n<p>[\/vc_column_text][\/vc_column_inner][vc_column_inner width=\u00bb1\/2&#8243;][vc_column_text el_class=\u00bbprogetto-voci-valori\u00bb]SINTESI + PHARMALOAD + EUCLID3D[\/vc_column_text][\/vc_column_inner][\/vc_row_inner][vc_separator color=\u00bbwhite\u00bb][vc_row_inner][vc_column_inner width=\u00bb1\/2&#8243;][vc_column_text el_class=\u00bbprogetto-voci\u00bb]<\/p>\n<p>DIMENSIONES ROBOT<\/p>\n<p>[\/vc_column_text][\/vc_column_inner][vc_column_inner width=\u00bb1\/2&#8243;][vc_column_text el_class=\u00bbprogetto-voci-valori\u00bb]<\/p>\n<p>L 6.047 x H 2.500 mm<\/p>\n<p>[\/vc_column_text][\/vc_column_inner][\/vc_row_inner][vc_separator color=\u00bbwhite\u00bb][vc_row_inner][vc_column_inner width=\u00bb1\/2&#8243;][vc_column_text el_class=\u00bbprogetto-voci\u00bb]<\/p>\n<p>CAPACIDAD EN CAJAS<\/p>\n<p>[\/vc_column_text][\/vc_column_inner][vc_column_inner width=\u00bb1\/2&#8243;][vc_column_text el_class=\u00bbprogetto-voci-valori\u00bb]<\/p>\n<p>11.000<\/p>\n<p>[\/vc_column_text][\/vc_column_inner][\/vc_row_inner][vc_separator color=\u00bbwhite\u00bb][vc_row_inner][vc_column_inner width=\u00bb1\/2&#8243;][vc_column_text el_class=\u00bbprogetto-voci\u00bb]<\/p>\n<p>UBICACI\u00d3N ROBOT CON RESPECTO AL MOSTRADOR<\/p>\n<p>[\/vc_column_text][\/vc_column_inner][vc_column_inner width=\u00bb1\/2&#8243;][vc_column_text el_class=\u00bbprogetto-voci-valori\u00bb]<\/p>\n<div><span lang=\"ES\">DETR\u00c1S DEL MOSTRADOR <\/span><\/div>\n<p>[\/vc_column_text][\/vc_column_inner][\/vc_row_inner][vc_separator color=\u00bbwhite\u00bb][vc_row_inner][vc_column_inner width=\u00bb1\/2&#8243;][vc_column_text el_class=\u00bbprogetto-voci\u00bb]<\/p>\n<p>ROTACI\u00d3N DE PRODUCTO<\/p>\n<p>[\/vc_column_text][\/vc_column_inner][vc_column_inner width=\u00bb1\/2&#8243;][vc_column_text el_class=\u00bbprogetto-voci-valori\u00bb]<\/p>\n<p>Entre 500 y 1.000<\/p>\n<p>[\/vc_column_text][\/vc_column_inner][\/vc_row_inner][vc_separator color=\u00bbwhite\u00bb][vc_empty_space height=\u00bb100px\u00bb][\/vc_column][\/vc_row][vc_row full_width=\u00bbstretch_row_content_no_spaces\u00bb][vc_column el_class=\u00bbfull-width-no-padding\u00bb][vc_single_image image=\u00bb10785&#8243; img_size=\u00bbfull\u00bb alignment=\u00bbcenter\u00bb]<style type=\"text\/css\" data-type=\"the7_shortcodes-inline-css\">#default-btn-5faae7e989bdcceeefc0a1c33d45665f.ico-right-side > i {\n  margin-right: 0px;\n  margin-left: 8px;\n}\n#default-btn-5faae7e989bdcceeefc0a1c33d45665f > i {\n  margin-right: 8px;\n}\n<\/style><div class=\"btn-align-center\"><a href=\"https:\/\/www.pharmathek.com\/es\/instalaciones\/\" class=\"default-btn-shortcode dt-btn dt-btn-l link-hover-off weight-300 full-width-btn \" id=\"default-btn-5faae7e989bdcceeefc0a1c33d45665f\"><span>Vuelve al listado de instalaciones<\/span><\/a><\/div>[\/vc_column][\/vc_row]<\/p>\n<\/div>","protected":false},"excerpt":{"rendered":"<p>Regensburg (Alemania)<\/p>\n","protected":false},"author":3,"featured_media":10784,"parent":0,"menu_order":0,"comment_status":"closed","ping_status":"closed","template":"","meta":{"inline_featured_image":false,"footnotes":""},"categories":[27],"tags":[],"class_list":["post-11452","page","type-page","status-publish","has-post-thumbnail","hentry","category-farmacia","description-off"],"_links":{"self":[{"href":"https:\/\/www.pharmathek.com\/es\/wp-json\/wp\/v2\/pages\/11452","targetHints":{"allow":["GET"]}}],"collection":[{"href":"https:\/\/www.pharmathek.com\/es\/wp-json\/wp\/v2\/pages"}],"about":[{"href":"https:\/\/www.pharmathek.com\/es\/wp-json\/wp\/v2\/types\/page"}],"author":[{"embeddable":true,"href":"https:\/\/www.pharmathek.com\/es\/wp-json\/wp\/v2\/users\/3"}],"replies":[{"embeddable":true,"href":"https:\/\/www.pharmathek.com\/es\/wp-json\/wp\/v2\/comments?post=11452"}],"version-history":[{"count":4,"href":"https:\/\/www.pharmathek.com\/es\/wp-json\/wp\/v2\/pages\/11452\/revisions"}],"predecessor-version":[{"id":11515,"href":"https:\/\/www.pharmathek.com\/es\/wp-json\/wp\/v2\/pages\/11452\/revisions\/11515"}],"wp:featuredmedia":[{"embeddable":true,"href":"https:\/\/www.pharmathek.com\/es\/wp-json\/wp\/v2\/media\/10784"}],"wp:attachment":[{"href":"https:\/\/www.pharmathek.com\/es\/wp-json\/wp\/v2\/media?parent=11452"}],"wp:term":[{"taxonomy":"category","embeddable":true,"href":"https:\/\/www.pharmathek.com\/es\/wp-json\/wp\/v2\/categories?post=11452"},{"taxonomy":"post_tag","embeddable":true,"href":"https:\/\/www.pharmathek.com\/es\/wp-json\/wp\/v2\/tags?post=11452"}],"curies":[{"name":"wp","href":"https:\/\/api.w.org\/{rel}","templated":true}]}}