{"id":11453,"date":"2020-10-08T11:50:20","date_gmt":"2020-10-08T09:50:20","guid":{"rendered":"http:\/\/www.pharmathek.com\/farmacia-stern-meierhofer\/"},"modified":"2021-01-20T12:00:04","modified_gmt":"2021-01-20T11:00:04","slug":"farmacia-stern-meierhofer","status":"publish","type":"page","link":"https:\/\/www.pharmathek.com\/es\/farmacia-stern-meierhofer\/","title":{"rendered":"Farmacia Stern"},"content":{"rendered":"<div class=\"wpb-content-wrapper\"><p>[vc_row full_width=\u00bbstretch_row_content\u00bb equal_height=\u00bbyes\u00bb content_placement=\u00bbmiddle\u00bb bg_type=\u00bbbg_color\u00bb bg_override=\u00bbfull\u00bb bg_color_value=\u00bb#eeeeef\u00bb][vc_column width=\u00bb1\/2&#8243; css=\u00bb.vc_custom_1523960338488{padding-right: 0px !important;padding-left: 0px !important;}\u00bb offset=\u00bbvc_hidden-md vc_hidden-sm vc_hidden-xs\u00bb][vc_single_image image=\u00bb10740&#8243; img_size=\u00bbfull\u00bb][\/vc_column][vc_column width=\u00bb1\/2&#8243; css=\u00bb.vc_custom_1523960343032{padding-right: 100px !important;padding-left: 100px !important;}\u00bb offset=\u00bbvc_hidden-md vc_hidden-sm vc_hidden-xs\u00bb][vc_empty_space]<div id=\"ultimate-heading-476769ff6053bccb2\" class=\"uvc-heading ult-adjust-bottom-margin ultimate-heading-476769ff6053bccb2 uvc-5825 head-section-title uvc-heading-default-font-sizes\" data-hspacer=\"no_spacer\"  data-halign=\"center\" style=\"text-align:center\"><div class=\"uvc-heading-spacer no_spacer\" style=\"top\"><\/div><div class=\"uvc-main-heading ult-responsive\"  data-ultimate-target='.uvc-heading.ultimate-heading-476769ff6053bccb2 p'  data-responsive-json-new='{\"font-size\":\"\",\"line-height\":\"\"}' ><p style=\"--font-weight:theme;\">FARMACIA STERN<\/p><\/div><div class=\"uvc-sub-heading ult-responsive\"  data-ultimate-target='.uvc-heading.ultimate-heading-476769ff6053bccb2 .uvc-sub-heading '  data-responsive-json-new='{\"font-size\":\"\",\"line-height\":\"\"}'  style=\"font-weight:normal;\"><\/p>\n<p>&nbsp;<\/p>\n<p>&nbsp;<\/p>\n<p><\/div><\/div>[vc_empty_space][vc_column_text el_class=\u00bbtext-justify\u00bb]<\/p>\n<p>La farmacia Stern (en alem\u00e1n, Stern Apotheke) est\u00e1 equipada con un robot Pharmathek.<\/p>\n<p>&nbsp;<\/p>\n<p>La elecci\u00f3n de la Dra. Meierhofer de automatizar su farmacia est\u00e1 vinculada a su deseo de ofrecer un excelente servicio a sus clientes sin tener que abandonarlos en el mostrador.<\/p>\n<p>El robot, instalado detr\u00e1s del mostrador de recetas pero separado del \u00e1rea de ventas por una pared, se caracteriza por su apariencia bicolor: la unidad rob\u00f3tica central es gris mientras que el cargador autom\u00e1tico Pharmaload es azul.<\/p>\n<p>La farmacia Stern, ubicada en Regenstauf, una ciudad alemana al norte de Ratisbona, es una de las muchas farmacias alemanas que ha elegido Pharmathek para la automatizaci\u00f3n de almacenes.<\/p>\n<p>[\/vc_column_text][vc_empty_space][\/vc_column][\/vc_row][vc_row full_width=\u00bbstretch_row_content\u00bb equal_height=\u00bbyes\u00bb content_placement=\u00bbmiddle\u00bb bg_type=\u00bbbg_color\u00bb bg_override=\u00bbfull\u00bb bg_color_value=\u00bb#eeeeef\u00bb][vc_column css=\u00bb.vc_custom_1524126670718{padding-right: 0px !important;padding-left: 0px !important;}\u00bb offset=\u00bbvc_hidden-lg\u00bb el_class=\u00bbfull-width-no-padding\u00bb][vc_single_image image=\u00bb10740&#8243; img_size=\u00bbfull\u00bb][vc_empty_space]<div id=\"ultimate-heading-290269ff6053bcd64\" class=\"uvc-heading ult-adjust-bottom-margin ultimate-heading-290269ff6053bcd64 uvc-9323 head-section-title uvc-heading-default-font-sizes\" data-hspacer=\"no_spacer\"  data-halign=\"center\" style=\"text-align:center\"><div class=\"uvc-heading-spacer no_spacer\" style=\"top\"><\/div><div class=\"uvc-main-heading ult-responsive\"  data-ultimate-target='.uvc-heading.ultimate-heading-290269ff6053bcd64 p'  data-responsive-json-new='{\"font-size\":\"\",\"line-height\":\"\"}' ><p style=\"--font-weight:theme;\">LA FARMACIA STERN<\/p><\/div><div class=\"uvc-sub-heading ult-responsive\"  data-ultimate-target='.uvc-heading.ultimate-heading-290269ff6053bcd64 .uvc-sub-heading '  data-responsive-json-new='{\"font-size\":\"\",\"line-height\":\"\"}'  style=\"font-weight:normal;\"><\/p>\n<p>&nbsp;<\/p>\n<p>&nbsp;<\/p>\n<p><\/div><\/div>[vc_empty_space][vc_column_text el_class=\u00bbtext-justify\u00bb]<\/p>\n<p>La farmacia Stern (en alem\u00e1n, Stern Apotheke) est\u00e1 equipada con un robot Pharmathek.<\/p>\n<p>&nbsp;<\/p>\n<p>La elecci\u00f3n de la Dra. Meierhofer de automatizar su farmacia est\u00e1 vinculada a su deseo de ofrecer un excelente servicio a sus clientes sin tener que abandonarlos en el mostrador.<\/p>\n<p>El robot, instalado detr\u00e1s del mostrador de recetas pero separado del \u00e1rea de ventas por una pared, se caracteriza por su apariencia bicolor: la unidad rob\u00f3tica central es gris mientras que el cargador autom\u00e1tico Pharmaload es azul.<\/p>\n<p>La farmacia Stern, ubicada en Regenstauf, una ciudad alemana al norte de Ratisbona, es una de las muchas farmacias alemanas que ha elegido Pharmathek para la automatizaci\u00f3n de almacenes.<\/p>\n<p>&nbsp;<\/p>\n<p>[\/vc_column_text][vc_empty_space][\/vc_column][\/vc_row][vc_row][vc_column offset=\u00bbvc_hidden-md vc_hidden-sm vc_hidden-xs\u00bb][vc_empty_space height=\u00bb100px\u00bb][vc_single_image image=\u00bb10733&#8243; img_size=\u00bbfull\u00bb alignment=\u00bbcenter\u00bb][vc_empty_space]<div id=\"ultimate-heading-462569ff6053bcdf4\" class=\"uvc-heading ult-adjust-bottom-margin ultimate-heading-462569ff6053bcdf4 uvc-3199 head-section-title uvc-heading-default-font-sizes\" data-hspacer=\"no_spacer\"  data-halign=\"center\" style=\"text-align:center\"><div class=\"uvc-heading-spacer no_spacer\" style=\"top\"><\/div><div class=\"uvc-main-heading ult-responsive\"  data-ultimate-target='.uvc-heading.ultimate-heading-462569ff6053bcdf4 p'  data-responsive-json-new='{\"font-size\":\"\",\"line-height\":\"\"}' ><p style=\"--font-weight:theme;\">LA PALABRA AL FARMAC\u00c9UTICO<\/p><\/div><\/div>[vc_empty_space][vc_column_text el_class=\u00bbtext-justify\u00bb]<\/p>\n<h4>Doctora Meierhofer, \u00bfqu\u00e9 le llev\u00f3 a decidirse por robotizar la farmacia?<\/h4>\n<p>Eleg\u00ed instalar un almac\u00e9n robotizado en la farmacia porque creo que hoy en d\u00eda todo lo que se puede hacer con una m\u00e1quina debe automatizarse. De esta manera, podemos dedicar m\u00e1s tiempo, de persona a persona, a las relaciones con el cliente.<\/p>\n<p>&nbsp;<\/p>\n<h4>\u00bfQu\u00e9 le llev\u00f3 a elegir Pharmathek para la automatizaci\u00f3n de farmacias?<\/h4>\n<p>Eleg\u00ed Pharmathek por el innovador sistema de recogida y por el r\u00e1pido servicio de asistencia in situ. Tambi\u00e9n apreci\u00e9 su fino dise\u00f1o italiano, se nota que detr\u00e1s de \u00e9l est\u00e1 la mano de un gran dise\u00f1ador industrial.<\/p>\n<p>&nbsp;<\/p>\n<h4>\u00bfC\u00f3mo ha cambiado el trabajo en la farmacia desde la instalaci\u00f3n del robot?<\/h4>\n<p>Desde que instalamos el robot, toda la farmacia, desde el back office hasta el \u00e1rea de ventas, se ha vuelto m\u00e1s ordenada. Tambi\u00e9n recuper\u00e9 mucho espacio en el back office.<\/p>\n<p>Desde el punto de vista de la gesti\u00f3n de productos, desde que robotizamos la farmacia no ha habido m\u00e1s errores de inventario, las fechas de caducidad est\u00e1n siempre bajo control y, con el mismo espacio, almacenamos muchos m\u00e1s productos que antes.<\/p>\n<p>&nbsp;<\/p>\n<h4>\u00bfC\u00f3mo reaccionaron los clientes a la automatizaci\u00f3n?<\/h4>\n<p>Muy bien: los clientes aprecian el hecho de que pasamos m\u00e1s tiempo con ellos escuch\u00e1ndolos y asesor\u00e1ndolos sin tener que correr al back office para buscar sus medicamentos.<\/p>\n<p>&nbsp;<\/p>\n<h4>\u00bfRecomendar\u00eda Pharmathek a sus colegas?<\/h4>\n<p>\u00a1Por supuesto! Ya he compartido mi experiencia con otros farmac\u00e9uticos y seguir\u00e9 haci\u00e9ndolo en el futuro.<\/p>\n<p>Tanto yo como los otros farmac\u00e9uticos que hemos elegido Pharmathek estamos extremadamente satisfechos con el robot.<\/p>\n<p>&nbsp;<\/p>\n<h4>\u00bfPor qu\u00e9 eligi\u00f3 personalizar el robot desde un punto de vista est\u00e9tico?<\/h4>\n<p>Para destacar su presencia. Despu\u00e9s de todo, la automatizaci\u00f3n es innovaci\u00f3n. Por tanto, su presencia debe ser claramente visible para el cliente para hacernos percibir como farmac\u00e9uticos y emprendedores innovadores.<\/p>\n<p>&nbsp;<\/p>\n<p>Doctora Elisabeth Meierhofer<\/p>\n<p>[\/vc_column_text][vc_empty_space height=\u00bb100px\u00bb][\/vc_column][\/vc_row][vc_row][vc_column offset=\u00bbvc_hidden-lg\u00bb][vc_empty_space height=\u00bb50px\u00bb][vc_single_image image=\u00bb10733&#8243; img_size=\u00bbfull\u00bb alignment=\u00bbcenter\u00bb][vc_empty_space]<div id=\"ultimate-heading-956969ff6053bce74\" class=\"uvc-heading ult-adjust-bottom-margin ultimate-heading-956969ff6053bce74 uvc-3996 head-section-title uvc-heading-default-font-sizes\" data-hspacer=\"no_spacer\"  data-halign=\"center\" style=\"text-align:center\"><div class=\"uvc-heading-spacer no_spacer\" style=\"top\"><\/div><div class=\"uvc-main-heading ult-responsive\"  data-ultimate-target='.uvc-heading.ultimate-heading-956969ff6053bce74 p'  data-responsive-json-new='{\"font-size\":\"\",\"line-height\":\"\"}' ><p style=\"--font-weight:theme;\">LA PALABRA AL FARMAC\u00c9UTICO<\/p><\/div><\/div>[vc_empty_space][vc_column_text el_class=\u00bbtext-justify\u00bb]<\/p>\n<h4>Doctora Meierhofer, \u00bfqu\u00e9 le llev\u00f3 a decidirse por robotizar la farmacia?<\/h4>\n<p>Eleg\u00ed instalar un almac\u00e9n robotizado en la farmacia porque creo que hoy en d\u00eda todo lo que se puede hacer con una m\u00e1quina debe automatizarse. De esta manera, podemos dedicar m\u00e1s tiempo, de persona a persona, a las relaciones con el cliente.<\/p>\n<p>&nbsp;<\/p>\n<h4>\u00bfQu\u00e9 le llev\u00f3 a elegir Pharmathek para la automatizaci\u00f3n de farmacias?<\/h4>\n<p>Eleg\u00ed Pharmathek por el innovador sistema de recogida y por el r\u00e1pido servicio de asistencia in situ. Tambi\u00e9n apreci\u00e9 su fino dise\u00f1o italiano, se nota que detr\u00e1s de \u00e9l est\u00e1 la mano de un gran dise\u00f1ador industrial.<\/p>\n<p>&nbsp;<\/p>\n<h4>\u00bfC\u00f3mo ha cambiado el trabajo en la farmacia desde la instalaci\u00f3n del robot?<\/h4>\n<p>Desde que instalamos el robot, toda la farmacia, desde el back office hasta el \u00e1rea de ventas, se ha vuelto m\u00e1s ordenada. Tambi\u00e9n recuper\u00e9 mucho espacio en el back office.<\/p>\n<p>Desde el punto de vista de la gesti\u00f3n de productos, desde que robotizamos la farmacia no ha habido m\u00e1s errores de inventario, las fechas de caducidad est\u00e1n siempre bajo control y, con el mismo espacio, almacenamos muchos m\u00e1s productos que antes.<\/p>\n<p>&nbsp;<\/p>\n<h4>\u00bfC\u00f3mo reaccionaron los clientes a la automatizaci\u00f3n?<\/h4>\n<p>Muy bien: los clientes aprecian el hecho de que pasamos m\u00e1s tiempo con ellos escuch\u00e1ndolos y asesor\u00e1ndolos sin tener que correr al back office para buscar sus medicamentos.<\/p>\n<p>&nbsp;<\/p>\n<h4>\u00bfRecomendar\u00eda Pharmathek a sus colegas?<\/h4>\n<p>\u00a1Por supuesto! Ya he compartido mi experiencia con otros farmac\u00e9uticos y seguir\u00e9 haci\u00e9ndolo en el futuro.<\/p>\n<p>Tanto yo como los otros farmac\u00e9uticos que hemos elegido Pharmathek estamos extremadamente satisfechos con el robot.<\/p>\n<p>&nbsp;<\/p>\n<h4>\u00bfPor qu\u00e9 eligi\u00f3 personalizar el robot desde un punto de vista est\u00e9tico?<\/h4>\n<p>Para destacar su presencia. Despu\u00e9s de todo, la automatizaci\u00f3n es innovaci\u00f3n. Por tanto, su presencia debe ser claramente visible para el cliente para hacernos percibir como farmac\u00e9uticos y emprendedores innovadores.<\/p>\n<p>&nbsp;<\/p>\n<p>Doctora Elisabeth Meierhofer<\/p>\n<p>[\/vc_column_text][vc_empty_space height=\u00bb50px\u00bb][\/vc_column][\/vc_row][vc_row full_width=\u00bbstretch_row\u00bb bg_type=\u00bbbg_color\u00bb bg_override=\u00bbfull\u00bb bg_color_value=\u00bb#eeeeef\u00bb][vc_column offset=\u00bbvc_hidden-md vc_hidden-sm vc_hidden-xs\u00bb][vc_empty_space height=\u00bb100px\u00bb]<div id=\"ultimate-heading-177569ff6053bcefe\" class=\"uvc-heading ult-adjust-bottom-margin ultimate-heading-177569ff6053bcefe uvc-7059 head-section-title uvc-heading-default-font-sizes\" data-hspacer=\"no_spacer\"  data-halign=\"center\" style=\"text-align:center\"><div class=\"uvc-heading-spacer no_spacer\" style=\"top\"><\/div><div class=\"uvc-main-heading ult-responsive\"  data-ultimate-target='.uvc-heading.ultimate-heading-177569ff6053bcefe h2'  data-responsive-json-new='{\"font-size\":\"\",\"line-height\":\"\"}' ><h2 style=\"--font-weight:theme;\">GALER\u00cdA<\/h2><\/div><div class=\"uvc-sub-heading ult-responsive\"  data-ultimate-target='.uvc-heading.ultimate-heading-177569ff6053bcefe .uvc-sub-heading '  data-responsive-json-new='{\"font-size\":\"\",\"line-height\":\"\"}'  style=\"font-weight:normal;\"><\/p>\n<p>&nbsp;<\/p>\n<p>&nbsp;<\/p>\n<p><\/div><\/div>[vc_empty_space height=\u00bb50px\u00bb][vc_masonry_media_grid element_width=\u00bb3&#8243; gap=\u00bb10&#8243; grid_id=\u00bbvc_gid:1611140267924-3e8c38d7-1612-9&#8243; include=\u00bb10726,10719,10712,10705&#8243;][vc_empty_space height=\u00bb100px\u00bb][\/vc_column][\/vc_row][vc_row full_width=\u00bbstretch_row\u00bb bg_type=\u00bbbg_color\u00bb bg_override=\u00bbfull\u00bb bg_color_value=\u00bb#eeeeef\u00bb][vc_column offset=\u00bbvc_hidden-lg\u00bb][vc_empty_space height=\u00bb50px\u00bb]<div id=\"ultimate-heading-351369ff6053bcf7f\" class=\"uvc-heading ult-adjust-bottom-margin ultimate-heading-351369ff6053bcf7f uvc-1988 head-section-title uvc-heading-default-font-sizes\" data-hspacer=\"no_spacer\"  data-halign=\"center\" style=\"text-align:center\"><div class=\"uvc-heading-spacer no_spacer\" style=\"top\"><\/div><div class=\"uvc-main-heading ult-responsive\"  data-ultimate-target='.uvc-heading.ultimate-heading-351369ff6053bcf7f h2'  data-responsive-json-new='{\"font-size\":\"\",\"line-height\":\"\"}' ><h2 style=\"--font-weight:theme;\">GALER\u00cdA<\/h2><\/div><div class=\"uvc-sub-heading ult-responsive\"  data-ultimate-target='.uvc-heading.ultimate-heading-351369ff6053bcf7f .uvc-sub-heading '  data-responsive-json-new='{\"font-size\":\"\",\"line-height\":\"\"}'  style=\"font-weight:normal;\"><\/p>\n<p>&nbsp;<\/p>\n<p>&nbsp;<\/p>\n<p><\/div><\/div>[vc_empty_space height=\u00bb50px\u00bb][vc_masonry_media_grid element_width=\u00bb3&#8243; gap=\u00bb10&#8243; grid_id=\u00bbvc_gid:1611140267934-8de360d8-dbf7-6&#8243; include=\u00bb10726,10719,10712,10705&#8243;][vc_empty_space height=\u00bb50px\u00bb][\/vc_column][\/vc_row][vc_row full_width=\u00bbstretch_row\u00bb bg_type=\u00bbimage\u00bb parallax_style=\u00bbvcpb-default\u00bb bg_image_new=\u00bbid^1166|url^http:\/\/www.pharmathek.com\/wp-content\/uploads\/2018\/03\/farmacia-specifiche-background.jpg|caption^null|alt^null|title^farmacia-specifiche-background|description^null\u00bb bg_image_repeat=\u00bbno-repeat\u00bb bg_override=\u00bbfull\u00bb][vc_column][vc_empty_space height=\u00bb100px\u00bb]<div id=\"ultimate-heading-89169ff6053bcffb\" class=\"uvc-heading ult-adjust-bottom-margin ultimate-heading-89169ff6053bcffb uvc-4736 head-section-title text-white uvc-heading-default-font-sizes\" data-hspacer=\"no_spacer\"  data-halign=\"center\" style=\"text-align:center\"><div class=\"uvc-heading-spacer no_spacer\" style=\"top\"><\/div><div class=\"uvc-main-heading ult-responsive\"  data-ultimate-target='.uvc-heading.ultimate-heading-89169ff6053bcffb h2'  data-responsive-json-new='{\"font-size\":\"\",\"line-height\":\"\"}' ><h2 style=\"--font-weight:theme;\">EL PROYECTO<\/h2><\/div><div class=\"uvc-sub-heading ult-responsive\"  data-ultimate-target='.uvc-heading.ultimate-heading-89169ff6053bcffb .uvc-sub-heading '  data-responsive-json-new='{\"font-size\":\"\",\"line-height\":\"\"}'  style=\"font-weight:normal;\"><\/p>\n<p>&nbsp;<\/p>\n<p>&nbsp;<\/p>\n<p><\/div><\/div>[vc_empty_space height=\u00bb50px\u00bb][vc_separator color=\u00bbwhite\u00bb][vc_separator color=\u00bbwhite\u00bb][vc_row_inner][vc_column_inner width=\u00bb1\/2&#8243;][vc_column_text el_class=\u00bbprogetto-voci\u00bb]<\/p>\n<p>SOLUCIONES PHARMATHEK<\/p>\n<p>[\/vc_column_text][\/vc_column_inner][vc_column_inner width=\u00bb1\/2&#8243;][vc_column_text el_class=\u00bbprogetto-voci-valori\u00bb]<\/p>\n<p>SINTESI + PHARMALOAD<\/p>\n<p>[\/vc_column_text][\/vc_column_inner][\/vc_row_inner][vc_separator color=\u00bbwhite\u00bb][vc_row_inner][vc_column_inner width=\u00bb1\/2&#8243;][vc_column_text el_class=\u00bbprogetto-voci\u00bb]<\/p>\n<p>DIMENSIONES ROBOT<\/p>\n<p>[\/vc_column_text][\/vc_column_inner][vc_column_inner width=\u00bb1\/2&#8243;][vc_column_text el_class=\u00bbprogetto-voci-valori\u00bb]<\/p>\n<p>L 8.547 x H 2.900 mm<\/p>\n<p>[\/vc_column_text][\/vc_column_inner][\/vc_row_inner][vc_separator color=\u00bbwhite\u00bb][vc_row_inner][vc_column_inner width=\u00bb1\/2&#8243;][vc_column_text el_class=\u00bbprogetto-voci\u00bb]<\/p>\n<p>CAPACIDAD EN CAJAS<\/p>\n<p>[\/vc_column_text][\/vc_column_inner][vc_column_inner width=\u00bb1\/2&#8243;][vc_column_text el_class=\u00bbprogetto-voci-valori\u00bb]<\/p>\n<p>20.600<\/p>\n<p>[\/vc_column_text][\/vc_column_inner][\/vc_row_inner][vc_separator color=\u00bbwhite\u00bb][vc_row_inner][vc_column_inner width=\u00bb1\/2&#8243;][vc_column_text el_class=\u00bbprogetto-voci\u00bb]<\/p>\n<p>UBICACI\u00d3N ROBOT CON RESPECTO AL MOSTRADOR<\/p>\n<p>[\/vc_column_text][\/vc_column_inner][vc_column_inner width=\u00bb1\/2&#8243;][vc_column_text el_class=\u00bbprogetto-voci-valori\u00bb]<\/p>\n<div><span lang=\"ES\">DETR\u00c1S DEL MOSTRADOR <\/span><\/div>\n<p>[\/vc_column_text][\/vc_column_inner][\/vc_row_inner][vc_separator color=\u00bbwhite\u00bb][vc_row_inner][vc_column_inner width=\u00bb1\/2&#8243;][vc_column_text el_class=\u00bbprogetto-voci\u00bb]<\/p>\n<p>ROTACI\u00d3N DE PRODUCTO<\/p>\n<p>[\/vc_column_text][\/vc_column_inner][vc_column_inner width=\u00bb1\/2&#8243;][vc_column_text el_class=\u00bbprogetto-voci-valori\u00bb]<\/p>\n<p>Entre 500 y 1.000<\/p>\n<p>[\/vc_column_text][\/vc_column_inner][\/vc_row_inner][vc_separator color=\u00bbwhite\u00bb][vc_empty_space height=\u00bb100px\u00bb][\/vc_column][\/vc_row][vc_row full_width=\u00bbstretch_row_content_no_spaces\u00bb][vc_column el_class=\u00bbfull-width-no-padding\u00bb][vc_single_image image=\u00bb10698&#8243; img_size=\u00bbfull\u00bb alignment=\u00bbcenter\u00bb]<style type=\"text\/css\" data-type=\"the7_shortcodes-inline-css\">#default-btn-5faae7e989bdcceeefc0a1c33d45665f.ico-right-side > i {\n  margin-right: 0px;\n  margin-left: 8px;\n}\n#default-btn-5faae7e989bdcceeefc0a1c33d45665f > i {\n  margin-right: 8px;\n}\n<\/style><div class=\"btn-align-center\"><a href=\"https:\/\/www.pharmathek.com\/es\/instalaciones\/\" class=\"default-btn-shortcode dt-btn dt-btn-l link-hover-off weight-300 full-width-btn \" id=\"default-btn-5faae7e989bdcceeefc0a1c33d45665f\"><span>Vuelve al listado de instalaciones<\/span><\/a><\/div>[\/vc_column][\/vc_row]<\/p>\n<\/div>","protected":false},"excerpt":{"rendered":"<p>Regenstauf (Alemania)<\/p>\n","protected":false},"author":3,"featured_media":10697,"parent":0,"menu_order":0,"comment_status":"closed","ping_status":"closed","template":"","meta":{"inline_featured_image":false,"footnotes":""},"categories":[27],"tags":[],"class_list":["post-11453","page","type-page","status-publish","has-post-thumbnail","hentry","category-farmacia","description-off"],"_links":{"self":[{"href":"https:\/\/www.pharmathek.com\/es\/wp-json\/wp\/v2\/pages\/11453","targetHints":{"allow":["GET"]}}],"collection":[{"href":"https:\/\/www.pharmathek.com\/es\/wp-json\/wp\/v2\/pages"}],"about":[{"href":"https:\/\/www.pharmathek.com\/es\/wp-json\/wp\/v2\/types\/page"}],"author":[{"embeddable":true,"href":"https:\/\/www.pharmathek.com\/es\/wp-json\/wp\/v2\/users\/3"}],"replies":[{"embeddable":true,"href":"https:\/\/www.pharmathek.com\/es\/wp-json\/wp\/v2\/comments?post=11453"}],"version-history":[{"count":4,"href":"https:\/\/www.pharmathek.com\/es\/wp-json\/wp\/v2\/pages\/11453\/revisions"}],"predecessor-version":[{"id":11472,"href":"https:\/\/www.pharmathek.com\/es\/wp-json\/wp\/v2\/pages\/11453\/revisions\/11472"}],"wp:featuredmedia":[{"embeddable":true,"href":"https:\/\/www.pharmathek.com\/es\/wp-json\/wp\/v2\/media\/10697"}],"wp:attachment":[{"href":"https:\/\/www.pharmathek.com\/es\/wp-json\/wp\/v2\/media?parent=11453"}],"wp:term":[{"taxonomy":"category","embeddable":true,"href":"https:\/\/www.pharmathek.com\/es\/wp-json\/wp\/v2\/categories?post=11453"},{"taxonomy":"post_tag","embeddable":true,"href":"https:\/\/www.pharmathek.com\/es\/wp-json\/wp\/v2\/tags?post=11453"}],"curies":[{"name":"wp","href":"https:\/\/api.w.org\/{rel}","templated":true}]}}