{"id":11454,"date":"2020-10-07T10:20:20","date_gmt":"2020-10-07T08:20:20","guid":{"rendered":"http:\/\/www.pharmathek.com\/farmacia-im-dez-mestan\/"},"modified":"2021-01-20T12:07:21","modified_gmt":"2021-01-20T11:07:21","slug":"farmacia-im-dez-mestan","status":"publish","type":"page","link":"https:\/\/www.pharmathek.com\/es\/farmacia-im-dez-mestan\/","title":{"rendered":"Farmacia Im Dez Mestan"},"content":{"rendered":"<div class=\"wpb-content-wrapper\"><p>[vc_row full_width=\u00bbstretch_row_content\u00bb equal_height=\u00bbyes\u00bb content_placement=\u00bbmiddle\u00bb bg_type=\u00bbbg_color\u00bb bg_override=\u00bbfull\u00bb bg_color_value=\u00bb#eeeeef\u00bb][vc_column width=\u00bb1\/2&#8243; css=\u00bb.vc_custom_1523960338488{padding-right: 0px !important;padding-left: 0px !important;}\u00bb offset=\u00bbvc_hidden-md vc_hidden-sm vc_hidden-xs\u00bb][vc_single_image image=\u00bb10674&#8243; img_size=\u00bbfull\u00bb][\/vc_column][vc_column width=\u00bb1\/2&#8243; css=\u00bb.vc_custom_1523960343032{padding-right: 100px !important;padding-left: 100px !important;}\u00bb offset=\u00bbvc_hidden-md vc_hidden-sm vc_hidden-xs\u00bb][vc_empty_space]<div id=\"ultimate-heading-272569f3735884169\" class=\"uvc-heading ult-adjust-bottom-margin ultimate-heading-272569f3735884169 uvc-740 head-section-title uvc-heading-default-font-sizes\" data-hspacer=\"no_spacer\"  data-halign=\"center\" style=\"text-align:center\"><div class=\"uvc-heading-spacer no_spacer\" style=\"top\"><\/div><div class=\"uvc-main-heading ult-responsive\"  data-ultimate-target='.uvc-heading.ultimate-heading-272569f3735884169 p'  data-responsive-json-new='{\"font-size\":\"\",\"line-height\":\"\"}' ><p style=\"--font-weight:theme;\">FARMACIA IM DEZ<\/p><\/div><div class=\"uvc-sub-heading ult-responsive\"  data-ultimate-target='.uvc-heading.ultimate-heading-272569f3735884169 .uvc-sub-heading '  data-responsive-json-new='{\"font-size\":\"\",\"line-height\":\"\"}'  style=\"font-weight:normal;\"><\/p>\n<p>&nbsp;<\/p>\n<p>&nbsp;<\/p>\n<p><\/div><\/div>[vc_empty_space][vc_column_text el_class=\u00bbtext-justify\u00bb]<\/p>\n<p>Pharmacy Im Dez (en alem\u00e1n, Apotheke im Dez) est\u00e1 equipada con un robot Pharmathek.<\/p>\n<p>&nbsp;<\/p>\n<p>La decisi\u00f3n de automatizar el almac\u00e9n de la farmacia la tom\u00f3 el propietario, Dr. Mestan, con motivo de la renovaci\u00f3n del espacio.<\/p>\n<p>El robot, instalado detr\u00e1s del mostrador de recetas, pero separado del \u00e1rea de ventas por una pared, est\u00e1 equipado con un cargador autom\u00e1tico Pharmaload.<\/p>\n<p>Pharmacy im Dez, ubicada en Innsbruck, la capital de la regi\u00f3n del Tirol (Austria), es una de las muchas farmacias austriacas que ha elegido Pharmathek para la automatizaci\u00f3n de almacenes.<\/p>\n<p>[\/vc_column_text][vc_empty_space][\/vc_column][\/vc_row][vc_row full_width=\u00bbstretch_row_content\u00bb equal_height=\u00bbyes\u00bb content_placement=\u00bbmiddle\u00bb bg_type=\u00bbbg_color\u00bb bg_override=\u00bbfull\u00bb bg_color_value=\u00bb#eeeeef\u00bb][vc_column css=\u00bb.vc_custom_1524126670718{padding-right: 0px !important;padding-left: 0px !important;}\u00bb offset=\u00bbvc_hidden-lg\u00bb el_class=\u00bbfull-width-no-padding\u00bb][vc_single_image image=\u00bb10674&#8243; img_size=\u00bbfull\u00bb][vc_empty_space]<div id=\"ultimate-heading-880169f373588420e\" class=\"uvc-heading ult-adjust-bottom-margin ultimate-heading-880169f373588420e uvc-6100 head-section-title uvc-heading-default-font-sizes\" data-hspacer=\"no_spacer\"  data-halign=\"center\" style=\"text-align:center\"><div class=\"uvc-heading-spacer no_spacer\" style=\"top\"><\/div><div class=\"uvc-main-heading ult-responsive\"  data-ultimate-target='.uvc-heading.ultimate-heading-880169f373588420e p'  data-responsive-json-new='{\"font-size\":\"\",\"line-height\":\"\"}' ><p style=\"--font-weight:theme;\">FARMACIA IM DEZ<\/p><\/div><div class=\"uvc-sub-heading ult-responsive\"  data-ultimate-target='.uvc-heading.ultimate-heading-880169f373588420e .uvc-sub-heading '  data-responsive-json-new='{\"font-size\":\"\",\"line-height\":\"\"}'  style=\"font-weight:normal;\"><\/p>\n<p>&nbsp;<\/p>\n<p>&nbsp;<\/p>\n<p><\/div><\/div>[vc_empty_space][vc_column_text el_class=\u00bbtext-justify\u00bb]<\/p>\n<p>Pharmacy Im Dez (en alem\u00e1n, Apotheke im Dez) est\u00e1 equipada con un robot Pharmathek.<\/p>\n<p>&nbsp;<\/p>\n<p>La decisi\u00f3n de automatizar el almac\u00e9n de la farmacia la tom\u00f3 el propietario, Dr. Mestan, con motivo de la renovaci\u00f3n del espacio.<\/p>\n<p>El robot, instalado detr\u00e1s del mostrador de recetas, pero separado del \u00e1rea de ventas por una pared, est\u00e1 equipado con un cargador autom\u00e1tico Pharmaload.<\/p>\n<p>Pharmacy im Dez, ubicada en Innsbruck, la capital de la regi\u00f3n del Tirol (Austria), es una de las muchas farmacias austriacas que ha elegido Pharmathek para la automatizaci\u00f3n de almacenes.<\/p>\n<p>[\/vc_column_text][vc_empty_space][\/vc_column][\/vc_row][vc_row][vc_column offset=\u00bbvc_hidden-md vc_hidden-sm vc_hidden-xs\u00bb][vc_empty_space height=\u00bb100px\u00bb][vc_single_image image=\u00bb10667&#8243; img_size=\u00bbfull\u00bb alignment=\u00bbcenter\u00bb][vc_empty_space]<div id=\"ultimate-heading-982569f37358842ad\" class=\"uvc-heading ult-adjust-bottom-margin ultimate-heading-982569f37358842ad uvc-9241 head-section-title uvc-heading-default-font-sizes\" data-hspacer=\"no_spacer\"  data-halign=\"center\" style=\"text-align:center\"><div class=\"uvc-heading-spacer no_spacer\" style=\"top\"><\/div><div class=\"uvc-main-heading ult-responsive\"  data-ultimate-target='.uvc-heading.ultimate-heading-982569f37358842ad p'  data-responsive-json-new='{\"font-size\":\"\",\"line-height\":\"\"}' ><p style=\"--font-weight:theme;\">LA PALABRA AL FARMAC\u00c9UTICO<\/p><\/div><\/div>[vc_empty_space][vc_column_text el_class=\u00bbtext-justify\u00bb]<\/p>\n<h4>Doctor Mestan, \u00bfqu\u00e9 le impuls\u00f3 a querer automatizar la farmacia?<\/h4>\n<p>Eleg\u00ed instalar un robot de almac\u00e9n siguiendo el importante proyecto de modernizaci\u00f3n de una farmacia que hab\u00eda adquirido en 2012.<\/p>\n<p>La farmacia est\u00e1 ubicada en un centro comercial muy transitado, por lo que todo, desde la necesidad de modernizar la gesti\u00f3n de farmacias y productos hasta el deseo de ampliar el \u00e1rea de ventas, llev\u00f3 l\u00f3gicamente a la elecci\u00f3n de instalar un almac\u00e9n robotizado.<\/p>\n<p>&nbsp;<\/p>\n<h4>\u00bfCu\u00e1les fueron las razones que lo llevaron a optar por confiar en Pharmathek para la automatizaci\u00f3n de farmacias?<\/h4>\n<p>Adem\u00e1s de los beneficios de las soluciones de automatizaci\u00f3n ofrecidos, me sorprendi\u00f3 el enfoque competente y atento desde el primer contacto.<\/p>\n<p>&nbsp;<\/p>\n<h4>\u00bfC\u00f3mo ha cambiado el trabajo en la farmacia desde que se instal\u00f3 el robot?<\/h4>\n<p>Definitivamente, ha cambiado para mejor. Ahora ya no tenemos que dejar a los clientes en el mostrador para buscar los medicamentos en el back office, pero podemos quedarnos en el mostrador con ellos. Esto nos permite asesorarlos mejor y realizar muchas ventas adicionales.<\/p>\n<p>Adem\u00e1s de esto, desde el punto de vista de la gesti\u00f3n de producto, el flujo de trabajo es mucho m\u00e1s sencillo: el almacenamiento y recogida de productos es autom\u00e1tico, el inventario se actualiza siempre en tiempo real y sin errores &#8230;<\/p>\n<p>&nbsp;<\/p>\n<h4>\u00bfC\u00f3mo reaccionaron los clientes a la automatizaci\u00f3n?<\/h4>\n<p>Los clientes han quedado fascinados con el sistema automatizado, lo observan y muestran mucho inter\u00e9s por el robot.<\/p>\n<p>&nbsp;<\/p>\n<h4>\u00bfRecomendar\u00eda Pharmathek a sus colegas?<\/h4>\n<p>\u00a1Al 100%!<\/p>\n<p>&nbsp;<\/p>\n<p>Doctor Raimund Mestan<\/p>\n<p>[\/vc_column_text][vc_empty_space height=\u00bb100px\u00bb][\/vc_column][\/vc_row][vc_row][vc_column offset=\u00bbvc_hidden-lg\u00bb][vc_empty_space height=\u00bb50px\u00bb][vc_single_image image=\u00bb10667&#8243; img_size=\u00bbfull\u00bb alignment=\u00bbcenter\u00bb][vc_empty_space]<div id=\"ultimate-heading-899169f3735884329\" class=\"uvc-heading ult-adjust-bottom-margin ultimate-heading-899169f3735884329 uvc-4833 head-section-title uvc-heading-default-font-sizes\" data-hspacer=\"no_spacer\"  data-halign=\"center\" style=\"text-align:center\"><div class=\"uvc-heading-spacer no_spacer\" style=\"top\"><\/div><div class=\"uvc-main-heading ult-responsive\"  data-ultimate-target='.uvc-heading.ultimate-heading-899169f3735884329 p'  data-responsive-json-new='{\"font-size\":\"\",\"line-height\":\"\"}' ><p style=\"--font-weight:theme;\">LA PALABRA AL FARMAC\u00c9UTICO<\/p><\/div><\/div>[vc_empty_space][vc_column_text el_class=\u00bbtext-justify\u00bb]<\/p>\n<h4>Doctor Mestan, \u00bfqu\u00e9 le impuls\u00f3 a querer automatizar la farmacia?<\/h4>\n<p>Eleg\u00ed instalar un robot de almac\u00e9n siguiendo el importante proyecto de modernizaci\u00f3n de una farmacia que hab\u00eda adquirido en 2012.<\/p>\n<p>La farmacia est\u00e1 ubicada en un centro comercial muy transitado, por lo que todo, desde la necesidad de modernizar la gesti\u00f3n de farmacias y productos hasta el deseo de ampliar el \u00e1rea de ventas, llev\u00f3 l\u00f3gicamente a la elecci\u00f3n de instalar un almac\u00e9n robotizado.<\/p>\n<p>&nbsp;<\/p>\n<h4>\u00bfCu\u00e1les fueron las razones que lo llevaron a optar por confiar en Pharmathek para la automatizaci\u00f3n de farmacias?<\/h4>\n<p>Adem\u00e1s de los beneficios de las soluciones de automatizaci\u00f3n ofrecidos, me sorprendi\u00f3 el enfoque competente y atento desde el primer contacto.<\/p>\n<p>&nbsp;<\/p>\n<h4>\u00bfC\u00f3mo ha cambiado el trabajo en la farmacia desde que se instal\u00f3 el robot?<\/h4>\n<p>Definitivamente, ha cambiado para mejor. Ahora ya no tenemos que dejar a los clientes en el mostrador para buscar los medicamentos en el back office, pero podemos quedarnos en el mostrador con ellos. Esto nos permite asesorarlos mejor y realizar muchas ventas adicionales.<\/p>\n<p>Adem\u00e1s de esto, desde el punto de vista de la gesti\u00f3n de producto, el flujo de trabajo es mucho m\u00e1s sencillo: el almacenamiento y recogida de productos es autom\u00e1tico, el inventario se actualiza siempre en tiempo real y sin errores &#8230;<\/p>\n<p>&nbsp;<\/p>\n<h4>\u00bfC\u00f3mo reaccionaron los clientes a la automatizaci\u00f3n?<\/h4>\n<p>Los clientes han quedado fascinados con el sistema automatizado, lo observan y muestran mucho inter\u00e9s por el robot.<\/p>\n<p>&nbsp;<\/p>\n<h4>\u00bfRecomendar\u00eda Pharmathek a sus colegas?<\/h4>\n<p>\u00a1Al 100%!<\/p>\n<p>&nbsp;<\/p>\n<p>Doctor Raimund Mestan<\/p>\n<p>[\/vc_column_text][vc_empty_space height=\u00bb50px\u00bb][\/vc_column][\/vc_row][vc_row full_width=\u00bbstretch_row\u00bb bg_type=\u00bbbg_color\u00bb bg_override=\u00bbfull\u00bb bg_color_value=\u00bb#eeeeef\u00bb][vc_column offset=\u00bbvc_hidden-md vc_hidden-sm vc_hidden-xs\u00bb][vc_empty_space height=\u00bb100px\u00bb]<div id=\"ultimate-heading-509869f37358843a5\" class=\"uvc-heading ult-adjust-bottom-margin ultimate-heading-509869f37358843a5 uvc-7979 head-section-title uvc-heading-default-font-sizes\" data-hspacer=\"no_spacer\"  data-halign=\"center\" style=\"text-align:center\"><div class=\"uvc-heading-spacer no_spacer\" style=\"top\"><\/div><div class=\"uvc-main-heading ult-responsive\"  data-ultimate-target='.uvc-heading.ultimate-heading-509869f37358843a5 h2'  data-responsive-json-new='{\"font-size\":\"\",\"line-height\":\"\"}' ><h2 style=\"--font-weight:theme;\">GALER\u00cdA<\/h2><\/div><div class=\"uvc-sub-heading ult-responsive\"  data-ultimate-target='.uvc-heading.ultimate-heading-509869f37358843a5 .uvc-sub-heading '  data-responsive-json-new='{\"font-size\":\"\",\"line-height\":\"\"}'  style=\"font-weight:normal;\"><\/p>\n<p>&nbsp;<\/p>\n<p>&nbsp;<\/p>\n<p><\/div><\/div>[vc_empty_space height=\u00bb50px\u00bb][vc_masonry_media_grid element_width=\u00bb3&#8243; gap=\u00bb10&#8243; grid_id=\u00bbvc_gid:1611140723209-e89280fa-04b2-10&#8243; include=\u00bb10653,10646,10639,10660&#8243;][vc_empty_space height=\u00bb100px\u00bb][\/vc_column][\/vc_row][vc_row full_width=\u00bbstretch_row\u00bb bg_type=\u00bbbg_color\u00bb bg_override=\u00bbfull\u00bb bg_color_value=\u00bb#eeeeef\u00bb][vc_column offset=\u00bbvc_hidden-lg\u00bb][vc_empty_space height=\u00bb50px\u00bb]<div id=\"ultimate-heading-25569f373588442a\" class=\"uvc-heading ult-adjust-bottom-margin ultimate-heading-25569f373588442a uvc-9773 head-section-title uvc-heading-default-font-sizes\" data-hspacer=\"no_spacer\"  data-halign=\"center\" style=\"text-align:center\"><div class=\"uvc-heading-spacer no_spacer\" style=\"top\"><\/div><div class=\"uvc-main-heading ult-responsive\"  data-ultimate-target='.uvc-heading.ultimate-heading-25569f373588442a h2'  data-responsive-json-new='{\"font-size\":\"\",\"line-height\":\"\"}' ><h2 style=\"--font-weight:theme;\">GALER\u00cdA<\/h2><\/div><div class=\"uvc-sub-heading ult-responsive\"  data-ultimate-target='.uvc-heading.ultimate-heading-25569f373588442a .uvc-sub-heading '  data-responsive-json-new='{\"font-size\":\"\",\"line-height\":\"\"}'  style=\"font-weight:normal;\"><\/p>\n<p>&nbsp;<\/p>\n<p>&nbsp;<\/p>\n<p><\/div><\/div>[vc_empty_space height=\u00bb50px\u00bb][vc_masonry_media_grid element_width=\u00bb3&#8243; gap=\u00bb10&#8243; grid_id=\u00bbvc_gid:1611140723217-1fe42ec6-14fb-6&#8243; include=\u00bb10653,10646,10639,10660&#8243;][vc_empty_space height=\u00bb50px\u00bb][\/vc_column][\/vc_row][vc_row full_width=\u00bbstretch_row\u00bb bg_type=\u00bbimage\u00bb parallax_style=\u00bbvcpb-default\u00bb bg_image_new=\u00bbid^1166|url^http:\/\/www.pharmathek.com\/wp-content\/uploads\/2018\/03\/farmacia-specifiche-background.jpg|caption^null|alt^null|title^farmacia-specifiche-background|description^null\u00bb bg_image_repeat=\u00bbno-repeat\u00bb bg_override=\u00bbfull\u00bb][vc_column][vc_empty_space height=\u00bb100px\u00bb]<div id=\"ultimate-heading-367769f37358844b1\" class=\"uvc-heading ult-adjust-bottom-margin ultimate-heading-367769f37358844b1 uvc-1051 head-section-title text-white uvc-heading-default-font-sizes\" data-hspacer=\"no_spacer\"  data-halign=\"center\" style=\"text-align:center\"><div class=\"uvc-heading-spacer no_spacer\" style=\"top\"><\/div><div class=\"uvc-main-heading ult-responsive\"  data-ultimate-target='.uvc-heading.ultimate-heading-367769f37358844b1 h2'  data-responsive-json-new='{\"font-size\":\"\",\"line-height\":\"\"}' ><h2 style=\"--font-weight:theme;\">EL PROYECTO<\/h2><\/div><div class=\"uvc-sub-heading ult-responsive\"  data-ultimate-target='.uvc-heading.ultimate-heading-367769f37358844b1 .uvc-sub-heading '  data-responsive-json-new='{\"font-size\":\"\",\"line-height\":\"\"}'  style=\"font-weight:normal;\"><\/p>\n<p>&nbsp;<\/p>\n<p>&nbsp;<\/p>\n<p><\/div><\/div>[vc_empty_space height=\u00bb50px\u00bb][vc_separator color=\u00bbwhite\u00bb][vc_separator color=\u00bbwhite\u00bb][vc_row_inner][vc_column_inner width=\u00bb1\/2&#8243;][vc_column_text el_class=\u00bbprogetto-voci\u00bb]<\/p>\n<p>SOLUCIONES PHARMATHEK<\/p>\n<p>[\/vc_column_text][\/vc_column_inner][vc_column_inner width=\u00bb1\/2&#8243;][vc_column_text el_class=\u00bbprogetto-voci-valori\u00bb]<\/p>\n<p>SINTESI + PHARMALOAD<\/p>\n<p>[\/vc_column_text][\/vc_column_inner][\/vc_row_inner][vc_separator color=\u00bbwhite\u00bb][vc_row_inner][vc_column_inner width=\u00bb1\/2&#8243;][vc_column_text el_class=\u00bbprogetto-voci\u00bb]<\/p>\n<p>DIMENSIONES ROBOT<\/p>\n<p>[\/vc_column_text][\/vc_column_inner][vc_column_inner width=\u00bb1\/2&#8243;][vc_column_text el_class=\u00bbprogetto-voci-valori\u00bb]<\/p>\n<p>L 8.547 x H 3.500 mm<\/p>\n<p>[\/vc_column_text][\/vc_column_inner][\/vc_row_inner][vc_separator color=\u00bbwhite\u00bb][vc_row_inner][vc_column_inner width=\u00bb1\/2&#8243;][vc_column_text el_class=\u00bbprogetto-voci\u00bb]<\/p>\n<p>CAPACIDAD EN CAJAS<\/p>\n<p>[\/vc_column_text][\/vc_column_inner][vc_column_inner width=\u00bb1\/2&#8243;][vc_column_text el_class=\u00bbprogetto-voci-valori\u00bb]<\/p>\n<p>26.100<\/p>\n<p>[\/vc_column_text][\/vc_column_inner][\/vc_row_inner][vc_separator color=\u00bbwhite\u00bb][vc_row_inner][vc_column_inner width=\u00bb1\/2&#8243;][vc_column_text el_class=\u00bbprogetto-voci\u00bb]<\/p>\n<p>UBICACI\u00d3N ROBOT CON RESPECTO AL MOSTRADOR<\/p>\n<p>[\/vc_column_text][\/vc_column_inner][vc_column_inner width=\u00bb1\/2&#8243;][vc_column_text el_class=\u00bbprogetto-voci-valori\u00bb]<\/p>\n<div><span lang=\"ES\">DETR\u00c1S DEL MOSTRADOR <\/span><\/div>\n<p>[\/vc_column_text][\/vc_column_inner][\/vc_row_inner][vc_separator color=\u00bbwhite\u00bb][vc_row_inner][vc_column_inner width=\u00bb1\/2&#8243;][vc_column_text el_class=\u00bbprogetto-voci\u00bb]<\/p>\n<p>ROTACI\u00d3N DE PRODUCTO<\/p>\n<p>[\/vc_column_text][\/vc_column_inner][vc_column_inner width=\u00bb1\/2&#8243;][vc_column_text el_class=\u00bbprogetto-voci-valori\u00bb]<\/p>\n<p>Entre 500 y 1.000<\/p>\n<p>[\/vc_column_text][\/vc_column_inner][\/vc_row_inner][vc_separator color=\u00bbwhite\u00bb][vc_empty_space height=\u00bb100px\u00bb][\/vc_column][\/vc_row][vc_row full_width=\u00bbstretch_row_content_no_spaces\u00bb][vc_column el_class=\u00bbfull-width-no-padding\u00bb][vc_single_image image=\u00bb10632&#8243; img_size=\u00bbfull\u00bb alignment=\u00bbcenter\u00bb]<style type=\"text\/css\" data-type=\"the7_shortcodes-inline-css\">#default-btn-5faae7e989bdcceeefc0a1c33d45665f.ico-right-side > i {\n  margin-right: 0px;\n  margin-left: 8px;\n}\n#default-btn-5faae7e989bdcceeefc0a1c33d45665f > i {\n  margin-right: 8px;\n}\n<\/style><div class=\"btn-align-center\"><a href=\"https:\/\/www.pharmathek.com\/es\/instalaciones\/\" class=\"default-btn-shortcode dt-btn dt-btn-l link-hover-off weight-300 full-width-btn \" id=\"default-btn-5faae7e989bdcceeefc0a1c33d45665f\"><span>Vuelve al listado de instalaciones<\/span><\/a><\/div>[\/vc_column][\/vc_row]<\/p>\n<\/div>","protected":false},"excerpt":{"rendered":"<p>Innsbruck (Austria)<\/p>\n","protected":false},"author":3,"featured_media":10624,"parent":0,"menu_order":0,"comment_status":"closed","ping_status":"closed","template":"","meta":{"inline_featured_image":false,"footnotes":""},"categories":[27],"tags":[],"class_list":["post-11454","page","type-page","status-publish","has-post-thumbnail","hentry","category-farmacia","description-off"],"_links":{"self":[{"href":"https:\/\/www.pharmathek.com\/es\/wp-json\/wp\/v2\/pages\/11454","targetHints":{"allow":["GET"]}}],"collection":[{"href":"https:\/\/www.pharmathek.com\/es\/wp-json\/wp\/v2\/pages"}],"about":[{"href":"https:\/\/www.pharmathek.com\/es\/wp-json\/wp\/v2\/types\/page"}],"author":[{"embeddable":true,"href":"https:\/\/www.pharmathek.com\/es\/wp-json\/wp\/v2\/users\/3"}],"replies":[{"embeddable":true,"href":"https:\/\/www.pharmathek.com\/es\/wp-json\/wp\/v2\/comments?post=11454"}],"version-history":[{"count":4,"href":"https:\/\/www.pharmathek.com\/es\/wp-json\/wp\/v2\/pages\/11454\/revisions"}],"predecessor-version":[{"id":11474,"href":"https:\/\/www.pharmathek.com\/es\/wp-json\/wp\/v2\/pages\/11454\/revisions\/11474"}],"wp:featuredmedia":[{"embeddable":true,"href":"https:\/\/www.pharmathek.com\/es\/wp-json\/wp\/v2\/media\/10624"}],"wp:attachment":[{"href":"https:\/\/www.pharmathek.com\/es\/wp-json\/wp\/v2\/media?parent=11454"}],"wp:term":[{"taxonomy":"category","embeddable":true,"href":"https:\/\/www.pharmathek.com\/es\/wp-json\/wp\/v2\/categories?post=11454"},{"taxonomy":"post_tag","embeddable":true,"href":"https:\/\/www.pharmathek.com\/es\/wp-json\/wp\/v2\/tags?post=11454"}],"curies":[{"name":"wp","href":"https:\/\/api.w.org\/{rel}","templated":true}]}}