{"id":11455,"date":"2020-10-06T09:55:20","date_gmt":"2020-10-06T07:55:20","guid":{"rendered":"http:\/\/www.pharmathek.com\/farmacia-schloss-dr-lickleder\/"},"modified":"2021-01-26T10:32:07","modified_gmt":"2021-01-26T09:32:07","slug":"farmacia-schloss-dr-lickleder","status":"publish","type":"page","link":"https:\/\/www.pharmathek.com\/es\/farmacia-schloss-dr-lickleder\/","title":{"rendered":"Farmacia Schloss"},"content":{"rendered":"<div class=\"wpb-content-wrapper\"><p>[vc_row full_width=\u00bbstretch_row_content\u00bb equal_height=\u00bbyes\u00bb content_placement=\u00bbmiddle\u00bb bg_type=\u00bbbg_color\u00bb bg_override=\u00bbfull\u00bb bg_color_value=\u00bb#eeeeef\u00bb][vc_column width=\u00bb1\/2&#8243; css=\u00bb.vc_custom_1523960338488{padding-right: 0px !important;padding-left: 0px !important;}\u00bb offset=\u00bbvc_hidden-md vc_hidden-sm vc_hidden-xs\u00bb][vc_single_image image=\u00bb10603&#8243; img_size=\u00bbfull\u00bb][\/vc_column][vc_column width=\u00bb1\/2&#8243; css=\u00bb.vc_custom_1523960343032{padding-right: 100px !important;padding-left: 100px !important;}\u00bb offset=\u00bbvc_hidden-md vc_hidden-sm vc_hidden-xs\u00bb][vc_empty_space]<div id=\"ultimate-heading-34386a07373f30bdb\" class=\"uvc-heading ult-adjust-bottom-margin ultimate-heading-34386a07373f30bdb uvc-6791 head-section-title uvc-heading-default-font-sizes\" data-hspacer=\"no_spacer\"  data-halign=\"center\" style=\"text-align:center\"><div class=\"uvc-heading-spacer no_spacer\" style=\"top\"><\/div><div class=\"uvc-main-heading ult-responsive\"  data-ultimate-target='.uvc-heading.ultimate-heading-34386a07373f30bdb p'  data-responsive-json-new='{\"font-size\":\"\",\"line-height\":\"\"}' ><p style=\"--font-weight:theme;\">FARMACIA SCHLOSS<\/p><\/div><div class=\"uvc-sub-heading ult-responsive\"  data-ultimate-target='.uvc-heading.ultimate-heading-34386a07373f30bdb .uvc-sub-heading '  data-responsive-json-new='{\"font-size\":\"\",\"line-height\":\"\"}'  style=\"font-weight:normal;\"><\/p>\n<p>&nbsp;<\/p>\n<p>&nbsp;<\/p>\n<p><\/div><\/div>[vc_empty_space][vc_column_text el_class=\u00bbtext-justify\u00bb]<\/p>\n<p>La farmacia Schloss (Schlo\u00df-Apotheke en alem\u00e1n) est\u00e1 equipada con un robot Pharmathek.<\/p>\n<p>&nbsp;<\/p>\n<p>La decisi\u00f3n de automatizar el almac\u00e9n de la farmacia la tom\u00f3 el Dr. Lickleder durante la renovaci\u00f3n del espacio.<\/p>\n<p>El robot, instalado detr\u00e1s del mostrador de recetas, pero separado de la zona de venta por una pared, se caracteriza por su color negro mate y la particular decoraci\u00f3n art\u00edstica aplicada en los paneles que dan al back office de la farmacia.<\/p>\n<p>La farmacia Schloss, ubicada en Roth, una ciudad alemana al sur de Nuremberg, es una de las muchas farmacias alemanas que ha elegido Pharmathek para la automatizaci\u00f3n de almacenes.<\/p>\n<p>[\/vc_column_text][vc_empty_space][\/vc_column][\/vc_row][vc_row full_width=\u00bbstretch_row_content\u00bb equal_height=\u00bbyes\u00bb content_placement=\u00bbmiddle\u00bb bg_type=\u00bbbg_color\u00bb bg_override=\u00bbfull\u00bb bg_color_value=\u00bb#eeeeef\u00bb][vc_column css=\u00bb.vc_custom_1524126670718{padding-right: 0px !important;padding-left: 0px !important;}\u00bb offset=\u00bbvc_hidden-lg\u00bb el_class=\u00bbfull-width-no-padding\u00bb][vc_single_image image=\u00bb10603&#8243; img_size=\u00bbfull\u00bb][vc_empty_space]<div id=\"ultimate-heading-93646a07373f30c92\" class=\"uvc-heading ult-adjust-bottom-margin ultimate-heading-93646a07373f30c92 uvc-4325 head-section-title uvc-heading-default-font-sizes\" data-hspacer=\"no_spacer\"  data-halign=\"center\" style=\"text-align:center\"><div class=\"uvc-heading-spacer no_spacer\" style=\"top\"><\/div><div class=\"uvc-main-heading ult-responsive\"  data-ultimate-target='.uvc-heading.ultimate-heading-93646a07373f30c92 p'  data-responsive-json-new='{\"font-size\":\"\",\"line-height\":\"\"}' ><p style=\"--font-weight:theme;\">LA FARMACIA SCHLOSS<\/p><\/div><div class=\"uvc-sub-heading ult-responsive\"  data-ultimate-target='.uvc-heading.ultimate-heading-93646a07373f30c92 .uvc-sub-heading '  data-responsive-json-new='{\"font-size\":\"\",\"line-height\":\"\"}'  style=\"font-weight:normal;\"><\/p>\n<p>&nbsp;<\/p>\n<p>&nbsp;<\/p>\n<p><\/div><\/div>[vc_empty_space][vc_column_text el_class=\u00bbtext-justify\u00bb]<\/p>\n<p>La farmacia Schloss (Schlo\u00df-Apotheke en alem\u00e1n) est\u00e1 equipada con un robot Pharmathek.<\/p>\n<p>&nbsp;<\/p>\n<p>La decisi\u00f3n de automatizar el almac\u00e9n de la farmacia la tom\u00f3 el Dr. Lickleder durante la renovaci\u00f3n del espacio.<\/p>\n<p>El robot, instalado detr\u00e1s del mostrador de recetas, pero separado de la zona de venta por una pared, se caracteriza por su color negro mate y la particular decoraci\u00f3n art\u00edstica aplicada en los paneles que dan al back office de la farmacia.<\/p>\n<p>La farmacia Schloss, ubicada en Roth, una ciudad alemana al sur de Nuremberg, es una de las muchas farmacias alemanas que ha elegido Pharmathek para la automatizaci\u00f3n de almacenes.<\/p>\n<p>&nbsp;<\/p>\n<p>[\/vc_column_text][vc_empty_space][\/vc_column][\/vc_row][vc_row][vc_column offset=\u00bbvc_hidden-md vc_hidden-sm vc_hidden-xs\u00bb][vc_empty_space height=\u00bb100px\u00bb][vc_single_image image=\u00bb10596&#8243; img_size=\u00bbfull\u00bb alignment=\u00bbcenter\u00bb][vc_empty_space]<div id=\"ultimate-heading-7996a07373f30d1d\" class=\"uvc-heading ult-adjust-bottom-margin ultimate-heading-7996a07373f30d1d uvc-1033 head-section-title uvc-heading-default-font-sizes\" data-hspacer=\"no_spacer\"  data-halign=\"center\" style=\"text-align:center\"><div class=\"uvc-heading-spacer no_spacer\" style=\"top\"><\/div><div class=\"uvc-main-heading ult-responsive\"  data-ultimate-target='.uvc-heading.ultimate-heading-7996a07373f30d1d p'  data-responsive-json-new='{\"font-size\":\"\",\"line-height\":\"\"}' ><p style=\"--font-weight:theme;\">LA PALABRA AL FARMAC\u00c9UTICO<\/p><\/div><\/div>[vc_empty_space][vc_column_text el_class=\u00bbtext-justify\u00bb]<\/p>\n<h4>Doctora Lickleder, \u00bfqu\u00e9 le llev\u00f3 a decidir automatizar su farmacia?<\/h4>\n<p>Decid\u00ed robotizar mi farmacia porque estoy convencido de que la automatizaci\u00f3n es una herramienta esencial para cualquier farmacia moderna. La instalaci\u00f3n en particular tuvo lugar con motivo de la renovaci\u00f3n de los espacios de la farmacia.<\/p>\n<p>&nbsp;<\/p>\n<h4>\u00bfQu\u00e9 le llev\u00f3 a decidir confiar en Pharmathek para la automatizaci\u00f3n de farmacias?<\/h4>\n<p>Mis colaboradores y yo hemos examinado cuidadosamente una amplia variedad de soluciones de automatizaci\u00f3n y proveedores. Entre todos, Pharmathek me hab\u00eda permitido visitar la planta de producci\u00f3n en Italia, lo que me permiti\u00f3 presenciar personalmente la creaci\u00f3n de los robots.<\/p>\n<p>Aunque en el momento de la elecci\u00f3n era una empresa a\u00fan poco conocida en Alemania, decid\u00ed confiar en Pharmathek porque me convenc\u00eda el proceso de producci\u00f3n, s\u00f3lido y lineal, y porque ten\u00eda una excelente relaci\u00f3n calidad-precio.<\/p>\n<p>El transporte desde Italia y el montaje fueron impecables, r\u00e1pidos y precisos.<\/p>\n<p>&nbsp;<\/p>\n<h4>\u00bfQu\u00e9 opina del resultado?<\/h4>\n<p>Estoy muy satisfecha. El robot se ha integrado perfectamente en nuestra forma de trabajar tanto que merece, como miembro del equipo, un nombre propio: Luigi.<\/p>\n<p>El robot demuestra una gran fiabilidad y requiere poco mantenimiento, yo dir\u00eda que se ha vuelto indispensable para todos nosotros.<\/p>\n<p>Por supuesto, uno de los puntos m\u00e1s importantes a considerar al elegir qu\u00e9 automatizaci\u00f3n adoptar sigue siendo un buen servicio al cliente, y aqu\u00ed es donde Pharmathek marca la diferencia.<\/p>\n<p>&nbsp;<\/p>\n<p>&nbsp;<\/p>\n<p>Doctora Michaela Lickleder<\/p>\n<p>[\/vc_column_text][vc_empty_space height=\u00bb100px\u00bb][\/vc_column][\/vc_row][vc_row][vc_column offset=\u00bbvc_hidden-lg\u00bb][vc_empty_space height=\u00bb50px\u00bb][vc_single_image image=\u00bb10596&#8243; img_size=\u00bbfull\u00bb alignment=\u00bbcenter\u00bb][vc_empty_space]<div id=\"ultimate-heading-89226a07373f30d9e\" class=\"uvc-heading ult-adjust-bottom-margin ultimate-heading-89226a07373f30d9e uvc-7799 head-section-title uvc-heading-default-font-sizes\" data-hspacer=\"no_spacer\"  data-halign=\"center\" style=\"text-align:center\"><div class=\"uvc-heading-spacer no_spacer\" style=\"top\"><\/div><div class=\"uvc-main-heading ult-responsive\"  data-ultimate-target='.uvc-heading.ultimate-heading-89226a07373f30d9e p'  data-responsive-json-new='{\"font-size\":\"\",\"line-height\":\"\"}' ><p style=\"--font-weight:theme;\">LA PALABRA AL FARMAC\u00c9UTICO<\/p><\/div><\/div>[vc_empty_space][vc_column_text el_class=\u00bbtext-justify\u00bb]<\/p>\n<h4>Doctora Lickleder, \u00bfqu\u00e9 le llev\u00f3 a decidir automatizar su farmacia?<\/h4>\n<p>Decid\u00ed robotizar mi farmacia porque estoy convencido de que la automatizaci\u00f3n es una herramienta esencial para cualquier farmacia moderna. La instalaci\u00f3n en particular tuvo lugar con motivo de la renovaci\u00f3n de los espacios de la farmacia.<\/p>\n<p>&nbsp;<\/p>\n<h4>\u00bfQu\u00e9 le llev\u00f3 a decidir confiar en Pharmathek para la automatizaci\u00f3n de farmacias?<\/h4>\n<p>Mis colaboradores y yo hemos examinado cuidadosamente una amplia variedad de soluciones de automatizaci\u00f3n y proveedores. Entre todos, Pharmathek me hab\u00eda permitido visitar la planta de producci\u00f3n en Italia, lo que me permiti\u00f3 presenciar personalmente la creaci\u00f3n de los robots.<\/p>\n<p>Aunque en el momento de la elecci\u00f3n era una empresa a\u00fan poco conocida en Alemania, decid\u00ed confiar en Pharmathek porque me convenc\u00eda el proceso de producci\u00f3n, s\u00f3lido y lineal, y porque ten\u00eda una excelente relaci\u00f3n calidad-precio.<\/p>\n<p>El transporte desde Italia y el montaje fueron impecables, r\u00e1pidos y precisos.<\/p>\n<p>&nbsp;<\/p>\n<h4>\u00bfQu\u00e9 opina del resultado?<\/h4>\n<p>Estoy muy satisfecha. El robot se ha integrado perfectamente en nuestra forma de trabajar tanto que merece, como miembro del equipo, un nombre propio: Luigi.<\/p>\n<p>El robot demuestra una gran fiabilidad y requiere poco mantenimiento, yo dir\u00eda que se ha vuelto indispensable para todos nosotros.<\/p>\n<p>Por supuesto, uno de los puntos m\u00e1s importantes a considerar al elegir qu\u00e9 automatizaci\u00f3n adoptar sigue siendo un buen servicio al cliente, y aqu\u00ed es donde Pharmathek marca la diferencia.<\/p>\n<p>&nbsp;<\/p>\n<p>&nbsp;<\/p>\n<p>Doctora Michaela Lickleder<\/p>\n<p>[\/vc_column_text][vc_empty_space height=\u00bb50px\u00bb][\/vc_column][\/vc_row][vc_row full_width=\u00bbstretch_row\u00bb bg_type=\u00bbbg_color\u00bb bg_override=\u00bbfull\u00bb bg_color_value=\u00bb#eeeeef\u00bb][vc_column offset=\u00bbvc_hidden-md vc_hidden-sm vc_hidden-xs\u00bb][vc_empty_space height=\u00bb100px\u00bb]<div id=\"ultimate-heading-10396a07373f30e1b\" class=\"uvc-heading ult-adjust-bottom-margin ultimate-heading-10396a07373f30e1b uvc-1528 head-section-title uvc-heading-default-font-sizes\" data-hspacer=\"no_spacer\"  data-halign=\"center\" style=\"text-align:center\"><div class=\"uvc-heading-spacer no_spacer\" style=\"top\"><\/div><div class=\"uvc-main-heading ult-responsive\"  data-ultimate-target='.uvc-heading.ultimate-heading-10396a07373f30e1b h2'  data-responsive-json-new='{\"font-size\":\"\",\"line-height\":\"\"}' ><h2 style=\"--font-weight:theme;\">GALER\u00cdA<\/h2><\/div><div class=\"uvc-sub-heading ult-responsive\"  data-ultimate-target='.uvc-heading.ultimate-heading-10396a07373f30e1b .uvc-sub-heading '  data-responsive-json-new='{\"font-size\":\"\",\"line-height\":\"\"}'  style=\"font-weight:normal;\"><\/p>\n<p>&nbsp;<\/p>\n<p>&nbsp;<\/p>\n<p><\/div><\/div>[vc_empty_space height=\u00bb50px\u00bb][vc_masonry_media_grid element_width=\u00bb3&#8243; gap=\u00bb10&#8243; grid_id=\u00bbvc_gid:1611653490472-d32a4920-d50f-0&#8243; include=\u00bb10589,10582,10568,10575&#8243;][vc_empty_space height=\u00bb100px\u00bb][\/vc_column][\/vc_row][vc_row full_width=\u00bbstretch_row\u00bb bg_type=\u00bbbg_color\u00bb bg_override=\u00bbfull\u00bb bg_color_value=\u00bb#eeeeef\u00bb][vc_column offset=\u00bbvc_hidden-lg\u00bb][vc_empty_space height=\u00bb50px\u00bb]<div id=\"ultimate-heading-77306a07373f30e97\" class=\"uvc-heading ult-adjust-bottom-margin ultimate-heading-77306a07373f30e97 uvc-5132 head-section-title uvc-heading-default-font-sizes\" data-hspacer=\"no_spacer\"  data-halign=\"center\" style=\"text-align:center\"><div class=\"uvc-heading-spacer no_spacer\" style=\"top\"><\/div><div class=\"uvc-main-heading ult-responsive\"  data-ultimate-target='.uvc-heading.ultimate-heading-77306a07373f30e97 h2'  data-responsive-json-new='{\"font-size\":\"\",\"line-height\":\"\"}' ><h2 style=\"--font-weight:theme;\">GALER\u00cdA<\/h2><\/div><div class=\"uvc-sub-heading ult-responsive\"  data-ultimate-target='.uvc-heading.ultimate-heading-77306a07373f30e97 .uvc-sub-heading '  data-responsive-json-new='{\"font-size\":\"\",\"line-height\":\"\"}'  style=\"font-weight:normal;\"><\/p>\n<p>&nbsp;<\/p>\n<p>&nbsp;<\/p>\n<p><\/div><\/div>[vc_empty_space height=\u00bb50px\u00bb][vc_masonry_media_grid element_width=\u00bb3&#8243; gap=\u00bb10&#8243; grid_id=\u00bbvc_gid:1611653490480-f6e50d63-98df-6&#8243; include=\u00bb10589,10582,10568,10575&#8243;][vc_empty_space height=\u00bb50px\u00bb][\/vc_column][\/vc_row][vc_row full_width=\u00bbstretch_row\u00bb bg_type=\u00bbimage\u00bb parallax_style=\u00bbvcpb-default\u00bb bg_image_new=\u00bbid^1166|url^http:\/\/www.pharmathek.com\/wp-content\/uploads\/2018\/03\/farmacia-specifiche-background.jpg|caption^null|alt^null|title^farmacia-specifiche-background|description^null\u00bb bg_image_repeat=\u00bbno-repeat\u00bb bg_override=\u00bbfull\u00bb][vc_column][vc_empty_space height=\u00bb100px\u00bb]<div id=\"ultimate-heading-41396a07373f30f10\" class=\"uvc-heading ult-adjust-bottom-margin ultimate-heading-41396a07373f30f10 uvc-6649 head-section-title text-white uvc-heading-default-font-sizes\" data-hspacer=\"no_spacer\"  data-halign=\"center\" style=\"text-align:center\"><div class=\"uvc-heading-spacer no_spacer\" style=\"top\"><\/div><div class=\"uvc-main-heading ult-responsive\"  data-ultimate-target='.uvc-heading.ultimate-heading-41396a07373f30f10 h2'  data-responsive-json-new='{\"font-size\":\"\",\"line-height\":\"\"}' ><h2 style=\"--font-weight:theme;\">EL PROYECTO<\/h2><\/div><div class=\"uvc-sub-heading ult-responsive\"  data-ultimate-target='.uvc-heading.ultimate-heading-41396a07373f30f10 .uvc-sub-heading '  data-responsive-json-new='{\"font-size\":\"\",\"line-height\":\"\"}'  style=\"font-weight:normal;\"><\/p>\n<p>&nbsp;<\/p>\n<p>&nbsp;<\/p>\n<p><\/div><\/div>[vc_empty_space height=\u00bb50px\u00bb][vc_separator color=\u00bbwhite\u00bb][vc_separator color=\u00bbwhite\u00bb][vc_row_inner][vc_column_inner width=\u00bb1\/2&#8243;][vc_column_text el_class=\u00bbprogetto-voci\u00bb]<\/p>\n<p>SOLUCIONES PHARMATHEK<\/p>\n<p>[\/vc_column_text][\/vc_column_inner][vc_column_inner width=\u00bb1\/2&#8243;][vc_column_text el_class=\u00bbprogetto-voci-valori\u00bb]<\/p>\n<p>SINTESI<\/p>\n<p>[\/vc_column_text][\/vc_column_inner][\/vc_row_inner][vc_separator color=\u00bbwhite\u00bb][vc_row_inner][vc_column_inner width=\u00bb1\/2&#8243;][vc_column_text el_class=\u00bbprogetto-voci\u00bb]<\/p>\n<p>DIMENSIONES ROBOT<\/p>\n<p>[\/vc_column_text][\/vc_column_inner][vc_column_inner width=\u00bb1\/2&#8243;][vc_column_text el_class=\u00bbprogetto-voci-valori\u00bb]<\/p>\n<p>L 6.547 x H 2.200 mm<\/p>\n<p>[\/vc_column_text][\/vc_column_inner][\/vc_row_inner][vc_separator color=\u00bbwhite\u00bb][vc_row_inner][vc_column_inner width=\u00bb1\/2&#8243;][vc_column_text el_class=\u00bbprogetto-voci\u00bb]<\/p>\n<p>CAPACIDAD EN CAJAS<\/p>\n<p>[\/vc_column_text][\/vc_column_inner][vc_column_inner width=\u00bb1\/2&#8243;][vc_column_text el_class=\u00bbprogetto-voci-valori\u00bb]<\/p>\n<p>10.900<\/p>\n<p>[\/vc_column_text][\/vc_column_inner][\/vc_row_inner][vc_separator color=\u00bbwhite\u00bb][vc_row_inner][vc_column_inner width=\u00bb1\/2&#8243;][vc_column_text el_class=\u00bbprogetto-voci\u00bb]<\/p>\n<p>UBICACI\u00d3N ROBOT CON RESPECTO AL MOSTRADOR<\/p>\n<p>[\/vc_column_text][\/vc_column_inner][vc_column_inner width=\u00bb1\/2&#8243;][vc_column_text el_class=\u00bbprogetto-voci-valori\u00bb]<\/p>\n<div><span lang=\"ES\">DETR\u00c1S DEL MOSTRADOR <\/span><\/div>\n<p>[\/vc_column_text][\/vc_column_inner][\/vc_row_inner][vc_separator color=\u00bbwhite\u00bb][vc_row_inner][vc_column_inner width=\u00bb1\/2&#8243;][vc_column_text el_class=\u00bbprogetto-voci\u00bb]<\/p>\n<p>ROTACI\u00d3N DE PRODUCTO<\/p>\n<p>[\/vc_column_text][\/vc_column_inner][vc_column_inner width=\u00bb1\/2&#8243;][vc_column_text el_class=\u00bbprogetto-voci-valori\u00bb]<\/p>\n<p>Entre 500 y 1.000<\/p>\n<p>[\/vc_column_text][\/vc_column_inner][\/vc_row_inner][vc_separator color=\u00bbwhite\u00bb][vc_empty_space height=\u00bb100px\u00bb][\/vc_column][\/vc_row][vc_row full_width=\u00bbstretch_row_content_no_spaces\u00bb][vc_column el_class=\u00bbfull-width-no-padding\u00bb][vc_single_image image=\u00bb10561&#8243; img_size=\u00bbfull\u00bb alignment=\u00bbcenter\u00bb]<style type=\"text\/css\" data-type=\"the7_shortcodes-inline-css\">#default-btn-5faae7e989bdcceeefc0a1c33d45665f.ico-right-side > i {\n  margin-right: 0px;\n  margin-left: 8px;\n}\n#default-btn-5faae7e989bdcceeefc0a1c33d45665f > i {\n  margin-right: 8px;\n}\n<\/style><div class=\"btn-align-center\"><a href=\"https:\/\/www.pharmathek.com\/es\/instalaciones\/\" class=\"default-btn-shortcode dt-btn dt-btn-l link-hover-off weight-300 full-width-btn \" id=\"default-btn-5faae7e989bdcceeefc0a1c33d45665f\"><span>Vuelve al listado de instalaciones<\/span><\/a><\/div>[\/vc_column][\/vc_row]<\/p>\n<\/div>","protected":false},"excerpt":{"rendered":"<p>Roth (Alemania)<\/p>\n","protected":false},"author":3,"featured_media":10560,"parent":0,"menu_order":0,"comment_status":"closed","ping_status":"closed","template":"","meta":{"inline_featured_image":false,"footnotes":""},"categories":[27],"tags":[],"class_list":["post-11455","page","type-page","status-publish","has-post-thumbnail","hentry","category-farmacia","description-off"],"_links":{"self":[{"href":"https:\/\/www.pharmathek.com\/es\/wp-json\/wp\/v2\/pages\/11455","targetHints":{"allow":["GET"]}}],"collection":[{"href":"https:\/\/www.pharmathek.com\/es\/wp-json\/wp\/v2\/pages"}],"about":[{"href":"https:\/\/www.pharmathek.com\/es\/wp-json\/wp\/v2\/types\/page"}],"author":[{"embeddable":true,"href":"https:\/\/www.pharmathek.com\/es\/wp-json\/wp\/v2\/users\/3"}],"replies":[{"embeddable":true,"href":"https:\/\/www.pharmathek.com\/es\/wp-json\/wp\/v2\/comments?post=11455"}],"version-history":[{"count":5,"href":"https:\/\/www.pharmathek.com\/es\/wp-json\/wp\/v2\/pages\/11455\/revisions"}],"predecessor-version":[{"id":11520,"href":"https:\/\/www.pharmathek.com\/es\/wp-json\/wp\/v2\/pages\/11455\/revisions\/11520"}],"wp:featuredmedia":[{"embeddable":true,"href":"https:\/\/www.pharmathek.com\/es\/wp-json\/wp\/v2\/media\/10560"}],"wp:attachment":[{"href":"https:\/\/www.pharmathek.com\/es\/wp-json\/wp\/v2\/media?parent=11455"}],"wp:term":[{"taxonomy":"category","embeddable":true,"href":"https:\/\/www.pharmathek.com\/es\/wp-json\/wp\/v2\/categories?post=11455"},{"taxonomy":"post_tag","embeddable":true,"href":"https:\/\/www.pharmathek.com\/es\/wp-json\/wp\/v2\/tags?post=11455"}],"curies":[{"name":"wp","href":"https:\/\/api.w.org\/{rel}","templated":true}]}}