{"id":11489,"date":"2020-02-20T12:10:40","date_gmt":"2020-02-20T11:10:40","guid":{"rendered":"http:\/\/www.pharmathek.com\/farmacia-du-grand-saconnex\/"},"modified":"2021-01-26T10:29:15","modified_gmt":"2021-01-26T09:29:15","slug":"farmacia-du-grand-saconnex","status":"publish","type":"page","link":"https:\/\/www.pharmathek.com\/es\/farmacia-du-grand-saconnex\/","title":{"rendered":"Farmacia du Grand-Saconnex"},"content":{"rendered":"<div class=\"wpb-content-wrapper\"><p>[vc_row full_width=\u00bbstretch_row_content\u00bb equal_height=\u00bbyes\u00bb content_placement=\u00bbmiddle\u00bb bg_type=\u00bbbg_color\u00bb bg_override=\u00bbfull\u00bb bg_color_value=\u00bb#eeeeef\u00bb][vc_column width=\u00bb1\/2&#8243; css=\u00bb.vc_custom_1523960338488{padding-right: 0px !important;padding-left: 0px !important;}\u00bb offset=\u00bbvc_hidden-md vc_hidden-sm vc_hidden-xs\u00bb][vc_single_image image=\u00bb3341&#8243; img_size=\u00bbfull\u00bb][\/vc_column][vc_column width=\u00bb1\/2&#8243; css=\u00bb.vc_custom_1523960343032{padding-right: 100px !important;padding-left: 100px !important;}\u00bb offset=\u00bbvc_hidden-md vc_hidden-sm vc_hidden-xs\u00bb][vc_empty_space]<div id=\"ultimate-heading-774069f26472ac51f\" class=\"uvc-heading ult-adjust-bottom-margin ultimate-heading-774069f26472ac51f uvc-5313 head-section-title uvc-heading-default-font-sizes\" data-hspacer=\"no_spacer\"  data-halign=\"center\" style=\"text-align:center\"><div class=\"uvc-heading-spacer no_spacer\" style=\"top\"><\/div><div class=\"uvc-main-heading ult-responsive\"  data-ultimate-target='.uvc-heading.ultimate-heading-774069f26472ac51f p'  data-responsive-json-new='{\"font-size\":\"\",\"line-height\":\"\"}' ><p style=\"--font-weight:theme;\">FARMACIA DU GRAND-SACONNEX<\/p><\/div><div class=\"uvc-sub-heading ult-responsive\"  data-ultimate-target='.uvc-heading.ultimate-heading-774069f26472ac51f .uvc-sub-heading '  data-responsive-json-new='{\"font-size\":\"\",\"line-height\":\"\"}'  style=\"font-weight:normal;\"><\/p>\n<p>&nbsp;<\/p>\n<p>&nbsp;<\/p>\n<p><\/div><\/div>[vc_empty_space][vc_column_text el_class=\u00bbtext-justify\u00bb]<\/p>\n<p>La Farmacia du Grand-Saconnex (en franc\u00e9s, Pharmacie de Charnot) est\u00e1 equipada con un robot Pharmathek.<\/p>\n<p>La elecci\u00f3n de la doctora Tissot de instalar un almac\u00e9n robotizado se debe a su deseo de optimizar la gesti\u00f3n de la farmacia, mejorar su rentabilidad y ofrecer un servicio de mayor calidad a los clientes.<\/p>\n<p>La Farmacia du Grand-Saconnex, ubicada en Grand-Saconnex, una ciudad suiza cercana a Ginebra, es una de las muchas farmacias suizas que ha elegido Pharmathek para la automatizaci\u00f3n de almacenes.<\/p>\n<p>[\/vc_column_text][vc_empty_space][\/vc_column][\/vc_row][vc_row full_width=\u00bbstretch_row_content\u00bb equal_height=\u00bbyes\u00bb content_placement=\u00bbmiddle\u00bb bg_type=\u00bbbg_color\u00bb bg_override=\u00bbfull\u00bb bg_color_value=\u00bb#eeeeef\u00bb][vc_column css=\u00bb.vc_custom_1524126670718{padding-right: 0px !important;padding-left: 0px !important;}\u00bb offset=\u00bbvc_hidden-lg\u00bb el_class=\u00bbfull-width-no-padding\u00bb][vc_single_image image=\u00bb3341&#8243; img_size=\u00bbfull\u00bb][vc_empty_space]<div id=\"ultimate-heading-564669f26472ac5d9\" class=\"uvc-heading ult-adjust-bottom-margin ultimate-heading-564669f26472ac5d9 uvc-9997 head-section-title uvc-heading-default-font-sizes\" data-hspacer=\"no_spacer\"  data-halign=\"center\" style=\"text-align:center\"><div class=\"uvc-heading-spacer no_spacer\" style=\"top\"><\/div><div class=\"uvc-main-heading ult-responsive\"  data-ultimate-target='.uvc-heading.ultimate-heading-564669f26472ac5d9 p'  data-responsive-json-new='{\"font-size\":\"\",\"line-height\":\"\"}' ><p style=\"--font-weight:theme;\">FARMACIA DU GRAND-SACONNEX<\/p><\/div><div class=\"uvc-sub-heading ult-responsive\"  data-ultimate-target='.uvc-heading.ultimate-heading-564669f26472ac5d9 .uvc-sub-heading '  data-responsive-json-new='{\"font-size\":\"\",\"line-height\":\"\"}'  style=\"font-weight:normal;\"><\/p>\n<p>&nbsp;<\/p>\n<p>&nbsp;<\/p>\n<p><\/div><\/div>[vc_empty_space][vc_column_text el_class=\u00bbtext-justify\u00bb]<\/p>\n<p>La Farmacia du Grand-Saconnex (en franc\u00e9s, Pharmacie de Charnot) est\u00e1 equipada con un robot Pharmathek.<\/p>\n<p>La elecci\u00f3n de la doctora Tissot de instalar un almac\u00e9n robotizado se debe a su deseo de optimizar la gesti\u00f3n de la farmacia, mejorar su rentabilidad y ofrecer un servicio de mayor calidad a los clientes.<\/p>\n<p>La Farmacia du Grand-Saconnex, ubicada en Grand-Saconnex, una ciudad suiza cercana a Ginebra, es una de las muchas farmacias suizas que ha elegido Pharmathek para la automatizaci\u00f3n de almacenes.<\/p>\n<p>[\/vc_column_text][vc_empty_space][\/vc_column][\/vc_row][vc_row][vc_column offset=\u00bbvc_hidden-md vc_hidden-sm vc_hidden-xs\u00bb][vc_empty_space height=\u00bb100px\u00bb][vc_single_image image=\u00bb3345&#8243; img_size=\u00bbfull\u00bb alignment=\u00bbcenter\u00bb][vc_empty_space]<div id=\"ultimate-heading-631069f26472ac661\" class=\"uvc-heading ult-adjust-bottom-margin ultimate-heading-631069f26472ac661 uvc-1846 head-section-title uvc-heading-default-font-sizes\" data-hspacer=\"no_spacer\"  data-halign=\"center\" style=\"text-align:center\"><div class=\"uvc-heading-spacer no_spacer\" style=\"top\"><\/div><div class=\"uvc-main-heading ult-responsive\"  data-ultimate-target='.uvc-heading.ultimate-heading-631069f26472ac661 p'  data-responsive-json-new='{\"font-size\":\"\",\"line-height\":\"\"}' ><p style=\"--font-weight:theme;\">LA PALABRA AL FARMAC\u00c9UTICO<\/p><\/div><\/div>[vc_empty_space][vc_column_text el_class=\u00bbtext-justify\u00bb]<\/p>\n<h4>Doctora Tissot, \u00bfqu\u00e9 le llev\u00f3 a decidir robotizar su farmacia?<\/h4>\n<p>Eleg\u00ed instalar un almac\u00e9n robotizado porque mi farmacia no estaba funcionando y se hab\u00eda quedado atr\u00e1s de la evoluci\u00f3n del sector farmac\u00e9utico. No ten\u00eda un lugar para exponer productos sin receta, as\u00ed que solo vend\u00eda medicamentos recetados. Esto result\u00f3 en una rotaci\u00f3n bastante baja y m\u00e1rgenes muy bajos.<\/p>\n<p>Hab\u00eda que hacer algo, en primer lugar, renovar el \u00e1rea de ventas e insertar un departamento dedicado a la dermocosm\u00e9tica, pero no ten\u00eda suficiente superficie disponible. El robot me permiti\u00f3 recuperar el espacio necesario para hacerlo.<\/p>\n<p>&nbsp;<\/p>\n<h4>\u00bfEst\u00e1 satisfecha con su robot Pharmathek?<\/h4>\n<p>\u00a1Muy satisfecha! El robot me permiti\u00f3 no solo recuperar espacio, sino tambi\u00e9n tiempo para ponerlo a disposici\u00f3n de mis clientes. Al poder pasar m\u00e1s tiempo con ellos en el mostrador, puedo asesorarlos mejor, ofrecerles productos y esto me ha permitido aumentar la facturaci\u00f3n de la farmacia.<\/p>\n<p>Adem\u00e1s, pocas farmacias en Suiza est\u00e1n equipadas con un robot Pharmathek y esto ha permitido a mi farmacia obtener una imagen moderna y acorde con los tiempos.<\/p>\n<p>\u00a1Estoy muy satisfecha!<\/p>\n<p>&nbsp;<\/p>\n<p>Doctora Tissot<\/p>\n<p>[\/vc_column_text][vc_empty_space height=\u00bb100px\u00bb][\/vc_column][\/vc_row][vc_row][vc_column offset=\u00bbvc_hidden-lg\u00bb][vc_empty_space height=\u00bb50px\u00bb][vc_single_image image=\u00bb3345&#8243; img_size=\u00bbfull\u00bb alignment=\u00bbcenter\u00bb][vc_empty_space]<div id=\"ultimate-heading-742669f26472ac6ea\" class=\"uvc-heading ult-adjust-bottom-margin ultimate-heading-742669f26472ac6ea uvc-2048 head-section-title uvc-heading-default-font-sizes\" data-hspacer=\"no_spacer\"  data-halign=\"center\" style=\"text-align:center\"><div class=\"uvc-heading-spacer no_spacer\" style=\"top\"><\/div><div class=\"uvc-main-heading ult-responsive\"  data-ultimate-target='.uvc-heading.ultimate-heading-742669f26472ac6ea p'  data-responsive-json-new='{\"font-size\":\"\",\"line-height\":\"\"}' ><p style=\"--font-weight:theme;\">LA PALABRA AL FARMAC\u00c9UTICO<\/p><\/div><\/div>[vc_empty_space][vc_column_text el_class=\u00bbtext-justify\u00bb]<\/p>\n<h4>Doctora Tissot, \u00bfqu\u00e9 le llev\u00f3 a decidir robotizar su farmacia?<\/h4>\n<p>Eleg\u00ed instalar un almac\u00e9n robotizado porque mi farmacia no estaba funcionando y se hab\u00eda quedado atr\u00e1s de la evoluci\u00f3n del sector farmac\u00e9utico. No ten\u00eda un lugar para exponer productos sin receta, as\u00ed que solo vend\u00eda medicamentos recetados. Esto result\u00f3 en una rotaci\u00f3n bastante baja y m\u00e1rgenes muy bajos.<\/p>\n<p>Hab\u00eda que hacer algo, en primer lugar, renovar el \u00e1rea de ventas e insertar un departamento dedicado a la dermocosm\u00e9tica, pero no ten\u00eda suficiente superficie disponible. El robot me permiti\u00f3 recuperar el espacio necesario para hacerlo.<\/p>\n<p>&nbsp;<\/p>\n<h4>\u00bfEst\u00e1 satisfecha con su robot Pharmathek?<\/h4>\n<p>\u00a1Muy satisfecha! El robot me permiti\u00f3 no solo recuperar espacio, sino tambi\u00e9n tiempo para ponerlo a disposici\u00f3n de mis clientes. Al poder pasar m\u00e1s tiempo con ellos en el mostrador, puedo asesorarlos mejor, ofrecerles productos y esto me ha permitido aumentar la facturaci\u00f3n de la farmacia.<\/p>\n<p>Adem\u00e1s, pocas farmacias en Suiza est\u00e1n equipadas con un robot Pharmathek y esto ha permitido a mi farmacia obtener una imagen moderna y acorde con los tiempos.<\/p>\n<p>\u00a1Estoy muy satisfecha!<\/p>\n<p>&nbsp;<\/p>\n<p>Doctora Tissot<\/p>\n<p>[\/vc_column_text][vc_empty_space height=\u00bb50px\u00bb][\/vc_column][\/vc_row][vc_row full_width=\u00bbstretch_row\u00bb bg_type=\u00bbbg_color\u00bb bg_override=\u00bbfull\u00bb bg_color_value=\u00bb#eeeeef\u00bb][vc_column offset=\u00bbvc_hidden-md vc_hidden-sm vc_hidden-xs\u00bb][vc_empty_space height=\u00bb100px\u00bb]<div id=\"ultimate-heading-105369f26472ac767\" class=\"uvc-heading ult-adjust-bottom-margin ultimate-heading-105369f26472ac767 uvc-3859 head-section-title uvc-heading-default-font-sizes\" data-hspacer=\"no_spacer\"  data-halign=\"center\" style=\"text-align:center\"><div class=\"uvc-heading-spacer no_spacer\" style=\"top\"><\/div><div class=\"uvc-main-heading ult-responsive\"  data-ultimate-target='.uvc-heading.ultimate-heading-105369f26472ac767 h2'  data-responsive-json-new='{\"font-size\":\"\",\"line-height\":\"\"}' ><h2 style=\"--font-weight:theme;\">GALER\u00cdA<\/h2><\/div><div class=\"uvc-sub-heading ult-responsive\"  data-ultimate-target='.uvc-heading.ultimate-heading-105369f26472ac767 .uvc-sub-heading '  data-responsive-json-new='{\"font-size\":\"\",\"line-height\":\"\"}'  style=\"font-weight:normal;\"><\/p>\n<p>&nbsp;<\/p>\n<p>&nbsp;<\/p>\n<p><\/div><\/div>[vc_empty_space height=\u00bb50px\u00bb][vc_masonry_media_grid element_width=\u00bb3&#8243; gap=\u00bb10&#8243; grid_id=\u00bbvc_gid:1611653241832-241870a0-c85f-3&#8243; include=\u00bb3357,3369,3365,3361,3373,3377,3353,3349&#8243;][vc_empty_space height=\u00bb100px\u00bb][\/vc_column][\/vc_row][vc_row full_width=\u00bbstretch_row\u00bb bg_type=\u00bbbg_color\u00bb bg_override=\u00bbfull\u00bb bg_color_value=\u00bb#eeeeef\u00bb][vc_column offset=\u00bbvc_hidden-lg\u00bb][vc_empty_space height=\u00bb50px\u00bb]<div id=\"ultimate-heading-677569f26472ac7e1\" class=\"uvc-heading ult-adjust-bottom-margin ultimate-heading-677569f26472ac7e1 uvc-5071 head-section-title uvc-heading-default-font-sizes\" data-hspacer=\"no_spacer\"  data-halign=\"center\" style=\"text-align:center\"><div class=\"uvc-heading-spacer no_spacer\" style=\"top\"><\/div><div class=\"uvc-main-heading ult-responsive\"  data-ultimate-target='.uvc-heading.ultimate-heading-677569f26472ac7e1 h2'  data-responsive-json-new='{\"font-size\":\"\",\"line-height\":\"\"}' ><h2 style=\"--font-weight:theme;\">GALER\u00cdA<\/h2><\/div><div class=\"uvc-sub-heading ult-responsive\"  data-ultimate-target='.uvc-heading.ultimate-heading-677569f26472ac7e1 .uvc-sub-heading '  data-responsive-json-new='{\"font-size\":\"\",\"line-height\":\"\"}'  style=\"font-weight:normal;\"><\/p>\n<p>&nbsp;<\/p>\n<p>&nbsp;<\/p>\n<p><\/div><\/div>[vc_empty_space height=\u00bb50px\u00bb][vc_masonry_media_grid element_width=\u00bb3&#8243; gap=\u00bb10&#8243; grid_id=\u00bbvc_gid:1611653241843-2032b582-14c1-7&#8243; include=\u00bb3357,3369,3365,3361,3373,3377,3353,3349&#8243;][vc_empty_space height=\u00bb50px\u00bb][\/vc_column][\/vc_row][vc_row full_width=\u00bbstretch_row\u00bb bg_type=\u00bbimage\u00bb parallax_style=\u00bbvcpb-default\u00bb bg_image_new=\u00bbid^1166|url^http:\/\/www.pharmathek.com\/wp-content\/uploads\/2018\/03\/farmacia-specifiche-background.jpg|caption^null|alt^null|title^farmacia-specifiche-background|description^null\u00bb bg_image_repeat=\u00bbno-repeat\u00bb bg_override=\u00bbfull\u00bb][vc_column][vc_empty_space height=\u00bb100px\u00bb]<div id=\"ultimate-heading-73169f26472ac859\" class=\"uvc-heading ult-adjust-bottom-margin ultimate-heading-73169f26472ac859 uvc-1034 head-section-title text-white uvc-heading-default-font-sizes\" data-hspacer=\"no_spacer\"  data-halign=\"center\" style=\"text-align:center\"><div class=\"uvc-heading-spacer no_spacer\" style=\"top\"><\/div><div class=\"uvc-main-heading ult-responsive\"  data-ultimate-target='.uvc-heading.ultimate-heading-73169f26472ac859 h2'  data-responsive-json-new='{\"font-size\":\"\",\"line-height\":\"\"}' ><h2 style=\"--font-weight:theme;\">EL PROYECTO<\/h2><\/div><div class=\"uvc-sub-heading ult-responsive\"  data-ultimate-target='.uvc-heading.ultimate-heading-73169f26472ac859 .uvc-sub-heading '  data-responsive-json-new='{\"font-size\":\"\",\"line-height\":\"\"}'  style=\"font-weight:normal;\"><\/p>\n<p>&nbsp;<\/p>\n<p>&nbsp;<\/p>\n<p><\/div><\/div>[vc_empty_space height=\u00bb50px\u00bb][vc_separator color=\u00bbwhite\u00bb][vc_separator color=\u00bbwhite\u00bb][vc_row_inner][vc_column_inner width=\u00bb1\/2&#8243;][vc_column_text el_class=\u00bbprogetto-voci\u00bb]<\/p>\n<p>SOLUCIONES PHARMATHEK<\/p>\n<p>[\/vc_column_text][\/vc_column_inner][vc_column_inner width=\u00bb1\/2&#8243;][vc_column_text el_class=\u00bbprogetto-voci-valori\u00bb]SINTESI[\/vc_column_text][\/vc_column_inner][\/vc_row_inner][vc_separator color=\u00bbwhite\u00bb][vc_row_inner][vc_column_inner width=\u00bb1\/2&#8243;][vc_column_text el_class=\u00bbprogetto-voci\u00bb]<\/p>\n<p>DIMENSIONES ROBOT<\/p>\n<p>[\/vc_column_text][\/vc_column_inner][vc_column_inner width=\u00bb1\/2&#8243;][vc_column_text el_class=\u00bbprogetto-voci-valori\u00bb]<\/p>\n<p>L 4.547 x H 2.500 mm<\/p>\n<p>[\/vc_column_text][\/vc_column_inner][\/vc_row_inner][vc_separator color=\u00bbwhite\u00bb][vc_row_inner][vc_column_inner width=\u00bb1\/2&#8243;][vc_column_text el_class=\u00bbprogetto-voci\u00bb]<\/p>\n<p>CAPACIDAD EN CAJAS<\/p>\n<p>[\/vc_column_text][\/vc_column_inner][vc_column_inner width=\u00bb1\/2&#8243;][vc_column_text el_class=\u00bbprogetto-voci-valori\u00bb]<\/p>\n<p>8.500<\/p>\n<p>[\/vc_column_text][\/vc_column_inner][\/vc_row_inner][vc_separator color=\u00bbwhite\u00bb][vc_row_inner][vc_column_inner width=\u00bb1\/2&#8243;][vc_column_text el_class=\u00bbprogetto-voci\u00bb]<\/p>\n<p>UBICACI\u00d3N ROBOT CON RESPECTO AL MOSTRADOR<\/p>\n<p>[\/vc_column_text][\/vc_column_inner][vc_column_inner width=\u00bb1\/2&#8243;][vc_column_text el_class=\u00bbprogetto-voci-valori\u00bb]<\/p>\n<div><span lang=\"ES\">DETR\u00c1S DEL MOSTRADOR <\/span><\/div>\n<p>[\/vc_column_text][\/vc_column_inner][\/vc_row_inner][vc_separator color=\u00bbwhite\u00bb][vc_row_inner][vc_column_inner width=\u00bb1\/2&#8243;][vc_column_text el_class=\u00bbprogetto-voci\u00bb]<\/p>\n<p>ROTACI\u00d3N DE PRODUCTO<\/p>\n<p>[\/vc_column_text][\/vc_column_inner][vc_column_inner width=\u00bb1\/2&#8243;][vc_column_text el_class=\u00bbprogetto-voci-valori\u00bb]<\/p>\n<p>&lt; 500<\/p>\n<p>[\/vc_column_text][\/vc_column_inner][\/vc_row_inner][vc_separator color=\u00bbwhite\u00bb][vc_empty_space height=\u00bb100px\u00bb][\/vc_column][\/vc_row][vc_row full_width=\u00bbstretch_row_content_no_spaces\u00bb][vc_column el_class=\u00bbfull-width-no-padding\u00bb][vc_single_image image=\u00bb3381&#8243; img_size=\u00bbfull\u00bb alignment=\u00bbcenter\u00bb]<style type=\"text\/css\" data-type=\"the7_shortcodes-inline-css\">#default-btn-5faae7e989bdcceeefc0a1c33d45665f.ico-right-side > i {\n  margin-right: 0px;\n  margin-left: 8px;\n}\n#default-btn-5faae7e989bdcceeefc0a1c33d45665f > i {\n  margin-right: 8px;\n}\n<\/style><div class=\"btn-align-center\"><a href=\"https:\/\/www.pharmathek.com\/es\/instalaciones\/\" class=\"default-btn-shortcode dt-btn dt-btn-l link-hover-off weight-300 full-width-btn \" id=\"default-btn-5faae7e989bdcceeefc0a1c33d45665f\"><span>Vuelve al listado de instalaciones<\/span><\/a><\/div>[\/vc_column][\/vc_row]<\/p>\n<\/div>","protected":false},"excerpt":{"rendered":"<p>Le Grand-Saconnex (Suiza)<\/p>\n","protected":false},"author":1,"featured_media":3337,"parent":0,"menu_order":0,"comment_status":"closed","ping_status":"closed","template":"","meta":{"inline_featured_image":false,"footnotes":""},"categories":[27],"tags":[],"class_list":["post-11489","page","type-page","status-publish","has-post-thumbnail","hentry","category-farmacia","description-off"],"_links":{"self":[{"href":"https:\/\/www.pharmathek.com\/es\/wp-json\/wp\/v2\/pages\/11489","targetHints":{"allow":["GET"]}}],"collection":[{"href":"https:\/\/www.pharmathek.com\/es\/wp-json\/wp\/v2\/pages"}],"about":[{"href":"https:\/\/www.pharmathek.com\/es\/wp-json\/wp\/v2\/types\/page"}],"author":[{"embeddable":true,"href":"https:\/\/www.pharmathek.com\/es\/wp-json\/wp\/v2\/users\/1"}],"replies":[{"embeddable":true,"href":"https:\/\/www.pharmathek.com\/es\/wp-json\/wp\/v2\/comments?post=11489"}],"version-history":[{"count":5,"href":"https:\/\/www.pharmathek.com\/es\/wp-json\/wp\/v2\/pages\/11489\/revisions"}],"predecessor-version":[{"id":11518,"href":"https:\/\/www.pharmathek.com\/es\/wp-json\/wp\/v2\/pages\/11489\/revisions\/11518"}],"wp:featuredmedia":[{"embeddable":true,"href":"https:\/\/www.pharmathek.com\/es\/wp-json\/wp\/v2\/media\/3337"}],"wp:attachment":[{"href":"https:\/\/www.pharmathek.com\/es\/wp-json\/wp\/v2\/media?parent=11489"}],"wp:term":[{"taxonomy":"category","embeddable":true,"href":"https:\/\/www.pharmathek.com\/es\/wp-json\/wp\/v2\/categories?post=11489"},{"taxonomy":"post_tag","embeddable":true,"href":"https:\/\/www.pharmathek.com\/es\/wp-json\/wp\/v2\/tags?post=11489"}],"curies":[{"name":"wp","href":"https:\/\/api.w.org\/{rel}","templated":true}]}}