{"id":2532,"date":"2018-07-13T14:32:02","date_gmt":"2018-07-13T12:32:02","guid":{"rendered":"http:\/\/www.pharmathek.com\/?page_id=2532"},"modified":"2024-07-23T16:01:20","modified_gmt":"2024-07-23T14:01:20","slug":"asistencia","status":"publish","type":"page","link":"https:\/\/www.pharmathek.com\/es\/asistencia\/","title":{"rendered":"Asistencia"},"content":{"rendered":"<div class=\"wpb-content-wrapper\"><p>[vc_row full_width=\u00bbstretch_row_content\u00bb full_height=\u00bbyes\u00bb columns_placement=\u00bbbottom\u00bb bg_type=\u00bbimage\u00bb parallax_style=\u00bbvcpb-default\u00bb bg_image_new=\u00bbid^3543|url^http:\/\/www.pharmathek.com\/wp-content\/uploads\/2018\/07\/assistenza-clienti-neutro.jpg|caption^null|alt^null|title^assistenza-clienti-neutro|description^null\u00bb bg_image_repeat=\u00bbno-repeat\u00bb bg_override=\u00bbex-full\u00bb enable_overlay=\u00bbenable_overlay_value\u00bb css=\u00bb.vc_custom_1532421718950{border-top-width: 0px !important;border-bottom-width: 0px !important;padding-top: 200px !important;padding-right: 70px !important;padding-bottom: 25px !important;padding-left: 70px !important;}\u00bb][vc_column][vc_column_text css_animation=\u00bbfadeInRight\u00bb el_class=\u00bbfont-soluzioni text-white\u00bb]<\/p>\n<p style=\"text-align: right;\">TODAS LAS VENTAJAS<br \/>\nDE TENER<br \/>\nUN EQUIPO SIEMPRE<br \/>\n<strong>A TU LADO<\/strong><\/p>\n<p>[\/vc_column_text][vc_empty_space][vc_btn title=\u00bb\u00bb style=\u00bbflat\u00bb shape=\u00bbsquare\u00bb color=\u00bbdefault\u00bb align=\u00bbright\u00bb i_icon_fontawesome=\u00bbfa fa-angle-double-down\u00bb add_icon=\u00bbtrue\u00bb smooth_scroll=\u00bbtrue\u00bb link=\u00bburl:%23!%2Ftop-a|||\u00bb][\/vc_column][\/vc_row][vc_row el_id=\u00bbtop-a\u00bb][vc_column offset=\u00bbvc_hidden-xs\u00bb][vc_empty_space height=\u00bb100px\u00bb]<div id=\"ultimate-heading-732369d54b460c101\" class=\"uvc-heading ult-adjust-bottom-margin ultimate-heading-732369d54b460c101 uvc-7530 head-section-title-h1-testo uvc-heading-default-font-sizes\" data-hspacer=\"no_spacer\"  data-halign=\"center\" style=\"text-align:center\"><div class=\"uvc-heading-spacer no_spacer\" style=\"top\"><\/div><div class=\"uvc-main-heading ult-responsive\"  data-ultimate-target='.uvc-heading.ultimate-heading-732369d54b460c101 h1'  data-responsive-json-new='{\"font-size\":\"\",\"line-height\":\"\"}' ><h1 style=\"font-weight:bold;\">LA ASISTENCIA PHARMATHEK<\/h1><\/div><\/div>[vc_empty_space][vc_column_text el_class=\u00bbtext-justify\u00bb]Elegir Pharmathek no solo significa contar con la tecnolog\u00eda de nuestras soluciones durante la instalaci\u00f3n, elegir Pharmathek tambi\u00e9n significa asegurarse de recibir toda la ayuda que se necesite de profesionales listos para asistir en todo momento.<\/p>\n<p><strong>EQUIPO ESPECIALIZADO<\/strong><\/p>\n<p>El personal de Pharmathek recibe formaci\u00f3n espec\u00edfica y continua para satisfacer todas las necesidades de la gesti\u00f3n de la farmacia automatizada. La eficacia en las intervenciones y la satisfacci\u00f3n del cliente que solicita la asistencia, son supervisadas constantemente con el fin de garantizar un servicio cada vez mejor.<\/p>\n<p><strong>SOPORTE 24\/7<\/strong><\/p>\n<p>Nuestros t\u00e9cnicos se preocupan por la satisfacci\u00f3n constante de nuestros clientes. Su respuesta r\u00e1pida en cualquier imprevisto forma parte de la filosof\u00eda de nuestros especialistas Pharmathek, que se traduce en concreto con una formaci\u00f3n del personal en la farmacia, y una asistencia telef\u00f3nica 24 horas al d\u00eda, 7 d\u00edas a la semana.<\/p>\n<p><strong>VIDEOVIGILANCIA<\/strong><\/p>\n<p>La soluci\u00f3n de un problema a menudo es posible incluso antes de que se manifieste. Por esta raz\u00f3n, hemos implementado un sistema de monitoreo remoto efectivo que proporciona la videovigilancia de los robots instalados, de modo que podamos actualizarnos inmediatamente sobre cualquier anomal\u00eda e intervenir en tiempo real.[\/vc_column_text][vc_empty_space height=\u00bb100px\u00bb][vc_single_image image=\u00bb1479&#8243; img_size=\u00bbfull\u00bb alignment=\u00bbcenter\u00bb][vc_empty_space height=\u00bb100px\u00bb][\/vc_column][\/vc_row][vc_row][vc_column offset=\u00bbvc_hidden-lg vc_hidden-md vc_hidden-sm\u00bb][vc_empty_space height=\u00bb100px\u00bb]<div id=\"ultimate-heading-368469d54b460c1b4\" class=\"uvc-heading ult-adjust-bottom-margin ultimate-heading-368469d54b460c1b4 uvc-659 head-section-title uvc-heading-default-font-sizes\" data-hspacer=\"no_spacer\"  data-halign=\"center\" style=\"text-align:center\"><div class=\"uvc-heading-spacer no_spacer\" style=\"top\"><\/div><div class=\"uvc-main-heading ult-responsive\"  data-ultimate-target='.uvc-heading.ultimate-heading-368469d54b460c1b4 h3'  data-responsive-json-new='{\"font-size\":\"\",\"line-height\":\"\"}' ><h3 style=\"--font-weight:theme;\">LA ASISTENCIA PHARMATHEK<\/h3><\/div><\/div>[vc_empty_space][vc_column_text el_class=\u00bbtext-justify\u00bb]Elegir Pharmathek no solo significa contar con la tecnolog\u00eda de nuestras soluciones durante la instalaci\u00f3n, elegir Pharmathek tambi\u00e9n significa asegurarse de recibir toda la ayuda que se necesite de profesionales listos para asistir en todo momento.<\/p>\n<p><strong>EQUIPO ESPECIALIZADO<\/strong><\/p>\n<p>El personal de Pharmathek recibe formaci\u00f3n espec\u00edfica y continua para satisfacer todas las necesidades de la gesti\u00f3n de la farmacia automatizada. La eficacia en las intervenciones y la satisfacci\u00f3n del cliente que solicita la asistencia, son supervisadas constantemente con el fin de garantizar un servicio cada vez mejor.<\/p>\n<p><strong>SOPORTE 24\/7<\/strong><\/p>\n<p>Nuestros t\u00e9cnicos se preocupan por la satisfacci\u00f3n constante de nuestros clientes. Su respuesta r\u00e1pida en cualquier imprevisto forma parte de la filosof\u00eda de nuestros especialistas Pharmathek, que se traduce en concreto con una formaci\u00f3n del personal en la farmacia, y una asistencia telef\u00f3nica 24 horas al d\u00eda, 7 d\u00edas a la semana.<\/p>\n<p><strong>VIDEOVIGILANCIA<\/strong><\/p>\n<p>La soluci\u00f3n de un problema a menudo es posible incluso antes de que se manifieste. Por esta raz\u00f3n, hemos implementado un sistema de monitoreo remoto efectivo que proporciona la videovigilancia de los robots instalados, de modo que podamos actualizarnos inmediatamente sobre cualquier anomal\u00eda e intervenir en tiempo real.[\/vc_column_text][vc_empty_space height=\u00bb50px\u00bb][vc_single_image image=\u00bb1479&#8243; img_size=\u00bbfull\u00bb alignment=\u00bbcenter\u00bb][vc_empty_space height=\u00bb50px\u00bb][\/vc_column][\/vc_row][vc_row][vc_column offset=\u00bbvc_hidden-xs\u00bb][vc_cta h2=\u00bbLlama ahora para solicitar asistencia\u00bb txt_align=\u00bbcenter\u00bb shape=\u00bbsquare\u00bb style=\u00bbflat\u00bb css_animation=\u00bbfadeInDown\u00bb css=\u00bb\u00bb el_class=\u00bbcta-numero-verde\u00bb]<strong><a href=\"tel:+34938377791\">+34 938 377 791<\/a><\/strong>[\/vc_cta][vc_empty_space height=\u00bb100px\u00bb][\/vc_column][\/vc_row][vc_row full_width=\u00bbstretch_row_content_no_spaces\u00bb][vc_column offset=\u00bbvc_hidden-lg vc_hidden-md vc_hidden-sm\u00bb el_class=\u00bbfull-width-no-padding\u00bb][vc_cta h2=\u00bbLlama ahora para solicitar asistencia\u00bb txt_align=\u00bbcenter\u00bb shape=\u00bbsquare\u00bb style=\u00bbflat\u00bb css_animation=\u00bbnone\u00bb css=\u00bb\u00bb el_class=\u00bbcta-numero-verde\u00bb]<strong><a href=\"tel:+34938377791\">+34 938 377 791<\/a><\/strong>[\/vc_cta][vc_empty_space height=\u00bb50px\u00bb][\/vc_column][\/vc_row]<\/p>\n<\/div>","protected":false},"excerpt":{"rendered":"<p>[vc_row full_width=\u00bbstretch_row_content\u00bb full_height=\u00bbyes\u00bb columns_placement=\u00bbbottom\u00bb bg_type=\u00bbimage\u00bb parallax_style=\u00bbvcpb-default\u00bb bg_image_new=\u00bbid^3543|url^http:\/\/www.pharmathek.com\/wp-content\/uploads\/2018\/07\/assistenza-clienti-neutro.jpg|caption^null|alt^null|title^assistenza-clienti-neutro|description^null\u00bb bg_image_repeat=\u00bbno-repeat\u00bb bg_override=\u00bbex-full\u00bb enable_overlay=\u00bbenable_overlay_value\u00bb css=\u00bb.vc_custom_1532421718950{border-top-width: 0px !important;border-bottom-width: 0px !important;padding-top: 200px !important;padding-right: 70px !important;padding-bottom: 25px !important;padding-left: 70px !important;}\u00bb][vc_column][vc_column_text css_animation=\u00bbfadeInRight\u00bb el_class=\u00bbfont-soluzioni&hellip;<\/p>\n","protected":false},"author":1,"featured_media":0,"parent":0,"menu_order":0,"comment_status":"closed","ping_status":"closed","template":"","meta":{"inline_featured_image":false,"footnotes":""},"categories":[],"tags":[],"class_list":["post-2532","page","type-page","status-publish","hentry","description-off"],"_links":{"self":[{"href":"https:\/\/www.pharmathek.com\/es\/wp-json\/wp\/v2\/pages\/2532","targetHints":{"allow":["GET"]}}],"collection":[{"href":"https:\/\/www.pharmathek.com\/es\/wp-json\/wp\/v2\/pages"}],"about":[{"href":"https:\/\/www.pharmathek.com\/es\/wp-json\/wp\/v2\/types\/page"}],"author":[{"embeddable":true,"href":"https:\/\/www.pharmathek.com\/es\/wp-json\/wp\/v2\/users\/1"}],"replies":[{"embeddable":true,"href":"https:\/\/www.pharmathek.com\/es\/wp-json\/wp\/v2\/comments?post=2532"}],"version-history":[{"count":6,"href":"https:\/\/www.pharmathek.com\/es\/wp-json\/wp\/v2\/pages\/2532\/revisions"}],"predecessor-version":[{"id":58690,"href":"https:\/\/www.pharmathek.com\/es\/wp-json\/wp\/v2\/pages\/2532\/revisions\/58690"}],"wp:attachment":[{"href":"https:\/\/www.pharmathek.com\/es\/wp-json\/wp\/v2\/media?parent=2532"}],"wp:term":[{"taxonomy":"category","embeddable":true,"href":"https:\/\/www.pharmathek.com\/es\/wp-json\/wp\/v2\/categories?post=2532"},{"taxonomy":"post_tag","embeddable":true,"href":"https:\/\/www.pharmathek.com\/es\/wp-json\/wp\/v2\/tags?post=2532"}],"curies":[{"name":"wp","href":"https:\/\/api.w.org\/{rel}","templated":true}]}}