{"id":2548,"date":"2018-07-13T15:30:00","date_gmt":"2018-07-13T13:30:00","guid":{"rendered":"http:\/\/www.pharmathek.com\/?page_id=2548"},"modified":"2021-05-26T12:22:39","modified_gmt":"2021-05-26T10:22:39","slug":"informacion-cookies","status":"publish","type":"page","link":"https:\/\/www.pharmathek.com\/es\/informacion-cookies\/","title":{"rendered":"Informaci\u00f3n Cookies"},"content":{"rendered":"<div class=\"wpb-content-wrapper\"><p>[vc_row][vc_column]<div id=\"ultimate-heading-5869dfdf411689f\" class=\"uvc-heading ult-adjust-bottom-margin ultimate-heading-5869dfdf411689f uvc-9962  uvc-heading-default-font-sizes\" data-hspacer=\"no_spacer\"  data-halign=\"left\" style=\"text-align:left\"><div class=\"uvc-heading-spacer no_spacer\" style=\"top\"><\/div><div class=\"uvc-main-heading ult-responsive\"  data-ultimate-target='.uvc-heading.ultimate-heading-5869dfdf411689f h1'  data-responsive-json-new='{\"font-size\":\"\",\"line-height\":\"\"}' ><h1 style=\"--font-weight:theme;\">Pol\u00edtica de Cookies<\/h1><\/div><\/div>[vc_empty_space height=\u00bb50px\u00bb][vc_column_text]<\/p>\n<h2><strong>\u00bfQu\u00e9 es una cookie y para qu\u00e9 sirve?<\/strong><\/h2>\n<p>Una cookie es un peque\u00f1o archivo que se env\u00eda a su navegador y se guarda en su dispositivo cuando accede y utiliza el sitio web <a href=\"http:\/\/www.pharmathek.com\">www.pharmathek.com<\/a> , tambi\u00e9n llamado \u00abSitio web\u00bb. Las cookies permiten que el Sitio web funcione eficazmente y mejore su rendimiento, incluso mediante la recopilaci\u00f3n y el an\u00e1lisis de informaci\u00f3n agregada, que permite al operador del Sitio web comprender c\u00f3mo mejorar la estructura y las secciones del Sitio web. Las cookies tambi\u00e9n pueden utilizarse para recoger informaci\u00f3n con fines estad\u00edsticos, principalmente para personalizar la experiencia de navegaci\u00f3n del usuario, recordando sus preferencias (por ejemplo, idioma, moneda, etc.).<\/p>\n<p>&nbsp;<\/p>\n<h2><strong>Tipos de cookies utilizadas<\/strong><\/h2>\n<h3><strong>Cookies t\u00e9cnicas<\/strong><\/h3>\n<p>Las cookies t\u00e9cnicas pueden dividirse en <strong>cookies de navegaci\u00f3n o de sesi\u00f3n<\/strong>, que aseguran la navegaci\u00f3n y el uso normal del Sitio web (permitiendo, por ejemplo, coordinar los formularios que componen las p\u00e1ginas del Sitio web o relacionar las p\u00e1ginas visitadas con la misma sesi\u00f3n de trabajo) y cookies <strong>anal\u00edticas<\/strong>, parecidas a las cookies t\u00e9cnicas, solo que las utiliza directamente el propio operador del Sitio web para la optimizaci\u00f3n del Sitio web (c. d. cookies anal\u00edticas de primera parte) y pueden recoger informaci\u00f3n en forma agregada sobre el n\u00famero de usuarios y c\u00f3mo visitan el Sitio web (por ejemplo, para obtener estad\u00edsticas de las p\u00e1ginas m\u00e1s visitadas, visitas por sistema operativo, navegador, etc.)<\/p>\n<p>El uso de <strong>cookies de<\/strong> <strong>sesi\u00f3n<\/strong> se limita estrictamente a la transmisi\u00f3n de identificadores de sesi\u00f3n (consistentes en n\u00fameros aleatorios generados por el servidor) y datos de uso del software necesarios para permitir la exploraci\u00f3n segura y eficiente del sitio: las variables (llamadas cookies) de sesi\u00f3n pueden evitar el uso de t\u00e9cnicas inform\u00e1ticas potencialmente perjudiciales para la privacidad de los usuarios y no permiten la adquisici\u00f3n de datos de identificaci\u00f3n personal. Las cookies de sesi\u00f3n no se almacenan de forma persistente en el dispositivo del usuario, sino que se registran localmente por periodos de tiempo establecidos en funci\u00f3n de las variables de sesi\u00f3n (cuyos valores se almacenan en el disco duro del dispositivo y, en cualquier caso, pueden ser eliminados; tambi\u00e9n es posible desactivar las cookies siguiendo las instrucciones que proporcionan los principales navegadores).<\/p>\n<p>&nbsp;<\/p>\n<h3><strong>Cookies de perfil<\/strong><\/h3>\n<p>Son cookies permanentes que se utilizan para identificar (de forma an\u00f3nima o no) sus preferencias y mejorar su experiencia de navegaci\u00f3n.<\/p>\n<p><strong>\u00a0<\/strong><\/p>\n<h3><strong>Cookies de terceros<\/strong><\/h3>\n<p>Las cookies de terceros son instaladas por un sitio web distinto del que est\u00e1 visitando y residen en servidores distintos del que ha visitado. Por lo tanto, el uso de los datos recogidos por estos operadores externos a trav\u00e9s de las cookies est\u00e1 sujeto a sus respectivas pol\u00edticas de privacidad. El uso de cookies de terceros se limita a lo necesario para la navegaci\u00f3n segura y eficiente del Sitio web y no implica la adquisici\u00f3n directa por parte del Responsable del Tratamiento de datos personales que identifiquen al usuario.<\/p>\n<p>El Sitio web incorpora botones y widgets de Facebook, instagram, twitter y youtube. Estos servicios le permiten interactuar con las redes sociales, u otras plataformas externas, directamente desde las p\u00e1ginas del Sitio web.<\/p>\n<p>Las interacciones y la informaci\u00f3n adquirida a trav\u00e9s de estas herramientas est\u00e1n, en todo caso, sujetas a la configuraci\u00f3n de privacidad del usuario relativa a cada red social, y son accesibles \u00fanicamente a los gestores de las propias plataformas.<\/p>\n<p>Para m\u00e1s informaci\u00f3n sobre el tratamiento de los datos recogidos por las redes sociales, consulte las pol\u00edticas de privacidad de los proveedores de estos servicios.<\/p>\n<p>Algunas p\u00e1ginas del sitio incorporan Google Maps. Cuando usted visita una p\u00e1gina que contiene Google Maps, o interact\u00faa con el mapa (a trav\u00e9s de la funci\u00f3n de zoom, o haciendo clic en el mapa para ampliarlo) las cookies pueden ser llamadas desde Google.<\/p>\n<p>Para m\u00e1s informaci\u00f3n sobre la recogida de datos a trav\u00e9s de los servicios de Google, consulte la pol\u00edtica de privacidad <a href=\"https:\/\/policies.google.com\/privacy?hl=es\">https:\/\/policies.google.com\/privacy?hl=es<\/a>.<\/p>\n<p>El uso del servicio de Google Maps tambi\u00e9n est\u00e1 sujeto a las condiciones adicionales del servicio <a href=\"https:\/\/privacy.google.com\/businesses\/mapscontrollerterms\/\">https:\/\/privacy.google.com\/businesses\/mapscontrollerterms\/<\/a>.<\/p>\n<p><strong>\u00a0<\/strong><\/p>\n<h2><strong>C\u00f3mo desactivar las cookies<\/strong><\/h2>\n<p>La mayor\u00eda de los navegadores est\u00e1n configurados para aceptar, controlar o posiblemente desactivar las cookies a trav\u00e9s de sus ajustes. Sin embargo, tenga en cuenta que la desactivaci\u00f3n, incluso parcial, de las cookies t\u00e9cnicas puede comprometer el funcionamiento del Sitio web y\/o limitar su funcionalidad.<\/p>\n<p>Sin embargo, la desactivaci\u00f3n de las cookies de terceros no afecta en absoluto a la navegabilidad.<\/p>\n<p>A continuaci\u00f3n encontrar\u00e1 enlaces a las instrucciones que proporcionan los principales navegadores para gestionar la configuraci\u00f3n de la instalaci\u00f3n de cookies:<\/p>\n<p>Chrome: <a href=\"https:\/\/support.google.com\/chrome\/answer\/95647?hl=es\">https:\/\/support.google.com\/chrome\/answer\/95647?hl=es<\/a><\/p>\n<p>Firefox: <a href=\"https:\/\/support.mozilla.org\/it\/kb\/Gestione%20dei%20cookie\">https:\/\/support.mozilla.org\/it\/kb\/Gestione dei cookie<\/a>\u00a0<\/p>\n<p>Internet Explorer: <a href=\"https:\/\/support.microsoft.com\/en-us\/help\/17442\/windows-internet-explorer-delete-manage-cookies\">https:\/\/support.microsoft.com\/en-us\/help\/17442\/windows-internet-explorer-delete-manage-cookies<\/a><\/p>\n<p>Safari: <a href=\"https:\/\/support.apple.com\/es-es\/HT201265\">https:\/\/support.apple.com\/es-es\/HT201265<\/a><\/p>\n<p>[\/vc_column_text][\/vc_column][\/vc_row]<\/p>\n<\/div>","protected":false},"excerpt":{"rendered":"<p>[vc_row][vc_column][vc_empty_space height=\u00bb50px\u00bb][vc_column_text] \u00bfQu\u00e9 es una cookie y para qu\u00e9 sirve? Una cookie es un peque\u00f1o archivo que se env\u00eda a su navegador y se guarda&hellip;<\/p>\n","protected":false},"author":1,"featured_media":0,"parent":0,"menu_order":0,"comment_status":"closed","ping_status":"closed","template":"","meta":{"inline_featured_image":false,"footnotes":""},"categories":[],"tags":[],"class_list":["post-2548","page","type-page","status-publish","hentry","description-off"],"_links":{"self":[{"href":"https:\/\/www.pharmathek.com\/es\/wp-json\/wp\/v2\/pages\/2548","targetHints":{"allow":["GET"]}}],"collection":[{"href":"https:\/\/www.pharmathek.com\/es\/wp-json\/wp\/v2\/pages"}],"about":[{"href":"https:\/\/www.pharmathek.com\/es\/wp-json\/wp\/v2\/types\/page"}],"author":[{"embeddable":true,"href":"https:\/\/www.pharmathek.com\/es\/wp-json\/wp\/v2\/users\/1"}],"replies":[{"embeddable":true,"href":"https:\/\/www.pharmathek.com\/es\/wp-json\/wp\/v2\/comments?post=2548"}],"version-history":[{"count":5,"href":"https:\/\/www.pharmathek.com\/es\/wp-json\/wp\/v2\/pages\/2548\/revisions"}],"predecessor-version":[{"id":11672,"href":"https:\/\/www.pharmathek.com\/es\/wp-json\/wp\/v2\/pages\/2548\/revisions\/11672"}],"wp:attachment":[{"href":"https:\/\/www.pharmathek.com\/es\/wp-json\/wp\/v2\/media?parent=2548"}],"wp:term":[{"taxonomy":"category","embeddable":true,"href":"https:\/\/www.pharmathek.com\/es\/wp-json\/wp\/v2\/categories?post=2548"},{"taxonomy":"post_tag","embeddable":true,"href":"https:\/\/www.pharmathek.com\/es\/wp-json\/wp\/v2\/tags?post=2548"}],"curies":[{"name":"wp","href":"https:\/\/api.w.org\/{rel}","templated":true}]}}