{"id":2553,"date":"2018-07-13T16:43:32","date_gmt":"2018-07-13T14:43:32","guid":{"rendered":"http:\/\/www.pharmathek.com\/?page_id=2553"},"modified":"2022-07-14T09:46:40","modified_gmt":"2022-07-14T07:46:40","slug":"tratamiento-de-datos","status":"publish","type":"page","link":"https:\/\/www.pharmathek.com\/es\/tratamiento-de-datos\/","title":{"rendered":"Tratamiento de datos"},"content":{"rendered":"<div class=\"wpb-content-wrapper\"><p>[vc_row][vc_column]<div id=\"ultimate-heading-414669f4064cb8670\" class=\"uvc-heading ult-adjust-bottom-margin ultimate-heading-414669f4064cb8670 uvc-8494  uvc-heading-default-font-sizes\" data-hspacer=\"no_spacer\"  data-halign=\"left\" style=\"text-align:left\"><div class=\"uvc-heading-spacer no_spacer\" style=\"top\"><\/div><div class=\"uvc-main-heading ult-responsive\"  data-ultimate-target='.uvc-heading.ultimate-heading-414669f4064cb8670 h1'  data-responsive-json-new='{\"font-size\":\"\",\"line-height\":\"\"}' ><h1 style=\"--font-weight:theme;\">Informaci\u00f3n sobre el tratamiento de datos personales<\/h1><\/div><div class=\"uvc-sub-heading ult-responsive\"  data-ultimate-target='.uvc-heading.ultimate-heading-414669f4064cb8670 .uvc-sub-heading '  data-responsive-json-new='{\"font-size\":\"\",\"line-height\":\"\"}'  style=\"font-weight:normal;\"><\/p>\n<p>DE CONFORMIDAD CON EL ART\u00cdCULO 13 DEL REGLAMENTO DE LA UE 2016\/679<\/p>\n<p><\/div><\/div>[vc_empty_space height=\u00bb50px\u00bb][vc_column_text]Con esta informaci\u00f3n proporcionada de conformidad con el art\u00edculo 13 del Reglamento de la UE N.\u00ba 2016\/679 sobre la protecci\u00f3n de datos personales (en adelante el \u00abGDPR\u00bb o \u00abReglamento\u00bb), Pharmathek S.r.l (en adelante \u00abPharmathek\u00bb o el \u00abPropietario \u00ab) describe los m\u00e9todos de procesamiento de datos personales de los usuarios (en adelante \u00abpartes interesadas\u00bb) que acceden y visitan el sitio web <a href=\"http:\/\/www.pharmathek.com\">www.pharmathek.com<\/a> y garantiza que sus datos personales se tratar\u00e1n de acuerdo con los principios de legalidad, correcci\u00f3n y transparencia de conformidad con las disposiciones del RGPD y de acuerdo con la siguiente informaci\u00f3n.<\/p>\n<p>Esta informaci\u00f3n es v\u00e1lida solo para el sitio web mencionado y no para otros enlaces\/sitios web que puedan estar presentes en el sitio, como el enlace a p\u00e1ginas de facebook, twitter, linkedin, youtube, para los cuales se invita a los usuarios a leer los respectivos informes informativos proporcionados por los responsables del tratamiento.<\/p>\n<p>&nbsp;<\/p>\n<h2>1. Controlador de datos<\/h2>\n<p>El responsable del tratamiento es Pharmathek S.r.l con sede en Via E. Fermi, 43 37136 Verona (VR) email <a href=\"mailto:info@pharmathek.com\">info@pharmathek.com<\/a><\/p>\n<p>&nbsp;<\/p>\n<h2>2. Tipos de datos tratados<\/h2>\n<ul>\n<li>Datos de navegaci\u00f3n: durante el funcionamiento normal, los sistemas inform\u00e1ticos y los procedimientos de software utilizados para el funcionamiento del sitio adquieren algunos datos personales cuya transmisi\u00f3n est\u00e1 impl\u00edcita en el uso de los protocolos de comunicaci\u00f3n de Internet. Esta informaci\u00f3n no se recoge para ser asociada a sujetos identificados, pero por su propia naturaleza podr\u00eda, mediante su tratamiento y asociaci\u00f3n con datos en poder de terceros, permitir la identificaci\u00f3n de los usuarios. Esta categor\u00eda de datos incluye las direcciones IP o los nombres de dominio de los ordenadores utilizados por los usuarios que se conectan al sitio, el URI (Uniform Resource Identifier) de los recursos solicitados, la hora de la solicitud, el m\u00e9todo utilizado para enviar la solicitud al servidor, el tama\u00f1o del archivo obtenido como respuesta, el c\u00f3digo num\u00e9rico que indica el estado de la respuesta del servidor (\u00e9xito, error, etc.) y otros par\u00e1metros relativos al sistema operativo y al entorno inform\u00e1tico. Estos datos se utilizan \u00fanicamente para obtener informaci\u00f3n estad\u00edstica an\u00f3nima sobre el uso del Sitio y para comprobar su correcto funcionamiento, identificar anomal\u00edas y\/o abusos, y se eliminan inmediatamente despu\u00e9s de su tratamiento. Los datos podr\u00edan utilizarse para determinar la responsabilidad en caso de hipot\u00e9ticos delitos inform\u00e1ticos contra el sitio o contra terceros: salvo esta posibilidad, los datos sobre los contactos de la web no se mantienen nunca m\u00e1s de siete d\u00edas;<\/li>\n<li>datos facilitados voluntariamente por el usuario al rellenar el formulario de <em>\u00abSolicitud de informaci\u00f3n\u00bb <\/em>(nombre, apellidos, direcci\u00f3n, ciudad, correo electr\u00f3nico y tel\u00e9fono);<\/li>\n<li>la direcci\u00f3n de correo electr\u00f3nico y otros datos personales contenidos en los mensajes de correo electr\u00f3nico y\/o sus archivos adjuntos, enviados a las direcciones indicadas en el Sitio con el fin de llevar a cabo las actividades de tratamiento necesarias para responder a las solicitudes de los usuarios;<\/li>\n<\/ul>\n<p>&nbsp;<\/p>\n<h2>3. Finalidad y fundamento jur\u00eddico del tratamiento<\/h2>\n<p>Pharmathek utilizar\u00e1 sus datos exclusivamente con el fin de :<\/p>\n<ul>\n<li>ejecutar una solicitud espec\u00edfica del usuario o prestar el servicio solicitado (\u00abServicio\u00bb) rellenando el formulario <em>\u00abSolicitud de informaci\u00f3n\u00bb<\/em>;<\/li>\n<li>dar respuesta a una solicitud espec\u00edfica del usuario enviada a las direcciones de correo electr\u00f3nico y a los contactos indicados en el Sitio;<\/li>\n<li>enviar el bolet\u00edn de noticias y las novedades del sector;<\/li>\n<li>realizar encuestas sobre la satisfacci\u00f3n de los clientes (\u00abSatisfacci\u00f3n de los clientes\u00bb) relacionadas con la calidad de los bienes y servicios de la Empresa de acuerdo con un inter\u00e9s leg\u00edtimo de la misma;<\/li>\n<li>enviar comunicaciones comerciales y publicidad sobre los productos y servicios de la Empresa o realizar estudios de mercado (\u00abMarketing\u00bb);<\/li>\n<li>realizar actividades de elaboraci\u00f3n de perfiles para analizar su comportamiento, sus h\u00e1bitos y su propensi\u00f3n al consumo con el fin de mejorar los productos y servicios prestados por la Empresa y satisfacer sus expectativas;<\/li>\n<li>mejorar la experiencia del usuario en los sitios web de la empresa;<\/li>\n<\/ul>\n<p>El tratamiento de datos con fines de marketing y elaboraci\u00f3n de perfiles (y posiblemente para la transferencia de datos a terceros) se llevar\u00e1 a cabo sobre la base de su consentimiento, seg\u00fan lo dispuesto en el art. 6 c.1 let. a) del RGPD.<\/p>\n<p>La comunicaci\u00f3n de los datos es opcional, sin embargo, su negativa imposibilita la prestaci\u00f3n del servicio de newsletter.<\/p>\n<p>No utilizaremos sus datos personales para fines distintos de los descritos en esta pol\u00edtica, a menos que le informemos previamente y, en caso necesario, obtengamos su consentimiento.<\/p>\n<p>&nbsp;<\/p>\n<h2>4. M\u00e9todos de tratamiento de datos<\/h2>\n<p>Los datos personales relativos a los empleados se tratar\u00e1n mediante archivos y soportes en papel o con la ayuda de soportes inform\u00e1ticos y telem\u00e1ticos, respetando su confidencialidad.<\/p>\n<p>&nbsp;<\/p>\n<h2>5. Tiempo de almacenamiento de datos<\/h2>\n<p>De acuerdo con los principios establecidos en el GDPR, sus datos personales se conservar\u00e1n, desde el momento en que se reciban\/actualicen, hasta que se revoque su consentimiento.<\/p>\n<p>&nbsp;<\/p>\n<h2>6. Comunicaci\u00f3n y difusi\u00f3n de datos<\/h2>\n<p>Los sujetos que pueden tener conocimiento de sus datos personales, dentro de los l\u00edmites estrictamente necesarios para el cumplimiento de las finalidades mencionadas, son:<\/p>\n<ul>\n<li>los sujetos autorizados para el tratamiento de datos personales por parte de Pharmathek;<\/li>\n<li>los proveedores de las aplicaciones utilizadas para el env\u00edo de los boletines;<\/li>\n<li>empresas asociadas a Pharmathek S.r.l.<\/li>\n<\/ul>\n<p>Si el usuario se conecta al sitio a trav\u00e9s de una cuenta de Google activa, Google LCC puede obtener informaci\u00f3n adicional sobre el usuario que no puede ser controlada por el controlador de datos.<\/p>\n<p>En ning\u00fan caso sus datos personales ser\u00e1n comunicados, difundidos, transferidos o cedidos a terceros con fines il\u00edcitos y, en todo caso, sin informar adecuadamente a los interesados y obtener su consentimiento cuando as\u00ed lo exija la ley.<\/p>\n<p>Los datos personales no se transferir\u00e1n al extranjero a pa\u00edses no pertenecientes a la UE u organizaciones internacionales que no garanticen un nivel de protecci\u00f3n adecuado, reconocido en virtud del art\u00edculo 45 del RGPD, sobre la base de una decisi\u00f3n de adecuaci\u00f3n de la Comisi\u00f3n de la UE.<\/p>\n<p>En caso de que sea necesario para la prestaci\u00f3n de servicios, la transferencia de datos personales a pa\u00edses no pertenecientes a la UE o a organizaciones internacionales, para los que la Comisi\u00f3n no haya adoptado ninguna decisi\u00f3n de adecuaci\u00f3n de conformidad con el art\u00edculo 45 del RGPD, solo tendr\u00e1 lugar en presencia de las garant\u00edas adecuadas proporcionadas por el pa\u00eds u organizaci\u00f3n receptores, de conformidad con el art\u00edculo 46 del RGPD y a condici\u00f3n de que los interesados tengan derechos exigibles y recursos efectivos.\u00a0 En ausencia de una decisi\u00f3n de adecuaci\u00f3n por parte de la Comisi\u00f3n, de conformidad con el art\u00edculo 45 del RGPD, o de garant\u00edas adecuadas, de conformidad con el art\u00edculo 46 del RGPD, incluidas normas corporativas vinculantes, la transferencia transfronteriza solo tendr\u00e1 lugar si se cumple una de las condiciones establecidas en el art\u00edculo 49 del RGPD.<\/p>\n<p><strong>\u00a0<\/strong><\/p>\n<h2>7. Derechos del interesado<\/h2>\n<p>El interesado goza de los derechos, en los casos y con los l\u00edmites previstos en el Reglamento, seg\u00fan los art\u00edculos 15 a 22. A modo de ejemplo, el interesado podr\u00e1:<\/p>\n<ul>\n<li>solicitar la confirmaci\u00f3n de la existencia o no de sus datos personales (art. 15 apartado 1);<\/li>\n<li>obtener informaci\u00f3n sobre los fines del tratamiento, las categor\u00edas de datos personales, los destinatarios o categor\u00edas de destinatarios a los que se han comunicado o se comunicar\u00e1n los datos personales y, cuando sea posible, el per\u00edodo de conservaci\u00f3n (art. 15, apartado 1, letra a, c);<\/li>\n<li>rectificar y cancelar los datos (art\u00edculos 16 y 17);<\/li>\n<li>limitar el tratamiento de sus datos (art.18);<\/li>\n<li>obtener del responsable del tratamiento informaci\u00f3n sobre los destinatarios a los que se han transmitido los datos personales y sobre cualquier rectificaci\u00f3n o cancelaci\u00f3n o limitaci\u00f3n del tratamiento; (art. 19)<\/li>\n<li>obtener la portabilidad de los datos, es decir, recibirlos de un responsable del tratamiento, en un formato estructurado, de uso com\u00fan y legible por m\u00e1quina, y transmitirlos a otro responsable del tratamiento sin obst\u00e1culos (art.20)<\/li>\n<li>oponerse a la toma de decisiones automatizadas sobre personas f\u00edsicas, incluida la elaboraci\u00f3n de perfiles (art\u00edculos 21 y 22);<\/li>\n<li>Si el tratamiento se basa en el consentimiento, poder retirarlo en cualquier momento (art. 7.3);<\/li>\n<li>Cuando una violaci\u00f3n de los datos personales pueda suponer un alto riesgo para los derechos y libertades de las personas f\u00edsicas, el responsable del tratamiento notificar\u00e1 la violaci\u00f3n al interesado sin demora indebida (art. 34);<\/li>\n<\/ul>\n<p>Con el fin de garantizar que los mencionados derechos sean ejercidos por el interesado y no por terceros no autorizados, el titular podr\u00e1 requerir al mismo que facilite cualquier informaci\u00f3n adicional necesaria a tal efecto.<\/p>\n<p><strong>\u00a0<\/strong><\/p>\n<h2>8. Ejercicio de los derechos del interesado<\/h2>\n<p>Los derechos anteriores pueden ejercerse mediante una solicitud dirigida al responsable del tratamiento, directamente o a trav\u00e9s de una persona autorizada, de forma oral o enviando un mensaje de correo electr\u00f3nico a la siguiente direcci\u00f3n <a href=\"mailto:privacy@pharmathek.it\">privacy@pharmathek.it<\/a> La solicitud es formulada libremente y sin formalidades por el interesado, que tiene derecho a recibir una respuesta adecuada en un plazo razonable, seg\u00fan las circunstancias del caso.<\/p>\n<p>Para el ejercicio de sus derechos, el interesado podr\u00e1 recurrir a la asistencia de organismos, organizaciones o asociaciones sin \u00e1nimo de lucro cuyos objetivos estatutarios sean de inter\u00e9s p\u00fablico y que act\u00faen en el \u00e1mbito de la protecci\u00f3n de los derechos y libertades de los interesados en materia de protecci\u00f3n de datos personales, otorgando, para ello, un mandato adecuado. El interesado tambi\u00e9n puede ser asistido por una persona de confianza.<\/p>\n<p>Para conocer sus derechos, presentar una reclamaci\u00f3n y estar al d\u00eda sobre la legislaci\u00f3n relativa a la protecci\u00f3n de las personas en materia de tratamiento de datos personales, el interesado puede dirigirse a la Autoridad Garante de la protecci\u00f3n de datos personales, consultando la p\u00e1gina web <a href=\"http:\/\/www.garanteprivacy.it\/\">http:\/\/www.garanteprivacy.it\/<\/a>.[\/vc_column_text][\/vc_column][\/vc_row]<\/p>\n<\/div>","protected":false},"excerpt":{"rendered":"<p>[vc_row][vc_column][vc_empty_space height=\u00bb50px\u00bb][vc_column_text]Con esta informaci\u00f3n proporcionada de conformidad con el art\u00edculo 13 del Reglamento de la UE N.\u00ba 2016\/679 sobre la protecci\u00f3n de datos personales (en&hellip;<\/p>\n","protected":false},"author":1,"featured_media":0,"parent":0,"menu_order":0,"comment_status":"closed","ping_status":"closed","template":"","meta":{"inline_featured_image":false,"footnotes":""},"categories":[],"tags":[],"class_list":["post-2553","page","type-page","status-publish","hentry","description-off"],"_links":{"self":[{"href":"https:\/\/www.pharmathek.com\/es\/wp-json\/wp\/v2\/pages\/2553","targetHints":{"allow":["GET"]}}],"collection":[{"href":"https:\/\/www.pharmathek.com\/es\/wp-json\/wp\/v2\/pages"}],"about":[{"href":"https:\/\/www.pharmathek.com\/es\/wp-json\/wp\/v2\/types\/page"}],"author":[{"embeddable":true,"href":"https:\/\/www.pharmathek.com\/es\/wp-json\/wp\/v2\/users\/1"}],"replies":[{"embeddable":true,"href":"https:\/\/www.pharmathek.com\/es\/wp-json\/wp\/v2\/comments?post=2553"}],"version-history":[{"count":10,"href":"https:\/\/www.pharmathek.com\/es\/wp-json\/wp\/v2\/pages\/2553\/revisions"}],"predecessor-version":[{"id":21372,"href":"https:\/\/www.pharmathek.com\/es\/wp-json\/wp\/v2\/pages\/2553\/revisions\/21372"}],"wp:attachment":[{"href":"https:\/\/www.pharmathek.com\/es\/wp-json\/wp\/v2\/media?parent=2553"}],"wp:term":[{"taxonomy":"category","embeddable":true,"href":"https:\/\/www.pharmathek.com\/es\/wp-json\/wp\/v2\/categories?post=2553"},{"taxonomy":"post_tag","embeddable":true,"href":"https:\/\/www.pharmathek.com\/es\/wp-json\/wp\/v2\/tags?post=2553"}],"curies":[{"name":"wp","href":"https:\/\/api.w.org\/{rel}","templated":true}]}}