{"id":2564,"date":"2018-07-13T17:13:41","date_gmt":"2018-07-13T15:13:41","guid":{"rendered":"http:\/\/www.pharmathek.com\/?page_id=2564"},"modified":"2026-01-13T16:03:31","modified_gmt":"2026-01-13T15:03:31","slug":"noticias","status":"publish","type":"page","link":"https:\/\/www.pharmathek.com\/es\/noticias\/","title":{"rendered":"Noticias"},"content":{"rendered":"<div class=\"wpb-content-wrapper\"><p>[vc_row full_width=\u00bbstretch_row\u00bb][vc_column]<div id=\"ultimate-heading-35896a006e7c0cad2\" class=\"uvc-heading ult-adjust-bottom-margin ultimate-heading-35896a006e7c0cad2 uvc-677 head-section-title-news\" data-hspacer=\"no_spacer\"  data-halign=\"center\" style=\"text-align:center\"><div class=\"uvc-heading-spacer no_spacer\" style=\"top\"><\/div><div class=\"uvc-main-heading ult-responsive\"  data-ultimate-target='.uvc-heading.ultimate-heading-35896a006e7c0cad2 h1'  data-responsive-json-new='{\"font-size\":\"desktop:26px;\",\"line-height\":\"\"}' ><h1 style=\"font-family:&#039;Cantata One&#039;;font-weight:bold;\">NOTICIAS DEL MUNDO PHARMATHEK<\/h1><\/div><\/div>[vc_empty_space][\/vc_column][\/vc_row][vc_row][vc_column offset=\u00bbvc_hidden-xs\u00bb][vc_column_text css=\u00bb.vc_custom_1768316608236{padding-top: 30px !important;padding-bottom: 30px !important;}\u00bb]<div class=\"ptk-news-grid ptk-news-grid-dots\" data-category=\"nouveautes\" data-per-page=\"9\" data-excerpt=\"22\" data-orderby=\"date\" data-order=\"DESC\" data-page=\"1\" data-total=\"4\"><div class=\"ptk-news-items\" aria-live=\"polite\"><article class=\"ptk-news-item\"><a class=\"ptk-news-thumb\" href=\"https:\/\/www.pharmathek.com\/es\/cosmofarma-2026\/\"><img decoding=\"async\" loading=\"lazy\" src=\"https:\/\/www.pharmathek.com\/wp-content\/uploads\/2026\/03\/cosmofarma-2026-ptk-1024x622.jpg\" alt=\"Cosmofarma 2026: el arte de integrar la automatizaci\u00f3n en la farmacia\"><\/a><h3 class=\"ptk-news-title\"><a href=\"https:\/\/www.pharmathek.com\/es\/cosmofarma-2026\/\">Cosmofarma 2026: el arte de integrar la automatizaci\u00f3n en la farmacia<\/a><\/h3><div class=\"ptk-news-meta\">26 de marzo de 2026<\/div><div class=\"ptk-news-excerpt\">Pharmathek en Cosmofarma 2026: automatizaci\u00f3n integrada, SINTESI d\u2019Arte y soluciones para una farmacia m\u00e1s eficiente. Reserva una cita.<\/div><div class=\"ptk-news-readmore\"><a href=\"https:\/\/www.pharmathek.com\/es\/cosmofarma-2026\/\">READ MORE<\/a><\/div><\/article><article class=\"ptk-news-item\"><a class=\"ptk-news-thumb\" href=\"https:\/\/www.pharmathek.com\/es\/sintesi-arte-2026\/\"><img decoding=\"async\" loading=\"lazy\" src=\"https:\/\/www.pharmathek.com\/wp-content\/uploads\/2025\/12\/sintesi-arte-2026-1024x625.jpg\" alt=\"SINTESI d\u2019Arte: cuando la automatizaci\u00f3n se convierte en lenguaje\"><\/a><h3 class=\"ptk-news-title\"><a href=\"https:\/\/www.pharmathek.com\/es\/sintesi-arte-2026\/\">SINTESI d\u2019Arte: cuando la automatizaci\u00f3n se convierte en lenguaje<\/a><\/h3><div class=\"ptk-news-meta\">18 de marzo de 2026<\/div><div class=\"ptk-news-excerpt\">SINTESI d\u2019Arte combina automatizaci\u00f3n y creatividad, creando una combinaci\u00f3n rara en el sector: una tecnolog\u00eda que emociona, adem\u00e1s de funcionar.<\/div><div class=\"ptk-news-readmore\"><a href=\"https:\/\/www.pharmathek.com\/es\/sintesi-arte-2026\/\">READ MORE<\/a><\/div><\/article><article class=\"ptk-news-item\"><a class=\"ptk-news-thumb\" href=\"https:\/\/www.pharmathek.com\/es\/infarma-2026\/\"><img decoding=\"async\" loading=\"lazy\" src=\"https:\/\/www.pharmathek.com\/wp-content\/uploads\/2025\/12\/Infarma2026-1024x622.png\" alt=\"IInfarma 2026: tecnolog\u00eda que se integra, valor que se ve\"><\/a><h3 class=\"ptk-news-title\"><a href=\"https:\/\/www.pharmathek.com\/es\/infarma-2026\/\">IInfarma 2026: tecnolog\u00eda que se integra, valor que se ve<\/a><\/h3><div class=\"ptk-news-meta\">2 de marzo de 2026<\/div><div class=\"ptk-news-excerpt\">Descubre Pharmathek en Infarma 2026: automatizaci\u00f3n integrada, SINTESI edici\u00f3n street art, soluciones self-service y herramientas para evaluar si tu farmacia est\u00e1 bajo&hellip;<\/div><div class=\"ptk-news-readmore\"><a href=\"https:\/\/www.pharmathek.com\/es\/infarma-2026\/\">READ MORE<\/a><\/div><\/article><article class=\"ptk-news-item\"><a class=\"ptk-news-thumb\" href=\"https:\/\/www.pharmathek.com\/es\/pharmagora-2026\/\"><img decoding=\"async\" loading=\"lazy\" src=\"https:\/\/www.pharmathek.com\/wp-content\/uploads\/2026\/02\/Pharmagora-2026_esp-1024x622.png\" alt=\"En Pharmagora Plus, la robotizaci\u00f3n que se adapta a tu espacio y a tu organizaci\u00f3n\"><\/a><h3 class=\"ptk-news-title\"><a href=\"https:\/\/www.pharmathek.com\/es\/pharmagora-2026\/\">En Pharmagora Plus, la robotizaci\u00f3n que se adapta a tu espacio y a tu organizaci\u00f3n<\/a><\/h3><div class=\"ptk-news-meta\">9 de febrero de 2026<\/div><div class=\"ptk-news-excerpt\">Encuentra a Pharmathek en Pharmagora para descubrir en directo el arte de la integraci\u00f3n en farmacia. Descubre todas las novedades presentadas aqu\u00ed.<\/div><div class=\"ptk-news-readmore\"><a href=\"https:\/\/www.pharmathek.com\/es\/pharmagora-2026\/\">READ MORE<\/a><\/div><\/article><article class=\"ptk-news-item\"><a class=\"ptk-news-thumb\" href=\"https:\/\/www.pharmathek.com\/es\/como-funciona-robot-para-farmacia\/\"><img decoding=\"async\" loading=\"lazy\" src=\"https:\/\/www.pharmathek.com\/wp-content\/uploads\/2026\/01\/como-funciona-robot-para-farmacia-1024x622.jpg\" alt=\"C\u00f3mo funciona un robot para farmacia: toda la informaci\u00f3n que debes saber\"><\/a><h3 class=\"ptk-news-title\"><a href=\"https:\/\/www.pharmathek.com\/es\/como-funciona-robot-para-farmacia\/\">C\u00f3mo funciona un robot para farmacia: toda la informaci\u00f3n que debes saber<\/a><\/h3><div class=\"ptk-news-meta\">8 de enero de 2026<\/div><div class=\"ptk-news-excerpt\">Aprende c\u00f3mo los robots para farmacia optimizan la eficiencia, reducen errores y agilizan la dispensaci\u00f3n y el flujo de trabajo.<\/div><div class=\"ptk-news-readmore\"><a href=\"https:\/\/www.pharmathek.com\/es\/como-funciona-robot-para-farmacia\/\">READ MORE<\/a><\/div><\/article><article class=\"ptk-news-item\"><a class=\"ptk-news-thumb\" href=\"https:\/\/www.pharmathek.com\/es\/nuevo-robot-sintesi-xl\/\"><img decoding=\"async\" loading=\"lazy\" src=\"https:\/\/www.pharmathek.com\/wp-content\/uploads\/2025\/12\/robot-sintesi-xl-news-esp-1024x625.jpg\" alt=\"Nace SINTESI XL, el nuevo robot de Pharmathek: m\u00e1s capacidad, misma eficiencia\"><\/a><h3 class=\"ptk-news-title\"><a href=\"https:\/\/www.pharmathek.com\/es\/nuevo-robot-sintesi-xl\/\">Nace SINTESI XL, el nuevo robot de Pharmathek: m\u00e1s capacidad, misma eficiencia<\/a><\/h3><div class=\"ptk-news-meta\">4 de diciembre de 2025<\/div><div class=\"ptk-news-excerpt\">Descubre SINTESI XL, el robot de Pharmathek con mayor capacidad y densidad de almacenamiento aumentada. M\u00e1s espacio, misma eficiencia...<\/div><div class=\"ptk-news-readmore\"><a href=\"https:\/\/www.pharmathek.com\/es\/nuevo-robot-sintesi-xl\/\">READ MORE<\/a><\/div><\/article><article class=\"ptk-news-item\"><a class=\"ptk-news-thumb\" href=\"https:\/\/www.pharmathek.com\/es\/robot-farmacia-personalizado\/\"><img decoding=\"async\" loading=\"lazy\" src=\"https:\/\/www.pharmathek.com\/wp-content\/uploads\/2025\/11\/Robot-de-farmacia-personalizado-1024x622.jpg\" alt=\"Robot de farmacia personalizado: por qu\u00e9 marca la diferencia\"><\/a><h3 class=\"ptk-news-title\"><a href=\"https:\/\/www.pharmathek.com\/es\/robot-farmacia-personalizado\/\">Robot de farmacia personalizado: por qu\u00e9 marca la diferencia<\/a><\/h3><div class=\"ptk-news-meta\">16 de noviembre de 2025<\/div><div class=\"ptk-news-excerpt\">Un robot que se adapta a tu farmacia: m\u00e1s eficiencia, m\u00e1s espacio y m\u00e1s tranquilidad. Descubre por qu\u00e9 la personalizaci\u00f3n marca la&hellip;<\/div><div class=\"ptk-news-readmore\"><a href=\"https:\/\/www.pharmathek.com\/es\/robot-farmacia-personalizado\/\">READ MORE<\/a><\/div><\/article><article class=\"ptk-news-item\"><a class=\"ptk-news-thumb\" href=\"https:\/\/www.pharmathek.com\/es\/sede-madrid\/\"><img decoding=\"async\" loading=\"lazy\" src=\"https:\/\/www.pharmathek.com\/wp-content\/uploads\/2025\/10\/Header-sito-pharmathek-madrid-1024x622.png\" alt=\"Madrid, un nuevo punto de encuentro para la innovaci\u00f3n de la farmacia.\"><\/a><h3 class=\"ptk-news-title\"><a href=\"https:\/\/www.pharmathek.com\/es\/sede-madrid\/\">Madrid, un nuevo punto de encuentro para la innovaci\u00f3n de la farmacia.<\/a><\/h3><div class=\"ptk-news-meta\">2 de octubre de 2025<\/div><div class=\"ptk-news-excerpt\">El 24 de septiembre se inaugur\u00f3 en Madrid la nueva sede de Pharmathek, un aut\u00e9ntico centro de innovaci\u00f3n dedicado a las farmacias&hellip;<\/div><div class=\"ptk-news-readmore\"><a href=\"https:\/\/www.pharmathek.com\/es\/sede-madrid\/\">READ MORE<\/a><\/div><\/article><article class=\"ptk-news-item\"><a class=\"ptk-news-thumb\" href=\"https:\/\/www.pharmathek.com\/es\/ahws-2025\/\"><img decoding=\"async\" loading=\"lazy\" src=\"https:\/\/www.pharmathek.com\/wp-content\/uploads\/2025\/09\/ahws-2025-cover-1024x625.jpg\" alt=\"Pharmathek en AHWS 2025: innovaci\u00f3n al servicio de la farmacia\"><\/a><h3 class=\"ptk-news-title\"><a href=\"https:\/\/www.pharmathek.com\/es\/ahws-2025\/\">Pharmathek en AHWS 2025: innovaci\u00f3n al servicio de la farmacia<\/a><\/h3><div class=\"ptk-news-meta\">1 de octubre de 2025<\/div><div class=\"ptk-news-excerpt\">Automatizar no significa restar humanidad, sino devolverla. Descubre Pharmathek en AHWS 2025 junto a Bluestream. S\u00edguenos para mantenerte al tanto.<\/div><div class=\"ptk-news-readmore\"><a href=\"https:\/\/www.pharmathek.com\/es\/ahws-2025\/\">READ MORE<\/a><\/div><\/article><\/div><div class=\"ptk-dots-nav\" aria-label=\"Pagination dots\"><button type=\"button\" class=\"ptk-dot-arrow ptk-prev\" aria-label=\"Previous page\">\u2190<\/button><div class=\"ptk-dots\" role=\"tablist\" aria-label=\"Pages\"><button type=\"button\" class=\"ptk-dot is-active\" data-page=\"1\" aria-label=\"Page 1\"><\/button><button type=\"button\" class=\"ptk-dot\" data-page=\"2\" aria-label=\"Page 2\"><\/button><button type=\"button\" class=\"ptk-dot\" data-page=\"3\" aria-label=\"Page 3\"><\/button><button type=\"button\" class=\"ptk-dot\" data-page=\"4\" aria-label=\"Page 4\"><\/button><\/div><button type=\"button\" class=\"ptk-dot-arrow ptk-next\" aria-label=\"Next page\">\u2192<\/button><\/div><noscript><p><a href=\"\/es\/wp-json\/wp\/v2\/pages\/2564?pg=1\" style=\"margin-right:8px;\">1<\/a><a href=\"\/es\/wp-json\/wp\/v2\/pages\/2564?pg=2\" style=\"margin-right:8px;\">2<\/a><a href=\"\/es\/wp-json\/wp\/v2\/pages\/2564?pg=3\" style=\"margin-right:8px;\">3<\/a><a href=\"\/es\/wp-json\/wp\/v2\/pages\/2564?pg=4\" style=\"margin-right:8px;\">4<\/a><\/p><\/noscript><\/div>[\/vc_column_text][\/vc_column][\/vc_row][vc_row][vc_column offset=\u00bbvc_hidden-lg vc_hidden-md vc_hidden-sm\u00bb][vc_basic_grid post_type=\u00bbpost\u00bb max_items=\u00bb-1&#8243; style=\u00bblazy\u00bb items_per_page=\u00bb3&#8243; gap=\u00bb20&#8243; item=\u00bb2520&#8243; initial_loading_animation=\u00bbnone\u00bb grid_id=\u00bbvc_gid:1768316591642-1faea601a33c5cdcba0d605101a3fce9-3&#8243; taxonomies=\u00bb21&#8243;][\/vc_column][\/vc_row]<\/p>\n<\/div>","protected":false},"excerpt":{"rendered":"<p>[vc_row full_width=\u00bbstretch_row\u00bb][vc_column][vc_empty_space][\/vc_column][\/vc_row][vc_row][vc_column offset=\u00bbvc_hidden-xs\u00bb][vc_column_text css=\u00bb.vc_custom_1768316608236{padding-top: 30px !important;padding-bottom: 30px !important;}\u00bb][\/vc_column_text][\/vc_column][\/vc_row][vc_row][vc_column offset=\u00bbvc_hidden-lg vc_hidden-md vc_hidden-sm\u00bb][vc_basic_grid post_type=\u00bbpost\u00bb max_items=\u00bb-1&#8243; style=\u00bblazy\u00bb items_per_page=\u00bb3&#8243; gap=\u00bb20&#8243; item=\u00bb2520&#8243; initial_loading_animation=\u00bbnone\u00bb grid_id=\u00bbvc_gid:1768316591642-1faea601a33c5cdcba0d605101a3fce9-3&#8243; taxonomies=\u00bb21&#8243;][\/vc_column][\/vc_row]<\/p>\n","protected":false},"author":1,"featured_media":0,"parent":0,"menu_order":0,"comment_status":"closed","ping_status":"closed","template":"","meta":{"inline_featured_image":false,"footnotes":""},"categories":[],"tags":[],"class_list":["post-2564","page","type-page","status-publish","hentry","category-25","description-off"],"_links":{"self":[{"href":"https:\/\/www.pharmathek.com\/es\/wp-json\/wp\/v2\/pages\/2564","targetHints":{"allow":["GET"]}}],"collection":[{"href":"https:\/\/www.pharmathek.com\/es\/wp-json\/wp\/v2\/pages"}],"about":[{"href":"https:\/\/www.pharmathek.com\/es\/wp-json\/wp\/v2\/types\/page"}],"author":[{"embeddable":true,"href":"https:\/\/www.pharmathek.com\/es\/wp-json\/wp\/v2\/users\/1"}],"replies":[{"embeddable":true,"href":"https:\/\/www.pharmathek.com\/es\/wp-json\/wp\/v2\/comments?post=2564"}],"version-history":[{"count":13,"href":"https:\/\/www.pharmathek.com\/es\/wp-json\/wp\/v2\/pages\/2564\/revisions"}],"predecessor-version":[{"id":110259,"href":"https:\/\/www.pharmathek.com\/es\/wp-json\/wp\/v2\/pages\/2564\/revisions\/110259"}],"wp:attachment":[{"href":"https:\/\/www.pharmathek.com\/es\/wp-json\/wp\/v2\/media?parent=2564"}],"wp:term":[{"taxonomy":"category","embeddable":true,"href":"https:\/\/www.pharmathek.com\/es\/wp-json\/wp\/v2\/categories?post=2564"},{"taxonomy":"post_tag","embeddable":true,"href":"https:\/\/www.pharmathek.com\/es\/wp-json\/wp\/v2\/tags?post=2564"}],"curies":[{"name":"wp","href":"https:\/\/api.w.org\/{rel}","templated":true}]}}