{"id":3629,"date":"2018-07-22T12:07:46","date_gmt":"2018-07-22T10:07:46","guid":{"rendered":"http:\/\/www.pharmathek.com\/?page_id=3629"},"modified":"2021-01-04T10:13:51","modified_gmt":"2021-01-04T09:13:51","slug":"farmacia-ferigo","status":"publish","type":"page","link":"https:\/\/www.pharmathek.com\/es\/farmacia-ferigo\/","title":{"rendered":"Farmacia Ferigo"},"content":{"rendered":"<div class=\"wpb-content-wrapper\"><p>[vc_row full_width=\u00bbstretch_row_content\u00bb equal_height=\u00bbyes\u00bb content_placement=\u00bbmiddle\u00bb bg_type=\u00bbbg_color\u00bb bg_override=\u00bbfull\u00bb bg_color_value=\u00bb#eeeeef\u00bb][vc_column width=\u00bb1\/2&#8243; css=\u00bb.vc_custom_1523960820222{padding-right: 0px !important;padding-left: 0px !important;}\u00bb offset=\u00bbvc_hidden-md vc_hidden-sm vc_hidden-xs\u00bb][vc_single_image image=\u00bb1139&#8243; img_size=\u00bbfull\u00bb][\/vc_column][vc_column width=\u00bb1\/2&#8243; css=\u00bb.vc_custom_1523961149466{padding-right: 100px !important;padding-left: 100px !important;}\u00bb offset=\u00bbvc_hidden-md vc_hidden-sm vc_hidden-xs\u00bb][vc_empty_space]<div id=\"ultimate-heading-4936a00b3ebb87c6\" class=\"uvc-heading ult-adjust-bottom-margin ultimate-heading-4936a00b3ebb87c6 uvc-7462 head-section-title uvc-heading-default-font-sizes\" data-hspacer=\"no_spacer\"  data-halign=\"center\" style=\"text-align:center\"><div class=\"uvc-heading-spacer no_spacer\" style=\"top\"><\/div><div class=\"uvc-main-heading ult-responsive\"  data-ultimate-target='.uvc-heading.ultimate-heading-4936a00b3ebb87c6 p'  data-responsive-json-new='{\"font-size\":\"\",\"line-height\":\"\"}' ><p style=\"--font-weight:theme;\">FARMACIA FERIGO - APOTECA VAL BADIA<\/p><\/div><\/div>[vc_empty_space][vc_column_text el_class=\u00bbtext-justify\u00bb]<\/p>\n<p>La Farmacia Ferigo di Corvara es la segunda farmacia propiedad de la familia del mismo nombre que se ocupa de la salud de su comunidad en el coraz\u00f3n de los Dolomitas desde 1958.<\/p>\n<p>Tanto la farmacia de Corvara como la de La Villa tienen un almac\u00e9n robotizado de Pharmathek destinado a optimizar la gesti\u00f3n del almac\u00e9n.<\/p>\n<p>La configuraci\u00f3n adoptada para esta ubicaci\u00f3n se diferencia de la anterior en que presenta un elegante panel de vidrio que permite a los clientes de la farmacia ver el brazo mec\u00e1nico en funcionamiento.<\/p>\n<p>[\/vc_column_text][vc_empty_space][\/vc_column][\/vc_row][vc_row full_width=\u00bbstretch_row_content\u00bb equal_height=\u00bbyes\u00bb content_placement=\u00bbmiddle\u00bb bg_type=\u00bbbg_color\u00bb bg_override=\u00bbfull\u00bb bg_color_value=\u00bb#eeeeef\u00bb][vc_column css=\u00bb.vc_custom_1524126751494{padding-right: 0px !important;padding-left: 0px !important;}\u00bb offset=\u00bbvc_hidden-lg\u00bb el_class=\u00bbfull-width-no-padding\u00bb][vc_single_image image=\u00bb1139&#8243; img_size=\u00bbfull\u00bb][vc_empty_space]<div id=\"ultimate-heading-53596a00b3ebb888a\" class=\"uvc-heading ult-adjust-bottom-margin ultimate-heading-53596a00b3ebb888a uvc-9290 head-section-title uvc-heading-default-font-sizes\" data-hspacer=\"no_spacer\"  data-halign=\"center\" style=\"text-align:center\"><div class=\"uvc-heading-spacer no_spacer\" style=\"top\"><\/div><div class=\"uvc-main-heading ult-responsive\"  data-ultimate-target='.uvc-heading.ultimate-heading-53596a00b3ebb888a p'  data-responsive-json-new='{\"font-size\":\"\",\"line-height\":\"\"}' ><p style=\"--font-weight:theme;\">FARMACIA FERIGO - APOTECA VAL BADIA<\/p><\/div><\/div>[vc_empty_space][vc_column_text el_class=\u00bbtext-justify\u00bb]<\/p>\n<p>La Farmacia Ferigo di Corvara es la segunda farmacia propiedad de la familia del mismo nombre que se ocupa de la salud de su comunidad en el coraz\u00f3n de los Dolomitas desde 1958.<\/p>\n<p>Tanto la farmacia de Corvara como la de La Villa tienen un almac\u00e9n robotizado de Pharmathek destinado a optimizar la gesti\u00f3n del almac\u00e9n.<\/p>\n<p>La configuraci\u00f3n adoptada para esta ubicaci\u00f3n se diferencia de la anterior en que presenta un elegante panel de vidrio que permite a los clientes de la farmacia ver el brazo mec\u00e1nico en funcionamiento.<\/p>\n<p>[\/vc_column_text][vc_empty_space][\/vc_column][\/vc_row][vc_row][vc_column offset=\u00bbvc_hidden-md vc_hidden-sm vc_hidden-xs\u00bb][vc_empty_space height=\u00bb100px\u00bb][vc_single_image image=\u00bb1151&#8243; img_size=\u00bbfull\u00bb alignment=\u00bbcenter\u00bb][vc_empty_space]<div id=\"ultimate-heading-99496a00b3ebb8916\" class=\"uvc-heading ult-adjust-bottom-margin ultimate-heading-99496a00b3ebb8916 uvc-2305 head-section-title uvc-heading-default-font-sizes\" data-hspacer=\"no_spacer\"  data-halign=\"center\" style=\"text-align:center\"><div class=\"uvc-heading-spacer no_spacer\" style=\"top\"><\/div><div class=\"uvc-main-heading ult-responsive\"  data-ultimate-target='.uvc-heading.ultimate-heading-99496a00b3ebb8916 p'  data-responsive-json-new='{\"font-size\":\"\",\"line-height\":\"\"}' ><p style=\"--font-weight:theme;\">LA PALABRA AL FARMAC\u00c9UTICO<\/p><\/div><\/div>[vc_empty_space][vc_column_text el_class=\u00bbtext-justify\u00bb]<\/p>\n<h4>Doctor Clement, \u00bfqu\u00e9 le llev\u00f3 a optar por instalar un almac\u00e9n robotizado tambi\u00e9n aqu\u00ed?<\/h4>\n<p>La elecci\u00f3n de automatizar la gesti\u00f3n del almac\u00e9n de la farmacia surgi\u00f3 por la necesidad de optimizar los distintos procesos log\u00edsticos en t\u00e9rminos de tiempo y trabajo. De hecho, el robot nos ha permitido eliminar las tareas m\u00e1s aburridas y de bajo valor a\u00f1adido como guardar y llevar los medicamentos en la cajonera, comprobar las fechas de devoluci\u00f3n y caducidad, etc.<\/p>\n<p>&nbsp;<\/p>\n<h4>\u00bfCu\u00e1les son las principales razones que le llevaron a optar por confiar en Pharmathek para la robotizaci\u00f3n farmac\u00e9utica?<\/h4>\n<p>Varios factores, incluida la velocidad y precisi\u00f3n del robot y la facilidad de uso del robot. De hecho, dado que la gente tiene distintos niveles de confianza con la tecnolog\u00eda, para m\u00ed era fundamental que todos los colaboradores, incluso los menos tecnol\u00f3gicos, pudieran utilizar el robot sin problemas.<\/p>\n<p>Adem\u00e1s, el hecho de que Pharmathek perteneciera al Grupo Th. Kohl, l\u00edder en interiorismo de farmacias, nos permiti\u00f3 encomendar todo el proyecto de renovaci\u00f3n-automatizaci\u00f3n a un \u00fanico proveedor, con los consiguientes beneficios en t\u00e9rminos de gesti\u00f3n y resultados.<\/p>\n<p>&nbsp;<\/p>\n<h4>\u00bfCu\u00e1les son las ventajas m\u00e1s evidentes que se derivan de la instalaci\u00f3n del almac\u00e9n automatizado?<\/h4>\n<p>Seguramente el hecho de que trabajes mejor y m\u00e1s r\u00e1pido, todo en beneficio de la satisfacci\u00f3n de los asistentes a la farmacia. Tampoco hay que subestimar la cantidad de espacio que el almac\u00e9n robotizado nos ha permitido recuperar y por tanto dedicar a la zona de ventas.<\/p>\n<p>[\/vc_column_text][vc_empty_space height=\u00bb100px\u00bb][\/vc_column][\/vc_row][vc_row][vc_column offset=\u00bbvc_hidden-lg\u00bb][vc_empty_space height=\u00bb50px\u00bb][vc_single_image image=\u00bb1151&#8243; img_size=\u00bbfull\u00bb alignment=\u00bbcenter\u00bb][vc_empty_space]<div id=\"ultimate-heading-12306a00b3ebb8996\" class=\"uvc-heading ult-adjust-bottom-margin ultimate-heading-12306a00b3ebb8996 uvc-1116 head-section-title uvc-heading-default-font-sizes\" data-hspacer=\"no_spacer\"  data-halign=\"center\" style=\"text-align:center\"><div class=\"uvc-heading-spacer no_spacer\" style=\"top\"><\/div><div class=\"uvc-main-heading ult-responsive\"  data-ultimate-target='.uvc-heading.ultimate-heading-12306a00b3ebb8996 p'  data-responsive-json-new='{\"font-size\":\"\",\"line-height\":\"\"}' ><p style=\"--font-weight:theme;\">LA PALABRA AL FARMAC\u00c9UTICO<\/p><\/div><\/div>[vc_empty_space][vc_column_text el_class=\u00bbtext-justify\u00bb]<\/p>\n<h4>Doctor Clement, \u00bfqu\u00e9 le llev\u00f3 a optar por instalar un almac\u00e9n robotizado tambi\u00e9n aqu\u00ed?<\/h4>\n<p>La elecci\u00f3n de automatizar la gesti\u00f3n del almac\u00e9n de la farmacia surgi\u00f3 por la necesidad de optimizar los distintos procesos log\u00edsticos en t\u00e9rminos de tiempo y trabajo. De hecho, el robot nos ha permitido eliminar las tareas m\u00e1s aburridas y de bajo valor a\u00f1adido como guardar y llevar los medicamentos en la cajonera, comprobar las fechas de devoluci\u00f3n y caducidad, etc.<\/p>\n<p>&nbsp;<\/p>\n<h4>\u00bfCu\u00e1les son las principales razones que le llevaron a optar por confiar en Pharmathek para la robotizaci\u00f3n farmac\u00e9utica?<\/h4>\n<p>Varios factores, incluida la velocidad y precisi\u00f3n del robot y la facilidad de uso del robot. De hecho, dado que la gente tiene distintos niveles de confianza con la tecnolog\u00eda, para m\u00ed era fundamental que todos los colaboradores, incluso los menos tecnol\u00f3gicos, pudieran utilizar el robot sin problemas.<\/p>\n<p>Adem\u00e1s, el hecho de que Pharmathek perteneciera al Grupo Th. Kohl, l\u00edder en interiorismo de farmacias, nos permiti\u00f3 encomendar todo el proyecto de renovaci\u00f3n-automatizaci\u00f3n a un \u00fanico proveedor, con los consiguientes beneficios en t\u00e9rminos de gesti\u00f3n y resultados.<\/p>\n<p>&nbsp;<\/p>\n<h4>\u00bfCu\u00e1les son las ventajas m\u00e1s evidentes que se derivan de la instalaci\u00f3n del almac\u00e9n automatizado?<\/h4>\n<p>Seguramente el hecho de que trabajes mejor y m\u00e1s r\u00e1pido, todo en beneficio de la satisfacci\u00f3n de los asistentes a la farmacia. Tampoco hay que subestimar la cantidad de espacio que el almac\u00e9n robotizado nos ha permitido recuperar y por tanto dedicar a la zona de ventas.<\/p>\n<p>[\/vc_column_text][vc_empty_space height=\u00bb50px\u00bb][\/vc_column][\/vc_row][vc_row full_width=\u00bbstretch_row\u00bb bg_type=\u00bbbg_color\u00bb bg_override=\u00bbfull\u00bb bg_color_value=\u00bb#eeeeef\u00bb][vc_column offset=\u00bbvc_hidden-md vc_hidden-sm vc_hidden-xs\u00bb][vc_empty_space height=\u00bb100px\u00bb]<div id=\"ultimate-heading-90106a00b3ebb8a21\" class=\"uvc-heading ult-adjust-bottom-margin ultimate-heading-90106a00b3ebb8a21 uvc-6480 head-section-title uvc-heading-default-font-sizes\" data-hspacer=\"no_spacer\"  data-halign=\"center\" style=\"text-align:center\"><div class=\"uvc-heading-spacer no_spacer\" style=\"top\"><\/div><div class=\"uvc-main-heading ult-responsive\"  data-ultimate-target='.uvc-heading.ultimate-heading-90106a00b3ebb8a21 h2'  data-responsive-json-new='{\"font-size\":\"\",\"line-height\":\"\"}' ><h2 style=\"--font-weight:theme;\">GALER\u00cdA<\/h2><\/div><\/div>[vc_empty_space height=\u00bb50px\u00bb][vc_masonry_media_grid element_width=\u00bb3&#8243; gap=\u00bb10&#8243; grid_id=\u00bbvc_gid:1609751321547-ecaab7cc-551c-10&#8243; include=\u00bb1155,1156,1157,1158,1160,1161,1162,1163&#8243;][vc_empty_space height=\u00bb100px\u00bb][\/vc_column][\/vc_row][vc_row full_width=\u00bbstretch_row\u00bb bg_type=\u00bbbg_color\u00bb bg_override=\u00bbfull\u00bb bg_color_value=\u00bb#eeeeef\u00bb][vc_column offset=\u00bbvc_hidden-lg\u00bb][vc_empty_space height=\u00bb50px\u00bb]<div id=\"ultimate-heading-11826a00b3ebb8a91\" class=\"uvc-heading ult-adjust-bottom-margin ultimate-heading-11826a00b3ebb8a91 uvc-878 head-section-title uvc-heading-default-font-sizes\" data-hspacer=\"no_spacer\"  data-halign=\"center\" style=\"text-align:center\"><div class=\"uvc-heading-spacer no_spacer\" style=\"top\"><\/div><div class=\"uvc-main-heading ult-responsive\"  data-ultimate-target='.uvc-heading.ultimate-heading-11826a00b3ebb8a91 h2'  data-responsive-json-new='{\"font-size\":\"\",\"line-height\":\"\"}' ><h2 style=\"--font-weight:theme;\">GALER\u00cdA<\/h2><\/div><\/div>[vc_empty_space height=\u00bb50px\u00bb][vc_masonry_media_grid element_width=\u00bb3&#8243; gap=\u00bb10&#8243; grid_id=\u00bbvc_gid:1609751321574-f0b7311a-41d8-3&#8243; include=\u00bb1155,1156,1157,1158,1160,1161,1162,1163&#8243;][vc_empty_space height=\u00bb50px\u00bb][\/vc_column][\/vc_row][vc_row full_width=\u00bbstretch_row\u00bb bg_type=\u00bbimage\u00bb parallax_style=\u00bbvcpb-default\u00bb bg_image_new=\u00bbid^1166|url^http:\/\/www.pharmathek.com\/wp-content\/uploads\/2018\/03\/farmacia-specifiche-background.jpg|caption^null|alt^null|title^farmacia-specifiche-background|description^null\u00bb bg_image_repeat=\u00bbno-repeat\u00bb bg_override=\u00bbfull\u00bb][vc_column][vc_empty_space height=\u00bb100px\u00bb]<div id=\"ultimate-heading-59466a00b3ebb8b1b\" class=\"uvc-heading ult-adjust-bottom-margin ultimate-heading-59466a00b3ebb8b1b uvc-5426 head-section-title text-white uvc-heading-default-font-sizes\" data-hspacer=\"no_spacer\"  data-halign=\"center\" style=\"text-align:center\"><div class=\"uvc-heading-spacer no_spacer\" style=\"top\"><\/div><div class=\"uvc-main-heading ult-responsive\"  data-ultimate-target='.uvc-heading.ultimate-heading-59466a00b3ebb8b1b h2'  data-responsive-json-new='{\"font-size\":\"\",\"line-height\":\"\"}' ><h2 style=\"--font-weight:theme;\">EL PROYECTO<\/h2><\/div><\/div>[vc_empty_space height=\u00bb50px\u00bb][vc_separator color=\u00bbwhite\u00bb][vc_row_inner][vc_column_inner width=\u00bb1\/2&#8243;][vc_column_text el_class=\u00bbprogetto-voci\u00bb]SUPERFICIE FARMACIA[\/vc_column_text][\/vc_column_inner][vc_column_inner width=\u00bb1\/2&#8243;][vc_column_text el_class=\u00bbprogetto-voci-valori\u00bb]160 m2[\/vc_column_text][\/vc_column_inner][\/vc_row_inner][vc_separator color=\u00bbwhite\u00bb][vc_row_inner][vc_column_inner width=\u00bb1\/2&#8243;][vc_column_text el_class=\u00bbprogetto-voci\u00bb]LA SOLUCIONES PHARMATHEK[\/vc_column_text][\/vc_column_inner][vc_column_inner width=\u00bb1\/2&#8243;][vc_column_text el_class=\u00bbprogetto-voci-valori\u00bb]SINTESI + PHARMALOAD + EUCLID3D[\/vc_column_text][\/vc_column_inner][\/vc_row_inner][vc_separator color=\u00bbwhite\u00bb][vc_row_inner][vc_column_inner width=\u00bb1\/2&#8243;][vc_column_text el_class=\u00bbprogetto-voci\u00bb]DIMENSIONES ROBOT[\/vc_column_text][\/vc_column_inner][vc_column_inner width=\u00bb1\/2&#8243;][vc_column_text el_class=\u00bbprogetto-voci-valori\u00bb]<\/p>\n<p>L 8.047 x H 2.400 mm<\/p>\n<p>[\/vc_column_text][\/vc_column_inner][\/vc_row_inner][vc_separator color=\u00bbwhite\u00bb][vc_row_inner][vc_column_inner width=\u00bb1\/2&#8243;][vc_column_text el_class=\u00bbprogetto-voci\u00bb]CAPACIDAD EN CAJAS[\/vc_column_text][\/vc_column_inner][vc_column_inner width=\u00bb1\/2&#8243;][vc_column_text el_class=\u00bbprogetto-voci-valori\u00bb]<\/p>\n<p>15.700<\/p>\n<p>[\/vc_column_text][\/vc_column_inner][\/vc_row_inner][vc_separator color=\u00bbwhite\u00bb][vc_row_inner][vc_column_inner width=\u00bb1\/2&#8243;][vc_column_text el_class=\u00bbprogetto-voci\u00bb]UBICACI\u00d3N ROBOT CON RESPECTO AL MOSTRADOR[\/vc_column_text][\/vc_column_inner][vc_column_inner width=\u00bb1\/2&#8243;][vc_column_text el_class=\u00bbprogetto-voci-valori\u00bb]S\u00d3TANO[\/vc_column_text][\/vc_column_inner][\/vc_row_inner][vc_separator color=\u00bbwhite\u00bb][vc_row_inner][vc_column_inner width=\u00bb1\/2&#8243;][vc_column_text el_class=\u00bbprogetto-voci\u00bb]ROTACI\u00d3N DE PRODUCTO[\/vc_column_text][\/vc_column_inner][vc_column_inner width=\u00bb1\/2&#8243;][vc_column_text el_class=\u00bbprogetto-voci-valori\u00bb]<\/p>\n<p>Entre 500 y 1000<\/p>\n<p>[\/vc_column_text][\/vc_column_inner][\/vc_row_inner][vc_separator color=\u00bbwhite\u00bb][vc_empty_space height=\u00bb100px\u00bb][\/vc_column][\/vc_row][vc_row full_width=\u00bbstretch_row_content_no_spaces\u00bb][vc_column el_class=\u00bbfull-width-no-padding\u00bb][vc_single_image image=\u00bb1170&#8243; img_size=\u00bbfull\u00bb alignment=\u00bbcenter\u00bb]<style type=\"text\/css\" data-type=\"the7_shortcodes-inline-css\">#default-btn-3c4d118ac1328cecbccb010cb973af3d.ico-right-side > i {\n  margin-right: 0px;\n  margin-left: 8px;\n}\n#default-btn-3c4d118ac1328cecbccb010cb973af3d > i {\n  margin-right: 8px;\n}\n<\/style><div class=\"btn-align-center\"><a href=\"\/es\/instalaciones\/\" class=\"default-btn-shortcode dt-btn dt-btn-l link-hover-off weight-300 full-width-btn \" id=\"default-btn-3c4d118ac1328cecbccb010cb973af3d\"><span>Vuelve al listado de instalaciones<\/span><\/a><\/div>[\/vc_column][\/vc_row]<\/p>\n<\/div>","protected":false},"excerpt":{"rendered":"<p>La Villa in Badia <\/p>\n","protected":false},"author":1,"featured_media":3647,"parent":0,"menu_order":0,"comment_status":"closed","ping_status":"closed","template":"","meta":{"inline_featured_image":false,"footnotes":""},"categories":[27],"tags":[],"class_list":["post-3629","page","type-page","status-publish","has-post-thumbnail","hentry","category-farmacia","description-off"],"_links":{"self":[{"href":"https:\/\/www.pharmathek.com\/es\/wp-json\/wp\/v2\/pages\/3629","targetHints":{"allow":["GET"]}}],"collection":[{"href":"https:\/\/www.pharmathek.com\/es\/wp-json\/wp\/v2\/pages"}],"about":[{"href":"https:\/\/www.pharmathek.com\/es\/wp-json\/wp\/v2\/types\/page"}],"author":[{"embeddable":true,"href":"https:\/\/www.pharmathek.com\/es\/wp-json\/wp\/v2\/users\/1"}],"replies":[{"embeddable":true,"href":"https:\/\/www.pharmathek.com\/es\/wp-json\/wp\/v2\/comments?post=3629"}],"version-history":[{"count":6,"href":"https:\/\/www.pharmathek.com\/es\/wp-json\/wp\/v2\/pages\/3629\/revisions"}],"predecessor-version":[{"id":11246,"href":"https:\/\/www.pharmathek.com\/es\/wp-json\/wp\/v2\/pages\/3629\/revisions\/11246"}],"wp:featuredmedia":[{"embeddable":true,"href":"https:\/\/www.pharmathek.com\/es\/wp-json\/wp\/v2\/media\/3647"}],"wp:attachment":[{"href":"https:\/\/www.pharmathek.com\/es\/wp-json\/wp\/v2\/media?parent=3629"}],"wp:term":[{"taxonomy":"category","embeddable":true,"href":"https:\/\/www.pharmathek.com\/es\/wp-json\/wp\/v2\/categories?post=3629"},{"taxonomy":"post_tag","embeddable":true,"href":"https:\/\/www.pharmathek.com\/es\/wp-json\/wp\/v2\/tags?post=3629"}],"curies":[{"name":"wp","href":"https:\/\/api.w.org\/{rel}","templated":true}]}}