{"id":3700,"date":"2018-07-24T13:06:41","date_gmt":"2018-07-24T11:06:41","guid":{"rendered":"http:\/\/www.pharmathek.com\/?page_id=3700"},"modified":"2021-01-04T10:06:34","modified_gmt":"2021-01-04T09:06:34","slug":"farmacia-massa","status":"publish","type":"page","link":"https:\/\/www.pharmathek.com\/es\/farmacia-massa\/","title":{"rendered":"Farmacia Massa"},"content":{"rendered":"<div class=\"wpb-content-wrapper\"><p>[vc_row full_width=\u00bbstretch_row_content\u00bb equal_height=\u00bbyes\u00bb content_placement=\u00bbmiddle\u00bb bg_type=\u00bbbg_color\u00bb bg_override=\u00bbfull\u00bb bg_color_value=\u00bb#eeeeef\u00bb][vc_column width=\u00bb1\/2&#8243; css=\u00bb.vc_custom_1523961529410{padding-right: 0px !important;padding-left: 0px !important;}\u00bb offset=\u00bbvc_hidden-md vc_hidden-sm vc_hidden-xs\u00bb][vc_single_image image=\u00bb1822&#8243; img_size=\u00bbfull\u00bb][\/vc_column][vc_column width=\u00bb1\/2&#8243; css=\u00bb.vc_custom_1523961534580{padding-right: 100px !important;padding-left: 100px !important;}\u00bb offset=\u00bbvc_hidden-md vc_hidden-sm vc_hidden-xs\u00bb][vc_empty_space]<div id=\"ultimate-heading-82456a08f51a5814f\" class=\"uvc-heading ult-adjust-bottom-margin ultimate-heading-82456a08f51a5814f uvc-3135 head-section-title uvc-heading-default-font-sizes\" data-hspacer=\"no_spacer\"  data-halign=\"center\" style=\"text-align:center\"><div class=\"uvc-heading-spacer no_spacer\" style=\"top\"><\/div><div class=\"uvc-main-heading ult-responsive\"  data-ultimate-target='.uvc-heading.ultimate-heading-82456a08f51a5814f p'  data-responsive-json-new='{\"font-size\":\"\",\"line-height\":\"\"}' ><p style=\"--font-weight:theme;\">FARMACIA MASSA<\/p><\/div><\/div>[vc_empty_space][vc_column_text el_class=\u00bbtext-justify\u00bb]<\/p>\n<p>Con motivo de la renovaci\u00f3n de su farmacia, el Dr. Rebecchi ha decidido automatizar su negocio.<\/p>\n<p>Para ello instal\u00f3 un robot Sintesi en el s\u00f3tano, y en su interior el brazo mec\u00e1nico con almacenamiento temporal Euclid3D. El almac\u00e9n automatizado elegido dispone de dos salidas en el suelo de la farmacia en color gris metalizado, que se integran bien con los estantes colocados en la pared del robot para la exposici\u00f3n de productos.<\/p>\n<p>[\/vc_column_text][vc_empty_space][\/vc_column][\/vc_row][vc_row full_width=\u00bbstretch_row_content\u00bb equal_height=\u00bbyes\u00bb content_placement=\u00bbmiddle\u00bb bg_type=\u00bbbg_color\u00bb bg_override=\u00bbfull\u00bb bg_color_value=\u00bb#eeeeef\u00bb][vc_column css=\u00bb.vc_custom_1524126845666{padding-right: 0px !important;padding-left: 0px !important;}\u00bb offset=\u00bbvc_hidden-lg\u00bb el_class=\u00bbfull-width-no-padding\u00bb][vc_single_image image=\u00bb1822&#8243; img_size=\u00bbfull\u00bb][vc_empty_space]<div id=\"ultimate-heading-76916a08f51a581f1\" class=\"uvc-heading ult-adjust-bottom-margin ultimate-heading-76916a08f51a581f1 uvc-4579 head-section-title uvc-heading-default-font-sizes\" data-hspacer=\"no_spacer\"  data-halign=\"center\" style=\"text-align:center\"><div class=\"uvc-heading-spacer no_spacer\" style=\"top\"><\/div><div class=\"uvc-main-heading ult-responsive\"  data-ultimate-target='.uvc-heading.ultimate-heading-76916a08f51a581f1 p'  data-responsive-json-new='{\"font-size\":\"\",\"line-height\":\"\"}' ><p style=\"--font-weight:theme;\">FARMACIA MASSA<\/p><\/div><\/div>[vc_empty_space][vc_column_text el_class=\u00bbtext-justify\u00bb]<\/p>\n<p>Con motivo de la renovaci\u00f3n de su farmacia, el Dr. Rebecchi ha decidido automatizar su negocio.<\/p>\n<p>Para ello instal\u00f3 un robot Sintesi en el s\u00f3tano, y en su interior el brazo mec\u00e1nico con almacenamiento temporal Euclid3D. El almac\u00e9n automatizado elegido dispone de dos salidas en el suelo de la farmacia en color gris metalizado, que se integran bien con los estantes colocados en la pared del robot para la exposici\u00f3n de productos.<\/p>\n<p>[\/vc_column_text][vc_empty_space][\/vc_column][\/vc_row][vc_row][vc_column offset=\u00bbvc_hidden-md vc_hidden-sm vc_hidden-xs\u00bb][vc_empty_space height=\u00bb100px\u00bb][vc_single_image image=\u00bb1823&#8243; img_size=\u00bbfull\u00bb alignment=\u00bbcenter\u00bb][vc_empty_space]<div id=\"ultimate-heading-44986a08f51a58276\" class=\"uvc-heading ult-adjust-bottom-margin ultimate-heading-44986a08f51a58276 uvc-2406 head-section-title uvc-heading-default-font-sizes\" data-hspacer=\"no_spacer\"  data-halign=\"center\" style=\"text-align:center\"><div class=\"uvc-heading-spacer no_spacer\" style=\"top\"><\/div><div class=\"uvc-main-heading ult-responsive\"  data-ultimate-target='.uvc-heading.ultimate-heading-44986a08f51a58276 p'  data-responsive-json-new='{\"font-size\":\"\",\"line-height\":\"\"}' ><p style=\"--font-weight:theme;\">LA PALABRA AL FARMAC\u00c9UTICO<\/p><\/div><\/div>[vc_empty_space][vc_column_text el_class=\u00bbtext-justify\u00bb]<\/p>\n<h4>Dr. Rebecchi, \u00bfpor qu\u00e9 decidi\u00f3 automatizar su farmacia?<\/h4>\n<p>Hemos optado por instalar un almac\u00e9n robotizado principalmente para aumentar el \u00e1rea dedicada al p\u00fablico y en segundo lugar para tener una mejor perspectiva en cuanto a reorganizar flujos de trabajo y productos.<\/p>\n<p>&nbsp;<\/p>\n<h4>\u00bfPor qu\u00e9 decidi\u00f3 confiar en Pharmathek para la automatizaci\u00f3n del almac\u00e9n?<\/h4>\n<p>Llevaba muchos a\u00f1os colaborando con Th.Kohl, la otra empresa del grupo, y cuando vi en la feria el brazo automatizado Euclid3D, cuyas caracter\u00edsticas t\u00e9cnicas apreci\u00e9, me di cuenta de que era la patente que quer\u00eda tener en mi farmacia.<\/p>\n<p>Tambi\u00e9n me gust\u00f3 porque, a diferencia de otros robots, imita m\u00e1s el trabajo del farmac\u00e9utico: cuando va a trabajar no trae ni un solo producto al mostrador, sino que como un farmac\u00e9utico que vuelve con los brazos llenos de referencias, tambi\u00e9n los entrega y en un solo viaje.<\/p>\n<p>&nbsp;<\/p>\n<h4>\u00bfQu\u00e9 ha cambiado desde que se instal\u00f3 el robot?<\/h4>\n<p>Ahora en la farmacia tenemos una ayuda v\u00e1lida que nos permite a mis colaboradores y a m\u00ed poder operar de una manera m\u00e1s ordenada, con menos preocupaciones. De hecho, nos deshicimos de un quehacer de pura log\u00edstica que consum\u00eda mucha energ\u00eda, ahora dedicado a actividades puramente profesionales.<\/p>\n<p>[\/vc_column_text][vc_empty_space height=\u00bb100px\u00bb][\/vc_column][\/vc_row][vc_row][vc_column offset=\u00bbvc_hidden-lg\u00bb][vc_empty_space height=\u00bb50px\u00bb][vc_single_image image=\u00bb1823&#8243; img_size=\u00bbfull\u00bb alignment=\u00bbcenter\u00bb][vc_empty_space]<div id=\"ultimate-heading-76236a08f51a582ef\" class=\"uvc-heading ult-adjust-bottom-margin ultimate-heading-76236a08f51a582ef uvc-7350 head-section-title uvc-heading-default-font-sizes\" data-hspacer=\"no_spacer\"  data-halign=\"center\" style=\"text-align:center\"><div class=\"uvc-heading-spacer no_spacer\" style=\"top\"><\/div><div class=\"uvc-main-heading ult-responsive\"  data-ultimate-target='.uvc-heading.ultimate-heading-76236a08f51a582ef p'  data-responsive-json-new='{\"font-size\":\"\",\"line-height\":\"\"}' ><p style=\"--font-weight:theme;\">LA PALABRA AL FARMAC\u00c9UTICO<\/p><\/div><\/div>[vc_empty_space][vc_column_text el_class=\u00bbtext-justify\u00bb]<\/p>\n<h4>Dr. Rebecchi, \u00bfpor qu\u00e9 decidi\u00f3 automatizar su farmacia?<\/h4>\n<p>Hemos optado por instalar un almac\u00e9n robotizado principalmente para aumentar el \u00e1rea dedicada al p\u00fablico y en segundo lugar para tener una mejor perspectiva en cuanto a reorganizar flujos de trabajo y productos.<\/p>\n<p>&nbsp;<\/p>\n<h4>\u00bfPor qu\u00e9 decidi\u00f3 confiar en Pharmathek para la automatizaci\u00f3n del almac\u00e9n?<\/h4>\n<p>Llevaba muchos a\u00f1os colaborando con Th.Kohl, la otra empresa del grupo, y cuando vi en la feria el brazo automatizado Euclid3D, cuyas caracter\u00edsticas t\u00e9cnicas apreci\u00e9, me di cuenta de que era la patente que quer\u00eda tener en mi farmacia.<\/p>\n<p>Tambi\u00e9n me gust\u00f3 porque, a diferencia de otros robots, imita m\u00e1s el trabajo del farmac\u00e9utico: cuando va a trabajar no trae ni un solo producto al mostrador, sino que como un farmac\u00e9utico que vuelve con los brazos llenos de referencias, tambi\u00e9n los entrega y en un solo viaje.<\/p>\n<p>&nbsp;<\/p>\n<h4>\u00bfQu\u00e9 ha cambiado desde que se instal\u00f3 el robot?<\/h4>\n<p>Ahora en la farmacia tenemos una ayuda v\u00e1lida que nos permite a mis colaboradores y a m\u00ed poder operar de una manera m\u00e1s ordenada, con menos preocupaciones. De hecho, nos deshicimos de un quehacer de pura log\u00edstica que consum\u00eda mucha energ\u00eda, ahora dedicado a actividades puramente profesionales.<\/p>\n<p>[\/vc_column_text][vc_empty_space height=\u00bb50px\u00bb][\/vc_column][\/vc_row][vc_row full_width=\u00bbstretch_row\u00bb bg_type=\u00bbbg_color\u00bb bg_override=\u00bbfull\u00bb bg_color_value=\u00bb#eeeeef\u00bb][vc_column offset=\u00bbvc_hidden-md vc_hidden-sm vc_hidden-xs\u00bb][vc_empty_space height=\u00bb100px\u00bb]<div id=\"ultimate-heading-33766a08f51a58366\" class=\"uvc-heading ult-adjust-bottom-margin ultimate-heading-33766a08f51a58366 uvc-7976 head-section-title uvc-heading-default-font-sizes\" data-hspacer=\"no_spacer\"  data-halign=\"center\" style=\"text-align:center\"><div class=\"uvc-heading-spacer no_spacer\" style=\"top\"><\/div><div class=\"uvc-main-heading ult-responsive\"  data-ultimate-target='.uvc-heading.ultimate-heading-33766a08f51a58366 h2'  data-responsive-json-new='{\"font-size\":\"\",\"line-height\":\"\"}' ><h2 style=\"--font-weight:theme;\">GALER\u00cdA<\/h2><\/div><\/div>[vc_empty_space height=\u00bb50px\u00bb][vc_masonry_media_grid style=\u00bblazy\u00bb items_per_page=\u00bb20&#8243; element_width=\u00bb3&#8243; gap=\u00bb10&#8243; grid_id=\u00bbvc_gid:1609750128799-8e751984-2a70-7&#8243; include=\u00bb1825,1826,1827,1828,1829,1830,1833,1835&#8243;][vc_empty_space height=\u00bb100px\u00bb][\/vc_column][\/vc_row][vc_row full_width=\u00bbstretch_row\u00bb bg_type=\u00bbbg_color\u00bb bg_override=\u00bbfull\u00bb bg_color_value=\u00bb#eeeeef\u00bb][vc_column offset=\u00bbvc_hidden-lg\u00bb][vc_empty_space height=\u00bb50px\u00bb]<div id=\"ultimate-heading-80626a08f51a583db\" class=\"uvc-heading ult-adjust-bottom-margin ultimate-heading-80626a08f51a583db uvc-2847 head-section-title uvc-heading-default-font-sizes\" data-hspacer=\"no_spacer\"  data-halign=\"center\" style=\"text-align:center\"><div class=\"uvc-heading-spacer no_spacer\" style=\"top\"><\/div><div class=\"uvc-main-heading ult-responsive\"  data-ultimate-target='.uvc-heading.ultimate-heading-80626a08f51a583db h2'  data-responsive-json-new='{\"font-size\":\"\",\"line-height\":\"\"}' ><h2 style=\"--font-weight:theme;\">GALER\u00cdA<\/h2><\/div><\/div>[vc_empty_space height=\u00bb50px\u00bb][vc_masonry_media_grid element_width=\u00bb3&#8243; gap=\u00bb10&#8243; grid_id=\u00bbvc_gid:1609750128834-0287b1b1-1844-2&#8243; include=\u00bb1825,1826,1827,1828,1829,1830,1833,1835&#8243;][vc_empty_space height=\u00bb50px\u00bb][\/vc_column][\/vc_row][vc_row full_width=\u00bbstretch_row\u00bb bg_type=\u00bbimage\u00bb parallax_style=\u00bbvcpb-default\u00bb bg_image_new=\u00bbid^1166|url^http:\/\/www.pharmathek.com\/wp-content\/uploads\/2018\/03\/farmacia-specifiche-background.jpg|caption^null|alt^null|title^farmacia-specifiche-background|description^null\u00bb bg_image_repeat=\u00bbno-repeat\u00bb bg_override=\u00bbfull\u00bb][vc_column][vc_empty_space height=\u00bb100px\u00bb]<div id=\"ultimate-heading-1436a08f51a5844f\" class=\"uvc-heading ult-adjust-bottom-margin ultimate-heading-1436a08f51a5844f uvc-7450 head-section-title text-white uvc-heading-default-font-sizes\" data-hspacer=\"no_spacer\"  data-halign=\"center\" style=\"text-align:center\"><div class=\"uvc-heading-spacer no_spacer\" style=\"top\"><\/div><div class=\"uvc-main-heading ult-responsive\"  data-ultimate-target='.uvc-heading.ultimate-heading-1436a08f51a5844f h2'  data-responsive-json-new='{\"font-size\":\"\",\"line-height\":\"\"}' ><h2 style=\"--font-weight:theme;\">EL PROYECTO<\/h2><\/div><\/div>[vc_empty_space height=\u00bb50px\u00bb][vc_separator color=\u00bbwhite\u00bb][vc_row_inner][vc_column_inner width=\u00bb1\/2&#8243;][vc_column_text el_class=\u00bbprogetto-voci\u00bb]SUPERFICIE FARMACIA[\/vc_column_text][\/vc_column_inner][vc_column_inner width=\u00bb1\/2&#8243;][vc_column_text el_class=\u00bbprogetto-voci-valori\u00bb]100 m2[\/vc_column_text][\/vc_column_inner][\/vc_row_inner][vc_separator color=\u00bbwhite\u00bb][vc_row_inner][vc_column_inner width=\u00bb1\/2&#8243;][vc_column_text el_class=\u00bbprogetto-voci\u00bb]LA SOLUCIONES PHARMATHEK[\/vc_column_text][\/vc_column_inner][vc_column_inner width=\u00bb1\/2&#8243;][vc_column_text el_class=\u00bbprogetto-voci-valori\u00bb]SINTESI + PHARMALOAD + EUCLID3D[\/vc_column_text][\/vc_column_inner][\/vc_row_inner][vc_separator color=\u00bbwhite\u00bb][vc_row_inner][vc_column_inner width=\u00bb1\/2&#8243;][vc_column_text el_class=\u00bbprogetto-voci\u00bb]DIMENSIONES ROBOT[\/vc_column_text][\/vc_column_inner][vc_column_inner width=\u00bb1\/2&#8243;][vc_column_text el_class=\u00bbprogetto-voci-valori\u00bb]<\/p>\n<p>L 6.500 x H 2.800 mm<\/p>\n<p>[\/vc_column_text][\/vc_column_inner][\/vc_row_inner][vc_separator color=\u00bbwhite\u00bb][vc_row_inner][vc_column_inner width=\u00bb1\/2&#8243;][vc_column_text el_class=\u00bbprogetto-voci\u00bb]CAPACIDAD EN CAJAS[\/vc_column_text][\/vc_column_inner][vc_column_inner width=\u00bb1\/2&#8243;][vc_column_text el_class=\u00bbprogetto-voci-valori\u00bb]<\/p>\n<p>15.100<\/p>\n<p>[\/vc_column_text][\/vc_column_inner][\/vc_row_inner][vc_separator color=\u00bbwhite\u00bb][vc_row_inner][vc_column_inner width=\u00bb1\/2&#8243;][vc_column_text el_class=\u00bbprogetto-voci\u00bb]UBICACI\u00d3N ROBOT CON RESPECTO AL MOSTRADOR[\/vc_column_text][\/vc_column_inner][vc_column_inner width=\u00bb1\/2&#8243;][vc_column_text el_class=\u00bbprogetto-voci-valori\u00bb]S\u00d3TANO[\/vc_column_text][\/vc_column_inner][\/vc_row_inner][vc_separator color=\u00bbwhite\u00bb][vc_row_inner][vc_column_inner width=\u00bb1\/2&#8243;][vc_column_text el_class=\u00bbprogetto-voci\u00bb]ROTACI\u00d3N DE PRODUCTOS[\/vc_column_text][\/vc_column_inner][vc_column_inner width=\u00bb1\/2&#8243;][vc_column_text el_class=\u00bbprogetto-voci-valori\u00bb]<\/p>\n<p>Entre 500 y 1000<\/p>\n<p>[\/vc_column_text][\/vc_column_inner][\/vc_row_inner][vc_separator color=\u00bbwhite\u00bb][vc_empty_space height=\u00bb100px\u00bb][\/vc_column][\/vc_row][vc_row full_width=\u00bbstretch_row_content_no_spaces\u00bb][vc_column el_class=\u00bbfull-width-no-padding\u00bb][vc_single_image image=\u00bb1836&#8243; img_size=\u00bbfull\u00bb alignment=\u00bbcenter\u00bb]<style type=\"text\/css\" data-type=\"the7_shortcodes-inline-css\">#default-btn-3c4d118ac1328cecbccb010cb973af3d.ico-right-side > i {\n  margin-right: 0px;\n  margin-left: 8px;\n}\n#default-btn-3c4d118ac1328cecbccb010cb973af3d > i {\n  margin-right: 8px;\n}\n<\/style><div class=\"btn-align-center\"><a href=\"\/es\/instalaciones\/\" class=\"default-btn-shortcode dt-btn dt-btn-l link-hover-off weight-300 full-width-btn \" id=\"default-btn-3c4d118ac1328cecbccb010cb973af3d\"><span>Vuelve al listado de instalaciones<\/span><\/a><\/div>[\/vc_column][\/vc_row]<\/p>\n<\/div>","protected":false},"excerpt":{"rendered":"<p>Genova<\/p>\n","protected":false},"author":1,"featured_media":3716,"parent":0,"menu_order":0,"comment_status":"closed","ping_status":"closed","template":"","meta":{"inline_featured_image":false,"footnotes":""},"categories":[27],"tags":[],"class_list":["post-3700","page","type-page","status-publish","has-post-thumbnail","hentry","category-farmacia","description-off"],"_links":{"self":[{"href":"https:\/\/www.pharmathek.com\/es\/wp-json\/wp\/v2\/pages\/3700","targetHints":{"allow":["GET"]}}],"collection":[{"href":"https:\/\/www.pharmathek.com\/es\/wp-json\/wp\/v2\/pages"}],"about":[{"href":"https:\/\/www.pharmathek.com\/es\/wp-json\/wp\/v2\/types\/page"}],"author":[{"embeddable":true,"href":"https:\/\/www.pharmathek.com\/es\/wp-json\/wp\/v2\/users\/1"}],"replies":[{"embeddable":true,"href":"https:\/\/www.pharmathek.com\/es\/wp-json\/wp\/v2\/comments?post=3700"}],"version-history":[{"count":6,"href":"https:\/\/www.pharmathek.com\/es\/wp-json\/wp\/v2\/pages\/3700\/revisions"}],"predecessor-version":[{"id":11242,"href":"https:\/\/www.pharmathek.com\/es\/wp-json\/wp\/v2\/pages\/3700\/revisions\/11242"}],"wp:featuredmedia":[{"embeddable":true,"href":"https:\/\/www.pharmathek.com\/es\/wp-json\/wp\/v2\/media\/3716"}],"wp:attachment":[{"href":"https:\/\/www.pharmathek.com\/es\/wp-json\/wp\/v2\/media?parent=3700"}],"wp:term":[{"taxonomy":"category","embeddable":true,"href":"https:\/\/www.pharmathek.com\/es\/wp-json\/wp\/v2\/categories?post=3700"},{"taxonomy":"post_tag","embeddable":true,"href":"https:\/\/www.pharmathek.com\/es\/wp-json\/wp\/v2\/tags?post=3700"}],"curies":[{"name":"wp","href":"https:\/\/api.w.org\/{rel}","templated":true}]}}