{"id":5125,"date":"2018-11-09T14:28:07","date_gmt":"2018-11-09T13:28:07","guid":{"rendered":"http:\/\/www.pharmathek.com\/?page_id=5125"},"modified":"2021-01-04T11:17:54","modified_gmt":"2021-01-04T10:17:54","slug":"farmacia-capovilla","status":"publish","type":"page","link":"https:\/\/www.pharmathek.com\/es\/farmacia-capovilla\/","title":{"rendered":"Farmacia Capovilla"},"content":{"rendered":"<div class=\"wpb-content-wrapper\"><p>[vc_row full_width=\u00bbstretch_row_content\u00bb equal_height=\u00bbyes\u00bb content_placement=\u00bbmiddle\u00bb bg_type=\u00bbbg_color\u00bb bg_override=\u00bbfull\u00bb bg_color_value=\u00bb#eeeeef\u00bb][vc_column width=\u00bb1\/2&#8243; css=\u00bb.vc_custom_1523960338488{padding-right: 0px !important;padding-left: 0px !important;}\u00bb offset=\u00bbvc_hidden-md vc_hidden-sm vc_hidden-xs\u00bb][vc_single_image image=\u00bb4607&#8243; img_size=\u00bbfull\u00bb][\/vc_column][vc_column width=\u00bb1\/2&#8243; css=\u00bb.vc_custom_1523960343032{padding-right: 100px !important;padding-left: 100px !important;}\u00bb offset=\u00bbvc_hidden-md vc_hidden-sm vc_hidden-xs\u00bb][vc_empty_space]<div id=\"ultimate-heading-229969f9e640dc6aa\" class=\"uvc-heading ult-adjust-bottom-margin ultimate-heading-229969f9e640dc6aa uvc-4932 head-section-title uvc-heading-default-font-sizes\" data-hspacer=\"no_spacer\"  data-halign=\"center\" style=\"text-align:center\"><div class=\"uvc-heading-spacer no_spacer\" style=\"top\"><\/div><div class=\"uvc-main-heading ult-responsive\"  data-ultimate-target='.uvc-heading.ultimate-heading-229969f9e640dc6aa p'  data-responsive-json-new='{\"font-size\":\"\",\"line-height\":\"\"}' ><p style=\"--font-weight:theme;\">FARMACIA CAPOVILLA<\/p><\/div><\/div>[vc_empty_space][vc_column_text el_class=\u00bbtext-justify\u00bb]<\/p>\n<p>El robot dise\u00f1ado para la farmacia de la Dra. Boaretto, ubicado no detr\u00e1s del mostrador sino en la habitaci\u00f3n adyacente, se caracteriza por unas dimensiones relativamente peque\u00f1as y tiene, en la superficie que da al interior de la sala, dos paneles de vidrio desde los que es posible admirar el manipulador mec\u00e1nico en funcionamiento.<\/p>\n<p>Como en todos los robots de Pharmathek, la carga y el picking se pueden realizar simult\u00e1neamente. Con la carga manual es posible cargar hasta 500 paquetes por hora.<\/p>\n<p>[\/vc_column_text][vc_empty_space][\/vc_column][\/vc_row][vc_row full_width=\u00bbstretch_row_content\u00bb equal_height=\u00bbyes\u00bb content_placement=\u00bbmiddle\u00bb bg_type=\u00bbbg_color\u00bb bg_override=\u00bbfull\u00bb bg_color_value=\u00bb#eeeeef\u00bb][vc_column css=\u00bb.vc_custom_1524126670718{padding-right: 0px !important;padding-left: 0px !important;}\u00bb offset=\u00bbvc_hidden-lg\u00bb el_class=\u00bbfull-width-no-padding\u00bb][vc_single_image image=\u00bb4607&#8243; img_size=\u00bbfull\u00bb][vc_empty_space]<div id=\"ultimate-heading-874269f9e640dc751\" class=\"uvc-heading ult-adjust-bottom-margin ultimate-heading-874269f9e640dc751 uvc-6472 head-section-title uvc-heading-default-font-sizes\" data-hspacer=\"no_spacer\"  data-halign=\"center\" style=\"text-align:center\"><div class=\"uvc-heading-spacer no_spacer\" style=\"top\"><\/div><div class=\"uvc-main-heading ult-responsive\"  data-ultimate-target='.uvc-heading.ultimate-heading-874269f9e640dc751 p'  data-responsive-json-new='{\"font-size\":\"\",\"line-height\":\"\"}' ><p style=\"--font-weight:theme;\">FARMACIA CAPOVILLA<\/p><\/div><\/div>[vc_empty_space][vc_column_text el_class=\u00bbtext-justify\u00bb]<\/p>\n<p>El robot dise\u00f1ado para la farmacia de la Dra. Boaretto, ubicado no detr\u00e1s del mostrador sino en la habitaci\u00f3n adyacente, se caracteriza por unas dimensiones relativamente peque\u00f1as y tiene, en la superficie que da al interior de la sala, dos paneles de vidrio desde los que es posible admirar el manipulador mec\u00e1nico en funcionamiento.<\/p>\n<p>Como en todos los robots de Pharmathek, la carga y el picking se pueden realizar simult\u00e1neamente. Con la carga manual es posible cargar hasta 500 paquetes por hora.<\/p>\n<p>[\/vc_column_text][vc_empty_space][\/vc_column][\/vc_row][vc_row][vc_column offset=\u00bbvc_hidden-md vc_hidden-sm vc_hidden-xs\u00bb][vc_empty_space height=\u00bb100px\u00bb][vc_single_image image=\u00bb4603&#8243; img_size=\u00bbfull\u00bb alignment=\u00bbcenter\u00bb][vc_empty_space]<div id=\"ultimate-heading-380769f9e640dc7d4\" class=\"uvc-heading ult-adjust-bottom-margin ultimate-heading-380769f9e640dc7d4 uvc-3723 head-section-title uvc-heading-default-font-sizes\" data-hspacer=\"no_spacer\"  data-halign=\"center\" style=\"text-align:center\"><div class=\"uvc-heading-spacer no_spacer\" style=\"top\"><\/div><div class=\"uvc-main-heading ult-responsive\"  data-ultimate-target='.uvc-heading.ultimate-heading-380769f9e640dc7d4 p'  data-responsive-json-new='{\"font-size\":\"\",\"line-height\":\"\"}' ><p style=\"--font-weight:theme;\">LA PALABRA AL FARMAC\u00c9UTICO<\/p><\/div><\/div>[vc_empty_space][vc_column_text el_class=\u00bbtext-justify\u00bb]<\/p>\n<h4>Doctora Boaretto, \u00bfqu\u00e9 le impuls\u00f3 a querer automatizar su farmacia?<\/h4>\n<p>Decid\u00ed automatizar mi farmacia porque las cajoneras son un sistema de almacenamiento obsoleto. No pod\u00eda pensar en seguir viendo a mis compa\u00f1eros de trabajo que ten\u00edan que subir a los taburetes para obtener los medicamentos situados en la zona m\u00e1s alta.<\/p>\n<p>Por supuesto, la instalaci\u00f3n del robot representa una revoluci\u00f3n en la farmacia y adem\u00e1s el personal debe aprender a aprovechar al m\u00e1ximo el tiempo recuperado para comunicarse con el cliente e investigar sus necesidades. Pero estamos satisfechos.<\/p>\n<p>&nbsp;<\/p>\n<h4>\u00bfC\u00f3mo reaccionaron los clientes ante la instalaci\u00f3n del robot?<\/h4>\n<p>Yo dir\u00eda que bien ya que todo el mundo nos felicita por Taddeo (as\u00ed llam\u00e1bamos a nuestro robot) que nos permiti\u00f3 hacer m\u00e1s moderno el servicio y la imagen de la farmacia.<\/p>\n<p>&nbsp;<\/p>\n<h4>\u00bfPor qu\u00e9 decidi\u00f3 confiar en Pharmathek para la automatizaci\u00f3n de su farmacia?<\/h4>\n<p>Elegimos Pharmathek, aunque tambi\u00e9n hab\u00edamos evaluado indirectamente otras propuestas en el mercado, por dos razones. Primero porque la empresa forma parte del Grupo Th.Kohl con el que hab\u00edamos renovado nuestra farmacia el a\u00f1o anterior y con el que nos hab\u00edamos encontrado muy bien.<\/p>\n<p>Y as\u00ed fue tambi\u00e9n en esta segunda ocasi\u00f3n. Hubo simpat\u00eda y empat\u00eda con todos: con los que montaron, con los que dise\u00f1aron y con los que gestionaron el proyecto. Demostraron ser realmente competentes e inteligentes.<\/p>\n<p>Segundo porque el robot nos convenci\u00f3 de inmediato. Tan compacto, ligero y moderno, \u00a1fue todo un acierto!<\/p>\n<p>[\/vc_column_text][vc_empty_space height=\u00bb100px\u00bb][\/vc_column][\/vc_row][vc_row][vc_column offset=\u00bbvc_hidden-lg\u00bb][vc_empty_space height=\u00bb50px\u00bb][vc_single_image image=\u00bb4603&#8243; img_size=\u00bbfull\u00bb alignment=\u00bbcenter\u00bb][vc_empty_space]<div id=\"ultimate-heading-727069f9e640dc852\" class=\"uvc-heading ult-adjust-bottom-margin ultimate-heading-727069f9e640dc852 uvc-6257 head-section-title uvc-heading-default-font-sizes\" data-hspacer=\"no_spacer\"  data-halign=\"center\" style=\"text-align:center\"><div class=\"uvc-heading-spacer no_spacer\" style=\"top\"><\/div><div class=\"uvc-main-heading ult-responsive\"  data-ultimate-target='.uvc-heading.ultimate-heading-727069f9e640dc852 p'  data-responsive-json-new='{\"font-size\":\"\",\"line-height\":\"\"}' ><p style=\"--font-weight:theme;\">LA PALABRA AL FARMAC\u00c9UTICO<\/p><\/div><\/div>[vc_empty_space][vc_column_text el_class=\u00bbtext-justify\u00bb]<\/p>\n<h4>Doctora Boaretto, \u00bfqu\u00e9 le impuls\u00f3 a querer automatizar su farmacia?<\/h4>\n<p>Decid\u00ed automatizar mi farmacia porque las cajoneras son un sistema de almacenamiento obsoleto. No pod\u00eda pensar en seguir viendo a mis compa\u00f1eros de trabajo que ten\u00edan que subir a los taburetes para obtener los medicamentos situados en la zona m\u00e1s alta.<\/p>\n<p>Por supuesto, la instalaci\u00f3n del robot representa una revoluci\u00f3n en la farmacia y adem\u00e1s el personal debe aprender a aprovechar al m\u00e1ximo el tiempo recuperado para comunicarse con el cliente e investigar sus necesidades. Pero estamos satisfechos.<\/p>\n<p>&nbsp;<\/p>\n<h4>\u00bfC\u00f3mo reaccionaron los clientes ante la instalaci\u00f3n del robot?<\/h4>\n<p>Yo dir\u00eda que bien ya que todo el mundo nos felicita por Taddeo (as\u00ed llam\u00e1bamos a nuestro robot) que nos permiti\u00f3 hacer m\u00e1s moderno el servicio y la imagen de la farmacia.<\/p>\n<p>&nbsp;<\/p>\n<h4>\u00bfPor qu\u00e9 decidi\u00f3 confiar en Pharmathek para la automatizaci\u00f3n de su farmacia?<\/h4>\n<p>Elegimos Pharmathek, aunque tambi\u00e9n hab\u00edamos evaluado indirectamente otras propuestas en el mercado, por dos razones. Primero porque la empresa forma parte del Grupo Th.Kohl con el que hab\u00edamos renovado nuestra farmacia el a\u00f1o anterior y con el que nos hab\u00edamos encontrado muy bien.<\/p>\n<p>Y as\u00ed fue tambi\u00e9n en esta segunda ocasi\u00f3n. Hubo simpat\u00eda y empat\u00eda con todos: con los que montaron, con los que dise\u00f1aron y con los que gestionaron el proyecto. Demostraron ser realmente competentes e inteligentes.<\/p>\n<p>Segundo porque el robot nos convenci\u00f3 de inmediato. Tan compacto, ligero y moderno, \u00a1fue todo un acierto!<\/p>\n<p>[\/vc_column_text][vc_empty_space height=\u00bb50px\u00bb][\/vc_column][\/vc_row][vc_row full_width=\u00bbstretch_row\u00bb bg_type=\u00bbbg_color\u00bb bg_override=\u00bbfull\u00bb bg_color_value=\u00bb#eeeeef\u00bb][vc_column offset=\u00bbvc_hidden-md vc_hidden-sm vc_hidden-xs\u00bb][vc_empty_space height=\u00bb100px\u00bb]<div id=\"ultimate-heading-768569f9e640dc8d6\" class=\"uvc-heading ult-adjust-bottom-margin ultimate-heading-768569f9e640dc8d6 uvc-1687 head-section-title uvc-heading-default-font-sizes\" data-hspacer=\"no_spacer\"  data-halign=\"center\" style=\"text-align:center\"><div class=\"uvc-heading-spacer no_spacer\" style=\"top\"><\/div><div class=\"uvc-main-heading ult-responsive\"  data-ultimate-target='.uvc-heading.ultimate-heading-768569f9e640dc8d6 h2'  data-responsive-json-new='{\"font-size\":\"\",\"line-height\":\"\"}' ><h2 style=\"--font-weight:theme;\">GALER\u00cdA<\/h2><\/div><\/div>[vc_empty_space height=\u00bb50px\u00bb][vc_masonry_media_grid element_width=\u00bb3&#8243; gap=\u00bb10&#8243; grid_id=\u00bbvc_gid:1609753243057-f6b1536f-b860-7&#8243; include=\u00bb4612,4616,4620,4624,4628,4632,4636,4640&#8243;][vc_empty_space height=\u00bb100px\u00bb][\/vc_column][\/vc_row][vc_row full_width=\u00bbstretch_row\u00bb bg_type=\u00bbbg_color\u00bb bg_override=\u00bbfull\u00bb bg_color_value=\u00bb#eeeeef\u00bb][vc_column offset=\u00bbvc_hidden-lg\u00bb][vc_empty_space height=\u00bb50px\u00bb]<div id=\"ultimate-heading-371269f9e640dc94e\" class=\"uvc-heading ult-adjust-bottom-margin ultimate-heading-371269f9e640dc94e uvc-423 head-section-title uvc-heading-default-font-sizes\" data-hspacer=\"no_spacer\"  data-halign=\"center\" style=\"text-align:center\"><div class=\"uvc-heading-spacer no_spacer\" style=\"top\"><\/div><div class=\"uvc-main-heading ult-responsive\"  data-ultimate-target='.uvc-heading.ultimate-heading-371269f9e640dc94e h2'  data-responsive-json-new='{\"font-size\":\"\",\"line-height\":\"\"}' ><h2 style=\"--font-weight:theme;\">GALER\u00cdA<\/h2><\/div><\/div>[vc_empty_space height=\u00bb50px\u00bb][vc_masonry_media_grid element_width=\u00bb3&#8243; gap=\u00bb10&#8243; grid_id=\u00bbvc_gid:1609753243069-d14c5ca9-625f-0&#8243; include=\u00bb4612,4616,4620,4624,4628,4632,4636,4640&#8243;][vc_empty_space height=\u00bb50px\u00bb][\/vc_column][\/vc_row][vc_row full_width=\u00bbstretch_row\u00bb bg_type=\u00bbimage\u00bb parallax_style=\u00bbvcpb-default\u00bb bg_image_new=\u00bbid^1166|url^http:\/\/www.pharmathek.com\/wp-content\/uploads\/2018\/03\/farmacia-specifiche-background.jpg|caption^null|alt^null|title^farmacia-specifiche-background|description^null\u00bb bg_image_repeat=\u00bbno-repeat\u00bb bg_override=\u00bbfull\u00bb][vc_column][vc_empty_space height=\u00bb100px\u00bb]<div id=\"ultimate-heading-336669f9e640dc9c4\" class=\"uvc-heading ult-adjust-bottom-margin ultimate-heading-336669f9e640dc9c4 uvc-1246 head-section-title text-white uvc-heading-default-font-sizes\" data-hspacer=\"no_spacer\"  data-halign=\"center\" style=\"text-align:center\"><div class=\"uvc-heading-spacer no_spacer\" style=\"top\"><\/div><div class=\"uvc-main-heading ult-responsive\"  data-ultimate-target='.uvc-heading.ultimate-heading-336669f9e640dc9c4 h2'  data-responsive-json-new='{\"font-size\":\"\",\"line-height\":\"\"}' ><h2 style=\"--font-weight:theme;\">EL PROYECTO<\/h2><\/div><\/div>[vc_empty_space height=\u00bb50px\u00bb][vc_separator color=\u00bbwhite\u00bb][vc_row_inner][vc_column_inner width=\u00bb1\/2&#8243;][vc_column_text el_class=\u00bbprogetto-voci\u00bb]SUPERFICIE FARMACIA[\/vc_column_text][\/vc_column_inner][vc_column_inner width=\u00bb1\/2&#8243;][vc_column_text el_class=\u00bbprogetto-voci-valori\u00bb]70 m2[\/vc_column_text][\/vc_column_inner][\/vc_row_inner][vc_separator color=\u00bbwhite\u00bb][vc_row_inner][vc_column_inner width=\u00bb1\/2&#8243;][vc_column_text el_class=\u00bbprogetto-voci\u00bb]LA SOLUCIONES PHARMATHEK[\/vc_column_text][\/vc_column_inner][vc_column_inner width=\u00bb1\/2&#8243;][vc_column_text el_class=\u00bbprogetto-voci-valori\u00bb]SINTESI[\/vc_column_text][\/vc_column_inner][\/vc_row_inner][vc_separator color=\u00bbwhite\u00bb][vc_row_inner][vc_column_inner width=\u00bb1\/2&#8243;][vc_column_text el_class=\u00bbprogetto-voci\u00bb]DIMENSIONES ROBOT[\/vc_column_text][\/vc_column_inner][vc_column_inner width=\u00bb1\/2&#8243;][vc_column_text el_class=\u00bbprogetto-voci-valori\u00bb]<\/p>\n<p>L\u00a03.047 x H 2.700 mm<\/p>\n<p>[\/vc_column_text][\/vc_column_inner][\/vc_row_inner][vc_separator color=\u00bbwhite\u00bb][vc_row_inner][vc_column_inner width=\u00bb1\/2&#8243;][vc_column_text el_class=\u00bbprogetto-voci\u00bb]CAPACIDAD EN CAJAS[\/vc_column_text][\/vc_column_inner][vc_column_inner width=\u00bb1\/2&#8243;][vc_column_text el_class=\u00bbprogetto-voci-valori\u00bb]<\/p>\n<p>5.800<\/p>\n<p>[\/vc_column_text][\/vc_column_inner][\/vc_row_inner][vc_separator color=\u00bbwhite\u00bb][vc_row_inner][vc_column_inner width=\u00bb1\/2&#8243;][vc_column_text el_class=\u00bbprogetto-voci\u00bb]UBICACI\u00d3N ROBOT CON RESPECTO AL MOSTRADOR[\/vc_column_text][\/vc_column_inner][vc_column_inner width=\u00bb1\/2&#8243;][vc_column_text el_class=\u00bbprogetto-voci-valori\u00bb]DETR\u00c1S DEL MOSTRADOR[\/vc_column_text][\/vc_column_inner][\/vc_row_inner][vc_separator color=\u00bbwhite\u00bb][vc_row_inner][vc_column_inner width=\u00bb1\/2&#8243;][vc_column_text el_class=\u00bbprogetto-voci\u00bb]ROTACI\u00d3N DE PRODUCTO[\/vc_column_text][\/vc_column_inner][vc_column_inner width=\u00bb1\/2&#8243;][vc_column_text el_class=\u00bbprogetto-voci-valori\u00bb]&lt; 500[\/vc_column_text][\/vc_column_inner][\/vc_row_inner][vc_separator color=\u00bbwhite\u00bb][vc_empty_space height=\u00bb100px\u00bb][\/vc_column][\/vc_row][vc_row full_width=\u00bbstretch_row_content_no_spaces\u00bb][vc_column el_class=\u00bbfull-width-no-padding\u00bb][vc_single_image image=\u00bb4644&#8243; img_size=\u00bbfull\u00bb alignment=\u00bbcenter\u00bb]<style type=\"text\/css\" data-type=\"the7_shortcodes-inline-css\">#default-btn-3c4d118ac1328cecbccb010cb973af3d.ico-right-side > i {\n  margin-right: 0px;\n  margin-left: 8px;\n}\n#default-btn-3c4d118ac1328cecbccb010cb973af3d > i {\n  margin-right: 8px;\n}\n<\/style><div class=\"btn-align-center\"><a href=\"\/es\/instalaciones\/\" class=\"default-btn-shortcode dt-btn dt-btn-l link-hover-off weight-300 full-width-btn \" id=\"default-btn-3c4d118ac1328cecbccb010cb973af3d\"><span>Vuelve al listado de instalaciones<\/span><\/a><\/div>[\/vc_column][\/vc_row]<\/p>\n<\/div>","protected":false},"excerpt":{"rendered":"<p>Imperia<\/p>\n","protected":false},"author":3,"featured_media":4649,"parent":0,"menu_order":0,"comment_status":"closed","ping_status":"closed","template":"","meta":{"inline_featured_image":false,"footnotes":""},"categories":[27],"tags":[],"class_list":["post-5125","page","type-page","status-publish","has-post-thumbnail","hentry","category-farmacia","description-off"],"_links":{"self":[{"href":"https:\/\/www.pharmathek.com\/es\/wp-json\/wp\/v2\/pages\/5125","targetHints":{"allow":["GET"]}}],"collection":[{"href":"https:\/\/www.pharmathek.com\/es\/wp-json\/wp\/v2\/pages"}],"about":[{"href":"https:\/\/www.pharmathek.com\/es\/wp-json\/wp\/v2\/types\/page"}],"author":[{"embeddable":true,"href":"https:\/\/www.pharmathek.com\/es\/wp-json\/wp\/v2\/users\/3"}],"replies":[{"embeddable":true,"href":"https:\/\/www.pharmathek.com\/es\/wp-json\/wp\/v2\/comments?post=5125"}],"version-history":[{"count":5,"href":"https:\/\/www.pharmathek.com\/es\/wp-json\/wp\/v2\/pages\/5125\/revisions"}],"predecessor-version":[{"id":11253,"href":"https:\/\/www.pharmathek.com\/es\/wp-json\/wp\/v2\/pages\/5125\/revisions\/11253"}],"wp:featuredmedia":[{"embeddable":true,"href":"https:\/\/www.pharmathek.com\/es\/wp-json\/wp\/v2\/media\/4649"}],"wp:attachment":[{"href":"https:\/\/www.pharmathek.com\/es\/wp-json\/wp\/v2\/media?parent=5125"}],"wp:term":[{"taxonomy":"category","embeddable":true,"href":"https:\/\/www.pharmathek.com\/es\/wp-json\/wp\/v2\/categories?post=5125"},{"taxonomy":"post_tag","embeddable":true,"href":"https:\/\/www.pharmathek.com\/es\/wp-json\/wp\/v2\/tags?post=5125"}],"curies":[{"name":"wp","href":"https:\/\/api.w.org\/{rel}","templated":true}]}}