{"id":54493,"date":"2023-02-03T09:30:34","date_gmt":"2023-02-03T08:30:34","guid":{"rendered":"https:\/\/www.pharmathek.com\/farmacia-comunale-titignano-2\/"},"modified":"2024-05-08T16:51:29","modified_gmt":"2024-05-08T14:51:29","slug":"farmacia-municipal-titignano-2","status":"publish","type":"page","link":"https:\/\/www.pharmathek.com\/es\/farmacia-municipal-titignano-2\/","title":{"rendered":"Farmacia Municipal Titignano n. 2"},"content":{"rendered":"<div class=\"wpb-content-wrapper\"><p>[vc_row full_width=\u00bbstretch_row_content\u00bb equal_height=\u00bbyes\u00bb content_placement=\u00bbmiddle\u00bb bg_type=\u00bbbg_color\u00bb bg_override=\u00bbfull\u00bb bg_color_value=\u00bb#eeeeef\u00bb][vc_column width=\u00bb1\/2&#8243; css=\u00bb.vc_custom_1523960820222{padding-right: 0px !important;padding-left: 0px !important;}\u00bb offset=\u00bbvc_hidden-md vc_hidden-sm vc_hidden-xs\u00bb][vc_single_image image=\u00bb30744&#8243; img_size=\u00bbfull\u00bb][\/vc_column][vc_column width=\u00bb1\/2&#8243; css=\u00bb.vc_custom_1523961149466{padding-right: 100px !important;padding-left: 100px !important;}\u00bb offset=\u00bbvc_hidden-md vc_hidden-sm vc_hidden-xs\u00bb][vc_empty_space]<div id=\"ultimate-heading-859569e05e0687ffd\" class=\"uvc-heading ult-adjust-bottom-margin ultimate-heading-859569e05e0687ffd uvc-4621 head-section-title uvc-heading-default-font-sizes\" data-hspacer=\"no_spacer\"  data-halign=\"center\" style=\"text-align:center\"><div class=\"uvc-heading-spacer no_spacer\" style=\"top\"><\/div><div class=\"uvc-main-heading ult-responsive\"  data-ultimate-target='.uvc-heading.ultimate-heading-859569e05e0687ffd p'  data-responsive-json-new='{\"font-size\":\"\",\"line-height\":\"\"}' ><p style=\"--font-weight:theme;\">FARMACIA MUNICIPAL TITIGNANO N.2<\/p><\/div><\/div>[vc_empty_space][vc_column_text css=\u00bb\u00bb el_class=\u00bbtext-justify\u00bb]La Farmacia Municipal Titignano n.2 ha confiado en Pharmathek para\u00a0<strong>automatizar y optimizar la gesti\u00f3n de su almac\u00e9n<\/strong>.<\/p>\n<p>Ahora un\u00a0<a href=\"https:\/\/www.pharmathek.com\/sintesi\/\">robot SINTESI<\/a>, rebautizado como Ugo, entrega los art\u00edculos directamente a los puestos de trabajo de los farmac\u00e9uticos, permiti\u00e9ndoles\u00a0<strong>dedicarse sin preocupaciones<\/strong>\u00a0a los usuarios presentes en la farmacia.<\/p>\n<p>Para\u00a0<strong>maximizar la eficiencia<\/strong>\u00a0y la ayuda que la automatizaci\u00f3n puede aportar al personal, el almac\u00e9n rob\u00f3tico se complet\u00f3 con un cargador autom\u00e1tico\u00a0<a href=\"https:\/\/www.pharmathek.com\/pharmaload\/\">Pharmaload<\/a>\u00a0y una pinza de almacenamiento a bordo\u00a0<a href=\"https:\/\/www.pharmathek.com\/euclid3d\/\">Euclid3D<\/a>.<\/p>\n<p>Despu\u00e9s de la instalaci\u00f3n de SINTESI, la farmacia encontr\u00f3 inmediatamente un mayor\u00a0<strong>control\u00a0<\/strong>sobre la gesti\u00f3n del almac\u00e9n y<strong>\u00a0un considerable ahorro de tiempo.<\/strong><\/p>\n<p>\u00bfUna de las ventajas m\u00e1s apreciadas por los farmac\u00e9uticos? La\u00a0<strong>correcta y puntual gesti\u00f3n de fechas de caducidad<\/strong>\u00a0que, gracias a la automatizaci\u00f3n, ahora se realiza sin errores y sin estr\u00e9s para el equipo.<\/p>\n<p>Lea la entrevista completa con el director de la farmacia para obtener m\u00e1s detalles.[\/vc_column_text][vc_empty_space][\/vc_column][\/vc_row][vc_row full_width=\u00bbstretch_row_content\u00bb equal_height=\u00bbyes\u00bb content_placement=\u00bbmiddle\u00bb bg_type=\u00bbbg_color\u00bb bg_override=\u00bbfull\u00bb bg_color_value=\u00bb#eeeeef\u00bb][vc_column css=\u00bb.vc_custom_1524126751494{padding-right: 0px !important;padding-left: 0px !important;}\u00bb offset=\u00bbvc_hidden-lg\u00bb el_class=\u00bbfull-width-no-padding\u00bb][vc_single_image image=\u00bb30744&#8243; img_size=\u00bbfull\u00bb][vc_empty_space]<div id=\"ultimate-heading-127769e05e06880b1\" class=\"uvc-heading ult-adjust-bottom-margin ultimate-heading-127769e05e06880b1 uvc-1316 head-section-title uvc-heading-default-font-sizes\" data-hspacer=\"no_spacer\"  data-halign=\"center\" style=\"text-align:center\"><div class=\"uvc-heading-spacer no_spacer\" style=\"top\"><\/div><div class=\"uvc-main-heading ult-responsive\"  data-ultimate-target='.uvc-heading.ultimate-heading-127769e05e06880b1 p'  data-responsive-json-new='{\"font-size\":\"\",\"line-height\":\"\"}' ><p style=\"--font-weight:theme;\">FARMACIA MUNICIPAL TITIGNANO N.2<\/p><\/div><\/div>[vc_empty_space][vc_column_text css=\u00bb.vc_custom_1715176079736{padding-right: 20px !important;padding-left: 20px !important;}\u00bb el_class=\u00bbtext-justify\u00bb]La Farmacia Municipal Titignano n.2 ha confiado en Pharmathek para\u00a0<strong>automatizar y optimizar la gesti\u00f3n de su almac\u00e9n<\/strong>.<\/p>\n<p>Ahora un\u00a0<a href=\"https:\/\/www.pharmathek.com\/sintesi\/\">robot SINTESI<\/a>, rebautizado como Ugo, entrega los art\u00edculos directamente a los puestos de trabajo de los farmac\u00e9uticos, permiti\u00e9ndoles\u00a0<strong>dedicarse sin preocupaciones<\/strong>\u00a0a los usuarios presentes en la farmacia.<\/p>\n<p>Para\u00a0<strong>maximizar la eficiencia<\/strong>\u00a0y la ayuda que la automatizaci\u00f3n puede aportar al personal, el almac\u00e9n rob\u00f3tico se complet\u00f3 con un cargador autom\u00e1tico\u00a0<a href=\"https:\/\/www.pharmathek.com\/pharmaload\/\">Pharmaload<\/a>\u00a0y una pinza de almacenamiento a bordo\u00a0<a href=\"https:\/\/www.pharmathek.com\/euclid3d\/\">Euclid3D<\/a>.<\/p>\n<p>Despu\u00e9s de la instalaci\u00f3n de SINTESI, la farmacia encontr\u00f3 inmediatamente un mayor\u00a0<strong>control\u00a0<\/strong>sobre la gesti\u00f3n del almac\u00e9n y<strong>\u00a0un considerable ahorro de tiempo.<\/strong><\/p>\n<p>\u00bfUna de las ventajas m\u00e1s apreciadas por los farmac\u00e9uticos? La\u00a0<strong>correcta y puntual gesti\u00f3n de fechas de caducidad<\/strong>\u00a0que, gracias a la automatizaci\u00f3n, ahora se realiza sin errores y sin estr\u00e9s para el equipo.<\/p>\n<p>Lea la entrevista completa con el director de la farmacia para obtener m\u00e1s detalles.[\/vc_column_text][vc_empty_space][\/vc_column][\/vc_row][vc_row][vc_column offset=\u00bbvc_hidden-md vc_hidden-sm vc_hidden-xs\u00bb][vc_empty_space height=\u00bb100px\u00bb][vc_single_image image=\u00bb30751&#8243; img_size=\u00bbfull\u00bb alignment=\u00bbcenter\u00bb][vc_empty_space]<div id=\"ultimate-heading-484869e05e0688136\" class=\"uvc-heading ult-adjust-bottom-margin ultimate-heading-484869e05e0688136 uvc-8411 head-section-title uvc-heading-default-font-sizes\" data-hspacer=\"no_spacer\"  data-halign=\"center\" style=\"text-align:center\"><div class=\"uvc-heading-spacer no_spacer\" style=\"top\"><\/div><div class=\"uvc-main-heading ult-responsive\"  data-ultimate-target='.uvc-heading.ultimate-heading-484869e05e0688136 p'  data-responsive-json-new='{\"font-size\":\"\",\"line-height\":\"\"}' ><p style=\"--font-weight:theme;\">LOS FARMAC\u00c9UTICOS TIENEN SU OPINI\u00d3N<\/p><\/div><\/div>[vc_empty_space][vc_column_text css=\u00bb\u00bb el_class=\u00bbtext-justify\u00bb]<strong>Dr. Simonelli, \u00bfpor qu\u00e9 decidi\u00f3 poner un robot en la farmacia?<\/strong><\/p>\n<p>Optimizar la gesti\u00f3n del almac\u00e9n y su gesti\u00f3n precisa de plazos y stocks. Al no tener un almac\u00e9n f\u00edsico, la instalaci\u00f3n de SINTESI nos permiti\u00f3 organizar mejor el almacenamiento de los productos.<\/p>\n<p>&nbsp;<\/p>\n<p><strong>Algunos farmac\u00e9uticos nos dicen que le han dado un nombre a su robot. \u00bfT\u00fa tambi\u00e9n lo has hecho?<\/strong><\/p>\n<p>Ciertamente, el nuestro se llama Ugo.<\/p>\n<p>&nbsp;<\/p>\n<p><strong>\u00bfC\u00f3mo ha cambiado el trabajo en la farmacia con la instalaci\u00f3n del robot?<\/strong><\/p>\n<p>La instalaci\u00f3n de SINTESI ha simplificado nuestro trabajo y nos ha permitido tener un mayor control y orden sobre la gesti\u00f3n del almac\u00e9n. Adem\u00e1s, gracias al control de plazos no hay m\u00e1s margen de error y es posible almacenar y administrar medicamentos recetados de forma eficaz y segura.<\/p>\n<p>&nbsp;<\/p>\n<p><strong>\u00bfEncuentras el robot SINTESI f\u00e1cil de usar?<\/strong><\/p>\n<p>S\u00ed, no encontramos dificultades para aprender a usarlo.<\/p>\n<p>&nbsp;<\/p>\n<p><strong>Seg\u00fan sus colaboradores, \u00bfcu\u00e1l es la funci\u00f3n m\u00e1s importante de SINTESI?<\/strong><\/p>\n<p>Hay una mayor seguridad (gracias sobre todo al control de las fechas de caducidad es muy poco probable que se produzcan errores) y un ahorro considerable de tiempo.<\/p>\n<p>&nbsp;<\/p>\n<p><strong>\u00bfQu\u00e9 opinas del autocargador Pharmaload?<\/strong><\/p>\n<p>Siempre hemos tenido cargadores autom\u00e1ticos y, honestamente, ni siquiera puedo imaginar c\u00f3mo lo har\u00edamos sin ellos.<\/p>\n<p>&nbsp;<\/p>\n<p><strong>Desde su experiencia, \u00bfrecomendar\u00eda Pharmathek a sus colegas?<\/strong><\/p>\n<p>Absolutamente s\u00ed. La automatizaci\u00f3n en las farmacias sin duda trae una serie de ventajas.[\/vc_column_text][vc_empty_space height=\u00bb100px\u00bb][\/vc_column][\/vc_row][vc_row][vc_column offset=\u00bbvc_hidden-lg\u00bb][vc_empty_space height=\u00bb50px\u00bb][vc_single_image image=\u00bb30751&#8243; img_size=\u00bbfull\u00bb alignment=\u00bbcenter\u00bb][vc_empty_space]<div id=\"ultimate-heading-465469e05e06881bd\" class=\"uvc-heading ult-adjust-bottom-margin ultimate-heading-465469e05e06881bd uvc-9979 head-section-title uvc-heading-default-font-sizes\" data-hspacer=\"no_spacer\"  data-halign=\"center\" style=\"text-align:center\"><div class=\"uvc-heading-spacer no_spacer\" style=\"top\"><\/div><div class=\"uvc-main-heading ult-responsive\"  data-ultimate-target='.uvc-heading.ultimate-heading-465469e05e06881bd p'  data-responsive-json-new='{\"font-size\":\"\",\"line-height\":\"\"}' ><p style=\"--font-weight:theme;\">LOS FARMAC\u00c9UTICOS TIENEN SU OPINI\u00d3N<\/p><\/div><\/div>[vc_empty_space][vc_column_text css=\u00bb\u00bb el_class=\u00bbtext-justify\u00bb]<strong>Dr. Simonelli, \u00bfpor qu\u00e9 decidi\u00f3 poner un robot en la farmacia?<\/strong><\/p>\n<p>Optimizar la gesti\u00f3n del almac\u00e9n y su gesti\u00f3n precisa de plazos y stocks. Al no tener un almac\u00e9n f\u00edsico, la instalaci\u00f3n de SINTESI nos permiti\u00f3 organizar mejor el almacenamiento de los productos.<\/p>\n<p>&nbsp;<\/p>\n<p><strong>Algunos farmac\u00e9uticos nos dicen que le han dado un nombre a su robot. \u00bfT\u00fa tambi\u00e9n lo has hecho?<\/strong><\/p>\n<p>Ciertamente, el nuestro se llama Ugo.<\/p>\n<p>&nbsp;<\/p>\n<p><strong>\u00bfC\u00f3mo ha cambiado el trabajo en la farmacia con la instalaci\u00f3n del robot?<\/strong><\/p>\n<p>La instalaci\u00f3n de SINTESI ha simplificado nuestro trabajo y nos ha permitido tener un mayor control y orden sobre la gesti\u00f3n del almac\u00e9n. Adem\u00e1s, gracias al control de plazos no hay m\u00e1s margen de error y es posible almacenar y administrar medicamentos recetados de forma eficaz y segura.<\/p>\n<p>&nbsp;<\/p>\n<p><strong>\u00bfEncuentras el robot SINTESI f\u00e1cil de usar?<\/strong><\/p>\n<p>S\u00ed, no encontramos dificultades para aprender a usarlo.<\/p>\n<p>&nbsp;<\/p>\n<p><strong>Seg\u00fan sus colaboradores, \u00bfcu\u00e1l es la funci\u00f3n m\u00e1s importante de SINTESI?<\/strong><\/p>\n<p>Hay una mayor seguridad (gracias sobre todo al control de las fechas de caducidad es muy poco probable que se produzcan errores) y un ahorro considerable de tiempo.<\/p>\n<p>&nbsp;<\/p>\n<p><strong>\u00bfQu\u00e9 opinas del autocargador Pharmaload?<\/strong><\/p>\n<p>Siempre hemos tenido cargadores autom\u00e1ticos y, honestamente, ni siquiera puedo imaginar c\u00f3mo lo har\u00edamos sin ellos.<\/p>\n<p>&nbsp;<\/p>\n<p><strong>Desde su experiencia, \u00bfrecomendar\u00eda Pharmathek a sus colegas?<\/strong><\/p>\n<p>Absolutamente s\u00ed. La automatizaci\u00f3n en las farmacias sin duda trae una serie de ventajas.[\/vc_column_text][vc_empty_space height=\u00bb50px\u00bb][\/vc_column][\/vc_row][vc_row full_width=\u00bbstretch_row\u00bb bg_type=\u00bbbg_color\u00bb bg_override=\u00bbfull\u00bb bg_color_value=\u00bb#eeeeef\u00bb][vc_column offset=\u00bbvc_hidden-md vc_hidden-sm vc_hidden-xs\u00bb][vc_empty_space height=\u00bb100px\u00bb]<div id=\"ultimate-heading-235569e05e068823b\" class=\"uvc-heading ult-adjust-bottom-margin ultimate-heading-235569e05e068823b uvc-4917 head-section-title uvc-heading-default-font-sizes\" data-hspacer=\"no_spacer\"  data-halign=\"center\" style=\"text-align:center\"><div class=\"uvc-heading-spacer no_spacer\" style=\"top\"><\/div><div class=\"uvc-main-heading ult-responsive\"  data-ultimate-target='.uvc-heading.ultimate-heading-235569e05e068823b h2'  data-responsive-json-new='{\"font-size\":\"\",\"line-height\":\"\"}' ><h2 style=\"--font-weight:theme;\">GALLERY<\/h2><\/div><\/div>[vc_empty_space height=\u00bb50px\u00bb][vc_masonry_media_grid element_width=\u00bb3&#8243; gap=\u00bb10&#8243; grid_id=\u00bbvc_gid:1715179687152-cab3b84e-7b68-9&#8243; include=\u00bb35684,35692,35699,35706&#8243;][vc_empty_space height=\u00bb100px\u00bb][\/vc_column][\/vc_row][vc_row full_width=\u00bbstretch_row\u00bb bg_type=\u00bbbg_color\u00bb bg_override=\u00bbfull\u00bb bg_color_value=\u00bb#eeeeef\u00bb][vc_column offset=\u00bbvc_hidden-lg\u00bb][vc_empty_space height=\u00bb50px\u00bb]<div id=\"ultimate-heading-167269e05e06882b3\" class=\"uvc-heading ult-adjust-bottom-margin ultimate-heading-167269e05e06882b3 uvc-4015 head-section-title uvc-heading-default-font-sizes\" data-hspacer=\"no_spacer\"  data-halign=\"center\" style=\"text-align:center\"><div class=\"uvc-heading-spacer no_spacer\" style=\"top\"><\/div><div class=\"uvc-main-heading ult-responsive\"  data-ultimate-target='.uvc-heading.ultimate-heading-167269e05e06882b3 h2'  data-responsive-json-new='{\"font-size\":\"\",\"line-height\":\"\"}' ><h2 style=\"--font-weight:theme;\">GALLERY<\/h2><\/div><\/div>[vc_empty_space height=\u00bb50px\u00bb][vc_masonry_media_grid element_width=\u00bb3&#8243; gap=\u00bb10&#8243; grid_id=\u00bbvc_gid:1715179687156-bc52061b-afe9-10&#8243; include=\u00bb35684,35692,35699,35706&#8243;][vc_empty_space height=\u00bb50px\u00bb][\/vc_column][\/vc_row][vc_row full_width=\u00bbstretch_row\u00bb bg_type=\u00bbimage\u00bb parallax_style=\u00bbvcpb-default\u00bb bg_image_new=\u00bbid^1166|url^http:\/\/www.pharmathek.com\/wp-content\/uploads\/2018\/03\/farmacia-specifiche-background.jpg|caption^null|alt^null|title^farmacia-specifiche-background|description^null\u00bb bg_image_repeat=\u00bbno-repeat\u00bb bg_override=\u00bbfull\u00bb][vc_column][vc_empty_space height=\u00bb100px\u00bb]<div id=\"ultimate-heading-268269e05e0688329\" class=\"uvc-heading ult-adjust-bottom-margin ultimate-heading-268269e05e0688329 uvc-7263 head-section-title text-white uvc-heading-default-font-sizes\" data-hspacer=\"no_spacer\"  data-halign=\"center\" style=\"text-align:center\"><div class=\"uvc-heading-spacer no_spacer\" style=\"top\"><\/div><div class=\"uvc-main-heading ult-responsive\"  data-ultimate-target='.uvc-heading.ultimate-heading-268269e05e0688329 h2'  data-responsive-json-new='{\"font-size\":\"\",\"line-height\":\"\"}' ><h2 style=\"--font-weight:theme;\">EL PROYECTO<\/h2><\/div><\/div>[vc_empty_space height=\u00bb50px\u00bb][vc_separator color=\u00bbwhite\u00bb][vc_separator color=\u00bbwhite\u00bb][vc_row_inner][vc_column_inner width=\u00bb1\/2&#8243;][vc_column_text css=\u00bb\u00bb el_class=\u00bbprogetto-voci\u00bb]PHARMATHEK SOLUTIONS PRESENTE[\/vc_column_text][\/vc_column_inner][vc_column_inner width=\u00bb1\/2&#8243;][vc_column_text el_class=\u00bbprogetto-voci-valori\u00bb]SINTESI + PHARMALOAD + EUCLID3D[\/vc_column_text][\/vc_column_inner][\/vc_row_inner][vc_separator color=\u00bbwhite\u00bb][vc_row_inner][vc_column_inner width=\u00bb1\/2&#8243;][vc_column_text css=\u00bb\u00bb el_class=\u00bbprogetto-voci\u00bb]DIMENSIONES DEL ROBOT[\/vc_column_text][\/vc_column_inner][vc_column_inner width=\u00bb1\/2&#8243;][vc_column_text el_class=\u00bbprogetto-voci-valori\u00bb]L 7.500 x H 2.800 mm[\/vc_column_text][\/vc_column_inner][\/vc_row_inner][vc_separator color=\u00bbwhite\u00bb][vc_row_inner][vc_column_inner width=\u00bb1\/2&#8243;][vc_column_text css=\u00bb\u00bb el_class=\u00bbprogetto-voci\u00bb]CAPACIDAD EN CAJAS[\/vc_column_text][\/vc_column_inner][vc_column_inner width=\u00bb1\/2&#8243;][vc_column_text el_class=\u00bbprogetto-voci-valori\u00bb]17.800[\/vc_column_text][\/vc_column_inner][\/vc_row_inner][vc_separator color=\u00bbwhite\u00bb][vc_row_inner][vc_column_inner width=\u00bb1\/2&#8243;][vc_column_text css=\u00bb\u00bb el_class=\u00bbprogetto-voci\u00bb]POSICI\u00d3N DEL ROBOT EN RELACI\u00d3N CON EL BANCO[\/vc_column_text][\/vc_column_inner][vc_column_inner width=\u00bb1\/2&#8243;][vc_column_text css=\u00bb\u00bb el_class=\u00bbprogetto-voci-valori\u00bb]<span class=\"ui-provider a b c d e f g h i j k l m n o p q r s t u v w x y z ab ac ae af ag ah ai aj ak\" dir=\"ltr\">DETR\u00c1S DEL MOSTRADOR<\/span>[\/vc_column_text][\/vc_column_inner][\/vc_row_inner][vc_separator color=\u00bbwhite\u00bb][vc_row_inner][vc_column_inner width=\u00bb1\/2&#8243;][vc_column_text css=\u00bb\u00bb el_class=\u00bbprogetto-voci\u00bb]PRODUCTOS MANIPULADOS[\/vc_column_text][\/vc_column_inner][vc_column_inner width=\u00bb1\/2&#8243;][vc_column_text css=\u00bb\u00bb el_class=\u00bbprogetto-voci-valori\u00bb]Entre 500 y 1.000[\/vc_column_text][\/vc_column_inner][\/vc_row_inner][vc_separator color=\u00bbwhite\u00bb][vc_empty_space height=\u00bb100px\u00bb][\/vc_column][\/vc_row][vc_row full_width=\u00bbstretch_row_content_no_spaces\u00bb][vc_column el_class=\u00bbfull-width-no-padding\u00bb][vc_single_image image=\u00bb36215&#8243; img_size=\u00bbfull\u00bb alignment=\u00bbcenter\u00bb]<style type=\"text\/css\" data-type=\"the7_shortcodes-inline-css\">#default-btn-5faae7e989bdcceeefc0a1c33d45665f.ico-right-side > i {\n  margin-right: 0px;\n  margin-left: 8px;\n}\n#default-btn-5faae7e989bdcceeefc0a1c33d45665f > i {\n  margin-right: 8px;\n}\n<\/style><div class=\"btn-align-center\"><a href=\"https:\/\/www.pharmathek.com\/es\/instalaciones\/\" class=\"default-btn-shortcode dt-btn dt-btn-l link-hover-off weight-300 full-width-btn \" id=\"default-btn-5faae7e989bdcceeefc0a1c33d45665f\"><span>Vuelve al listado de instalaciones<\/span><\/a><\/div>[\/vc_column][\/vc_row]<\/p>\n<\/div>","protected":false},"excerpt":{"rendered":"<p>Cascina (PI)<\/p>\n","protected":false},"author":3,"featured_media":30743,"parent":0,"menu_order":0,"comment_status":"closed","ping_status":"closed","template":"","meta":{"inline_featured_image":false,"footnotes":""},"categories":[27],"tags":[],"class_list":["post-54493","page","type-page","status-publish","has-post-thumbnail","hentry","category-farmacia","description-off"],"_links":{"self":[{"href":"https:\/\/www.pharmathek.com\/es\/wp-json\/wp\/v2\/pages\/54493","targetHints":{"allow":["GET"]}}],"collection":[{"href":"https:\/\/www.pharmathek.com\/es\/wp-json\/wp\/v2\/pages"}],"about":[{"href":"https:\/\/www.pharmathek.com\/es\/wp-json\/wp\/v2\/types\/page"}],"author":[{"embeddable":true,"href":"https:\/\/www.pharmathek.com\/es\/wp-json\/wp\/v2\/users\/3"}],"replies":[{"embeddable":true,"href":"https:\/\/www.pharmathek.com\/es\/wp-json\/wp\/v2\/comments?post=54493"}],"version-history":[{"count":4,"href":"https:\/\/www.pharmathek.com\/es\/wp-json\/wp\/v2\/pages\/54493\/revisions"}],"predecessor-version":[{"id":54504,"href":"https:\/\/www.pharmathek.com\/es\/wp-json\/wp\/v2\/pages\/54493\/revisions\/54504"}],"wp:featuredmedia":[{"embeddable":true,"href":"https:\/\/www.pharmathek.com\/es\/wp-json\/wp\/v2\/media\/30743"}],"wp:attachment":[{"href":"https:\/\/www.pharmathek.com\/es\/wp-json\/wp\/v2\/media?parent=54493"}],"wp:term":[{"taxonomy":"category","embeddable":true,"href":"https:\/\/www.pharmathek.com\/es\/wp-json\/wp\/v2\/categories?post=54493"},{"taxonomy":"post_tag","embeddable":true,"href":"https:\/\/www.pharmathek.com\/es\/wp-json\/wp\/v2\/tags?post=54493"}],"curies":[{"name":"wp","href":"https:\/\/api.w.org\/{rel}","templated":true}]}}