{"id":6029,"date":"2020-12-20T11:08:15","date_gmt":"2020-12-20T10:08:15","guid":{"rendered":"http:\/\/www.pharmathek.com\/farmacia-baradad\/"},"modified":"2021-01-04T11:17:18","modified_gmt":"2021-01-04T10:17:18","slug":"farmacia-baradad","status":"publish","type":"page","link":"https:\/\/www.pharmathek.com\/es\/farmacia-baradad\/","title":{"rendered":"Farmacia Baradad"},"content":{"rendered":"<div class=\"wpb-content-wrapper\"><p>[vc_row full_width=\u00bbstretch_row_content\u00bb equal_height=\u00bbyes\u00bb content_placement=\u00bbmiddle\u00bb bg_type=\u00bbbg_color\u00bb bg_override=\u00bbfull\u00bb bg_color_value=\u00bb#eeeeef\u00bb][vc_column width=\u00bb1\/2&#8243; css=\u00bb.vc_custom_1523960338488{padding-right: 0px !important;padding-left: 0px !important;}\u00bb offset=\u00bbvc_hidden-md vc_hidden-sm vc_hidden-xs\u00bb][vc_single_image image=\u00bb5963&#8243; img_size=\u00bbfull\u00bb][\/vc_column][vc_column width=\u00bb1\/2&#8243; css=\u00bb.vc_custom_1523960343032{padding-right: 100px !important;padding-left: 100px !important;}\u00bb offset=\u00bbvc_hidden-md vc_hidden-sm vc_hidden-xs\u00bb][vc_empty_space]<div id=\"ultimate-heading-299369f4dd5e26714\" class=\"uvc-heading ult-adjust-bottom-margin ultimate-heading-299369f4dd5e26714 uvc-2279 head-section-title uvc-heading-default-font-sizes\" data-hspacer=\"no_spacer\"  data-halign=\"center\" style=\"text-align:center\"><div class=\"uvc-heading-spacer no_spacer\" style=\"top\"><\/div><div class=\"uvc-main-heading ult-responsive\"  data-ultimate-target='.uvc-heading.ultimate-heading-299369f4dd5e26714 p'  data-responsive-json-new='{\"font-size\":\"\",\"line-height\":\"\"}' ><p style=\"--font-weight:theme;\">FARMACIA BARADAD<\/p><\/div><\/div>[vc_empty_space][vc_column_text el_class=\u00bbtext-justify\u00bb]<\/p>\n<p>La farmacia Baradad se ha equipado con un completo sistema de almac\u00e9n automatizado Pharmathek: el robot Sintesi se ha enriquecido con el manipulador mec\u00e1nico con almacenamiento temporal Euclid3D y con el cargador autom\u00e1tico de medicamentos Pharmaload.<\/p>\n<p>Dado que el robot se coloc\u00f3 detr\u00e1s de los mostradores de ventas, la pared lateral del almac\u00e9n autom\u00e1tico se enriqueci\u00f3 con estantes de exposici\u00f3n, y la propia superficie Pharmaload se puede utilizar como espacio de trabajo.<\/p>\n<p>[\/vc_column_text][vc_empty_space][\/vc_column][\/vc_row][vc_row full_width=\u00bbstretch_row_content\u00bb equal_height=\u00bbyes\u00bb content_placement=\u00bbmiddle\u00bb bg_type=\u00bbbg_color\u00bb bg_override=\u00bbfull\u00bb bg_color_value=\u00bb#eeeeef\u00bb][vc_column css=\u00bb.vc_custom_1524126670718{padding-right: 0px !important;padding-left: 0px !important;}\u00bb offset=\u00bbvc_hidden-lg\u00bb el_class=\u00bbfull-width-no-padding\u00bb][vc_single_image image=\u00bb5963&#8243; img_size=\u00bbfull\u00bb][vc_empty_space]<div id=\"ultimate-heading-144669f4dd5e267c0\" class=\"uvc-heading ult-adjust-bottom-margin ultimate-heading-144669f4dd5e267c0 uvc-6560 head-section-title uvc-heading-default-font-sizes\" data-hspacer=\"no_spacer\"  data-halign=\"center\" style=\"text-align:center\"><div class=\"uvc-heading-spacer no_spacer\" style=\"top\"><\/div><div class=\"uvc-main-heading ult-responsive\"  data-ultimate-target='.uvc-heading.ultimate-heading-144669f4dd5e267c0 p'  data-responsive-json-new='{\"font-size\":\"\",\"line-height\":\"\"}' ><p style=\"--font-weight:theme;\">LA FARMACIA<\/p><\/div><\/div>[vc_empty_space][vc_column_text el_class=\u00bbtext-justify\u00bb]<\/p>\n<p>La farmacia Baradad se ha equipado con un completo sistema de almac\u00e9n automatizado Pharmathek: el robot Sintesi se ha enriquecido con el manipulador mec\u00e1nico con almacenamiento temporal Euclid3D y con el cargador autom\u00e1tico de medicamentos Pharmaload.<\/p>\n<p>Dado que el robot se coloc\u00f3 detr\u00e1s de los mostradores de ventas, la pared lateral del almac\u00e9n autom\u00e1tico se enriqueci\u00f3 con estantes de exposici\u00f3n, y la propia superficie Pharmaload se puede utilizar como espacio de trabajo.<\/p>\n<p>[\/vc_column_text][vc_empty_space][\/vc_column][\/vc_row][vc_row][vc_column offset=\u00bbvc_hidden-md vc_hidden-sm vc_hidden-xs\u00bb][vc_empty_space height=\u00bb100px\u00bb][vc_single_image image=\u00bb5971&#8243; img_size=\u00bbfull\u00bb alignment=\u00bbcenter\u00bb][vc_empty_space]<div id=\"ultimate-heading-388169f4dd5e26840\" class=\"uvc-heading ult-adjust-bottom-margin ultimate-heading-388169f4dd5e26840 uvc-7766 head-section-title uvc-heading-default-font-sizes\" data-hspacer=\"no_spacer\"  data-halign=\"center\" style=\"text-align:center\"><div class=\"uvc-heading-spacer no_spacer\" style=\"top\"><\/div><div class=\"uvc-main-heading ult-responsive\"  data-ultimate-target='.uvc-heading.ultimate-heading-388169f4dd5e26840 p'  data-responsive-json-new='{\"font-size\":\"\",\"line-height\":\"\"}' ><p style=\"--font-weight:theme;\">LA PALABRA AL FARMAC\u00c9UTICO<\/p><\/div><\/div>[vc_empty_space][vc_column_text el_class=\u00bbtext-justify\u00bb]<\/p>\n<h4>\u00bfPor qu\u00e9 ha decidido automatizar su farmacia?<\/h4>\n<p>Porque iba a hacer reformas y aprovechamos para hacer un cambio integral y automatizar, ya que la inversi\u00f3n merecer\u00eda la pena. Actualmente estamos muy contentos con el cambio realizado.<\/p>\n<p>&nbsp;<\/p>\n<h4>\u00bfQu\u00e9 es lo que le ha convencido de Pharmathek?\u00a0<\/h4>\n<p>Lo que m\u00e1s me ha convencido de Pharmathek, ha sido el sistema Euclid3D.<\/p>\n<p>&nbsp;<\/p>\n<h4>\u00bfCu\u00e1les son las ventajas que m\u00e1s ha apreciado tras la instalaci\u00f3n de su robot Pharmathek?<\/h4>\n<p>La agilidad y rapidez para atender a los clientes, hemos mejorado su fidelizaci\u00f3n.<br \/>Gracias al cargador autom\u00e1tico se ha reducido mucho los tiempos de recepci\u00f3n y colocaci\u00f3n. Adem\u00e1s, ahora tenemos un mejor control de las fechas de caducidad y del stock.<\/p>\n<p>&nbsp;<\/p>\n<h4>\u00bfQu\u00e9 tal est\u00e1 siendo su experiencia con respecto al servicio t\u00e9cnico?<\/h4>\n<p>Todo muy bien. Estoy muy contento con la r\u00e1pida respuesta y eficiencia que dan los t\u00e9cnicos.<\/p>\n<p>[\/vc_column_text][vc_empty_space height=\u00bb100px\u00bb][\/vc_column][\/vc_row][vc_row][vc_column offset=\u00bbvc_hidden-lg\u00bb][vc_empty_space height=\u00bb50px\u00bb][vc_single_image image=\u00bb5971&#8243; img_size=\u00bbfull\u00bb alignment=\u00bbcenter\u00bb][vc_empty_space]<div id=\"ultimate-heading-527569f4dd5e268c0\" class=\"uvc-heading ult-adjust-bottom-margin ultimate-heading-527569f4dd5e268c0 uvc-7372 head-section-title uvc-heading-default-font-sizes\" data-hspacer=\"no_spacer\"  data-halign=\"center\" style=\"text-align:center\"><div class=\"uvc-heading-spacer no_spacer\" style=\"top\"><\/div><div class=\"uvc-main-heading ult-responsive\"  data-ultimate-target='.uvc-heading.ultimate-heading-527569f4dd5e268c0 p'  data-responsive-json-new='{\"font-size\":\"\",\"line-height\":\"\"}' ><p style=\"--font-weight:theme;\">LA PALABRA AL FARMAC\u00c9UTICO<\/p><\/div><\/div>[vc_empty_space][vc_column_text el_class=\u00bbtext-justify\u00bb]<\/p>\n<h4>\u00bfPor qu\u00e9 ha decidido automatizar su farmacia?<\/h4>\n<p>Porque iba a hacer reformas y aprovechamos para hacer un cambio integral y automatizar, ya que la inversi\u00f3n merecer\u00eda la pena. Actualmente estamos muy contentos con el cambio realizado.<\/p>\n<p>&nbsp;<\/p>\n<h4>\u00bfQu\u00e9 es lo que le ha convencido de Pharmathek?\u00a0<\/h4>\n<p>Lo que m\u00e1s me ha convencido de Pharmathek, ha sido el sistema Euclid3D.<\/p>\n<p>&nbsp;<\/p>\n<h4>\u00bfCu\u00e1les son las ventajas que m\u00e1s ha apreciado tras la instalaci\u00f3n de su robot Pharmathek?<\/h4>\n<p>La agilidad y rapidez para atender a los clientes, hemos mejorado su fidelizaci\u00f3n.<br \/>Gracias al cargador autom\u00e1tico se ha reducido mucho los tiempos de recepci\u00f3n y colocaci\u00f3n. Adem\u00e1s, ahora tenemos un mejor control de las fechas de caducidad y del stock.<\/p>\n<p>&nbsp;<\/p>\n<h4>\u00bfQu\u00e9 tal est\u00e1 siendo su experiencia con respecto al servicio t\u00e9cnico?<\/h4>\n<p>Todo muy bien. Estoy muy contento con la r\u00e1pida respuesta y eficiencia que dan los t\u00e9cnicos.<\/p>\n<p>[\/vc_column_text][vc_empty_space height=\u00bb50px\u00bb][\/vc_column][\/vc_row][vc_row full_width=\u00bbstretch_row\u00bb bg_type=\u00bbbg_color\u00bb bg_override=\u00bbfull\u00bb bg_color_value=\u00bb#eeeeef\u00bb][vc_column offset=\u00bbvc_hidden-md vc_hidden-sm vc_hidden-xs\u00bb][vc_empty_space height=\u00bb100px\u00bb]<div id=\"ultimate-heading-901669f4dd5e26938\" class=\"uvc-heading ult-adjust-bottom-margin ultimate-heading-901669f4dd5e26938 uvc-5310 head-section-title uvc-heading-default-font-sizes\" data-hspacer=\"no_spacer\"  data-halign=\"center\" style=\"text-align:center\"><div class=\"uvc-heading-spacer no_spacer\" style=\"top\"><\/div><div class=\"uvc-main-heading ult-responsive\"  data-ultimate-target='.uvc-heading.ultimate-heading-901669f4dd5e26938 h2'  data-responsive-json-new='{\"font-size\":\"\",\"line-height\":\"\"}' ><h2 style=\"--font-weight:theme;\">GALER\u00cdA<\/h2><\/div><\/div>[vc_empty_space height=\u00bb50px\u00bb][vc_masonry_media_grid element_width=\u00bb3&#8243; gap=\u00bb10&#8243; grid_id=\u00bbvc_gid:1609425962624-c5dc0242-aca2-0&#8243; include=\u00bb5959,5955,5951,5947&#8243;][vc_empty_space height=\u00bb100px\u00bb][\/vc_column][\/vc_row][vc_row full_width=\u00bbstretch_row\u00bb bg_type=\u00bbbg_color\u00bb bg_override=\u00bbfull\u00bb bg_color_value=\u00bb#eeeeef\u00bb][vc_column offset=\u00bbvc_hidden-lg\u00bb][vc_empty_space height=\u00bb50px\u00bb]<div id=\"ultimate-heading-825869f4dd5e269ae\" class=\"uvc-heading ult-adjust-bottom-margin ultimate-heading-825869f4dd5e269ae uvc-2989 head-section-title uvc-heading-default-font-sizes\" data-hspacer=\"no_spacer\"  data-halign=\"center\" style=\"text-align:center\"><div class=\"uvc-heading-spacer no_spacer\" style=\"top\"><\/div><div class=\"uvc-main-heading ult-responsive\"  data-ultimate-target='.uvc-heading.ultimate-heading-825869f4dd5e269ae h2'  data-responsive-json-new='{\"font-size\":\"\",\"line-height\":\"\"}' ><h2 style=\"--font-weight:theme;\">GALER\u00cdA<\/h2><\/div><\/div>[vc_empty_space height=\u00bb50px\u00bb][vc_masonry_media_grid element_width=\u00bb3&#8243; gap=\u00bb10&#8243; grid_id=\u00bbvc_gid:1609425962638-46175d7a-8a43-4&#8243; include=\u00bb5959,5955,5951,5947&#8243;][vc_empty_space height=\u00bb50px\u00bb][\/vc_column][\/vc_row][vc_row full_width=\u00bbstretch_row\u00bb bg_type=\u00bbimage\u00bb parallax_style=\u00bbvcpb-default\u00bb bg_image_new=\u00bbid^1166|url^http:\/\/www.pharmathek.com\/wp-content\/uploads\/2018\/03\/farmacia-specifiche-background.jpg|caption^null|alt^null|title^farmacia-specifiche-background|description^null\u00bb bg_image_repeat=\u00bbno-repeat\u00bb bg_override=\u00bbfull\u00bb][vc_column][vc_empty_space height=\u00bb100px\u00bb]<div id=\"ultimate-heading-36169f4dd5e26a21\" class=\"uvc-heading ult-adjust-bottom-margin ultimate-heading-36169f4dd5e26a21 uvc-7104 head-section-title text-white uvc-heading-default-font-sizes\" data-hspacer=\"no_spacer\"  data-halign=\"center\" style=\"text-align:center\"><div class=\"uvc-heading-spacer no_spacer\" style=\"top\"><\/div><div class=\"uvc-main-heading ult-responsive\"  data-ultimate-target='.uvc-heading.ultimate-heading-36169f4dd5e26a21 h2'  data-responsive-json-new='{\"font-size\":\"\",\"line-height\":\"\"}' ><h2 style=\"--font-weight:theme;\">EL PROYECTO<\/h2><\/div><\/div>[vc_empty_space height=\u00bb50px\u00bb][vc_separator color=\u00bbwhite\u00bb][vc_separator color=\u00bbwhite\u00bb][vc_row_inner][vc_column_inner width=\u00bb1\/2&#8243;][vc_column_text el_class=\u00bbprogetto-voci\u00bb]SOLUCIONES PHARMATHEK[\/vc_column_text][\/vc_column_inner][vc_column_inner width=\u00bb1\/2&#8243;][vc_column_text el_class=\u00bbprogetto-voci-valori\u00bb]SINTESI + PHARMALOAD + EUCLID3D[\/vc_column_text][\/vc_column_inner][\/vc_row_inner][vc_separator color=\u00bbwhite\u00bb][vc_row_inner][vc_column_inner width=\u00bb1\/2&#8243;][vc_column_text el_class=\u00bbprogetto-voci\u00bb]DIMENSIONES ROBOT[\/vc_column_text][\/vc_column_inner][vc_column_inner width=\u00bb1\/2&#8243;][vc_column_text el_class=\u00bbprogetto-voci-valori\u00bb]<span lang=\"ES\">L 4.500 x H 3.500<\/span>[\/vc_column_text][\/vc_column_inner][\/vc_row_inner][vc_separator color=\u00bbwhite\u00bb][vc_row_inner][vc_column_inner width=\u00bb1\/2&#8243;][vc_column_text el_class=\u00bbprogetto-voci\u00bb]CAPACIDAD EN CAJAS[\/vc_column_text][\/vc_column_inner][vc_column_inner width=\u00bb1\/2&#8243;][vc_column_text el_class=\u00bbprogetto-voci-valori\u00bb]<span lang=\"ES\">12.000<\/span>[\/vc_column_text][\/vc_column_inner][\/vc_row_inner][vc_separator color=\u00bbwhite\u00bb][vc_row_inner][vc_column_inner width=\u00bb1\/2&#8243;][vc_column_text el_class=\u00bbprogetto-voci\u00bb]UBICACI\u00d3N ROBOT CON RESPECTO AL MOSTRADOR[\/vc_column_text][\/vc_column_inner][vc_column_inner width=\u00bb1\/2&#8243;][vc_column_text el_class=\u00bbprogetto-voci-valori\u00bb]<\/p>\n<div><span lang=\"ES\">DETR\u00c1S DEL MOSTRADOR <\/span><\/div>\n<p>[\/vc_column_text][\/vc_column_inner][\/vc_row_inner][vc_separator color=\u00bbwhite\u00bb][vc_row_inner][vc_column_inner width=\u00bb1\/2&#8243;][vc_column_text el_class=\u00bbprogetto-voci\u00bb]ROTACI\u00d3N DE PRODUCTO[\/vc_column_text][\/vc_column_inner][vc_column_inner width=\u00bb1\/2&#8243;][vc_column_text el_class=\u00bbprogetto-voci-valori\u00bb]Entre 500 y 1.000[\/vc_column_text][\/vc_column_inner][\/vc_row_inner][vc_separator color=\u00bbwhite\u00bb][vc_empty_space height=\u00bb100px\u00bb][\/vc_column][\/vc_row][vc_row full_width=\u00bbstretch_row_content_no_spaces\u00bb][vc_column el_class=\u00bbfull-width-no-padding\u00bb][vc_single_image image=\u00bb5943&#8243; img_size=\u00bbfull\u00bb alignment=\u00bbcenter\u00bb]<style type=\"text\/css\" data-type=\"the7_shortcodes-inline-css\">#default-btn-bfb06edaae4339c271ab4d41eff02713.ico-right-side > i {\n  margin-right: 0px;\n  margin-left: 8px;\n}\n#default-btn-bfb06edaae4339c271ab4d41eff02713 > i {\n  margin-right: 8px;\n}\n<\/style><div class=\"btn-align-center\"><a href=\"http:\/\/www.pharmathek.com\/es\/instalaciones\/\" class=\"default-btn-shortcode dt-btn dt-btn-l link-hover-off weight-300 full-width-btn \" id=\"default-btn-bfb06edaae4339c271ab4d41eff02713\"><span>Vuelve al listado de instalaciones<\/span><\/a><\/div>[\/vc_column][\/vc_row]<\/p>\n<\/div>","protected":false},"excerpt":{"rendered":"<p>Sabadell (Barcelona) <\/p>\n","protected":false},"author":3,"featured_media":5938,"parent":0,"menu_order":0,"comment_status":"closed","ping_status":"closed","template":"","meta":{"inline_featured_image":false,"footnotes":""},"categories":[27],"tags":[],"class_list":["post-6029","page","type-page","status-publish","has-post-thumbnail","hentry","category-farmacia","description-off"],"_links":{"self":[{"href":"https:\/\/www.pharmathek.com\/es\/wp-json\/wp\/v2\/pages\/6029","targetHints":{"allow":["GET"]}}],"collection":[{"href":"https:\/\/www.pharmathek.com\/es\/wp-json\/wp\/v2\/pages"}],"about":[{"href":"https:\/\/www.pharmathek.com\/es\/wp-json\/wp\/v2\/types\/page"}],"author":[{"embeddable":true,"href":"https:\/\/www.pharmathek.com\/es\/wp-json\/wp\/v2\/users\/3"}],"replies":[{"embeddable":true,"href":"https:\/\/www.pharmathek.com\/es\/wp-json\/wp\/v2\/comments?post=6029"}],"version-history":[{"count":7,"href":"https:\/\/www.pharmathek.com\/es\/wp-json\/wp\/v2\/pages\/6029\/revisions"}],"predecessor-version":[{"id":11082,"href":"https:\/\/www.pharmathek.com\/es\/wp-json\/wp\/v2\/pages\/6029\/revisions\/11082"}],"wp:featuredmedia":[{"embeddable":true,"href":"https:\/\/www.pharmathek.com\/es\/wp-json\/wp\/v2\/media\/5938"}],"wp:attachment":[{"href":"https:\/\/www.pharmathek.com\/es\/wp-json\/wp\/v2\/media?parent=6029"}],"wp:term":[{"taxonomy":"category","embeddable":true,"href":"https:\/\/www.pharmathek.com\/es\/wp-json\/wp\/v2\/categories?post=6029"},{"taxonomy":"post_tag","embeddable":true,"href":"https:\/\/www.pharmathek.com\/es\/wp-json\/wp\/v2\/tags?post=6029"}],"curies":[{"name":"wp","href":"https:\/\/api.w.org\/{rel}","templated":true}]}}