{"id":6044,"date":"2020-12-20T11:52:11","date_gmt":"2020-12-20T10:52:11","guid":{"rendered":"http:\/\/www.pharmathek.com\/farmacia-cornellas\/"},"modified":"2021-01-04T11:18:35","modified_gmt":"2021-01-04T10:18:35","slug":"farmacia-cornellas","status":"publish","type":"page","link":"https:\/\/www.pharmathek.com\/es\/farmacia-cornellas\/","title":{"rendered":"Farmacia Cornellas"},"content":{"rendered":"<div class=\"wpb-content-wrapper\"><p>[vc_row full_width=\u00bbstretch_row_content\u00bb equal_height=\u00bbyes\u00bb content_placement=\u00bbmiddle\u00bb bg_type=\u00bbbg_color\u00bb bg_override=\u00bbfull\u00bb bg_color_value=\u00bb#eeeeef\u00bb][vc_column width=\u00bb1\/2&#8243; css=\u00bb.vc_custom_1523960338488{padding-right: 0px !important;padding-left: 0px !important;}\u00bb offset=\u00bbvc_hidden-md vc_hidden-sm vc_hidden-xs\u00bb][vc_single_image image=\u00bb5924&#8243; img_size=\u00bbfull\u00bb][\/vc_column][vc_column width=\u00bb1\/2&#8243; css=\u00bb.vc_custom_1523960343032{padding-right: 100px !important;padding-left: 100px !important;}\u00bb offset=\u00bbvc_hidden-md vc_hidden-sm vc_hidden-xs\u00bb][vc_empty_space]<div id=\"ultimate-heading-554269e05b651b87b\" class=\"uvc-heading ult-adjust-bottom-margin ultimate-heading-554269e05b651b87b uvc-4835 head-section-title uvc-heading-default-font-sizes\" data-hspacer=\"no_spacer\"  data-halign=\"center\" style=\"text-align:center\"><div class=\"uvc-heading-spacer no_spacer\" style=\"top\"><\/div><div class=\"uvc-main-heading ult-responsive\"  data-ultimate-target='.uvc-heading.ultimate-heading-554269e05b651b87b p'  data-responsive-json-new='{\"font-size\":\"\",\"line-height\":\"\"}' ><p style=\"--font-weight:theme;\">FARMACIA CORNELLAS<\/p><\/div><\/div>[vc_empty_space][vc_column_text el_class=\u00bbtext-justify\u00bb]<\/p>\n<p>Farmacia Cornellas se automatiz\u00f3 durante la renovaci\u00f3n total de la farmacia.<\/p>\n<p>Por lo tanto, el robot, colocado detr\u00e1s del mostrador, tambi\u00e9n act\u00faa como un divisor entre la parte delantera y trasera de la farmacia.<\/p>\n<p>En los laterales del robot, tanto el que da a la zona de ventas como el que da hacia atr\u00e1s, se han instalado estantes de cristal para disponer de superficies adicionales de trabajo y exposici\u00f3n.<\/p>\n<p>[\/vc_column_text][vc_empty_space][\/vc_column][\/vc_row][vc_row full_width=\u00bbstretch_row_content\u00bb equal_height=\u00bbyes\u00bb content_placement=\u00bbmiddle\u00bb bg_type=\u00bbbg_color\u00bb bg_override=\u00bbfull\u00bb bg_color_value=\u00bb#eeeeef\u00bb][vc_column css=\u00bb.vc_custom_1524126670718{padding-right: 0px !important;padding-left: 0px !important;}\u00bb offset=\u00bbvc_hidden-lg\u00bb el_class=\u00bbfull-width-no-padding\u00bb][vc_single_image image=\u00bb5924&#8243; img_size=\u00bbfull\u00bb][vc_empty_space]<div id=\"ultimate-heading-217369e05b651b92b\" class=\"uvc-heading ult-adjust-bottom-margin ultimate-heading-217369e05b651b92b uvc-6972 head-section-title uvc-heading-default-font-sizes\" data-hspacer=\"no_spacer\"  data-halign=\"center\" style=\"text-align:center\"><div class=\"uvc-heading-spacer no_spacer\" style=\"top\"><\/div><div class=\"uvc-main-heading ult-responsive\"  data-ultimate-target='.uvc-heading.ultimate-heading-217369e05b651b92b p'  data-responsive-json-new='{\"font-size\":\"\",\"line-height\":\"\"}' ><p style=\"--font-weight:theme;\">LA FARMACIA<\/p><\/div><\/div>[vc_empty_space][vc_column_text el_class=\u00bbtext-justify\u00bb]<\/p>\n<p>Farmacia Cornellas se automatiz\u00f3 durante la renovaci\u00f3n total de la farmacia.<\/p>\n<p>Por lo tanto, el robot, colocado detr\u00e1s del mostrador, tambi\u00e9n act\u00faa como un divisor entre la parte delantera y trasera de la farmacia.<\/p>\n<p>En los laterales del robot, tanto el que da a la zona de ventas como el que da hacia atr\u00e1s, se han instalado estantes de cristal para disponer de superficies adicionales de trabajo y exposici\u00f3n.<\/p>\n<p>[\/vc_column_text][vc_empty_space][\/vc_column][\/vc_row][vc_row][vc_column offset=\u00bbvc_hidden-md vc_hidden-sm vc_hidden-xs\u00bb][vc_empty_space height=\u00bb100px\u00bb][vc_single_image image=\u00bb5923&#8243; img_size=\u00bbfull\u00bb alignment=\u00bbcenter\u00bb][vc_empty_space]<div id=\"ultimate-heading-132569e05b651b9b4\" class=\"uvc-heading ult-adjust-bottom-margin ultimate-heading-132569e05b651b9b4 uvc-2528 head-section-title uvc-heading-default-font-sizes\" data-hspacer=\"no_spacer\"  data-halign=\"center\" style=\"text-align:center\"><div class=\"uvc-heading-spacer no_spacer\" style=\"top\"><\/div><div class=\"uvc-main-heading ult-responsive\"  data-ultimate-target='.uvc-heading.ultimate-heading-132569e05b651b9b4 p'  data-responsive-json-new='{\"font-size\":\"\",\"line-height\":\"\"}' ><p style=\"--font-weight:theme;\">LA PALABRA AL FARMAC\u00c9UTICO<\/p><\/div><\/div>[vc_empty_space][vc_column_text el_class=\u00bbtext-justify\u00bb]<\/p>\n<h4>\u00bfPor qu\u00e9 ha decidido automatizar su farmacia?<\/h4>\n<p>Hace tiempo que ten\u00edamos la ilusi\u00f3n de realizar un cambio radical en la farmacia para ponernos al d\u00eda. Nada mejor entonces fue decidir instalar un almac\u00e9n automatizado. Adem\u00e1s, tengo unos compa\u00f1eros que ya utilizan este tipo de soluci\u00f3n y est\u00e1n muy contentos.<\/p>\n<p>&nbsp;<\/p>\n<h4>\u00bfQu\u00e9 es lo que le ha convencido de Pharmathek?<\/h4>\n<p>Puedo decir que ha sido una elecci\u00f3n \u201crebote\u201d por haber confiado ya en Th.Kohl para la reforma de mobiliario. Ya est\u00e1bamos muy contento con ello y entonces, gracias al trato de su asesor, nos hemos convencido en confiar en Pharmathek para la robotizaci\u00f3n.<\/p>\n<p>&nbsp;<\/p>\n<h4>\u00bfCu\u00e1les son las ventajas que m\u00e1s ha apreciado tras la instalaci\u00f3n de su robot Pharmathek?<\/h4>\n<p>Desde que instalamos el robot, podemos dedicar m\u00e1s tiempo a la atenci\u00f3n de nuestros pacientes. Adem\u00e1s, si un d\u00eda falta una persona, ya no vamos tan apurados y podemos trabajar m\u00e1s desahogados y descansados. El robot es una gran ayuda tambi\u00e9n por la gesti\u00f3n del stock, ahora m\u00e1s controlado y preciso.<\/p>\n<p>&nbsp;<\/p>\n<h4>\u00bfQu\u00e9 opinan sus pacientes de la automatizaci\u00f3n de su farmacia?<\/h4>\n<p>He recibido cumplidos de mis pacientes por el cambio de la farmacia. Lo nuevo suele llamar la atenci\u00f3n de la gente y ahora pueden percibir el ambiente como m\u00e1s innovador sinti\u00e9ndose a la vez m\u00e1s c\u00f3modos.<\/p>\n<h4>\u00bfQu\u00e9 tal est\u00e1 siendo su experiencia con respecto al servicio t\u00e9cnico?<\/h4>\n<p>Estoy muy contento por la atenci\u00f3n que recibimos por el servicio t\u00e9cnico.<\/p>\n<p>[\/vc_column_text][vc_empty_space height=\u00bb100px\u00bb][\/vc_column][\/vc_row][vc_row][vc_column offset=\u00bbvc_hidden-lg\u00bb][vc_empty_space height=\u00bb50px\u00bb][vc_single_image image=\u00bb5923&#8243; img_size=\u00bbfull\u00bb alignment=\u00bbcenter\u00bb][vc_empty_space]<div id=\"ultimate-heading-330069e05b651ba44\" class=\"uvc-heading ult-adjust-bottom-margin ultimate-heading-330069e05b651ba44 uvc-1365 head-section-title uvc-heading-default-font-sizes\" data-hspacer=\"no_spacer\"  data-halign=\"center\" style=\"text-align:center\"><div class=\"uvc-heading-spacer no_spacer\" style=\"top\"><\/div><div class=\"uvc-main-heading ult-responsive\"  data-ultimate-target='.uvc-heading.ultimate-heading-330069e05b651ba44 p'  data-responsive-json-new='{\"font-size\":\"\",\"line-height\":\"\"}' ><p style=\"--font-weight:theme;\">LA PALABRA AL FARMAC\u00c9UTICO<\/p><\/div><\/div>[vc_empty_space][vc_column_text el_class=\u00bbtext-justify\u00bb]<\/p>\n<h4>\u00bfPor qu\u00e9 ha decidido automatizar su farmacia?<\/h4>\n<p>Hace tiempo que ten\u00edamos la ilusi\u00f3n de realizar un cambio radical en la farmacia para ponernos al d\u00eda. Nada mejor entonces fue decidir instalar un almac\u00e9n automatizado. Adem\u00e1s, tengo unos compa\u00f1eros que ya utilizan este tipo de soluci\u00f3n y est\u00e1n muy contentos.<\/p>\n<p>&nbsp;<\/p>\n<h4>\u00bfQu\u00e9 es lo que le ha convencido de Pharmathek?<\/h4>\n<p>Puedo decir que ha sido una elecci\u00f3n \u201crebote\u201d por haber confiado ya en Th.Kohl para la reforma de mobiliario. Ya est\u00e1bamos muy contento con ello y entonces, gracias al trato de su asesor, nos hemos convencido en confiar en Pharmathek para la robotizaci\u00f3n.<\/p>\n<p>&nbsp;<\/p>\n<h4>\u00bfCu\u00e1les son las ventajas que m\u00e1s ha apreciado tras la instalaci\u00f3n de su robot Pharmathek?<\/h4>\n<p>Desde que instalamos el robot, podemos dedicar m\u00e1s tiempo a la atenci\u00f3n de nuestros pacientes. Adem\u00e1s, si un d\u00eda falta una persona, ya no vamos tan apurados y podemos trabajar m\u00e1s desahogados y descansados. El robot es una gran ayuda tambi\u00e9n por la gesti\u00f3n del stock, ahora m\u00e1s controlado y preciso.<\/p>\n<p>&nbsp;<\/p>\n<h4>\u00bfQu\u00e9 opinan sus pacientes de la automatizaci\u00f3n de su farmacia?<\/h4>\n<p>He recibido cumplidos de mis pacientes por el cambio de la farmacia. Lo nuevo suele llamar la atenci\u00f3n de la gente y ahora pueden percibir el ambiente como m\u00e1s innovador sinti\u00e9ndose a la vez m\u00e1s c\u00f3modos.<\/p>\n<h4>\u00bfQu\u00e9 tal est\u00e1 siendo su experiencia con respecto al servicio t\u00e9cnico?<\/h4>\n<p>Estoy muy contento por la atenci\u00f3n que recibimos por el servicio t\u00e9cnico.<\/p>\n<p>[\/vc_column_text][vc_empty_space height=\u00bb50px\u00bb][\/vc_column][\/vc_row][vc_row full_width=\u00bbstretch_row\u00bb bg_type=\u00bbbg_color\u00bb bg_override=\u00bbfull\u00bb bg_color_value=\u00bb#eeeeef\u00bb][vc_column offset=\u00bbvc_hidden-md vc_hidden-sm vc_hidden-xs\u00bb][vc_empty_space height=\u00bb100px\u00bb]<div id=\"ultimate-heading-279169e05b651bace\" class=\"uvc-heading ult-adjust-bottom-margin ultimate-heading-279169e05b651bace uvc-6270 head-section-title uvc-heading-default-font-sizes\" data-hspacer=\"no_spacer\"  data-halign=\"center\" style=\"text-align:center\"><div class=\"uvc-heading-spacer no_spacer\" style=\"top\"><\/div><div class=\"uvc-main-heading ult-responsive\"  data-ultimate-target='.uvc-heading.ultimate-heading-279169e05b651bace h2'  data-responsive-json-new='{\"font-size\":\"\",\"line-height\":\"\"}' ><h2 style=\"--font-weight:theme;\">GALER\u00cdA<\/h2><\/div><\/div>[vc_empty_space height=\u00bb50px\u00bb][vc_masonry_media_grid element_width=\u00bb3&#8243; gap=\u00bb10&#8243; grid_id=\u00bbvc_gid:1609426437087-d025b61a-b514-1&#8243; include=\u00bb5900,5916,5904,5908&#8243;][vc_empty_space height=\u00bb100px\u00bb][\/vc_column][\/vc_row][vc_row full_width=\u00bbstretch_row\u00bb bg_type=\u00bbbg_color\u00bb bg_override=\u00bbfull\u00bb bg_color_value=\u00bb#eeeeef\u00bb][vc_column offset=\u00bbvc_hidden-lg\u00bb][vc_empty_space height=\u00bb50px\u00bb]<div id=\"ultimate-heading-103569e05b651bb47\" class=\"uvc-heading ult-adjust-bottom-margin ultimate-heading-103569e05b651bb47 uvc-2993 head-section-title uvc-heading-default-font-sizes\" data-hspacer=\"no_spacer\"  data-halign=\"center\" style=\"text-align:center\"><div class=\"uvc-heading-spacer no_spacer\" style=\"top\"><\/div><div class=\"uvc-main-heading ult-responsive\"  data-ultimate-target='.uvc-heading.ultimate-heading-103569e05b651bb47 h2'  data-responsive-json-new='{\"font-size\":\"\",\"line-height\":\"\"}' ><h2 style=\"--font-weight:theme;\">GALER\u00cdA<\/h2><\/div><\/div>[vc_empty_space height=\u00bb50px\u00bb][vc_masonry_media_grid element_width=\u00bb3&#8243; gap=\u00bb10&#8243; grid_id=\u00bbvc_gid:1609426437096-29559b5f-d05f-10&#8243; include=\u00bb5900,5904,5908,5916&#8243;][vc_empty_space height=\u00bb50px\u00bb][\/vc_column][\/vc_row][vc_row full_width=\u00bbstretch_row\u00bb bg_type=\u00bbimage\u00bb parallax_style=\u00bbvcpb-default\u00bb bg_image_new=\u00bbid^1166|url^http:\/\/www.pharmathek.com\/wp-content\/uploads\/2018\/03\/farmacia-specifiche-background.jpg|caption^null|alt^null|title^farmacia-specifiche-background|description^null\u00bb bg_image_repeat=\u00bbno-repeat\u00bb bg_override=\u00bbfull\u00bb][vc_column][vc_empty_space height=\u00bb100px\u00bb]<div id=\"ultimate-heading-1369e05b651bbac\" class=\"uvc-heading ult-adjust-bottom-margin ultimate-heading-1369e05b651bbac uvc-4668 head-section-title text-white uvc-heading-default-font-sizes\" data-hspacer=\"no_spacer\"  data-halign=\"center\" style=\"text-align:center\"><div class=\"uvc-heading-spacer no_spacer\" style=\"top\"><\/div><div class=\"uvc-main-heading ult-responsive\"  data-ultimate-target='.uvc-heading.ultimate-heading-1369e05b651bbac h2'  data-responsive-json-new='{\"font-size\":\"\",\"line-height\":\"\"}' ><h2 style=\"--font-weight:theme;\">EL PROYECTO<\/h2><\/div><\/div>[vc_empty_space height=\u00bb50px\u00bb][vc_separator color=\u00bbwhite\u00bb][vc_separator color=\u00bbwhite\u00bb][vc_row_inner][vc_column_inner width=\u00bb1\/2&#8243;][vc_column_text el_class=\u00bbprogetto-voci\u00bb]SOLUCIONES PHARMATHEK[\/vc_column_text][\/vc_column_inner][vc_column_inner width=\u00bb1\/2&#8243;][vc_column_text el_class=\u00bbprogetto-voci-valori\u00bb]SINTESI + PHARMALOAD + EUCLID3D[\/vc_column_text][\/vc_column_inner][\/vc_row_inner][vc_separator color=\u00bbwhite\u00bb][vc_row_inner][vc_column_inner width=\u00bb1\/2&#8243;][vc_column_text el_class=\u00bbprogetto-voci\u00bb]DIMENSIONES ROBOT[\/vc_column_text][\/vc_column_inner][vc_column_inner width=\u00bb1\/2&#8243;][vc_column_text el_class=\u00bbprogetto-voci-valori\u00bb]<span lang=\"ES\">L 4.500 x H 2.900 mm<\/span>[\/vc_column_text][\/vc_column_inner][\/vc_row_inner][vc_separator color=\u00bbwhite\u00bb][vc_row_inner][vc_column_inner width=\u00bb1\/2&#8243;][vc_column_text el_class=\u00bbprogetto-voci\u00bb]CAPACIDAD EN CAJAS[\/vc_column_text][\/vc_column_inner][vc_column_inner width=\u00bb1\/2&#8243;][vc_column_text el_class=\u00bbprogetto-voci-valori\u00bb]<span lang=\"ES\">10.800<\/span>[\/vc_column_text][\/vc_column_inner][\/vc_row_inner][vc_separator color=\u00bbwhite\u00bb][vc_row_inner][vc_column_inner width=\u00bb1\/2&#8243;][vc_column_text el_class=\u00bbprogetto-voci\u00bb]UBICACI\u00d3N ROBOT CON RESPECTO AL MOSTRADOR[\/vc_column_text][\/vc_column_inner][vc_column_inner width=\u00bb1\/2&#8243;][vc_column_text el_class=\u00bbprogetto-voci-valori\u00bb]<\/p>\n<p><span lang=\"ES\">DETR\u00c1S DEL MOSTRADOR<\/span><\/p>\n<p>[\/vc_column_text][\/vc_column_inner][\/vc_row_inner][vc_separator color=\u00bbwhite\u00bb][vc_row_inner][vc_column_inner width=\u00bb1\/2&#8243;][vc_column_text el_class=\u00bbprogetto-voci\u00bb]ROTACI\u00d3N DE PRODUCTO[\/vc_column_text][\/vc_column_inner][vc_column_inner width=\u00bb1\/2&#8243;][vc_column_text el_class=\u00bbprogetto-voci-valori\u00bb]Entre 500 y 1.000[\/vc_column_text][\/vc_column_inner][\/vc_row_inner][vc_separator color=\u00bbwhite\u00bb][vc_empty_space height=\u00bb100px\u00bb][\/vc_column][\/vc_row][vc_row full_width=\u00bbstretch_row_content_no_spaces\u00bb][vc_column el_class=\u00bbfull-width-no-padding\u00bb][vc_single_image image=\u00bb5896&#8243; img_size=\u00bbfull\u00bb alignment=\u00bbcenter\u00bb]<style type=\"text\/css\" data-type=\"the7_shortcodes-inline-css\">#default-btn-bfb06edaae4339c271ab4d41eff02713.ico-right-side > i {\n  margin-right: 0px;\n  margin-left: 8px;\n}\n#default-btn-bfb06edaae4339c271ab4d41eff02713 > i {\n  margin-right: 8px;\n}\n<\/style><div class=\"btn-align-center\"><a href=\"http:\/\/www.pharmathek.com\/es\/instalaciones\/\" class=\"default-btn-shortcode dt-btn dt-btn-l link-hover-off weight-300 full-width-btn \" id=\"default-btn-bfb06edaae4339c271ab4d41eff02713\"><span>Vuelve al listado de instalaciones<\/span><\/a><\/div>[\/vc_column][\/vc_row]<\/p>\n<\/div>","protected":false},"excerpt":{"rendered":"<p>Manlleu (Barcelona) <\/p>\n","protected":false},"author":3,"featured_media":5891,"parent":0,"menu_order":0,"comment_status":"closed","ping_status":"closed","template":"","meta":{"inline_featured_image":false,"footnotes":""},"categories":[27],"tags":[],"class_list":["post-6044","page","type-page","status-publish","has-post-thumbnail","hentry","category-farmacia","description-off"],"_links":{"self":[{"href":"https:\/\/www.pharmathek.com\/es\/wp-json\/wp\/v2\/pages\/6044","targetHints":{"allow":["GET"]}}],"collection":[{"href":"https:\/\/www.pharmathek.com\/es\/wp-json\/wp\/v2\/pages"}],"about":[{"href":"https:\/\/www.pharmathek.com\/es\/wp-json\/wp\/v2\/types\/page"}],"author":[{"embeddable":true,"href":"https:\/\/www.pharmathek.com\/es\/wp-json\/wp\/v2\/users\/3"}],"replies":[{"embeddable":true,"href":"https:\/\/www.pharmathek.com\/es\/wp-json\/wp\/v2\/comments?post=6044"}],"version-history":[{"count":8,"href":"https:\/\/www.pharmathek.com\/es\/wp-json\/wp\/v2\/pages\/6044\/revisions"}],"predecessor-version":[{"id":11086,"href":"https:\/\/www.pharmathek.com\/es\/wp-json\/wp\/v2\/pages\/6044\/revisions\/11086"}],"wp:featuredmedia":[{"embeddable":true,"href":"https:\/\/www.pharmathek.com\/es\/wp-json\/wp\/v2\/media\/5891"}],"wp:attachment":[{"href":"https:\/\/www.pharmathek.com\/es\/wp-json\/wp\/v2\/media?parent=6044"}],"wp:term":[{"taxonomy":"category","embeddable":true,"href":"https:\/\/www.pharmathek.com\/es\/wp-json\/wp\/v2\/categories?post=6044"},{"taxonomy":"post_tag","embeddable":true,"href":"https:\/\/www.pharmathek.com\/es\/wp-json\/wp\/v2\/tags?post=6044"}],"curies":[{"name":"wp","href":"https:\/\/api.w.org\/{rel}","templated":true}]}}