{"id":102676,"date":"2025-10-06T09:12:20","date_gmt":"2025-10-06T07:12:20","guid":{"rendered":"https:\/\/www.pharmathek.com\/guida-robot-sintesi-xl\/"},"modified":"2025-10-10T15:00:36","modified_gmt":"2025-10-10T13:00:36","slug":"livre-blanc-robot-sintesi-xl","status":"publish","type":"page","link":"https:\/\/www.pharmathek.com\/fr\/livre-blanc-robot-sintesi-xl\/","title":{"rendered":"Landing Page &#8211; Guida Robot SINTESI XL FR"},"content":{"rendered":"<div class=\"wpb-content-wrapper\"><p>[vc_row bg_type=\u00a0\u00bbvideo\u00a0\u00bb video_url=\u00a0\u00bbhttps:\/\/www.pharmathek.com\/wp-content\/uploads\/2025\/01\/Automazione-Pharmathek-arancione.mp4&Prime; video_opts=\u00a0\u00bbloop,muted\u00a0\u00bb video_poster=\u00a0\u00bbid^67940|url^https:\/\/www.pharmathek.com\/wp-content\/uploads\/2025\/01\/header-interno-robot-farmacia-pharmathek-scaled.jpg|caption^null|alt^null|title^header-interno-robot-farmacia-pharmathek|description^null\u00a0\u00bb viewport_vdo=\u00a0\u00bbviewport_play\u00a0\u00bb bg_override=\u00a0\u00bbfull\u00a0\u00bb css=\u00a0\u00bb.vc_custom_1737033220921{padding-top: 50px !important;padding-right: 10px !important;padding-bottom: 50px !important;padding-left: 10px !important;}\u00a0\u00bb][vc_column width=\u00a0\u00bb3\/5&Prime; css=\u00a0\u00bb.vc_custom_1753689243897{padding-right: 40px !important;padding-left: 40px !important;background-color: rgba(255,107,0,0.35) !important;*background-color: rgb(255,107,0) !important;}\u00a0\u00bb][vc_empty_space height=\u00a0\u00bb40px\u00a0\u00bb][vc_single_image image=\u00a0\u00bb81450&Prime; img_size=\u00a0\u00bbmedium\u00a0\u00bb css=\u00a0\u00bb\u00a0\u00bb][vc_empty_space height=\u00a0\u00bb60px\u00a0\u00bb][vc_column_text css=\u00a0\u00bb\u00a0\u00bb]<\/p>\n<h4>JE T\u00c9L\u00c9CHARGE LE LIVRE BLANC GRATUIT :<\/h4>\n<p>[\/vc_column_text][vc_empty_space height=\u00a0\u00bb15px\u00a0\u00bb][vc_column_text css=\u00a0\u00bb\u00a0\u00bb]<\/p>\n<h1><span style=\"color: #ffffff;\">SINTESI XL, LE ROBOT QUE VOUS ATTENDIEZ !<\/span><\/h1>\n<p>[\/vc_column_text][vc_empty_space][vc_column_text css=\u00a0\u00bb\u00a0\u00bb]<strong><span style=\"color: #ffffff; font-size: 18px;\">Pharmathek pr\u00e9sente SINTESI XL, le nouveau robot con\u00e7u pour vous aider \u00e0 g\u00e9rer davantage de produits sans sacrifier l\u2019espace, r\u00e9duire les t\u00e2ches manuelles et garder tout sous contr\u00f4le.<\/span><\/strong><br \/>\n[\/vc_column_text][vc_empty_space][vc_column_text css=\u00a0\u00bb\u00a0\u00bb]En t\u00e9l\u00e9chargeant le livre blanc, vous d\u00e9couvrirez :<\/p>\n<ul>\n<li>Comment SINTESI XL optimise l\u2019espace et <strong>g\u00e8re de grands volumes de produits<\/strong>.<\/li>\n<li>Les solutions technologiques qui <strong>r\u00e9duisent les erreurs<\/strong> et simplifient le travail quotidien.<\/li>\n<li>Comment SINTESI XL <strong>s\u2019adapte \u00e0 la taille<\/strong> et aux besoins de votre pharmacie.<\/li>\n<li>Pourquoi l\u2019automatisation ne fait pas perdre de temps, mais <strong>vous en fait gagner<\/strong>.<\/li>\n<\/ul>\n<p>[\/vc_column_text][vc_empty_space height=\u00a0\u00bb42px\u00a0\u00bb][\/vc_column][vc_column width=\u00a0\u00bb2\/5&Prime; css=\u00a0\u00bb.vc_custom_1759743430810{margin-top: 40px !important;padding-right: 50px !important;padding-left: 50px !important;background-color: #ffffff !important;border-radius: 15px !important;}\u00a0\u00bb][vc_column_text css=\u00a0\u00bb\u00a0\u00bb]<a name=\"contact\"><\/a>[\/vc_column_text][vc_empty_space height=\u00a0\u00bb52px\u00a0\u00bb][vc_column_text css=\u00a0\u00bb\u00a0\u00bb]<\/p>\n<h4 style=\"text-align: center;\"><span style=\"color: #ff6b00;\">Remplissez le formulaire et pour recevoir le livre blanc directement par email !<\/span><\/h4>\n<p>[\/vc_column_text][vc_empty_space]\n<div class=\"wpcf7 no-js\" id=\"wpcf7-f102685-o1\" lang=\"\" dir=\"ltr\" data-wpcf7-id=\"102685\">\n<div class=\"screen-reader-response\"><p role=\"status\" aria-live=\"polite\" aria-atomic=\"true\"><\/p> <ul><\/ul><\/div>\n<form action=\"\/fr\/wp-json\/wp\/v2\/pages\/102676#wpcf7-f102685-o1\" method=\"post\" class=\"wpcf7-form init\" aria-label=\"Formulaire de contact\" novalidate=\"novalidate\" data-status=\"init\">\n<fieldset class=\"hidden-fields-container\"><input type=\"hidden\" name=\"_wpcf7\" value=\"102685\" \/><input type=\"hidden\" name=\"_wpcf7_version\" value=\"6.1.5\" \/><input type=\"hidden\" name=\"_wpcf7_locale\" value=\"\" \/><input type=\"hidden\" name=\"_wpcf7_unit_tag\" value=\"wpcf7-f102685-o1\" \/><input type=\"hidden\" name=\"_wpcf7_container_post\" value=\"0\" \/><input type=\"hidden\" name=\"_wpcf7_posted_data_hash\" value=\"\" \/><input type=\"hidden\" name=\"_wpcf7_recaptcha_response\" value=\"\" \/>\n<\/fieldset>\n<div class=\"content-column one_half first\">\n\t<p><label><span class=\"wpcf7-form-control-wrap\" data-name=\"nome\"><input size=\"40\" maxlength=\"400\" class=\"wpcf7-form-control wpcf7-text wpcf7-validates-as-required\" aria-required=\"true\" aria-invalid=\"false\" placeholder=\"Nom et pr\u00e9nom *\" value=\"\" type=\"text\" name=\"nome\" \/><\/span><\/label>\n\t<\/p>\n<\/div>\n<div class=\"content-column one_half second\">\n\t<p><label><span class=\"wpcf7-form-control-wrap\" data-name=\"azienda\"><input size=\"40\" maxlength=\"400\" class=\"wpcf7-form-control wpcf7-text wpcf7-validates-as-required\" aria-required=\"true\" aria-invalid=\"false\" placeholder=\"Nom Entreprise\/Pharmacie *\" value=\"\" type=\"text\" name=\"azienda\" \/><\/span><\/label>\n\t<\/p>\n<\/div>\n<div class=\"content-column one_half first\">\n\t<p><label><span class=\"wpcf7-form-control-wrap\" data-name=\"indirizzo\"><input size=\"40\" maxlength=\"400\" class=\"wpcf7-form-control wpcf7-text wpcf7-validates-as-required\" aria-required=\"true\" aria-invalid=\"false\" placeholder=\"Adresse *\" value=\"\" type=\"text\" name=\"indirizzo\" \/><\/span><\/label>\n\t<\/p>\n<\/div>\n<div class=\"content-column one_half second\">\n\t<p><label><span class=\"wpcf7-form-control-wrap\" data-name=\"citta\"><input size=\"40\" maxlength=\"400\" class=\"wpcf7-form-control wpcf7-text wpcf7-validates-as-required\" aria-required=\"true\" aria-invalid=\"false\" placeholder=\"Ville *\" value=\"\" type=\"text\" name=\"citta\" \/><\/span><\/label>\n\t<\/p>\n<\/div>\n<div class=\"content-column one_half first\">\n\t<p><label><span class=\"wpcf7-form-control-wrap\" data-name=\"email\"><input size=\"40\" maxlength=\"400\" class=\"wpcf7-form-control wpcf7-email wpcf7-validates-as-required wpcf7-text wpcf7-validates-as-email\" aria-required=\"true\" aria-invalid=\"false\" placeholder=\"E-mail *\" value=\"\" type=\"email\" name=\"email\" \/><\/span><\/label>\n\t<\/p>\n<\/div>\n<div class=\"content-column one_half second\">\n\t<p><label><span class=\"wpcf7-form-control-wrap\" data-name=\"telefono\"><input size=\"40\" maxlength=\"400\" class=\"wpcf7-form-control wpcf7-tel wpcf7-text wpcf7-validates-as-tel\" aria-invalid=\"false\" placeholder=\"T\u00e9l\u00e9phone\" value=\"\" type=\"tel\" name=\"telefono\" \/><\/span><\/label>\n\t<\/p>\n<\/div>\n<div class=\"form-group group1\">\n\t<div class=\"col-sm-12\">\n\t\t<p><span class=\"wpcf7-form-control-wrap\" data-name=\"acceptance-57\"><span class=\"wpcf7-form-control wpcf7-acceptance\"><span class=\"wpcf7-list-item\"><input type=\"checkbox\" name=\"acceptance-57\" value=\"1\" aria-invalid=\"false\" \/><\/span><\/span><\/span>&nbsp;&nbsp;<span style=\"font-size:11px\">Je d\u00e9clare \u00eatre majeur.e et consentir au traitement de mes donn\u00e9es, comme indiqu\u00e9 sur la <a href='\/fr\/privacy-policy\/' target='_blank' style=\"color:#ff6b00\" >politique de Confidentialit\u00e9<\/a>.<\/span>\n\t\t<\/p>\n\t<\/div>\n\t<div class=\"col-sm-12\">\n\t\t<p><span class=\"wpcf7-form-control-wrap\" data-name=\"acceptance-58\"><span class=\"wpcf7-form-control wpcf7-acceptance optional\"><span class=\"wpcf7-list-item\"><input type=\"checkbox\" name=\"acceptance-58\" value=\"1\" aria-invalid=\"false\" \/><\/span><\/span><\/span>&nbsp;&nbsp;<span style=\"font-size:11px\">J\u2019autorise le traitement de mes donn\u00e9es personnelles \u00e0 des fins de marketing direct.<\/span>\n\t\t<\/p>\n\t<\/div>\n\t<div class=\"col-sm-12\" style=\"text-align:right;\">\n\t\t<p><input class=\"wpcf7-form-control wpcf7-submit has-spinner my_btn\" id=\"submit-lp-scarica-guida\" type=\"submit\" value=\"JE T\u00c9L\u00c9CHARGE\" \/>\n\t\t<\/p>\n\t<\/div>\n<\/div><input type='hidden' class='wpcf7-pum' value='{\"closepopup\":false,\"closedelay\":0,\"openpopup\":false,\"openpopup_id\":0}' \/><div class=\"wpcf7-response-output\" aria-hidden=\"true\"><\/div>\n<\/form>\n<\/div>\n[vc_empty_space][\/vc_column][\/vc_row][vc_row bg_type=\u00a0\u00bbbg_color\u00a0\u00bb bg_override=\u00a0\u00bbfull\u00a0\u00bb bg_color_value=\u00a0\u00bb#725ad8&Prime;][vc_column][vc_empty_space height=\u00a0\u00bb20px\u00a0\u00bb][vc_column_text css=\u00a0\u00bb.vc_custom_1760091344060{background-position: center !important;background-repeat: no-repeat !important;background-size: contain !important;}\u00a0\u00bb el_class=\u00a0\u00bbhead-section-title-landing\u00a0\u00bb]<\/p>\n<p style=\"text-align: center;\"><span style=\"color: #ffffff;\"><strong>Pourquoi t\u00e9l\u00e9charger le guide<\/strong><\/span><\/p>\n<p>[\/vc_column_text][vc_empty_space height=\u00a0\u00bb20px\u00a0\u00bb][\/vc_column][\/vc_row][vc_row bg_type=\u00a0\u00bbbg_color\u00a0\u00bb bg_override=\u00a0\u00bbfull\u00a0\u00bb][vc_column][vc_empty_space height=\u00a0\u00bb15px\u00a0\u00bb][vc_single_image image=\u00a0\u00bb102713&Prime; img_size=\u00a0\u00bblarge\u00a0\u00bb alignment=\u00a0\u00bbcenter\u00a0\u00bb css=\u00a0\u00bb\u00a0\u00bb][vc_empty_space height=\u00a0\u00bb15px\u00a0\u00bb][vc_column_text css=\u00a0\u00bb\u00a0\u00bb]<\/p>\n<p style=\"text-align: center;\">Robotiser votre pharmacie aujourd\u2019hui, c\u2019est <strong data-start=\"1691\" data-end=\"1743\">travailler plus efficacement, en toute s\u00e9curit\u00e9 et en toute s\u00e9r\u00e9nit\u00e9<\/strong>. Ce guide vous expliquera :<\/p>\n<p>[\/vc_column_text][vc_empty_space height=\u00a0\u00bb15px\u00a0\u00bb][\/vc_column][\/vc_row][vc_row css=\u00a0\u00bb.vc_custom_1522420176594{background-color: #ffffff !important;}\u00a0\u00bb][vc_column width=\u00a0\u00bb1\/3&Prime;][vc_empty_space height=\u00a0\u00bb15px\u00a0\u00bb][vc_column_text css=\u00a0\u00bb.vc_custom_1760091608440{padding-top: 20px !important;padding-right: 20px !important;padding-bottom: 20px !important;padding-left: 20px !important;}\u00a0\u00bb]<\/p>\n<h4 style=\"text-align: center;\"><span style=\"color: #ff6b00;\">Quand et pourquoi opter pour un robot, et en particulier pour SINTESI XL.<\/span><\/h4>\n<p>[\/vc_column_text][vc_empty_space height=\u00a0\u00bb15px\u00a0\u00bb][\/vc_column][vc_column width=\u00a0\u00bb1\/3&Prime;][vc_empty_space height=\u00a0\u00bb15px\u00a0\u00bb][vc_column_text css=\u00a0\u00bb.vc_custom_1760091646227{padding-top: 20px !important;padding-right: 20px !important;padding-bottom: 20px !important;padding-left: 20px !important;}\u00a0\u00bb]<\/p>\n<h4 style=\"text-align: center;\"><span style=\"color: #ff6b00;\">Comment Pharmathek guide les pharmaciens \u00e0 chaque \u00e9tape, du conseil \u00e0 l\u2019assistance.<\/span><\/h4>\n<p>[\/vc_column_text][vc_empty_space height=\u00a0\u00bb15px\u00a0\u00bb][\/vc_column][vc_column width=\u00a0\u00bb1\/3&Prime;][vc_empty_space height=\u00a0\u00bb15px\u00a0\u00bb][vc_column_text css=\u00a0\u00bb.vc_custom_1760091694469{padding-top: 20px !important;padding-right: 20px !important;padding-bottom: 20px !important;padding-left: 20px !important;}\u00a0\u00bb]<\/p>\n<h4 style=\"text-align: center;\"><span style=\"color: #ff6b00;\"><strong>Les b\u00e9n\u00e9fices concrets de la robotisation pour votre \u00e9quipe, au quotidien.<\/strong><\/span><\/h4>\n<p>[\/vc_column_text][vc_empty_space height=\u00a0\u00bb15px\u00a0\u00bb][\/vc_column][\/vc_row][vc_row bg_type=\u00a0\u00bbbg_color\u00a0\u00bb bg_override=\u00a0\u00bbfull\u00a0\u00bb][vc_column][vc_empty_space height=\u00a0\u00bb30px\u00a0\u00bb]<div class=\" ubtn-ctn-center \"><a class=\"ubtn-link ult-adjust-bottom-margin ubtn-center ubtn-normal \" href=\"#contact\" ><button type=\"button\" id=\"ubtn-9613\" onclick=\"scroll-behavior: smooth;\" class=\"ubtn ult-adjust-bottom-margin ult-responsive ubtn-normal ubtn-fade-bg  none  ubtn-center   tooltip-69f09fe75252f\"  data-hover=\"#ffffff\" data-border-color=\"\" data-bg=\"#725ad8\" data-hover-bg=\"#ff6b00\" data-border-hover=\"\" data-shadow-hover=\"\" data-shadow-click=\"none\" data-shadow=\"\" data-shd-shadow=\"\"  data-ultimate-target='#ubtn-9613'  data-responsive-json-new='{\"font-size\":\"desktop:18px;\",\"line-height\":\"\"}'  style=\"font-weight:bold;border:none;background: #725ad8;color: #ffffff;\"><span class=\"ubtn-hover\" style=\"background-color:#ff6b00\"><\/span><span class=\"ubtn-data ubtn-text \" >JE T\u00c9L\u00c9CHARGE LE LIVRE BLANC<\/span><\/button><\/a><\/div>[vc_empty_space height=\u00a0\u00bb50px\u00a0\u00bb][\/vc_column][\/vc_row][vc_row full_width=\u00a0\u00bbstretch_row\u00a0\u00bb bg_type=\u00a0\u00bbbg_color\u00a0\u00bb bg_override=\u00a0\u00bbfull\u00a0\u00bb bg_color_value=\u00a0\u00bb#ff6b00&Prime;][vc_column][vc_empty_space height=\u00a0\u00bb40px\u00a0\u00bb][vc_single_image image=\u00a0\u00bb12341&Prime; alignment=\u00a0\u00bbcenter\u00a0\u00bb css=\u00a0\u00bb\u00a0\u00bb][vc_empty_space height=\u00a0\u00bb30px\u00a0\u00bb][\/vc_column][\/vc_row]<\/p>\n<\/div>","protected":false},"excerpt":{"rendered":"<p>[vc_row bg_type=\u00a0\u00bbvideo\u00a0\u00bb video_url=\u00a0\u00bbhttps:\/\/www.pharmathek.com\/wp-content\/uploads\/2025\/01\/Automazione-Pharmathek-arancione.mp4&Prime; video_opts=\u00a0\u00bbloop,muted\u00a0\u00bb video_poster=\u00a0\u00bbid^67940|url^https:\/\/www.pharmathek.com\/wp-content\/uploads\/2025\/01\/header-interno-robot-farmacia-pharmathek-scaled.jpg|caption^null|alt^null|title^header-interno-robot-farmacia-pharmathek|description^null\u00a0\u00bb viewport_vdo=\u00a0\u00bbviewport_play\u00a0\u00bb bg_override=\u00a0\u00bbfull\u00a0\u00bb css=\u00a0\u00bb.vc_custom_1737033220921{padding-top: 50px !important;padding-right: 10px !important;padding-bottom: 50px !important;padding-left: 10px !important;}\u00a0\u00bb][vc_column width=\u00a0\u00bb3\/5&Prime; css=\u00a0\u00bb.vc_custom_1753689243897{padding-right: 40px !important;padding-left: 40px !important;background-color: rgba(255,107,0,0.35) !important;*background-color: rgb(255,107,0)&hellip;<\/p>\n","protected":false},"author":3,"featured_media":101164,"parent":0,"menu_order":0,"comment_status":"closed","ping_status":"closed","template":"template-microsite.php","meta":{"inline_featured_image":false,"footnotes":""},"categories":[],"tags":[],"class_list":["post-102676","page","type-page","status-publish","has-post-thumbnail","hentry","description-off"],"_links":{"self":[{"href":"https:\/\/www.pharmathek.com\/fr\/wp-json\/wp\/v2\/pages\/102676","targetHints":{"allow":["GET"]}}],"collection":[{"href":"https:\/\/www.pharmathek.com\/fr\/wp-json\/wp\/v2\/pages"}],"about":[{"href":"https:\/\/www.pharmathek.com\/fr\/wp-json\/wp\/v2\/types\/page"}],"author":[{"embeddable":true,"href":"https:\/\/www.pharmathek.com\/fr\/wp-json\/wp\/v2\/users\/3"}],"replies":[{"embeddable":true,"href":"https:\/\/www.pharmathek.com\/fr\/wp-json\/wp\/v2\/comments?post=102676"}],"version-history":[{"count":6,"href":"https:\/\/www.pharmathek.com\/fr\/wp-json\/wp\/v2\/pages\/102676\/revisions"}],"predecessor-version":[{"id":102754,"href":"https:\/\/www.pharmathek.com\/fr\/wp-json\/wp\/v2\/pages\/102676\/revisions\/102754"}],"wp:featuredmedia":[{"embeddable":true,"href":"https:\/\/www.pharmathek.com\/fr\/wp-json\/wp\/v2\/media\/101164"}],"wp:attachment":[{"href":"https:\/\/www.pharmathek.com\/fr\/wp-json\/wp\/v2\/media?parent=102676"}],"wp:term":[{"taxonomy":"category","embeddable":true,"href":"https:\/\/www.pharmathek.com\/fr\/wp-json\/wp\/v2\/categories?post=102676"},{"taxonomy":"post_tag","embeddable":true,"href":"https:\/\/www.pharmathek.com\/fr\/wp-json\/wp\/v2\/tags?post=102676"}],"curies":[{"name":"wp","href":"https:\/\/api.w.org\/{rel}","templated":true}]}}