{"id":112221,"date":"2025-01-16T09:12:20","date_gmt":"2025-01-16T08:12:20","guid":{"rendered":"https:\/\/www.pharmathek.com\/preview-quickpick24\/"},"modified":"2026-04-29T14:32:22","modified_gmt":"2026-04-29T12:32:22","slug":"preview-quickpick24","status":"publish","type":"page","link":"https:\/\/www.pharmathek.com\/fr\/preview-quickpick24\/","title":{"rendered":"Landing Page &#8211; QuickPick24"},"content":{"rendered":"<div class=\"wpb-content-wrapper\"><p>[vc_row bg_type=\u00a0\u00bbvideo\u00a0\u00bb video_url=\u00a0\u00bbhttps:\/\/www.pharmathek.com\/wp-content\/uploads\/2025\/01\/Automazione-Pharmathek-arancione.mp4&Prime; video_opts=\u00a0\u00bbloop,muted\u00a0\u00bb video_poster=\u00a0\u00bbid^67940|url^https:\/\/www.pharmathek.com\/wp-content\/uploads\/2025\/01\/header-interno-robot-farmacia-pharmathek-scaled.jpg|caption^null|alt^null|title^header-interno-robot-farmacia-pharmathek|description^null\u00a0\u00bb viewport_vdo=\u00a0\u00bbviewport_play\u00a0\u00bb bg_override=\u00a0\u00bbfull\u00a0\u00bb css=\u00a0\u00bb.vc_custom_1737026973554{padding-top: 70px !important;padding-right: 10px !important;padding-bottom: 70px !important;padding-left: 10px !important;}\u00a0\u00bb][vc_column width=\u00a0\u00bb1\/2&Prime; css=\u00a0\u00bb.vc_custom_1737023325673{background-color: rgba(255,107,0,0.35) !important;*background-color: rgb(255,107,0) !important;}\u00a0\u00bb][vc_empty_space height=\u00a0\u00bb40px\u00a0\u00bb][vc_single_image image=\u00a0\u00bb81450&Prime; img_size=\u00a0\u00bbmedium\u00a0\u00bb css=\u00a0\u00bb\u00a0\u00bb][vc_empty_space height=\u00a0\u00bb70px\u00a0\u00bb][vc_column_text css=\u00a0\u00bb\u00a0\u00bb]<\/p>\n<h4>D\u00c9COUVREZ EN AVANT-PREMI\u00c8RE :<\/h4>\n<p>[\/vc_column_text][vc_empty_space height=\u00a0\u00bb15px\u00a0\u00bb][vc_column_text css=\u00a0\u00bb\u00a0\u00bb]<\/p>\n<h1><span style=\"color: #ffffff;\">QUICKPICK24<\/span><\/h1>\n<h2><span style=\"color: #ffffff;\">LA BORNE 24H\/24 POUR VOTRE PHARMACIE<\/span><\/h2>\n<p>[\/vc_column_text][vc_empty_space][vc_column_text css=\u00a0\u00bb\u00a0\u00bb]<\/p>\n<p style=\"font-size: 18px;\"><strong>Click &amp; Collect | Distributeur | Trappe de d\u00e9livrance<\/strong><\/p>\n<p>[\/vc_column_text][vc_empty_space][vc_column_text css=\u00a0\u00bb\u00a0\u00bb]<span style=\"color: #ffffff; font-size: 16px; background-color: #ff6b00;\"><strong>QuickPick24<\/strong> est une borne en libre-service reli\u00e9e au robot Pharmathek, con\u00e7ue pour rendre disponibles 24h\/24 les produits en vente libre, sans alourdir la charge de travail au comptoir.<\/span>[\/vc_column_text][vc_empty_space height=\u00a0\u00bb42px\u00a0\u00bb][\/vc_column][vc_column width=\u00a0\u00bb1\/2&Prime; css=\u00a0\u00bb.vc_custom_1737026988704{padding-right: 50px !important;padding-left: 50px !important;background-color: #ffffff !important;border-radius: 15px !important;}\u00a0\u00bb][vc_column_text css=\u00a0\u00bb\u00a0\u00bb]<a name=\"contact\"><\/a>[\/vc_column_text][vc_empty_space height=\u00a0\u00bb60px\u00a0\u00bb][vc_column_text css=\u00a0\u00bb\u00a0\u00bb]<\/p>\n<h4 style=\"text-align: center;\"><span style=\"color: #ff6b00;\">Remplissez le formulaire et recevez imm\u00e9diatement l\u2019aper\u00e7u exclusif par e-mail.<\/span><\/h4>\n<p>[\/vc_column_text][vc_empty_space]\n<div class=\"wpcf7 no-js\" id=\"wpcf7-f112226-o1\" lang=\"fr-FR\" dir=\"ltr\" data-wpcf7-id=\"112226\">\n<div class=\"screen-reader-response\"><p role=\"status\" aria-live=\"polite\" aria-atomic=\"true\"><\/p> <ul><\/ul><\/div>\n<form action=\"\/fr\/wp-json\/wp\/v2\/pages\/112221#wpcf7-f112226-o1\" method=\"post\" class=\"wpcf7-form init\" aria-label=\"Formulaire de contact\" novalidate=\"novalidate\" data-status=\"init\">\n<fieldset class=\"hidden-fields-container\"><input type=\"hidden\" name=\"_wpcf7\" value=\"112226\" \/><input type=\"hidden\" name=\"_wpcf7_version\" value=\"6.1.5\" \/><input type=\"hidden\" name=\"_wpcf7_locale\" value=\"fr_FR\" \/><input type=\"hidden\" name=\"_wpcf7_unit_tag\" value=\"wpcf7-f112226-o1\" \/><input type=\"hidden\" name=\"_wpcf7_container_post\" value=\"0\" \/><input type=\"hidden\" name=\"_wpcf7_posted_data_hash\" value=\"\" \/><input type=\"hidden\" name=\"_wpcf7_recaptcha_response\" value=\"\" \/>\n<\/fieldset>\n<div class=\"content-column one_half first\">\n\t<p><label><span class=\"wpcf7-form-control-wrap\" data-name=\"nome\"><input size=\"40\" maxlength=\"400\" class=\"wpcf7-form-control wpcf7-text wpcf7-validates-as-required\" aria-required=\"true\" aria-invalid=\"false\" placeholder=\"Nom et pr\u00e9nom *\" value=\"\" type=\"text\" name=\"nome\" \/><\/span><\/label>\n\t<\/p>\n<\/div>\n<div class=\"content-column one_half second\">\n\t<p><label><span class=\"wpcf7-form-control-wrap\" data-name=\"azienda\"><input size=\"40\" maxlength=\"400\" class=\"wpcf7-form-control wpcf7-text wpcf7-validates-as-required\" aria-required=\"true\" aria-invalid=\"false\" placeholder=\"Nom Entreprise\/Pharmacie *\" value=\"\" type=\"text\" name=\"azienda\" \/><\/span><\/label>\n\t<\/p>\n<\/div>\n<div class=\"content-column one_half first\">\n\t<p><label><span class=\"wpcf7-form-control-wrap\" data-name=\"indirizzo\"><input size=\"40\" maxlength=\"400\" class=\"wpcf7-form-control wpcf7-text wpcf7-validates-as-required\" aria-required=\"true\" aria-invalid=\"false\" placeholder=\"Adresse *\" value=\"\" type=\"text\" name=\"indirizzo\" \/><\/span><\/label>\n\t<\/p>\n<\/div>\n<div class=\"content-column one_half second\">\n\t<p><label><span class=\"wpcf7-form-control-wrap\" data-name=\"citta\"><input size=\"40\" maxlength=\"400\" class=\"wpcf7-form-control wpcf7-text wpcf7-validates-as-required\" aria-required=\"true\" aria-invalid=\"false\" placeholder=\"Code postal et ville *\" value=\"\" type=\"text\" name=\"citta\" \/><\/span><\/label>\n\t<\/p>\n<\/div>\n<div class=\"content-column one_half first\">\n\t<p><label><span class=\"wpcf7-form-control-wrap\" data-name=\"email\"><input size=\"40\" maxlength=\"400\" class=\"wpcf7-form-control wpcf7-email wpcf7-validates-as-required wpcf7-text wpcf7-validates-as-email\" aria-required=\"true\" aria-invalid=\"false\" placeholder=\"E-mail *\" value=\"\" type=\"email\" name=\"email\" \/><\/span><\/label>\n\t<\/p>\n<\/div>\n<div class=\"content-column one_half second\">\n\t<p><label><span class=\"wpcf7-form-control-wrap\" data-name=\"telefono\"><input size=\"40\" maxlength=\"400\" class=\"wpcf7-form-control wpcf7-tel wpcf7-text wpcf7-validates-as-tel\" aria-invalid=\"false\" placeholder=\"T\u00e9l\u00e9phone\" value=\"\" type=\"tel\" name=\"telefono\" \/><\/span><\/label>\n\t<\/p>\n<\/div>\n<div class=\"form-group group1\">\n\t<div class=\"col-sm-12\">\n\t\t<p><span class=\"wpcf7-form-control-wrap\" data-name=\"acceptance-57\"><span class=\"wpcf7-form-control wpcf7-acceptance\"><span class=\"wpcf7-list-item\"><input type=\"checkbox\" name=\"acceptance-57\" value=\"1\" aria-invalid=\"false\" \/><\/span><\/span><\/span>&nbsp;&nbsp;<span style=\"font-size:11px\">Je d\u00e9clare \u00eatre majeur.e et consentir au traitement de mes donn\u00e9es, comme indiqu\u00e9 sur la <a href='\/fr\/privacy-policy\/' target='_blank' style=\"color:#ff6b00\" >politique de Confidentialit\u00e9<\/a>.<\/span>\n\t\t<\/p>\n\t<\/div>\n\t<div class=\"col-sm-12\">\n\t\t<p><span class=\"wpcf7-form-control-wrap\" data-name=\"acceptance-58\"><span class=\"wpcf7-form-control wpcf7-acceptance optional\"><span class=\"wpcf7-list-item\"><input type=\"checkbox\" name=\"acceptance-58\" value=\"1\" aria-invalid=\"false\" \/><\/span><\/span><\/span>&nbsp;&nbsp;<span style=\"font-size:11px\">J\u2019autorise le traitement de mes donn\u00e9es personnelles \u00e0 des fins de marketing direct.<\/span>\n\t\t<\/p>\n\t<\/div>\n\t<div class=\"col-sm-12\" style=\"text-align:right;\">\n\t\t<p><input class=\"wpcf7-form-control wpcf7-submit has-spinner my_btn\" id=\"submit-lp-scarica-guida\" type=\"submit\" value=\"JE T\u00c9L\u00c9CHARGE\" \/>\n\t\t<\/p>\n\t<\/div>\n<\/div><input type='hidden' class='wpcf7-pum' value='{\"closepopup\":false,\"closedelay\":0,\"openpopup\":false,\"openpopup_id\":0}' \/><div class=\"wpcf7-response-output\" aria-hidden=\"true\"><\/div>\n<\/form>\n<\/div>\n[vc_empty_space][\/vc_column][\/vc_row][vc_row bg_type=\u00a0\u00bbbg_color\u00a0\u00bb bg_override=\u00a0\u00bbfull\u00a0\u00bb bg_color_value=\u00a0\u00bb#000000&Prime;][vc_column][vc_empty_space height=\u00a0\u00bb20px\u00a0\u00bb][vc_column_text css=\u00a0\u00bb.vc_custom_1777459562116{background-position: center !important;background-repeat: no-repeat !important;background-size: contain !important;}\u00a0\u00bb el_class=\u00a0\u00bbhead-section-title-landing\u00a0\u00bb]<\/p>\n<p style=\"text-align: center;\"><span style=\"color: #ffffff;\"><strong>Pourquoi QuickPick24 devrait vous int\u00e9resser<\/strong><\/span><\/p>\n<p>[\/vc_column_text][vc_empty_space height=\u00a0\u00bb20px\u00a0\u00bb][\/vc_column][\/vc_row][vc_row bg_type=\u00a0\u00bbbg_color\u00a0\u00bb bg_override=\u00a0\u00bbfull\u00a0\u00bb][vc_column][vc_empty_space height=\u00a0\u00bb40px\u00a0\u00bb][\/vc_column][\/vc_row][vc_row css=\u00a0\u00bb.vc_custom_1522420176594{background-color: #ffffff !important;}\u00a0\u00bb][vc_column width=\u00a0\u00bb1\/2&Prime;][vc_empty_space height=\u00a0\u00bb15px\u00a0\u00bb][vc_single_image image=\u00a0\u00bb111575&Prime; img_size=\u00a0\u00bbfull\u00a0\u00bb alignment=\u00a0\u00bbcenter\u00a0\u00bb css=\u00a0\u00bb\u00a0\u00bb image_hovers=\u00a0\u00bbfalse\u00a0\u00bb][vc_empty_space height=\u00a0\u00bb25px\u00a0\u00bb][\/vc_column][vc_column width=\u00a0\u00bb1\/2&Prime;][vc_empty_space height=\u00a0\u00bb25px\u00a0\u00bb][vc_column_text css=\u00a0\u00bb.vc_custom_1777459686290{padding-top: 20px !important;padding-right: 20px !important;padding-bottom: 20px !important;padding-left: 20px !important;}\u00a0\u00bb]Aujourd\u2019hui, la pharmacie ne se vit plus uniquement au comptoir.<\/p>\n<p>Les clients souhaitent <strong>rapidit\u00e9<\/strong>, <strong>accessibilit\u00e9<\/strong> et <strong>des services toujours disponibles<\/strong>.<\/p>\n<p><strong>QuickPick24<\/strong> vous permet de :<\/p>\n<h4 style=\"color: #ff6b00;\">\u00c9tendre le service 24h\/24.<\/h4>\n<p>Rendez disponibles les produits en vente libre et les commandes, m\u00eame <strong>pharmacie ferm\u00e9e<\/strong>, de mani\u00e8re structur\u00e9e et s\u00e9curis\u00e9e.<\/p>\n<h4 style=\"color: #ff6b00;\">R\u00e9duire les files d\u2019attente et optimiser les flux.<\/h4>\n<p>D\u00e9placez une partie des op\u00e9rations hors de la pharmacie et <strong>lib\u00e9rez du temps pour le conseil<\/strong>.<\/p>\n<h4 style=\"color: #ff6b00;\">Transformer le robot en hub op\u00e9rationnel<\/h4>\n<p><strong>Pas seulement un stock<\/strong> : un v\u00e9ritable point de service continu, toujours actif.<\/p>\n<p>D\u00e9couvrez comment proposer un service 24h\/24 sans complexit\u00e9.<br data-start=\"1411\" data-end=\"1414\" \/><strong data-start=\"1414\" data-end=\"1476\">Remplissez le formulaire et recevez imm\u00e9diatement le document de pr\u00e9sentation de QuickPick24.<\/strong>[\/vc_column_text][vc_empty_space height=\u00a0\u00bb30px\u00a0\u00bb]<div class=\" ubtn-ctn-left \"><a class=\"ubtn-link ult-adjust-bottom-margin ubtn-left ubtn-normal \" href=\"#contact\" ><button type=\"button\" id=\"ubtn-9574\" onclick=\"scroll-behavior: smooth;\" class=\"ubtn ult-adjust-bottom-margin ult-responsive ubtn-normal ubtn-fade-bg  none  ubtn-left   tooltip-69f5cfb535e2e\"  data-hover=\"#ffffff\" data-border-color=\"\" data-bg=\"#725ad8\" data-hover-bg=\"#ff6b00\" data-border-hover=\"\" data-shadow-hover=\"\" data-shadow-click=\"none\" data-shadow=\"\" data-shd-shadow=\"\"  data-ultimate-target='#ubtn-9574'  data-responsive-json-new='{\"font-size\":\"desktop:18px;\",\"line-height\":\"\"}'  style=\"font-weight:bold;border:none;background: #725ad8;color: #ffffff;\"><span class=\"ubtn-hover\" style=\"background-color:#ff6b00\"><\/span><span class=\"ubtn-data ubtn-text \" >T\u00c9L\u00c9CHARGEZ L\u2019APER\u00c7U<\/span><\/button><\/a><\/div>[\/vc_column][\/vc_row][vc_row bg_type=\u00a0\u00bbbg_color\u00a0\u00bb bg_override=\u00a0\u00bbfull\u00a0\u00bb][vc_column][vc_empty_space height=\u00a0\u00bb30px\u00a0\u00bb][vc_empty_space height=\u00a0\u00bb50px\u00a0\u00bb][\/vc_column][\/vc_row][vc_row full_width=\u00a0\u00bbstretch_row\u00a0\u00bb bg_type=\u00a0\u00bbbg_color\u00a0\u00bb bg_override=\u00a0\u00bbfull\u00a0\u00bb bg_color_value=\u00a0\u00bb#ff6b00&Prime;][vc_column][vc_empty_space height=\u00a0\u00bb40px\u00a0\u00bb][vc_single_image image=\u00a0\u00bb12345&Prime; alignment=\u00a0\u00bbcenter\u00a0\u00bb css=\u00a0\u00bb\u00a0\u00bb][vc_empty_space height=\u00a0\u00bb30px\u00a0\u00bb][\/vc_column][\/vc_row]<\/p>\n<\/div>","protected":false},"excerpt":{"rendered":"<p>[vc_row bg_type=\u00a0\u00bbvideo\u00a0\u00bb video_url=\u00a0\u00bbhttps:\/\/www.pharmathek.com\/wp-content\/uploads\/2025\/01\/Automazione-Pharmathek-arancione.mp4&Prime; video_opts=\u00a0\u00bbloop,muted\u00a0\u00bb video_poster=\u00a0\u00bbid^67940|url^https:\/\/www.pharmathek.com\/wp-content\/uploads\/2025\/01\/header-interno-robot-farmacia-pharmathek-scaled.jpg|caption^null|alt^null|title^header-interno-robot-farmacia-pharmathek|description^null\u00a0\u00bb viewport_vdo=\u00a0\u00bbviewport_play\u00a0\u00bb bg_override=\u00a0\u00bbfull\u00a0\u00bb css=\u00a0\u00bb.vc_custom_1737026973554{padding-top: 70px !important;padding-right: 10px !important;padding-bottom: 70px !important;padding-left: 10px !important;}\u00a0\u00bb][vc_column width=\u00a0\u00bb1\/2&Prime; css=\u00a0\u00bb.vc_custom_1737023325673{background-color: rgba(255,107,0,0.35) !important;*background-color: rgb(255,107,0) !important;}\u00a0\u00bb][vc_empty_space height=\u00a0\u00bb40px\u00a0\u00bb][vc_single_image image=\u00a0\u00bb81450&Prime; img_size=\u00a0\u00bbmedium\u00a0\u00bb&hellip;<\/p>\n","protected":false},"author":3,"featured_media":111649,"parent":0,"menu_order":0,"comment_status":"closed","ping_status":"closed","template":"template-microsite.php","meta":{"inline_featured_image":false,"footnotes":""},"categories":[],"tags":[],"class_list":["post-112221","page","type-page","status-publish","has-post-thumbnail","hentry","description-off"],"_links":{"self":[{"href":"https:\/\/www.pharmathek.com\/fr\/wp-json\/wp\/v2\/pages\/112221","targetHints":{"allow":["GET"]}}],"collection":[{"href":"https:\/\/www.pharmathek.com\/fr\/wp-json\/wp\/v2\/pages"}],"about":[{"href":"https:\/\/www.pharmathek.com\/fr\/wp-json\/wp\/v2\/types\/page"}],"author":[{"embeddable":true,"href":"https:\/\/www.pharmathek.com\/fr\/wp-json\/wp\/v2\/users\/3"}],"replies":[{"embeddable":true,"href":"https:\/\/www.pharmathek.com\/fr\/wp-json\/wp\/v2\/comments?post=112221"}],"version-history":[{"count":4,"href":"https:\/\/www.pharmathek.com\/fr\/wp-json\/wp\/v2\/pages\/112221\/revisions"}],"predecessor-version":[{"id":112223,"href":"https:\/\/www.pharmathek.com\/fr\/wp-json\/wp\/v2\/pages\/112221\/revisions\/112223"}],"wp:featuredmedia":[{"embeddable":true,"href":"https:\/\/www.pharmathek.com\/fr\/wp-json\/wp\/v2\/media\/111649"}],"wp:attachment":[{"href":"https:\/\/www.pharmathek.com\/fr\/wp-json\/wp\/v2\/media?parent=112221"}],"wp:term":[{"taxonomy":"category","embeddable":true,"href":"https:\/\/www.pharmathek.com\/fr\/wp-json\/wp\/v2\/categories?post=112221"},{"taxonomy":"post_tag","embeddable":true,"href":"https:\/\/www.pharmathek.com\/fr\/wp-json\/wp\/v2\/tags?post=112221"}],"curies":[{"name":"wp","href":"https:\/\/api.w.org\/{rel}","templated":true}]}}