{"id":12721,"date":"2023-10-23T11:06:42","date_gmt":"2023-10-23T09:06:42","guid":{"rendered":"https:\/\/www.pharmathek.com\/home-2021\/"},"modified":"2024-03-19T12:15:16","modified_gmt":"2024-03-19T11:15:16","slug":"home-2021","status":"publish","type":"page","link":"https:\/\/www.pharmathek.com\/fr\/","title":{"rendered":"Home 2021"},"content":{"rendered":"<div class=\"wpb-content-wrapper\"><p>[vc_row el_class=\u00a0\u00bbintro-box\u00a0\u00bb][vc_column][vc_column_text]<\/p>\n<h2 class=\"title-home\" style=\"text-align: center;\">PHARMATHEK PR\u00c9SENTE LA 3<sup>\u00e8me<\/sup> G\u00c9N\u00c9RATION DE SINTESI,<br \/>\nL&rsquo;\u00c9VOLUTION DE LA ROBOTIQUE EN PHARMACIE.<\/h2>\n<p style=\"text-align: center;\">Pharmathek pr\u00e9sente la 3<sup>\u00e8me<\/sup> g\u00e9n\u00e9ration de SINTESI, l&rsquo;\u00e9volution du robot pour pharmacie qui combine une performance accrue avec une exp\u00e9rience utilisateur avanc\u00e9e.<br \/>\nLa nouvelle interface utilisateur permet l&rsquo;utilisation d&rsquo;un \u00e9cran tactile sur un nouveau grand moniteur et un syst\u00e8me de connectivit\u00e9 par smartphone pour l&rsquo;acc\u00e8s \u00e0 distance.<br \/>\nSINTESI s&rsquo;int\u00e8gre parfaitement au flux de travail et \u00e0 l&rsquo;am\u00e9nagement de toute pharmacie, qu&rsquo;elle soit nouvelle ou en cours de r\u00e9novation: les diverses options de personnalisation et le large \u00e9ventail de mat\u00e9riaux et de finitions qui peuvent \u00eatre combin\u00e9s avec le mobilier contribuent \u00e0 communiquer l&rsquo;identit\u00e9 de la pharmacie.<\/p>\n<p>[\/vc_column_text][vc_empty_space height=\u00a0\u00bb64px\u00a0\u00bb][\/vc_column][\/vc_row][vc_row][vc_column][vc_column_text el_class=\u00a0\u00bbbox-automazione\u00a0\u00bb]<\/p>\n<p style=\"text-align: center;\"><a href=\"https:\/\/www.pharmathek.com\/fr\/contacts\/\">VOUS SOUHAITEZ AUTOMATISER VOTRE PHARMACIE ?<img loading=\"lazy\" decoding=\"async\" class=\"alignright size-full wp-image-12102\" src=\"http:\/\/www.pharmathek.com\/wp-content\/uploads\/2021\/07\/trio-frecce.png\" alt=\"\" width=\"127\" height=\"66\" \/><br \/>\n<strong>Contactez nous pour plus d&rsquo;informations<\/strong><\/a><\/p>\n<p>[\/vc_column_text][\/vc_column][\/vc_row][vc_row][vc_column][vc_empty_space height=\u00a0\u00bb64px\u00a0\u00bb][vc_column_text]<\/p>\n<h2 class=\"title-home\" style=\"text-align: center;\">\u00c9LEVEZ VOTRE ROBOT SINTESI \u00c0 LA PUISSANCE MAXIMALE AVEC <span class=\"arancio\">EUCLID3D<\/span> ET <span class=\"arancio\">PHARMALOAD<\/span><\/h2>\n<p>[\/vc_column_text][vc_empty_space height=\u00a0\u00bb12,5px\u00a0\u00bb][\/vc_column][\/vc_row][vc_row gap=\u00a0\u00bb35&Prime; equal_height=\u00a0\u00bbyes\u00a0\u00bb][vc_column width=\u00a0\u00bb1\/2&Prime; css=\u00a0\u00bb.vc_custom_1632388033181{background-image: url(http:\/\/www.pharmathek.com\/wp-content\/uploads\/2021\/09\/EUCLID3d.jpg?id=13226) !important;}\u00a0\u00bb el_class=\u00a0\u00bbhome-product-box home-product-box-left\u00a0\u00bb][vc_column_text]<\/p>\n<div class=\"logo-container\"><img loading=\"lazy\" decoding=\"async\" class=\"product-logo alignleft wp-image-12119 size-full\" src=\"http:\/\/www.pharmathek.com\/wp-content\/uploads\/2021\/07\/euclided-home.png\" alt=\"\" width=\"963\" height=\"192\" srcset=\"https:\/\/www.pharmathek.com\/wp-content\/uploads\/2021\/07\/euclided-home.png 963w, https:\/\/www.pharmathek.com\/wp-content\/uploads\/2021\/07\/euclided-home-300x60.png 300w, https:\/\/www.pharmathek.com\/wp-content\/uploads\/2021\/07\/euclided-home-768x153.png 768w\" sizes=\"auto, (max-width: 963px) 100vw, 963px\" \/><\/div>\n<div class=\"bottom\"><a href=\"https:\/\/www.pharmathek.com\/fr\/euclid3d\/\">D\u00e9couvrez le bras robotis\u00e9 qui acc\u00e9l\u00e8re les d\u00e9lais de livraison, le seul \u00e0 disposer d&rsquo;un stockage temporaire<\/a><\/div>\n<p>[\/vc_column_text][\/vc_column][vc_column width=\u00a0\u00bb1\/2&Prime; el_class=\u00a0\u00bbhome-product-box home-product-box-right\u00a0\u00bb css=\u00a0\u00bb.vc_custom_1632388043949{background-image: url(http:\/\/www.pharmathek.com\/wp-content\/uploads\/2021\/09\/PHARMALOAD.jpg?id=13218) !important;}\u00a0\u00bb][vc_column_text]<\/p>\n<div class=\"logo-container\"><img loading=\"lazy\" decoding=\"async\" class=\"product-logo alignleft wp-image-12148 size-full\" src=\"http:\/\/www.pharmathek.com\/wp-content\/uploads\/2021\/07\/pharmaload-home-1.png\" alt=\"\" width=\"1469\" height=\"192\" srcset=\"https:\/\/www.pharmathek.com\/wp-content\/uploads\/2021\/07\/pharmaload-home-1.png 1469w, https:\/\/www.pharmathek.com\/wp-content\/uploads\/2021\/07\/pharmaload-home-1-300x39.png 300w, https:\/\/www.pharmathek.com\/wp-content\/uploads\/2021\/07\/pharmaload-home-1-1024x134.png 1024w, https:\/\/www.pharmathek.com\/wp-content\/uploads\/2021\/07\/pharmaload-home-1-768x100.png 768w\" sizes=\"auto, (max-width: 1469px) 100vw, 1469px\" \/><\/div>\n<div class=\"bottom\"><a href=\"https:\/\/www.pharmathek.com\/fr\/pharmaload\/\">D\u00e9couvrez le chargeur automatique qui lit les dates d&rsquo;expiration et charge jusqu&rsquo;\u00e0 300 bo\u00eetes par heure<\/a><\/div>\n<p>[\/vc_column_text][\/vc_column][\/vc_row][vc_row][vc_column][vc_empty_space][\/vc_column][\/vc_row][vc_row el_class=\u00a0\u00bbbox-futuro\u00a0\u00bb][vc_column width=\u00a0\u00bb1\/2&Prime;][vc_single_image image=\u00a0\u00bb12419&Prime; img_size=\u00a0\u00bbfull\u00a0\u00bb][\/vc_column][vc_column width=\u00a0\u00bb1\/2&Prime;][vc_column_text]<\/p>\n<h2 class=\"title-home\">LE FUTUR DE LA ROBOTISATION EN PHARMACIE R\u00c9SIDE DANS NOTRE PRESENT<\/h2>\n<p>Pharmathek d\u00e9veloppe, fabrique et installe des robots adapt\u00e9s \u00e0 toutes les pharmacies.<br \/>\nInt\u00e9gr\u00e9e au Groupe Th.Kohl, cette entreprise a vu le jour gr\u00e2ce \u00e0 l\u2019ing\u00e9nieur Alexander Von Liechtenstein, passionn\u00e9 d\u2019automatisation et de robotique, ainsi qu\u2019\u00e0 une tr\u00e8s grande exp\u00e9rience dans la gestion des pharmacies italiennes. Elle occupe aujourd\u2019hui une position de leadership en Europe. Th.Kohl et Pharmathek connaissent la pharmacie depuis pr\u00e8s d\u2019un si\u00e8cle et ont aid\u00e9 des g\u00e9n\u00e9rations de pharmaciens \u00e0 s\u2019adapter \u00e0 la transformation permanente de leur profession.<\/p>\n<p class=\"btn-container\" style=\"text-align: right;\"><a class=\"clab-btn\" href=\"https:\/\/www.pharmathek.com\/fr\/entreprise-2\/\">EN SAVOIR PLUS<\/a><\/p>\n<p>[\/vc_column_text][\/vc_column][\/vc_row][vc_row][vc_column][vc_empty_space][vc_column_text]<\/p>\n<h2 class=\"title-home\" style=\"text-align: center;\">LES DERNI\u00c8RES R\u00c9ALISATIONS<\/h2>\n<p>[\/vc_column_text][vc_empty_space height=\u00a0\u00bb30px\u00a0\u00bb][\/vc_column][\/vc_row][vc_row gap=\u00a0\u00bb4&Prime; disable_element=\u00a0\u00bbyes\u00a0\u00bb][vc_column width=\u00a0\u00bb1\/3&Prime; el_class=\u00a0\u00bbbox-realizzazione\u00a0\u00bb][vc_single_image image=\u00a0\u00bb5019&Prime; img_size=\u00a0\u00bb370&#215;247&Prime; el_class=\u00a0\u00bbfoto-farmacia\u00a0\u00bb][vc_row_inner][vc_column_inner][vc_column_text]<span class=\"caption\">\u201cMon robot est pratique, nous permet de travailler dans des conditions tr\u00e8s confortables.\u201d<\/span>[\/vc_column_text][vc_column_text]<\/p>\n<div class=\"bottom\"><a href=\"https:\/\/www.pharmathek.com\/fr\/pharmacie-de-lobservatoire\/\">PHARMACIE DE L&rsquo;OBSERVATOIRE<br \/>\n<span class=\"lower\">Meudon<\/span><\/a><\/div>\n<p>[\/vc_column_text][\/vc_column_inner][\/vc_row_inner][\/vc_column][vc_column width=\u00a0\u00bb1\/3&Prime; el_class=\u00a0\u00bbbox-realizzazione\u00a0\u00bb][vc_single_image image=\u00a0\u00bb3394&Prime; img_size=\u00a0\u00bbfull\u00a0\u00bb el_class=\u00a0\u00bbfoto-farmacia\u00a0\u00bb][vc_row_inner][vc_column_inner][vc_column_text]<span class=\"caption\">\u201cL&rsquo;une de nos priorit\u00e9s \u00e9tait d\u00a0\u00bb\u00e8largir notre offre, de r\u00e9f\u00e9rencer de nouvelles gammes et de les mettre mieux en valeur\u201d<\/span>[\/vc_column_text][vc_column_text]<\/p>\n<div class=\"bottom\"><a href=\"https:\/\/www.pharmathek.com\/fr\/pharmacie-papet\/\">PHARMACIE<br \/>\nPAPET<br \/>\n<span class=\"lower\">Morillon<\/span><\/a><\/div>\n<p>[\/vc_column_text][\/vc_column_inner][\/vc_row_inner][\/vc_column][vc_column width=\u00a0\u00bb1\/3&Prime; el_class=\u00a0\u00bbbox-realizzazione\u00a0\u00bb][vc_single_image image=\u00a0\u00bb3345&Prime; img_size=\u00a0\u00bbfull\u00a0\u00bb el_class=\u00a0\u00bbfoto-farmacia\u00a0\u00bb][vc_row_inner][vc_column_inner][vc_column_text]<span class=\"caption\">\u201cJ&rsquo;avais tr\u00e8s \u00e0 coeur d&rsquo;automatiser ma pharmacie pour gagner non soulement de l&rsquo;espace mais sourtut du temps \u00e0 mettre \u00e0 profit pour parler avec mes clients\u201d<\/span>[\/vc_column_text][vc_column_text]<\/p>\n<div class=\"bottom\"><a href=\"https:\/\/www.pharmathek.com\/fr\/pharmacie-du-grand-saconnex\/\">Pharmacie du Grand-Saconnex<br \/>\n<span class=\"lower\">Les Grand Saconnex (Suisse)<\/span><\/a><\/div>\n<p>[\/vc_column_text][\/vc_column_inner][\/vc_row_inner][\/vc_column][\/vc_row][vc_row][vc_column][vc_basic_grid post_type=\u00a0\u00bbpage\u00a0\u00bb max_items=\u00a0\u00bb3&Prime; gap=\u00a0\u00bb10&Prime; item=\u00a0\u00bb13126&Prime; initial_loading_animation=\u00a0\u00bbfadeInLeft\u00a0\u00bb grid_id=\u00a0\u00bbvc_gid:1710846792900-0ca4218f-a633-10&Prime; taxonomies=\u00a0\u00bb45&Prime;][\/vc_column][\/vc_row][vc_row][vc_column][vc_empty_space height=\u00a0\u00bb64px\u00a0\u00bb][vc_empty_space][vc_column_text]<\/p>\n<h2 class=\"title-home\" style=\"text-align: center;\">NOUVEAUT\u00c9S DANS LE MONDE PHARMATHEK<\/h2>\n<p>[\/vc_column_text][vc_empty_space height=\u00a0\u00bb30px\u00a0\u00bb][\/vc_column][\/vc_row][vc_row][vc_column width=\u00a0\u00bb1\/12&Prime;][\/vc_column][vc_column width=\u00a0\u00bb10\/12&Prime;][vc_basic_grid post_type=\u00a0\u00bbpost\u00a0\u00bb max_items=\u00a0\u00bb3&Prime; gap=\u00a0\u00bb20&Prime; item=\u00a0\u00bb1053&Prime; initial_loading_animation=\u00a0\u00bbfadeInLeft\u00a0\u00bb grid_id=\u00a0\u00bbvc_gid:1710846792902-37dea305-770f-8&Prime; taxonomies=\u00a0\u00bb21&Prime;][\/vc_column][vc_column width=\u00a0\u00bb1\/12&Prime;][\/vc_column][\/vc_row]<\/p>\n<\/div>","protected":false},"excerpt":{"rendered":"<p>[vc_row el_class=\u00a0\u00bbintro-box\u00a0\u00bb][vc_column][vc_column_text] PHARMATHEK PR\u00c9SENTE LA 3\u00e8me G\u00c9N\u00c9RATION DE SINTESI, L&rsquo;\u00c9VOLUTION DE LA ROBOTIQUE EN PHARMACIE. Pharmathek pr\u00e9sente la 3\u00e8me g\u00e9n\u00e9ration de SINTESI, l&rsquo;\u00e9volution du robot&hellip;<\/p>\n","protected":false},"author":1,"featured_media":0,"parent":0,"menu_order":0,"comment_status":"closed","ping_status":"closed","template":"","meta":{"inline_featured_image":false,"footnotes":""},"categories":[],"tags":[],"class_list":["post-12721","page","type-page","status-publish","hentry","description-off"],"_links":{"self":[{"href":"https:\/\/www.pharmathek.com\/fr\/wp-json\/wp\/v2\/pages\/12721","targetHints":{"allow":["GET"]}}],"collection":[{"href":"https:\/\/www.pharmathek.com\/fr\/wp-json\/wp\/v2\/pages"}],"about":[{"href":"https:\/\/www.pharmathek.com\/fr\/wp-json\/wp\/v2\/types\/page"}],"author":[{"embeddable":true,"href":"https:\/\/www.pharmathek.com\/fr\/wp-json\/wp\/v2\/users\/1"}],"replies":[{"embeddable":true,"href":"https:\/\/www.pharmathek.com\/fr\/wp-json\/wp\/v2\/comments?post=12721"}],"version-history":[{"count":19,"href":"https:\/\/www.pharmathek.com\/fr\/wp-json\/wp\/v2\/pages\/12721\/revisions"}],"predecessor-version":[{"id":51857,"href":"https:\/\/www.pharmathek.com\/fr\/wp-json\/wp\/v2\/pages\/12721\/revisions\/51857"}],"wp:attachment":[{"href":"https:\/\/www.pharmathek.com\/fr\/wp-json\/wp\/v2\/media?parent=12721"}],"wp:term":[{"taxonomy":"category","embeddable":true,"href":"https:\/\/www.pharmathek.com\/fr\/wp-json\/wp\/v2\/categories?post=12721"},{"taxonomy":"post_tag","embeddable":true,"href":"https:\/\/www.pharmathek.com\/fr\/wp-json\/wp\/v2\/tags?post=12721"}],"curies":[{"name":"wp","href":"https:\/\/api.w.org\/{rel}","templated":true}]}}