{"id":12741,"date":"2019-05-23T09:46:02","date_gmt":"2019-05-23T07:46:02","guid":{"rendered":"https:\/\/www.pharmathek.com\/grazie-per-aver-richiesto-info-pharmaload\/"},"modified":"2022-02-25T08:49:20","modified_gmt":"2022-02-25T07:49:20","slug":"merci-pour-la-demande-pharmaload","status":"publish","type":"page","link":"https:\/\/www.pharmathek.com\/fr\/merci-pour-la-demande-pharmaload\/","title":{"rendered":"Grazie &#8211; info Pharmaload"},"content":{"rendered":"<div class=\"wpb-content-wrapper\"><p>[vc_row full_width=\u00a0\u00bbstretch_row_content\u00a0\u00bb full_height=\u00a0\u00bbyes\u00a0\u00bb bg_type=\u00a0\u00bbimage\u00a0\u00bb parallax_style=\u00a0\u00bbvcpb-default\u00a0\u00bb bg_image_new=\u00a0\u00bbid^12126|url^http:\/\/www.pharmathek.com\/wp-content\/uploads\/2021\/07\/PHARMALOAD.jpg|caption^null|alt^null|title^PHARMALOAD|description^null\u00a0\u00bb bg_image_repeat=\u00a0\u00bbno-repeat\u00a0\u00bb bg_image_size=\u00a0\u00bbinitial\u00a0\u00bb enable_overlay=\u00a0\u00bbenable_overlay_value\u00a0\u00bb overlay_color=\u00a0\u00bbrgba(0,0,0,0.1)\u00a0\u00bb css=\u00a0\u00bb.vc_custom_1630405976820{border-top-width: 0px !important;border-bottom-width: 0px !important;padding-right: 70px !important;padding-bottom: 25px !important;padding-left: 70px !important;background-color: #ededed !important;}\u00a0\u00bb][vc_column width=\u00a0\u00bb1\/2&Prime; css=\u00a0\u00bb.vc_custom_1526549588456{padding-top: 30px !important;padding-right: 30px !important;padding-bottom: 30px !important;padding-left: 30px !important;background-color: rgba(255,255,255,0.85) !important;*background-color: rgb(255,255,255) !important;}\u00a0\u00bb offset=\u00a0\u00bbvc_hidden-sm vc_hidden-xs\u00a0\u00bb][vc_single_image image=\u00a0\u00bb12327&Prime; img_size=\u00a0\u00bbmedium\u00a0\u00bb alignment=\u00a0\u00bbcenter\u00a0\u00bb][vc_empty_space][vc_column_text css_animation=\u00a0\u00bbfadeInLeft\u00a0\u00bb el_class=\u00a0\u00bbtesto-landing-header\u00a0\u00bb]<\/p>\n<p style=\"text-align: center;\"><span style=\"color: #ff6600;\"><strong>Merci de nous avoir contact\u00e9s !<\/strong><\/span><\/p>\n<p style=\"text-align: center;\">Nous avons bien re\u00e7u votre demande et nous vous r\u00e9pondrons dans les meilleurs d\u00e9lais<\/p>\n<p>[\/vc_column_text][vc_empty_space height=\u00a0\u00bb45px\u00a0\u00bb][vc_separator css=\u00a0\u00bb.vc_custom_1628839172967{background-color: #000000 !important;}\u00a0\u00bb][vc_empty_space height=\u00a0\u00bb45px\u00a0\u00bb][vc_column_text el_class=\u00a0\u00bbtesto-landing-header-bottom\u00a0\u00bb]<\/p>\n<p style=\"text-align: center;\">Vous \u00eates curieux de d\u00e9couvrir nos solutions ?<\/p>\n<p style=\"text-align: center;\"><a href=\"https:\/\/www.pharmathek.com\/fr\/solutions\/\">Cliquez ici pour acc\u00e9der \u00e0 la page du produit<\/a><\/p>\n<p>[\/vc_column_text][vc_empty_space height=\u00a0\u00bb45px\u00a0\u00bb][vc_column_text el_class=\u00a0\u00bbtesto-landing-header-bottom\u00a0\u00bb]<\/p>\n<p style=\"text-align: center;\">Vous souhaitez lire les avis de vos coll\u00e8gues sur l&rsquo;automatisation ?<\/p>\n<p style=\"text-align: center;\"><a href=\"https:\/\/www.pharmathek.com\/fr\/installations\/\">D\u00e9couvrez leurs histoires et leurs besoins<\/a><\/p>\n<p>[\/vc_column_text][vc_empty_space height=\u00a0\u00bb45px\u00a0\u00bb][\/vc_column][vc_column width=\u00a0\u00bb1\/2&Prime;][\/vc_column][vc_column width=\u00a0\u00bb3\/4&Prime; offset=\u00a0\u00bbvc_hidden-lg vc_hidden-md vc_hidden-xs\u00a0\u00bb css=\u00a0\u00bb.vc_custom_1526551067134{padding-top: 30px !important;padding-right: 30px !important;padding-bottom: 30px !important;padding-left: 30px !important;background-color: rgba(255,255,255,0.85) !important;*background-color: rgb(255,255,255) !important;}\u00a0\u00bb][vc_single_image image=\u00a0\u00bb12327&Prime; img_size=\u00a0\u00bbmedium\u00a0\u00bb alignment=\u00a0\u00bbcenter\u00a0\u00bb][vc_empty_space][vc_column_text css_animation=\u00a0\u00bbfadeInLeft\u00a0\u00bb el_class=\u00a0\u00bbtesto-landing-header\u00a0\u00bb]<\/p>\n<p style=\"text-align: center;\"><span style=\"color: #ff6600;\"><strong>Merci de nous avoir contact\u00e9s !<\/strong><\/span><\/p>\n<p style=\"text-align: center;\">Nous avons bien re\u00e7u votre demande et nous vous r\u00e9pondrons dans les meilleurs d\u00e9lais<\/p>\n<p>[\/vc_column_text][vc_empty_space][vc_separator css=\u00a0\u00bb.vc_custom_1628839172967{background-color: #000000 !important;}\u00a0\u00bb][vc_empty_space][vc_column_text el_class=\u00a0\u00bbtesto-landing-header-bottom\u00a0\u00bb]<\/p>\n<p style=\"text-align: center;\">Vous \u00eates curieux de d\u00e9couvrir nos solutions ?<\/p>\n<p style=\"text-align: center;\"><a href=\"https:\/\/www.pharmathek.com\/fr\/solutions\/\">Cliquez ici pour acc\u00e9der \u00e0 la page du produit<\/a><\/p>\n<p>[\/vc_column_text][vc_empty_space][vc_column_text el_class=\u00a0\u00bbtesto-landing-header-bottom\u00a0\u00bb]<\/p>\n<p style=\"text-align: center;\">Vous souhaitez lire les avis de vos coll\u00e8gues sur l&rsquo;automatisation ?<\/p>\n<p style=\"text-align: center;\"><a href=\"https:\/\/www.pharmathek.com\/fr\/installations\/\">D\u00e9couvrez leurs histoires et leurs besoins<\/a><\/p>\n<p>[\/vc_column_text][vc_empty_space][\/vc_column][vc_column css=\u00a0\u00bb.vc_custom_1526552109916{padding-top: 20px !important;padding-right: 20px !important;padding-bottom: 20px !important;padding-left: 20px !important;background-color: rgba(255,255,255,0.85) !important;*background-color: rgb(255,255,255) !important;}\u00a0\u00bb offset=\u00a0\u00bbvc_hidden-lg vc_hidden-md vc_hidden-sm\u00a0\u00bb el_class=\u00a0\u00bbbox-header-landing\u00a0\u00bb][vc_single_image image=\u00a0\u00bb12327&Prime; img_size=\u00a0\u00bbmedium\u00a0\u00bb alignment=\u00a0\u00bbcenter\u00a0\u00bb][vc_empty_space height=\u00a0\u00bb20px\u00a0\u00bb][vc_column_text css_animation=\u00a0\u00bbfadeInLeft\u00a0\u00bb el_class=\u00a0\u00bbtesto-landing-header\u00a0\u00bb]<\/p>\n<p style=\"text-align: center;\"><span style=\"color: #ff6600;\"><strong>Merci de nous avoir contact\u00e9s !<\/strong><\/span><\/p>\n<p style=\"text-align: center;\">Nous avons bien re\u00e7u votre demande et nous vous r\u00e9pondrons dans les meilleurs d\u00e9lais<\/p>\n<p>[\/vc_column_text][vc_empty_space height=\u00a0\u00bb20px\u00a0\u00bb][vc_separator css=\u00a0\u00bb.vc_custom_1628839172967{background-color: #000000 !important;}\u00a0\u00bb][vc_empty_space height=\u00a0\u00bb20px\u00a0\u00bb][vc_column_text el_class=\u00a0\u00bbtesto-landing-header-bottom\u00a0\u00bb]<\/p>\n<p style=\"text-align: center;\">Vous \u00eates curieux de d\u00e9couvrir nos solutions ?<\/p>\n<p style=\"text-align: center;\"><a href=\"https:\/\/www.pharmathek.com\/fr\/solutions\/\">Cliquez ici pour acc\u00e9der \u00e0 la page du produit<\/a><\/p>\n<p>[\/vc_column_text][vc_empty_space height=\u00a0\u00bb20px\u00a0\u00bb][vc_column_text el_class=\u00a0\u00bbtesto-landing-header-bottom\u00a0\u00bb]<\/p>\n<p style=\"text-align: center;\">Vous souhaitez lire les avis de vos coll\u00e8gues sur l&rsquo;automatisation ?<\/p>\n<p style=\"text-align: center;\"><a href=\"https:\/\/www.pharmathek.com\/fr\/installations\/\">D\u00e9couvrez leurs histoires et leurs besoins<\/a><\/p>\n<p>[\/vc_column_text][vc_empty_space height=\u00a0\u00bb20px\u00a0\u00bb][\/vc_column][\/vc_row]<\/p>\n<\/div>","protected":false},"excerpt":{"rendered":"<p>[vc_row full_width=\u00a0\u00bbstretch_row_content\u00a0\u00bb full_height=\u00a0\u00bbyes\u00a0\u00bb bg_type=\u00a0\u00bbimage\u00a0\u00bb parallax_style=\u00a0\u00bbvcpb-default\u00a0\u00bb bg_image_new=\u00a0\u00bbid^12126|url^http:\/\/www.pharmathek.com\/wp-content\/uploads\/2021\/07\/PHARMALOAD.jpg|caption^null|alt^null|title^PHARMALOAD|description^null\u00a0\u00bb bg_image_repeat=\u00a0\u00bbno-repeat\u00a0\u00bb bg_image_size=\u00a0\u00bbinitial\u00a0\u00bb enable_overlay=\u00a0\u00bbenable_overlay_value\u00a0\u00bb overlay_color=\u00a0\u00bbrgba(0,0,0,0.1)\u00a0\u00bb css=\u00a0\u00bb.vc_custom_1630405976820{border-top-width: 0px !important;border-bottom-width: 0px !important;padding-right: 70px !important;padding-bottom: 25px !important;padding-left: 70px !important;background-color: #ededed !important;}\u00a0\u00bb][vc_column width=\u00a0\u00bb1\/2&Prime; css=\u00a0\u00bb.vc_custom_1526549588456{padding-top:&hellip;<\/p>\n","protected":false},"author":3,"featured_media":0,"parent":0,"menu_order":0,"comment_status":"closed","ping_status":"closed","template":"template-microsite.php","meta":{"inline_featured_image":false,"footnotes":""},"categories":[],"tags":[],"class_list":["post-12741","page","type-page","status-publish","hentry","description-off"],"_links":{"self":[{"href":"https:\/\/www.pharmathek.com\/fr\/wp-json\/wp\/v2\/pages\/12741","targetHints":{"allow":["GET"]}}],"collection":[{"href":"https:\/\/www.pharmathek.com\/fr\/wp-json\/wp\/v2\/pages"}],"about":[{"href":"https:\/\/www.pharmathek.com\/fr\/wp-json\/wp\/v2\/types\/page"}],"author":[{"embeddable":true,"href":"https:\/\/www.pharmathek.com\/fr\/wp-json\/wp\/v2\/users\/3"}],"replies":[{"embeddable":true,"href":"https:\/\/www.pharmathek.com\/fr\/wp-json\/wp\/v2\/comments?post=12741"}],"version-history":[{"count":4,"href":"https:\/\/www.pharmathek.com\/fr\/wp-json\/wp\/v2\/pages\/12741\/revisions"}],"predecessor-version":[{"id":13623,"href":"https:\/\/www.pharmathek.com\/fr\/wp-json\/wp\/v2\/pages\/12741\/revisions\/13623"}],"wp:attachment":[{"href":"https:\/\/www.pharmathek.com\/fr\/wp-json\/wp\/v2\/media?parent=12741"}],"wp:term":[{"taxonomy":"category","embeddable":true,"href":"https:\/\/www.pharmathek.com\/fr\/wp-json\/wp\/v2\/categories?post=12741"},{"taxonomy":"post_tag","embeddable":true,"href":"https:\/\/www.pharmathek.com\/fr\/wp-json\/wp\/v2\/tags?post=12741"}],"curies":[{"name":"wp","href":"https:\/\/api.w.org\/{rel}","templated":true}]}}