{"id":22169,"date":"2022-07-28T16:44:07","date_gmt":"2022-07-28T14:44:07","guid":{"rendered":"https:\/\/www.pharmathek.com\/?page_id=22169"},"modified":"2022-07-28T17:38:26","modified_gmt":"2022-07-28T15:38:26","slug":"pharmacie-draxlmaier-im-westpark","status":"publish","type":"page","link":"https:\/\/www.pharmathek.com\/fr\/pharmacie-draxlmaier-im-westpark\/","title":{"rendered":"Pharmacie Dr\u00e4xlmaier im Westpark"},"content":{"rendered":"<div class=\"wpb-content-wrapper\"><p>[vc_row full_width=\u00a0\u00bbstretch_row_content\u00a0\u00bb equal_height=\u00a0\u00bbyes\u00a0\u00bb content_placement=\u00a0\u00bbmiddle\u00a0\u00bb bg_type=\u00a0\u00bbbg_color\u00a0\u00bb bg_override=\u00a0\u00bbfull\u00a0\u00bb bg_color_value=\u00a0\u00bb#eeeeef\u00a0\u00bb][vc_column width=\u00a0\u00bb1\/2&Prime; css=\u00a0\u00bb.vc_custom_1523960338488{padding-right: 0px !important;padding-left: 0px !important;}\u00a0\u00bb offset=\u00a0\u00bbvc_hidden-md vc_hidden-sm vc_hidden-xs\u00a0\u00bb][vc_single_image image=\u00a0\u00bb10848&Prime; img_size=\u00a0\u00bbfull\u00a0\u00bb][\/vc_column][vc_column width=\u00a0\u00bb1\/2&Prime; css=\u00a0\u00bb.vc_custom_1523960343032{padding-right: 100px !important;padding-left: 100px !important;}\u00a0\u00bb offset=\u00a0\u00bbvc_hidden-md vc_hidden-sm vc_hidden-xs\u00a0\u00bb][vc_empty_space]<div id=\"ultimate-heading-148569f9d63c9cc8a\" class=\"uvc-heading ult-adjust-bottom-margin ultimate-heading-148569f9d63c9cc8a uvc-3131 head-section-title uvc-heading-default-font-sizes\" data-hspacer=\"no_spacer\"  data-halign=\"center\" style=\"text-align:center\"><div class=\"uvc-heading-spacer no_spacer\" style=\"top\"><\/div><div class=\"uvc-main-heading ult-responsive\"  data-ultimate-target='.uvc-heading.ultimate-heading-148569f9d63c9cc8a p'  data-responsive-json-new='{\"font-size\":\"\",\"line-height\":\"\"}' ><p style=\"--font-weight:theme;\">PHARMACIE DR\u00c4XLMAIER IM WESTPARK<\/p><\/div><div class=\"uvc-sub-heading ult-responsive\"  data-ultimate-target='.uvc-heading.ultimate-heading-148569f9d63c9cc8a .uvc-sub-heading '  data-responsive-json-new='{\"font-size\":\"\",\"line-height\":\"\"}'  style=\"font-weight:normal;\"><\/p>\n<p><\/div><\/div>[vc_empty_space][vc_column_text el_class=\u00a0\u00bbtext-justify\u00a0\u00bb]La pharmacie Dr\u00e4xlmaier Im Westpark (en allemand, Im Westpark Dr\u00e4xlmaier Apotheken) est \u00e9quip\u00e9e d&rsquo;un robot Pharmathek.<\/p>\n<p>Le choix de Dre Dr\u00e4xlmaier d&rsquo;automatiser sa pharmacie est li\u00e9 \u00e0 sa volont\u00e9 d&rsquo;offrir un service moderne \u00e0 ses clients et d&rsquo;obtenir en m\u00eame temps une gestion optimale de la pharmacie.<\/p>\n<p>Le robot, de taille assez consid\u00e9rable, se caract\u00e9rise par une esth\u00e9tique tr\u00e8s \u00e9l\u00e9gante, mi-blanche, mi-noire et avec des panneaux de verre \u00e0 partir desquels les clients peuvent voir le manipulateur m\u00e9canique passer d&rsquo;une \u00e9tag\u00e8re \u00e0 l&rsquo;autre.<\/p>\n<p>La pharmacie Dr\u00e4xlmaier Apotheken Im Westpark, situ\u00e9e \u00e0 Straubing, en Allemagne, est la deuxi\u00e8me des pharmacies familiales Dr\u00e4xlmaier \u00e0 \u00eatre \u00e9quip\u00e9e d&rsquo;un robot Pharmathek. Le premier \u00e0 avoir un entrep\u00f4t Pharmathek est Dr\u00e4xlmaier Apotheken im Dez (Ratisbonne).[\/vc_column_text][vc_empty_space][\/vc_column][\/vc_row][vc_row full_width=\u00a0\u00bbstretch_row_content\u00a0\u00bb equal_height=\u00a0\u00bbyes\u00a0\u00bb content_placement=\u00a0\u00bbmiddle\u00a0\u00bb bg_type=\u00a0\u00bbbg_color\u00a0\u00bb bg_override=\u00a0\u00bbfull\u00a0\u00bb bg_color_value=\u00a0\u00bb#eeeeef\u00a0\u00bb][vc_column css=\u00a0\u00bb.vc_custom_1524126670718{padding-right: 0px !important;padding-left: 0px !important;}\u00a0\u00bb offset=\u00a0\u00bbvc_hidden-lg\u00a0\u00bb el_class=\u00a0\u00bbfull-width-no-padding\u00a0\u00bb][vc_single_image image=\u00a0\u00bb10848&Prime; img_size=\u00a0\u00bbfull\u00a0\u00bb][vc_empty_space]<div id=\"ultimate-heading-334069f9d63c9cd36\" class=\"uvc-heading ult-adjust-bottom-margin ultimate-heading-334069f9d63c9cd36 uvc-8027 head-section-title uvc-heading-default-font-sizes\" data-hspacer=\"no_spacer\"  data-halign=\"center\" style=\"text-align:center\"><div class=\"uvc-heading-spacer no_spacer\" style=\"top\"><\/div><div class=\"uvc-main-heading ult-responsive\"  data-ultimate-target='.uvc-heading.ultimate-heading-334069f9d63c9cd36 p'  data-responsive-json-new='{\"font-size\":\"\",\"line-height\":\"\"}' ><p style=\"--font-weight:theme;\">PHARMACIE DR\u00c4XLMAIER IM WESTPARK<\/p><\/div><div class=\"uvc-sub-heading ult-responsive\"  data-ultimate-target='.uvc-heading.ultimate-heading-334069f9d63c9cd36 .uvc-sub-heading '  data-responsive-json-new='{\"font-size\":\"\",\"line-height\":\"\"}'  style=\"font-weight:normal;\"><\/p>\n<p><\/div><\/div>[vc_empty_space][vc_column_text el_class=\u00a0\u00bbtext-justify\u00a0\u00bb css=\u00a0\u00bb.vc_custom_1659019118104{padding-right: 20px !important;padding-left: 20px !important;}\u00a0\u00bb]La pharmacie Dr\u00e4xlmaier Im Westpark (en allemand, Im Westpark Dr\u00e4xlmaier Apotheken) est \u00e9quip\u00e9e d&rsquo;un robot Pharmathek.<\/p>\n<p>Le choix de Dre Dr\u00e4xlmaier d&rsquo;automatiser sa pharmacie est li\u00e9 \u00e0 sa volont\u00e9 d&rsquo;offrir un service moderne \u00e0 ses clients et d&rsquo;obtenir en m\u00eame temps une gestion optimale de la pharmacie.<\/p>\n<p>Le robot, de taille assez consid\u00e9rable, se caract\u00e9rise par une esth\u00e9tique tr\u00e8s \u00e9l\u00e9gante, mi-blanche, mi-noire et avec des panneaux de verre \u00e0 partir desquels les clients peuvent voir le manipulateur m\u00e9canique passer d&rsquo;une \u00e9tag\u00e8re \u00e0 l&rsquo;autre.<\/p>\n<p>La pharmacie Dr\u00e4xlmaier Apotheken Im Westpark, situ\u00e9e \u00e0 Straubing, en Allemagne, est la deuxi\u00e8me des pharmacies familiales Dr\u00e4xlmaier \u00e0 \u00eatre \u00e9quip\u00e9e d&rsquo;un robot Pharmathek. Le premier \u00e0 avoir un entrep\u00f4t Pharmathek est Dr\u00e4xlmaier Apotheken im Dez (Ratisbonne).[\/vc_column_text][vc_empty_space][\/vc_column][\/vc_row][vc_row][vc_column offset=\u00a0\u00bbvc_hidden-md vc_hidden-sm vc_hidden-xs\u00a0\u00bb][vc_empty_space height=\u00a0\u00bb100px\u00a0\u00bb][vc_single_image image=\u00a0\u00bb6938&Prime; img_size=\u00a0\u00bbfull\u00a0\u00bb alignment=\u00a0\u00bbcenter\u00a0\u00bb][vc_empty_space]<div id=\"ultimate-heading-298169f9d63c9cdbe\" class=\"uvc-heading ult-adjust-bottom-margin ultimate-heading-298169f9d63c9cdbe uvc-6789 head-section-title uvc-heading-default-font-sizes\" data-hspacer=\"no_spacer\"  data-halign=\"center\" style=\"text-align:center\"><div class=\"uvc-heading-spacer no_spacer\" style=\"top\"><\/div><div class=\"uvc-main-heading ult-responsive\"  data-ultimate-target='.uvc-heading.ultimate-heading-298169f9d63c9cdbe p'  data-responsive-json-new='{\"font-size\":\"\",\"line-height\":\"\"}' ><p style=\"--font-weight:theme;\">LA PAROLE AU PHARMACIEN<\/p><\/div><\/div>[vc_empty_space][vc_column_text el_class=\u00a0\u00bbtext-justify\u00a0\u00bb]<\/p>\n<h4>Pourquoi avez-vous choisi de robotiser la pharmacie ?<\/h4>\n<p>Nous avons d\u00e9cid\u00e9 d&rsquo;installer un entrep\u00f4t robotis\u00e9 car nous pensons qu&rsquo;il s&rsquo;agit d&rsquo;un \u00e9l\u00e9ment essentiel dans une pharmacie moderne, surtout si elle est caract\u00e9ris\u00e9e par un flux \u00e9lev\u00e9 de clients.<br \/>\nAvoir un robot d&rsquo;entrep\u00f4t est important non seulement pour offrir un service de pointe aux clients mais aussi pour pouvoir g\u00e9rer de mani\u00e8re optimale les nombreux produits.<\/p>\n<p>&nbsp;<\/p>\n<h4>Qu&rsquo;est-ce qui vous a amen\u00e9 \u00e0 choisir Pharmathek pour l&rsquo;automatisation de votre pharmacie ?<\/h4>\n<p>L&rsquo;exp\u00e9rience positive pr\u00e9c\u00e9dente. Nous avons d\u00e9j\u00e0 un robot Pharmathek dans notre pharmacie de Ratisbonne, dans le centre commercial Danube et nous \u00e9tions si satisfaits que nous n&rsquo;avions aucun doute sur le fait de compter sur Pharmathek pour cette deuxi\u00e8me pharmacie \u00e9galement.<\/p>\n<p>&nbsp;<\/p>\n<h4>\u00cates-vous satisfait de votre robot Pharmathek ?<\/h4>\n<p>Absolument oui.<\/p>\n<p>En plus d&rsquo;\u00eatre satisfaits du point de vue des performances, nous sommes \u00e9galement satisfaits des caract\u00e9ristiques esth\u00e9tiques du robot install\u00e9 : gr\u00e2ce au large degr\u00e9 de personnalisation esth\u00e9tique mis \u00e0 disposition par Pharmathek, nous avons pu ins\u00e9rer un robot parfaitement int\u00e9gr\u00e9 \u00e0 l\u2019architecture des environnements.<\/p>\n<h4>Comment r\u00e9agit votre client\u00e8le face \u00e0 ce nouveau robot ?<\/h4>\n<p>Nos clients adorent \u00e7a ! Apr\u00e8s tout, notre robot est le point culminant visuel de la pharmacie, l&rsquo;\u00e9l\u00e9ment central.<\/p>\n<h4>Recommanderiez-vous Pharmathek \u00e0 vos coll\u00e8gues ?<\/h4>\n<p>Certainement ![\/vc_column_text][vc_empty_space height=\u00a0\u00bb100px\u00a0\u00bb][\/vc_column][\/vc_row][vc_row][vc_column offset=\u00a0\u00bbvc_hidden-lg\u00a0\u00bb][vc_empty_space height=\u00a0\u00bb50px\u00a0\u00bb][vc_single_image image=\u00a0\u00bb6938&Prime; img_size=\u00a0\u00bbfull\u00a0\u00bb alignment=\u00a0\u00bbcenter\u00a0\u00bb][vc_empty_space]<div id=\"ultimate-heading-224769f9d63c9ce35\" class=\"uvc-heading ult-adjust-bottom-margin ultimate-heading-224769f9d63c9ce35 uvc-8307 head-section-title uvc-heading-default-font-sizes\" data-hspacer=\"no_spacer\"  data-halign=\"center\" style=\"text-align:center\"><div class=\"uvc-heading-spacer no_spacer\" style=\"top\"><\/div><div class=\"uvc-main-heading ult-responsive\"  data-ultimate-target='.uvc-heading.ultimate-heading-224769f9d63c9ce35 p'  data-responsive-json-new='{\"font-size\":\"\",\"line-height\":\"\"}' ><p style=\"--font-weight:theme;\">LA PAROLE AU PHARMACIEN<\/p><\/div><\/div>[vc_empty_space][vc_column_text el_class=\u00a0\u00bbtext-justify\u00a0\u00bb]<\/p>\n<h4>Pourquoi avez-vous choisi de robotiser la pharmacie ?<\/h4>\n<p>Nous avons d\u00e9cid\u00e9 d&rsquo;installer un entrep\u00f4t robotis\u00e9 car nous pensons qu&rsquo;il s&rsquo;agit d&rsquo;un \u00e9l\u00e9ment essentiel dans une pharmacie moderne, surtout si elle est caract\u00e9ris\u00e9e par un flux \u00e9lev\u00e9 de clients.<br \/>\nAvoir un robot d&rsquo;entrep\u00f4t est important non seulement pour offrir un service de pointe aux clients mais aussi pour pouvoir g\u00e9rer de mani\u00e8re optimale les nombreux produits.<\/p>\n<p>&nbsp;<\/p>\n<h4>Qu&rsquo;est-ce qui vous a amen\u00e9 \u00e0 choisir Pharmathek pour l&rsquo;automatisation de votre pharmacie ?<\/h4>\n<p>L&rsquo;exp\u00e9rience positive pr\u00e9c\u00e9dente. Nous avons d\u00e9j\u00e0 un robot Pharmathek dans notre pharmacie de Ratisbonne, dans le centre commercial Danube et nous \u00e9tions si satisfaits que nous n&rsquo;avions aucun doute sur le fait de compter sur Pharmathek pour cette deuxi\u00e8me pharmacie \u00e9galement.<\/p>\n<p>&nbsp;<\/p>\n<h4>\u00cates-vous satisfait de votre robot Pharmathek ?<\/h4>\n<p>Absolument oui.<\/p>\n<p>En plus d&rsquo;\u00eatre satisfaits du point de vue des performances, nous sommes \u00e9galement satisfaits des caract\u00e9ristiques esth\u00e9tiques du robot install\u00e9 : gr\u00e2ce au large degr\u00e9 de personnalisation esth\u00e9tique mis \u00e0 disposition par Pharmathek, nous avons pu ins\u00e9rer un robot parfaitement int\u00e9gr\u00e9 \u00e0 l\u2019architecture des environnements.<\/p>\n<h4>Comment r\u00e9agit votre client\u00e8le face \u00e0 ce nouveau robot ?<\/h4>\n<p>Nos clients adorent \u00e7a ! Apr\u00e8s tout, notre robot est le point culminant visuel de la pharmacie, l&rsquo;\u00e9l\u00e9ment central.<\/p>\n<h4>Recommanderiez-vous Pharmathek \u00e0 vos coll\u00e8gues ?<\/h4>\n<p>Certainement ![\/vc_column_text][vc_empty_space height=\u00a0\u00bb50px\u00a0\u00bb][\/vc_column][\/vc_row][vc_row full_width=\u00a0\u00bbstretch_row\u00a0\u00bb bg_type=\u00a0\u00bbbg_color\u00a0\u00bb bg_override=\u00a0\u00bbfull\u00a0\u00bb bg_color_value=\u00a0\u00bb#eeeeef\u00a0\u00bb][vc_column offset=\u00a0\u00bbvc_hidden-md vc_hidden-sm vc_hidden-xs\u00a0\u00bb][vc_empty_space height=\u00a0\u00bb100px\u00a0\u00bb]<div id=\"ultimate-heading-244069f9d63c9ceab\" class=\"uvc-heading ult-adjust-bottom-margin ultimate-heading-244069f9d63c9ceab uvc-7761 head-section-title uvc-heading-default-font-sizes\" data-hspacer=\"no_spacer\"  data-halign=\"center\" style=\"text-align:center\"><div class=\"uvc-heading-spacer no_spacer\" style=\"top\"><\/div><div class=\"uvc-main-heading ult-responsive\"  data-ultimate-target='.uvc-heading.ultimate-heading-244069f9d63c9ceab h2'  data-responsive-json-new='{\"font-size\":\"\",\"line-height\":\"\"}' ><h2 style=\"--font-weight:theme;\">GALERIE<\/h2><\/div><\/div>[vc_empty_space height=\u00a0\u00bb50px\u00a0\u00bb][vc_masonry_media_grid element_width=\u00a0\u00bb3&Prime; gap=\u00a0\u00bb10&Prime; grid_id=\u00a0\u00bbvc_gid:1659020807906-c5014f7c-6d4d-5&Prime; include=\u00a0\u00bb6918,6923,6928,6933&Prime;][vc_empty_space height=\u00a0\u00bb100px\u00a0\u00bb][\/vc_column][\/vc_row][vc_row full_width=\u00a0\u00bbstretch_row\u00a0\u00bb bg_type=\u00a0\u00bbbg_color\u00a0\u00bb bg_override=\u00a0\u00bbfull\u00a0\u00bb bg_color_value=\u00a0\u00bb#eeeeef\u00a0\u00bb][vc_column offset=\u00a0\u00bbvc_hidden-lg\u00a0\u00bb][vc_empty_space height=\u00a0\u00bb50px\u00a0\u00bb]<div id=\"ultimate-heading-724869f9d63c9cf1c\" class=\"uvc-heading ult-adjust-bottom-margin ultimate-heading-724869f9d63c9cf1c uvc-1285 head-section-title uvc-heading-default-font-sizes\" data-hspacer=\"no_spacer\"  data-halign=\"center\" style=\"text-align:center\"><div class=\"uvc-heading-spacer no_spacer\" style=\"top\"><\/div><div class=\"uvc-main-heading ult-responsive\"  data-ultimate-target='.uvc-heading.ultimate-heading-724869f9d63c9cf1c h2'  data-responsive-json-new='{\"font-size\":\"\",\"line-height\":\"\"}' ><h2 style=\"--font-weight:theme;\">GALERIE<\/h2><\/div><\/div>[vc_empty_space height=\u00a0\u00bb50px\u00a0\u00bb][vc_masonry_media_grid element_width=\u00a0\u00bb3&Prime; gap=\u00a0\u00bb10&Prime; grid_id=\u00a0\u00bbvc_gid:1659020807909-3f826d99-4a9a-0&Prime; include=\u00a0\u00bb6918,6923,6928,6933&Prime;][vc_empty_space height=\u00a0\u00bb50px\u00a0\u00bb][\/vc_column][\/vc_row][vc_row full_width=\u00a0\u00bbstretch_row\u00a0\u00bb bg_type=\u00a0\u00bbimage\u00a0\u00bb parallax_style=\u00a0\u00bbvcpb-default\u00a0\u00bb bg_image_new=\u00a0\u00bbid^1166|url^http:\/\/www.pharmathek.com\/wp-content\/uploads\/2018\/03\/farmacia-specifiche-background.jpg|caption^null|alt^null|title^farmacia-specifiche-background|description^null\u00a0\u00bb bg_image_repeat=\u00a0\u00bbno-repeat\u00a0\u00bb bg_override=\u00a0\u00bbfull\u00a0\u00bb][vc_column][vc_empty_space height=\u00a0\u00bb100px\u00a0\u00bb]<div id=\"ultimate-heading-864769f9d63c9cf99\" class=\"uvc-heading ult-adjust-bottom-margin ultimate-heading-864769f9d63c9cf99 uvc-8080 head-section-title text-white uvc-heading-default-font-sizes\" data-hspacer=\"no_spacer\"  data-halign=\"center\" style=\"text-align:center\"><div class=\"uvc-heading-spacer no_spacer\" style=\"top\"><\/div><div class=\"uvc-main-heading ult-responsive\"  data-ultimate-target='.uvc-heading.ultimate-heading-864769f9d63c9cf99 h2'  data-responsive-json-new='{\"font-size\":\"\",\"line-height\":\"\"}' ><h2 style=\"--font-weight:theme;\">LE PROJET<\/h2><\/div><\/div>[vc_empty_space height=\u00a0\u00bb50px\u00a0\u00bb][vc_separator color=\u00a0\u00bbwhite\u00a0\u00bb][vc_separator color=\u00a0\u00bbwhite\u00a0\u00bb][vc_row_inner][vc_column_inner width=\u00a0\u00bb1\/2&Prime;][vc_column_text el_class=\u00a0\u00bbprogetto-voci\u00a0\u00bb]SOLUTIONS PHARMATHEK[\/vc_column_text][\/vc_column_inner][vc_column_inner width=\u00a0\u00bb1\/2&Prime;][vc_column_text el_class=\u00a0\u00bbprogetto-voci-valori\u00a0\u00bb]<\/p>\n<p>SINTESI + PHARMALOAD + EUCLID3D<\/p>\n<p>[\/vc_column_text][\/vc_column_inner][\/vc_row_inner][vc_separator color=\u00a0\u00bbwhite\u00a0\u00bb][vc_row_inner][vc_column_inner width=\u00a0\u00bb1\/2&Prime;][vc_column_text el_class=\u00a0\u00bbprogetto-voci\u00a0\u00bb]DIMENSIONS ROBOT[\/vc_column_text][\/vc_column_inner][vc_column_inner width=\u00a0\u00bb1\/2&Prime;][vc_column_text el_class=\u00a0\u00bbprogetto-voci-valori\u00a0\u00bb]<\/p>\n<p>L 10.028 x H 3.300 mm<\/p>\n<p>[\/vc_column_text][\/vc_column_inner][\/vc_row_inner][vc_separator color=\u00a0\u00bbwhite\u00a0\u00bb][vc_row_inner][vc_column_inner width=\u00a0\u00bb1\/2&Prime;][vc_column_text el_class=\u00a0\u00bbprogetto-voci\u00a0\u00bb]CAPACIT\u00c9 BO\u00ceTES[\/vc_column_text][\/vc_column_inner][vc_column_inner width=\u00a0\u00bb1\/2&Prime;][vc_column_text el_class=\u00a0\u00bbprogetto-voci-valori\u00a0\u00bb]<\/p>\n<p>26.100<\/p>\n<p>[\/vc_column_text][\/vc_column_inner][\/vc_row_inner][vc_separator color=\u00a0\u00bbwhite\u00a0\u00bb][vc_row_inner][vc_column_inner width=\u00a0\u00bb1\/2&Prime;][vc_column_text el_class=\u00a0\u00bbprogetto-voci\u00a0\u00bb]POSITION ROBOT PAR RAPPORT AU COMPTOIR[\/vc_column_text][\/vc_column_inner][vc_column_inner width=\u00a0\u00bb1\/2&Prime;][vc_column_text el_class=\u00a0\u00bbprogetto-voci-valori\u00a0\u00bb]DERRI\u00c8RE LE COMPTOIR[\/vc_column_text][\/vc_column_inner][\/vc_row_inner][vc_separator color=\u00a0\u00bbwhite\u00a0\u00bb][vc_row_inner][vc_column_inner width=\u00a0\u00bb1\/2&Prime;][vc_column_text el_class=\u00a0\u00bbprogetto-voci\u00a0\u00bb]PRODUITS EN MOUVEMENT[\/vc_column_text][\/vc_column_inner][vc_column_inner width=\u00a0\u00bb1\/2&Prime;][vc_column_text el_class=\u00a0\u00bbprogetto-voci-valori\u00a0\u00bb]<\/p>\n<p>&gt; 1.000<\/p>\n<p>[\/vc_column_text][\/vc_column_inner][\/vc_row_inner][vc_separator color=\u00a0\u00bbwhite\u00a0\u00bb][vc_empty_space height=\u00a0\u00bb100px\u00a0\u00bb][\/vc_column][\/vc_row][vc_row full_width=\u00a0\u00bbstretch_row_content_no_spaces\u00a0\u00bb][vc_column el_class=\u00a0\u00bbfull-width-no-padding\u00a0\u00bb][vc_single_image image=\u00a0\u00bb6913&Prime; img_size=\u00a0\u00bbfull\u00a0\u00bb alignment=\u00a0\u00bbcenter\u00a0\u00bb]<style type=\"text\/css\" data-type=\"the7_shortcodes-inline-css\">#default-btn-0e4e87e5e968b404cd830fa571b9ffc3.ico-right-side > i {\n  margin-right: 0px;\n  margin-left: 8px;\n}\n#default-btn-0e4e87e5e968b404cd830fa571b9ffc3 > i {\n  margin-right: 8px;\n}\n<\/style><div class=\"btn-align-center\"><a href=\"https:\/\/www.pharmathek.com\/fr\/installations\/\" class=\"default-btn-shortcode dt-btn dt-btn-l link-hover-off weight-300 full-width-btn \" id=\"default-btn-0e4e87e5e968b404cd830fa571b9ffc3\" title=\"Installations\"><span>Retour \u00e0 la liste des installations<\/span><\/a><\/div>[\/vc_column][\/vc_row]<\/p>\n<\/div>","protected":false},"excerpt":{"rendered":"<p>Straubing (Allemagne)<\/p>\n","protected":false},"author":3,"featured_media":6910,"parent":0,"menu_order":0,"comment_status":"closed","ping_status":"closed","template":"","meta":{"inline_featured_image":false,"footnotes":""},"categories":[45,47],"tags":[],"class_list":["post-22169","page","type-page","status-publish","has-post-thumbnail","hentry","category-installations","category-pharmacies","description-off"],"_links":{"self":[{"href":"https:\/\/www.pharmathek.com\/fr\/wp-json\/wp\/v2\/pages\/22169","targetHints":{"allow":["GET"]}}],"collection":[{"href":"https:\/\/www.pharmathek.com\/fr\/wp-json\/wp\/v2\/pages"}],"about":[{"href":"https:\/\/www.pharmathek.com\/fr\/wp-json\/wp\/v2\/types\/page"}],"author":[{"embeddable":true,"href":"https:\/\/www.pharmathek.com\/fr\/wp-json\/wp\/v2\/users\/3"}],"replies":[{"embeddable":true,"href":"https:\/\/www.pharmathek.com\/fr\/wp-json\/wp\/v2\/comments?post=22169"}],"version-history":[{"count":5,"href":"https:\/\/www.pharmathek.com\/fr\/wp-json\/wp\/v2\/pages\/22169\/revisions"}],"predecessor-version":[{"id":22206,"href":"https:\/\/www.pharmathek.com\/fr\/wp-json\/wp\/v2\/pages\/22169\/revisions\/22206"}],"wp:featuredmedia":[{"embeddable":true,"href":"https:\/\/www.pharmathek.com\/fr\/wp-json\/wp\/v2\/media\/6910"}],"wp:attachment":[{"href":"https:\/\/www.pharmathek.com\/fr\/wp-json\/wp\/v2\/media?parent=22169"}],"wp:term":[{"taxonomy":"category","embeddable":true,"href":"https:\/\/www.pharmathek.com\/fr\/wp-json\/wp\/v2\/categories?post=22169"},{"taxonomy":"post_tag","embeddable":true,"href":"https:\/\/www.pharmathek.com\/fr\/wp-json\/wp\/v2\/tags?post=22169"}],"curies":[{"name":"wp","href":"https:\/\/api.w.org\/{rel}","templated":true}]}}