{"id":22195,"date":"2022-07-28T17:36:31","date_gmt":"2022-07-28T15:36:31","guid":{"rendered":"https:\/\/www.pharmathek.com\/?page_id=22195"},"modified":"2022-07-28T17:37:27","modified_gmt":"2022-07-28T15:37:27","slug":"pharmacie-im-dez-mestan","status":"publish","type":"page","link":"https:\/\/www.pharmathek.com\/fr\/pharmacie-im-dez-mestan\/","title":{"rendered":"Pharmacie Im Dez Mestan"},"content":{"rendered":"<div class=\"wpb-content-wrapper\"><p>[vc_row full_width=\u00a0\u00bbstretch_row_content\u00a0\u00bb equal_height=\u00a0\u00bbyes\u00a0\u00bb content_placement=\u00a0\u00bbmiddle\u00a0\u00bb bg_type=\u00a0\u00bbbg_color\u00a0\u00bb bg_override=\u00a0\u00bbfull\u00a0\u00bb bg_color_value=\u00a0\u00bb#eeeeef\u00a0\u00bb][vc_column width=\u00a0\u00bb1\/2&Prime; css=\u00a0\u00bb.vc_custom_1523960338488{padding-right: 0px !important;padding-left: 0px !important;}\u00a0\u00bb offset=\u00a0\u00bbvc_hidden-md vc_hidden-sm vc_hidden-xs\u00a0\u00bb][vc_single_image image=\u00a0\u00bb10674&Prime; img_size=\u00a0\u00bbfull\u00a0\u00bb][\/vc_column][vc_column width=\u00a0\u00bb1\/2&Prime; css=\u00a0\u00bb.vc_custom_1523960343032{padding-right: 100px !important;padding-left: 100px !important;}\u00a0\u00bb offset=\u00a0\u00bbvc_hidden-md vc_hidden-sm vc_hidden-xs\u00a0\u00bb][vc_empty_space]<div id=\"ultimate-heading-132769f381e77b196\" class=\"uvc-heading ult-adjust-bottom-margin ultimate-heading-132769f381e77b196 uvc-6434 head-section-title uvc-heading-default-font-sizes\" data-hspacer=\"no_spacer\"  data-halign=\"center\" style=\"text-align:center\"><div class=\"uvc-heading-spacer no_spacer\" style=\"top\"><\/div><div class=\"uvc-main-heading ult-responsive\"  data-ultimate-target='.uvc-heading.ultimate-heading-132769f381e77b196 p'  data-responsive-json-new='{\"font-size\":\"\",\"line-height\":\"\"}' ><p style=\"--font-weight:theme;\">PHARMACIE IM DEZ<\/p><\/div><div class=\"uvc-sub-heading ult-responsive\"  data-ultimate-target='.uvc-heading.ultimate-heading-132769f381e77b196 .uvc-sub-heading '  data-responsive-json-new='{\"font-size\":\"\",\"line-height\":\"\"}'  style=\"font-weight:normal;\"><\/p>\n<p><\/div><\/div>[vc_empty_space][vc_column_text el_class=\u00a0\u00bbtext-justify\u00a0\u00bb]La pharmacie Im Dez (en allemand, Apotheke Im Dez) est \u00e9quip\u00e9e d&rsquo;un robot Pharmathek.<\/p>\n<p>La d\u00e9cision d&rsquo;automatiser l&rsquo;entrep\u00f4t de la pharmacie a \u00e9t\u00e9 prise par le propri\u00e9taire, le Dr Mestan, \u00e0 l&rsquo;occasion de la r\u00e9novation des espaces.<\/p>\n<p>Le robot, install\u00e9 derri\u00e8re le comptoir des prescriptions mais s\u00e9par\u00e9 de la surface de vente par un mur, est \u00e9quip\u00e9 d&rsquo;un chargeur automatique <a href=\"https:\/\/www.pharmathek.com\/fr\/pharmaload\/\" target=\"_blank\" rel=\"noopener noreferrer\">Pharmaload<\/a>.<\/p>\n<p>La pharmacie Im Dez, situ\u00e9e \u00e0 Innsbruck, la capitale de la r\u00e9gion du Tyrol (Autriche), est l&rsquo;une des nombreuses pharmacies autrichiennes qui ont choisi Pharmathek pour l&rsquo;automatisation des entrep\u00f4ts.[\/vc_column_text][vc_empty_space][\/vc_column][\/vc_row][vc_row full_width=\u00a0\u00bbstretch_row_content\u00a0\u00bb equal_height=\u00a0\u00bbyes\u00a0\u00bb content_placement=\u00a0\u00bbmiddle\u00a0\u00bb bg_type=\u00a0\u00bbbg_color\u00a0\u00bb bg_override=\u00a0\u00bbfull\u00a0\u00bb bg_color_value=\u00a0\u00bb#eeeeef\u00a0\u00bb][vc_column css=\u00a0\u00bb.vc_custom_1524126670718{padding-right: 0px !important;padding-left: 0px !important;}\u00a0\u00bb offset=\u00a0\u00bbvc_hidden-lg\u00a0\u00bb el_class=\u00a0\u00bbfull-width-no-padding\u00a0\u00bb][vc_single_image image=\u00a0\u00bb10674&Prime; img_size=\u00a0\u00bbfull\u00a0\u00bb][vc_empty_space]<div id=\"ultimate-heading-922469f381e77b23f\" class=\"uvc-heading ult-adjust-bottom-margin ultimate-heading-922469f381e77b23f uvc-3464 head-section-title uvc-heading-default-font-sizes\" data-hspacer=\"no_spacer\"  data-halign=\"center\" style=\"text-align:center\"><div class=\"uvc-heading-spacer no_spacer\" style=\"top\"><\/div><div class=\"uvc-main-heading ult-responsive\"  data-ultimate-target='.uvc-heading.ultimate-heading-922469f381e77b23f p'  data-responsive-json-new='{\"font-size\":\"\",\"line-height\":\"\"}' ><p style=\"--font-weight:theme;\">PHARMACIE IM DEZ<\/p><\/div><div class=\"uvc-sub-heading ult-responsive\"  data-ultimate-target='.uvc-heading.ultimate-heading-922469f381e77b23f .uvc-sub-heading '  data-responsive-json-new='{\"font-size\":\"\",\"line-height\":\"\"}'  style=\"font-weight:normal;\"><\/p>\n<p><\/div><\/div>[vc_empty_space][vc_column_text el_class=\u00a0\u00bbtext-justify\u00a0\u00bb]La pharmacie Im Dez (en allemand, Apotheke Im Dez) est \u00e9quip\u00e9e d&rsquo;un robot Pharmathek.<\/p>\n<p>La d\u00e9cision d&rsquo;automatiser l&rsquo;entrep\u00f4t de la pharmacie a \u00e9t\u00e9 prise par le propri\u00e9taire, le Dr Mestan, \u00e0 l&rsquo;occasion de la r\u00e9novation des espaces.<\/p>\n<p>Le robot, install\u00e9 derri\u00e8re le comptoir des prescriptions mais s\u00e9par\u00e9 de la surface de vente par un mur, est \u00e9quip\u00e9 d&rsquo;un chargeur automatique <a href=\"https:\/\/www.pharmathek.com\/fr\/pharmaload\/\" target=\"_blank\" rel=\"noopener noreferrer\">Pharmaload<\/a>.<\/p>\n<p>La pharmacie Im Dez, situ\u00e9e \u00e0 Innsbruck, la capitale de la r\u00e9gion du Tyrol (Autriche), est l&rsquo;une des nombreuses pharmacies autrichiennes qui ont choisi Pharmathek pour l&rsquo;automatisation des entrep\u00f4ts.[\/vc_column_text][vc_empty_space][\/vc_column][\/vc_row][vc_row][vc_column offset=\u00a0\u00bbvc_hidden-md vc_hidden-sm vc_hidden-xs\u00a0\u00bb][vc_empty_space height=\u00a0\u00bb100px\u00a0\u00bb][vc_single_image image=\u00a0\u00bb10667&Prime; img_size=\u00a0\u00bbfull\u00a0\u00bb alignment=\u00a0\u00bbcenter\u00a0\u00bb][vc_empty_space]<div id=\"ultimate-heading-888369f381e77b2c5\" class=\"uvc-heading ult-adjust-bottom-margin ultimate-heading-888369f381e77b2c5 uvc-4010 head-section-title uvc-heading-default-font-sizes\" data-hspacer=\"no_spacer\"  data-halign=\"center\" style=\"text-align:center\"><div class=\"uvc-heading-spacer no_spacer\" style=\"top\"><\/div><div class=\"uvc-main-heading ult-responsive\"  data-ultimate-target='.uvc-heading.ultimate-heading-888369f381e77b2c5 p'  data-responsive-json-new='{\"font-size\":\"\",\"line-height\":\"\"}' ><p style=\"--font-weight:theme;\">LA PAROLE AU PHARMACIEN<\/p><\/div><\/div>[vc_empty_space][vc_column_text el_class=\u00a0\u00bbtext-justify\u00a0\u00bb]<strong>Pourquoi avez-vous choisi de robotiser la pharmacie ?<\/strong><\/p>\n<p>J&rsquo;ai choisi d&rsquo;installer un robot d&rsquo;entrep\u00f4t suite \u00e0 l&rsquo;important projet de modernisation de la pharmacie que j&rsquo;ai acquis en 2012.<\/p>\n<p>La pharmacie \u00e9tant situ\u00e9e dans un centre commercial tr\u00e8s fr\u00e9quent\u00e9, tout, du besoin de moderniser la gestion des pharmacies et des produits \u00e0 la volont\u00e9 d&rsquo;agrandir la surface de vente, a logiquement conduit au choix d&rsquo;installer un entrep\u00f4t robotis\u00e9.<\/p>\n<p>&nbsp;<\/p>\n<p><strong>Qu&rsquo;est-ce qui vous a amen\u00e9 \u00e0 choisir Pharmathek pour l&rsquo;automatisation de votre pharmacie ?<\/strong><\/p>\n<p>Pour la qualit\u00e9 des solutions d&rsquo;automatisation propos\u00e9es, et surtout pour l&rsquo;approche comp\u00e9tente et attentive d\u00e8s le premier contact.<\/p>\n<p>&nbsp;<\/p>\n<p><strong>Comment le travail en pharmacie a-t-il chang\u00e9 depuis l&rsquo;installation du robot ?<\/strong><\/p>\n<p>Il a d\u00e9finitivement chang\u00e9 pour le mieux. Maintenant, nous n&rsquo;avons plus \u00e0 laisser les clients au comptoir pour aller chercher les m\u00e9dicaments dans le back-office mais nous pouvons valoriser l\u2019exp\u00e9rience client. Cela nous permet de mieux les conseiller et de r\u00e9aliser de nombreuses ventes suppl\u00e9mentaires.<br \/>\nEn plus de cela, du point de vue de la gestion des produits, le flux de travail est beaucoup plus simple : le stockage et la collecte des produits sont automatiques, l&rsquo;inventaire est toujours mis \u00e0 jour en temps r\u00e9el et sans erreur&#8230;<\/p>\n<p>&nbsp;<\/p>\n<p><strong>Comment a r\u00e9agi votre client\u00e8le face \u00e0 ce nouveau robot ?<\/strong><\/p>\n<p>Les clients ont \u00e9t\u00e9 fascin\u00e9s par le syst\u00e8me automatis\u00e9, ils l&rsquo;observent et montrent beaucoup d&rsquo;int\u00e9r\u00eat pour le robot.<\/p>\n<p>&nbsp;<\/p>\n<p><strong>Recommanderiez-vous Pharmathek \u00e0 vos coll\u00e8gues ?<\/strong><\/p>\n<p>Bien s\u00fbr ![\/vc_column_text][vc_empty_space height=\u00a0\u00bb100px\u00a0\u00bb][\/vc_column][\/vc_row][vc_row][vc_column offset=\u00a0\u00bbvc_hidden-lg\u00a0\u00bb][vc_empty_space height=\u00a0\u00bb50px\u00a0\u00bb][vc_single_image image=\u00a0\u00bb10667&Prime; img_size=\u00a0\u00bbfull\u00a0\u00bb alignment=\u00a0\u00bbcenter\u00a0\u00bb][vc_empty_space]<div id=\"ultimate-heading-822269f381e77b345\" class=\"uvc-heading ult-adjust-bottom-margin ultimate-heading-822269f381e77b345 uvc-5683 head-section-title uvc-heading-default-font-sizes\" data-hspacer=\"no_spacer\"  data-halign=\"center\" style=\"text-align:center\"><div class=\"uvc-heading-spacer no_spacer\" style=\"top\"><\/div><div class=\"uvc-main-heading ult-responsive\"  data-ultimate-target='.uvc-heading.ultimate-heading-822269f381e77b345 p'  data-responsive-json-new='{\"font-size\":\"\",\"line-height\":\"\"}' ><p style=\"--font-weight:theme;\">LA PAROLE AU PHARMACIEN<\/p><\/div><\/div>[vc_empty_space][vc_column_text el_class=\u00a0\u00bbtext-justify\u00a0\u00bb]<strong>Pourquoi avez-vous choisi de robotiser la pharmacie ?<\/strong><\/p>\n<p>J&rsquo;ai choisi d&rsquo;installer un robot d&rsquo;entrep\u00f4t suite \u00e0 l&rsquo;important projet de modernisation de la pharmacie que j&rsquo;ai acquis en 2012.<\/p>\n<p>La pharmacie \u00e9tant situ\u00e9e dans un centre commercial tr\u00e8s fr\u00e9quent\u00e9, tout, du besoin de moderniser la gestion des pharmacies et des produits \u00e0 la volont\u00e9 d&rsquo;agrandir la surface de vente, a logiquement conduit au choix d&rsquo;installer un entrep\u00f4t robotis\u00e9.<\/p>\n<p>&nbsp;<\/p>\n<p><strong>Qu&rsquo;est-ce qui vous a amen\u00e9 \u00e0 choisir Pharmathek pour l&rsquo;automatisation de votre pharmacie ?<\/strong><\/p>\n<p>Pour la qualit\u00e9 des solutions d&rsquo;automatisation propos\u00e9es, et surtout pour l&rsquo;approche comp\u00e9tente et attentive d\u00e8s le premier contact.<\/p>\n<p>&nbsp;<\/p>\n<p><strong>Comment le travail en pharmacie a-t-il chang\u00e9 depuis l&rsquo;installation du robot ?<\/strong><\/p>\n<p>Il a d\u00e9finitivement chang\u00e9 pour le mieux. Maintenant, nous n&rsquo;avons plus \u00e0 laisser les clients au comptoir pour aller chercher les m\u00e9dicaments dans le back-office mais nous pouvons valoriser l\u2019exp\u00e9rience client. Cela nous permet de mieux les conseiller et de r\u00e9aliser de nombreuses ventes suppl\u00e9mentaires.<br \/>\nEn plus de cela, du point de vue de la gestion des produits, le flux de travail est beaucoup plus simple : le stockage et la collecte des produits sont automatiques, l&rsquo;inventaire est toujours mis \u00e0 jour en temps r\u00e9el et sans erreur&#8230;<\/p>\n<p>&nbsp;<\/p>\n<p><strong>Comment a r\u00e9agi votre client\u00e8le face \u00e0 ce nouveau robot ?<\/strong><\/p>\n<p>Les clients ont \u00e9t\u00e9 fascin\u00e9s par le syst\u00e8me automatis\u00e9, ils l&rsquo;observent et montrent beaucoup d&rsquo;int\u00e9r\u00eat pour le robot.<\/p>\n<p>&nbsp;<\/p>\n<p><strong>Recommanderiez-vous Pharmathek \u00e0 vos coll\u00e8gues ?<\/strong><\/p>\n<p>Bien s\u00fbr ![\/vc_column_text][vc_empty_space height=\u00a0\u00bb50px\u00a0\u00bb][\/vc_column][\/vc_row][vc_row full_width=\u00a0\u00bbstretch_row\u00a0\u00bb bg_type=\u00a0\u00bbbg_color\u00a0\u00bb bg_override=\u00a0\u00bbfull\u00a0\u00bb bg_color_value=\u00a0\u00bb#eeeeef\u00a0\u00bb][vc_column offset=\u00a0\u00bbvc_hidden-md vc_hidden-sm vc_hidden-xs\u00a0\u00bb][vc_empty_space height=\u00a0\u00bb100px\u00a0\u00bb]<div id=\"ultimate-heading-996869f381e77b3d9\" class=\"uvc-heading ult-adjust-bottom-margin ultimate-heading-996869f381e77b3d9 uvc-7293 head-section-title uvc-heading-default-font-sizes\" data-hspacer=\"no_spacer\"  data-halign=\"center\" style=\"text-align:center\"><div class=\"uvc-heading-spacer no_spacer\" style=\"top\"><\/div><div class=\"uvc-main-heading ult-responsive\"  data-ultimate-target='.uvc-heading.ultimate-heading-996869f381e77b3d9 h2'  data-responsive-json-new='{\"font-size\":\"\",\"line-height\":\"\"}' ><h2 style=\"--font-weight:theme;\">GALERIE<\/h2><\/div><\/div>[vc_empty_space height=\u00a0\u00bb50px\u00a0\u00bb][vc_masonry_media_grid element_width=\u00a0\u00bb3&Prime; gap=\u00a0\u00bb10&Prime; grid_id=\u00a0\u00bbvc_gid:1659021932915-e26449e0-66f6-7&Prime; include=\u00a0\u00bb10653,10646,10639,10660&Prime;][vc_empty_space height=\u00a0\u00bb100px\u00a0\u00bb][\/vc_column][\/vc_row][vc_row full_width=\u00a0\u00bbstretch_row\u00a0\u00bb bg_type=\u00a0\u00bbbg_color\u00a0\u00bb bg_override=\u00a0\u00bbfull\u00a0\u00bb bg_color_value=\u00a0\u00bb#eeeeef\u00a0\u00bb][vc_column offset=\u00a0\u00bbvc_hidden-lg\u00a0\u00bb][vc_empty_space height=\u00a0\u00bb50px\u00a0\u00bb]<div id=\"ultimate-heading-65169f381e77b452\" class=\"uvc-heading ult-adjust-bottom-margin ultimate-heading-65169f381e77b452 uvc-8627 head-section-title uvc-heading-default-font-sizes\" data-hspacer=\"no_spacer\"  data-halign=\"center\" style=\"text-align:center\"><div class=\"uvc-heading-spacer no_spacer\" style=\"top\"><\/div><div class=\"uvc-main-heading ult-responsive\"  data-ultimate-target='.uvc-heading.ultimate-heading-65169f381e77b452 h2'  data-responsive-json-new='{\"font-size\":\"\",\"line-height\":\"\"}' ><h2 style=\"--font-weight:theme;\">GALERIE<\/h2><\/div><\/div>[vc_empty_space height=\u00a0\u00bb50px\u00a0\u00bb][vc_masonry_media_grid element_width=\u00a0\u00bb3&Prime; gap=\u00a0\u00bb10&Prime; grid_id=\u00a0\u00bbvc_gid:1659021932918-69462bc5-1f34-5&Prime; include=\u00a0\u00bb10653,10646,10639,10660&Prime;][vc_empty_space height=\u00a0\u00bb50px\u00a0\u00bb][\/vc_column][\/vc_row][vc_row full_width=\u00a0\u00bbstretch_row\u00a0\u00bb bg_type=\u00a0\u00bbimage\u00a0\u00bb parallax_style=\u00a0\u00bbvcpb-default\u00a0\u00bb bg_image_new=\u00a0\u00bbid^1166|url^http:\/\/www.pharmathek.com\/wp-content\/uploads\/2018\/03\/farmacia-specifiche-background.jpg|caption^null|alt^null|title^farmacia-specifiche-background|description^null\u00a0\u00bb bg_image_repeat=\u00a0\u00bbno-repeat\u00a0\u00bb bg_override=\u00a0\u00bbfull\u00a0\u00bb][vc_column][vc_empty_space height=\u00a0\u00bb100px\u00a0\u00bb]<div id=\"ultimate-heading-732069f381e77b4c8\" class=\"uvc-heading ult-adjust-bottom-margin ultimate-heading-732069f381e77b4c8 uvc-2360 head-section-title text-white uvc-heading-default-font-sizes\" data-hspacer=\"no_spacer\"  data-halign=\"center\" style=\"text-align:center\"><div class=\"uvc-heading-spacer no_spacer\" style=\"top\"><\/div><div class=\"uvc-main-heading ult-responsive\"  data-ultimate-target='.uvc-heading.ultimate-heading-732069f381e77b4c8 h2'  data-responsive-json-new='{\"font-size\":\"\",\"line-height\":\"\"}' ><h2 style=\"--font-weight:theme;\">LE PROJET<\/h2><\/div><\/div>[vc_empty_space height=\u00a0\u00bb50px\u00a0\u00bb][vc_separator color=\u00a0\u00bbwhite\u00a0\u00bb][vc_separator color=\u00a0\u00bbwhite\u00a0\u00bb][vc_row_inner][vc_column_inner width=\u00a0\u00bb1\/2&Prime;][vc_column_text el_class=\u00a0\u00bbprogetto-voci\u00a0\u00bb]SOLUTIONS PHARMATHEK[\/vc_column_text][\/vc_column_inner][vc_column_inner width=\u00a0\u00bb1\/2&Prime;][vc_column_text el_class=\u00a0\u00bbprogetto-voci-valori\u00a0\u00bb]<\/p>\n<p>SINTESI + PHARMALOAD<\/p>\n<p>[\/vc_column_text][\/vc_column_inner][\/vc_row_inner][vc_separator color=\u00a0\u00bbwhite\u00a0\u00bb][vc_row_inner][vc_column_inner width=\u00a0\u00bb1\/2&Prime;][vc_column_text el_class=\u00a0\u00bbprogetto-voci\u00a0\u00bb]DIMENSIONS ROBOT[\/vc_column_text][\/vc_column_inner][vc_column_inner width=\u00a0\u00bb1\/2&Prime;][vc_column_text el_class=\u00a0\u00bbprogetto-voci-valori\u00a0\u00bb]<\/p>\n<p>L 8.547 x H 3.500 mm<\/p>\n<p>[\/vc_column_text][\/vc_column_inner][\/vc_row_inner][vc_separator color=\u00a0\u00bbwhite\u00a0\u00bb][vc_row_inner][vc_column_inner width=\u00a0\u00bb1\/2&Prime;][vc_column_text el_class=\u00a0\u00bbprogetto-voci\u00a0\u00bb]CAPACIT\u00c9 BO\u00ceTES[\/vc_column_text][\/vc_column_inner][vc_column_inner width=\u00a0\u00bb1\/2&Prime;][vc_column_text el_class=\u00a0\u00bbprogetto-voci-valori\u00a0\u00bb]<\/p>\n<p>26.100<\/p>\n<p>[\/vc_column_text][\/vc_column_inner][\/vc_row_inner][vc_separator color=\u00a0\u00bbwhite\u00a0\u00bb][vc_row_inner][vc_column_inner width=\u00a0\u00bb1\/2&Prime;][vc_column_text el_class=\u00a0\u00bbprogetto-voci\u00a0\u00bb]POSITION ROBOT PAR RAPPORT AU COMPTOIR[\/vc_column_text][\/vc_column_inner][vc_column_inner width=\u00a0\u00bb1\/2&Prime;][vc_column_text el_class=\u00a0\u00bbprogetto-voci-valori\u00a0\u00bb]DERRI\u00c8RE LE COMPTOIR[\/vc_column_text][\/vc_column_inner][\/vc_row_inner][vc_separator color=\u00a0\u00bbwhite\u00a0\u00bb][vc_row_inner][vc_column_inner width=\u00a0\u00bb1\/2&Prime;][vc_column_text el_class=\u00a0\u00bbprogetto-voci\u00a0\u00bb]PRODUITS EN MOUVEMENT[\/vc_column_text][\/vc_column_inner][vc_column_inner width=\u00a0\u00bb1\/2&Prime;][vc_column_text el_class=\u00a0\u00bbprogetto-voci-valori\u00a0\u00bb]entre 500 et 1000[\/vc_column_text][\/vc_column_inner][\/vc_row_inner][vc_separator color=\u00a0\u00bbwhite\u00a0\u00bb][vc_empty_space height=\u00a0\u00bb100px\u00a0\u00bb][\/vc_column][\/vc_row][vc_row full_width=\u00a0\u00bbstretch_row_content_no_spaces\u00a0\u00bb][vc_column el_class=\u00a0\u00bbfull-width-no-padding\u00a0\u00bb][vc_single_image image=\u00a0\u00bb10632&Prime; img_size=\u00a0\u00bbfull\u00a0\u00bb alignment=\u00a0\u00bbcenter\u00a0\u00bb]<style type=\"text\/css\" data-type=\"the7_shortcodes-inline-css\">#default-btn-0e4e87e5e968b404cd830fa571b9ffc3.ico-right-side > i {\n  margin-right: 0px;\n  margin-left: 8px;\n}\n#default-btn-0e4e87e5e968b404cd830fa571b9ffc3 > i {\n  margin-right: 8px;\n}\n<\/style><div class=\"btn-align-center\"><a href=\"https:\/\/www.pharmathek.com\/fr\/installations\/\" class=\"default-btn-shortcode dt-btn dt-btn-l link-hover-off weight-300 full-width-btn \" id=\"default-btn-0e4e87e5e968b404cd830fa571b9ffc3\" title=\"Installations\"><span>Retour \u00e0 la liste des installations<\/span><\/a><\/div>[\/vc_column][\/vc_row]<\/p>\n<\/div>","protected":false},"excerpt":{"rendered":"<p>Innsbruck (Autriche)<\/p>\n","protected":false},"author":3,"featured_media":10622,"parent":0,"menu_order":0,"comment_status":"closed","ping_status":"closed","template":"","meta":{"inline_featured_image":false,"footnotes":""},"categories":[45,47],"tags":[],"class_list":["post-22195","page","type-page","status-publish","has-post-thumbnail","hentry","category-installations","category-pharmacies","description-off"],"_links":{"self":[{"href":"https:\/\/www.pharmathek.com\/fr\/wp-json\/wp\/v2\/pages\/22195","targetHints":{"allow":["GET"]}}],"collection":[{"href":"https:\/\/www.pharmathek.com\/fr\/wp-json\/wp\/v2\/pages"}],"about":[{"href":"https:\/\/www.pharmathek.com\/fr\/wp-json\/wp\/v2\/types\/page"}],"author":[{"embeddable":true,"href":"https:\/\/www.pharmathek.com\/fr\/wp-json\/wp\/v2\/users\/3"}],"replies":[{"embeddable":true,"href":"https:\/\/www.pharmathek.com\/fr\/wp-json\/wp\/v2\/comments?post=22195"}],"version-history":[{"count":3,"href":"https:\/\/www.pharmathek.com\/fr\/wp-json\/wp\/v2\/pages\/22195\/revisions"}],"predecessor-version":[{"id":22200,"href":"https:\/\/www.pharmathek.com\/fr\/wp-json\/wp\/v2\/pages\/22195\/revisions\/22200"}],"wp:featuredmedia":[{"embeddable":true,"href":"https:\/\/www.pharmathek.com\/fr\/wp-json\/wp\/v2\/media\/10622"}],"wp:attachment":[{"href":"https:\/\/www.pharmathek.com\/fr\/wp-json\/wp\/v2\/media?parent=22195"}],"wp:term":[{"taxonomy":"category","embeddable":true,"href":"https:\/\/www.pharmathek.com\/fr\/wp-json\/wp\/v2\/categories?post=22195"},{"taxonomy":"post_tag","embeddable":true,"href":"https:\/\/www.pharmathek.com\/fr\/wp-json\/wp\/v2\/tags?post=22195"}],"curies":[{"name":"wp","href":"https:\/\/api.w.org\/{rel}","templated":true}]}}