{"id":22257,"date":"2022-07-29T11:51:50","date_gmt":"2022-07-29T09:51:50","guid":{"rendered":"https:\/\/www.pharmathek.com\/?page_id=22257"},"modified":"2022-07-29T11:51:50","modified_gmt":"2022-07-29T09:51:50","slug":"pharmacie-schloss","status":"publish","type":"page","link":"https:\/\/www.pharmathek.com\/fr\/pharmacie-schloss\/","title":{"rendered":"Pharmacie Schloss"},"content":{"rendered":"<div class=\"wpb-content-wrapper\"><p>[vc_row full_width=\u00a0\u00bbstretch_row_content\u00a0\u00bb equal_height=\u00a0\u00bbyes\u00a0\u00bb content_placement=\u00a0\u00bbmiddle\u00a0\u00bb bg_type=\u00a0\u00bbbg_color\u00a0\u00bb bg_override=\u00a0\u00bbfull\u00a0\u00bb bg_color_value=\u00a0\u00bb#eeeeef\u00a0\u00bb][vc_column width=\u00a0\u00bb1\/2&Prime; css=\u00a0\u00bb.vc_custom_1523960338488{padding-right: 0px !important;padding-left: 0px !important;}\u00a0\u00bb offset=\u00a0\u00bbvc_hidden-md vc_hidden-sm vc_hidden-xs\u00a0\u00bb][vc_single_image image=\u00a0\u00bb10603&Prime; img_size=\u00a0\u00bbfull\u00a0\u00bb][\/vc_column][vc_column width=\u00a0\u00bb1\/2&Prime; css=\u00a0\u00bb.vc_custom_1523960343032{padding-right: 100px !important;padding-left: 100px !important;}\u00a0\u00bb offset=\u00a0\u00bbvc_hidden-md vc_hidden-sm vc_hidden-xs\u00a0\u00bb][vc_empty_space]<div id=\"ultimate-heading-2016a073834a7d80\" class=\"uvc-heading ult-adjust-bottom-margin ultimate-heading-2016a073834a7d80 uvc-9245 head-section-title uvc-heading-default-font-sizes\" data-hspacer=\"no_spacer\"  data-halign=\"center\" style=\"text-align:center\"><div class=\"uvc-heading-spacer no_spacer\" style=\"top\"><\/div><div class=\"uvc-main-heading ult-responsive\"  data-ultimate-target='.uvc-heading.ultimate-heading-2016a073834a7d80 p'  data-responsive-json-new='{\"font-size\":\"\",\"line-height\":\"\"}' ><p style=\"--font-weight:theme;\">PHARMACIE SCHLOSS<\/p><\/div><div class=\"uvc-sub-heading ult-responsive\"  data-ultimate-target='.uvc-heading.ultimate-heading-2016a073834a7d80 .uvc-sub-heading '  data-responsive-json-new='{\"font-size\":\"\",\"line-height\":\"\"}'  style=\"font-weight:normal;\"><\/p>\n<p><\/div><\/div>[vc_empty_space][vc_column_text el_class=\u00a0\u00bbtext-justify\u00a0\u00bb]La pharmacie Schloss (en allemand, Schlo\u00df-Apotheke) est \u00e9quip\u00e9e d&rsquo;un robot Pharmathek.<\/p>\n<p>La d\u00e9cision d&rsquo;automatiser l&rsquo;entrep\u00f4t de la pharmacie a \u00e9t\u00e9 prise par le Dr Lickleder lors de la r\u00e9novation des espaces.<\/p>\n<p>Le robot, install\u00e9 derri\u00e8re le comptoir mais s\u00e9par\u00e9 de l&rsquo;espace de vente par un mur, se caract\u00e9rise par sa couleur noire mate et la d\u00e9coration artistique appliqu\u00e9e sur les panneaux qui font face au back office de la pharmacie.<\/p>\n<p>La pharmacie Schloss, situ\u00e9e \u00e0 Roth, une ville allemande au sud de Nuremberg, est l&rsquo;une des nombreuses pharmacies allemandes qui ont choisi Pharmathek pour l&rsquo;automatisation des entrep\u00f4ts.[\/vc_column_text][vc_empty_space][\/vc_column][\/vc_row][vc_row full_width=\u00a0\u00bbstretch_row_content\u00a0\u00bb equal_height=\u00a0\u00bbyes\u00a0\u00bb content_placement=\u00a0\u00bbmiddle\u00a0\u00bb bg_type=\u00a0\u00bbbg_color\u00a0\u00bb bg_override=\u00a0\u00bbfull\u00a0\u00bb bg_color_value=\u00a0\u00bb#eeeeef\u00a0\u00bb][vc_column css=\u00a0\u00bb.vc_custom_1524126670718{padding-right: 0px !important;padding-left: 0px !important;}\u00a0\u00bb offset=\u00a0\u00bbvc_hidden-lg\u00a0\u00bb el_class=\u00a0\u00bbfull-width-no-padding\u00a0\u00bb][vc_single_image image=\u00a0\u00bb10603&Prime; img_size=\u00a0\u00bbfull\u00a0\u00bb][vc_empty_space]<div id=\"ultimate-heading-29616a073834a7e2c\" class=\"uvc-heading ult-adjust-bottom-margin ultimate-heading-29616a073834a7e2c uvc-5330 head-section-title uvc-heading-default-font-sizes\" data-hspacer=\"no_spacer\"  data-halign=\"center\" style=\"text-align:center\"><div class=\"uvc-heading-spacer no_spacer\" style=\"top\"><\/div><div class=\"uvc-main-heading ult-responsive\"  data-ultimate-target='.uvc-heading.ultimate-heading-29616a073834a7e2c p'  data-responsive-json-new='{\"font-size\":\"\",\"line-height\":\"\"}' ><p style=\"--font-weight:theme;\">PHARMACIE SCHLOSS<\/p><\/div><div class=\"uvc-sub-heading ult-responsive\"  data-ultimate-target='.uvc-heading.ultimate-heading-29616a073834a7e2c .uvc-sub-heading '  data-responsive-json-new='{\"font-size\":\"\",\"line-height\":\"\"}'  style=\"font-weight:normal;\"><\/p>\n<p><\/div><\/div>[vc_empty_space][vc_column_text el_class=\u00a0\u00bbtext-justify\u00a0\u00bb]La pharmacie Schloss (en allemand, Schlo\u00df-Apotheke) est \u00e9quip\u00e9e d&rsquo;un robot Pharmathek.<\/p>\n<p>La d\u00e9cision d&rsquo;automatiser l&rsquo;entrep\u00f4t de la pharmacie a \u00e9t\u00e9 prise par le Dr Lickleder lors de la r\u00e9novation des espaces.<\/p>\n<p>Le robot, install\u00e9 derri\u00e8re le comptoir mais s\u00e9par\u00e9 de l&rsquo;espace de vente par un mur, se caract\u00e9rise par sa couleur noire mate et la d\u00e9coration artistique appliqu\u00e9e sur les panneaux qui font face au back office de la pharmacie.<\/p>\n<p>La pharmacie Schloss, situ\u00e9e \u00e0 Roth, une ville allemande au sud de Nuremberg, est l&rsquo;une des nombreuses pharmacies allemandes qui ont choisi Pharmathek pour l&rsquo;automatisation des entrep\u00f4ts.[\/vc_column_text][vc_empty_space][\/vc_column][\/vc_row][vc_row][vc_column offset=\u00a0\u00bbvc_hidden-md vc_hidden-sm vc_hidden-xs\u00a0\u00bb][vc_empty_space height=\u00a0\u00bb100px\u00a0\u00bb][vc_single_image image=\u00a0\u00bb10596&Prime; img_size=\u00a0\u00bbfull\u00a0\u00bb alignment=\u00a0\u00bbcenter\u00a0\u00bb][vc_empty_space]<div id=\"ultimate-heading-24776a073834a7eb8\" class=\"uvc-heading ult-adjust-bottom-margin ultimate-heading-24776a073834a7eb8 uvc-4234 head-section-title uvc-heading-default-font-sizes\" data-hspacer=\"no_spacer\"  data-halign=\"center\" style=\"text-align:center\"><div class=\"uvc-heading-spacer no_spacer\" style=\"top\"><\/div><div class=\"uvc-main-heading ult-responsive\"  data-ultimate-target='.uvc-heading.ultimate-heading-24776a073834a7eb8 p'  data-responsive-json-new='{\"font-size\":\"\",\"line-height\":\"\"}' ><p style=\"--font-weight:theme;\">LA PAROLE AU PHARMACIEN<\/p><\/div><\/div>[vc_empty_space][vc_column_text el_class=\u00a0\u00bbtext-justify\u00a0\u00bb]<\/p>\n<h4>Pourquoi avez-vous choisi de robotiser la pharmacie ?<\/h4>\n<p>J&rsquo;ai d\u00e9cid\u00e9 de robotiser ma pharmacie car je suis convaincue que l&rsquo;automatisation est un outil essentiel pour toute pharmacie moderne. L&rsquo;installation a notamment eu lieu \u00e0 l&rsquo;occasion de la r\u00e9novation des espaces de la pharmacie.<\/p>\n<p>&nbsp;<\/p>\n<h4>Qu&rsquo;est-ce qui vous a amen\u00e9 \u00e0 choisir Pharmathek pour l&rsquo;automatisation de votre pharmacie ?<\/h4>\n<p>Mes collaborateurs et moi-m\u00eame avons soigneusement examin\u00e9 une grande vari\u00e9t\u00e9 de solutions d&rsquo;automatisation et de fournisseurs. Entre autres, Pharmathek m&rsquo;avait permis de visiter l&rsquo;usine de production en Italie, me permettant d&rsquo;assister personnellement \u00e0 la cr\u00e9ation des robots.<br \/>\nBien qu&rsquo;\u00e0 l&rsquo;\u00e9poque du choix c&rsquo;\u00e9tait encore une entreprise peu connue en Allemagne, j&rsquo;ai d\u00e9cid\u00e9 de faire confiance \u00e0 Pharmathek \u00e0 la fois parce que j&rsquo;\u00e9tais convaincue par le processus de production, solide et lin\u00e9aire, et parce qu&rsquo;il avait un excellent rapport qualit\u00e9-prix.<br \/>\nLe transport depuis l&rsquo;Italie et le montage ont \u00e9t\u00e9 impeccables, rapides et pr\u00e9cis.<\/p>\n<p>&nbsp;<\/p>\n<h4>Que pensez-vous du r\u00e9sultat ?<\/h4>\n<p>Je suis tr\u00e8s satisfaite. Le robot s&rsquo;est parfaitement int\u00e9gr\u00e9 \u00e0 notre fa\u00e7on de travailler \u00e0 tel point qu&rsquo;il m\u00e9rite, en tant que membre de l&rsquo;\u00e9quipe, un nom \u00e0 lui tout seul : Luigi.<br \/>\nLe robot fait preuve d&rsquo;une grande fiabilit\u00e9 et demande peu d&rsquo;entretien, je dirais qu&rsquo;il est devenu indispensable pour nous tous.<br \/>\nBien s\u00fbr, l&rsquo;un des points les plus importants \u00e0 consid\u00e9rer lors du choix de l&rsquo;automatisation \u00e0 adopter reste un bon service client &#8211; et c&rsquo;est l\u00e0 que Pharmathek \u00e9tablit la norme.[\/vc_column_text][vc_empty_space height=\u00a0\u00bb100px\u00a0\u00bb][\/vc_column][\/vc_row][vc_row][vc_column offset=\u00a0\u00bbvc_hidden-lg\u00a0\u00bb][vc_empty_space height=\u00a0\u00bb50px\u00a0\u00bb][vc_single_image image=\u00a0\u00bb10596&Prime; img_size=\u00a0\u00bbfull\u00a0\u00bb alignment=\u00a0\u00bbcenter\u00a0\u00bb][vc_empty_space]<div id=\"ultimate-heading-68076a073834a7f36\" class=\"uvc-heading ult-adjust-bottom-margin ultimate-heading-68076a073834a7f36 uvc-2013 head-section-title uvc-heading-default-font-sizes\" data-hspacer=\"no_spacer\"  data-halign=\"center\" style=\"text-align:center\"><div class=\"uvc-heading-spacer no_spacer\" style=\"top\"><\/div><div class=\"uvc-main-heading ult-responsive\"  data-ultimate-target='.uvc-heading.ultimate-heading-68076a073834a7f36 p'  data-responsive-json-new='{\"font-size\":\"\",\"line-height\":\"\"}' ><p style=\"--font-weight:theme;\">LA PAROLE AU PHARMACIEN<\/p><\/div><\/div>[vc_empty_space][vc_column_text el_class=\u00a0\u00bbtext-justify\u00a0\u00bb]<\/p>\n<h4>Pourquoi avez-vous choisi de robotiser la pharmacie ?<\/h4>\n<p>J&rsquo;ai d\u00e9cid\u00e9 de robotiser ma pharmacie car je suis convaincue que l&rsquo;automatisation est un outil essentiel pour toute pharmacie moderne. L&rsquo;installation a notamment eu lieu \u00e0 l&rsquo;occasion de la r\u00e9novation des espaces de la pharmacie.<\/p>\n<p>&nbsp;<\/p>\n<h4>Qu&rsquo;est-ce qui vous a amen\u00e9 \u00e0 choisir Pharmathek pour l&rsquo;automatisation de votre pharmacie ?<\/h4>\n<p>Mes collaborateurs et moi-m\u00eame avons soigneusement examin\u00e9 une grande vari\u00e9t\u00e9 de solutions d&rsquo;automatisation et de fournisseurs. Entre autres, Pharmathek m&rsquo;avait permis de visiter l&rsquo;usine de production en Italie, me permettant d&rsquo;assister personnellement \u00e0 la cr\u00e9ation des robots.<br \/>\nBien qu&rsquo;\u00e0 l&rsquo;\u00e9poque du choix c&rsquo;\u00e9tait encore une entreprise peu connue en Allemagne, j&rsquo;ai d\u00e9cid\u00e9 de faire confiance \u00e0 Pharmathek \u00e0 la fois parce que j&rsquo;\u00e9tais convaincue par le processus de production, solide et lin\u00e9aire, et parce qu&rsquo;il avait un excellent rapport qualit\u00e9-prix.<br \/>\nLe transport depuis l&rsquo;Italie et le montage ont \u00e9t\u00e9 impeccables, rapides et pr\u00e9cis.<\/p>\n<p>&nbsp;<\/p>\n<h4>Que pensez-vous du r\u00e9sultat ?<\/h4>\n<p>Je suis tr\u00e8s satisfaite. Le robot s&rsquo;est parfaitement int\u00e9gr\u00e9 \u00e0 notre fa\u00e7on de travailler \u00e0 tel point qu&rsquo;il m\u00e9rite, en tant que membre de l&rsquo;\u00e9quipe, un nom \u00e0 lui tout seul : Luigi.<br \/>\nLe robot fait preuve d&rsquo;une grande fiabilit\u00e9 et demande peu d&rsquo;entretien, je dirais qu&rsquo;il est devenu indispensable pour nous tous.<br \/>\nBien s\u00fbr, l&rsquo;un des points les plus importants \u00e0 consid\u00e9rer lors du choix de l&rsquo;automatisation \u00e0 adopter reste un bon service client &#8211; et c&rsquo;est l\u00e0 que Pharmathek \u00e9tablit la norme.[\/vc_column_text][vc_empty_space height=\u00a0\u00bb50px\u00a0\u00bb][\/vc_column][\/vc_row][vc_row full_width=\u00a0\u00bbstretch_row\u00a0\u00bb bg_type=\u00a0\u00bbbg_color\u00a0\u00bb bg_override=\u00a0\u00bbfull\u00a0\u00bb bg_color_value=\u00a0\u00bb#eeeeef\u00a0\u00bb][vc_column offset=\u00a0\u00bbvc_hidden-md vc_hidden-sm vc_hidden-xs\u00a0\u00bb][vc_empty_space height=\u00a0\u00bb100px\u00a0\u00bb]<div id=\"ultimate-heading-90636a073834a7fb1\" class=\"uvc-heading ult-adjust-bottom-margin ultimate-heading-90636a073834a7fb1 uvc-9161 head-section-title uvc-heading-default-font-sizes\" data-hspacer=\"no_spacer\"  data-halign=\"center\" style=\"text-align:center\"><div class=\"uvc-heading-spacer no_spacer\" style=\"top\"><\/div><div class=\"uvc-main-heading ult-responsive\"  data-ultimate-target='.uvc-heading.ultimate-heading-90636a073834a7fb1 h2'  data-responsive-json-new='{\"font-size\":\"\",\"line-height\":\"\"}' ><h2 style=\"--font-weight:theme;\">GALERIE<\/h2><\/div><\/div>[vc_empty_space height=\u00a0\u00bb50px\u00a0\u00bb][vc_masonry_media_grid element_width=\u00a0\u00bb3&Prime; gap=\u00a0\u00bb10&Prime; grid_id=\u00a0\u00bbvc_gid:1659081537420-5ad8ee78-a1cd-10&Prime; include=\u00a0\u00bb10589,10582,10568,10575&Prime;][vc_empty_space height=\u00a0\u00bb100px\u00a0\u00bb][\/vc_column][\/vc_row][vc_row full_width=\u00a0\u00bbstretch_row\u00a0\u00bb bg_type=\u00a0\u00bbbg_color\u00a0\u00bb bg_override=\u00a0\u00bbfull\u00a0\u00bb bg_color_value=\u00a0\u00bb#eeeeef\u00a0\u00bb][vc_column offset=\u00a0\u00bbvc_hidden-lg\u00a0\u00bb][vc_empty_space height=\u00a0\u00bb50px\u00a0\u00bb]<div id=\"ultimate-heading-8876a073834a8029\" class=\"uvc-heading ult-adjust-bottom-margin ultimate-heading-8876a073834a8029 uvc-7586 head-section-title uvc-heading-default-font-sizes\" data-hspacer=\"no_spacer\"  data-halign=\"center\" style=\"text-align:center\"><div class=\"uvc-heading-spacer no_spacer\" style=\"top\"><\/div><div class=\"uvc-main-heading ult-responsive\"  data-ultimate-target='.uvc-heading.ultimate-heading-8876a073834a8029 h2'  data-responsive-json-new='{\"font-size\":\"\",\"line-height\":\"\"}' ><h2 style=\"--font-weight:theme;\">GALERIE<\/h2><\/div><\/div>[vc_empty_space height=\u00a0\u00bb50px\u00a0\u00bb][vc_masonry_media_grid element_width=\u00a0\u00bb3&Prime; gap=\u00a0\u00bb10&Prime; grid_id=\u00a0\u00bbvc_gid:1659081537424-1efa0ad1-58fa-2&Prime; include=\u00a0\u00bb10589,10582,10568,10575&Prime;][vc_empty_space height=\u00a0\u00bb50px\u00a0\u00bb][\/vc_column][\/vc_row][vc_row full_width=\u00a0\u00bbstretch_row\u00a0\u00bb bg_type=\u00a0\u00bbimage\u00a0\u00bb parallax_style=\u00a0\u00bbvcpb-default\u00a0\u00bb bg_image_new=\u00a0\u00bbid^1166|url^http:\/\/www.pharmathek.com\/wp-content\/uploads\/2018\/03\/farmacia-specifiche-background.jpg|caption^null|alt^null|title^farmacia-specifiche-background|description^null\u00a0\u00bb bg_image_repeat=\u00a0\u00bbno-repeat\u00a0\u00bb bg_override=\u00a0\u00bbfull\u00a0\u00bb][vc_column][vc_empty_space height=\u00a0\u00bb100px\u00a0\u00bb]<div id=\"ultimate-heading-11556a073834a80a0\" class=\"uvc-heading ult-adjust-bottom-margin ultimate-heading-11556a073834a80a0 uvc-1674 head-section-title text-white uvc-heading-default-font-sizes\" data-hspacer=\"no_spacer\"  data-halign=\"center\" style=\"text-align:center\"><div class=\"uvc-heading-spacer no_spacer\" style=\"top\"><\/div><div class=\"uvc-main-heading ult-responsive\"  data-ultimate-target='.uvc-heading.ultimate-heading-11556a073834a80a0 h2'  data-responsive-json-new='{\"font-size\":\"\",\"line-height\":\"\"}' ><h2 style=\"--font-weight:theme;\">LE PROJET<\/h2><\/div><\/div>[vc_empty_space height=\u00a0\u00bb50px\u00a0\u00bb][vc_separator color=\u00a0\u00bbwhite\u00a0\u00bb][vc_separator color=\u00a0\u00bbwhite\u00a0\u00bb][vc_row_inner][vc_column_inner width=\u00a0\u00bb1\/2&Prime;][vc_column_text el_class=\u00a0\u00bbprogetto-voci\u00a0\u00bb]SOLUTIONS PHARMATHEK[\/vc_column_text][\/vc_column_inner][vc_column_inner width=\u00a0\u00bb1\/2&Prime;][vc_column_text el_class=\u00a0\u00bbprogetto-voci-valori\u00a0\u00bb]<\/p>\n<p>SINTESI<\/p>\n<p>[\/vc_column_text][\/vc_column_inner][\/vc_row_inner][vc_separator color=\u00a0\u00bbwhite\u00a0\u00bb][vc_row_inner][vc_column_inner width=\u00a0\u00bb1\/2&Prime;][vc_column_text el_class=\u00a0\u00bbprogetto-voci\u00a0\u00bb]DIMENSIONS ROBOT[\/vc_column_text][\/vc_column_inner][vc_column_inner width=\u00a0\u00bb1\/2&Prime;][vc_column_text el_class=\u00a0\u00bbprogetto-voci-valori\u00a0\u00bb]<\/p>\n<p>L 6.547 x H 2.200 mm<\/p>\n<p>[\/vc_column_text][\/vc_column_inner][\/vc_row_inner][vc_separator color=\u00a0\u00bbwhite\u00a0\u00bb][vc_row_inner][vc_column_inner width=\u00a0\u00bb1\/2&Prime;][vc_column_text el_class=\u00a0\u00bbprogetto-voci\u00a0\u00bb]CAPACIT\u00c9 BO\u00ceTES[\/vc_column_text][\/vc_column_inner][vc_column_inner width=\u00a0\u00bb1\/2&Prime;][vc_column_text el_class=\u00a0\u00bbprogetto-voci-valori\u00a0\u00bb]<\/p>\n<p>10.900<\/p>\n<p>[\/vc_column_text][\/vc_column_inner][\/vc_row_inner][vc_separator color=\u00a0\u00bbwhite\u00a0\u00bb][vc_row_inner][vc_column_inner width=\u00a0\u00bb1\/2&Prime;][vc_column_text el_class=\u00a0\u00bbprogetto-voci\u00a0\u00bb]POSITION ROBOT PAR RAPPORT AU COMPTOIR[\/vc_column_text][\/vc_column_inner][vc_column_inner width=\u00a0\u00bb1\/2&Prime;][vc_column_text el_class=\u00a0\u00bbprogetto-voci-valori\u00a0\u00bb]DERRI\u00c8RE LE COMPTOIR[\/vc_column_text][\/vc_column_inner][\/vc_row_inner][vc_separator color=\u00a0\u00bbwhite\u00a0\u00bb][vc_row_inner][vc_column_inner width=\u00a0\u00bb1\/2&Prime;][vc_column_text el_class=\u00a0\u00bbprogetto-voci\u00a0\u00bb]PRODUITS EN MOUVEMENT[\/vc_column_text][\/vc_column_inner][vc_column_inner width=\u00a0\u00bb1\/2&Prime;][vc_column_text el_class=\u00a0\u00bbprogetto-voci-valori\u00a0\u00bb]entre 500 et 1000[\/vc_column_text][\/vc_column_inner][\/vc_row_inner][vc_separator color=\u00a0\u00bbwhite\u00a0\u00bb][vc_empty_space height=\u00a0\u00bb100px\u00a0\u00bb][\/vc_column][\/vc_row][vc_row full_width=\u00a0\u00bbstretch_row_content_no_spaces\u00a0\u00bb][vc_column el_class=\u00a0\u00bbfull-width-no-padding\u00a0\u00bb][vc_single_image image=\u00a0\u00bb10561&Prime; img_size=\u00a0\u00bbfull\u00a0\u00bb alignment=\u00a0\u00bbcenter\u00a0\u00bb]<style type=\"text\/css\" data-type=\"the7_shortcodes-inline-css\">#default-btn-0e4e87e5e968b404cd830fa571b9ffc3.ico-right-side > i {\n  margin-right: 0px;\n  margin-left: 8px;\n}\n#default-btn-0e4e87e5e968b404cd830fa571b9ffc3 > i {\n  margin-right: 8px;\n}\n<\/style><div class=\"btn-align-center\"><a href=\"https:\/\/www.pharmathek.com\/fr\/installations\/\" class=\"default-btn-shortcode dt-btn dt-btn-l link-hover-off weight-300 full-width-btn \" id=\"default-btn-0e4e87e5e968b404cd830fa571b9ffc3\" title=\"Installations\"><span>Retour \u00e0 la liste des installations<\/span><\/a><\/div>[\/vc_column][\/vc_row]<\/p>\n<\/div>","protected":false},"excerpt":{"rendered":"<p>Roth (Allemagne)<\/p>\n","protected":false},"author":3,"featured_media":10558,"parent":0,"menu_order":0,"comment_status":"closed","ping_status":"closed","template":"","meta":{"inline_featured_image":false,"footnotes":""},"categories":[45,47],"tags":[],"class_list":["post-22257","page","type-page","status-publish","has-post-thumbnail","hentry","category-installations","category-pharmacies","description-off"],"_links":{"self":[{"href":"https:\/\/www.pharmathek.com\/fr\/wp-json\/wp\/v2\/pages\/22257","targetHints":{"allow":["GET"]}}],"collection":[{"href":"https:\/\/www.pharmathek.com\/fr\/wp-json\/wp\/v2\/pages"}],"about":[{"href":"https:\/\/www.pharmathek.com\/fr\/wp-json\/wp\/v2\/types\/page"}],"author":[{"embeddable":true,"href":"https:\/\/www.pharmathek.com\/fr\/wp-json\/wp\/v2\/users\/3"}],"replies":[{"embeddable":true,"href":"https:\/\/www.pharmathek.com\/fr\/wp-json\/wp\/v2\/comments?post=22257"}],"version-history":[{"count":3,"href":"https:\/\/www.pharmathek.com\/fr\/wp-json\/wp\/v2\/pages\/22257\/revisions"}],"predecessor-version":[{"id":22264,"href":"https:\/\/www.pharmathek.com\/fr\/wp-json\/wp\/v2\/pages\/22257\/revisions\/22264"}],"wp:featuredmedia":[{"embeddable":true,"href":"https:\/\/www.pharmathek.com\/fr\/wp-json\/wp\/v2\/media\/10558"}],"wp:attachment":[{"href":"https:\/\/www.pharmathek.com\/fr\/wp-json\/wp\/v2\/media?parent=22257"}],"wp:term":[{"taxonomy":"category","embeddable":true,"href":"https:\/\/www.pharmathek.com\/fr\/wp-json\/wp\/v2\/categories?post=22257"},{"taxonomy":"post_tag","embeddable":true,"href":"https:\/\/www.pharmathek.com\/fr\/wp-json\/wp\/v2\/tags?post=22257"}],"curies":[{"name":"wp","href":"https:\/\/api.w.org\/{rel}","templated":true}]}}