{"id":22283,"date":"2022-07-29T13:51:17","date_gmt":"2022-07-29T11:51:17","guid":{"rendered":"https:\/\/www.pharmathek.com\/?page_id=22283"},"modified":"2022-07-29T13:52:08","modified_gmt":"2022-07-29T11:52:08","slug":"pharmacie-mainardi","status":"publish","type":"page","link":"https:\/\/www.pharmathek.com\/fr\/pharmacie-mainardi\/","title":{"rendered":"Pharmacie Mainardi"},"content":{"rendered":"<div class=\"wpb-content-wrapper\"><p>[vc_row full_width=\u00a0\u00bbstretch_row_content\u00a0\u00bb equal_height=\u00a0\u00bbyes\u00a0\u00bb content_placement=\u00a0\u00bbmiddle\u00a0\u00bb bg_type=\u00a0\u00bbbg_color\u00a0\u00bb bg_override=\u00a0\u00bbfull\u00a0\u00bb bg_color_value=\u00a0\u00bb#eeeeef\u00a0\u00bb][vc_column width=\u00a0\u00bb1\/2&Prime; css=\u00a0\u00bb.vc_custom_1523960820222{padding-right: 0px !important;padding-left: 0px !important;}\u00a0\u00bb offset=\u00a0\u00bbvc_hidden-md vc_hidden-sm vc_hidden-xs\u00a0\u00bb][vc_single_image image=\u00a0\u00bb9790&Prime; img_size=\u00a0\u00bbfull\u00a0\u00bb][\/vc_column][vc_column width=\u00a0\u00bb1\/2&Prime; css=\u00a0\u00bb.vc_custom_1523961149466{padding-right: 100px !important;padding-left: 100px !important;}\u00a0\u00bb offset=\u00a0\u00bbvc_hidden-md vc_hidden-sm vc_hidden-xs\u00a0\u00bb][vc_empty_space]<div id=\"ultimate-heading-639569e06fbfe0de2\" class=\"uvc-heading ult-adjust-bottom-margin ultimate-heading-639569e06fbfe0de2 uvc-7814 head-section-title uvc-heading-default-font-sizes\" data-hspacer=\"no_spacer\"  data-halign=\"center\" style=\"text-align:center\"><div class=\"uvc-heading-spacer no_spacer\" style=\"top\"><\/div><div class=\"uvc-main-heading ult-responsive\"  data-ultimate-target='.uvc-heading.ultimate-heading-639569e06fbfe0de2 p'  data-responsive-json-new='{\"font-size\":\"\",\"line-height\":\"\"}' ><p style=\"--font-weight:theme;\">PHARMACIE MAINARDI<\/p><\/div><div class=\"uvc-sub-heading ult-responsive\"  data-ultimate-target='.uvc-heading.ultimate-heading-639569e06fbfe0de2 .uvc-sub-heading '  data-responsive-json-new='{\"font-size\":\"\",\"line-height\":\"\"}'  style=\"font-weight:normal;\"><\/p>\n<p><\/div><\/div>[vc_empty_space][vc_column_text el_class=\u00a0\u00bbtext-justify\u00a0\u00bb]La pharmacie Mainardi \u00e0 Capurso (BA) a d\u00e9cid\u00e9 d&rsquo;installer un robot d&rsquo;entrep\u00f4t \u00e0 la fois pour les nombreux avantages logistiques que cela implique et \u00e9galement pour avoir plus de temps et d&rsquo;espace \u00e0 consacrer au service client.<\/p>\n<p>Le robot Pharmathek install\u00e9 est un mod\u00e8le Sintesi blanc plac\u00e9 derri\u00e8re le comptoir et il a \u00e9t\u00e9 enrichi d&rsquo;\u00e9tag\u00e8res en verre \u00e0 utiliser pour la pr\u00e9sentation des produits.<\/p>\n<p>De l&rsquo;autre c\u00f4t\u00e9 du robot se trouve le chargeur automatique Pharmaload visant \u00e0 rendre les activit\u00e9s de chargement en entrep\u00f4t encore plus rapides.[\/vc_column_text][vc_empty_space][\/vc_column][\/vc_row][vc_row full_width=\u00a0\u00bbstretch_row_content\u00a0\u00bb equal_height=\u00a0\u00bbyes\u00a0\u00bb content_placement=\u00a0\u00bbmiddle\u00a0\u00bb bg_type=\u00a0\u00bbbg_color\u00a0\u00bb bg_override=\u00a0\u00bbfull\u00a0\u00bb bg_color_value=\u00a0\u00bb#eeeeef\u00a0\u00bb][vc_column css=\u00a0\u00bb.vc_custom_1524126751494{padding-right: 0px !important;padding-left: 0px !important;}\u00a0\u00bb offset=\u00a0\u00bbvc_hidden-lg\u00a0\u00bb el_class=\u00a0\u00bbfull-width-no-padding\u00a0\u00bb][vc_single_image image=\u00a0\u00bb9790&Prime; img_size=\u00a0\u00bbfull\u00a0\u00bb][vc_empty_space]<div id=\"ultimate-heading-182769e06fbfe0e91\" class=\"uvc-heading ult-adjust-bottom-margin ultimate-heading-182769e06fbfe0e91 uvc-4793 head-section-title uvc-heading-default-font-sizes\" data-hspacer=\"no_spacer\"  data-halign=\"center\" style=\"text-align:center\"><div class=\"uvc-heading-spacer no_spacer\" style=\"top\"><\/div><div class=\"uvc-main-heading ult-responsive\"  data-ultimate-target='.uvc-heading.ultimate-heading-182769e06fbfe0e91 p'  data-responsive-json-new='{\"font-size\":\"\",\"line-height\":\"\"}' ><p style=\"--font-weight:theme;\">PHARMACIE MAINARDI<\/p><\/div><div class=\"uvc-sub-heading ult-responsive\"  data-ultimate-target='.uvc-heading.ultimate-heading-182769e06fbfe0e91 .uvc-sub-heading '  data-responsive-json-new='{\"font-size\":\"\",\"line-height\":\"\"}'  style=\"font-weight:normal;\"><\/p>\n<p><\/div><\/div>[vc_empty_space][vc_column_text el_class=\u00a0\u00bbtext-justify\u00a0\u00bb]La pharmacie Mainardi \u00e0 Capurso (BA) a d\u00e9cid\u00e9 d&rsquo;installer un robot d&rsquo;entrep\u00f4t \u00e0 la fois pour les nombreux avantages logistiques que cela implique et \u00e9galement pour avoir plus de temps et d&rsquo;espace \u00e0 consacrer au service client.<\/p>\n<p>Le robot Pharmathek install\u00e9 est un mod\u00e8le Sintesi blanc plac\u00e9 derri\u00e8re le comptoir et il a \u00e9t\u00e9 enrichi d&rsquo;\u00e9tag\u00e8res en verre \u00e0 utiliser pour la pr\u00e9sentation des produits.<\/p>\n<p>De l&rsquo;autre c\u00f4t\u00e9 du robot se trouve le chargeur automatique Pharmaload visant \u00e0 rendre les activit\u00e9s de chargement en entrep\u00f4t encore plus rapides.[\/vc_column_text][vc_empty_space][\/vc_column][\/vc_row][vc_row][vc_column offset=\u00a0\u00bbvc_hidden-md vc_hidden-sm vc_hidden-xs\u00a0\u00bb][vc_empty_space height=\u00a0\u00bb100px\u00a0\u00bb][vc_single_image image=\u00a0\u00bb9798&Prime; img_size=\u00a0\u00bbfull\u00a0\u00bb alignment=\u00a0\u00bbcenter\u00a0\u00bb][vc_empty_space]<div id=\"ultimate-heading-854969e06fbfe0f18\" class=\"uvc-heading ult-adjust-bottom-margin ultimate-heading-854969e06fbfe0f18 uvc-1483 head-section-title uvc-heading-default-font-sizes\" data-hspacer=\"no_spacer\"  data-halign=\"center\" style=\"text-align:center\"><div class=\"uvc-heading-spacer no_spacer\" style=\"top\"><\/div><div class=\"uvc-main-heading ult-responsive\"  data-ultimate-target='.uvc-heading.ultimate-heading-854969e06fbfe0f18 p'  data-responsive-json-new='{\"font-size\":\"\",\"line-height\":\"\"}' ><p style=\"--font-weight:theme;\">LA PAROLE AU PHARMACIEN<\/p><\/div><\/div>[vc_empty_space][vc_column_text el_class=\u00a0\u00bbtext-justify\u00a0\u00bb]<strong>Pourquoi avez-vous choisi de robotiser la pharmacie ?<\/strong><\/p>\n<p>Nous avons commenc\u00e9 \u00e0 \u00e9valuer l&rsquo;id\u00e9e de robotiser notre pharmacie lors de la r\u00e9novation des locaux car nous savions que l&rsquo;installation d&rsquo;un entrep\u00f4t automatis\u00e9 nous permettrait de r\u00e9cup\u00e9rer un espace utile \u00e0 d\u00e9dier \u00e0 la surface de vente.<\/p>\n<p>En plus de cela nous \u00e9tions int\u00e9ress\u00e9s par les nombreux b\u00e9n\u00e9fices que cela apporterait \u00e0 la gestion de la pharmacie.<\/p>\n<p>Il ne faut pas sous-estimer la pr\u00e9sence des all\u00e9gements fiscaux disponibles qui ont rendu l&rsquo;investissement tr\u00e8s pratique.<\/p>\n<p>&nbsp;<\/p>\n<p><strong>Qu&rsquo;est-ce qui vous a amen\u00e9 \u00e0 choisir Pharmathek pour l&rsquo;automatisation de votre pharmacie ?<\/strong><\/p>\n<p>Nous avons contact\u00e9 deux fournisseurs diff\u00e9rents et Pharmathek a \u00e9t\u00e9 le gagnant de la comparaison. Non seulement pour les caract\u00e9ristiques technologiques du robot, mais aussi pour la fiabilit\u00e9 de l&rsquo;entreprise du point de vue de l&rsquo;assistance.<\/p>\n<p>Il ne faut pas sous-estimer le fait que de nombreuses pharmacies de la r\u00e9gion ont fait confiance \u00e0 Pharmathek et c&rsquo;est une excellente garantie de la qualit\u00e9 de la solution et du s\u00e9rieux de l&rsquo;entreprise.<\/p>\n<p>&nbsp;<\/p>\n<p><strong>Quels sont les principaux avantages que vous avez rencontr\u00e9s apr\u00e8s l&rsquo;installation du robot ?<\/strong><\/p>\n<p>L&rsquo;un des avantages les plus appr\u00e9ci\u00e9s est certainement li\u00e9 au stockage des produits. Gr\u00e2ce au chargeur automatique, placer les boites dans l&rsquo;entrep\u00f4t est d\u00e9sormais beaucoup plus simple et rapide. Sans parler de la gestion des produits et des donn\u00e9es associ\u00e9es : nous avons d\u00e9sormais un haut degr\u00e9 de contr\u00f4le sur les dates de p\u00e9remption et nous sommes s\u00fbrs de savoir si un produit est en stock ou non.<\/p>\n<p>&nbsp;<\/p>\n<p><strong>Comment les clients ont-ils r\u00e9agi \u00e0 l&rsquo;automatisation de la pharmacie ?<\/strong><\/p>\n<p>Les clients ont montr\u00e9 une grande curiosit\u00e9 au d\u00e9but, \u00e0 tel point que beaucoup nous ont demand\u00e9 d&rsquo;aller voir comment le bras m\u00e9canique se d\u00e9pla\u00e7ait \u00e0 l&rsquo;int\u00e9rieur du robot.<\/p>\n<p>L\u2019installation du robot a permis de donner une image encore plus positive \u00e0 la pharmacie.<\/p>\n<p>&nbsp;<\/p>\n<p><strong>D&rsquo;apr\u00e8s votre exp\u00e9rience, recommanderiez-vous Pharmathek ?<\/strong><\/p>\n<p>D\u00e9finitivement oui.<\/p>\n<p>Le robot a r\u00e9pondu \u00e0 nos attentes et nous nous sommes bien entendus avec l&rsquo;entreprise \u00e9galement du point de vue des relations, tant en ce qui concerne les techniciens qui ont effectu\u00e9 l&rsquo;installation et tenu le cours qu&rsquo;en ce qui concerne le responsable du projet qui s&rsquo;est occup\u00e9 de tout le processus.[\/vc_column_text][vc_empty_space height=\u00a0\u00bb100px\u00a0\u00bb][\/vc_column][\/vc_row][vc_row][vc_column offset=\u00a0\u00bbvc_hidden-lg\u00a0\u00bb][vc_empty_space height=\u00a0\u00bb50px\u00a0\u00bb][vc_single_image image=\u00a0\u00bb9798&Prime; img_size=\u00a0\u00bbfull\u00a0\u00bb alignment=\u00a0\u00bbcenter\u00a0\u00bb][vc_empty_space]<div id=\"ultimate-heading-288669e06fbfe0f97\" class=\"uvc-heading ult-adjust-bottom-margin ultimate-heading-288669e06fbfe0f97 uvc-3004 head-section-title uvc-heading-default-font-sizes\" data-hspacer=\"no_spacer\"  data-halign=\"center\" style=\"text-align:center\"><div class=\"uvc-heading-spacer no_spacer\" style=\"top\"><\/div><div class=\"uvc-main-heading ult-responsive\"  data-ultimate-target='.uvc-heading.ultimate-heading-288669e06fbfe0f97 p'  data-responsive-json-new='{\"font-size\":\"\",\"line-height\":\"\"}' ><p style=\"--font-weight:theme;\">LA PAROLE AU PHARMACIEN<\/p><\/div><\/div>[vc_empty_space][vc_column_text el_class=\u00a0\u00bbtext-justify\u00a0\u00bb]<strong>Pourquoi avez-vous choisi de robotiser la pharmacie ?<\/strong><\/p>\n<p>Nous avons commenc\u00e9 \u00e0 \u00e9valuer l&rsquo;id\u00e9e de robotiser notre pharmacie lors de la r\u00e9novation des locaux car nous savions que l&rsquo;installation d&rsquo;un entrep\u00f4t automatis\u00e9 nous permettrait de r\u00e9cup\u00e9rer un espace utile \u00e0 d\u00e9dier \u00e0 la surface de vente.<\/p>\n<p>En plus de cela nous \u00e9tions int\u00e9ress\u00e9s par les nombreux b\u00e9n\u00e9fices que cela apporterait \u00e0 la gestion de la pharmacie.<\/p>\n<p>Il ne faut pas sous-estimer la pr\u00e9sence des all\u00e9gements fiscaux disponibles qui ont rendu l&rsquo;investissement tr\u00e8s pratique.<\/p>\n<p>&nbsp;<\/p>\n<p><strong>Qu&rsquo;est-ce qui vous a amen\u00e9 \u00e0 choisir Pharmathek pour l&rsquo;automatisation de votre pharmacie ?<\/strong><\/p>\n<p>Nous avons contact\u00e9 deux fournisseurs diff\u00e9rents et Pharmathek a \u00e9t\u00e9 le gagnant de la comparaison. Non seulement pour les caract\u00e9ristiques technologiques du robot, mais aussi pour la fiabilit\u00e9 de l&rsquo;entreprise du point de vue de l&rsquo;assistance.<\/p>\n<p>Il ne faut pas sous-estimer le fait que de nombreuses pharmacies de la r\u00e9gion ont fait confiance \u00e0 Pharmathek et c&rsquo;est une excellente garantie de la qualit\u00e9 de la solution et du s\u00e9rieux de l&rsquo;entreprise.<\/p>\n<p>&nbsp;<\/p>\n<p><strong>Quels sont les principaux avantages que vous avez rencontr\u00e9s apr\u00e8s l&rsquo;installation du robot ?<\/strong><\/p>\n<p>L&rsquo;un des avantages les plus appr\u00e9ci\u00e9s est certainement li\u00e9 au stockage des produits. Gr\u00e2ce au chargeur automatique, placer les boites dans l&rsquo;entrep\u00f4t est d\u00e9sormais beaucoup plus simple et rapide. Sans parler de la gestion des produits et des donn\u00e9es associ\u00e9es : nous avons d\u00e9sormais un haut degr\u00e9 de contr\u00f4le sur les dates de p\u00e9remption et nous sommes s\u00fbrs de savoir si un produit est en stock ou non.<\/p>\n<p>&nbsp;<\/p>\n<p><strong>Comment les clients ont-ils r\u00e9agi \u00e0 l&rsquo;automatisation de la pharmacie ?<\/strong><\/p>\n<p>Les clients ont montr\u00e9 une grande curiosit\u00e9 au d\u00e9but, \u00e0 tel point que beaucoup nous ont demand\u00e9 d&rsquo;aller voir comment le bras m\u00e9canique se d\u00e9pla\u00e7ait \u00e0 l&rsquo;int\u00e9rieur du robot.<\/p>\n<p>L\u2019installation du robot a permis de donner une image encore plus positive \u00e0 la pharmacie.<\/p>\n<p>&nbsp;<\/p>\n<p><strong>D&rsquo;apr\u00e8s votre exp\u00e9rience, recommanderiez-vous Pharmathek ?<\/strong><\/p>\n<p>D\u00e9finitivement oui.<\/p>\n<p>Le robot a r\u00e9pondu \u00e0 nos attentes et nous nous sommes bien entendus avec l&rsquo;entreprise \u00e9galement du point de vue des relations, tant en ce qui concerne les techniciens qui ont effectu\u00e9 l&rsquo;installation et tenu le cours qu&rsquo;en ce qui concerne le responsable du projet qui s&rsquo;est occup\u00e9 de tout le processus.[\/vc_column_text][vc_empty_space height=\u00a0\u00bb50px\u00a0\u00bb][\/vc_column][\/vc_row][vc_row full_width=\u00a0\u00bbstretch_row\u00a0\u00bb bg_type=\u00a0\u00bbbg_color\u00a0\u00bb bg_override=\u00a0\u00bbfull\u00a0\u00bb bg_color_value=\u00a0\u00bb#eeeeef\u00a0\u00bb][vc_column offset=\u00a0\u00bbvc_hidden-md vc_hidden-sm vc_hidden-xs\u00a0\u00bb][vc_empty_space height=\u00a0\u00bb100px\u00a0\u00bb]<div id=\"ultimate-heading-535269e06fbfe1014\" class=\"uvc-heading ult-adjust-bottom-margin ultimate-heading-535269e06fbfe1014 uvc-5630 head-section-title uvc-heading-default-font-sizes\" data-hspacer=\"no_spacer\"  data-halign=\"center\" style=\"text-align:center\"><div class=\"uvc-heading-spacer no_spacer\" style=\"top\"><\/div><div class=\"uvc-main-heading ult-responsive\"  data-ultimate-target='.uvc-heading.ultimate-heading-535269e06fbfe1014 h2'  data-responsive-json-new='{\"font-size\":\"\",\"line-height\":\"\"}' ><h2 style=\"--font-weight:theme;\">GALERIE<\/h2><\/div><\/div>[vc_empty_space height=\u00a0\u00bb50px\u00a0\u00bb][vc_masonry_media_grid element_width=\u00a0\u00bb3&Prime; gap=\u00a0\u00bb10&Prime; grid_id=\u00a0\u00bbvc_gid:1659095150671-13e0b993-d342-10&Prime; include=\u00a0\u00bb9805,4804,8177,9812&Prime;][vc_empty_space height=\u00a0\u00bb100px\u00a0\u00bb][\/vc_column][\/vc_row][vc_row full_width=\u00a0\u00bbstretch_row\u00a0\u00bb bg_type=\u00a0\u00bbbg_color\u00a0\u00bb bg_override=\u00a0\u00bbfull\u00a0\u00bb bg_color_value=\u00a0\u00bb#eeeeef\u00a0\u00bb][vc_column offset=\u00a0\u00bbvc_hidden-lg\u00a0\u00bb][vc_empty_space height=\u00a0\u00bb50px\u00a0\u00bb]<div id=\"ultimate-heading-611369e06fbfe108e\" class=\"uvc-heading ult-adjust-bottom-margin ultimate-heading-611369e06fbfe108e uvc-414 head-section-title uvc-heading-default-font-sizes\" data-hspacer=\"no_spacer\"  data-halign=\"center\" style=\"text-align:center\"><div class=\"uvc-heading-spacer no_spacer\" style=\"top\"><\/div><div class=\"uvc-main-heading ult-responsive\"  data-ultimate-target='.uvc-heading.ultimate-heading-611369e06fbfe108e h2'  data-responsive-json-new='{\"font-size\":\"\",\"line-height\":\"\"}' ><h2 style=\"--font-weight:theme;\">GALERIE<\/h2><\/div><\/div>[vc_empty_space height=\u00a0\u00bb50px\u00a0\u00bb][vc_masonry_media_grid element_width=\u00a0\u00bb3&Prime; gap=\u00a0\u00bb10&Prime; grid_id=\u00a0\u00bbvc_gid:1659095150674-f85eb775-4cbe-9&Prime; include=\u00a0\u00bb9805,4804,8177,9812&Prime;][vc_empty_space height=\u00a0\u00bb50px\u00a0\u00bb][\/vc_column][\/vc_row][vc_row full_width=\u00a0\u00bbstretch_row\u00a0\u00bb bg_type=\u00a0\u00bbimage\u00a0\u00bb parallax_style=\u00a0\u00bbvcpb-default\u00a0\u00bb bg_image_new=\u00a0\u00bbid^1166|url^http:\/\/www.pharmathek.com\/wp-content\/uploads\/2018\/03\/farmacia-specifiche-background.jpg|caption^null|alt^null|title^farmacia-specifiche-background|description^null\u00a0\u00bb bg_image_repeat=\u00a0\u00bbno-repeat\u00a0\u00bb bg_override=\u00a0\u00bbfull\u00a0\u00bb][vc_column][vc_empty_space height=\u00a0\u00bb100px\u00a0\u00bb]<div id=\"ultimate-heading-492269e06fbfe1105\" class=\"uvc-heading ult-adjust-bottom-margin ultimate-heading-492269e06fbfe1105 uvc-8282 head-section-title text-white uvc-heading-default-font-sizes\" data-hspacer=\"no_spacer\"  data-halign=\"center\" style=\"text-align:center\"><div class=\"uvc-heading-spacer no_spacer\" style=\"top\"><\/div><div class=\"uvc-main-heading ult-responsive\"  data-ultimate-target='.uvc-heading.ultimate-heading-492269e06fbfe1105 h2'  data-responsive-json-new='{\"font-size\":\"\",\"line-height\":\"\"}' ><h2 style=\"--font-weight:theme;\">LE PROJET<\/h2><\/div><\/div>[vc_empty_space height=\u00a0\u00bb50px\u00a0\u00bb][vc_separator color=\u00a0\u00bbwhite\u00a0\u00bb][vc_separator color=\u00a0\u00bbwhite\u00a0\u00bb][vc_row_inner][vc_column_inner width=\u00a0\u00bb1\/2&Prime;][vc_column_text el_class=\u00a0\u00bbprogetto-voci\u00a0\u00bb]SOLUTIONS PHARMATHEK[\/vc_column_text][\/vc_column_inner][vc_column_inner width=\u00a0\u00bb1\/2&Prime;][vc_column_text el_class=\u00a0\u00bbprogetto-voci-valori\u00a0\u00bb]<\/p>\n<p>SINTESI + PHARMALOAD<\/p>\n<p>[\/vc_column_text][\/vc_column_inner][\/vc_row_inner][vc_separator color=\u00a0\u00bbwhite\u00a0\u00bb][vc_row_inner][vc_column_inner width=\u00a0\u00bb1\/2&Prime;][vc_column_text el_class=\u00a0\u00bbprogetto-voci\u00a0\u00bb]DIMENSIONS ROBOT[\/vc_column_text][\/vc_column_inner][vc_column_inner width=\u00a0\u00bb1\/2&Prime;][vc_column_text el_class=\u00a0\u00bbprogetto-voci-valori\u00a0\u00bb]<\/p>\n<p>L 5.547 x H 2.900 mm<\/p>\n<p>[\/vc_column_text][\/vc_column_inner][\/vc_row_inner][vc_separator color=\u00a0\u00bbwhite\u00a0\u00bb][vc_row_inner][vc_column_inner width=\u00a0\u00bb1\/2&Prime;][vc_column_text el_class=\u00a0\u00bbprogetto-voci\u00a0\u00bb]CAPACIT\u00c9 BO\u00ceTES[\/vc_column_text][\/vc_column_inner][vc_column_inner width=\u00a0\u00bb1\/2&Prime;][vc_column_text el_class=\u00a0\u00bbprogetto-voci-valori\u00a0\u00bb]<\/p>\n<p>13.700<\/p>\n<p>[\/vc_column_text][\/vc_column_inner][\/vc_row_inner][vc_separator color=\u00a0\u00bbwhite\u00a0\u00bb][vc_row_inner][vc_column_inner width=\u00a0\u00bb1\/2&Prime;][vc_column_text el_class=\u00a0\u00bbprogetto-voci\u00a0\u00bb]POSITION ROBOT PAR RAPPORT AU COMPTOIR[\/vc_column_text][\/vc_column_inner][vc_column_inner width=\u00a0\u00bb1\/2&Prime;][vc_column_text el_class=\u00a0\u00bbprogetto-voci-valori\u00a0\u00bb]DERRI\u00c8RE LE COMPTOIR[\/vc_column_text][\/vc_column_inner][\/vc_row_inner][vc_separator color=\u00a0\u00bbwhite\u00a0\u00bb][vc_row_inner][vc_column_inner width=\u00a0\u00bb1\/2&Prime;][vc_column_text el_class=\u00a0\u00bbprogetto-voci\u00a0\u00bb]PRODUITS EN MOUVEMENT[\/vc_column_text][\/vc_column_inner][vc_column_inner width=\u00a0\u00bb1\/2&Prime;][vc_column_text el_class=\u00a0\u00bbprogetto-voci-valori\u00a0\u00bb]entre 500 et 1000[\/vc_column_text][\/vc_column_inner][\/vc_row_inner][vc_separator color=\u00a0\u00bbwhite\u00a0\u00bb][vc_empty_space height=\u00a0\u00bb100px\u00a0\u00bb][\/vc_column][\/vc_row][vc_row full_width=\u00a0\u00bbstretch_row_content_no_spaces\u00a0\u00bb][vc_column el_class=\u00a0\u00bbfull-width-no-padding\u00a0\u00bb][vc_single_image image=\u00a0\u00bb9776&Prime; img_size=\u00a0\u00bbfull\u00a0\u00bb alignment=\u00a0\u00bbcenter\u00a0\u00bb]<style type=\"text\/css\" data-type=\"the7_shortcodes-inline-css\">#default-btn-0e4e87e5e968b404cd830fa571b9ffc3.ico-right-side > i {\n  margin-right: 0px;\n  margin-left: 8px;\n}\n#default-btn-0e4e87e5e968b404cd830fa571b9ffc3 > i {\n  margin-right: 8px;\n}\n<\/style><div class=\"btn-align-center\"><a href=\"https:\/\/www.pharmathek.com\/fr\/installations\/\" class=\"default-btn-shortcode dt-btn dt-btn-l link-hover-off weight-300 full-width-btn \" id=\"default-btn-0e4e87e5e968b404cd830fa571b9ffc3\" title=\"Installations\"><span>Retour \u00e0 la liste des installations<\/span><\/a><\/div>[\/vc_column][\/vc_row]<\/p>\n<\/div>","protected":false},"excerpt":{"rendered":"<p>Capurso (Italie)<\/p>\n","protected":false},"author":3,"featured_media":9773,"parent":0,"menu_order":0,"comment_status":"closed","ping_status":"closed","template":"","meta":{"inline_featured_image":false,"footnotes":""},"categories":[47],"tags":[],"class_list":["post-22283","page","type-page","status-publish","has-post-thumbnail","hentry","category-pharmacies","description-off"],"_links":{"self":[{"href":"https:\/\/www.pharmathek.com\/fr\/wp-json\/wp\/v2\/pages\/22283","targetHints":{"allow":["GET"]}}],"collection":[{"href":"https:\/\/www.pharmathek.com\/fr\/wp-json\/wp\/v2\/pages"}],"about":[{"href":"https:\/\/www.pharmathek.com\/fr\/wp-json\/wp\/v2\/types\/page"}],"author":[{"embeddable":true,"href":"https:\/\/www.pharmathek.com\/fr\/wp-json\/wp\/v2\/users\/3"}],"replies":[{"embeddable":true,"href":"https:\/\/www.pharmathek.com\/fr\/wp-json\/wp\/v2\/comments?post=22283"}],"version-history":[{"count":4,"href":"https:\/\/www.pharmathek.com\/fr\/wp-json\/wp\/v2\/pages\/22283\/revisions"}],"predecessor-version":[{"id":22287,"href":"https:\/\/www.pharmathek.com\/fr\/wp-json\/wp\/v2\/pages\/22283\/revisions\/22287"}],"wp:featuredmedia":[{"embeddable":true,"href":"https:\/\/www.pharmathek.com\/fr\/wp-json\/wp\/v2\/media\/9773"}],"wp:attachment":[{"href":"https:\/\/www.pharmathek.com\/fr\/wp-json\/wp\/v2\/media?parent=22283"}],"wp:term":[{"taxonomy":"category","embeddable":true,"href":"https:\/\/www.pharmathek.com\/fr\/wp-json\/wp\/v2\/categories?post=22283"},{"taxonomy":"post_tag","embeddable":true,"href":"https:\/\/www.pharmathek.com\/fr\/wp-json\/wp\/v2\/tags?post=22283"}],"curies":[{"name":"wp","href":"https:\/\/api.w.org\/{rel}","templated":true}]}}