{"id":22293,"date":"2022-07-29T14:19:59","date_gmt":"2022-07-29T12:19:59","guid":{"rendered":"https:\/\/www.pharmathek.com\/?page_id=22293"},"modified":"2022-07-29T14:21:24","modified_gmt":"2022-07-29T12:21:24","slug":"pharmacie-de-marco","status":"publish","type":"page","link":"https:\/\/www.pharmathek.com\/fr\/pharmacie-de-marco\/","title":{"rendered":"Pharmacie De Marco"},"content":{"rendered":"<div class=\"wpb-content-wrapper\"><p>[vc_row full_width=\u00a0\u00bbstretch_row_content\u00a0\u00bb equal_height=\u00a0\u00bbyes\u00a0\u00bb content_placement=\u00a0\u00bbmiddle\u00a0\u00bb bg_type=\u00a0\u00bbbg_color\u00a0\u00bb bg_override=\u00a0\u00bbfull\u00a0\u00bb bg_color_value=\u00a0\u00bb#eeeeef\u00a0\u00bb][vc_column width=\u00a0\u00bb1\/2&Prime; css=\u00a0\u00bb.vc_custom_1523960820222{padding-right: 0px !important;padding-left: 0px !important;}\u00a0\u00bb offset=\u00a0\u00bbvc_hidden-md vc_hidden-sm vc_hidden-xs\u00a0\u00bb][vc_single_image image=\u00a0\u00bb9609&Prime; img_size=\u00a0\u00bbfull\u00a0\u00bb][\/vc_column][vc_column width=\u00a0\u00bb1\/2&Prime; css=\u00a0\u00bb.vc_custom_1523961149466{padding-right: 100px !important;padding-left: 100px !important;}\u00a0\u00bb offset=\u00a0\u00bbvc_hidden-md vc_hidden-sm vc_hidden-xs\u00a0\u00bb][vc_empty_space]<div id=\"ultimate-heading-416969e0144a3791d\" class=\"uvc-heading ult-adjust-bottom-margin ultimate-heading-416969e0144a3791d uvc-223 head-section-title uvc-heading-default-font-sizes\" data-hspacer=\"no_spacer\"  data-halign=\"center\" style=\"text-align:center\"><div class=\"uvc-heading-spacer no_spacer\" style=\"top\"><\/div><div class=\"uvc-main-heading ult-responsive\"  data-ultimate-target='.uvc-heading.ultimate-heading-416969e0144a3791d p'  data-responsive-json-new='{\"font-size\":\"\",\"line-height\":\"\"}' ><p style=\"--font-weight:theme;\">PHARMACIE DE MARCO<\/p><\/div><div class=\"uvc-sub-heading ult-responsive\"  data-ultimate-target='.uvc-heading.ultimate-heading-416969e0144a3791d .uvc-sub-heading '  data-responsive-json-new='{\"font-size\":\"\",\"line-height\":\"\"}'  style=\"font-weight:normal;\"><\/p>\n<p><\/div><\/div>[vc_empty_space][vc_column_text el_class=\u00a0\u00bbtext-justify\u00a0\u00bb]La pharmacie De Marco \u00e0 Bari est \u00e9quip\u00e9e d&rsquo;un robot d&rsquo;entrep\u00f4t Pharmathek.<\/p>\n<p>C&rsquo;est un entrep\u00f4t automatis\u00e9 <a href=\"https:\/\/www.pharmathek.com\/fr\/installez-un-robot-pharmathek\/\">Sintesi<\/a> noir. Situ\u00e9 derri\u00e8re la pharmacie, le robot a \u00e9t\u00e9 con\u00e7u dans le but d&rsquo;impliquer les clients-patients dans les activit\u00e9s logistiques de la pharmacie.<\/p>\n<p>D&rsquo;un c\u00f4t\u00e9, il est possible admirer les panneaux de verre, qui sont plac\u00e9s dans la partie sup\u00e9rieure du robot, o\u00f9 les patients observent le bras m\u00e9canique Euclid3D pendant qu&rsquo;il ramasse et livre les colis.<\/p>\n<p>D&rsquo;autre part, le chargeur automatique Pharmaload, \u00e9galement positionn\u00e9 vers la surface de vente, permet aux clients de constater la facilit\u00e9 avec laquelle les paniers de m\u00e9dicaments y sont d\u00e9vers\u00e9s.[\/vc_column_text][vc_empty_space][\/vc_column][\/vc_row][vc_row full_width=\u00a0\u00bbstretch_row_content\u00a0\u00bb equal_height=\u00a0\u00bbyes\u00a0\u00bb content_placement=\u00a0\u00bbmiddle\u00a0\u00bb bg_type=\u00a0\u00bbbg_color\u00a0\u00bb bg_override=\u00a0\u00bbfull\u00a0\u00bb bg_color_value=\u00a0\u00bb#eeeeef\u00a0\u00bb][vc_column css=\u00a0\u00bb.vc_custom_1524126751494{padding-right: 0px !important;padding-left: 0px !important;}\u00a0\u00bb offset=\u00a0\u00bbvc_hidden-lg\u00a0\u00bb el_class=\u00a0\u00bbfull-width-no-padding\u00a0\u00bb][vc_single_image image=\u00a0\u00bb9609&Prime; img_size=\u00a0\u00bbfull\u00a0\u00bb][vc_empty_space]<div id=\"ultimate-heading-846769e0144a379d1\" class=\"uvc-heading ult-adjust-bottom-margin ultimate-heading-846769e0144a379d1 uvc-3566 head-section-title uvc-heading-default-font-sizes\" data-hspacer=\"no_spacer\"  data-halign=\"center\" style=\"text-align:center\"><div class=\"uvc-heading-spacer no_spacer\" style=\"top\"><\/div><div class=\"uvc-main-heading ult-responsive\"  data-ultimate-target='.uvc-heading.ultimate-heading-846769e0144a379d1 p'  data-responsive-json-new='{\"font-size\":\"\",\"line-height\":\"\"}' ><p style=\"--font-weight:theme;\">PHARMACIE DE MARCO<\/p><\/div><div class=\"uvc-sub-heading ult-responsive\"  data-ultimate-target='.uvc-heading.ultimate-heading-846769e0144a379d1 .uvc-sub-heading '  data-responsive-json-new='{\"font-size\":\"\",\"line-height\":\"\"}'  style=\"font-weight:normal;\"><\/p>\n<p><\/div><\/div>[vc_empty_space][vc_column_text el_class=\u00a0\u00bbtext-justify\u00a0\u00bb]La pharmacie De Marco \u00e0 Bari est \u00e9quip\u00e9e d&rsquo;un robot d&rsquo;entrep\u00f4t Pharmathek.<\/p>\n<p>C&rsquo;est un entrep\u00f4t automatis\u00e9 <a href=\"https:\/\/www.pharmathek.com\/fr\/installez-un-robot-pharmathek\/\">Sintesi<\/a> noir. Situ\u00e9 derri\u00e8re la pharmacie, le robot a \u00e9t\u00e9 con\u00e7u dans le but d&rsquo;impliquer les clients-patients dans les activit\u00e9s logistiques de la pharmacie.<\/p>\n<p>D&rsquo;un c\u00f4t\u00e9, il est possible admirer les panneaux de verre, qui sont plac\u00e9s dans la partie sup\u00e9rieure du robot, o\u00f9 les patients observent le bras m\u00e9canique Euclid3D pendant qu&rsquo;il ramasse et livre les colis.<\/p>\n<p>D&rsquo;autre part, le chargeur automatique Pharmaload, \u00e9galement positionn\u00e9 vers la surface de vente, permet aux clients de constater la facilit\u00e9 avec laquelle les paniers de m\u00e9dicaments y sont d\u00e9vers\u00e9s.[\/vc_column_text][vc_empty_space][\/vc_column][\/vc_row][vc_row][vc_column offset=\u00a0\u00bbvc_hidden-md vc_hidden-sm vc_hidden-xs\u00a0\u00bb][vc_empty_space height=\u00a0\u00bb100px\u00a0\u00bb][vc_single_image image=\u00a0\u00bb9617&Prime; img_size=\u00a0\u00bbfull\u00a0\u00bb alignment=\u00a0\u00bbcenter\u00a0\u00bb][vc_empty_space]<div id=\"ultimate-heading-792669e0144a37a5a\" class=\"uvc-heading ult-adjust-bottom-margin ultimate-heading-792669e0144a37a5a uvc-2734 head-section-title uvc-heading-default-font-sizes\" data-hspacer=\"no_spacer\"  data-halign=\"center\" style=\"text-align:center\"><div class=\"uvc-heading-spacer no_spacer\" style=\"top\"><\/div><div class=\"uvc-main-heading ult-responsive\"  data-ultimate-target='.uvc-heading.ultimate-heading-792669e0144a37a5a p'  data-responsive-json-new='{\"font-size\":\"\",\"line-height\":\"\"}' ><p style=\"--font-weight:theme;\">LA PAROLE AU PHARMACIEN<\/p><\/div><\/div>[vc_empty_space][vc_column_text el_class=\u00a0\u00bbtext-justify\u00a0\u00bb]<strong>Pourquoi avez-vous choisi de robotiser la pharmacie ?<\/strong><\/p>\n<p>Il fallait r\u00e9cup\u00e9rer de l&rsquo;espace. Avant la robotisation, nous utilisions des tiroirs qui occupaient cependant trop de surface de la pharmacie. L&rsquo;automatisation est une excellente solution au probl\u00e8me et nous savions qu&rsquo;elle nous permettrait de profiter de nombreux autres avantages.<\/p>\n<p>L&rsquo;installation du robot nous a permis d&rsquo;atteindre pleinement l&rsquo;objectif : les plus de 15 000 colis qui \u00e9taient rang\u00e9s \u00e0 l&rsquo;int\u00e9rieur des tiroirs se trouvent maintenant dans notre robot moyen-grand, occupant peut-\u00eatre 1\/4 des \u00e9tag\u00e8res qu&rsquo;ils occupaient auparavant.<\/p>\n<p>&nbsp;<\/p>\n<p><strong>Qu&rsquo;est-ce qui vous a amen\u00e9 \u00e0 choisir Pharmathek pour l&rsquo;automatisation de votre pharmacie ?<\/strong><\/p>\n<p>J&rsquo;\u00e9tais ind\u00e9cis entre deux fournisseurs, mais un coll\u00e8gue qui avait exp\u00e9riment\u00e9 les deux technologies a dissip\u00e9 mes doutes. En effet, ce coll\u00e8gue, qui avait un robot chez l&rsquo;autre fournisseur depuis des ann\u00e9es, a d\u00e9cid\u00e9 \u00e0 un moment donn\u00e9 de changer et d&rsquo;installer un robot Pharmathek et il est toujours tr\u00e8s satisfait de ce choix.<\/p>\n<p>Un autre point en faveur de Pharmathek est son appartenance au groupe auquel appartient Th.Kohl, la soci\u00e9t\u00e9 \u00e0 laquelle j&rsquo;avais d\u00e9cid\u00e9 de confier la r\u00e9novation de la pharmacie. En effet, nous voulions que le robot fasse partie int\u00e9grante du mobilier et s&rsquo;appuyer sur un seul interlocuteur nous a facilit\u00e9 la t\u00e2che.<\/p>\n<p>D&rsquo;autres aspects que j&rsquo;ai appr\u00e9ci\u00e9s dans la technologie Pharmathek sont le bras m\u00e9canique exclusif Euclid3D et le fait que le robot s&rsquo;interface parfaitement avec le syst\u00e8me de gestion de la pharmacie.<\/p>\n<p>&nbsp;<\/p>\n<p><strong>Hormis la r\u00e9cup\u00e9ration de l&rsquo;espace, quels sont les avantages que vous appr\u00e9ciez le plus dans le robot Pharmathek ?<\/strong><\/p>\n<p>Sans doute l&rsquo;\u00e9norme gain de temps dans la manipulation des produits : gr\u00e2ce au chargeur automatique Pharmaload, le temps de maintien du m\u00e9dicament a \u00e9t\u00e9 plus que divis\u00e9 par deux.<\/p>\n<p>Tout aussi remarquable est la possibilit\u00e9 de conna\u00eetre en temps r\u00e9el toutes les informations concernant l&rsquo;entrep\u00f4t robotis\u00e9, du nombre de produits en stock \u00e0 leur date de p\u00e9remption.<\/p>\n<p>J&rsquo;appr\u00e9cie aussi beaucoup le fait qu&rsquo;il soit si facile \u00e0 utiliser.<\/p>\n<p>&nbsp;<\/p>\n<p><strong>Comment les clients ont-ils r\u00e9agi \u00e0 la robotisation de la pharmacie ?<\/strong><\/p>\n<p>Ils ont bien appr\u00e9ci\u00e9.<\/p>\n<p>Ma demande de rendre le robot imm\u00e9diatement visible pour les clients, en en faisant une partie int\u00e9grante du mobilier, s&rsquo;est av\u00e9r\u00e9e \u00eatre un choix gagnant.<\/p>\n<p>C&rsquo;est parce que je ne voulais pas seulement que les clients connaissent l&rsquo;existence du robot : je voulais les impliquer visuellement en leur montrant comment fonctionne une pharmacie robotis\u00e9e.<\/p>\n<p>Cet objectif a \u00e9t\u00e9 atteint gr\u00e2ce \u00e0 deux choix : le premier est d&rsquo;\u00e9quiper le robot avec des panneaux de verre \u00e0 travers lesquels les clients pourraient voir le robot en action. La seconde est d&rsquo;avoir install\u00e9 le chargeur automatique sur le c\u00f4t\u00e9 faisant face \u00e0 la surface de vente, permettant aux clients de voir comment les produits \u00e9taient vers\u00e9s dans le chargeur.<\/p>\n<p>Les clients sont tellement int\u00e9ress\u00e9s que j&rsquo;organise parfois leurs propres visites guid\u00e9es pour les plus curieux !<\/p>\n<p>&nbsp;<\/p>\n<p><strong>Recommanderiez-vous Pharmathek \u00e0 vos coll\u00e8gues ?<\/strong><\/p>\n<p>Absolument oui : en ce qui me concerne c&rsquo;est le meilleur.<\/p>\n<p>Cela fonctionne parfaitement et d&rsquo;apr\u00e8s mon exp\u00e9rience, je peux dire qu&rsquo;une pharmacie moderne ne peut pas ignorer la pr\u00e9sence d&rsquo;un robot d&rsquo;entrep\u00f4t.[\/vc_column_text][vc_empty_space height=\u00a0\u00bb100px\u00a0\u00bb][\/vc_column][\/vc_row][vc_row][vc_column offset=\u00a0\u00bbvc_hidden-lg\u00a0\u00bb][vc_empty_space height=\u00a0\u00bb50px\u00a0\u00bb][vc_single_image image=\u00a0\u00bb9617&Prime; img_size=\u00a0\u00bbfull\u00a0\u00bb alignment=\u00a0\u00bbcenter\u00a0\u00bb][vc_empty_space]<div id=\"ultimate-heading-630969e0144a37ad0\" class=\"uvc-heading ult-adjust-bottom-margin ultimate-heading-630969e0144a37ad0 uvc-7471 head-section-title uvc-heading-default-font-sizes\" data-hspacer=\"no_spacer\"  data-halign=\"center\" style=\"text-align:center\"><div class=\"uvc-heading-spacer no_spacer\" style=\"top\"><\/div><div class=\"uvc-main-heading ult-responsive\"  data-ultimate-target='.uvc-heading.ultimate-heading-630969e0144a37ad0 p'  data-responsive-json-new='{\"font-size\":\"\",\"line-height\":\"\"}' ><p style=\"--font-weight:theme;\">LA PAROLE AU PHARMACIEN<\/p><\/div><\/div>[vc_empty_space][vc_column_text el_class=\u00a0\u00bbtext-justify\u00a0\u00bb]<strong>Pourquoi avez-vous choisi de robotiser la pharmacie ?<\/strong><\/p>\n<p>Il fallait r\u00e9cup\u00e9rer de l&rsquo;espace. Avant la robotisation, nous utilisions des tiroirs qui occupaient cependant trop de surface de la pharmacie. L&rsquo;automatisation est une excellente solution au probl\u00e8me et nous savions qu&rsquo;elle nous permettrait de profiter de nombreux autres avantages.<\/p>\n<p>L&rsquo;installation du robot nous a permis d&rsquo;atteindre pleinement l&rsquo;objectif : les plus de 15 000 colis qui \u00e9taient rang\u00e9s \u00e0 l&rsquo;int\u00e9rieur des tiroirs se trouvent maintenant dans notre robot moyen-grand, occupant peut-\u00eatre 1\/4 des \u00e9tag\u00e8res qu&rsquo;ils occupaient auparavant.<\/p>\n<p>&nbsp;<\/p>\n<p><strong>Qu&rsquo;est-ce qui vous a amen\u00e9 \u00e0 choisir Pharmathek pour l&rsquo;automatisation de votre pharmacie ?<\/strong><\/p>\n<p>J&rsquo;\u00e9tais ind\u00e9cis entre deux fournisseurs, mais un coll\u00e8gue qui avait exp\u00e9riment\u00e9 les deux technologies a dissip\u00e9 mes doutes. En effet, ce coll\u00e8gue, qui avait un robot chez l&rsquo;autre fournisseur depuis des ann\u00e9es, a d\u00e9cid\u00e9 \u00e0 un moment donn\u00e9 de changer et d&rsquo;installer un robot Pharmathek et il est toujours tr\u00e8s satisfait de ce choix.<\/p>\n<p>Un autre point en faveur de Pharmathek est son appartenance au groupe auquel appartient Th.Kohl, la soci\u00e9t\u00e9 \u00e0 laquelle j&rsquo;avais d\u00e9cid\u00e9 de confier la r\u00e9novation de la pharmacie. En effet, nous voulions que le robot fasse partie int\u00e9grante du mobilier et s&rsquo;appuyer sur un seul interlocuteur nous a facilit\u00e9 la t\u00e2che.<\/p>\n<p>D&rsquo;autres aspects que j&rsquo;ai appr\u00e9ci\u00e9s dans la technologie Pharmathek sont le bras m\u00e9canique exclusif Euclid3D et le fait que le robot s&rsquo;interface parfaitement avec le syst\u00e8me de gestion de la pharmacie.<\/p>\n<p>&nbsp;<\/p>\n<h4><strong>Hormis la r\u00e9cup\u00e9ration de l&rsquo;espace, quels sont les avantages que vous appr\u00e9ciez le plus dans le robot Pharmathek ?<\/strong><\/h4>\n<p>Sans doute l&rsquo;\u00e9norme gain de temps dans la manipulation des produits : gr\u00e2ce au chargeur automatique Pharmaload, le temps de maintien du m\u00e9dicament a \u00e9t\u00e9 plus que divis\u00e9 par deux.<\/p>\n<p>Tout aussi remarquable est la possibilit\u00e9 de conna\u00eetre en temps r\u00e9el toutes les informations concernant l&rsquo;entrep\u00f4t robotis\u00e9, du nombre de produits en stock \u00e0 leur date de p\u00e9remption.<\/p>\n<p>J&rsquo;appr\u00e9cie aussi beaucoup le fait qu&rsquo;il soit si facile \u00e0 utiliser.<\/p>\n<p>&nbsp;<\/p>\n<p><strong>Comment les clients ont-ils r\u00e9agi \u00e0 la robotisation de la pharmacie ?<\/strong><\/p>\n<p>Ils ont bien appr\u00e9ci\u00e9.<\/p>\n<p>Ma demande de rendre le robot imm\u00e9diatement visible pour les clients, en en faisant une partie int\u00e9grante du mobilier, s&rsquo;est av\u00e9r\u00e9e \u00eatre un choix gagnant.<\/p>\n<p>C&rsquo;est parce que je ne voulais pas seulement que les clients connaissent l&rsquo;existence du robot : je voulais les impliquer visuellement en leur montrant comment fonctionne une pharmacie robotis\u00e9e.<\/p>\n<p>Cet objectif a \u00e9t\u00e9 atteint gr\u00e2ce \u00e0 deux choix : le premier est d&rsquo;\u00e9quiper le robot avec des panneaux de verre \u00e0 travers lesquels les clients pourraient voir le robot en action. La seconde est d&rsquo;avoir install\u00e9 le chargeur automatique sur le c\u00f4t\u00e9 faisant face \u00e0 la surface de vente, permettant aux clients de voir comment les produits \u00e9taient vers\u00e9s dans le chargeur.<\/p>\n<p>Les clients sont tellement int\u00e9ress\u00e9s que j&rsquo;organise parfois leurs propres visites guid\u00e9es pour les plus curieux !<\/p>\n<p>&nbsp;<\/p>\n<p><strong>Recommanderiez-vous Pharmathek \u00e0 vos coll\u00e8gues ?<\/strong><\/p>\n<p>Absolument oui : en ce qui me concerne c&rsquo;est le meilleur.<\/p>\n<p>Cela fonctionne parfaitement et d&rsquo;apr\u00e8s mon exp\u00e9rience, je peux dire qu&rsquo;une pharmacie moderne ne peut pas ignorer la pr\u00e9sence d&rsquo;un robot d&rsquo;entrep\u00f4t.[\/vc_column_text][vc_empty_space height=\u00a0\u00bb50px\u00a0\u00bb][\/vc_column][\/vc_row][vc_row full_width=\u00a0\u00bbstretch_row\u00a0\u00bb bg_type=\u00a0\u00bbbg_color\u00a0\u00bb bg_override=\u00a0\u00bbfull\u00a0\u00bb bg_color_value=\u00a0\u00bb#eeeeef\u00a0\u00bb][vc_column offset=\u00a0\u00bbvc_hidden-md vc_hidden-sm vc_hidden-xs\u00a0\u00bb][vc_empty_space height=\u00a0\u00bb100px\u00a0\u00bb]<div id=\"ultimate-heading-85069e0144a37b45\" class=\"uvc-heading ult-adjust-bottom-margin ultimate-heading-85069e0144a37b45 uvc-4717 head-section-title uvc-heading-default-font-sizes\" data-hspacer=\"no_spacer\"  data-halign=\"center\" style=\"text-align:center\"><div class=\"uvc-heading-spacer no_spacer\" style=\"top\"><\/div><div class=\"uvc-main-heading ult-responsive\"  data-ultimate-target='.uvc-heading.ultimate-heading-85069e0144a37b45 h2'  data-responsive-json-new='{\"font-size\":\"\",\"line-height\":\"\"}' ><h2 style=\"--font-weight:theme;\">GALERIE<\/h2><\/div><\/div>[vc_empty_space height=\u00a0\u00bb50px\u00a0\u00bb][vc_masonry_media_grid element_width=\u00a0\u00bb3&Prime; gap=\u00a0\u00bb10&Prime; grid_id=\u00a0\u00bbvc_gid:1659097207328-4362f637-259c-4&Prime; include=\u00a0\u00bb9660,9646,9667,9653&Prime;][vc_empty_space height=\u00a0\u00bb100px\u00a0\u00bb][\/vc_column][\/vc_row][vc_row full_width=\u00a0\u00bbstretch_row\u00a0\u00bb bg_type=\u00a0\u00bbbg_color\u00a0\u00bb bg_override=\u00a0\u00bbfull\u00a0\u00bb bg_color_value=\u00a0\u00bb#eeeeef\u00a0\u00bb][vc_column offset=\u00a0\u00bbvc_hidden-lg\u00a0\u00bb][vc_empty_space height=\u00a0\u00bb50px\u00a0\u00bb]<div id=\"ultimate-heading-800369e0144a37bb4\" class=\"uvc-heading ult-adjust-bottom-margin ultimate-heading-800369e0144a37bb4 uvc-2287 head-section-title uvc-heading-default-font-sizes\" data-hspacer=\"no_spacer\"  data-halign=\"center\" style=\"text-align:center\"><div class=\"uvc-heading-spacer no_spacer\" style=\"top\"><\/div><div class=\"uvc-main-heading ult-responsive\"  data-ultimate-target='.uvc-heading.ultimate-heading-800369e0144a37bb4 h2'  data-responsive-json-new='{\"font-size\":\"\",\"line-height\":\"\"}' ><h2 style=\"--font-weight:theme;\">GALERIE<\/h2><\/div><\/div>[vc_empty_space height=\u00a0\u00bb50px\u00a0\u00bb][vc_masonry_media_grid element_width=\u00a0\u00bb3&Prime; gap=\u00a0\u00bb10&Prime; grid_id=\u00a0\u00bbvc_gid:1659097207335-5cd3d6ba-6ec3-5&Prime; include=\u00a0\u00bb9660,9646,9667,9653&Prime;][vc_empty_space height=\u00a0\u00bb50px\u00a0\u00bb][\/vc_column][\/vc_row][vc_row full_width=\u00a0\u00bbstretch_row\u00a0\u00bb bg_type=\u00a0\u00bbimage\u00a0\u00bb parallax_style=\u00a0\u00bbvcpb-default\u00a0\u00bb bg_image_new=\u00a0\u00bbid^1166|url^http:\/\/www.pharmathek.com\/wp-content\/uploads\/2018\/03\/farmacia-specifiche-background.jpg|caption^null|alt^null|title^farmacia-specifiche-background|description^null\u00a0\u00bb bg_image_repeat=\u00a0\u00bbno-repeat\u00a0\u00bb bg_override=\u00a0\u00bbfull\u00a0\u00bb][vc_column][vc_empty_space height=\u00a0\u00bb100px\u00a0\u00bb]<div id=\"ultimate-heading-132269e0144a37c22\" class=\"uvc-heading ult-adjust-bottom-margin ultimate-heading-132269e0144a37c22 uvc-2675 head-section-title text-white uvc-heading-default-font-sizes\" data-hspacer=\"no_spacer\"  data-halign=\"center\" style=\"text-align:center\"><div class=\"uvc-heading-spacer no_spacer\" style=\"top\"><\/div><div class=\"uvc-main-heading ult-responsive\"  data-ultimate-target='.uvc-heading.ultimate-heading-132269e0144a37c22 h2'  data-responsive-json-new='{\"font-size\":\"\",\"line-height\":\"\"}' ><h2 style=\"--font-weight:theme;\">LE PROJET<\/h2><\/div><\/div>[vc_empty_space height=\u00a0\u00bb50px\u00a0\u00bb][vc_separator color=\u00a0\u00bbwhite\u00a0\u00bb][vc_separator color=\u00a0\u00bbwhite\u00a0\u00bb][vc_row_inner][vc_column_inner width=\u00a0\u00bb1\/2&Prime;][vc_column_text el_class=\u00a0\u00bbprogetto-voci\u00a0\u00bb]SOLUTIONS PHARMATHEK[\/vc_column_text][\/vc_column_inner][vc_column_inner width=\u00a0\u00bb1\/2&Prime;][vc_column_text el_class=\u00a0\u00bbprogetto-voci-valori\u00a0\u00bb]SINTESI + PHARMALOAD + EUCLID3D[\/vc_column_text][\/vc_column_inner][\/vc_row_inner][vc_separator color=\u00a0\u00bbwhite\u00a0\u00bb][vc_row_inner][vc_column_inner width=\u00a0\u00bb1\/2&Prime;][vc_column_text el_class=\u00a0\u00bbprogetto-voci\u00a0\u00bb]DIMENSIONS ROBOT[\/vc_column_text][\/vc_column_inner][vc_column_inner width=\u00a0\u00bb1\/2&Prime;][vc_column_text el_class=\u00a0\u00bbprogetto-voci-valori\u00a0\u00bb]<\/p>\n<p>L 6.000 x H 2.900 mm<\/p>\n<p>[\/vc_column_text][\/vc_column_inner][\/vc_row_inner][vc_separator color=\u00a0\u00bbwhite\u00a0\u00bb][vc_row_inner][vc_column_inner width=\u00a0\u00bb1\/2&Prime;][vc_column_text el_class=\u00a0\u00bbprogetto-voci\u00a0\u00bb]CAPACIT\u00c9 BO\u00ceTES[\/vc_column_text][\/vc_column_inner][vc_column_inner width=\u00a0\u00bb1\/2&Prime;][vc_column_text el_class=\u00a0\u00bbprogetto-voci-valori\u00a0\u00bb]<\/p>\n<p>13.800<\/p>\n<p>[\/vc_column_text][\/vc_column_inner][\/vc_row_inner][vc_separator color=\u00a0\u00bbwhite\u00a0\u00bb][vc_row_inner][vc_column_inner width=\u00a0\u00bb1\/2&Prime;][vc_column_text el_class=\u00a0\u00bbprogetto-voci\u00a0\u00bb]POSITION ROBOT PAR RAPPORT AU COMPTOIR[\/vc_column_text][\/vc_column_inner][vc_column_inner width=\u00a0\u00bb1\/2&Prime;][vc_column_text el_class=\u00a0\u00bbprogetto-voci-valori\u00a0\u00bb]DERRI\u00c8RE LE COMPTOIR[\/vc_column_text][\/vc_column_inner][\/vc_row_inner][vc_separator color=\u00a0\u00bbwhite\u00a0\u00bb][vc_row_inner][vc_column_inner width=\u00a0\u00bb1\/2&Prime;][vc_column_text el_class=\u00a0\u00bbprogetto-voci\u00a0\u00bb]PRODUITS EN MOUVEMENT[\/vc_column_text][\/vc_column_inner][vc_column_inner width=\u00a0\u00bb1\/2&Prime;][vc_column_text el_class=\u00a0\u00bbprogetto-voci-valori\u00a0\u00bb]entre 500 et 1000[\/vc_column_text][\/vc_column_inner][\/vc_row_inner][vc_separator color=\u00a0\u00bbwhite\u00a0\u00bb][vc_empty_space height=\u00a0\u00bb100px\u00a0\u00bb][\/vc_column][\/vc_row][vc_row full_width=\u00a0\u00bbstretch_row_content_no_spaces\u00a0\u00bb][vc_column el_class=\u00a0\u00bbfull-width-no-padding\u00a0\u00bb][vc_single_image image=\u00a0\u00bb9639&Prime; img_size=\u00a0\u00bbfull\u00a0\u00bb alignment=\u00a0\u00bbcenter\u00a0\u00bb]<style type=\"text\/css\" data-type=\"the7_shortcodes-inline-css\">#default-btn-0e4e87e5e968b404cd830fa571b9ffc3.ico-right-side > i {\n  margin-right: 0px;\n  margin-left: 8px;\n}\n#default-btn-0e4e87e5e968b404cd830fa571b9ffc3 > i {\n  margin-right: 8px;\n}\n<\/style><div class=\"btn-align-center\"><a href=\"https:\/\/www.pharmathek.com\/fr\/installations\/\" class=\"default-btn-shortcode dt-btn dt-btn-l link-hover-off weight-300 full-width-btn \" id=\"default-btn-0e4e87e5e968b404cd830fa571b9ffc3\" title=\"Installations\"><span>Retour \u00e0 la liste des installations<\/span><\/a><\/div>[\/vc_column][\/vc_row]<\/p>\n<\/div>","protected":false},"excerpt":{"rendered":"<p>Bari (Italie)<\/p>\n","protected":false},"author":3,"featured_media":9679,"parent":0,"menu_order":0,"comment_status":"closed","ping_status":"closed","template":"","meta":{"inline_featured_image":false,"footnotes":""},"categories":[45,47],"tags":[],"class_list":["post-22293","page","type-page","status-publish","has-post-thumbnail","hentry","category-installations","category-pharmacies","description-off"],"_links":{"self":[{"href":"https:\/\/www.pharmathek.com\/fr\/wp-json\/wp\/v2\/pages\/22293","targetHints":{"allow":["GET"]}}],"collection":[{"href":"https:\/\/www.pharmathek.com\/fr\/wp-json\/wp\/v2\/pages"}],"about":[{"href":"https:\/\/www.pharmathek.com\/fr\/wp-json\/wp\/v2\/types\/page"}],"author":[{"embeddable":true,"href":"https:\/\/www.pharmathek.com\/fr\/wp-json\/wp\/v2\/users\/3"}],"replies":[{"embeddable":true,"href":"https:\/\/www.pharmathek.com\/fr\/wp-json\/wp\/v2\/comments?post=22293"}],"version-history":[{"count":4,"href":"https:\/\/www.pharmathek.com\/fr\/wp-json\/wp\/v2\/pages\/22293\/revisions"}],"predecessor-version":[{"id":22297,"href":"https:\/\/www.pharmathek.com\/fr\/wp-json\/wp\/v2\/pages\/22293\/revisions\/22297"}],"wp:featuredmedia":[{"embeddable":true,"href":"https:\/\/www.pharmathek.com\/fr\/wp-json\/wp\/v2\/media\/9679"}],"wp:attachment":[{"href":"https:\/\/www.pharmathek.com\/fr\/wp-json\/wp\/v2\/media?parent=22293"}],"wp:term":[{"taxonomy":"category","embeddable":true,"href":"https:\/\/www.pharmathek.com\/fr\/wp-json\/wp\/v2\/categories?post=22293"},{"taxonomy":"post_tag","embeddable":true,"href":"https:\/\/www.pharmathek.com\/fr\/wp-json\/wp\/v2\/tags?post=22293"}],"curies":[{"name":"wp","href":"https:\/\/api.w.org\/{rel}","templated":true}]}}